{"id":10066,"date":"2019-11-14T11:11:36","date_gmt":"2019-11-14T10:11:36","guid":{"rendered":"https:\/\/www.stelvision.com\/astro\/?page_id=10066"},"modified":"2023-07-25T16:03:16","modified_gmt":"2023-07-25T14:03:16","slug":"la-lune-et-le-soleil","status":"publish","type":"page","link":"https:\/\/www.stelvision.com\/astro\/la-lune-et-le-soleil\/","title":{"rendered":"La Lune et le Soleil"},"content":{"rendered":"\n<p class=\"chapo\">Le Soleil inonde de sa lumi\u00e8re et de sa chaleur nos journ\u00e9es, la Lune est le lumignon po\u00e9tique \u00e9clairant nos nuits. D\u00e9couvrez ces deux astres familiers qui rec\u00e8lent aussi mille secrets !<\/p>\n\n\n<div class=\"wp-block-image\">\n<figure class=\"aligncenter\"><img decoding=\"async\" width=\"1024\" height=\"238\" src=\"https:\/\/www.stelvision.com\/astro\/wp-content\/uploads\/2019\/11\/bandeau_lune_soleil-1024x238.jpg\" alt=\"\" class=\"wp-image-10384\" srcset=\"https:\/\/www.stelvision.com\/astro\/wp-content\/uploads\/2019\/11\/bandeau_lune_soleil.jpg 1024w, https:\/\/www.stelvision.com\/astro\/wp-content\/uploads\/2019\/11\/bandeau_lune_soleil-300x70.jpg 300w, https:\/\/www.stelvision.com\/astro\/wp-content\/uploads\/2019\/11\/bandeau_lune_soleil-768x179.jpg 768w, https:\/\/www.stelvision.com\/astro\/wp-content\/uploads\/2019\/11\/bandeau_lune_soleil-750x174.jpg 750w, https:\/\/www.stelvision.com\/astro\/wp-content\/uploads\/2019\/11\/bandeau_lune_soleil-570x132.jpg 570w, https:\/\/www.stelvision.com\/astro\/wp-content\/uploads\/2019\/11\/bandeau_lune_soleil-368x86.jpg 368w, https:\/\/www.stelvision.com\/astro\/wp-content\/uploads\/2019\/11\/bandeau_lune_soleil-270x63.jpg 270w, https:\/\/www.stelvision.com\/astro\/wp-content\/uploads\/2019\/11\/bandeau_lune_soleil-1000x232.jpg 1000w\" sizes=\"(max-width: 1024px) 100vw, 1024px\" \/><\/figure>\n<\/div>\n\n\n<h2 class=\"wp-block-heading\">La Lune<\/h2>\n\n\n\n<p>Seul gros satellite naturel de la Terre, la Lune est sans doute l&rsquo;astre le plus accessible du ciel. Elle est \u00e0 la fois famili\u00e8re et myst\u00e9rieuse. Apprenez-en davantage \u00e0 son sujet gr\u00e2ce \u00e0 nos dossiers !<\/p>\n\n\n\r\n<!-- 3\/10\/19 : on tente un affichage en grille (1 ligne, 2 colonnes) pour \u00e9viter les inconv\u00e9nients du texte long qui passe sous l'image quand on se contente d'un float -->\r\n\r\n<section class=\"summary-wrapper mb20 boxFocus-solid\">\r\n\t<div class=\"summary-image\">\r\n\t\t<img decoding=\"async\" width=\"400\" height=\"400\" src=\"https:\/\/www.stelvision.com\/astro\/wp-content\/uploads\/2019\/11\/lune_contrastee_reduit_eric_brotons.jpg\" class=\"attachment-400x0 size-400x0\" alt=\"\" srcset=\"https:\/\/www.stelvision.com\/astro\/wp-content\/uploads\/2019\/11\/lune_contrastee_reduit_eric_brotons.jpg 600w, https:\/\/www.stelvision.com\/astro\/wp-content\/uploads\/2019\/11\/lune_contrastee_reduit_eric_brotons-150x150.jpg 150w, https:\/\/www.stelvision.com\/astro\/wp-content\/uploads\/2019\/11\/lune_contrastee_reduit_eric_brotons-300x300.jpg 300w, https:\/\/www.stelvision.com\/astro\/wp-content\/uploads\/2019\/11\/lune_contrastee_reduit_eric_brotons-570x570.jpg 570w, https:\/\/www.stelvision.com\/astro\/wp-content\/uploads\/2019\/11\/lune_contrastee_reduit_eric_brotons-368x368.jpg 368w, https:\/\/www.stelvision.com\/astro\/wp-content\/uploads\/2019\/11\/lune_contrastee_reduit_eric_brotons-270x270.jpg 270w, https:\/\/www.stelvision.com\/astro\/wp-content\/uploads\/2019\/11\/lune_contrastee_reduit_eric_brotons-62x62.jpg 62w, https:\/\/www.stelvision.com\/astro\/wp-content\/uploads\/2019\/11\/lune_contrastee_reduit_eric_brotons-100x100.jpg 100w\" sizes=\"(max-width: 400px) 100vw, 400px\" \/>\t<\/div>\r\n\t<div>\r\n\t\t<header>\r\n\t\t<h3>Observer la Lune<\/h3>\t\r\n\t\t<\/header>\r\n\t\t<p class=\"summary-paragraph\">\r\n\t\t\tParfaitement visible \u00e0 l&rsquo;\u0153il nu et magnifique aux instruments, la Lune est aussi int\u00e9ressante car son aspect et sa position dans le ciel \u00e9voluent en permanence.\t\t<\/p>\r\n\t\t<p class=\"summary-link\"><a href=\"https:\/\/www.stelvision.com\/astro\/observer-la-lune-en-toute-simplicite\/\"><i class=\"neko-icon-play\"><\/i>Pratique : Observer la Lune en toute simplicit\u00e9<\/a><\/p><p class=\"summary-link\"><a href=\"https:\/\/www.stelvision.com\/astro\/guide-observation\/?0&#038;type=moon&#038;instrument=binoculars\"><i class=\"neko-icon-play\"><\/i>Les fiches d&rsquo;observation de la Lune aux jumelles<\/a><\/p><p class=\"summary-link\"><a href=\"https:\/\/www.stelvision.com\/astro\/le-x-lunaire\/\"><i class=\"neko-icon-play\"><\/i>D\u00e9couverte : Le X lunaire<\/a><\/p><p class=\"summary-link\"><a href=\"https:\/\/www.stelvision.com\/astro\/boutique\/carte-de-la-lune\/\"><i class=\"neko-icon-play\"><\/i>Outil : La Carte de la Lune Stelvision<\/a><\/p><p class=\"summary-link\"><a href=\"https:\/\/www.stelvision.com\/astro\/eclipse-de-lune\/\"><i class=\"neko-icon-play\"><\/i>Comprendre et admirer les \u00e9clipses de Lune<\/a><\/p><p class=\"summary-link\"><a href=\"https:\/\/www.stelvision.com\/astro\/quest-ce-que-la-lumiere-cendree-de-la-lune\/\"><i class=\"neko-icon-play\"><\/i>Qu\u2019est ce que la lumi\u00e8re cendr\u00e9e de la Lune ?<\/a><\/p><p class=\"summary-link\"><a href=\"https:\/\/www.stelvision.com\/astro\/la-pleine-lune-notre-satellite-en-majeste\/\"><i class=\"neko-icon-play\"><\/i>La pleine lune : notre satellite en majest\u00e9<\/a><\/p>\t<\/div>\r\n<\/section>\r\n\n\n\r\n<!-- 3\/10\/19 : on tente un affichage en grille (1 ligne, 2 colonnes) pour \u00e9viter les inconv\u00e9nients du texte long qui passe sous l'image quand on se contente d'un float -->\r\n\r\n<section class=\"summary-wrapper mb20 boxFocus-solid\">\r\n\t<div class=\"summary-image\">\r\n\t\t<img decoding=\"async\" width=\"400\" height=\"400\" src=\"https:\/\/www.stelvision.com\/astro\/wp-content\/uploads\/2019\/11\/Armstrong_flag_credit_Nasa_carre.jpg\" class=\"attachment-400x0 size-400x0\" alt=\"\" srcset=\"https:\/\/www.stelvision.com\/astro\/wp-content\/uploads\/2019\/11\/Armstrong_flag_credit_Nasa_carre.jpg 541w, https:\/\/www.stelvision.com\/astro\/wp-content\/uploads\/2019\/11\/Armstrong_flag_credit_Nasa_carre-150x150.jpg 150w, https:\/\/www.stelvision.com\/astro\/wp-content\/uploads\/2019\/11\/Armstrong_flag_credit_Nasa_carre-300x300.jpg 300w, https:\/\/www.stelvision.com\/astro\/wp-content\/uploads\/2019\/11\/Armstrong_flag_credit_Nasa_carre-368x368.jpg 368w, https:\/\/www.stelvision.com\/astro\/wp-content\/uploads\/2019\/11\/Armstrong_flag_credit_Nasa_carre-270x270.jpg 270w, https:\/\/www.stelvision.com\/astro\/wp-content\/uploads\/2019\/11\/Armstrong_flag_credit_Nasa_carre-62x62.jpg 62w, https:\/\/www.stelvision.com\/astro\/wp-content\/uploads\/2019\/11\/Armstrong_flag_credit_Nasa_carre-100x100.jpg 100w\" sizes=\"(max-width: 400px) 100vw, 400px\" \/>\t<\/div>\r\n\t<div>\r\n\t\t<header>\r\n\t\t<h3>Lune : science &#038; exploration<\/h3>\t\r\n\t\t<\/header>\r\n\t\t<p class=\"summary-paragraph\">\r\n\t\t\tLa Lune est le seul astre du syst\u00e8me solaire o\u00f9 les hommes ont \u00e0 ce jour pos\u00e9 le pied. C&rsquo;est un terrain de d\u00e9couverte fantastique pour les scientifiques et une cible de choix pour les missions astronautiques.\t\t<\/p>\r\n\t\t<p class=\"summary-link\"><a href=\"https:\/\/www.stelvision.com\/astro\/la-lune-notre-satellite-naturel\/\"><i class=\"neko-icon-play\"><\/i>La Lune, notre satellite naturel<\/a><\/p><p class=\"summary-link\"><a href=\"https:\/\/www.stelvision.com\/astro\/la-chine-reussit-a-se-poser-sur-la-face-cachee-de-la-lune\/\"><i class=\"neko-icon-play\"><\/i>La Chine r\u00e9ussit \u00e0 se poser sur la face cach\u00e9e de la Lune<\/a><\/p><p class=\"summary-link\"><a href=\"https:\/\/www.stelvision.com\/astro\/les-50-ans-du-premier-homme-sur-la-lune\/\"><i class=\"neko-icon-play\"><\/i>Il y a 50 ans, l\u2019Homme marchait sur la Lune <\/a><\/p><p class=\"summary-link\"><a href=\"https:\/\/www.stelvision.com\/astro\/la-nasa-prete-a-redecoller-vers-la-lune\/\"><i class=\"neko-icon-play\"><\/i> La Nasa s\u2019appr\u00eate (enfin) \u00e0 red\u00e9coller vers la Lune <\/a><\/p>\t<\/div>\r\n<\/section>\r\n\n\n\n<h2 class=\"wp-block-heading\">Le Soleil<\/h2>\n\n\n\n<p>Le Soleil est l&rsquo;\u00e9toile au centre de notre Syst\u00e8me solaire, autour de laquelle tournent huit plan\u00e8tes et de nombreux corps plus petits. Fascinant \u00e0 observer, le Soleil est aussi un sujet de choix pour les scientifiques.<\/p>\n\n\n\r\n<!-- 3\/10\/19 : on tente un affichage en grille (1 ligne, 2 colonnes) pour \u00e9viter les inconv\u00e9nients du texte long qui passe sous l'image quand on se contente d'un float -->\r\n\r\n<section class=\"summary-wrapper mb20 boxFocus-solid\">\r\n\t<div class=\"summary-image\">\r\n\t\t<img decoding=\"async\" width=\"400\" height=\"400\" src=\"https:\/\/www.stelvision.com\/astro\/wp-content\/uploads\/2019\/11\/1125_le-soleil-460px.jpg\" class=\"attachment-400x0 size-400x0\" alt=\"Photo du Soleil avec taches solaires et protub\u00e9rances. Image Eric Brotons.\" srcset=\"https:\/\/www.stelvision.com\/astro\/wp-content\/uploads\/2019\/11\/1125_le-soleil-460px.jpg 459w, https:\/\/www.stelvision.com\/astro\/wp-content\/uploads\/2019\/11\/1125_le-soleil-460px-150x150.jpg 150w, https:\/\/www.stelvision.com\/astro\/wp-content\/uploads\/2019\/11\/1125_le-soleil-460px-300x300.jpg 300w, https:\/\/www.stelvision.com\/astro\/wp-content\/uploads\/2019\/11\/1125_le-soleil-460px-368x368.jpg 368w, https:\/\/www.stelvision.com\/astro\/wp-content\/uploads\/2019\/11\/1125_le-soleil-460px-270x270.jpg 270w, https:\/\/www.stelvision.com\/astro\/wp-content\/uploads\/2019\/11\/1125_le-soleil-460px-62x62.jpg 62w, https:\/\/www.stelvision.com\/astro\/wp-content\/uploads\/2019\/11\/1125_le-soleil-460px-100x100.jpg 100w\" sizes=\"(max-width: 400px) 100vw, 400px\" \/>\t<\/div>\r\n\t<div>\r\n\t\t<header>\r\n\t\t<h3>Observer le Soleil<\/h3>\t\r\n\t\t<\/header>\r\n\t\t<p class=\"summary-paragraph\">\r\n\t\t\tLe Soleil est l&rsquo;un des rares objets du ciel que l&rsquo;astronome regarde&#8230; en journ\u00e9e ! Son activit\u00e9 cyclique offre toujours de nouvelles opportunit\u00e9s d&rsquo;observation. Mais attention \u00e0 prendre toutes les pr\u00e9cautions pour le voir dans un instrument !\t\t<\/p>\r\n\t\t<p class=\"summary-link\"><a href=\"https:\/\/www.stelvision.com\/astro\/observer-le-soleil\/\"><i class=\"neko-icon-play\"><\/i>Observer le Soleil au t\u00e9lescope : comment faire ?<\/a><\/p><p class=\"summary-link\"><a href=\"https:\/\/www.stelvision.com\/astro\/eclipses-de-soleil\/\"><i class=\"neko-icon-play\"><\/i>Comprendre et admirer les \u00e9clipses de Soleil<\/a><\/p><p class=\"summary-link\"><a href=\"https:\/\/www.stelvision.com\/astro\/boutique-gamme\/filtres-solaires-baader-astrosolar\/\"><i class=\"neko-icon-play\"><\/i>Outils : Filtres solaires pour Stelescopes<\/a><\/p><p class=\"summary-link\"><a href=\"https:\/\/www.stelvision.com\/astro\/solstice-dete\/\"><i class=\"neko-icon-play\"><\/i>Comprendre : le solstice d&rsquo;\u00e9t\u00e9<\/a><\/p>\t<\/div>\r\n<\/section>\r\n\n\n\r\n<!-- 3\/10\/19 : on tente un affichage en grille (1 ligne, 2 colonnes) pour \u00e9viter les inconv\u00e9nients du texte long qui passe sous l'image quand on se contente d'un float -->\r\n\r\n<section class=\"summary-wrapper mb20 boxFocus-solid\">\r\n\t<div class=\"summary-image\">\r\n\t\t<img decoding=\"async\" width=\"400\" height=\"400\" src=\"https:\/\/www.stelvision.com\/astro\/wp-content\/uploads\/2019\/02\/sun_x-class_solar_flare_erupting_on_2014_blending_of_two_far-UV_wavelengths_credit_Nasa_SDO_Duberstein.jpg\" class=\"attachment-400x0 size-400x0\" alt=\"\u00c9ruptions solaires vues en UV lointain en d\u00e9cembre 2014 : on voit le Soleil en totalit\u00e9, en couleurs orange et violet, avec plusieurs \u00e9ruptions solaires de part et d&#039;autre de la sph\u00e8re en couleur jaune vif.\" srcset=\"https:\/\/www.stelvision.com\/astro\/wp-content\/uploads\/2019\/02\/sun_x-class_solar_flare_erupting_on_2014_blending_of_two_far-UV_wavelengths_credit_Nasa_SDO_Duberstein.jpg 580w, https:\/\/www.stelvision.com\/astro\/wp-content\/uploads\/2019\/02\/sun_x-class_solar_flare_erupting_on_2014_blending_of_two_far-UV_wavelengths_credit_Nasa_SDO_Duberstein-150x150.jpg 150w, https:\/\/www.stelvision.com\/astro\/wp-content\/uploads\/2019\/02\/sun_x-class_solar_flare_erupting_on_2014_blending_of_two_far-UV_wavelengths_credit_Nasa_SDO_Duberstein-300x300.jpg 300w, https:\/\/www.stelvision.com\/astro\/wp-content\/uploads\/2019\/02\/sun_x-class_solar_flare_erupting_on_2014_blending_of_two_far-UV_wavelengths_credit_Nasa_SDO_Duberstein-570x570.jpg 570w, https:\/\/www.stelvision.com\/astro\/wp-content\/uploads\/2019\/02\/sun_x-class_solar_flare_erupting_on_2014_blending_of_two_far-UV_wavelengths_credit_Nasa_SDO_Duberstein-368x368.jpg 368w, https:\/\/www.stelvision.com\/astro\/wp-content\/uploads\/2019\/02\/sun_x-class_solar_flare_erupting_on_2014_blending_of_two_far-UV_wavelengths_credit_Nasa_SDO_Duberstein-270x270.jpg 270w, https:\/\/www.stelvision.com\/astro\/wp-content\/uploads\/2019\/02\/sun_x-class_solar_flare_erupting_on_2014_blending_of_two_far-UV_wavelengths_credit_Nasa_SDO_Duberstein-62x62.jpg 62w, https:\/\/www.stelvision.com\/astro\/wp-content\/uploads\/2019\/02\/sun_x-class_solar_flare_erupting_on_2014_blending_of_two_far-UV_wavelengths_credit_Nasa_SDO_Duberstein-100x100.jpg 100w\" sizes=\"(max-width: 400px) 100vw, 400px\" \/>\t<\/div>\r\n\t<div>\r\n\t\t<header>\r\n\t\t<h3>Soleil : science &#038; exploration<\/h3>\t\r\n\t\t<\/header>\r\n\t\t<p class=\"summary-paragraph\">\r\n\t\t\tLe Soleil est l&rsquo;\u00e9toile la plus proche de nous : ce qui en fait le candidat id\u00e9al pour \u00e9tudier le fonctionnement de ces \u00e9normes g\u00e9n\u00e9rateurs de lumi\u00e8re et d&rsquo;\u00e9nergie !\t\t<\/p>\r\n\t\t<p class=\"summary-link\"><a href=\"https:\/\/www.stelvision.com\/astro\/le-soleil-notre-bonne-etoile\/\"><i class=\"neko-icon-play\"><\/i>Le Soleil, notre bonne \u00e9toile<\/a><\/p><p class=\"summary-link\"><a href=\"https:\/\/www.stelvision.com\/astro\/decollage-reussi-pour-solar-orbiter\/\"><i class=\"neko-icon-play\"><\/i>D\u00e9collage r\u00e9ussi pour Solar Orbiter<\/a><\/p>\t<\/div>\r\n<\/section>\r\n\n\n\n<p> <\/p>\n\n\n\n<hr class=\"wp-block-separator has-css-opacity\"\/>\n\n\n\n<p class=\"has-small-font-size\"><em>Auteurs des photos du bandeau : \u00c9ric Brotons &#8211; lfoastro &#8211; David Domin\u00e9 -David de Cuevas <\/em><\/p>\n","protected":false},"excerpt":{"rendered":"<p>Le Soleil inonde de sa lumi\u00e8re et de sa chaleur nos journ\u00e9es, la Lune est le lumignon po\u00e9tique \u00e9clairant nos nuits. D\u00e9couvrez ces deux astres <a href=\"https:\/\/www.stelvision.com\/astro\/la-lune-et-le-soleil\/\" class=\"more-link\">&#8230;<span class=\"screen-reader-text\">  La Lune et le Soleil<\/span><\/a><\/p>\n","protected":false},"author":5,"featured_media":0,"parent":0,"menu_order":0,"comment_status":"closed","ping_status":"closed","template":"","meta":{"_acf_changed":false,"footnotes":""},"class_list":["post-10066","page","type-page","status-publish","hentry"],"acf":[],"yoast_head":"<!-- This site is optimized with the Yoast SEO plugin v27.1.1 - https:\/\/yoast.com\/product\/yoast-seo-wordpress\/ -->\n<title>La Lune et le Soleil<\/title>\n<meta name=\"description\" content=\"Le Soleil inonde de sa lumi\u00e8re et de sa chaleur nos journ\u00e9es, la Lune est le lumignon po\u00e9tique \u00e9clairant nos nuits. D\u00e9couvrez ces deux astres familiers !\" \/>\n<meta name=\"robots\" content=\"index, follow, max-snippet:-1, max-image-preview:large, max-video-preview:-1\" \/>\n<link rel=\"canonical\" href=\"https:\/\/www.stelvision.com\/astro\/la-lune-et-le-soleil\/\" \/>\n<meta property=\"og:locale\" content=\"fr_FR\" \/>\n<meta property=\"og:type\" content=\"article\" \/>\n<meta property=\"og:title\" content=\"La Lune et le Soleil\" \/>\n<meta property=\"og:description\" content=\"Le Soleil inonde de sa lumi\u00e8re et de sa chaleur nos journ\u00e9es, la Lune est le lumignon po\u00e9tique \u00e9clairant nos nuits. D\u00e9couvrez ces deux astres familiers !\" \/>\n<meta property=\"og:url\" content=\"https:\/\/www.stelvision.com\/astro\/la-lune-et-le-soleil\/\" \/>\n<meta property=\"og:site_name\" content=\"Stelvision\" \/>\n<meta property=\"article:publisher\" content=\"https:\/\/www.facebook.com\/people\/Stelvision\/100063368192331\/\" \/>\n<meta property=\"article:modified_time\" content=\"2023-07-25T14:03:16+00:00\" \/>\n<meta property=\"og:image\" content=\"https:\/\/www.stelvision.com\/astro\/wp-content\/uploads\/2019\/11\/bandeau_lune_soleil-1024x238.jpg\" \/>\n<meta name=\"twitter:card\" content=\"summary_large_image\" \/>\n<meta name=\"twitter:label1\" content=\"Dur\u00e9e de lecture estim\u00e9e\" \/>\n\t<meta name=\"twitter:data1\" content=\"1 minute\" \/>\n<script type=\"application\/ld+json\" class=\"yoast-schema-graph\">{\"@context\":\"https:\/\/schema.org\",\"@graph\":[{\"@type\":\"WebPage\",\"@id\":\"https:\/\/www.stelvision.com\/astro\/la-lune-et-le-soleil\/\",\"url\":\"https:\/\/www.stelvision.com\/astro\/la-lune-et-le-soleil\/\",\"name\":\"La Lune et le Soleil\",\"isPartOf\":{\"@id\":\"https:\/\/www.stelvision.com\/astro\/#website\"},\"primaryImageOfPage\":{\"@id\":\"https:\/\/www.stelvision.com\/astro\/la-lune-et-le-soleil\/#primaryimage\"},\"image\":{\"@id\":\"https:\/\/www.stelvision.com\/astro\/la-lune-et-le-soleil\/#primaryimage\"},\"thumbnailUrl\":\"https:\/\/www.stelvision.com\/astro\/wp-content\/uploads\/2019\/11\/bandeau_lune_soleil-1024x238.jpg\",\"datePublished\":\"2019-11-14T10:11:36+00:00\",\"dateModified\":\"2023-07-25T14:03:16+00:00\",\"description\":\"Le Soleil inonde de sa lumi\u00e8re et de sa chaleur nos journ\u00e9es, la Lune est le lumignon po\u00e9tique \u00e9clairant nos nuits. D\u00e9couvrez ces deux astres familiers !\",\"breadcrumb\":{\"@id\":\"https:\/\/www.stelvision.com\/astro\/la-lune-et-le-soleil\/#breadcrumb\"},\"inLanguage\":\"fr-FR\",\"potentialAction\":[{\"@type\":\"ReadAction\",\"target\":[\"https:\/\/www.stelvision.com\/astro\/la-lune-et-le-soleil\/\"]}]},{\"@type\":\"ImageObject\",\"inLanguage\":\"fr-FR\",\"@id\":\"https:\/\/www.stelvision.com\/astro\/la-lune-et-le-soleil\/#primaryimage\",\"url\":\"https:\/\/www.stelvision.com\/astro\/wp-content\/uploads\/2019\/11\/bandeau_lune_soleil.jpg\",\"contentUrl\":\"https:\/\/www.stelvision.com\/astro\/wp-content\/uploads\/2019\/11\/bandeau_lune_soleil.jpg\",\"width\":1024,\"height\":238},{\"@type\":\"BreadcrumbList\",\"@id\":\"https:\/\/www.stelvision.com\/astro\/la-lune-et-le-soleil\/#breadcrumb\",\"itemListElement\":[{\"@type\":\"ListItem\",\"position\":1,\"name\":\"Accueil\",\"item\":\"https:\/\/www.stelvision.com\/astro\/\"},{\"@type\":\"ListItem\",\"position\":2,\"name\":\"La Lune et le Soleil\"}]},{\"@type\":\"WebSite\",\"@id\":\"https:\/\/www.stelvision.com\/astro\/#website\",\"url\":\"https:\/\/www.stelvision.com\/astro\/\",\"name\":\"Stelvision\",\"description\":\"conseils, livres et mat\u00e9riel d&#039;observation du ciel\",\"publisher\":{\"@id\":\"https:\/\/www.stelvision.com\/astro\/#organization\"},\"potentialAction\":[{\"@type\":\"SearchAction\",\"target\":{\"@type\":\"EntryPoint\",\"urlTemplate\":\"https:\/\/www.stelvision.com\/astro\/?s={search_term_string}\"},\"query-input\":{\"@type\":\"PropertyValueSpecification\",\"valueRequired\":true,\"valueName\":\"search_term_string\"}}],\"inLanguage\":\"fr-FR\"},{\"@type\":\"Organization\",\"@id\":\"https:\/\/www.stelvision.com\/astro\/#organization\",\"name\":\"Stelvision\",\"url\":\"https:\/\/www.stelvision.com\/astro\/\",\"logo\":{\"@type\":\"ImageObject\",\"inLanguage\":\"fr-FR\",\"@id\":\"https:\/\/www.stelvision.com\/astro\/#\/schema\/logo\/image\/\",\"url\":\"https:\/\/www.stelvision.com\/astro\/wp-content\/uploads\/2019\/03\/logo_lisse_bleu_Stelvision_600.png\",\"contentUrl\":\"https:\/\/www.stelvision.com\/astro\/wp-content\/uploads\/2019\/03\/logo_lisse_bleu_Stelvision_600.png\",\"width\":600,\"height\":277,\"caption\":\"Stelvision\"},\"image\":{\"@id\":\"https:\/\/www.stelvision.com\/astro\/#\/schema\/logo\/image\/\"},\"sameAs\":[\"https:\/\/www.facebook.com\/people\/Stelvision\/100063368192331\/\"]}]}<\/script>\n<!-- \/ Yoast SEO plugin. -->","yoast_head_json":{"title":"La Lune et le Soleil","description":"Le Soleil inonde de sa lumi\u00e8re et de sa chaleur nos journ\u00e9es, la Lune est le lumignon po\u00e9tique \u00e9clairant nos nuits. D\u00e9couvrez ces deux astres familiers !","robots":{"index":"index","follow":"follow","max-snippet":"max-snippet:-1","max-image-preview":"max-image-preview:large","max-video-preview":"max-video-preview:-1"},"canonical":"https:\/\/www.stelvision.com\/astro\/la-lune-et-le-soleil\/","og_locale":"fr_FR","og_type":"article","og_title":"La Lune et le Soleil","og_description":"Le Soleil inonde de sa lumi\u00e8re et de sa chaleur nos journ\u00e9es, la Lune est le lumignon po\u00e9tique \u00e9clairant nos nuits. D\u00e9couvrez ces deux astres familiers !","og_url":"https:\/\/www.stelvision.com\/astro\/la-lune-et-le-soleil\/","og_site_name":"Stelvision","article_publisher":"https:\/\/www.facebook.com\/people\/Stelvision\/100063368192331\/","article_modified_time":"2023-07-25T14:03:16+00:00","og_image":[{"url":"https:\/\/www.stelvision.com\/astro\/wp-content\/uploads\/2019\/11\/bandeau_lune_soleil-1024x238.jpg","type":"","width":"","height":""}],"twitter_card":"summary_large_image","twitter_misc":{"Dur\u00e9e de lecture estim\u00e9e":"1 minute"},"schema":{"@context":"https:\/\/schema.org","@graph":[{"@type":"WebPage","@id":"https:\/\/www.stelvision.com\/astro\/la-lune-et-le-soleil\/","url":"https:\/\/www.stelvision.com\/astro\/la-lune-et-le-soleil\/","name":"La Lune et le Soleil","isPartOf":{"@id":"https:\/\/www.stelvision.com\/astro\/#website"},"primaryImageOfPage":{"@id":"https:\/\/www.stelvision.com\/astro\/la-lune-et-le-soleil\/#primaryimage"},"image":{"@id":"https:\/\/www.stelvision.com\/astro\/la-lune-et-le-soleil\/#primaryimage"},"thumbnailUrl":"https:\/\/www.stelvision.com\/astro\/wp-content\/uploads\/2019\/11\/bandeau_lune_soleil-1024x238.jpg","datePublished":"2019-11-14T10:11:36+00:00","dateModified":"2023-07-25T14:03:16+00:00","description":"Le Soleil inonde de sa lumi\u00e8re et de sa chaleur nos journ\u00e9es, la Lune est le lumignon po\u00e9tique \u00e9clairant nos nuits. D\u00e9couvrez ces deux astres familiers !","breadcrumb":{"@id":"https:\/\/www.stelvision.com\/astro\/la-lune-et-le-soleil\/#breadcrumb"},"inLanguage":"fr-FR","potentialAction":[{"@type":"ReadAction","target":["https:\/\/www.stelvision.com\/astro\/la-lune-et-le-soleil\/"]}]},{"@type":"ImageObject","inLanguage":"fr-FR","@id":"https:\/\/www.stelvision.com\/astro\/la-lune-et-le-soleil\/#primaryimage","url":"https:\/\/www.stelvision.com\/astro\/wp-content\/uploads\/2019\/11\/bandeau_lune_soleil.jpg","contentUrl":"https:\/\/www.stelvision.com\/astro\/wp-content\/uploads\/2019\/11\/bandeau_lune_soleil.jpg","width":1024,"height":238},{"@type":"BreadcrumbList","@id":"https:\/\/www.stelvision.com\/astro\/la-lune-et-le-soleil\/#breadcrumb","itemListElement":[{"@type":"ListItem","position":1,"name":"Accueil","item":"https:\/\/www.stelvision.com\/astro\/"},{"@type":"ListItem","position":2,"name":"La Lune et le Soleil"}]},{"@type":"WebSite","@id":"https:\/\/www.stelvision.com\/astro\/#website","url":"https:\/\/www.stelvision.com\/astro\/","name":"Stelvision","description":"conseils, livres et mat\u00e9riel d&#039;observation du ciel","publisher":{"@id":"https:\/\/www.stelvision.com\/astro\/#organization"},"potentialAction":[{"@type":"SearchAction","target":{"@type":"EntryPoint","urlTemplate":"https:\/\/www.stelvision.com\/astro\/?s={search_term_string}"},"query-input":{"@type":"PropertyValueSpecification","valueRequired":true,"valueName":"search_term_string"}}],"inLanguage":"fr-FR"},{"@type":"Organization","@id":"https:\/\/www.stelvision.com\/astro\/#organization","name":"Stelvision","url":"https:\/\/www.stelvision.com\/astro\/","logo":{"@type":"ImageObject","inLanguage":"fr-FR","@id":"https:\/\/www.stelvision.com\/astro\/#\/schema\/logo\/image\/","url":"https:\/\/www.stelvision.com\/astro\/wp-content\/uploads\/2019\/03\/logo_lisse_bleu_Stelvision_600.png","contentUrl":"https:\/\/www.stelvision.com\/astro\/wp-content\/uploads\/2019\/03\/logo_lisse_bleu_Stelvision_600.png","width":600,"height":277,"caption":"Stelvision"},"image":{"@id":"https:\/\/www.stelvision.com\/astro\/#\/schema\/logo\/image\/"},"sameAs":["https:\/\/www.facebook.com\/people\/Stelvision\/100063368192331\/"]}]}},"_links":{"self":[{"href":"https:\/\/www.stelvision.com\/astro\/wp-json\/wp\/v2\/pages\/10066","targetHints":{"allow":["GET"]}}],"collection":[{"href":"https:\/\/www.stelvision.com\/astro\/wp-json\/wp\/v2\/pages"}],"about":[{"href":"https:\/\/www.stelvision.com\/astro\/wp-json\/wp\/v2\/types\/page"}],"author":[{"embeddable":true,"href":"https:\/\/www.stelvision.com\/astro\/wp-json\/wp\/v2\/users\/5"}],"replies":[{"embeddable":true,"href":"https:\/\/www.stelvision.com\/astro\/wp-json\/wp\/v2\/comments?post=10066"}],"version-history":[{"count":65,"href":"https:\/\/www.stelvision.com\/astro\/wp-json\/wp\/v2\/pages\/10066\/revisions"}],"predecessor-version":[{"id":55972,"href":"https:\/\/www.stelvision.com\/astro\/wp-json\/wp\/v2\/pages\/10066\/revisions\/55972"}],"wp:attachment":[{"href":"https:\/\/www.stelvision.com\/astro\/wp-json\/wp\/v2\/media?parent=10066"}],"curies":[{"name":"wp","href":"https:\/\/api.w.org\/{rel}","templated":true}]}}