{"id":10463,"date":"2019-11-20T09:57:27","date_gmt":"2019-11-20T08:57:27","guid":{"rendered":"https:\/\/www.stelvision.com\/astro\/?page_id=10463"},"modified":"2024-09-12T14:58:48","modified_gmt":"2024-09-12T12:58:48","slug":"dans-les-etoiles-et-au-dela","status":"publish","type":"page","link":"https:\/\/www.stelvision.com\/astro\/dans-les-etoiles-et-au-dela\/","title":{"rendered":"Dans les \u00e9toiles et au-del\u00e0"},"content":{"rendered":"\n<p class=\"chapo\">Au-del\u00e0 du Syst\u00e8me solaire commence le reste de l&rsquo;Univers, avec tous les objets qui le composent. Partez \u00e0 leur d\u00e9couverte !<\/p>\n\n\n<div class=\"wp-block-image\">\n<figure class=\"aligncenter\"><img decoding=\"async\" width=\"1024\" height=\"238\" src=\"https:\/\/www.stelvision.com\/astro\/wp-content\/uploads\/2019\/11\/bandeau_exotique3-1024x238.jpg\" alt=\"\" class=\"wp-image-10625\" srcset=\"https:\/\/www.stelvision.com\/astro\/wp-content\/uploads\/2019\/11\/bandeau_exotique3.jpg 1024w, https:\/\/www.stelvision.com\/astro\/wp-content\/uploads\/2019\/11\/bandeau_exotique3-300x70.jpg 300w, https:\/\/www.stelvision.com\/astro\/wp-content\/uploads\/2019\/11\/bandeau_exotique3-768x179.jpg 768w, https:\/\/www.stelvision.com\/astro\/wp-content\/uploads\/2019\/11\/bandeau_exotique3-750x174.jpg 750w, https:\/\/www.stelvision.com\/astro\/wp-content\/uploads\/2019\/11\/bandeau_exotique3-570x132.jpg 570w, https:\/\/www.stelvision.com\/astro\/wp-content\/uploads\/2019\/11\/bandeau_exotique3-368x86.jpg 368w, https:\/\/www.stelvision.com\/astro\/wp-content\/uploads\/2019\/11\/bandeau_exotique3-270x63.jpg 270w, https:\/\/www.stelvision.com\/astro\/wp-content\/uploads\/2019\/11\/bandeau_exotique3-1000x232.jpg 1000w\" sizes=\"(max-width: 1024px) 100vw, 1024px\" \/><\/figure>\n<\/div>\n\n\n<h2 class=\"wp-block-heading\">O\u00f9 sommes-nous dans l&rsquo;Univers ?<\/h2>\n\n\n\n<p>L&rsquo;Univers est si grand qu&rsquo;il est difficile d&rsquo;en \u00e9valuer la taille et o\u00f9 nous nous situons \u00e0 l&rsquo;int\u00e9rieur. En guise d&rsquo;introduction, <a href=\"https:\/\/www.stelvision.com\/astro\/ou-sommes-nous-dans-lunivers\/\">voici un voyage express jusqu&rsquo;\u00e0 la limite de nos connaissances<\/a>.<\/p>\n\n\n\n<h2 class=\"wp-block-heading\">Nos dossiers pour comprendre et observer l&rsquo;Univers lointain<\/h2>\n\n\n\r\n<!-- 3\/10\/19 : on tente un affichage en grille (1 ligne, 2 colonnes) pour \u00e9viter les inconv\u00e9nients du texte long qui passe sous l'image quand on se contente d'un float -->\r\n\r\n<section class=\"summary-wrapper mb20 boxFocus-solid\">\r\n\t<div class=\"summary-image\">\r\n\t\t<img decoding=\"async\" width=\"400\" height=\"400\" src=\"https:\/\/www.stelvision.com\/astro\/wp-content\/uploads\/2019\/11\/circumpolaire_carre.jpg\" class=\"attachment-400x0 size-400x0\" alt=\"\" srcset=\"https:\/\/www.stelvision.com\/astro\/wp-content\/uploads\/2019\/11\/circumpolaire_carre.jpg 417w, https:\/\/www.stelvision.com\/astro\/wp-content\/uploads\/2019\/11\/circumpolaire_carre-150x150.jpg 150w, https:\/\/www.stelvision.com\/astro\/wp-content\/uploads\/2019\/11\/circumpolaire_carre-300x300.jpg 300w, https:\/\/www.stelvision.com\/astro\/wp-content\/uploads\/2019\/11\/circumpolaire_carre-368x368.jpg 368w, https:\/\/www.stelvision.com\/astro\/wp-content\/uploads\/2019\/11\/circumpolaire_carre-270x270.jpg 270w, https:\/\/www.stelvision.com\/astro\/wp-content\/uploads\/2019\/11\/circumpolaire_carre-62x62.jpg 62w, https:\/\/www.stelvision.com\/astro\/wp-content\/uploads\/2019\/11\/circumpolaire_carre-100x100.jpg 100w\" sizes=\"(max-width: 400px) 100vw, 400px\" \/>\t<\/div>\r\n\t<div>\r\n\t\t<header>\r\n\t\t<h2>Les \u00e9toiles<\/h2>\t\r\n\t\t<\/header>\r\n\t\t<p class=\"summary-paragraph\">\r\n\t\t\tLes \u00e9toiles sont si nombreuses dans l&rsquo;Univers qu&rsquo;il est bien difficile de les d\u00e9nombrer. Les plus proches ponctuent notre le ciel nocturne et nous font r\u00eaver, alors que les plus \u00e9loign\u00e9es ne sont pas visibles individuellement&#8230; \t\t<\/p>\r\n\t\t<p class=\"summary-link\"><a href=\"https:\/\/www.stelvision.com\/astro\/etoile-polaire\/\"><i class=\"neko-icon-play\"><\/i>Pratique : Rep\u00e9rer et comprendre l&rsquo;\u00e9toile Polaire<\/a><\/p><p class=\"summary-link\"><a href=\"https:\/\/www.stelvision.com\/astro\/qu-est-ce-qu-une-constellation\/\"><i class=\"neko-icon-play\"><\/i>Pratique : Qu\u2019est-ce qu\u2019une constellation ?<\/a><\/p><p class=\"summary-link\"><a href=\"https:\/\/www.stelvision.com\/astro\/quand-la-voie-lactee-enchante-nos-nuits\/\"><i class=\"neko-icon-play\"><\/i>Pratique : Quand la Voie lact\u00e9e enchante nos nuits<\/a><\/p><p class=\"summary-link\"><a href=\"https:\/\/www.stelvision.com\/astro\/les-etoiles-naissance-vie-et-mort\/\"><i class=\"neko-icon-play\"><\/i>Science : Les \u00e9toiles, naissance, vie et mort<\/a><\/p><p class=\"summary-link\"><a href=\"https:\/\/www.stelvision.com\/astro\/quest-ce-quune-galaxie\/\"><i class=\"neko-icon-play\"><\/i>Science : Qu\u2019est-ce qu\u2019une galaxie ?<\/a><\/p><p class=\"summary-link\"><a href=\"https:\/\/www.stelvision.com\/astro\/sommes-nous-vraiment-des-poussieres-d-etoiles\/\"><i class=\"neko-icon-play\"><\/i>Science : Sommes-nous vraiment des poussi\u00e8res d\u2019\u00e9toiles ?<\/a><\/p>\t<\/div>\r\n<\/section>\r\n\n\n\r\n<!-- 3\/10\/19 : on tente un affichage en grille (1 ligne, 2 colonnes) pour \u00e9viter les inconv\u00e9nients du texte long qui passe sous l'image quand on se contente d'un float -->\r\n\r\n<section class=\"summary-wrapper mb20 boxFocus-solid\">\r\n\t<div class=\"summary-image\">\r\n\t\t<img decoding=\"async\" width=\"400\" height=\"400\" src=\"https:\/\/www.stelvision.com\/astro\/wp-content\/uploads\/2019\/11\/1356_soul-neb-kizilian_carre.jpg\" class=\"attachment-400x0 size-400x0\" alt=\"\" srcset=\"https:\/\/www.stelvision.com\/astro\/wp-content\/uploads\/2019\/11\/1356_soul-neb-kizilian_carre.jpg 450w, https:\/\/www.stelvision.com\/astro\/wp-content\/uploads\/2019\/11\/1356_soul-neb-kizilian_carre-150x150.jpg 150w, https:\/\/www.stelvision.com\/astro\/wp-content\/uploads\/2019\/11\/1356_soul-neb-kizilian_carre-300x300.jpg 300w, https:\/\/www.stelvision.com\/astro\/wp-content\/uploads\/2019\/11\/1356_soul-neb-kizilian_carre-368x368.jpg 368w, https:\/\/www.stelvision.com\/astro\/wp-content\/uploads\/2019\/11\/1356_soul-neb-kizilian_carre-270x270.jpg 270w, https:\/\/www.stelvision.com\/astro\/wp-content\/uploads\/2019\/11\/1356_soul-neb-kizilian_carre-62x62.jpg 62w, https:\/\/www.stelvision.com\/astro\/wp-content\/uploads\/2019\/11\/1356_soul-neb-kizilian_carre-100x100.jpg 100w\" sizes=\"(max-width: 400px) 100vw, 400px\" \/>\t<\/div>\r\n\t<div>\r\n\t\t<header>\r\n\t\t<h2>Le ciel profond<\/h2><p class=\"summary-subtitle\">N\u00e9buleuses, galaxies, amas d&rsquo;\u00e9toiles&#8230;<\/p>\t\r\n\t\t<\/header>\r\n\t\t<p class=\"summary-paragraph\">\r\n\t\t\tIls font la joie de l&rsquo;observateur sous un ciel bien noir : les objets du ciel profond sont souvent situ\u00e9s en dehors de notre Galaxie. Les regarder, c&rsquo;est voir ce qu&rsquo;il se passe \u00e0 des millions d&rsquo;ann\u00e9es-lumi\u00e8re !\t\t<\/p>\r\n\t\t<p class=\"summary-link\"><a href=\"https:\/\/www.stelvision.com\/astro\/guide-observation-telescope\/\"><i class=\"neko-icon-play\"><\/i>Pratique : Notre guide d&rsquo;observation du ciel profond au t\u00e9lescope<\/a><\/p><p class=\"summary-link\"><a href=\"https:\/\/www.stelvision.com\/astro\/guide-observation-jumelles\/\"><i class=\"neko-icon-play\"><\/i>Pratique : Notre guide d&rsquo;observation du ciel profond aux jumelles<\/a><\/p>\t<\/div>\r\n<\/section>\r\n\n\n\r\n<!-- 3\/10\/19 : on tente un affichage en grille (1 ligne, 2 colonnes) pour \u00e9viter les inconv\u00e9nients du texte long qui passe sous l'image quand on se contente d'un float -->\r\n\r\n<section class=\"summary-wrapper mb20 boxFocus-solid\">\r\n\t<div class=\"summary-image\">\r\n\t\t<img decoding=\"async\" width=\"400\" height=\"400\" src=\"https:\/\/www.stelvision.com\/astro\/wp-content\/uploads\/2019\/11\/black_hole_carre_credit_-Alain_Riazuelo.jpg\" class=\"attachment-400x0 size-400x0\" alt=\"\" srcset=\"https:\/\/www.stelvision.com\/astro\/wp-content\/uploads\/2019\/11\/black_hole_carre_credit_-Alain_Riazuelo.jpg 500w, https:\/\/www.stelvision.com\/astro\/wp-content\/uploads\/2019\/11\/black_hole_carre_credit_-Alain_Riazuelo-150x150.jpg 150w, https:\/\/www.stelvision.com\/astro\/wp-content\/uploads\/2019\/11\/black_hole_carre_credit_-Alain_Riazuelo-300x300.jpg 300w, https:\/\/www.stelvision.com\/astro\/wp-content\/uploads\/2019\/11\/black_hole_carre_credit_-Alain_Riazuelo-368x368.jpg 368w, https:\/\/www.stelvision.com\/astro\/wp-content\/uploads\/2019\/11\/black_hole_carre_credit_-Alain_Riazuelo-270x270.jpg 270w, https:\/\/www.stelvision.com\/astro\/wp-content\/uploads\/2019\/11\/black_hole_carre_credit_-Alain_Riazuelo-62x62.jpg 62w, https:\/\/www.stelvision.com\/astro\/wp-content\/uploads\/2019\/11\/black_hole_carre_credit_-Alain_Riazuelo-100x100.jpg 100w\" sizes=\"(max-width: 400px) 100vw, 400px\" \/>\t<\/div>\r\n\t<div>\r\n\t\t<header>\r\n\t\t<h2>Les astres et ph\u00e9nom\u00e8nes exotiques<\/h2><p class=\"summary-subtitle\">Trous noirs, trous blancs, quasars, pulsars, radiogalaxies, ondes gravitationnelles&#8230;<\/p>\t\r\n\t\t<\/header>\r\n\t\t<p class=\"summary-paragraph\">\r\n\t\t\tL&rsquo;Univers est peupl\u00e9 d&rsquo;astres tous plus \u00e9nigmatiques les uns que les autres. Petit panorama de ceux que nous connaissons&#8230;\t\t<\/p>\r\n\t\t<p class=\"summary-link\"><a href=\"https:\/\/www.stelvision.com\/astro\/trous-noirs-et-astres-exotiques\/\"><i class=\"neko-icon-play\"><\/i>Science : Trous noirs et autres astres exotiques <\/a><\/p><p class=\"summary-link\"><a href=\"https:\/\/www.stelvision.com\/astro\/ondes-gravitationnelles\/\"><i class=\"neko-icon-play\"><\/i>Science : Qu\u2019est-ce qu\u2019une onde gravitationnelle ? <\/a><\/p><p class=\"summary-link\"><a href=\"https:\/\/www.stelvision.com\/astro\/percer-les-secrets-de-la-matiere-et-de-lenergie-noires\/\"><i class=\"neko-icon-play\"><\/i>Science : Les secrets de la mati\u00e8re et de l&rsquo;\u00e9nergie noires<\/a><\/p>\t<\/div>\r\n<\/section>\r\n\n\n\r\n<!-- 3\/10\/19 : on tente un affichage en grille (1 ligne, 2 colonnes) pour \u00e9viter les inconv\u00e9nients du texte long qui passe sous l'image quand on se contente d'un float -->\r\n\r\n<section class=\"summary-wrapper mb20 boxFocus-solid\">\r\n\t<div class=\"summary-image\">\r\n\t\t<img decoding=\"async\" width=\"400\" height=\"400\" src=\"https:\/\/www.stelvision.com\/astro\/wp-content\/uploads\/2019\/11\/Vue_artiste_planetes_pulsar_Liche_carre_credit_Nasa_JPL-Caltech_R_Hurt_SSC.jpg\" class=\"attachment-400x0 size-400x0\" alt=\"\" srcset=\"https:\/\/www.stelvision.com\/astro\/wp-content\/uploads\/2019\/11\/Vue_artiste_planetes_pulsar_Liche_carre_credit_Nasa_JPL-Caltech_R_Hurt_SSC.jpg 402w, https:\/\/www.stelvision.com\/astro\/wp-content\/uploads\/2019\/11\/Vue_artiste_planetes_pulsar_Liche_carre_credit_Nasa_JPL-Caltech_R_Hurt_SSC-150x150.jpg 150w, https:\/\/www.stelvision.com\/astro\/wp-content\/uploads\/2019\/11\/Vue_artiste_planetes_pulsar_Liche_carre_credit_Nasa_JPL-Caltech_R_Hurt_SSC-300x300.jpg 300w, https:\/\/www.stelvision.com\/astro\/wp-content\/uploads\/2019\/11\/Vue_artiste_planetes_pulsar_Liche_carre_credit_Nasa_JPL-Caltech_R_Hurt_SSC-368x368.jpg 368w, https:\/\/www.stelvision.com\/astro\/wp-content\/uploads\/2019\/11\/Vue_artiste_planetes_pulsar_Liche_carre_credit_Nasa_JPL-Caltech_R_Hurt_SSC-270x270.jpg 270w, https:\/\/www.stelvision.com\/astro\/wp-content\/uploads\/2019\/11\/Vue_artiste_planetes_pulsar_Liche_carre_credit_Nasa_JPL-Caltech_R_Hurt_SSC-62x62.jpg 62w, https:\/\/www.stelvision.com\/astro\/wp-content\/uploads\/2019\/11\/Vue_artiste_planetes_pulsar_Liche_carre_credit_Nasa_JPL-Caltech_R_Hurt_SSC-100x100.jpg 100w\" sizes=\"(max-width: 400px) 100vw, 400px\" \/>\t<\/div>\r\n\t<div>\r\n\t\t<header>\r\n\t\t<h2>Les exoplan\u00e8tes<\/h2>\t\r\n\t\t<\/header>\r\n\t\t<p class=\"summary-paragraph\">\r\n\t\t\tElles tournent autour d&rsquo;\u00e9toiles plus ou moins lointaines et sont parmi les astres qui stimulent le plus notre imaginaire : apr\u00e8s n&rsquo;avoir \u00e9t\u00e9 qu&rsquo;une hypoth\u00e8se, les exoplan\u00e8tes se d\u00e9voilent peu \u00e0 peu.\t\t<\/p>\r\n\t\t<p class=\"summary-link\"><a href=\"https:\/\/www.stelvision.com\/astro\/exoplanetes-de-nouveaux-mondes-a-decouvrir\/\"><i class=\"neko-icon-play\"><\/i>Science : Exoplan\u00e8tes, de nouveaux mondes \u00e0 d\u00e9couvrir<\/a><\/p>\t<\/div>\r\n<\/section>\r\n\n\n\n<p><\/p>\n\n\n\n<hr class=\"wp-block-separator has-css-opacity\"\/>\n\n\n\n<p class=\"has-small-font-size\"><em>Auteurs &amp; cr\u00e9dits des photos du bandeau : Didier Auberget &#8211; Georges Chassaigne &#8211; Nasa\/JPL\/Caltech &#8211; R. Hurt\/Caltech<\/em><\/p>\n","protected":false},"excerpt":{"rendered":"<p>Au-del\u00e0 du Syst\u00e8me solaire commence le reste de l&rsquo;Univers, avec tous les objets qui le composent. Partez \u00e0 leur d\u00e9couverte ! O\u00f9 sommes-nous dans l&rsquo;Univers <a href=\"https:\/\/www.stelvision.com\/astro\/dans-les-etoiles-et-au-dela\/\" class=\"more-link\">&#8230;<span class=\"screen-reader-text\">  Dans les \u00e9toiles et au-del\u00e0<\/span><\/a><\/p>\n","protected":false},"author":5,"featured_media":0,"parent":0,"menu_order":0,"comment_status":"closed","ping_status":"closed","template":"","meta":{"_acf_changed":false,"footnotes":""},"class_list":["post-10463","page","type-page","status-publish","hentry"],"acf":[],"yoast_head":"<!-- This site is optimized with the Yoast SEO plugin v27.1.1 - https:\/\/yoast.com\/product\/yoast-seo-wordpress\/ -->\n<title>Dans les \u00e9toiles et au-del\u00e0<\/title>\n<meta name=\"description\" content=\"Au-del\u00e0 du Syst\u00e8me solaire commence le reste de l&#039;Univers, avec tous les objets qui le composent. Partez \u00e0 leur d\u00e9couverte !\" \/>\n<meta name=\"robots\" content=\"index, follow, max-snippet:-1, max-image-preview:large, max-video-preview:-1\" \/>\n<link rel=\"canonical\" href=\"https:\/\/www.stelvision.com\/astro\/dans-les-etoiles-et-au-dela\/\" \/>\n<meta property=\"og:locale\" content=\"fr_FR\" \/>\n<meta property=\"og:type\" content=\"article\" \/>\n<meta property=\"og:title\" content=\"Dans les \u00e9toiles et au-del\u00e0\" \/>\n<meta property=\"og:description\" content=\"Au-del\u00e0 du Syst\u00e8me solaire commence le reste de l&#039;Univers, avec tous les objets qui le composent. Partez \u00e0 leur d\u00e9couverte !\" \/>\n<meta property=\"og:url\" content=\"https:\/\/www.stelvision.com\/astro\/dans-les-etoiles-et-au-dela\/\" \/>\n<meta property=\"og:site_name\" content=\"Stelvision\" \/>\n<meta property=\"article:publisher\" content=\"https:\/\/www.facebook.com\/people\/Stelvision\/100063368192331\/\" \/>\n<meta property=\"article:modified_time\" content=\"2024-09-12T12:58:48+00:00\" \/>\n<meta property=\"og:image\" content=\"https:\/\/www.stelvision.com\/astro\/wp-content\/uploads\/2019\/11\/bandeau_exotique3-1024x238.jpg\" \/>\n<meta name=\"twitter:card\" content=\"summary_large_image\" \/>\n<meta name=\"twitter:label1\" content=\"Dur\u00e9e de lecture estim\u00e9e\" \/>\n\t<meta name=\"twitter:data1\" content=\"1 minute\" \/>\n<script type=\"application\/ld+json\" class=\"yoast-schema-graph\">{\"@context\":\"https:\/\/schema.org\",\"@graph\":[{\"@type\":\"WebPage\",\"@id\":\"https:\/\/www.stelvision.com\/astro\/dans-les-etoiles-et-au-dela\/\",\"url\":\"https:\/\/www.stelvision.com\/astro\/dans-les-etoiles-et-au-dela\/\",\"name\":\"Dans les \u00e9toiles et au-del\u00e0\",\"isPartOf\":{\"@id\":\"https:\/\/www.stelvision.com\/astro\/#website\"},\"primaryImageOfPage\":{\"@id\":\"https:\/\/www.stelvision.com\/astro\/dans-les-etoiles-et-au-dela\/#primaryimage\"},\"image\":{\"@id\":\"https:\/\/www.stelvision.com\/astro\/dans-les-etoiles-et-au-dela\/#primaryimage\"},\"thumbnailUrl\":\"https:\/\/www.stelvision.com\/astro\/wp-content\/uploads\/2019\/11\/bandeau_exotique3-1024x238.jpg\",\"datePublished\":\"2019-11-20T08:57:27+00:00\",\"dateModified\":\"2024-09-12T12:58:48+00:00\",\"description\":\"Au-del\u00e0 du Syst\u00e8me solaire commence le reste de l'Univers, avec tous les objets qui le composent. Partez \u00e0 leur d\u00e9couverte !\",\"breadcrumb\":{\"@id\":\"https:\/\/www.stelvision.com\/astro\/dans-les-etoiles-et-au-dela\/#breadcrumb\"},\"inLanguage\":\"fr-FR\",\"potentialAction\":[{\"@type\":\"ReadAction\",\"target\":[\"https:\/\/www.stelvision.com\/astro\/dans-les-etoiles-et-au-dela\/\"]}]},{\"@type\":\"ImageObject\",\"inLanguage\":\"fr-FR\",\"@id\":\"https:\/\/www.stelvision.com\/astro\/dans-les-etoiles-et-au-dela\/#primaryimage\",\"url\":\"https:\/\/www.stelvision.com\/astro\/wp-content\/uploads\/2019\/11\/bandeau_exotique3.jpg\",\"contentUrl\":\"https:\/\/www.stelvision.com\/astro\/wp-content\/uploads\/2019\/11\/bandeau_exotique3.jpg\",\"width\":1024,\"height\":238},{\"@type\":\"BreadcrumbList\",\"@id\":\"https:\/\/www.stelvision.com\/astro\/dans-les-etoiles-et-au-dela\/#breadcrumb\",\"itemListElement\":[{\"@type\":\"ListItem\",\"position\":1,\"name\":\"Accueil\",\"item\":\"https:\/\/www.stelvision.com\/astro\/\"},{\"@type\":\"ListItem\",\"position\":2,\"name\":\"Dans les \u00e9toiles et au-del\u00e0\"}]},{\"@type\":\"WebSite\",\"@id\":\"https:\/\/www.stelvision.com\/astro\/#website\",\"url\":\"https:\/\/www.stelvision.com\/astro\/\",\"name\":\"Stelvision\",\"description\":\"conseils, livres et mat\u00e9riel d&#039;observation du ciel\",\"publisher\":{\"@id\":\"https:\/\/www.stelvision.com\/astro\/#organization\"},\"potentialAction\":[{\"@type\":\"SearchAction\",\"target\":{\"@type\":\"EntryPoint\",\"urlTemplate\":\"https:\/\/www.stelvision.com\/astro\/?s={search_term_string}\"},\"query-input\":{\"@type\":\"PropertyValueSpecification\",\"valueRequired\":true,\"valueName\":\"search_term_string\"}}],\"inLanguage\":\"fr-FR\"},{\"@type\":\"Organization\",\"@id\":\"https:\/\/www.stelvision.com\/astro\/#organization\",\"name\":\"Stelvision\",\"url\":\"https:\/\/www.stelvision.com\/astro\/\",\"logo\":{\"@type\":\"ImageObject\",\"inLanguage\":\"fr-FR\",\"@id\":\"https:\/\/www.stelvision.com\/astro\/#\/schema\/logo\/image\/\",\"url\":\"https:\/\/www.stelvision.com\/astro\/wp-content\/uploads\/2019\/03\/logo_lisse_bleu_Stelvision_600.png\",\"contentUrl\":\"https:\/\/www.stelvision.com\/astro\/wp-content\/uploads\/2019\/03\/logo_lisse_bleu_Stelvision_600.png\",\"width\":600,\"height\":277,\"caption\":\"Stelvision\"},\"image\":{\"@id\":\"https:\/\/www.stelvision.com\/astro\/#\/schema\/logo\/image\/\"},\"sameAs\":[\"https:\/\/www.facebook.com\/people\/Stelvision\/100063368192331\/\"]}]}<\/script>\n<!-- \/ Yoast SEO plugin. -->","yoast_head_json":{"title":"Dans les \u00e9toiles et au-del\u00e0","description":"Au-del\u00e0 du Syst\u00e8me solaire commence le reste de l'Univers, avec tous les objets qui le composent. Partez \u00e0 leur d\u00e9couverte !","robots":{"index":"index","follow":"follow","max-snippet":"max-snippet:-1","max-image-preview":"max-image-preview:large","max-video-preview":"max-video-preview:-1"},"canonical":"https:\/\/www.stelvision.com\/astro\/dans-les-etoiles-et-au-dela\/","og_locale":"fr_FR","og_type":"article","og_title":"Dans les \u00e9toiles et au-del\u00e0","og_description":"Au-del\u00e0 du Syst\u00e8me solaire commence le reste de l'Univers, avec tous les objets qui le composent. Partez \u00e0 leur d\u00e9couverte !","og_url":"https:\/\/www.stelvision.com\/astro\/dans-les-etoiles-et-au-dela\/","og_site_name":"Stelvision","article_publisher":"https:\/\/www.facebook.com\/people\/Stelvision\/100063368192331\/","article_modified_time":"2024-09-12T12:58:48+00:00","og_image":[{"url":"https:\/\/www.stelvision.com\/astro\/wp-content\/uploads\/2019\/11\/bandeau_exotique3-1024x238.jpg","type":"","width":"","height":""}],"twitter_card":"summary_large_image","twitter_misc":{"Dur\u00e9e de lecture estim\u00e9e":"1 minute"},"schema":{"@context":"https:\/\/schema.org","@graph":[{"@type":"WebPage","@id":"https:\/\/www.stelvision.com\/astro\/dans-les-etoiles-et-au-dela\/","url":"https:\/\/www.stelvision.com\/astro\/dans-les-etoiles-et-au-dela\/","name":"Dans les \u00e9toiles et au-del\u00e0","isPartOf":{"@id":"https:\/\/www.stelvision.com\/astro\/#website"},"primaryImageOfPage":{"@id":"https:\/\/www.stelvision.com\/astro\/dans-les-etoiles-et-au-dela\/#primaryimage"},"image":{"@id":"https:\/\/www.stelvision.com\/astro\/dans-les-etoiles-et-au-dela\/#primaryimage"},"thumbnailUrl":"https:\/\/www.stelvision.com\/astro\/wp-content\/uploads\/2019\/11\/bandeau_exotique3-1024x238.jpg","datePublished":"2019-11-20T08:57:27+00:00","dateModified":"2024-09-12T12:58:48+00:00","description":"Au-del\u00e0 du Syst\u00e8me solaire commence le reste de l'Univers, avec tous les objets qui le composent. Partez \u00e0 leur d\u00e9couverte !","breadcrumb":{"@id":"https:\/\/www.stelvision.com\/astro\/dans-les-etoiles-et-au-dela\/#breadcrumb"},"inLanguage":"fr-FR","potentialAction":[{"@type":"ReadAction","target":["https:\/\/www.stelvision.com\/astro\/dans-les-etoiles-et-au-dela\/"]}]},{"@type":"ImageObject","inLanguage":"fr-FR","@id":"https:\/\/www.stelvision.com\/astro\/dans-les-etoiles-et-au-dela\/#primaryimage","url":"https:\/\/www.stelvision.com\/astro\/wp-content\/uploads\/2019\/11\/bandeau_exotique3.jpg","contentUrl":"https:\/\/www.stelvision.com\/astro\/wp-content\/uploads\/2019\/11\/bandeau_exotique3.jpg","width":1024,"height":238},{"@type":"BreadcrumbList","@id":"https:\/\/www.stelvision.com\/astro\/dans-les-etoiles-et-au-dela\/#breadcrumb","itemListElement":[{"@type":"ListItem","position":1,"name":"Accueil","item":"https:\/\/www.stelvision.com\/astro\/"},{"@type":"ListItem","position":2,"name":"Dans les \u00e9toiles et au-del\u00e0"}]},{"@type":"WebSite","@id":"https:\/\/www.stelvision.com\/astro\/#website","url":"https:\/\/www.stelvision.com\/astro\/","name":"Stelvision","description":"conseils, livres et mat\u00e9riel d&#039;observation du ciel","publisher":{"@id":"https:\/\/www.stelvision.com\/astro\/#organization"},"potentialAction":[{"@type":"SearchAction","target":{"@type":"EntryPoint","urlTemplate":"https:\/\/www.stelvision.com\/astro\/?s={search_term_string}"},"query-input":{"@type":"PropertyValueSpecification","valueRequired":true,"valueName":"search_term_string"}}],"inLanguage":"fr-FR"},{"@type":"Organization","@id":"https:\/\/www.stelvision.com\/astro\/#organization","name":"Stelvision","url":"https:\/\/www.stelvision.com\/astro\/","logo":{"@type":"ImageObject","inLanguage":"fr-FR","@id":"https:\/\/www.stelvision.com\/astro\/#\/schema\/logo\/image\/","url":"https:\/\/www.stelvision.com\/astro\/wp-content\/uploads\/2019\/03\/logo_lisse_bleu_Stelvision_600.png","contentUrl":"https:\/\/www.stelvision.com\/astro\/wp-content\/uploads\/2019\/03\/logo_lisse_bleu_Stelvision_600.png","width":600,"height":277,"caption":"Stelvision"},"image":{"@id":"https:\/\/www.stelvision.com\/astro\/#\/schema\/logo\/image\/"},"sameAs":["https:\/\/www.facebook.com\/people\/Stelvision\/100063368192331\/"]}]}},"_links":{"self":[{"href":"https:\/\/www.stelvision.com\/astro\/wp-json\/wp\/v2\/pages\/10463","targetHints":{"allow":["GET"]}}],"collection":[{"href":"https:\/\/www.stelvision.com\/astro\/wp-json\/wp\/v2\/pages"}],"about":[{"href":"https:\/\/www.stelvision.com\/astro\/wp-json\/wp\/v2\/types\/page"}],"author":[{"embeddable":true,"href":"https:\/\/www.stelvision.com\/astro\/wp-json\/wp\/v2\/users\/5"}],"replies":[{"embeddable":true,"href":"https:\/\/www.stelvision.com\/astro\/wp-json\/wp\/v2\/comments?post=10463"}],"version-history":[{"count":60,"href":"https:\/\/www.stelvision.com\/astro\/wp-json\/wp\/v2\/pages\/10463\/revisions"}],"predecessor-version":[{"id":64278,"href":"https:\/\/www.stelvision.com\/astro\/wp-json\/wp\/v2\/pages\/10463\/revisions\/64278"}],"wp:attachment":[{"href":"https:\/\/www.stelvision.com\/astro\/wp-json\/wp\/v2\/media?parent=10463"}],"curies":[{"name":"wp","href":"https:\/\/api.w.org\/{rel}","templated":true}]}}