{"id":10493,"date":"2019-11-20T11:15:59","date_gmt":"2019-11-20T10:15:59","guid":{"rendered":"https:\/\/www.stelvision.com\/astro\/?page_id=10493"},"modified":"2024-05-14T15:44:39","modified_gmt":"2024-05-14T13:44:39","slug":"phenomenes-celestes","status":"publish","type":"page","link":"https:\/\/www.stelvision.com\/astro\/phenomenes-celestes\/","title":{"rendered":"Les ph\u00e9nom\u00e8nes c\u00e9lestes \u00e0 observer"},"content":{"rendered":"\n<p class=\"chapo\">En plus des plan\u00e8tes, des \u00e9toiles et des objets du ciel profond, de nombreux autres ph\u00e9nom\u00e8nes viennent animer le ciel de nuit comme de jour : \u00e9toiles filantes, m\u00e9t\u00e9ores, \u00e9clipses, satellites artificiels\u2026<\/p>\n\n\n\r\n<!-- 3\/10\/19 : on tente un affichage en grille (1 ligne, 2 colonnes) pour \u00e9viter les inconv\u00e9nients du texte long qui passe sous l'image quand on se contente d'un float -->\r\n\r\n<section class=\"summary-wrapper mb20 boxFocus-solid\">\r\n\t<div class=\"summary-image\">\r\n\t\t<img decoding=\"async\" width=\"400\" height=\"400\" src=\"https:\/\/www.stelvision.com\/astro\/wp-content\/uploads\/2019\/11\/23238227924_a0ec58a3c2_c-SteedJoy-carre.jpg\" class=\"attachment-400x0 size-400x0\" alt=\"\" srcset=\"https:\/\/www.stelvision.com\/astro\/wp-content\/uploads\/2019\/11\/23238227924_a0ec58a3c2_c-SteedJoy-carre.jpg 570w, https:\/\/www.stelvision.com\/astro\/wp-content\/uploads\/2019\/11\/23238227924_a0ec58a3c2_c-SteedJoy-carre-150x150.jpg 150w, https:\/\/www.stelvision.com\/astro\/wp-content\/uploads\/2019\/11\/23238227924_a0ec58a3c2_c-SteedJoy-carre-300x300.jpg 300w, https:\/\/www.stelvision.com\/astro\/wp-content\/uploads\/2019\/11\/23238227924_a0ec58a3c2_c-SteedJoy-carre-368x368.jpg 368w, https:\/\/www.stelvision.com\/astro\/wp-content\/uploads\/2019\/11\/23238227924_a0ec58a3c2_c-SteedJoy-carre-270x270.jpg 270w, https:\/\/www.stelvision.com\/astro\/wp-content\/uploads\/2019\/11\/23238227924_a0ec58a3c2_c-SteedJoy-carre-62x62.jpg 62w, https:\/\/www.stelvision.com\/astro\/wp-content\/uploads\/2019\/11\/23238227924_a0ec58a3c2_c-SteedJoy-carre-100x100.jpg 100w\" sizes=\"(max-width: 400px) 100vw, 400px\" \/>\t<\/div>\r\n\t<div>\r\n\t\t<header>\r\n\t\t<h2>Les \u00e9toiles filantes<\/h2>\t\r\n\t\t<\/header>\r\n\t\t<p class=\"summary-paragraph\">\r\n\t\t\tElles nous \u00e9merveillent lorsqu&rsquo;elles se montrent&#8230; Parfois spectaculaires \u00e0 voir, les \u00e9toiles filantes sont visibles tout au long de l&rsquo;ann\u00e9e, mais \u00e0 certains moments mieux que d&rsquo;autres !\t\t<\/p>\r\n\t\t<p class=\"summary-link\"><a href=\"https:\/\/www.stelvision.com\/astro\/quest-ce-quune-etoile-filante\/\"><i class=\"neko-icon-play\"><\/i>Qu&rsquo;est-ce qu&rsquo;une \u00e9toile filante ?<\/a><\/p><p class=\"summary-link\"><a href=\"https:\/\/www.stelvision.com\/astro\/des-etoiles-filantes-toute-lannee\/\"><i class=\"neko-icon-play\"><\/i>Des \u00e9toiles filantes toute l&rsquo;ann\u00e9e<\/a><\/p><p class=\"summary-link\"><a href=\"https:\/\/www.stelvision.com\/astro\/les-etoiles-filantes-des-perseides\/\"><i class=\"neko-icon-play\"><\/i>Les \u00e9toiles filantes des Pers\u00e9ides en ao\u00fbt<\/a><\/p><p class=\"summary-link\"><a href=\"https:\/\/www.stelvision.com\/astro\/observez-les-etoiles-filantes-des-leonides\/\"><i class=\"neko-icon-play\"><\/i>Les \u00e9toiles filantes des L\u00e9onides en novembre<\/a><\/p><p class=\"summary-link\"><a href=\"https:\/\/www.stelvision.com\/astro\/observez-les-etoiles-filantes-des-geminides-en-decembre\/\"><i class=\"neko-icon-play\"><\/i>Les \u00e9toiles filantes des G\u00e9minides en d\u00e9cembre<\/a><\/p>\t<\/div>\r\n<\/section>\r\n\n\n\r\n<!-- 3\/10\/19 : on tente un affichage en grille (1 ligne, 2 colonnes) pour \u00e9viter les inconv\u00e9nients du texte long qui passe sous l'image quand on se contente d'un float -->\r\n\r\n<section class=\"summary-wrapper mb20 boxFocus-solid\">\r\n\t<div class=\"summary-image\">\r\n\t\t<img decoding=\"async\" width=\"400\" height=\"400\" src=\"https:\/\/www.stelvision.com\/astro\/wp-content\/uploads\/2019\/11\/grosse_meteorite_France_credit_Jacques_Demarthon_AFP_carre.jpg\" class=\"attachment-400x0 size-400x0\" alt=\"\" srcset=\"https:\/\/www.stelvision.com\/astro\/wp-content\/uploads\/2019\/11\/grosse_meteorite_France_credit_Jacques_Demarthon_AFP_carre.jpg 450w, https:\/\/www.stelvision.com\/astro\/wp-content\/uploads\/2019\/11\/grosse_meteorite_France_credit_Jacques_Demarthon_AFP_carre-150x150.jpg 150w, https:\/\/www.stelvision.com\/astro\/wp-content\/uploads\/2019\/11\/grosse_meteorite_France_credit_Jacques_Demarthon_AFP_carre-300x300.jpg 300w, https:\/\/www.stelvision.com\/astro\/wp-content\/uploads\/2019\/11\/grosse_meteorite_France_credit_Jacques_Demarthon_AFP_carre-368x368.jpg 368w, https:\/\/www.stelvision.com\/astro\/wp-content\/uploads\/2019\/11\/grosse_meteorite_France_credit_Jacques_Demarthon_AFP_carre-270x270.jpg 270w, https:\/\/www.stelvision.com\/astro\/wp-content\/uploads\/2019\/11\/grosse_meteorite_France_credit_Jacques_Demarthon_AFP_carre-62x62.jpg 62w, https:\/\/www.stelvision.com\/astro\/wp-content\/uploads\/2019\/11\/grosse_meteorite_France_credit_Jacques_Demarthon_AFP_carre-100x100.jpg 100w\" sizes=\"(max-width: 400px) 100vw, 400px\" \/>\t<\/div>\r\n\t<div>\r\n\t\t<header>\r\n\t\t<h2>Les m\u00e9t\u00e9orites<\/h2>\t\r\n\t\t<\/header>\r\n\t\t<p class=\"summary-paragraph\">\r\n\t\t\tImpr\u00e9vues et potentiellement dangereuses, les m\u00e9t\u00e9orites sont aussi d&rsquo;incroyables messag\u00e8res de l&rsquo;espace.\t\t<\/p>\r\n\t\t<p class=\"summary-link\"><a href=\"https:\/\/www.stelvision.com\/astro\/les-meteorites\/\"><i class=\"neko-icon-play\"><\/i>Science : Les m\u00e9t\u00e9orites<\/a><\/p>\t<\/div>\r\n<\/section>\r\n\n\n\r\n<!-- 3\/10\/19 : on tente un affichage en grille (1 ligne, 2 colonnes) pour \u00e9viter les inconv\u00e9nients du texte long qui passe sous l'image quand on se contente d'un float -->\r\n\r\n<section class=\"summary-wrapper mb20 boxFocus-solid\">\r\n\t<div class=\"summary-image\">\r\n\t\t<img decoding=\"async\" width=\"400\" height=\"400\" src=\"https:\/\/www.stelvision.com\/astro\/wp-content\/uploads\/2019\/11\/1222_Couronne-DebutTotalBis_carre.jpg\" class=\"attachment-400x0 size-400x0\" alt=\"\" srcset=\"https:\/\/www.stelvision.com\/astro\/wp-content\/uploads\/2019\/11\/1222_Couronne-DebutTotalBis_carre.jpg 664w, https:\/\/www.stelvision.com\/astro\/wp-content\/uploads\/2019\/11\/1222_Couronne-DebutTotalBis_carre-150x150.jpg 150w, https:\/\/www.stelvision.com\/astro\/wp-content\/uploads\/2019\/11\/1222_Couronne-DebutTotalBis_carre-300x300.jpg 300w, https:\/\/www.stelvision.com\/astro\/wp-content\/uploads\/2019\/11\/1222_Couronne-DebutTotalBis_carre-570x570.jpg 570w, https:\/\/www.stelvision.com\/astro\/wp-content\/uploads\/2019\/11\/1222_Couronne-DebutTotalBis_carre-368x368.jpg 368w, https:\/\/www.stelvision.com\/astro\/wp-content\/uploads\/2019\/11\/1222_Couronne-DebutTotalBis_carre-270x270.jpg 270w, https:\/\/www.stelvision.com\/astro\/wp-content\/uploads\/2019\/11\/1222_Couronne-DebutTotalBis_carre-62x62.jpg 62w, https:\/\/www.stelvision.com\/astro\/wp-content\/uploads\/2019\/11\/1222_Couronne-DebutTotalBis_carre-100x100.jpg 100w\" sizes=\"(max-width: 400px) 100vw, 400px\" \/>\t<\/div>\r\n\t<div>\r\n\t\t<header>\r\n\t\t<h2>Les \u00e9clipses<\/h2>\t\r\n\t\t<\/header>\r\n\t\t<p class=\"summary-paragraph\">\r\n\t\t\tQu&rsquo;elles soient de Lune ou de Soleil, les \u00e9clipses sont des ph\u00e9nom\u00e8nes spectaculaires et visibles de tous !\t\t<\/p>\r\n\t\t<p class=\"summary-link\"><a href=\"https:\/\/www.stelvision.com\/astro\/eclipse-totale-de-soleil-temoignage-dun-observateur\/\"><i class=\"neko-icon-play\"><\/i>\u00c9clipse totale de Soleil : t\u00e9moignage d&rsquo;un observateur<\/a><\/p><p class=\"summary-link\"><a href=\"https:\/\/www.stelvision.com\/astro\/eclipse-de-lune\/\"><i class=\"neko-icon-play\"><\/i>Comprendre et admirer les \u00e9clipses de Lune<\/a><\/p><p class=\"summary-link\"><a href=\"https:\/\/www.stelvision.com\/astro\/eclipses-de-soleil\/\"><i class=\"neko-icon-play\"><\/i>Comprendre et admirer les \u00e9clipses de Soleil<\/a><\/p>\t<\/div>\r\n<\/section>\r\n\n\n\r\n<!-- 3\/10\/19 : on tente un affichage en grille (1 ligne, 2 colonnes) pour \u00e9viter les inconv\u00e9nients du texte long qui passe sous l'image quand on se contente d'un float -->\r\n\r\n<section class=\"summary-wrapper mb20 boxFocus-solid\">\r\n\t<div class=\"summary-image\">\r\n\t\t<img decoding=\"async\" width=\"400\" height=\"400\" src=\"https:\/\/www.stelvision.com\/astro\/wp-content\/uploads\/2020\/04\/ISS_carre_credit_Nasa.jpg\" class=\"attachment-400x0 size-400x0\" alt=\"\" srcset=\"https:\/\/www.stelvision.com\/astro\/wp-content\/uploads\/2020\/04\/ISS_carre_credit_Nasa.jpg 450w, https:\/\/www.stelvision.com\/astro\/wp-content\/uploads\/2020\/04\/ISS_carre_credit_Nasa-300x300.jpg 300w, https:\/\/www.stelvision.com\/astro\/wp-content\/uploads\/2020\/04\/ISS_carre_credit_Nasa-150x150.jpg 150w, https:\/\/www.stelvision.com\/astro\/wp-content\/uploads\/2020\/04\/ISS_carre_credit_Nasa-368x368.jpg 368w, https:\/\/www.stelvision.com\/astro\/wp-content\/uploads\/2020\/04\/ISS_carre_credit_Nasa-270x270.jpg 270w, https:\/\/www.stelvision.com\/astro\/wp-content\/uploads\/2020\/04\/ISS_carre_credit_Nasa-62x62.jpg 62w, https:\/\/www.stelvision.com\/astro\/wp-content\/uploads\/2020\/04\/ISS_carre_credit_Nasa-100x100.jpg 100w\" sizes=\"(max-width: 400px) 100vw, 400px\" \/>\t<\/div>\r\n\t<div>\r\n\t\t<header>\r\n\t\t<h2>Les satellites artificiels<\/h2>\t\r\n\t\t<\/header>\r\n\t\t<p class=\"summary-paragraph\">\r\n\t\t\tDes milliers d&rsquo;objets envoy\u00e9s par l&rsquo;homme circulent autour de la Terre. Une partie d&rsquo;entre-eux sont visibles \u00e0 l&rsquo;\u0153il nu, \u00e0 commencer \u00e0 par la Station spatiale internationale. \t\t<\/p>\r\n\t\t<p class=\"summary-link\"><a href=\"https:\/\/www.stelvision.com\/astro\/station-spatiale-internationale-suivez-la\/\"><i class=\"neko-icon-play\"><\/i>Pratique : Suivez la Station spatiale internationale !<\/a><\/p><p class=\"summary-link\"><a href=\"https:\/\/www.stelvision.com\/astro\/la-station-spatiale-internationale-iss\/\"><i class=\"neko-icon-play\"><\/i>Histoire et devenir de la Station spatiale internationale<\/a><\/p><p class=\"summary-link\"><a href=\"https:\/\/www.stelvision.com\/astro\/pollution-spatiale-une-realite-qui-inquiete\/\"><i class=\"neko-icon-play\"><\/i>Pollution spatiale : une r\u00e9alit\u00e9 qui inqui\u00e8te<\/a><\/p><p class=\"summary-link\"><a href=\"https:\/\/www.stelvision.com\/astro\/les-grands-observatoires-spatiaux\/\"><i class=\"neko-icon-play\"><\/i>Les grands observatoires spatiaux<\/a><\/p>\t<\/div>\r\n<\/section>\r\n\n\n\r\n<!-- 3\/10\/19 : on tente un affichage en grille (1 ligne, 2 colonnes) pour \u00e9viter les inconv\u00e9nients du texte long qui passe sous l'image quand on se contente d'un float -->\r\n\r\n<section class=\"summary-wrapper mb20 boxFocus-solid\">\r\n\t<div class=\"summary-image\">\r\n\t\t<img decoding=\"async\" width=\"400\" height=\"400\" src=\"https:\/\/www.stelvision.com\/astro\/wp-content\/uploads\/2024\/05\/aurore_110524_1h15_C_Souplet_vignette.jpg\" class=\"attachment-400x0 size-400x0\" alt=\"\" srcset=\"https:\/\/www.stelvision.com\/astro\/wp-content\/uploads\/2024\/05\/aurore_110524_1h15_C_Souplet_vignette.jpg 500w, https:\/\/www.stelvision.com\/astro\/wp-content\/uploads\/2024\/05\/aurore_110524_1h15_C_Souplet_vignette-300x300.jpg 300w, https:\/\/www.stelvision.com\/astro\/wp-content\/uploads\/2024\/05\/aurore_110524_1h15_C_Souplet_vignette-150x150.jpg 150w, https:\/\/www.stelvision.com\/astro\/wp-content\/uploads\/2024\/05\/aurore_110524_1h15_C_Souplet_vignette-368x368.jpg 368w, https:\/\/www.stelvision.com\/astro\/wp-content\/uploads\/2024\/05\/aurore_110524_1h15_C_Souplet_vignette-270x270.jpg 270w, https:\/\/www.stelvision.com\/astro\/wp-content\/uploads\/2024\/05\/aurore_110524_1h15_C_Souplet_vignette-62x62.jpg 62w, https:\/\/www.stelvision.com\/astro\/wp-content\/uploads\/2024\/05\/aurore_110524_1h15_C_Souplet_vignette-100x100.jpg 100w\" sizes=\"(max-width: 400px) 100vw, 400px\" \/>\t<\/div>\r\n\t<div>\r\n\t\t<header>\r\n\t\t<h2>Autres ph\u00e9nom\u00e8nes<\/h2>\t\r\n\t\t<\/header>\r\n\t\t<p class=\"summary-paragraph\">\r\n\t\t\tD&rsquo;autres ph\u00e9nom\u00e8nes de nature vari\u00e9e sont \u00e9galement observables dans le ciel. Ils sont rassembl\u00e9s ici.\t\t<\/p>\r\n\t\t<p class=\"summary-link\"><a href=\"https:\/\/www.stelvision.com\/astro\/aurores-boreales-france-10-11-mai-2024\/\"><i class=\"neko-icon-play\"><\/i>Des aurores bor\u00e9ales visibles en France : un \u00e9v\u00e9nement exceptionnel !<\/a><\/p>\t<\/div>\r\n<\/section>\r\n","protected":false},"excerpt":{"rendered":"<p>En plus des plan\u00e8tes, des \u00e9toiles et des objets du ciel profond, de nombreux autres ph\u00e9nom\u00e8nes viennent animer le ciel de nuit comme de jour <a href=\"https:\/\/www.stelvision.com\/astro\/phenomenes-celestes\/\" class=\"more-link\">&#8230;<span class=\"screen-reader-text\">  Les ph\u00e9nom\u00e8nes c\u00e9lestes \u00e0 observer<\/span><\/a><\/p>\n","protected":false},"author":5,"featured_media":0,"parent":0,"menu_order":0,"comment_status":"closed","ping_status":"closed","template":"","meta":{"_acf_changed":false,"footnotes":""},"class_list":["post-10493","page","type-page","status-publish","hentry"],"acf":[],"yoast_head":"<!-- This site is optimized with the Yoast SEO plugin v27.1.1 - https:\/\/yoast.com\/product\/yoast-seo-wordpress\/ -->\n<title>Les ph\u00e9nom\u00e8nes c\u00e9lestes \u00e0 observer<\/title>\n<meta name=\"description\" content=\"De nombreux ph\u00e9nom\u00e8nes animent le ciel de nuit comme de jour : \u00e9toiles filantes, m\u00e9t\u00e9ores, \u00e9clipses, satellites artificiels...\" \/>\n<meta name=\"robots\" content=\"index, follow, max-snippet:-1, max-image-preview:large, max-video-preview:-1\" \/>\n<link rel=\"canonical\" href=\"https:\/\/www.stelvision.com\/astro\/phenomenes-celestes\/\" \/>\n<meta property=\"og:locale\" content=\"fr_FR\" \/>\n<meta property=\"og:type\" content=\"article\" \/>\n<meta property=\"og:title\" content=\"Les ph\u00e9nom\u00e8nes c\u00e9lestes \u00e0 observer\" \/>\n<meta property=\"og:description\" content=\"De nombreux ph\u00e9nom\u00e8nes animent le ciel de nuit comme de jour : \u00e9toiles filantes, m\u00e9t\u00e9ores, \u00e9clipses, satellites artificiels...\" \/>\n<meta property=\"og:url\" content=\"https:\/\/www.stelvision.com\/astro\/phenomenes-celestes\/\" \/>\n<meta property=\"og:site_name\" content=\"Stelvision\" \/>\n<meta property=\"article:publisher\" content=\"https:\/\/www.facebook.com\/people\/Stelvision\/100063368192331\/\" \/>\n<meta property=\"article:modified_time\" content=\"2024-05-14T13:44:39+00:00\" \/>\n<meta name=\"twitter:card\" content=\"summary_large_image\" \/>\n<meta name=\"twitter:label1\" content=\"Dur\u00e9e de lecture estim\u00e9e\" \/>\n\t<meta name=\"twitter:data1\" content=\"1 minute\" \/>\n<script type=\"application\/ld+json\" class=\"yoast-schema-graph\">{\"@context\":\"https:\/\/schema.org\",\"@graph\":[{\"@type\":\"WebPage\",\"@id\":\"https:\/\/www.stelvision.com\/astro\/phenomenes-celestes\/\",\"url\":\"https:\/\/www.stelvision.com\/astro\/phenomenes-celestes\/\",\"name\":\"Les ph\u00e9nom\u00e8nes c\u00e9lestes \u00e0 observer\",\"isPartOf\":{\"@id\":\"https:\/\/www.stelvision.com\/astro\/#website\"},\"datePublished\":\"2019-11-20T10:15:59+00:00\",\"dateModified\":\"2024-05-14T13:44:39+00:00\",\"description\":\"De nombreux ph\u00e9nom\u00e8nes animent le ciel de nuit comme de jour : \u00e9toiles filantes, m\u00e9t\u00e9ores, \u00e9clipses, satellites artificiels...\",\"breadcrumb\":{\"@id\":\"https:\/\/www.stelvision.com\/astro\/phenomenes-celestes\/#breadcrumb\"},\"inLanguage\":\"fr-FR\",\"potentialAction\":[{\"@type\":\"ReadAction\",\"target\":[\"https:\/\/www.stelvision.com\/astro\/phenomenes-celestes\/\"]}]},{\"@type\":\"BreadcrumbList\",\"@id\":\"https:\/\/www.stelvision.com\/astro\/phenomenes-celestes\/#breadcrumb\",\"itemListElement\":[{\"@type\":\"ListItem\",\"position\":1,\"name\":\"Accueil\",\"item\":\"https:\/\/www.stelvision.com\/astro\/\"},{\"@type\":\"ListItem\",\"position\":2,\"name\":\"Les ph\u00e9nom\u00e8nes c\u00e9lestes \u00e0 observer\"}]},{\"@type\":\"WebSite\",\"@id\":\"https:\/\/www.stelvision.com\/astro\/#website\",\"url\":\"https:\/\/www.stelvision.com\/astro\/\",\"name\":\"Stelvision\",\"description\":\"conseils, livres et mat\u00e9riel d&#039;observation du ciel\",\"publisher\":{\"@id\":\"https:\/\/www.stelvision.com\/astro\/#organization\"},\"potentialAction\":[{\"@type\":\"SearchAction\",\"target\":{\"@type\":\"EntryPoint\",\"urlTemplate\":\"https:\/\/www.stelvision.com\/astro\/?s={search_term_string}\"},\"query-input\":{\"@type\":\"PropertyValueSpecification\",\"valueRequired\":true,\"valueName\":\"search_term_string\"}}],\"inLanguage\":\"fr-FR\"},{\"@type\":\"Organization\",\"@id\":\"https:\/\/www.stelvision.com\/astro\/#organization\",\"name\":\"Stelvision\",\"url\":\"https:\/\/www.stelvision.com\/astro\/\",\"logo\":{\"@type\":\"ImageObject\",\"inLanguage\":\"fr-FR\",\"@id\":\"https:\/\/www.stelvision.com\/astro\/#\/schema\/logo\/image\/\",\"url\":\"https:\/\/www.stelvision.com\/astro\/wp-content\/uploads\/2019\/03\/logo_lisse_bleu_Stelvision_600.png\",\"contentUrl\":\"https:\/\/www.stelvision.com\/astro\/wp-content\/uploads\/2019\/03\/logo_lisse_bleu_Stelvision_600.png\",\"width\":600,\"height\":277,\"caption\":\"Stelvision\"},\"image\":{\"@id\":\"https:\/\/www.stelvision.com\/astro\/#\/schema\/logo\/image\/\"},\"sameAs\":[\"https:\/\/www.facebook.com\/people\/Stelvision\/100063368192331\/\"]}]}<\/script>\n<!-- \/ Yoast SEO plugin. -->","yoast_head_json":{"title":"Les ph\u00e9nom\u00e8nes c\u00e9lestes \u00e0 observer","description":"De nombreux ph\u00e9nom\u00e8nes animent le ciel de nuit comme de jour : \u00e9toiles filantes, m\u00e9t\u00e9ores, \u00e9clipses, satellites artificiels...","robots":{"index":"index","follow":"follow","max-snippet":"max-snippet:-1","max-image-preview":"max-image-preview:large","max-video-preview":"max-video-preview:-1"},"canonical":"https:\/\/www.stelvision.com\/astro\/phenomenes-celestes\/","og_locale":"fr_FR","og_type":"article","og_title":"Les ph\u00e9nom\u00e8nes c\u00e9lestes \u00e0 observer","og_description":"De nombreux ph\u00e9nom\u00e8nes animent le ciel de nuit comme de jour : \u00e9toiles filantes, m\u00e9t\u00e9ores, \u00e9clipses, satellites artificiels...","og_url":"https:\/\/www.stelvision.com\/astro\/phenomenes-celestes\/","og_site_name":"Stelvision","article_publisher":"https:\/\/www.facebook.com\/people\/Stelvision\/100063368192331\/","article_modified_time":"2024-05-14T13:44:39+00:00","twitter_card":"summary_large_image","twitter_misc":{"Dur\u00e9e de lecture estim\u00e9e":"1 minute"},"schema":{"@context":"https:\/\/schema.org","@graph":[{"@type":"WebPage","@id":"https:\/\/www.stelvision.com\/astro\/phenomenes-celestes\/","url":"https:\/\/www.stelvision.com\/astro\/phenomenes-celestes\/","name":"Les ph\u00e9nom\u00e8nes c\u00e9lestes \u00e0 observer","isPartOf":{"@id":"https:\/\/www.stelvision.com\/astro\/#website"},"datePublished":"2019-11-20T10:15:59+00:00","dateModified":"2024-05-14T13:44:39+00:00","description":"De nombreux ph\u00e9nom\u00e8nes animent le ciel de nuit comme de jour : \u00e9toiles filantes, m\u00e9t\u00e9ores, \u00e9clipses, satellites artificiels...","breadcrumb":{"@id":"https:\/\/www.stelvision.com\/astro\/phenomenes-celestes\/#breadcrumb"},"inLanguage":"fr-FR","potentialAction":[{"@type":"ReadAction","target":["https:\/\/www.stelvision.com\/astro\/phenomenes-celestes\/"]}]},{"@type":"BreadcrumbList","@id":"https:\/\/www.stelvision.com\/astro\/phenomenes-celestes\/#breadcrumb","itemListElement":[{"@type":"ListItem","position":1,"name":"Accueil","item":"https:\/\/www.stelvision.com\/astro\/"},{"@type":"ListItem","position":2,"name":"Les ph\u00e9nom\u00e8nes c\u00e9lestes \u00e0 observer"}]},{"@type":"WebSite","@id":"https:\/\/www.stelvision.com\/astro\/#website","url":"https:\/\/www.stelvision.com\/astro\/","name":"Stelvision","description":"conseils, livres et mat\u00e9riel d&#039;observation du ciel","publisher":{"@id":"https:\/\/www.stelvision.com\/astro\/#organization"},"potentialAction":[{"@type":"SearchAction","target":{"@type":"EntryPoint","urlTemplate":"https:\/\/www.stelvision.com\/astro\/?s={search_term_string}"},"query-input":{"@type":"PropertyValueSpecification","valueRequired":true,"valueName":"search_term_string"}}],"inLanguage":"fr-FR"},{"@type":"Organization","@id":"https:\/\/www.stelvision.com\/astro\/#organization","name":"Stelvision","url":"https:\/\/www.stelvision.com\/astro\/","logo":{"@type":"ImageObject","inLanguage":"fr-FR","@id":"https:\/\/www.stelvision.com\/astro\/#\/schema\/logo\/image\/","url":"https:\/\/www.stelvision.com\/astro\/wp-content\/uploads\/2019\/03\/logo_lisse_bleu_Stelvision_600.png","contentUrl":"https:\/\/www.stelvision.com\/astro\/wp-content\/uploads\/2019\/03\/logo_lisse_bleu_Stelvision_600.png","width":600,"height":277,"caption":"Stelvision"},"image":{"@id":"https:\/\/www.stelvision.com\/astro\/#\/schema\/logo\/image\/"},"sameAs":["https:\/\/www.facebook.com\/people\/Stelvision\/100063368192331\/"]}]}},"_links":{"self":[{"href":"https:\/\/www.stelvision.com\/astro\/wp-json\/wp\/v2\/pages\/10493","targetHints":{"allow":["GET"]}}],"collection":[{"href":"https:\/\/www.stelvision.com\/astro\/wp-json\/wp\/v2\/pages"}],"about":[{"href":"https:\/\/www.stelvision.com\/astro\/wp-json\/wp\/v2\/types\/page"}],"author":[{"embeddable":true,"href":"https:\/\/www.stelvision.com\/astro\/wp-json\/wp\/v2\/users\/5"}],"replies":[{"embeddable":true,"href":"https:\/\/www.stelvision.com\/astro\/wp-json\/wp\/v2\/comments?post=10493"}],"version-history":[{"count":37,"href":"https:\/\/www.stelvision.com\/astro\/wp-json\/wp\/v2\/pages\/10493\/revisions"}],"predecessor-version":[{"id":62222,"href":"https:\/\/www.stelvision.com\/astro\/wp-json\/wp\/v2\/pages\/10493\/revisions\/62222"}],"wp:attachment":[{"href":"https:\/\/www.stelvision.com\/astro\/wp-json\/wp\/v2\/media?parent=10493"}],"curies":[{"name":"wp","href":"https:\/\/api.w.org\/{rel}","templated":true}]}}