{"id":30609,"date":"2020-12-31T12:24:34","date_gmt":"2020-12-31T11:24:34","guid":{"rendered":"https:\/\/www.stelvision.com\/astro\/?page_id=30609"},"modified":"2021-03-01T12:29:18","modified_gmt":"2021-03-01T11:29:18","slug":"complements-ciel-profond","status":"publish","type":"page","link":"https:\/\/www.stelvision.com\/astro\/complements-ciel-profond\/","title":{"rendered":"Compl\u00e9ments ciel profond"},"content":{"rendered":"\n<p> <\/p>\n\n\n\n<p>En compl\u00e9ment des pages \u00ab\u00a0Ciel profond\u00a0\u00bb de votre carte du ciel Stelvision 365, voici des fiches suppl\u00e9mentaires \u00e0 t\u00e9l\u00e9charger. Imprimez celle qui vous int\u00e9resse et ins\u00e9rez-la dans la pochette plastique de votre carte pour en profiter sous les \u00e9toiles !<\/p>\n\n\n\n<div class=\"wp-block-image\"><figure class=\"alignleft size-large\"><img decoding=\"async\" width=\"175\" height=\"247\" src=\"https:\/\/www.stelvision.com\/astro\/wp-content\/uploads\/2020\/12\/M15_7331_M37_M44.jpg\" alt=\"\" class=\"wp-image-30610\"\/><\/figure><\/div>\n\n\n\n<h2 class=\"wp-block-heading\">Ciel automne \/ hiver<\/h2>\n\n\n\n<p>D\u00e9couvrez :<\/p>\n\n\n\n<ul class=\"wp-block-list\"><li>M15, splendide amas globulaire dans P\u00e9gase<\/li><li>M44 et M37, deux amas ouverts tr\u00e8s diff\u00e9rents : l&rsquo;un tr\u00e8s dispers\u00e9 form\u00e9 d&rsquo;\u00e9toiles brillantes, l&rsquo;autre tr\u00e8s serr\u00e9 form\u00e9 d&rsquo;\u00e9toiles plus faibles<\/li><li>NGC7331, une galaxie spirale dans P\u00e9gase<\/li><\/ul>\n\n\n\n<p class=\"has-text-align-center\"><a href=\"https:\/\/www.stelvision.com\/astro\/wp-content\/uploads\/2021\/03\/M15_7331_M37_M44.pdf\"><i class=\"neko-icon-download icon-rounded icon-medium\"><\/i>T\u00e9l\u00e9chargez la fiche<\/a><\/p>\n\n\n\n<div class=\"wp-block-image\"><figure class=\"alignleft size-large\"><img decoding=\"async\" width=\"175\" height=\"246\" src=\"https:\/\/www.stelvision.com\/astro\/wp-content\/uploads\/2020\/12\/M11_M17_M20_M51.jpg\" alt=\"\" class=\"wp-image-30612\"\/><\/figure><\/div>\n\n\n\n<h2 class=\"wp-block-heading\">Ciel printemps \/ \u00e9t\u00e9<\/h2>\n\n\n\n<p>D\u00e9couvrez :<\/p>\n\n\n\n<ul class=\"wp-block-list\"><li>M20 et M17, deux belles n\u00e9buleuses dans le Sagittaire<\/li><li>M11, un magnifique amas ouvert dans l&rsquo;\u00c9cu pr\u00e8s de l&rsquo;Aigle<\/li><li>M51, une galaxie spirale dans les Chiens de chasse<\/li><\/ul>\n\n\n\n<p class=\"has-text-align-center\"><a href=\"https:\/\/www.stelvision.com\/astro\/wp-content\/uploads\/2021\/03\/M11_M17_M20_M51.pdf\"><i class=\"neko-icon-download icon-rounded icon-medium\"><\/i>T\u00e9l\u00e9chargez la fiche<\/a><\/p>\n","protected":false},"excerpt":{"rendered":"<p>En compl\u00e9ment des pages \u00ab\u00a0Ciel profond\u00a0\u00bb de votre carte du ciel Stelvision 365, voici des fiches suppl\u00e9mentaires \u00e0 t\u00e9l\u00e9charger. Imprimez celle qui vous int\u00e9resse et <a href=\"https:\/\/www.stelvision.com\/astro\/complements-ciel-profond\/\" class=\"more-link\">&#8230;<span class=\"screen-reader-text\">  Compl\u00e9ments ciel profond<\/span><\/a><\/p>\n","protected":false},"author":5,"featured_media":0,"parent":0,"menu_order":0,"comment_status":"closed","ping_status":"closed","template":"","meta":{"_acf_changed":false,"footnotes":""},"class_list":["post-30609","page","type-page","status-publish","hentry"],"acf":[],"yoast_head":"<!-- This site is optimized with the Yoast SEO plugin v27.1.1 - https:\/\/yoast.com\/product\/yoast-seo-wordpress\/ -->\n<title>Compl\u00e9ments ciel profond<\/title>\n<meta name=\"robots\" content=\"index, follow, max-snippet:-1, max-image-preview:large, max-video-preview:-1\" \/>\n<link rel=\"canonical\" href=\"https:\/\/www.stelvision.com\/astro\/complements-ciel-profond\/\" \/>\n<meta property=\"og:locale\" content=\"fr_FR\" \/>\n<meta property=\"og:type\" content=\"article\" \/>\n<meta property=\"og:title\" content=\"Compl\u00e9ments ciel profond\" \/>\n<meta property=\"og:description\" content=\"En compl\u00e9ment des pages \u00ab\u00a0Ciel profond\u00a0\u00bb de votre carte du ciel Stelvision 365, voici des fiches suppl\u00e9mentaires \u00e0 t\u00e9l\u00e9charger. Imprimez celle qui vous int\u00e9resse et ... Compl\u00e9ments ciel profond\" \/>\n<meta property=\"og:url\" content=\"https:\/\/www.stelvision.com\/astro\/complements-ciel-profond\/\" \/>\n<meta property=\"og:site_name\" content=\"Stelvision\" \/>\n<meta property=\"article:publisher\" content=\"https:\/\/www.facebook.com\/people\/Stelvision\/100063368192331\/\" \/>\n<meta property=\"article:modified_time\" content=\"2021-03-01T11:29:18+00:00\" \/>\n<meta property=\"og:image\" content=\"https:\/\/www.stelvision.com\/astro\/wp-content\/uploads\/2020\/12\/M15_7331_M37_M44.jpg\" \/>\n<meta name=\"twitter:card\" content=\"summary_large_image\" \/>\n<meta name=\"twitter:label1\" content=\"Dur\u00e9e de lecture estim\u00e9e\" \/>\n\t<meta name=\"twitter:data1\" content=\"1 minute\" \/>\n<script type=\"application\/ld+json\" class=\"yoast-schema-graph\">{\"@context\":\"https:\/\/schema.org\",\"@graph\":[{\"@type\":\"WebPage\",\"@id\":\"https:\/\/www.stelvision.com\/astro\/complements-ciel-profond\/\",\"url\":\"https:\/\/www.stelvision.com\/astro\/complements-ciel-profond\/\",\"name\":\"Compl\u00e9ments ciel profond\",\"isPartOf\":{\"@id\":\"https:\/\/www.stelvision.com\/astro\/#website\"},\"primaryImageOfPage\":{\"@id\":\"https:\/\/www.stelvision.com\/astro\/complements-ciel-profond\/#primaryimage\"},\"image\":{\"@id\":\"https:\/\/www.stelvision.com\/astro\/complements-ciel-profond\/#primaryimage\"},\"thumbnailUrl\":\"https:\/\/www.stelvision.com\/astro\/wp-content\/uploads\/2020\/12\/M15_7331_M37_M44.jpg\",\"datePublished\":\"2020-12-31T11:24:34+00:00\",\"dateModified\":\"2021-03-01T11:29:18+00:00\",\"breadcrumb\":{\"@id\":\"https:\/\/www.stelvision.com\/astro\/complements-ciel-profond\/#breadcrumb\"},\"inLanguage\":\"fr-FR\",\"potentialAction\":[{\"@type\":\"ReadAction\",\"target\":[\"https:\/\/www.stelvision.com\/astro\/complements-ciel-profond\/\"]}]},{\"@type\":\"ImageObject\",\"inLanguage\":\"fr-FR\",\"@id\":\"https:\/\/www.stelvision.com\/astro\/complements-ciel-profond\/#primaryimage\",\"url\":\"https:\/\/www.stelvision.com\/astro\/wp-content\/uploads\/2020\/12\/M15_7331_M37_M44.jpg\",\"contentUrl\":\"https:\/\/www.stelvision.com\/astro\/wp-content\/uploads\/2020\/12\/M15_7331_M37_M44.jpg\",\"width\":175,\"height\":247},{\"@type\":\"BreadcrumbList\",\"@id\":\"https:\/\/www.stelvision.com\/astro\/complements-ciel-profond\/#breadcrumb\",\"itemListElement\":[{\"@type\":\"ListItem\",\"position\":1,\"name\":\"Accueil\",\"item\":\"https:\/\/www.stelvision.com\/astro\/\"},{\"@type\":\"ListItem\",\"position\":2,\"name\":\"Compl\u00e9ments ciel profond\"}]},{\"@type\":\"WebSite\",\"@id\":\"https:\/\/www.stelvision.com\/astro\/#website\",\"url\":\"https:\/\/www.stelvision.com\/astro\/\",\"name\":\"Stelvision\",\"description\":\"conseils, livres et mat\u00e9riel d&#039;observation du ciel\",\"publisher\":{\"@id\":\"https:\/\/www.stelvision.com\/astro\/#organization\"},\"potentialAction\":[{\"@type\":\"SearchAction\",\"target\":{\"@type\":\"EntryPoint\",\"urlTemplate\":\"https:\/\/www.stelvision.com\/astro\/?s={search_term_string}\"},\"query-input\":{\"@type\":\"PropertyValueSpecification\",\"valueRequired\":true,\"valueName\":\"search_term_string\"}}],\"inLanguage\":\"fr-FR\"},{\"@type\":\"Organization\",\"@id\":\"https:\/\/www.stelvision.com\/astro\/#organization\",\"name\":\"Stelvision\",\"url\":\"https:\/\/www.stelvision.com\/astro\/\",\"logo\":{\"@type\":\"ImageObject\",\"inLanguage\":\"fr-FR\",\"@id\":\"https:\/\/www.stelvision.com\/astro\/#\/schema\/logo\/image\/\",\"url\":\"https:\/\/www.stelvision.com\/astro\/wp-content\/uploads\/2019\/03\/logo_lisse_bleu_Stelvision_600.png\",\"contentUrl\":\"https:\/\/www.stelvision.com\/astro\/wp-content\/uploads\/2019\/03\/logo_lisse_bleu_Stelvision_600.png\",\"width\":600,\"height\":277,\"caption\":\"Stelvision\"},\"image\":{\"@id\":\"https:\/\/www.stelvision.com\/astro\/#\/schema\/logo\/image\/\"},\"sameAs\":[\"https:\/\/www.facebook.com\/people\/Stelvision\/100063368192331\/\"]}]}<\/script>\n<!-- \/ Yoast SEO plugin. -->","yoast_head_json":{"title":"Compl\u00e9ments ciel profond","robots":{"index":"index","follow":"follow","max-snippet":"max-snippet:-1","max-image-preview":"max-image-preview:large","max-video-preview":"max-video-preview:-1"},"canonical":"https:\/\/www.stelvision.com\/astro\/complements-ciel-profond\/","og_locale":"fr_FR","og_type":"article","og_title":"Compl\u00e9ments ciel profond","og_description":"En compl\u00e9ment des pages \u00ab\u00a0Ciel profond\u00a0\u00bb de votre carte du ciel Stelvision 365, voici des fiches suppl\u00e9mentaires \u00e0 t\u00e9l\u00e9charger. Imprimez celle qui vous int\u00e9resse et ... Compl\u00e9ments ciel profond","og_url":"https:\/\/www.stelvision.com\/astro\/complements-ciel-profond\/","og_site_name":"Stelvision","article_publisher":"https:\/\/www.facebook.com\/people\/Stelvision\/100063368192331\/","article_modified_time":"2021-03-01T11:29:18+00:00","og_image":[{"url":"https:\/\/www.stelvision.com\/astro\/wp-content\/uploads\/2020\/12\/M15_7331_M37_M44.jpg","type":"","width":"","height":""}],"twitter_card":"summary_large_image","twitter_misc":{"Dur\u00e9e de lecture estim\u00e9e":"1 minute"},"schema":{"@context":"https:\/\/schema.org","@graph":[{"@type":"WebPage","@id":"https:\/\/www.stelvision.com\/astro\/complements-ciel-profond\/","url":"https:\/\/www.stelvision.com\/astro\/complements-ciel-profond\/","name":"Compl\u00e9ments ciel profond","isPartOf":{"@id":"https:\/\/www.stelvision.com\/astro\/#website"},"primaryImageOfPage":{"@id":"https:\/\/www.stelvision.com\/astro\/complements-ciel-profond\/#primaryimage"},"image":{"@id":"https:\/\/www.stelvision.com\/astro\/complements-ciel-profond\/#primaryimage"},"thumbnailUrl":"https:\/\/www.stelvision.com\/astro\/wp-content\/uploads\/2020\/12\/M15_7331_M37_M44.jpg","datePublished":"2020-12-31T11:24:34+00:00","dateModified":"2021-03-01T11:29:18+00:00","breadcrumb":{"@id":"https:\/\/www.stelvision.com\/astro\/complements-ciel-profond\/#breadcrumb"},"inLanguage":"fr-FR","potentialAction":[{"@type":"ReadAction","target":["https:\/\/www.stelvision.com\/astro\/complements-ciel-profond\/"]}]},{"@type":"ImageObject","inLanguage":"fr-FR","@id":"https:\/\/www.stelvision.com\/astro\/complements-ciel-profond\/#primaryimage","url":"https:\/\/www.stelvision.com\/astro\/wp-content\/uploads\/2020\/12\/M15_7331_M37_M44.jpg","contentUrl":"https:\/\/www.stelvision.com\/astro\/wp-content\/uploads\/2020\/12\/M15_7331_M37_M44.jpg","width":175,"height":247},{"@type":"BreadcrumbList","@id":"https:\/\/www.stelvision.com\/astro\/complements-ciel-profond\/#breadcrumb","itemListElement":[{"@type":"ListItem","position":1,"name":"Accueil","item":"https:\/\/www.stelvision.com\/astro\/"},{"@type":"ListItem","position":2,"name":"Compl\u00e9ments ciel profond"}]},{"@type":"WebSite","@id":"https:\/\/www.stelvision.com\/astro\/#website","url":"https:\/\/www.stelvision.com\/astro\/","name":"Stelvision","description":"conseils, livres et mat\u00e9riel d&#039;observation du ciel","publisher":{"@id":"https:\/\/www.stelvision.com\/astro\/#organization"},"potentialAction":[{"@type":"SearchAction","target":{"@type":"EntryPoint","urlTemplate":"https:\/\/www.stelvision.com\/astro\/?s={search_term_string}"},"query-input":{"@type":"PropertyValueSpecification","valueRequired":true,"valueName":"search_term_string"}}],"inLanguage":"fr-FR"},{"@type":"Organization","@id":"https:\/\/www.stelvision.com\/astro\/#organization","name":"Stelvision","url":"https:\/\/www.stelvision.com\/astro\/","logo":{"@type":"ImageObject","inLanguage":"fr-FR","@id":"https:\/\/www.stelvision.com\/astro\/#\/schema\/logo\/image\/","url":"https:\/\/www.stelvision.com\/astro\/wp-content\/uploads\/2019\/03\/logo_lisse_bleu_Stelvision_600.png","contentUrl":"https:\/\/www.stelvision.com\/astro\/wp-content\/uploads\/2019\/03\/logo_lisse_bleu_Stelvision_600.png","width":600,"height":277,"caption":"Stelvision"},"image":{"@id":"https:\/\/www.stelvision.com\/astro\/#\/schema\/logo\/image\/"},"sameAs":["https:\/\/www.facebook.com\/people\/Stelvision\/100063368192331\/"]}]}},"_links":{"self":[{"href":"https:\/\/www.stelvision.com\/astro\/wp-json\/wp\/v2\/pages\/30609","targetHints":{"allow":["GET"]}}],"collection":[{"href":"https:\/\/www.stelvision.com\/astro\/wp-json\/wp\/v2\/pages"}],"about":[{"href":"https:\/\/www.stelvision.com\/astro\/wp-json\/wp\/v2\/types\/page"}],"author":[{"embeddable":true,"href":"https:\/\/www.stelvision.com\/astro\/wp-json\/wp\/v2\/users\/5"}],"replies":[{"embeddable":true,"href":"https:\/\/www.stelvision.com\/astro\/wp-json\/wp\/v2\/comments?post=30609"}],"version-history":[{"count":8,"href":"https:\/\/www.stelvision.com\/astro\/wp-json\/wp\/v2\/pages\/30609\/revisions"}],"predecessor-version":[{"id":32078,"href":"https:\/\/www.stelvision.com\/astro\/wp-json\/wp\/v2\/pages\/30609\/revisions\/32078"}],"wp:attachment":[{"href":"https:\/\/www.stelvision.com\/astro\/wp-json\/wp\/v2\/media?parent=30609"}],"curies":[{"name":"wp","href":"https:\/\/api.w.org\/{rel}","templated":true}]}}