{"id":35037,"date":"2021-06-28T10:10:41","date_gmt":"2021-06-28T08:10:41","guid":{"rendered":"https:\/\/www.stelvision.com\/astro\/?page_id=35037"},"modified":"2026-01-15T15:32:13","modified_gmt":"2026-01-15T14:32:13","slug":"easyscope","status":"publish","type":"page","link":"https:\/\/www.stelvision.com\/astro\/easyscope\/","title":{"rendered":"easyScope | page utilisateurs"},"content":{"rendered":"\n<p class=\"chapo\">Bienvenue sur la page des utilisateurs easyScope&nbsp;! Vous trouverez ici des conseils et astuces pour bien observer les \u00e9toiles avec votre instrument ultra-compact.<\/p>\n\n\n\n<div class=\"wp-block-media-text alignwide has-media-on-the-right is-stacked-on-mobile\"><div class=\"wp-block-media-text__content\">\n<p class=\"boxFocus-solid-color2 has-normal-font-size\">Vous ne connaissez pas easyScope&nbsp;? C&rsquo;est un instrument pour plonger dans les \u00e9toiles en un instant, sans installation ni r\u00e9glage compliqu\u00e9&nbsp;: il fonctionne comme des jumelles, en plus compact, en plus simple.<br><a href=\"https:\/\/www.stelvision.com\/astro\/boutique\/easyscope\/\">Tout savoir sur ce produit<\/a><\/p>\n<\/div><figure class=\"wp-block-media-text__media\"><img decoding=\"async\" width=\"700\" height=\"700\" src=\"https:\/\/www.stelvision.com\/astro\/wp-content\/uploads\/2021\/06\/easyscope_math_700.jpg\" alt=\"\" class=\"wp-image-35042 size-full\" srcset=\"https:\/\/www.stelvision.com\/astro\/wp-content\/uploads\/2021\/06\/easyscope_math_700.jpg 700w, https:\/\/www.stelvision.com\/astro\/wp-content\/uploads\/2021\/06\/easyscope_math_700-300x300.jpg 300w, https:\/\/www.stelvision.com\/astro\/wp-content\/uploads\/2021\/06\/easyscope_math_700-150x150.jpg 150w, https:\/\/www.stelvision.com\/astro\/wp-content\/uploads\/2021\/06\/easyscope_math_700-570x570.jpg 570w, https:\/\/www.stelvision.com\/astro\/wp-content\/uploads\/2021\/06\/easyscope_math_700-368x368.jpg 368w, https:\/\/www.stelvision.com\/astro\/wp-content\/uploads\/2021\/06\/easyscope_math_700-270x270.jpg 270w, https:\/\/www.stelvision.com\/astro\/wp-content\/uploads\/2021\/06\/easyscope_math_700-62x62.jpg 62w, https:\/\/www.stelvision.com\/astro\/wp-content\/uploads\/2021\/06\/easyscope_math_700-100x100.jpg 100w\" sizes=\"(max-width: 700px) 100vw, 700px\" \/><\/figure><\/div>\n\n\n\n<p class=\"has-text-align-center\"><br><strong>Notice perdue ?<\/strong> <a href=\"https:\/\/www.stelvision.com\/telechargements\/notice_easyScope_FR_EN_V1b_BD.pdf\">T\u00e9l\u00e9chargez-la au format pdf<\/a><\/p>\n\n\n\n<h2 class=\"wp-block-heading\">Probl\u00e8mes de tremblement d&rsquo;image&nbsp;?<\/h2>\n\n\n\n<p>EasyScope peut \u00eatre utilis\u00e9 \u00e0 main lev\u00e9 dans la plupart des cas. Mais pour scruter de fins d\u00e9tails sur la Lune ou d\u00e9busquer les satellites de Jupiter, les tremblements de l&rsquo;image dus aux mouvements naturels des mains peuvent \u00eatre g\u00eanants. Nous vous conseillons donc de stabiliser votre easyScope par l&rsquo;une des m\u00e9thodes suivantes&nbsp;:<\/p>\n\n\n<div class=\"wp-block-image\">\n<figure class=\"alignleft size-large is-resized\"><img decoding=\"async\" width=\"800\" height=\"930\" src=\"https:\/\/www.stelvision.com\/astro\/wp-content\/uploads\/2021\/08\/manche_balai.jpg\" alt=\"\" class=\"wp-image-36356\" style=\"width:424px;height:488px\" srcset=\"https:\/\/www.stelvision.com\/astro\/wp-content\/uploads\/2021\/08\/manche_balai.jpg 800w, https:\/\/www.stelvision.com\/astro\/wp-content\/uploads\/2021\/08\/manche_balai-258x300.jpg 258w, https:\/\/www.stelvision.com\/astro\/wp-content\/uploads\/2021\/08\/manche_balai-768x893.jpg 768w, https:\/\/www.stelvision.com\/astro\/wp-content\/uploads\/2021\/08\/manche_balai-750x872.jpg 750w, https:\/\/www.stelvision.com\/astro\/wp-content\/uploads\/2021\/08\/manche_balai-570x663.jpg 570w, https:\/\/www.stelvision.com\/astro\/wp-content\/uploads\/2021\/08\/manche_balai-368x428.jpg 368w, https:\/\/www.stelvision.com\/astro\/wp-content\/uploads\/2021\/08\/manche_balai-270x314.jpg 270w\" sizes=\"(max-width: 800px) 100vw, 800px\" \/><\/figure>\n<\/div>\n\n\n<ul class=\"wp-block-list\">\n<li><strong>Vous caler contre un mur\u00a0:<\/strong> c&rsquo;est tout simple mais \u00e7a aide\u00a0!<\/li>\n\n\n\n<li><strong>Utiliser un pied photo\u00a0:<\/strong> c&rsquo;est l&rsquo;id\u00e9al pour une stabilit\u00e9 parfaite. Un pas de vis est pr\u00e9vu sur le dessous du easyScope pour fixer un tr\u00e9pied standard.<\/li>\n\n\n\n<li><strong>Utiliser un si\u00e8ge et un manche \u00e0 balai\u00a0:<\/strong> plus \u00e9conomique que l&rsquo;achat d&rsquo;un pied photo, et presque aussi efficace. En plus, vous serez plus confortablement install\u00e9 pour les observations vers le haut sans vous faire mal au cou\u00a0! Prenez un manche le plus long possible, calez-le entre vos pieds, et maintenez votre easyScope pos\u00e9 sur l&rsquo;extr\u00e9mit\u00e9 du manche, comme sur la photo.<br><br><\/li>\n<\/ul>\n\n\n\n<h2 class=\"wp-block-heading\">Perdu dans le ciel&nbsp;? Pas d&rsquo;id\u00e9e d&rsquo;observation&nbsp;?<\/h2>\n\n\n<div class=\"wp-block-image\">\n<figure class=\"alignleft size-large is-resized\"><img decoding=\"async\" width=\"1024\" height=\"1024\" src=\"https:\/\/www.stelvision.com\/astro\/wp-content\/uploads\/2018\/06\/M42-zoom-site-1024x1024.png\" alt=\"carte du ciel n\u00e9buleuse d'Orion\" class=\"wp-image-1519\" style=\"width:375px;height:375px\" srcset=\"https:\/\/www.stelvision.com\/astro\/wp-content\/uploads\/2018\/06\/M42-zoom-site-1024x1024.png 1024w, https:\/\/www.stelvision.com\/astro\/wp-content\/uploads\/2018\/06\/M42-zoom-site-150x150.png 150w, https:\/\/www.stelvision.com\/astro\/wp-content\/uploads\/2018\/06\/M42-zoom-site-300x300.png 300w, https:\/\/www.stelvision.com\/astro\/wp-content\/uploads\/2018\/06\/M42-zoom-site-768x768.png 768w, https:\/\/www.stelvision.com\/astro\/wp-content\/uploads\/2018\/06\/M42-zoom-site-1140x1140.png 1140w, https:\/\/www.stelvision.com\/astro\/wp-content\/uploads\/2018\/06\/M42-zoom-site-750x750.png 750w, https:\/\/www.stelvision.com\/astro\/wp-content\/uploads\/2018\/06\/M42-zoom-site-570x570.png 570w, https:\/\/www.stelvision.com\/astro\/wp-content\/uploads\/2018\/06\/M42-zoom-site-368x368.png 368w, https:\/\/www.stelvision.com\/astro\/wp-content\/uploads\/2018\/06\/M42-zoom-site-270x270.png 270w, https:\/\/www.stelvision.com\/astro\/wp-content\/uploads\/2018\/06\/M42-zoom-site-62x62.png 62w, https:\/\/www.stelvision.com\/astro\/wp-content\/uploads\/2018\/06\/M42-zoom-site-100x100.png 100w, https:\/\/www.stelvision.com\/astro\/wp-content\/uploads\/2018\/06\/M42-zoom-site-1000x1000.png 1000w, https:\/\/www.stelvision.com\/astro\/wp-content\/uploads\/2018\/06\/M42-zoom-site.png 1386w\" sizes=\"(max-width: 1024px) 100vw, 1024px\" \/><figcaption class=\"wp-element-caption\"><strong>Exemple de carte de localisation disponible dans notre guide d&rsquo;observation pour easyScope.<\/strong><\/figcaption><\/figure>\n<\/div>\n\n\n<p><strong>Une de vos premi\u00e8res d\u00e9couvertes<\/strong> sera peut-\u00eatre de vous promener au hasard dans le ciel \u00e9toil\u00e9&nbsp;: quelle que soit la qualit\u00e9 du ciel, \u00e0 la campagne ou m\u00eame en pleine ville, le nombre des \u00e9toiles visibles se trouve magiquement multipli\u00e9&nbsp;! On estime en effet \u00e0 400&nbsp;000 le nombre total d&rsquo;\u00e9toiles visibles par bon ciel noir avec un instrument de 42&nbsp;mm de diam\u00e8tre (au fil des saisons et sur les deux h\u00e9misph\u00e8res), soit 70&nbsp;fois plus qu&rsquo;\u00e0 l&rsquo;\u0153il nu.<\/p>\n\n\n\n<p>Ensuite\u00a0: <strong>laissez vous guider <\/strong>gr\u00e2ce \u00e0 notre page du <a href=\"https:\/\/www.stelvision.com\/astro\/guide-observation-jumelles\/\">guide d&rsquo;observation 100\u00a0% easyScope et jumelles<\/a>\u00a0!<br><br><br><\/p>\n\n\n\n<h2 class=\"wp-block-heading\">Une question&nbsp;? Une remarque&nbsp;?<\/h2>\n\n\n\n<p>N&rsquo;h\u00e9sitez pas \u00e0 <a href=\"mailto:contact@stelvision.com\">nous contacter<\/a>. Nous vous r\u00e9pondrons et peut-\u00eatre en profiterons pour enrichir cette page en fonction de vos retours.<\/p>\n\n\n\n<p>Bonnes observations&nbsp;!<\/p>\n","protected":false},"excerpt":{"rendered":"<p>Bienvenue sur la page des utilisateurs easyScope&nbsp;! Vous trouverez ici des conseils et astuces pour bien observer les \u00e9toiles avec votre instrument ultra-compact. Vous ne <a href=\"https:\/\/www.stelvision.com\/astro\/easyscope\/\" class=\"more-link\">&#8230;<span class=\"screen-reader-text\">  easyScope | page utilisateurs<\/span><\/a><\/p>\n","protected":false},"author":5,"featured_media":0,"parent":0,"menu_order":0,"comment_status":"closed","ping_status":"closed","template":"","meta":{"_acf_changed":false,"footnotes":""},"class_list":["post-35037","page","type-page","status-publish","hentry"],"acf":[],"yoast_head":"<!-- This site is optimized with the Yoast SEO plugin v27.1.1 - https:\/\/yoast.com\/product\/yoast-seo-wordpress\/ -->\n<title>easyScope | page utilisateurs<\/title>\n<meta name=\"description\" content=\"Bienvenue sur la page des utilisateurs easyScope ! Vous trouverez ici des conseils et astuces pour bien observer les \u00e9toiles avec votre instrument ultra-compact.\" \/>\n<meta name=\"robots\" content=\"index, follow, max-snippet:-1, max-image-preview:large, max-video-preview:-1\" \/>\n<link rel=\"canonical\" href=\"https:\/\/www.stelvision.com\/astro\/easyscope\/\" \/>\n<meta property=\"og:locale\" content=\"fr_FR\" \/>\n<meta property=\"og:type\" content=\"article\" \/>\n<meta property=\"og:title\" content=\"easyScope | page utilisateurs\" \/>\n<meta property=\"og:description\" content=\"Bienvenue sur la page des utilisateurs easyScope ! Vous trouverez ici des conseils et astuces pour bien observer les \u00e9toiles avec votre instrument ultra-compact.\" \/>\n<meta property=\"og:url\" content=\"https:\/\/www.stelvision.com\/astro\/easyscope\/\" \/>\n<meta property=\"og:site_name\" content=\"Stelvision\" \/>\n<meta property=\"article:publisher\" content=\"https:\/\/www.facebook.com\/people\/Stelvision\/100063368192331\/\" \/>\n<meta property=\"article:modified_time\" content=\"2026-01-15T14:32:13+00:00\" \/>\n<meta property=\"og:image\" content=\"https:\/\/www.stelvision.com\/astro\/wp-content\/uploads\/2018\/06\/easyscope_main_700.jpg\" \/>\n\t<meta property=\"og:image:width\" content=\"700\" \/>\n\t<meta property=\"og:image:height\" content=\"340\" \/>\n\t<meta property=\"og:image:type\" content=\"image\/jpeg\" \/>\n<meta name=\"twitter:card\" content=\"summary_large_image\" \/>\n<meta name=\"twitter:title\" content=\"easyScope | page utilisateurs\" \/>\n<meta name=\"twitter:description\" content=\"Bienvenue sur la page des utilisateurs easyScope ! Vous trouverez ici des conseils et astuces pour bien observer les \u00e9toiles avec votre instrument ultra-compact.\" \/>\n<meta name=\"twitter:image\" content=\"https:\/\/www.stelvision.com\/astro\/wp-content\/uploads\/2018\/06\/easyscope_main_700.jpg\" \/>\n<meta name=\"twitter:label1\" content=\"Dur\u00e9e de lecture estim\u00e9e\" \/>\n\t<meta name=\"twitter:data1\" content=\"3 minutes\" \/>\n<script type=\"application\/ld+json\" class=\"yoast-schema-graph\">{\"@context\":\"https:\/\/schema.org\",\"@graph\":[{\"@type\":\"WebPage\",\"@id\":\"https:\/\/www.stelvision.com\/astro\/easyscope\/\",\"url\":\"https:\/\/www.stelvision.com\/astro\/easyscope\/\",\"name\":\"easyScope | page utilisateurs\",\"isPartOf\":{\"@id\":\"https:\/\/www.stelvision.com\/astro\/#website\"},\"primaryImageOfPage\":{\"@id\":\"https:\/\/www.stelvision.com\/astro\/easyscope\/#primaryimage\"},\"image\":{\"@id\":\"https:\/\/www.stelvision.com\/astro\/easyscope\/#primaryimage\"},\"thumbnailUrl\":\"https:\/\/www.stelvision.com\/astro\/wp-content\/uploads\/2021\/06\/easyscope_math_700.jpg\",\"datePublished\":\"2021-06-28T08:10:41+00:00\",\"dateModified\":\"2026-01-15T14:32:13+00:00\",\"description\":\"Bienvenue sur la page des utilisateurs easyScope ! Vous trouverez ici des conseils et astuces pour bien observer les \u00e9toiles avec votre instrument ultra-compact.\",\"breadcrumb\":{\"@id\":\"https:\/\/www.stelvision.com\/astro\/easyscope\/#breadcrumb\"},\"inLanguage\":\"fr-FR\",\"potentialAction\":[{\"@type\":\"ReadAction\",\"target\":[\"https:\/\/www.stelvision.com\/astro\/easyscope\/\"]}]},{\"@type\":\"ImageObject\",\"inLanguage\":\"fr-FR\",\"@id\":\"https:\/\/www.stelvision.com\/astro\/easyscope\/#primaryimage\",\"url\":\"https:\/\/www.stelvision.com\/astro\/wp-content\/uploads\/2021\/06\/easyscope_math_700.jpg\",\"contentUrl\":\"https:\/\/www.stelvision.com\/astro\/wp-content\/uploads\/2021\/06\/easyscope_math_700.jpg\",\"width\":700,\"height\":700},{\"@type\":\"BreadcrumbList\",\"@id\":\"https:\/\/www.stelvision.com\/astro\/easyscope\/#breadcrumb\",\"itemListElement\":[{\"@type\":\"ListItem\",\"position\":1,\"name\":\"Accueil\",\"item\":\"https:\/\/www.stelvision.com\/astro\/\"},{\"@type\":\"ListItem\",\"position\":2,\"name\":\"easyScope | page utilisateurs\"}]},{\"@type\":\"WebSite\",\"@id\":\"https:\/\/www.stelvision.com\/astro\/#website\",\"url\":\"https:\/\/www.stelvision.com\/astro\/\",\"name\":\"Stelvision\",\"description\":\"conseils, livres et mat\u00e9riel d&#039;observation du ciel\",\"publisher\":{\"@id\":\"https:\/\/www.stelvision.com\/astro\/#organization\"},\"potentialAction\":[{\"@type\":\"SearchAction\",\"target\":{\"@type\":\"EntryPoint\",\"urlTemplate\":\"https:\/\/www.stelvision.com\/astro\/?s={search_term_string}\"},\"query-input\":{\"@type\":\"PropertyValueSpecification\",\"valueRequired\":true,\"valueName\":\"search_term_string\"}}],\"inLanguage\":\"fr-FR\"},{\"@type\":\"Organization\",\"@id\":\"https:\/\/www.stelvision.com\/astro\/#organization\",\"name\":\"Stelvision\",\"url\":\"https:\/\/www.stelvision.com\/astro\/\",\"logo\":{\"@type\":\"ImageObject\",\"inLanguage\":\"fr-FR\",\"@id\":\"https:\/\/www.stelvision.com\/astro\/#\/schema\/logo\/image\/\",\"url\":\"https:\/\/www.stelvision.com\/astro\/wp-content\/uploads\/2019\/03\/logo_lisse_bleu_Stelvision_600.png\",\"contentUrl\":\"https:\/\/www.stelvision.com\/astro\/wp-content\/uploads\/2019\/03\/logo_lisse_bleu_Stelvision_600.png\",\"width\":600,\"height\":277,\"caption\":\"Stelvision\"},\"image\":{\"@id\":\"https:\/\/www.stelvision.com\/astro\/#\/schema\/logo\/image\/\"},\"sameAs\":[\"https:\/\/www.facebook.com\/people\/Stelvision\/100063368192331\/\"]}]}<\/script>\n<!-- \/ Yoast SEO plugin. -->","yoast_head_json":{"title":"easyScope | page utilisateurs","description":"Bienvenue sur la page des utilisateurs easyScope ! Vous trouverez ici des conseils et astuces pour bien observer les \u00e9toiles avec votre instrument ultra-compact.","robots":{"index":"index","follow":"follow","max-snippet":"max-snippet:-1","max-image-preview":"max-image-preview:large","max-video-preview":"max-video-preview:-1"},"canonical":"https:\/\/www.stelvision.com\/astro\/easyscope\/","og_locale":"fr_FR","og_type":"article","og_title":"easyScope | page utilisateurs","og_description":"Bienvenue sur la page des utilisateurs easyScope ! Vous trouverez ici des conseils et astuces pour bien observer les \u00e9toiles avec votre instrument ultra-compact.","og_url":"https:\/\/www.stelvision.com\/astro\/easyscope\/","og_site_name":"Stelvision","article_publisher":"https:\/\/www.facebook.com\/people\/Stelvision\/100063368192331\/","article_modified_time":"2026-01-15T14:32:13+00:00","og_image":[{"width":700,"height":340,"url":"https:\/\/www.stelvision.com\/astro\/wp-content\/uploads\/2018\/06\/easyscope_main_700.jpg","type":"image\/jpeg"}],"twitter_card":"summary_large_image","twitter_title":"easyScope | page utilisateurs","twitter_description":"Bienvenue sur la page des utilisateurs easyScope ! Vous trouverez ici des conseils et astuces pour bien observer les \u00e9toiles avec votre instrument ultra-compact.","twitter_image":"https:\/\/www.stelvision.com\/astro\/wp-content\/uploads\/2018\/06\/easyscope_main_700.jpg","twitter_misc":{"Dur\u00e9e de lecture estim\u00e9e":"3 minutes"},"schema":{"@context":"https:\/\/schema.org","@graph":[{"@type":"WebPage","@id":"https:\/\/www.stelvision.com\/astro\/easyscope\/","url":"https:\/\/www.stelvision.com\/astro\/easyscope\/","name":"easyScope | page utilisateurs","isPartOf":{"@id":"https:\/\/www.stelvision.com\/astro\/#website"},"primaryImageOfPage":{"@id":"https:\/\/www.stelvision.com\/astro\/easyscope\/#primaryimage"},"image":{"@id":"https:\/\/www.stelvision.com\/astro\/easyscope\/#primaryimage"},"thumbnailUrl":"https:\/\/www.stelvision.com\/astro\/wp-content\/uploads\/2021\/06\/easyscope_math_700.jpg","datePublished":"2021-06-28T08:10:41+00:00","dateModified":"2026-01-15T14:32:13+00:00","description":"Bienvenue sur la page des utilisateurs easyScope ! Vous trouverez ici des conseils et astuces pour bien observer les \u00e9toiles avec votre instrument ultra-compact.","breadcrumb":{"@id":"https:\/\/www.stelvision.com\/astro\/easyscope\/#breadcrumb"},"inLanguage":"fr-FR","potentialAction":[{"@type":"ReadAction","target":["https:\/\/www.stelvision.com\/astro\/easyscope\/"]}]},{"@type":"ImageObject","inLanguage":"fr-FR","@id":"https:\/\/www.stelvision.com\/astro\/easyscope\/#primaryimage","url":"https:\/\/www.stelvision.com\/astro\/wp-content\/uploads\/2021\/06\/easyscope_math_700.jpg","contentUrl":"https:\/\/www.stelvision.com\/astro\/wp-content\/uploads\/2021\/06\/easyscope_math_700.jpg","width":700,"height":700},{"@type":"BreadcrumbList","@id":"https:\/\/www.stelvision.com\/astro\/easyscope\/#breadcrumb","itemListElement":[{"@type":"ListItem","position":1,"name":"Accueil","item":"https:\/\/www.stelvision.com\/astro\/"},{"@type":"ListItem","position":2,"name":"easyScope | page utilisateurs"}]},{"@type":"WebSite","@id":"https:\/\/www.stelvision.com\/astro\/#website","url":"https:\/\/www.stelvision.com\/astro\/","name":"Stelvision","description":"conseils, livres et mat\u00e9riel d&#039;observation du ciel","publisher":{"@id":"https:\/\/www.stelvision.com\/astro\/#organization"},"potentialAction":[{"@type":"SearchAction","target":{"@type":"EntryPoint","urlTemplate":"https:\/\/www.stelvision.com\/astro\/?s={search_term_string}"},"query-input":{"@type":"PropertyValueSpecification","valueRequired":true,"valueName":"search_term_string"}}],"inLanguage":"fr-FR"},{"@type":"Organization","@id":"https:\/\/www.stelvision.com\/astro\/#organization","name":"Stelvision","url":"https:\/\/www.stelvision.com\/astro\/","logo":{"@type":"ImageObject","inLanguage":"fr-FR","@id":"https:\/\/www.stelvision.com\/astro\/#\/schema\/logo\/image\/","url":"https:\/\/www.stelvision.com\/astro\/wp-content\/uploads\/2019\/03\/logo_lisse_bleu_Stelvision_600.png","contentUrl":"https:\/\/www.stelvision.com\/astro\/wp-content\/uploads\/2019\/03\/logo_lisse_bleu_Stelvision_600.png","width":600,"height":277,"caption":"Stelvision"},"image":{"@id":"https:\/\/www.stelvision.com\/astro\/#\/schema\/logo\/image\/"},"sameAs":["https:\/\/www.facebook.com\/people\/Stelvision\/100063368192331\/"]}]}},"_links":{"self":[{"href":"https:\/\/www.stelvision.com\/astro\/wp-json\/wp\/v2\/pages\/35037","targetHints":{"allow":["GET"]}}],"collection":[{"href":"https:\/\/www.stelvision.com\/astro\/wp-json\/wp\/v2\/pages"}],"about":[{"href":"https:\/\/www.stelvision.com\/astro\/wp-json\/wp\/v2\/types\/page"}],"author":[{"embeddable":true,"href":"https:\/\/www.stelvision.com\/astro\/wp-json\/wp\/v2\/users\/5"}],"replies":[{"embeddable":true,"href":"https:\/\/www.stelvision.com\/astro\/wp-json\/wp\/v2\/comments?post=35037"}],"version-history":[{"count":25,"href":"https:\/\/www.stelvision.com\/astro\/wp-json\/wp\/v2\/pages\/35037\/revisions"}],"predecessor-version":[{"id":73812,"href":"https:\/\/www.stelvision.com\/astro\/wp-json\/wp\/v2\/pages\/35037\/revisions\/73812"}],"wp:attachment":[{"href":"https:\/\/www.stelvision.com\/astro\/wp-json\/wp\/v2\/media?parent=35037"}],"curies":[{"name":"wp","href":"https:\/\/api.w.org\/{rel}","templated":true}]}}