{"id":41845,"date":"2022-02-01T15:08:33","date_gmt":"2022-02-01T14:08:33","guid":{"rendered":"https:\/\/www.stelvision.com\/astro\/?page_id=41845"},"modified":"2024-12-10T10:21:42","modified_gmt":"2024-12-10T09:21:42","slug":"ecliptique","status":"publish","type":"page","link":"https:\/\/www.stelvision.com\/astro\/ecliptique\/","title":{"rendered":"L&rsquo;\u00e9cliptique, lieu de rencontre des plan\u00e8tes dans le ciel"},"content":{"rendered":"\n<p class=\"chapo\">L&rsquo;\u00e9cliptique est une ligne imaginaire trac\u00e9e sur la vo\u00fbte c\u00e9leste, pr\u00e8s de laquelle circulent les plan\u00e8tes de notre Syst\u00e8me solaire. Quelle est son origine&nbsp;? En quoi cette ligne est-elle utile&nbsp;? Explications.<\/p>\n\n\n<div class=\"wp-block-image\">\n<figure class=\"aligncenter size-full\"><a href=\"https:\/\/www.stelvision.com\/astro\/wp-content\/uploads\/2022\/01\/ecliptique_constellations_b.jpg\" data-rel=\"lightbox-gallery-q2zaVa7K\" data-rl_title=\"ecliptique_constellations_b\" data-rl_caption=\"\" title=\"ecliptique_constellations_b\"><img decoding=\"async\" width=\"1024\" height=\"446\" src=\"https:\/\/www.stelvision.com\/astro\/wp-content\/uploads\/2022\/01\/ecliptique_constellations_b.jpg\" alt=\"Sch\u00e9ma montrant la Terre \u00e0 diff\u00e9rentes positions sur son orbite, avec des fl\u00e8ches qui partent de la Terre et passent par le Soleil. Ces fl\u00e8ches aux directions diff\u00e9rentes montrent des constellations diff\u00e9rentes, et par ces constellations passe la ligne de l'\u00e9cliptique.\" class=\"wp-image-42042\" srcset=\"https:\/\/www.stelvision.com\/astro\/wp-content\/uploads\/2022\/01\/ecliptique_constellations_b.jpg 1024w, https:\/\/www.stelvision.com\/astro\/wp-content\/uploads\/2022\/01\/ecliptique_constellations_b-300x131.jpg 300w, https:\/\/www.stelvision.com\/astro\/wp-content\/uploads\/2022\/01\/ecliptique_constellations_b-768x335.jpg 768w, https:\/\/www.stelvision.com\/astro\/wp-content\/uploads\/2022\/01\/ecliptique_constellations_b-750x327.jpg 750w, https:\/\/www.stelvision.com\/astro\/wp-content\/uploads\/2022\/01\/ecliptique_constellations_b-570x248.jpg 570w, https:\/\/www.stelvision.com\/astro\/wp-content\/uploads\/2022\/01\/ecliptique_constellations_b-368x160.jpg 368w, https:\/\/www.stelvision.com\/astro\/wp-content\/uploads\/2022\/01\/ecliptique_constellations_b-270x118.jpg 270w, https:\/\/www.stelvision.com\/astro\/wp-content\/uploads\/2022\/01\/ecliptique_constellations_b-1000x436.jpg 1000w\" sizes=\"(max-width: 1024px) 100vw, 1024px\" \/><\/a><figcaption class=\"wp-element-caption\"><strong>Pour tracer la ligne de l&rsquo;\u00e9cliptique, on observe la position apparente du Soleil par rapport aux \u00e9toiles, tout au long du d\u00e9placement de la Terre sur son orbite qui dure un an.<\/strong><\/figcaption><\/figure>\n<\/div>\n\n\n<h2 class=\"wp-block-heading\">Qu&rsquo;est-ce que l&rsquo;\u00e9cliptique&nbsp;?<\/h2>\n\n\n\n<p>Elle fait le tour de la vo\u00fbte c\u00e9leste&nbsp;: <strong><em>l&rsquo;\u00e9cliptique<\/em> est une ligne imaginaire correspondant au d\u00e9placement apparent du Soleil lorsqu&rsquo;il est observ\u00e9 depuis la Terre<\/strong>. En effet, parce que notre plan\u00e8te tourne autour du Soleil en un an, nous voyons celui-ci chaque jour \u00e0 un endroit l\u00e9g\u00e8rement diff\u00e9rent du ciel par rapport aux \u00e9toiles (s&rsquo;il \u00e9tait possible de voir les \u00e9toiles en plein jour). Ce d\u00e9placement se produit en direction de l&rsquo;est et progresse d&rsquo;environ un degr\u00e9 par 24 heures, soit l&rsquo;\u00e9quivalent de deux fois le diam\u00e8tre lunaire.<\/p>\n\n\n\n<p>Par extension, on parle du <em>plan de l&rsquo;\u00e9cliptique<\/em>&nbsp;: il s&rsquo;agit du plan contenant le Soleil et l&rsquo;orbite de la Terre.<\/p>\n\n\n\n<p>L&rsquo;\u00e9cliptique traverse treize <a href=\"https:\/\/www.stelvision.com\/astro\/qu-est-ce-qu-une-constellation\/\">constellations<\/a>&nbsp;: les douze constellations du zodiaque (le B\u00e9lier, le Taureau, les G\u00e9meaux, le Cancer, le Lion, la Vierge, la Balance, le Scorpion, le Sagittaire, le Capricorne, le Verseau, les Poissons), ainsi qu&rsquo;Ophiuchus.<\/p>\n\n\n\n<p class=\"boxFocus color1\"><strong>Le saviez-vous&nbsp;?<\/strong><br>On a choisi le nom d&rsquo;\u00e9cliptique car cette ligne a un rapport \u00e9troit avec les \u00e9clipses. Celles-ci ne sont possibles que lorsque la Lune se trouve sur l&rsquo;\u00e9cliptique ou qu&rsquo;elle en est tr\u00e8s proche, alors qu&rsquo;il se produit par ailleurs un alignement Soleil-Terre-Lune (pour une <a href=\"https:\/\/www.stelvision.com\/astro\/eclipse-de-lune\/\" target=\"_blank\" rel=\"noreferrer noopener\">\u00e9clipse de Lune<\/a>) ou Soleil-Lune-Terre (pour une <a href=\"https:\/\/www.stelvision.com\/astro\/eclipses-de-soleil\/\">\u00e9clipse de Soleil<\/a>).<\/p>\n\n\n\n<h2 class=\"wp-block-heading\">Le plan de l&rsquo;\u00e9cliptique, r\u00e9f\u00e9rence bien utile<\/h2>\n\n\n\n<p>Le plan de l&rsquo;\u00e9cliptique sert de r\u00e9f\u00e9rence pour mesurer les inclinaisons des orbites des astres du Syst\u00e8me solaire. Pour les huit plan\u00e8tes, cela va de 0,8\u00b0 pour Uranus \u00e0 7\u00b0 pour Mercure. Il s&rsquo;agit de valeurs assez faibles&nbsp;: en pratique, on voit donc toutes ces plan\u00e8tes circuler dans une bande de ciel assez \u00e9troite autour de l&rsquo;\u00e9cliptique.<\/p>\n\n\n\n<p>En revanche, les orbites des astres plus petits ont une inclinaison plus variable et qui peut parfois \u00eatre tr\u00e8s importante. On peut ainsi retrouver les <a href=\"https:\/\/www.stelvision.com\/astro\/pluton-et-les-planetes-naines\/\">plan\u00e8tes naines<\/a>, les <a href=\"https:\/\/www.stelvision.com\/astro\/comprendre-les-cometes\/\">com\u00e8tes<\/a> et les <a href=\"https:\/\/www.stelvision.com\/astro\/les-asteroides\/\">ast\u00e9ro\u00efdes<\/a> un peu partout dans le ciel.<\/p>\n\n\n<div class=\"wp-block-image\">\n<figure class=\"aligncenter size-full\"><img decoding=\"async\" width=\"1024\" height=\"391\" src=\"https:\/\/www.stelvision.com\/astro\/wp-content\/uploads\/2022\/01\/ecliptique_comparatif_planetes.jpg\" alt=\"Sch\u00e9ma montrant les plans des orbites des plan\u00e8tes du Syst\u00e8me solaires. Leur inclinaison est de 7\u00b0 pour Mercure, 3.4\u00b0 pour V\u00e9nus, 0\u00b0 pour la Terre (r\u00e9f\u00e9rence) 1.9\u00b0 pour Mars, 1.3\u00b0 pour Jupiter, 2.5\u00b0 pour Saturne, 0.8\u00b0 pour Uranus, 1.8\u00b0 pour Neptune.\" class=\"wp-image-42079\" srcset=\"https:\/\/www.stelvision.com\/astro\/wp-content\/uploads\/2022\/01\/ecliptique_comparatif_planetes.jpg 1024w, https:\/\/www.stelvision.com\/astro\/wp-content\/uploads\/2022\/01\/ecliptique_comparatif_planetes-300x115.jpg 300w, https:\/\/www.stelvision.com\/astro\/wp-content\/uploads\/2022\/01\/ecliptique_comparatif_planetes-768x293.jpg 768w, https:\/\/www.stelvision.com\/astro\/wp-content\/uploads\/2022\/01\/ecliptique_comparatif_planetes-750x286.jpg 750w, https:\/\/www.stelvision.com\/astro\/wp-content\/uploads\/2022\/01\/ecliptique_comparatif_planetes-570x218.jpg 570w, https:\/\/www.stelvision.com\/astro\/wp-content\/uploads\/2022\/01\/ecliptique_comparatif_planetes-368x141.jpg 368w, https:\/\/www.stelvision.com\/astro\/wp-content\/uploads\/2022\/01\/ecliptique_comparatif_planetes-270x103.jpg 270w, https:\/\/www.stelvision.com\/astro\/wp-content\/uploads\/2022\/01\/ecliptique_comparatif_planetes-1000x382.jpg 1000w\" sizes=\"(max-width: 1024px) 100vw, 1024px\" \/><figcaption class=\"wp-element-caption\"><strong>Repr\u00e9sentation de l&rsquo;inclinaison de l&rsquo;orbite des huit plan\u00e8tes du Syst\u00e8me solaire, par rapport au plan de l&rsquo;\u00e9cliptique. Les plans des orbites des diff\u00e9rentes plan\u00e8tes sont relativement proches, c&rsquo;est pourquoi les lignes qui les repr\u00e9sentent ici se confondent presque. Les tailles et distances respectives des astres repr\u00e9sent\u00e9s ne sont pas respect\u00e9es.<\/strong><\/figcaption><\/figure>\n<\/div>\n\n\n<h2 class=\"wp-block-heading\">\u00c9cliptique et zodiaque<\/h2>\n\n\n\n<p>Le<em> zodiaque<\/em> (ou <em>bande zodiacale<\/em>) est la zone o\u00f9 circulent les plan\u00e8tes. Large de 8,5\u00b0 de part et d&rsquo;autre de l&rsquo;\u00e9cliptique, cette bande passe sur treize constellations&nbsp;: les douze constellations du zodiaque ainsi que celle d&rsquo;Ophiuchus.<\/p>\n\n\n\n<p>Selon qu&rsquo;on parle de zodiaque en astronomie ou en astrologie, on \u00e9voque deux choses diff\u00e9rentes.<br><strong>D&rsquo;un point de vue astrologique<\/strong>, on consid\u00e8re qu&rsquo;il y a douze<em> signes du zodiaque<\/em>, qui correspondent dans le ciel \u00e0 un d\u00e9coupage de la bande zodiacale en douze portions \u00e9gales.<br><strong>D&rsquo;un point de vue astronomique<\/strong>, la bande zodiacale traverse treize <em>constellations du zodiaque<\/em> dont les contours ont \u00e9t\u00e9 d\u00e9finis en 1930 par l&rsquo;Union astronomique internationale. Ces constellations ont des surfaces in\u00e9gales qui ne co\u00efncident pas avec les signes du zodiaque d\u00e9finis il y a des milliers d&rsquo;ann\u00e9es. <\/p>\n\n\n\n<h2 class=\"wp-block-heading\">L&rsquo;\u00e9cliptique, lieu de rencontres<\/h2>\n\n\n<div class=\"wp-block-image\">\n<figure class=\"aligncenter size-full is-resized\"><img decoding=\"async\" width=\"728\" height=\"800\" src=\"https:\/\/www.stelvision.com\/astro\/wp-content\/uploads\/2022\/02\/LuneVenusJupiterSauveterre__E_Linden_230615.jpg\" alt=\"Image d'un cr\u00e9puscule au dessus d'une rivi\u00e8re, le ciel est bleu en haut, orang\u00e9e pr\u00e8s de l'horizon. La rivi\u00e8re est bord\u00e9e d'arbres. Un croissant de lune avec lumi\u00e8re cendr\u00e9e est visible et au dessus il y a deux points lumineux qui sont les plan\u00e8tes V\u00e9nus et Jupiter.\" class=\"wp-image-42085\" style=\"width:546px;height:600px\" srcset=\"https:\/\/www.stelvision.com\/astro\/wp-content\/uploads\/2022\/02\/LuneVenusJupiterSauveterre__E_Linden_230615.jpg 728w, https:\/\/www.stelvision.com\/astro\/wp-content\/uploads\/2022\/02\/LuneVenusJupiterSauveterre__E_Linden_230615-273x300.jpg 273w, https:\/\/www.stelvision.com\/astro\/wp-content\/uploads\/2022\/02\/LuneVenusJupiterSauveterre__E_Linden_230615-570x626.jpg 570w, https:\/\/www.stelvision.com\/astro\/wp-content\/uploads\/2022\/02\/LuneVenusJupiterSauveterre__E_Linden_230615-368x404.jpg 368w, https:\/\/www.stelvision.com\/astro\/wp-content\/uploads\/2022\/02\/LuneVenusJupiterSauveterre__E_Linden_230615-270x297.jpg 270w\" sizes=\"(max-width: 728px) 100vw, 728px\" \/><figcaption class=\"wp-element-caption\"><strong>Le rapprochement entre V\u00e9nus, Jupiter et la Lune du 23&nbsp;juin&nbsp;2015 photographi\u00e9 au-dessus de la Garonne.<\/strong> <small>Photo&nbsp;: Emmanuel Linden &#8211;&nbsp;Concours photo Stelvision<\/small><\/figcaption><\/figure>\n<\/div>\n\n\n<p>Comme les huit plan\u00e8tes de notre Syst\u00e8me solaire circulent toutes au voisinage de l&rsquo;\u00e9cliptique, leurs mouvements apparents les am\u00e8nent r\u00e9guli\u00e8rement \u00e0 se trouver pr\u00e8s les unes des autres, parfois m\u00eame tr\u00e8s pr\u00e8s&nbsp;! On parle alors de <em>rapprochement plan\u00e9taire<\/em>, le moment pr\u00e9cis o\u00f9 leur distance apparente est la plus faible \u00e9tant appel\u00e9 <em><a href=\"https:\/\/www.stelvision.com\/astro\/conjonction-opposition-planete\/#conjonction\">conjonction<\/a><\/em>.<\/p>\n\n\n\n<p>Le plus souvent, les plan\u00e8tes se trouvent \u00e0 quelques degr\u00e9s l&rsquo;une de l&rsquo;autre, ce qui est int\u00e9ressant \u00e0 voir lorsqu&rsquo;il s&rsquo;agit des plus brillantes et visibles \u00e0 l&rsquo;\u0153il nu (V\u00e9nus, Jupiter, Saturne, Mars et Mercure). Si la Lune passe elle aussi \u00e0 proximit\u00e9, l&rsquo;observation gagne alors beaucoup en esth\u00e9tique.<\/p>\n\n\n\n<p>Dans de plus rares cas, la distance est inf\u00e9rieure \u00e0 <a href=\"https:\/\/www.stelvision.com\/astro\/distances-tailles-dans-ciel-degres-minutes-secondes\/\">un degr\u00e9, voire un demi-degr\u00e9<\/a> (soit un diam\u00e8tre lunaire)\u00a0: voir deux plan\u00e8tes si proches devient vraiment attrayant. Il devient m\u00eame possible de les d\u00e9tailler ensemble dans <a href=\"https:\/\/www.stelvision.com\/astro\/produits\/telescopes-lunettes\/\">une lunette astronomique ou un petit t\u00e9lescope<\/a> !<\/p>\n\n\n\n<p>Enfin, tr\u00e8s exceptionnellement, lorsque la distance n&rsquo;est plus que de quelques minutes d&rsquo;arc (un degr\u00e9&nbsp;=&nbsp;60&nbsp;minutes d&rsquo;arc), on parle de <em>grande conjonction<\/em>. C&rsquo;est par exemple ce qui s&rsquo;est produit <a href=\"https:\/\/www.stelvision.com\/astro\/21-decembre-2020-la-grande-conjonction-saturne-jupiter\/\" target=\"_blank\" rel=\"noreferrer noopener\">le 21&nbsp;d\u00e9cembre&nbsp;2020<\/a> entre les plan\u00e8tes Jupiter et Saturne, qui \u00e9taient distantes de seulement six minutes d&rsquo;arc.<\/p>\n\n\n\t\t\t\t\t\t<div style=\"margin-bottom: 18px;\">\t\t\t\t<a rel=\"nofollow\" href=\"https:\/\/www.stelvision.com\/astro\/boutique\/le-ciel-au-telescope\/?ref=bottom\">\r\n\t\t\t\t\t<img decoding=\"async\" src=\"https:\/\/www.stelvision.com\/astro\/wp-content\/uploads\/2025\/10\/Ciel-au-telescope-1200x900-1.webp\" alt=\"visuel publicitaire livre le Ciel au t\u00e9lescope\" class=\"img-responsive\">\r\n\t\t\t\t<\/a>\r\n\t\t\t\t<p style=\"text-align: center; margin-bottom: 0em; margin-top: 0.25em;\"><strong><a rel=\"nofollow\" href=\"https:\/\/www.stelvision.com\/astro\/boutique\/le-ciel-au-telescope\/?ref=bottom\">Le Ciel au t\u00e9lescope, le guide indispensable pour r\u00e9ussir vos observations<\/a><\/strong><\/p>\r\n\t\t\t<\/div>\n","protected":false},"excerpt":{"rendered":"<p>L&rsquo;\u00e9cliptique est une ligne imaginaire trac\u00e9e sur la vo\u00fbte c\u00e9leste, pr\u00e8s de laquelle circulent les plan\u00e8tes de notre Syst\u00e8me solaire. Quelle est son origine&nbsp;? En <a href=\"https:\/\/www.stelvision.com\/astro\/ecliptique\/\" class=\"more-link\">&#8230;<span class=\"screen-reader-text\">  L&rsquo;\u00e9cliptique, lieu de rencontre des plan\u00e8tes dans le ciel<\/span><\/a><\/p>\n","protected":false},"author":5,"featured_media":0,"parent":0,"menu_order":0,"comment_status":"closed","ping_status":"closed","template":"","meta":{"_acf_changed":false,"footnotes":""},"class_list":["post-41845","page","type-page","status-publish","hentry"],"acf":[],"yoast_head":"<!-- This site is optimized with the Yoast SEO plugin v27.1.1 - https:\/\/yoast.com\/product\/yoast-seo-wordpress\/ -->\n<title>L&#039;\u00e9cliptique, lieu de rencontre des plan\u00e8tes dans le ciel<\/title>\n<meta name=\"description\" content=\"L&#039;\u00e9cliptique est une ligne imaginaire trac\u00e9e dans le ciel pr\u00e8s de laquelle circulent les plan\u00e8tes. D&#039;o\u00f9 vient-elle et quel est son int\u00e9r\u00eat ?\" \/>\n<meta name=\"robots\" content=\"index, follow, max-snippet:-1, max-image-preview:large, max-video-preview:-1\" \/>\n<link rel=\"canonical\" href=\"https:\/\/www.stelvision.com\/astro\/ecliptique\/\" \/>\n<meta property=\"og:locale\" content=\"fr_FR\" \/>\n<meta property=\"og:type\" content=\"article\" \/>\n<meta property=\"og:title\" content=\"L&#039;\u00e9cliptique, lieu de rencontre des plan\u00e8tes dans le ciel\" \/>\n<meta property=\"og:description\" content=\"L&#039;\u00e9cliptique est une ligne imaginaire trac\u00e9e dans le ciel pr\u00e8s de laquelle circulent les plan\u00e8tes. D&#039;o\u00f9 vient-elle et quel est son int\u00e9r\u00eat ?\" \/>\n<meta property=\"og:url\" content=\"https:\/\/www.stelvision.com\/astro\/ecliptique\/\" \/>\n<meta property=\"og:site_name\" content=\"Stelvision\" \/>\n<meta property=\"article:publisher\" content=\"https:\/\/www.facebook.com\/people\/Stelvision\/100063368192331\/\" \/>\n<meta property=\"article:modified_time\" content=\"2024-12-10T09:21:42+00:00\" \/>\n<meta property=\"og:image\" content=\"https:\/\/www.stelvision.com\/astro\/wp-content\/uploads\/2022\/01\/ecliptique_constellations_b.jpg\" \/>\n\t<meta property=\"og:image:width\" content=\"1024\" \/>\n\t<meta property=\"og:image:height\" content=\"446\" \/>\n\t<meta property=\"og:image:type\" content=\"image\/jpeg\" \/>\n<meta name=\"twitter:card\" content=\"summary_large_image\" \/>\n<meta name=\"twitter:label1\" content=\"Dur\u00e9e de lecture estim\u00e9e\" \/>\n\t<meta name=\"twitter:data1\" content=\"5 minutes\" \/>\n<script type=\"application\/ld+json\" class=\"yoast-schema-graph\">{\"@context\":\"https:\/\/schema.org\",\"@graph\":[{\"@type\":\"WebPage\",\"@id\":\"https:\/\/www.stelvision.com\/astro\/ecliptique\/\",\"url\":\"https:\/\/www.stelvision.com\/astro\/ecliptique\/\",\"name\":\"L'\u00e9cliptique, lieu de rencontre des plan\u00e8tes dans le ciel\",\"isPartOf\":{\"@id\":\"https:\/\/www.stelvision.com\/astro\/#website\"},\"primaryImageOfPage\":{\"@id\":\"https:\/\/www.stelvision.com\/astro\/ecliptique\/#primaryimage\"},\"image\":{\"@id\":\"https:\/\/www.stelvision.com\/astro\/ecliptique\/#primaryimage\"},\"thumbnailUrl\":\"https:\/\/www.stelvision.com\/astro\/wp-content\/uploads\/2022\/01\/ecliptique_constellations_b.jpg\",\"datePublished\":\"2022-02-01T14:08:33+00:00\",\"dateModified\":\"2024-12-10T09:21:42+00:00\",\"description\":\"L'\u00e9cliptique est une ligne imaginaire trac\u00e9e dans le ciel pr\u00e8s de laquelle circulent les plan\u00e8tes. D'o\u00f9 vient-elle et quel est son int\u00e9r\u00eat ?\",\"breadcrumb\":{\"@id\":\"https:\/\/www.stelvision.com\/astro\/ecliptique\/#breadcrumb\"},\"inLanguage\":\"fr-FR\",\"potentialAction\":[{\"@type\":\"ReadAction\",\"target\":[\"https:\/\/www.stelvision.com\/astro\/ecliptique\/\"]}]},{\"@type\":\"ImageObject\",\"inLanguage\":\"fr-FR\",\"@id\":\"https:\/\/www.stelvision.com\/astro\/ecliptique\/#primaryimage\",\"url\":\"https:\/\/www.stelvision.com\/astro\/wp-content\/uploads\/2022\/01\/ecliptique_constellations_b.jpg\",\"contentUrl\":\"https:\/\/www.stelvision.com\/astro\/wp-content\/uploads\/2022\/01\/ecliptique_constellations_b.jpg\",\"width\":1024,\"height\":446},{\"@type\":\"BreadcrumbList\",\"@id\":\"https:\/\/www.stelvision.com\/astro\/ecliptique\/#breadcrumb\",\"itemListElement\":[{\"@type\":\"ListItem\",\"position\":1,\"name\":\"Accueil\",\"item\":\"https:\/\/www.stelvision.com\/astro\/\"},{\"@type\":\"ListItem\",\"position\":2,\"name\":\"L&rsquo;\u00e9cliptique, lieu de rencontre des plan\u00e8tes dans le ciel\"}]},{\"@type\":\"WebSite\",\"@id\":\"https:\/\/www.stelvision.com\/astro\/#website\",\"url\":\"https:\/\/www.stelvision.com\/astro\/\",\"name\":\"Stelvision\",\"description\":\"conseils, livres et mat\u00e9riel d&#039;observation du ciel\",\"publisher\":{\"@id\":\"https:\/\/www.stelvision.com\/astro\/#organization\"},\"potentialAction\":[{\"@type\":\"SearchAction\",\"target\":{\"@type\":\"EntryPoint\",\"urlTemplate\":\"https:\/\/www.stelvision.com\/astro\/?s={search_term_string}\"},\"query-input\":{\"@type\":\"PropertyValueSpecification\",\"valueRequired\":true,\"valueName\":\"search_term_string\"}}],\"inLanguage\":\"fr-FR\"},{\"@type\":\"Organization\",\"@id\":\"https:\/\/www.stelvision.com\/astro\/#organization\",\"name\":\"Stelvision\",\"url\":\"https:\/\/www.stelvision.com\/astro\/\",\"logo\":{\"@type\":\"ImageObject\",\"inLanguage\":\"fr-FR\",\"@id\":\"https:\/\/www.stelvision.com\/astro\/#\/schema\/logo\/image\/\",\"url\":\"https:\/\/www.stelvision.com\/astro\/wp-content\/uploads\/2019\/03\/logo_lisse_bleu_Stelvision_600.png\",\"contentUrl\":\"https:\/\/www.stelvision.com\/astro\/wp-content\/uploads\/2019\/03\/logo_lisse_bleu_Stelvision_600.png\",\"width\":600,\"height\":277,\"caption\":\"Stelvision\"},\"image\":{\"@id\":\"https:\/\/www.stelvision.com\/astro\/#\/schema\/logo\/image\/\"},\"sameAs\":[\"https:\/\/www.facebook.com\/people\/Stelvision\/100063368192331\/\"]}]}<\/script>\n<!-- \/ Yoast SEO plugin. -->","yoast_head_json":{"title":"L'\u00e9cliptique, lieu de rencontre des plan\u00e8tes dans le ciel","description":"L'\u00e9cliptique est une ligne imaginaire trac\u00e9e dans le ciel pr\u00e8s de laquelle circulent les plan\u00e8tes. D'o\u00f9 vient-elle et quel est son int\u00e9r\u00eat ?","robots":{"index":"index","follow":"follow","max-snippet":"max-snippet:-1","max-image-preview":"max-image-preview:large","max-video-preview":"max-video-preview:-1"},"canonical":"https:\/\/www.stelvision.com\/astro\/ecliptique\/","og_locale":"fr_FR","og_type":"article","og_title":"L'\u00e9cliptique, lieu de rencontre des plan\u00e8tes dans le ciel","og_description":"L'\u00e9cliptique est une ligne imaginaire trac\u00e9e dans le ciel pr\u00e8s de laquelle circulent les plan\u00e8tes. D'o\u00f9 vient-elle et quel est son int\u00e9r\u00eat ?","og_url":"https:\/\/www.stelvision.com\/astro\/ecliptique\/","og_site_name":"Stelvision","article_publisher":"https:\/\/www.facebook.com\/people\/Stelvision\/100063368192331\/","article_modified_time":"2024-12-10T09:21:42+00:00","og_image":[{"width":1024,"height":446,"url":"https:\/\/www.stelvision.com\/astro\/wp-content\/uploads\/2022\/01\/ecliptique_constellations_b.jpg","type":"image\/jpeg"}],"twitter_card":"summary_large_image","twitter_misc":{"Dur\u00e9e de lecture estim\u00e9e":"5 minutes"},"schema":{"@context":"https:\/\/schema.org","@graph":[{"@type":"WebPage","@id":"https:\/\/www.stelvision.com\/astro\/ecliptique\/","url":"https:\/\/www.stelvision.com\/astro\/ecliptique\/","name":"L'\u00e9cliptique, lieu de rencontre des plan\u00e8tes dans le ciel","isPartOf":{"@id":"https:\/\/www.stelvision.com\/astro\/#website"},"primaryImageOfPage":{"@id":"https:\/\/www.stelvision.com\/astro\/ecliptique\/#primaryimage"},"image":{"@id":"https:\/\/www.stelvision.com\/astro\/ecliptique\/#primaryimage"},"thumbnailUrl":"https:\/\/www.stelvision.com\/astro\/wp-content\/uploads\/2022\/01\/ecliptique_constellations_b.jpg","datePublished":"2022-02-01T14:08:33+00:00","dateModified":"2024-12-10T09:21:42+00:00","description":"L'\u00e9cliptique est une ligne imaginaire trac\u00e9e dans le ciel pr\u00e8s de laquelle circulent les plan\u00e8tes. D'o\u00f9 vient-elle et quel est son int\u00e9r\u00eat ?","breadcrumb":{"@id":"https:\/\/www.stelvision.com\/astro\/ecliptique\/#breadcrumb"},"inLanguage":"fr-FR","potentialAction":[{"@type":"ReadAction","target":["https:\/\/www.stelvision.com\/astro\/ecliptique\/"]}]},{"@type":"ImageObject","inLanguage":"fr-FR","@id":"https:\/\/www.stelvision.com\/astro\/ecliptique\/#primaryimage","url":"https:\/\/www.stelvision.com\/astro\/wp-content\/uploads\/2022\/01\/ecliptique_constellations_b.jpg","contentUrl":"https:\/\/www.stelvision.com\/astro\/wp-content\/uploads\/2022\/01\/ecliptique_constellations_b.jpg","width":1024,"height":446},{"@type":"BreadcrumbList","@id":"https:\/\/www.stelvision.com\/astro\/ecliptique\/#breadcrumb","itemListElement":[{"@type":"ListItem","position":1,"name":"Accueil","item":"https:\/\/www.stelvision.com\/astro\/"},{"@type":"ListItem","position":2,"name":"L&rsquo;\u00e9cliptique, lieu de rencontre des plan\u00e8tes dans le ciel"}]},{"@type":"WebSite","@id":"https:\/\/www.stelvision.com\/astro\/#website","url":"https:\/\/www.stelvision.com\/astro\/","name":"Stelvision","description":"conseils, livres et mat\u00e9riel d&#039;observation du ciel","publisher":{"@id":"https:\/\/www.stelvision.com\/astro\/#organization"},"potentialAction":[{"@type":"SearchAction","target":{"@type":"EntryPoint","urlTemplate":"https:\/\/www.stelvision.com\/astro\/?s={search_term_string}"},"query-input":{"@type":"PropertyValueSpecification","valueRequired":true,"valueName":"search_term_string"}}],"inLanguage":"fr-FR"},{"@type":"Organization","@id":"https:\/\/www.stelvision.com\/astro\/#organization","name":"Stelvision","url":"https:\/\/www.stelvision.com\/astro\/","logo":{"@type":"ImageObject","inLanguage":"fr-FR","@id":"https:\/\/www.stelvision.com\/astro\/#\/schema\/logo\/image\/","url":"https:\/\/www.stelvision.com\/astro\/wp-content\/uploads\/2019\/03\/logo_lisse_bleu_Stelvision_600.png","contentUrl":"https:\/\/www.stelvision.com\/astro\/wp-content\/uploads\/2019\/03\/logo_lisse_bleu_Stelvision_600.png","width":600,"height":277,"caption":"Stelvision"},"image":{"@id":"https:\/\/www.stelvision.com\/astro\/#\/schema\/logo\/image\/"},"sameAs":["https:\/\/www.facebook.com\/people\/Stelvision\/100063368192331\/"]}]}},"_links":{"self":[{"href":"https:\/\/www.stelvision.com\/astro\/wp-json\/wp\/v2\/pages\/41845","targetHints":{"allow":["GET"]}}],"collection":[{"href":"https:\/\/www.stelvision.com\/astro\/wp-json\/wp\/v2\/pages"}],"about":[{"href":"https:\/\/www.stelvision.com\/astro\/wp-json\/wp\/v2\/types\/page"}],"author":[{"embeddable":true,"href":"https:\/\/www.stelvision.com\/astro\/wp-json\/wp\/v2\/users\/5"}],"replies":[{"embeddable":true,"href":"https:\/\/www.stelvision.com\/astro\/wp-json\/wp\/v2\/comments?post=41845"}],"version-history":[{"count":34,"href":"https:\/\/www.stelvision.com\/astro\/wp-json\/wp\/v2\/pages\/41845\/revisions"}],"predecessor-version":[{"id":66595,"href":"https:\/\/www.stelvision.com\/astro\/wp-json\/wp\/v2\/pages\/41845\/revisions\/66595"}],"wp:attachment":[{"href":"https:\/\/www.stelvision.com\/astro\/wp-json\/wp\/v2\/media?parent=41845"}],"curies":[{"name":"wp","href":"https:\/\/api.w.org\/{rel}","templated":true}]}}