{"id":42548,"date":"2022-03-03T16:55:17","date_gmt":"2022-03-03T15:55:17","guid":{"rendered":"https:\/\/www.stelvision.com\/astro\/?page_id=42548"},"modified":"2025-01-27T10:05:12","modified_gmt":"2025-01-27T09:05:12","slug":"mentions-legales","status":"publish","type":"page","link":"https:\/\/www.stelvision.com\/astro\/mentions-legales\/","title":{"rendered":"Mentions l\u00e9gales"},"content":{"rendered":"\n<p><\/p>\n\n\n\n<h2 class=\"wp-block-heading\">Propri\u00e9taire du site<\/h2>\n\n\n\n<p>STELVISION<br>Soci\u00e9t\u00e9 par actions simplifi\u00e9e au capital social de 30 000 \u20ac<br>2 rue d&rsquo;Austerlitz &#8211; 31000 Toulouse<br>Tel. 05 54 54 19 24 (administratif) ou 05 54 54 71 20 (commercial)<br>SIREN : 882 209 935 RCS Toulouse<br>Courriel : contact (arobase) stelvision.com<\/p>\n\n\n\n<h2 class=\"wp-block-heading\">Directeur de publication<\/h2>\n\n\n\n<p>Bertrand d&rsquo;Armagnac<\/p>\n\n\n\n<h2 class=\"wp-block-heading\">H\u00e9bergeur<\/h2>\n\n\n\n<p>Ce site est h\u00e9berg\u00e9 par : <\/p>\n\n\n\n<p>Infomaniak Network SA<br>Rue Eug\u00e8ne Marziano 25<br>1227 Les Acacias (GE)<br>SUISSE<\/p>\n\n\n\n<h2 class=\"wp-block-heading\">Propri\u00e9t\u00e9 intellectuelle<\/h2>\n\n\n\n<p>La structure du Site ainsi que l\u2019ensemble des contenus diffus\u00e9s sur le Site sont prot\u00e9g\u00e9s par la l\u00e9gislation relative \u00e0 la propri\u00e9t\u00e9 intellectuelle.<\/p>\n\n\n\n<p>Tous les textes, logos, photos et images sont prot\u00e9g\u00e9s au titre des lois et conventions sur la propri\u00e9t\u00e9 intellectuelle. Toute reproduction (m\u00eame partielle) est strictement interdite sans notre accord pr\u00e9alable. Des d\u00e9tails concernant les auteurs ou d\u00e9tenteurs de droits sur le contenu du site sont fournis sur la page \u00ab\u00a0\u00c0 propos\u00a0\u00bb ou directement sur les pages concern\u00e9es (\u00e0 c\u00f4t\u00e9 des images ou en pied de page).<\/p>\n\n\n\n<h2 class=\"wp-block-heading\">Politique de fouille de textes et de donn\u00e9es &lt; TDM-RESERVATION: 1&gt;<\/h2>\n\n\n\n<p>Stelvision s\u2019oppose \u00e0 toutes op\u00e9rations de moissonnage et de fouille de textes et de donn\u00e9es au sens de l\u2019article L. 122-5-3 du code de la propri\u00e9t\u00e9 intellectuelle.<br>Cette opposition couvre l\u2019ensemble du Site et des Contenus auxquels il donne acc\u00e8s.<br>Toutes op\u00e9rations de moissonnage et de fouille de textes et de donn\u00e9es visant le Site et ses Contenus, y compris par des dispositifs de collecte automatis\u00e9e de donn\u00e9es constituent donc des actes de contrefa\u00e7on sauf obtention d\u2019un accord sp\u00e9cifique formellement exprim\u00e9 de Stelvision.<\/p>\n\n\n\n<p>L\u2019article R. 122-28 du code de la propri\u00e9t\u00e9 intellectuelle pr\u00e9cisant que l&rsquo;opposition mentionn\u00e9e au III de l&rsquo;article L. 122-5-3 peut \u00eatre exprim\u00e9e par tout moyen, y compris par le recours \u00e0 des conditions g\u00e9n\u00e9rales d&rsquo;utilisation d&rsquo;un site internet ou d&rsquo;un service, l\u2019absence de metadonn\u00e9es associ\u00e9es au Site, r\u00e9pertoires du Site, Contenus du Site est sans incidence sur l\u2019exercice du droit d\u2019opposition exprim\u00e9 par les pr\u00e9sentes conditions g\u00e9n\u00e9rales d\u2019utilisation.<\/p>\n\n\n\n<p>Pour faciliter la lecture de ce droit d\u2019opposition par tout dispositif de collecte automatis\u00e9e de donn\u00e9es, cette opposition est \u00e9galement exprim\u00e9e ainsi &lt; TDM-RESERVATION: 1&gt;.<\/p>\n\n\n\n<h2 class=\"wp-block-heading\">Mise en place de liens<\/h2>\n\n\n\n<p>Tout site Internet ou tout autre support est autoris\u00e9 \u00e0 citer ce site, \u00e0 condition de mettre en place un lien hypertexte pointant vers l&rsquo;adresse www.stelvision.com s&rsquo;il s&rsquo;agit d&rsquo;un support \u00e9lectronique, ou de citer cette adresse s&rsquo;il s&rsquo;agit d&rsquo;un autre support.<\/p>\n\n\n\n<p>Au titre de cette autorisation, nous nous r\u00e9servons un droit d&rsquo;opposition.<\/p>\n\n\n\n<p>R\u00e9ciproquement, les liens propos\u00e9s vers d&rsquo;autres sites sont communiqu\u00e9s \u00e0 titre indicatif et ne sauraient engager notre responsabilit\u00e9, tant en ce qui concerne les contenus que les conditions d&rsquo;acc\u00e8s.<\/p>\n\n\n\n<h2 class=\"wp-block-heading\" id=\"protection-donnees\">Protection des donn\u00e9es personnelles<\/h2>\n\n\n\n<p>Les donn\u00e9es personnelles sont prot\u00e9g\u00e9es par le R\u00e8glement UE 2016\/679 du 27 avril 2016 (RGPD).<\/p>\n\n\n\n<h3 class=\"wp-block-heading\">Destination des informations personnelles<\/h3>\n\n\n\n<p>Les donn\u00e9es personnelles contenues et collect\u00e9es sur ce site sont l\u2019URL des liens par l\u2019interm\u00e9diaire desquels l\u2019utilisateur a acc\u00e9d\u00e9 au site, le fournisseur d\u2019acc\u00e8s de l\u2019utilisation, l\u2019adresse de protocole Internet (IP) de l\u2019utilisateur, et dans le formulaire \u00ab lettre d\u2019information \u00bb le courriel de l\u2019utilisateur.<\/p>\n\n\n\n<p>Elles sont trait\u00e9es et sauvegard\u00e9es par STELVISION, responsable du traitement, pour les finalit\u00e9s suivantes :<\/p>\n\n\n\n<ul class=\"wp-block-list\">\n<li>L&rsquo;envoi des lettres d\u2019information<\/li>\n\n\n\n<li>Les statistiques internes<\/li>\n<\/ul>\n\n\n\n<p>Les donn\u00e9es personnelles des clients de la boutique en ligne sont la civilit\u00e9, nom, pr\u00e9nom, nom de la soci\u00e9t\u00e9, courriel, adresse postale et coordonn\u00e9es bancaires.<\/p>\n\n\n\n<p>Elles sont trait\u00e9es et sauvegard\u00e9es par STELVISION, responsable du traitement, pour les finalit\u00e9s suivantes :<\/p>\n\n\n\n<ul class=\"wp-block-list\">\n<li>Le traitement des commandes (facturation, exp\u00e9dition, service apr\u00e8s-vente et garantie)<\/li>\n\n\n\n<li>La tenue de la comptabilit\u00e9<\/li>\n\n\n\n<li>La constitution d\u2019un fichier clients<\/li>\n\n\n\n<li>Les statistiques internes<\/li>\n<\/ul>\n\n\n\n<p>En aucun cas les donn\u00e9es personnelles ne seront c\u00e9d\u00e9es ou vendues \u00e0 des tiers. En application de l&rsquo;article 27 de la loi n\u00b0 78-17 du 6 janvier 1978 modifi\u00e9e \u00ab Loi Informatique et Libert\u00e9s \u00bb, vous disposez d&rsquo;un droit d&rsquo;acc\u00e8s, de rectification, de modification et de suppression des donn\u00e9es vous concernant. Vous pouvez \u00e9galement, pour des motifs l\u00e9gitimes, vous opposer au traitement des donn\u00e9es vous concernant. Vous pouvez exercer ces droits en envoyant un message \u00e9lectronique \u00e0 : contact (arobase) stelvision.com<\/p>\n\n\n\n<h3 class=\"wp-block-heading\" id=\"cookies\">Utilisation des cookies &#8211; Absence de traceur publicitaire<\/h3>\n\n\n\n<p>Ce site ne recourt \u00e0 <strong>aucun cookie ni aucun autre traceur permettant d\u2019identifier votre appareil \u00e0 des fins publicitaires ou de mesure d\u2019audience<\/strong>.<\/p>\n\n\n\n<p>Lors de votre visite sur le site, des cookies peuvent s&rsquo;installer automatiquement sur votre ordinateur mais uniquement pour <strong>personnaliser et optimiser votre navigation<\/strong>. Ces cookies sont <a href=\"https:\/\/www.cnil.fr\/fr\/cookies-et-autres-traceurs\/regles\/cookies\/comment-mettre-mon-site-web-en-conformite\">exempt\u00e9s de demande de consentement conform\u00e9ment aux avis de la CNIL<\/a>. C&rsquo;est pourquoi nous n\u2019affichons aucun bandeau sollicitant un consentement aux cookies \u00e0 votre arriv\u00e9e sur le site. Et nous vous donnons ici tous les d\u00e9tails sur les cookies utilis\u00e9s.<\/p>\n\n\n\n<h4 class=\"wp-block-heading\">Qu&rsquo;est-ce qu&rsquo;un cookie ?<\/h4>\n\n\n\n<p>Un cookie est un fichier texte enregistr\u00e9 de mani\u00e8re temporaire sur votre appareil pendant votre navigation (cookie \u00ab\u00a0de session\u00a0\u00bb), ou stock\u00e9 plus longuement si besoin (cookie \u00ab\u00a0persistant\u00a0\u00bb), par un serveur de pages Internet. Les cookies ne peuvent pas ex\u00e9cuter de programmes ni introduire de virus sur votre ordinateur. L\u2019un des principaux objectifs des cookies est de vous faire gagner du temps. Lorsque vous retournez sur ce site, ou naviguez d&rsquo;une page \u00e0 une autre, les cookies nous permettent d\u2019extraire les informations que vous nous avez pr\u00e9c\u00e9demment fournies, afin que vous puissiez ais\u00e9ment utiliser les fonctions que vous avez personnalis\u00e9es. <\/p>\n\n\n\n<h4 class=\"wp-block-heading\">Quels sont les cookies utilis\u00e9s sur ce site ?<\/h4>\n\n\n\n<p>Nous utilisons :<\/p>\n\n\n\n<ul class=\"wp-block-list\">\n<li>un cookie pour la mise en m\u00e9moire du pays de l\u2019utilisateur afin d&rsquo;afficher les prix avec le bon taux de TVA (expire au bout d\u2019une heure)<\/li>\n\n\n\n<li>un cookie pour la mise en m\u00e9moire de la langue, pr\u00e9sent seulement lors de visite de pages en langue diff\u00e9rente de la langue principale (expire \u00e0 la fin de la session de navigation)<\/li>\n\n\n\n<li>deux cookies pour la gestion du panier d\u2019achats (l&rsquo;un expire \u00e0 la fin de la session de navigation, l&rsquo;autre reste enregistr\u00e9 pendant 48 h pour que vous puissiez retrouver le contenu de votre panier)<\/li>\n\n\n\n<li>trois cookies pour la gestion de la connexion pour les utilisateurs disposant d\u2019un compte (expirent \u00e0 la fin de la session de navigation)<\/li>\n\n\n\n<li>un cookie pour l&rsquo;affichage personnalis\u00e9 de la Carte du ciel pour les utilisateurs ayant demand\u00e9 l\u2019enregistrement de leur lieu d\u2019observation favori (expire au bout de deux ans).<\/li>\n<\/ul>\n\n\n\n<p>Vous avez \u00e0 tout moment la possibilit\u00e9 d\u2019accepter ou de refuser les cookies. La plupart des navigateurs Internet les acceptent automatiquement, mais vous pouvez g\u00e9n\u00e9ralement modifier votre param\u00e9trage afin de les refuser si vous le pr\u00e9f\u00e9rez. Vous pouvez \u00e9galement configurer votre navigateur pour qu\u2019il vous avertisse chaque fois qu\u2019un cookie se pr\u00e9sente, afin que vous puissiez l\u2019accepter ou le refuser au cas par cas. Notez cependant que si vous choisissez de les refuser, cela peut parfois affecter n\u00e9gativement les performances de votre navigation sur notre site Internet.<\/p>\n\n\n\n<p>Pour param\u00e9trer la gestion des cookies, vous pouvez consulter le menu d&rsquo;aide de votre navigateur Internet. Le site de la CNIL (Commission Nationale de l\u2019Informatique &amp; des Libert\u00e9s) donne \u00e9galement <a href=\"https:\/\/www.cnil.fr\/fr\/cookies-et-autres-traceurs\/comment-se-proteger\/maitriser-votre-navigateur\">la marche \u00e0 suivre pour les navigateurs Internet les plus r\u00e9pandus<\/a>.<\/p>\n\n\n\n<h4 class=\"wp-block-heading\">Les mesures d&rsquo;audience utilisent-elles des cookies ?<\/h4>\n\n\n\n<p>Nos effectuons nos mesures d&rsquo;audiences sans aucun cookie \u00e0 l&rsquo;aide d&rsquo;une <a href=\"https:\/\/plausible.io\/\">solution europ\u00e9enne respectueuse de la vie priv\u00e9e<\/a>. Malgr\u00e9 son co\u00fbt non n\u00e9gligeable (alors qu&rsquo;il existe des outils gratuits tr\u00e8s puissants), nous avons choisi cette solution pour \u00e9viter la prolif\u00e9ration des cookies et garantir un fonctionnement conforme au R\u00e8glement G\u00e9n\u00e9ral sur la Protection des Donn\u00e9es (RGPD).<\/p>\n","protected":false},"excerpt":{"rendered":"<p>Propri\u00e9taire du site STELVISIONSoci\u00e9t\u00e9 par actions simplifi\u00e9e au capital social de 30 000 \u20ac2 rue d&rsquo;Austerlitz &#8211; 31000 ToulouseTel. 05 54 54 19 24 (administratif) <a href=\"https:\/\/www.stelvision.com\/astro\/mentions-legales\/\" class=\"more-link\">&#8230;<span class=\"screen-reader-text\">  Mentions l\u00e9gales<\/span><\/a><\/p>\n","protected":false},"author":5,"featured_media":0,"parent":0,"menu_order":0,"comment_status":"closed","ping_status":"closed","template":"","meta":{"_acf_changed":false,"footnotes":""},"class_list":["post-42548","page","type-page","status-publish","hentry"],"acf":[],"yoast_head":"<!-- This site is optimized with the Yoast SEO plugin v27.1.1 - https:\/\/yoast.com\/product\/yoast-seo-wordpress\/ -->\n<title>Mentions l\u00e9gales<\/title>\n<meta name=\"description\" content=\"Mentions l\u00e9gales - Site Internet Stelvision\" \/>\n<meta name=\"robots\" content=\"index, follow, max-snippet:-1, max-image-preview:large, max-video-preview:-1\" \/>\n<link rel=\"canonical\" href=\"https:\/\/www.stelvision.com\/astro\/mentions-legales\/\" \/>\n<meta property=\"og:locale\" content=\"fr_FR\" \/>\n<meta property=\"og:type\" content=\"article\" \/>\n<meta property=\"og:title\" content=\"Mentions l\u00e9gales\" \/>\n<meta property=\"og:description\" content=\"Mentions l\u00e9gales - Site Internet Stelvision\" \/>\n<meta property=\"og:url\" content=\"https:\/\/www.stelvision.com\/astro\/mentions-legales\/\" \/>\n<meta property=\"og:site_name\" content=\"Stelvision\" \/>\n<meta property=\"article:publisher\" content=\"https:\/\/www.facebook.com\/people\/Stelvision\/100063368192331\/\" \/>\n<meta property=\"article:modified_time\" content=\"2025-01-27T09:05:12+00:00\" \/>\n<meta name=\"twitter:card\" content=\"summary_large_image\" \/>\n<meta name=\"twitter:label1\" content=\"Dur\u00e9e de lecture estim\u00e9e\" \/>\n\t<meta name=\"twitter:data1\" content=\"7 minutes\" \/>\n<script type=\"application\/ld+json\" class=\"yoast-schema-graph\">{\"@context\":\"https:\/\/schema.org\",\"@graph\":[{\"@type\":\"WebPage\",\"@id\":\"https:\/\/www.stelvision.com\/astro\/mentions-legales\/\",\"url\":\"https:\/\/www.stelvision.com\/astro\/mentions-legales\/\",\"name\":\"Mentions l\u00e9gales\",\"isPartOf\":{\"@id\":\"https:\/\/www.stelvision.com\/astro\/#website\"},\"datePublished\":\"2022-03-03T15:55:17+00:00\",\"dateModified\":\"2025-01-27T09:05:12+00:00\",\"description\":\"Mentions l\u00e9gales - Site Internet Stelvision\",\"breadcrumb\":{\"@id\":\"https:\/\/www.stelvision.com\/astro\/mentions-legales\/#breadcrumb\"},\"inLanguage\":\"fr-FR\",\"potentialAction\":[{\"@type\":\"ReadAction\",\"target\":[\"https:\/\/www.stelvision.com\/astro\/mentions-legales\/\"]}]},{\"@type\":\"BreadcrumbList\",\"@id\":\"https:\/\/www.stelvision.com\/astro\/mentions-legales\/#breadcrumb\",\"itemListElement\":[{\"@type\":\"ListItem\",\"position\":1,\"name\":\"Accueil\",\"item\":\"https:\/\/www.stelvision.com\/astro\/\"},{\"@type\":\"ListItem\",\"position\":2,\"name\":\"Mentions l\u00e9gales\"}]},{\"@type\":\"WebSite\",\"@id\":\"https:\/\/www.stelvision.com\/astro\/#website\",\"url\":\"https:\/\/www.stelvision.com\/astro\/\",\"name\":\"Stelvision\",\"description\":\"conseils, livres et mat\u00e9riel d&#039;observation du ciel\",\"publisher\":{\"@id\":\"https:\/\/www.stelvision.com\/astro\/#organization\"},\"potentialAction\":[{\"@type\":\"SearchAction\",\"target\":{\"@type\":\"EntryPoint\",\"urlTemplate\":\"https:\/\/www.stelvision.com\/astro\/?s={search_term_string}\"},\"query-input\":{\"@type\":\"PropertyValueSpecification\",\"valueRequired\":true,\"valueName\":\"search_term_string\"}}],\"inLanguage\":\"fr-FR\"},{\"@type\":\"Organization\",\"@id\":\"https:\/\/www.stelvision.com\/astro\/#organization\",\"name\":\"Stelvision\",\"url\":\"https:\/\/www.stelvision.com\/astro\/\",\"logo\":{\"@type\":\"ImageObject\",\"inLanguage\":\"fr-FR\",\"@id\":\"https:\/\/www.stelvision.com\/astro\/#\/schema\/logo\/image\/\",\"url\":\"https:\/\/www.stelvision.com\/astro\/wp-content\/uploads\/2019\/03\/logo_lisse_bleu_Stelvision_600.png\",\"contentUrl\":\"https:\/\/www.stelvision.com\/astro\/wp-content\/uploads\/2019\/03\/logo_lisse_bleu_Stelvision_600.png\",\"width\":600,\"height\":277,\"caption\":\"Stelvision\"},\"image\":{\"@id\":\"https:\/\/www.stelvision.com\/astro\/#\/schema\/logo\/image\/\"},\"sameAs\":[\"https:\/\/www.facebook.com\/people\/Stelvision\/100063368192331\/\"]}]}<\/script>\n<!-- \/ Yoast SEO plugin. -->","yoast_head_json":{"title":"Mentions l\u00e9gales","description":"Mentions l\u00e9gales - Site Internet Stelvision","robots":{"index":"index","follow":"follow","max-snippet":"max-snippet:-1","max-image-preview":"max-image-preview:large","max-video-preview":"max-video-preview:-1"},"canonical":"https:\/\/www.stelvision.com\/astro\/mentions-legales\/","og_locale":"fr_FR","og_type":"article","og_title":"Mentions l\u00e9gales","og_description":"Mentions l\u00e9gales - Site Internet Stelvision","og_url":"https:\/\/www.stelvision.com\/astro\/mentions-legales\/","og_site_name":"Stelvision","article_publisher":"https:\/\/www.facebook.com\/people\/Stelvision\/100063368192331\/","article_modified_time":"2025-01-27T09:05:12+00:00","twitter_card":"summary_large_image","twitter_misc":{"Dur\u00e9e de lecture estim\u00e9e":"7 minutes"},"schema":{"@context":"https:\/\/schema.org","@graph":[{"@type":"WebPage","@id":"https:\/\/www.stelvision.com\/astro\/mentions-legales\/","url":"https:\/\/www.stelvision.com\/astro\/mentions-legales\/","name":"Mentions l\u00e9gales","isPartOf":{"@id":"https:\/\/www.stelvision.com\/astro\/#website"},"datePublished":"2022-03-03T15:55:17+00:00","dateModified":"2025-01-27T09:05:12+00:00","description":"Mentions l\u00e9gales - Site Internet Stelvision","breadcrumb":{"@id":"https:\/\/www.stelvision.com\/astro\/mentions-legales\/#breadcrumb"},"inLanguage":"fr-FR","potentialAction":[{"@type":"ReadAction","target":["https:\/\/www.stelvision.com\/astro\/mentions-legales\/"]}]},{"@type":"BreadcrumbList","@id":"https:\/\/www.stelvision.com\/astro\/mentions-legales\/#breadcrumb","itemListElement":[{"@type":"ListItem","position":1,"name":"Accueil","item":"https:\/\/www.stelvision.com\/astro\/"},{"@type":"ListItem","position":2,"name":"Mentions l\u00e9gales"}]},{"@type":"WebSite","@id":"https:\/\/www.stelvision.com\/astro\/#website","url":"https:\/\/www.stelvision.com\/astro\/","name":"Stelvision","description":"conseils, livres et mat\u00e9riel d&#039;observation du ciel","publisher":{"@id":"https:\/\/www.stelvision.com\/astro\/#organization"},"potentialAction":[{"@type":"SearchAction","target":{"@type":"EntryPoint","urlTemplate":"https:\/\/www.stelvision.com\/astro\/?s={search_term_string}"},"query-input":{"@type":"PropertyValueSpecification","valueRequired":true,"valueName":"search_term_string"}}],"inLanguage":"fr-FR"},{"@type":"Organization","@id":"https:\/\/www.stelvision.com\/astro\/#organization","name":"Stelvision","url":"https:\/\/www.stelvision.com\/astro\/","logo":{"@type":"ImageObject","inLanguage":"fr-FR","@id":"https:\/\/www.stelvision.com\/astro\/#\/schema\/logo\/image\/","url":"https:\/\/www.stelvision.com\/astro\/wp-content\/uploads\/2019\/03\/logo_lisse_bleu_Stelvision_600.png","contentUrl":"https:\/\/www.stelvision.com\/astro\/wp-content\/uploads\/2019\/03\/logo_lisse_bleu_Stelvision_600.png","width":600,"height":277,"caption":"Stelvision"},"image":{"@id":"https:\/\/www.stelvision.com\/astro\/#\/schema\/logo\/image\/"},"sameAs":["https:\/\/www.facebook.com\/people\/Stelvision\/100063368192331\/"]}]}},"_links":{"self":[{"href":"https:\/\/www.stelvision.com\/astro\/wp-json\/wp\/v2\/pages\/42548","targetHints":{"allow":["GET"]}}],"collection":[{"href":"https:\/\/www.stelvision.com\/astro\/wp-json\/wp\/v2\/pages"}],"about":[{"href":"https:\/\/www.stelvision.com\/astro\/wp-json\/wp\/v2\/types\/page"}],"author":[{"embeddable":true,"href":"https:\/\/www.stelvision.com\/astro\/wp-json\/wp\/v2\/users\/5"}],"replies":[{"embeddable":true,"href":"https:\/\/www.stelvision.com\/astro\/wp-json\/wp\/v2\/comments?post=42548"}],"version-history":[{"count":16,"href":"https:\/\/www.stelvision.com\/astro\/wp-json\/wp\/v2\/pages\/42548\/revisions"}],"predecessor-version":[{"id":64224,"href":"https:\/\/www.stelvision.com\/astro\/wp-json\/wp\/v2\/pages\/42548\/revisions\/64224"}],"wp:attachment":[{"href":"https:\/\/www.stelvision.com\/astro\/wp-json\/wp\/v2\/media?parent=42548"}],"curies":[{"name":"wp","href":"https:\/\/api.w.org\/{rel}","templated":true}]}}