{"id":44029,"date":"2022-04-28T14:47:12","date_gmt":"2022-04-28T12:47:12","guid":{"rendered":"https:\/\/www.stelvision.com\/astro\/?page_id=44029"},"modified":"2024-08-30T10:05:47","modified_gmt":"2024-08-30T08:05:47","slug":"pros","status":"publish","type":"page","link":"https:\/\/www.stelvision.com\/astro\/pros\/","title":{"rendered":"Stelvision pour les professionnels"},"content":{"rendered":"\n<p class=\"chapo\">Les produits Stelvision sont distribu\u00e9s par plus de 200 revendeurs en France, Belgique et Suisse, qu&rsquo;il s&rsquo;agisse de boutiques sp\u00e9cialis\u00e9es en astronomie, de librairies ou encore d&rsquo;associations ou clubs. Nous sommes heureux de toucher ainsi un large public avec qui partager notre passion du ciel !<\/p>\n\n\n<div class=\"wp-block-image\">\n<figure class=\"aligncenter size-full\"><img decoding=\"async\" width=\"1024\" height=\"844\" src=\"https:\/\/www.stelvision.com\/astro\/wp-content\/uploads\/2022\/04\/cite-espace-0721-1024-1.jpg\" alt=\"photo de la vitrine de la boutique de la Cit\u00e9 de l'espace avec les produits Stelvision mis en valeur aux c\u00f4t\u00e9s de la fus\u00e9e de Tintin\" class=\"wp-image-44062\" srcset=\"https:\/\/www.stelvision.com\/astro\/wp-content\/uploads\/2022\/04\/cite-espace-0721-1024-1.jpg 1024w, https:\/\/www.stelvision.com\/astro\/wp-content\/uploads\/2022\/04\/cite-espace-0721-1024-1-300x247.jpg 300w, https:\/\/www.stelvision.com\/astro\/wp-content\/uploads\/2022\/04\/cite-espace-0721-1024-1-768x633.jpg 768w, https:\/\/www.stelvision.com\/astro\/wp-content\/uploads\/2022\/04\/cite-espace-0721-1024-1-750x618.jpg 750w, https:\/\/www.stelvision.com\/astro\/wp-content\/uploads\/2022\/04\/cite-espace-0721-1024-1-570x470.jpg 570w, https:\/\/www.stelvision.com\/astro\/wp-content\/uploads\/2022\/04\/cite-espace-0721-1024-1-368x303.jpg 368w, https:\/\/www.stelvision.com\/astro\/wp-content\/uploads\/2022\/04\/cite-espace-0721-1024-1-270x223.jpg 270w, https:\/\/www.stelvision.com\/astro\/wp-content\/uploads\/2022\/04\/cite-espace-0721-1024-1-1000x824.jpg 1000w\" sizes=\"(max-width: 1024px) 100vw, 1024px\" \/><figcaption class=\"wp-element-caption\"><strong>Cit\u00e9 de l\u2019espace \u00e0 Toulouse : les guides pratiques et la lunette Stelvision mis \u00e0 l\u2019honneur aux c\u00f4t\u00e9s de la fus\u00e9e de Tintin. <\/strong><\/figcaption><\/figure>\n<\/div>\n\n\n<p>Stelvision a le plaisir de fournir professionnels et associations en guides et cartes d\u2019initiation \u00e0 l\u2019astronomie depuis 2011 &#8211; ces produits d\u2019\u00e9dition sont aujourd\u2019hui compl\u00e9t\u00e9s par notre gamme d\u2019instruments d\u2019observation. Notre <strong>grille de tarifs<\/strong> <strong>d\u00e9gressifs<\/strong> a \u00e9t\u00e9 imagin\u00e9e pour s\u2019adapter \u00e0 chaque besoin, en offrant des tarifs avantageux aussi bien aux <strong>grosses structures<\/strong> qu\u2019aux <strong>clubs et points de vente de taille modeste<\/strong>. Nous l\u2019actualisons r\u00e9guli\u00e8rement : pour la recevoir, il vous suffit de nous <a href=\"mailto:contact@stelvision.com\">contacter par e-mail en cliquant ici<\/a>.<\/p>\n\n\n\n<p class=\"boxFocus color1\"><strong>Vous \u00eates libraire ?<\/strong> Tous nos produits d&rsquo;\u00e9dition sont diffus\u00e9s par <strong>Geodif <\/strong>(groupe Eyrolles) et distribu\u00e9s par la <strong>Sodis<\/strong>. N\u2019h\u00e9sitez pas \u00e0 les demander \u00e0 vos interlocuteurs habituels.<\/p>\n\n\n\n<h2 class=\"wp-block-heading\">Ils nous font confiance<\/h2>\n\n\n<div class=\"wp-block-image\">\n<figure class=\"aligncenter size-full is-resized\"><img decoding=\"async\" width=\"1024\" height=\"1035\" src=\"https:\/\/www.stelvision.com\/astro\/wp-content\/uploads\/2022\/04\/logos-ils-nous-font-confiance-catalogue-2022.jpg\" alt=\"logos de distributeurs de produits Stelvision\" class=\"wp-image-44030\" style=\"width:768px;height:776px\" srcset=\"https:\/\/www.stelvision.com\/astro\/wp-content\/uploads\/2022\/04\/logos-ils-nous-font-confiance-catalogue-2022.jpg 1024w, https:\/\/www.stelvision.com\/astro\/wp-content\/uploads\/2022\/04\/logos-ils-nous-font-confiance-catalogue-2022-297x300.jpg 297w, https:\/\/www.stelvision.com\/astro\/wp-content\/uploads\/2022\/04\/logos-ils-nous-font-confiance-catalogue-2022-1013x1024.jpg 1013w, https:\/\/www.stelvision.com\/astro\/wp-content\/uploads\/2022\/04\/logos-ils-nous-font-confiance-catalogue-2022-768x776.jpg 768w, https:\/\/www.stelvision.com\/astro\/wp-content\/uploads\/2022\/04\/logos-ils-nous-font-confiance-catalogue-2022-750x758.jpg 750w, https:\/\/www.stelvision.com\/astro\/wp-content\/uploads\/2022\/04\/logos-ils-nous-font-confiance-catalogue-2022-570x576.jpg 570w, https:\/\/www.stelvision.com\/astro\/wp-content\/uploads\/2022\/04\/logos-ils-nous-font-confiance-catalogue-2022-368x372.jpg 368w, https:\/\/www.stelvision.com\/astro\/wp-content\/uploads\/2022\/04\/logos-ils-nous-font-confiance-catalogue-2022-270x273.jpg 270w, https:\/\/www.stelvision.com\/astro\/wp-content\/uploads\/2022\/04\/logos-ils-nous-font-confiance-catalogue-2022-62x62.jpg 62w, https:\/\/www.stelvision.com\/astro\/wp-content\/uploads\/2022\/04\/logos-ils-nous-font-confiance-catalogue-2022-100x100.jpg 100w, https:\/\/www.stelvision.com\/astro\/wp-content\/uploads\/2022\/04\/logos-ils-nous-font-confiance-catalogue-2022-1000x1011.jpg 1000w\" sizes=\"(max-width: 1024px) 100vw, 1024px\" \/><\/figure>\n<\/div>\n\n\n<p class=\"has-text-align-center\"><strong>Boutiques sp\u00e9cialis\u00e9es astronomie et nature \u2022 Parcs naturels et sites touristiques \u2022 Plan\u00e9tariums \u2022 Opticiens \u2022 Librairies \u2022 Comit\u00e9s d\u2019entreprises \u2022 Clubs et festivals d\u2019astronomie \u2022 Animateurs\u2026<\/strong><\/p>\n\n\n\n<h2 class=\"wp-block-heading\">Vous aussi ?<\/h2>\n\n\n\n<p class=\"has-text-align-left\">Vous souhaitez \u00e0 votre tour<strong> proposer un ou plusieurs de nos produits <\/strong>\u00e0 vos clients ou adh\u00e9rents ? Il vous suffit de <a href=\"mailto:contact@stelvision.com\">nous contacter par e-mail en cliquant ici<\/a>.<\/p>\n\n\n<div class=\"wp-block-image\">\n<figure class=\"alignright size-full is-resized\"><img decoding=\"async\" width=\"701\" height=\"887\" src=\"https:\/\/www.stelvision.com\/astro\/wp-content\/uploads\/2022\/04\/Nature-et-decouvertes-0921-h887.jpg\" alt=\"Photo du rayon Astronomie chez Nature et d\u00e9couvertes \u00e0 Toulouse \" class=\"wp-image-44038\" style=\"width:526px;height:665px\" srcset=\"https:\/\/www.stelvision.com\/astro\/wp-content\/uploads\/2022\/04\/Nature-et-decouvertes-0921-h887.jpg 701w, https:\/\/www.stelvision.com\/astro\/wp-content\/uploads\/2022\/04\/Nature-et-decouvertes-0921-h887-237x300.jpg 237w, https:\/\/www.stelvision.com\/astro\/wp-content\/uploads\/2022\/04\/Nature-et-decouvertes-0921-h887-570x721.jpg 570w, https:\/\/www.stelvision.com\/astro\/wp-content\/uploads\/2022\/04\/Nature-et-decouvertes-0921-h887-368x466.jpg 368w, https:\/\/www.stelvision.com\/astro\/wp-content\/uploads\/2022\/04\/Nature-et-decouvertes-0921-h887-270x342.jpg 270w\" sizes=\"(max-width: 701px) 100vw, 701px\" \/><figcaption class=\"wp-element-caption\"><strong>Magasin Nature &amp; D\u00e9couvertes de Toulouse (septembre 2021) : guide Le Ciel au t\u00e9lescope, coffret Le Ciel aux jumelles (\u00e9dition sp\u00e9ciale \u00c0 la d\u00e9couverte du ciel) et Carte du ciel Stelvision 365. <\/strong><\/figcaption><\/figure>\n<\/div>","protected":false},"excerpt":{"rendered":"<p>Les produits Stelvision sont distribu\u00e9s par plus de 200 revendeurs en France, Belgique et Suisse, qu&rsquo;il s&rsquo;agisse de boutiques sp\u00e9cialis\u00e9es en astronomie, de librairies ou <a href=\"https:\/\/www.stelvision.com\/astro\/pros\/\" class=\"more-link\">&#8230;<span class=\"screen-reader-text\">  Stelvision pour les professionnels<\/span><\/a><\/p>\n","protected":false},"author":1,"featured_media":0,"parent":0,"menu_order":0,"comment_status":"closed","ping_status":"closed","template":"","meta":{"_acf_changed":false,"footnotes":""},"class_list":["post-44029","page","type-page","status-publish","hentry"],"acf":[],"yoast_head":"<!-- This site is optimized with the Yoast SEO plugin v27.1.1 - https:\/\/yoast.com\/product\/yoast-seo-wordpress\/ -->\n<title>Les produits Stelvision pour les professionnels et associations<\/title>\n<meta name=\"description\" content=\"Les produits Stelvision sont destin\u00e9s aux curieux du ciel et aux astronomes amateurs. Proposez-les \u00e0 vos clients ou adh\u00e9rents !\" \/>\n<meta name=\"robots\" content=\"index, follow, max-snippet:-1, max-image-preview:large, max-video-preview:-1\" \/>\n<link rel=\"canonical\" href=\"https:\/\/www.stelvision.com\/astro\/pros\/\" \/>\n<meta property=\"og:locale\" content=\"fr_FR\" \/>\n<meta property=\"og:type\" content=\"article\" \/>\n<meta property=\"og:title\" content=\"Les produits Stelvision pour les professionnels et associations\" \/>\n<meta property=\"og:description\" content=\"Les produits Stelvision sont destin\u00e9s aux curieux du ciel et aux astronomes amateurs. Proposez-les \u00e0 vos clients ou adh\u00e9rents !\" \/>\n<meta property=\"og:url\" content=\"https:\/\/www.stelvision.com\/astro\/pros\/\" \/>\n<meta property=\"og:site_name\" content=\"Stelvision\" \/>\n<meta property=\"article:publisher\" content=\"https:\/\/www.facebook.com\/people\/Stelvision\/100063368192331\/\" \/>\n<meta property=\"article:modified_time\" content=\"2024-08-30T08:05:47+00:00\" \/>\n<meta property=\"og:image\" content=\"https:\/\/www.stelvision.com\/astro\/wp-content\/uploads\/2022\/04\/cite-espace-0721-1024-1.jpg\" \/>\n<meta name=\"twitter:card\" content=\"summary_large_image\" \/>\n<meta name=\"twitter:label1\" content=\"Dur\u00e9e de lecture estim\u00e9e\" \/>\n\t<meta name=\"twitter:data1\" content=\"2 minutes\" \/>\n<script type=\"application\/ld+json\" class=\"yoast-schema-graph\">{\"@context\":\"https:\/\/schema.org\",\"@graph\":[{\"@type\":\"WebPage\",\"@id\":\"https:\/\/www.stelvision.com\/astro\/pros\/\",\"url\":\"https:\/\/www.stelvision.com\/astro\/pros\/\",\"name\":\"Les produits Stelvision pour les professionnels et associations\",\"isPartOf\":{\"@id\":\"https:\/\/www.stelvision.com\/astro\/#website\"},\"primaryImageOfPage\":{\"@id\":\"https:\/\/www.stelvision.com\/astro\/pros\/#primaryimage\"},\"image\":{\"@id\":\"https:\/\/www.stelvision.com\/astro\/pros\/#primaryimage\"},\"thumbnailUrl\":\"https:\/\/www.stelvision.com\/astro\/wp-content\/uploads\/2022\/04\/cite-espace-0721-1024-1.jpg\",\"datePublished\":\"2022-04-28T12:47:12+00:00\",\"dateModified\":\"2024-08-30T08:05:47+00:00\",\"description\":\"Les produits Stelvision sont destin\u00e9s aux curieux du ciel et aux astronomes amateurs. Proposez-les \u00e0 vos clients ou adh\u00e9rents !\",\"breadcrumb\":{\"@id\":\"https:\/\/www.stelvision.com\/astro\/pros\/#breadcrumb\"},\"inLanguage\":\"fr-FR\",\"potentialAction\":[{\"@type\":\"ReadAction\",\"target\":[\"https:\/\/www.stelvision.com\/astro\/pros\/\"]}]},{\"@type\":\"ImageObject\",\"inLanguage\":\"fr-FR\",\"@id\":\"https:\/\/www.stelvision.com\/astro\/pros\/#primaryimage\",\"url\":\"https:\/\/www.stelvision.com\/astro\/wp-content\/uploads\/2022\/04\/cite-espace-0721-1024-1.jpg\",\"contentUrl\":\"https:\/\/www.stelvision.com\/astro\/wp-content\/uploads\/2022\/04\/cite-espace-0721-1024-1.jpg\",\"width\":1024,\"height\":844,\"caption\":\"Les produits Stelvision mis \u00e0 l'honneur aux c\u00f4t\u00e9s de la fus\u00e9e de Tintin \u00e0 la Cit\u00e9 de l'espace \u00e0 Toulouse en juillet 2021.\"},{\"@type\":\"BreadcrumbList\",\"@id\":\"https:\/\/www.stelvision.com\/astro\/pros\/#breadcrumb\",\"itemListElement\":[{\"@type\":\"ListItem\",\"position\":1,\"name\":\"Accueil\",\"item\":\"https:\/\/www.stelvision.com\/astro\/\"},{\"@type\":\"ListItem\",\"position\":2,\"name\":\"Stelvision pour les professionnels\"}]},{\"@type\":\"WebSite\",\"@id\":\"https:\/\/www.stelvision.com\/astro\/#website\",\"url\":\"https:\/\/www.stelvision.com\/astro\/\",\"name\":\"Stelvision\",\"description\":\"conseils, livres et mat\u00e9riel d&#039;observation du ciel\",\"publisher\":{\"@id\":\"https:\/\/www.stelvision.com\/astro\/#organization\"},\"potentialAction\":[{\"@type\":\"SearchAction\",\"target\":{\"@type\":\"EntryPoint\",\"urlTemplate\":\"https:\/\/www.stelvision.com\/astro\/?s={search_term_string}\"},\"query-input\":{\"@type\":\"PropertyValueSpecification\",\"valueRequired\":true,\"valueName\":\"search_term_string\"}}],\"inLanguage\":\"fr-FR\"},{\"@type\":\"Organization\",\"@id\":\"https:\/\/www.stelvision.com\/astro\/#organization\",\"name\":\"Stelvision\",\"url\":\"https:\/\/www.stelvision.com\/astro\/\",\"logo\":{\"@type\":\"ImageObject\",\"inLanguage\":\"fr-FR\",\"@id\":\"https:\/\/www.stelvision.com\/astro\/#\/schema\/logo\/image\/\",\"url\":\"https:\/\/www.stelvision.com\/astro\/wp-content\/uploads\/2019\/03\/logo_lisse_bleu_Stelvision_600.png\",\"contentUrl\":\"https:\/\/www.stelvision.com\/astro\/wp-content\/uploads\/2019\/03\/logo_lisse_bleu_Stelvision_600.png\",\"width\":600,\"height\":277,\"caption\":\"Stelvision\"},\"image\":{\"@id\":\"https:\/\/www.stelvision.com\/astro\/#\/schema\/logo\/image\/\"},\"sameAs\":[\"https:\/\/www.facebook.com\/people\/Stelvision\/100063368192331\/\"]}]}<\/script>\n<!-- \/ Yoast SEO plugin. -->","yoast_head_json":{"title":"Les produits Stelvision pour les professionnels et associations","description":"Les produits Stelvision sont destin\u00e9s aux curieux du ciel et aux astronomes amateurs. Proposez-les \u00e0 vos clients ou adh\u00e9rents !","robots":{"index":"index","follow":"follow","max-snippet":"max-snippet:-1","max-image-preview":"max-image-preview:large","max-video-preview":"max-video-preview:-1"},"canonical":"https:\/\/www.stelvision.com\/astro\/pros\/","og_locale":"fr_FR","og_type":"article","og_title":"Les produits Stelvision pour les professionnels et associations","og_description":"Les produits Stelvision sont destin\u00e9s aux curieux du ciel et aux astronomes amateurs. Proposez-les \u00e0 vos clients ou adh\u00e9rents !","og_url":"https:\/\/www.stelvision.com\/astro\/pros\/","og_site_name":"Stelvision","article_publisher":"https:\/\/www.facebook.com\/people\/Stelvision\/100063368192331\/","article_modified_time":"2024-08-30T08:05:47+00:00","og_image":[{"url":"https:\/\/www.stelvision.com\/astro\/wp-content\/uploads\/2022\/04\/cite-espace-0721-1024-1.jpg","type":"","width":"","height":""}],"twitter_card":"summary_large_image","twitter_misc":{"Dur\u00e9e de lecture estim\u00e9e":"2 minutes"},"schema":{"@context":"https:\/\/schema.org","@graph":[{"@type":"WebPage","@id":"https:\/\/www.stelvision.com\/astro\/pros\/","url":"https:\/\/www.stelvision.com\/astro\/pros\/","name":"Les produits Stelvision pour les professionnels et associations","isPartOf":{"@id":"https:\/\/www.stelvision.com\/astro\/#website"},"primaryImageOfPage":{"@id":"https:\/\/www.stelvision.com\/astro\/pros\/#primaryimage"},"image":{"@id":"https:\/\/www.stelvision.com\/astro\/pros\/#primaryimage"},"thumbnailUrl":"https:\/\/www.stelvision.com\/astro\/wp-content\/uploads\/2022\/04\/cite-espace-0721-1024-1.jpg","datePublished":"2022-04-28T12:47:12+00:00","dateModified":"2024-08-30T08:05:47+00:00","description":"Les produits Stelvision sont destin\u00e9s aux curieux du ciel et aux astronomes amateurs. Proposez-les \u00e0 vos clients ou adh\u00e9rents !","breadcrumb":{"@id":"https:\/\/www.stelvision.com\/astro\/pros\/#breadcrumb"},"inLanguage":"fr-FR","potentialAction":[{"@type":"ReadAction","target":["https:\/\/www.stelvision.com\/astro\/pros\/"]}]},{"@type":"ImageObject","inLanguage":"fr-FR","@id":"https:\/\/www.stelvision.com\/astro\/pros\/#primaryimage","url":"https:\/\/www.stelvision.com\/astro\/wp-content\/uploads\/2022\/04\/cite-espace-0721-1024-1.jpg","contentUrl":"https:\/\/www.stelvision.com\/astro\/wp-content\/uploads\/2022\/04\/cite-espace-0721-1024-1.jpg","width":1024,"height":844,"caption":"Les produits Stelvision mis \u00e0 l'honneur aux c\u00f4t\u00e9s de la fus\u00e9e de Tintin \u00e0 la Cit\u00e9 de l'espace \u00e0 Toulouse en juillet 2021."},{"@type":"BreadcrumbList","@id":"https:\/\/www.stelvision.com\/astro\/pros\/#breadcrumb","itemListElement":[{"@type":"ListItem","position":1,"name":"Accueil","item":"https:\/\/www.stelvision.com\/astro\/"},{"@type":"ListItem","position":2,"name":"Stelvision pour les professionnels"}]},{"@type":"WebSite","@id":"https:\/\/www.stelvision.com\/astro\/#website","url":"https:\/\/www.stelvision.com\/astro\/","name":"Stelvision","description":"conseils, livres et mat\u00e9riel d&#039;observation du ciel","publisher":{"@id":"https:\/\/www.stelvision.com\/astro\/#organization"},"potentialAction":[{"@type":"SearchAction","target":{"@type":"EntryPoint","urlTemplate":"https:\/\/www.stelvision.com\/astro\/?s={search_term_string}"},"query-input":{"@type":"PropertyValueSpecification","valueRequired":true,"valueName":"search_term_string"}}],"inLanguage":"fr-FR"},{"@type":"Organization","@id":"https:\/\/www.stelvision.com\/astro\/#organization","name":"Stelvision","url":"https:\/\/www.stelvision.com\/astro\/","logo":{"@type":"ImageObject","inLanguage":"fr-FR","@id":"https:\/\/www.stelvision.com\/astro\/#\/schema\/logo\/image\/","url":"https:\/\/www.stelvision.com\/astro\/wp-content\/uploads\/2019\/03\/logo_lisse_bleu_Stelvision_600.png","contentUrl":"https:\/\/www.stelvision.com\/astro\/wp-content\/uploads\/2019\/03\/logo_lisse_bleu_Stelvision_600.png","width":600,"height":277,"caption":"Stelvision"},"image":{"@id":"https:\/\/www.stelvision.com\/astro\/#\/schema\/logo\/image\/"},"sameAs":["https:\/\/www.facebook.com\/people\/Stelvision\/100063368192331\/"]}]}},"_links":{"self":[{"href":"https:\/\/www.stelvision.com\/astro\/wp-json\/wp\/v2\/pages\/44029","targetHints":{"allow":["GET"]}}],"collection":[{"href":"https:\/\/www.stelvision.com\/astro\/wp-json\/wp\/v2\/pages"}],"about":[{"href":"https:\/\/www.stelvision.com\/astro\/wp-json\/wp\/v2\/types\/page"}],"author":[{"embeddable":true,"href":"https:\/\/www.stelvision.com\/astro\/wp-json\/wp\/v2\/users\/1"}],"replies":[{"embeddable":true,"href":"https:\/\/www.stelvision.com\/astro\/wp-json\/wp\/v2\/comments?post=44029"}],"version-history":[{"count":33,"href":"https:\/\/www.stelvision.com\/astro\/wp-json\/wp\/v2\/pages\/44029\/revisions"}],"predecessor-version":[{"id":63963,"href":"https:\/\/www.stelvision.com\/astro\/wp-json\/wp\/v2\/pages\/44029\/revisions\/63963"}],"wp:attachment":[{"href":"https:\/\/www.stelvision.com\/astro\/wp-json\/wp\/v2\/media?parent=44029"}],"curies":[{"name":"wp","href":"https:\/\/api.w.org\/{rel}","templated":true}]}}