{"id":49114,"date":"2023-01-03T16:14:57","date_gmt":"2023-01-03T15:14:57","guid":{"rendered":"https:\/\/www.stelvision.com\/astro\/?page_id=49114"},"modified":"2023-09-08T18:44:57","modified_gmt":"2023-09-08T16:44:57","slug":"conjonction-opposition-planete","status":"publish","type":"page","link":"https:\/\/www.stelvision.com\/astro\/conjonction-opposition-planete\/","title":{"rendered":"Opposition et conjonction, des positions remarquables des plan\u00e8tes"},"content":{"rendered":"\n<p class=\"chapo\">Les oppositions et les conjonctions sont des positions particuli\u00e8res des plan\u00e8tes. Quand se produisent-elles&nbsp;? Quelle cons\u00e9quence pour leur observation&nbsp;?<\/p>\n\n\n\n<h2 class=\"wp-block-heading\" id=\"opposition\">Qu\u2019est-ce qu\u2019une plan\u00e8te en opposition&nbsp;?<\/h2>\n\n\n\n<p><em>L\u2019opposition<\/em> ne concerne que les plan\u00e8tes sup\u00e9rieures&nbsp;: il s\u2019agit de l\u2019instant o\u00f9 se produit l\u2019alignement Soleil-Terre-plan\u00e8te, la plan\u00e8te se trouvant \u00e0 l&rsquo;oppos\u00e9 du Soleil. La valeur de l&rsquo;<a href=\"https:\/\/www.stelvision.com\/astro\/elongation-planete\/\">\u00e9longation<\/a> est alors de&nbsp;180\u00b0.<\/p>\n\n\n<div class=\"wp-block-image\">\n<figure class=\"aligncenter size-full\"><a href=\"https:\/\/www.stelvision.com\/astro\/wp-content\/uploads\/2022\/12\/opposition.jpg\" data-rel=\"lightbox-gallery-cUXhB486\" data-rl_title=\"Principe de l&rsquo;opposition pour une plan\u00e8te sup\u00e9rieure\" data-rl_caption=\"\" title=\"Principe de l&rsquo;opposition pour une plan\u00e8te sup\u00e9rieure\"><img decoding=\"async\" width=\"1024\" height=\"536\" src=\"https:\/\/www.stelvision.com\/astro\/wp-content\/uploads\/2022\/12\/opposition.jpg\" alt=\"\" class=\"wp-image-49125\" srcset=\"https:\/\/www.stelvision.com\/astro\/wp-content\/uploads\/2022\/12\/opposition.jpg 1024w, https:\/\/www.stelvision.com\/astro\/wp-content\/uploads\/2022\/12\/opposition-300x157.jpg 300w, https:\/\/www.stelvision.com\/astro\/wp-content\/uploads\/2022\/12\/opposition-768x402.jpg 768w, https:\/\/www.stelvision.com\/astro\/wp-content\/uploads\/2022\/12\/opposition-750x393.jpg 750w, https:\/\/www.stelvision.com\/astro\/wp-content\/uploads\/2022\/12\/opposition-570x298.jpg 570w, https:\/\/www.stelvision.com\/astro\/wp-content\/uploads\/2022\/12\/opposition-368x193.jpg 368w, https:\/\/www.stelvision.com\/astro\/wp-content\/uploads\/2022\/12\/opposition-270x141.jpg 270w, https:\/\/www.stelvision.com\/astro\/wp-content\/uploads\/2022\/12\/opposition-1000x523.jpg 1000w\" sizes=\"(max-width: 1024px) 100vw, 1024px\" \/><\/a><figcaption class=\"wp-element-caption\"><strong>Principe de l&rsquo;opposition d&rsquo;une plan\u00e8te.<\/strong><small> Illustration&nbsp;: Stelvision\/Carine Souplet<\/small><\/figcaption><\/figure>\n<\/div>\n\n\n<p class=\"boxFocus color1\">En pratique, l\u2019opposition d\u2019une plan\u00e8te marque le meilleur moment de sa p\u00e9riode d&rsquo;observation favorable&nbsp;: la plan\u00e8te pr\u00e9sente son plus grand diam\u00e8tre apparent et elle est observable tout au long de la nuit.<\/p>\n\n\n\n<p><strong>Le saviez-vous&nbsp;?<\/strong> L\u2019opposition d&rsquo;une plan\u00e8te est souvent pr\u00e9sent\u00e9e comme le moment o\u00f9 elle se trouve au plus pr\u00e8s de la Terre. Il s\u2019agit en fait d\u2019une approximation, l\u2019instant de la distance minimale se produisant souvent quelques heures ou quelques jours avant ou apr\u00e8s l\u2019alignement parfait. Cette petite diff\u00e9rence s\u2019explique par le fait que les orbites plan\u00e9taires ne sont pas circulaires, mais elliptiques.<\/p>\n\n\n\n<h2 class=\"wp-block-heading\" id=\"conjonction\">Qu&rsquo;est-ce qu&rsquo;une plan\u00e8te en conjonction&nbsp;?<\/h2>\n\n\n\n<p><em>La conjonction<\/em> d&rsquo;une plan\u00e8te a lieu lorsque qu&rsquo;elle se trouve exactement dans la m\u00eame direction que le Soleil (soit derri\u00e8re lui, soit devant lui) lorsqu&rsquo;on la regarde depuis la Terre. La valeur de l&rsquo;<a href=\"https:\/\/www.stelvision.com\/astro\/elongation-planete\/\">\u00e9longation<\/a> est alors de z\u00e9ro.<\/p>\n\n\n\n<p><strong>Pour les plan\u00e8tes sup\u00e9rieures<\/strong> (plus \u00e9loign\u00e9es du Soleil que la Terre), c\u2019est toujours l\u2019alignement plan\u00e8te-Soleil-Terre qui se produit.<\/p>\n\n\n<div class=\"wp-block-image\">\n<figure class=\"aligncenter size-full\"><a href=\"https:\/\/www.stelvision.com\/astro\/wp-content\/uploads\/2022\/12\/conjonction.jpg\" data-rel=\"lightbox-gallery-cUXhB486\" data-rl_title=\"Principe de la  conjonction pour une plan\u00e8te sup\u00e9rieure\" data-rl_caption=\"\" title=\"Principe de la  conjonction pour une plan\u00e8te sup\u00e9rieure\"><img decoding=\"async\" width=\"1024\" height=\"536\" src=\"https:\/\/www.stelvision.com\/astro\/wp-content\/uploads\/2022\/12\/conjonction.jpg\" alt=\"\" class=\"wp-image-49115\" srcset=\"https:\/\/www.stelvision.com\/astro\/wp-content\/uploads\/2022\/12\/conjonction.jpg 1024w, https:\/\/www.stelvision.com\/astro\/wp-content\/uploads\/2022\/12\/conjonction-300x157.jpg 300w, https:\/\/www.stelvision.com\/astro\/wp-content\/uploads\/2022\/12\/conjonction-768x402.jpg 768w, https:\/\/www.stelvision.com\/astro\/wp-content\/uploads\/2022\/12\/conjonction-750x393.jpg 750w, https:\/\/www.stelvision.com\/astro\/wp-content\/uploads\/2022\/12\/conjonction-570x298.jpg 570w, https:\/\/www.stelvision.com\/astro\/wp-content\/uploads\/2022\/12\/conjonction-368x193.jpg 368w, https:\/\/www.stelvision.com\/astro\/wp-content\/uploads\/2022\/12\/conjonction-270x141.jpg 270w, https:\/\/www.stelvision.com\/astro\/wp-content\/uploads\/2022\/12\/conjonction-1000x523.jpg 1000w\" sizes=\"(max-width: 1024px) 100vw, 1024px\" \/><\/a><figcaption class=\"wp-element-caption\"><strong>Principe de la conjonction d&rsquo;une plan\u00e8te sup\u00e9rieure.<\/strong><small> Illustration&nbsp;: Stelvision\/Carine Souplet<\/small><\/figcaption><\/figure>\n<\/div>\n\n\n<p><strong>Pour les plan\u00e8tes inf\u00e9rieures<\/strong> (plus proches du Soleil que la Terre, c\u2019est-\u00e0-dire Mercure et V\u00e9nus), les deux configurations sont possibles. On parle alors de <em>conjonction sup\u00e9rieure<\/em> pour l\u2019alignement plan\u00e8te-Soleil-Terre et de <em>conjonction inf\u00e9rieure<\/em> pour l\u2019alignement Soleil-plan\u00e8te-Terre.<\/p>\n\n\n<div class=\"wp-block-image\">\n<figure class=\"aligncenter size-full\"><a href=\"https:\/\/www.stelvision.com\/astro\/wp-content\/uploads\/2022\/12\/conj_inf_sup.jpg\" data-rel=\"lightbox-gallery-cUXhB486\" data-rl_title=\"Principe de la conjonction pour une plan\u00e8te inf\u00e9rieure\" data-rl_caption=\"\" title=\"Principe de la conjonction pour une plan\u00e8te inf\u00e9rieure\"><img decoding=\"async\" width=\"1024\" height=\"536\" src=\"https:\/\/www.stelvision.com\/astro\/wp-content\/uploads\/2022\/12\/conj_inf_sup.jpg\" alt=\"\" class=\"wp-image-49116\" srcset=\"https:\/\/www.stelvision.com\/astro\/wp-content\/uploads\/2022\/12\/conj_inf_sup.jpg 1024w, https:\/\/www.stelvision.com\/astro\/wp-content\/uploads\/2022\/12\/conj_inf_sup-300x157.jpg 300w, https:\/\/www.stelvision.com\/astro\/wp-content\/uploads\/2022\/12\/conj_inf_sup-768x402.jpg 768w, https:\/\/www.stelvision.com\/astro\/wp-content\/uploads\/2022\/12\/conj_inf_sup-750x393.jpg 750w, https:\/\/www.stelvision.com\/astro\/wp-content\/uploads\/2022\/12\/conj_inf_sup-570x298.jpg 570w, https:\/\/www.stelvision.com\/astro\/wp-content\/uploads\/2022\/12\/conj_inf_sup-368x193.jpg 368w, https:\/\/www.stelvision.com\/astro\/wp-content\/uploads\/2022\/12\/conj_inf_sup-270x141.jpg 270w, https:\/\/www.stelvision.com\/astro\/wp-content\/uploads\/2022\/12\/conj_inf_sup-1000x523.jpg 1000w\" sizes=\"(max-width: 1024px) 100vw, 1024px\" \/><\/a><figcaption class=\"wp-element-caption\"><strong>Principe des deux configurations possibles pour la conjonction d&rsquo;une plan\u00e8te inf\u00e9rieure.<\/strong><small> Illustration&nbsp;: Stelvision\/Carine Souplet<\/small><\/figcaption><\/figure>\n<\/div>\n\n\n<p class=\"boxFocus color1\">En pratique, lorsqu\u2019une plan\u00e8te est en conjonction, elle est inobservable car noy\u00e9e dans les lumi\u00e8res du Soleil.<\/p>\n\n\n\t\t\t\t\t\t<div style=\"margin-bottom: 18px;\">\t\t\t\t<a rel=\"nofollow\" href=\"https:\/\/www.stelvision.com\/astro\/boutique\/le-ciel-au-telescope\/?ref=bottom\">\r\n\t\t\t\t\t<img decoding=\"async\" src=\"https:\/\/www.stelvision.com\/astro\/wp-content\/uploads\/2025\/10\/Ciel-au-telescope-1200x900-1.webp\" alt=\"visuel publicitaire livre le Ciel au t\u00e9lescope\" class=\"img-responsive\">\r\n\t\t\t\t<\/a>\r\n\t\t\t\t<p style=\"text-align: center; margin-bottom: 0em; margin-top: 0.25em;\"><strong><a rel=\"nofollow\" href=\"https:\/\/www.stelvision.com\/astro\/boutique\/le-ciel-au-telescope\/?ref=bottom\">Le Ciel au t\u00e9lescope, le guide indispensable pour r\u00e9ussir vos observations<\/a><\/strong><\/p>\r\n\t\t\t<\/div>\n","protected":false},"excerpt":{"rendered":"<p>Les oppositions et les conjonctions sont des positions particuli\u00e8res des plan\u00e8tes. Quand se produisent-elles&nbsp;? Quelle cons\u00e9quence pour leur observation&nbsp;? Qu\u2019est-ce qu\u2019une plan\u00e8te en opposition&nbsp;? L\u2019opposition <a href=\"https:\/\/www.stelvision.com\/astro\/conjonction-opposition-planete\/\" class=\"more-link\">&#8230;<span class=\"screen-reader-text\">  Opposition et conjonction, des positions remarquables des plan\u00e8tes<\/span><\/a><\/p>\n","protected":false},"author":5,"featured_media":49125,"parent":0,"menu_order":0,"comment_status":"closed","ping_status":"closed","template":"","meta":{"_acf_changed":false,"footnotes":""},"class_list":["post-49114","page","type-page","status-publish","has-post-thumbnail","hentry"],"acf":[],"yoast_head":"<!-- This site is optimized with the Yoast SEO plugin v27.1.1 - https:\/\/yoast.com\/product\/yoast-seo-wordpress\/ -->\n<title>Opposition et conjonction, des positions remarquables des plan\u00e8tes<\/title>\n<meta name=\"description\" content=\"Les conjonctions et les oppositions sont des positions particuli\u00e8res des plan\u00e8tes dans le ciel. Quand se produisent-elles ?\" \/>\n<meta name=\"robots\" content=\"index, follow, max-snippet:-1, max-image-preview:large, max-video-preview:-1\" \/>\n<link rel=\"canonical\" href=\"https:\/\/www.stelvision.com\/astro\/conjonction-opposition-planete\/\" \/>\n<meta property=\"og:locale\" content=\"fr_FR\" \/>\n<meta property=\"og:type\" content=\"article\" \/>\n<meta property=\"og:title\" content=\"Opposition et conjonction, des positions remarquables des plan\u00e8tes dans le ciel\" \/>\n<meta property=\"og:description\" content=\"Les conjonctions et les oppositions sont des positions particuli\u00e8res des plan\u00e8tes dans le ciel. Quand se produisent-elles ?\" \/>\n<meta property=\"og:url\" content=\"https:\/\/www.stelvision.com\/astro\/conjonction-opposition-planete\/\" \/>\n<meta property=\"og:site_name\" content=\"Stelvision\" \/>\n<meta property=\"article:publisher\" content=\"https:\/\/www.facebook.com\/people\/Stelvision\/100063368192331\/\" \/>\n<meta property=\"article:modified_time\" content=\"2023-09-08T16:44:57+00:00\" \/>\n<meta property=\"og:image\" content=\"https:\/\/www.stelvision.com\/astro\/wp-content\/uploads\/2022\/12\/opposition.jpg\" \/>\n\t<meta property=\"og:image:width\" content=\"1024\" \/>\n\t<meta property=\"og:image:height\" content=\"536\" \/>\n\t<meta property=\"og:image:type\" content=\"image\/jpeg\" \/>\n<meta name=\"twitter:card\" content=\"summary_large_image\" \/>\n<meta name=\"twitter:title\" content=\"Opposition et conjonction, des positions remarquables des plan\u00e8tes dans le ciel\" \/>\n<meta name=\"twitter:description\" content=\"Les conjonctions et les oppositions sont des positions particuli\u00e8res des plan\u00e8tes dans le ciel. Quand se produisent-elles ?\" \/>\n<meta name=\"twitter:image\" content=\"https:\/\/www.stelvision.com\/astro\/wp-content\/uploads\/2022\/12\/opposition.jpg\" \/>\n<meta name=\"twitter:label1\" content=\"Dur\u00e9e de lecture estim\u00e9e\" \/>\n\t<meta name=\"twitter:data1\" content=\"3 minutes\" \/>\n<script type=\"application\/ld+json\" class=\"yoast-schema-graph\">{\"@context\":\"https:\/\/schema.org\",\"@graph\":[{\"@type\":\"WebPage\",\"@id\":\"https:\/\/www.stelvision.com\/astro\/conjonction-opposition-planete\/\",\"url\":\"https:\/\/www.stelvision.com\/astro\/conjonction-opposition-planete\/\",\"name\":\"Opposition et conjonction, des positions remarquables des plan\u00e8tes\",\"isPartOf\":{\"@id\":\"https:\/\/www.stelvision.com\/astro\/#website\"},\"primaryImageOfPage\":{\"@id\":\"https:\/\/www.stelvision.com\/astro\/conjonction-opposition-planete\/#primaryimage\"},\"image\":{\"@id\":\"https:\/\/www.stelvision.com\/astro\/conjonction-opposition-planete\/#primaryimage\"},\"thumbnailUrl\":\"https:\/\/www.stelvision.com\/astro\/wp-content\/uploads\/2022\/12\/opposition.jpg\",\"datePublished\":\"2023-01-03T15:14:57+00:00\",\"dateModified\":\"2023-09-08T16:44:57+00:00\",\"description\":\"Les conjonctions et les oppositions sont des positions particuli\u00e8res des plan\u00e8tes dans le ciel. Quand se produisent-elles ?\",\"breadcrumb\":{\"@id\":\"https:\/\/www.stelvision.com\/astro\/conjonction-opposition-planete\/#breadcrumb\"},\"inLanguage\":\"fr-FR\",\"potentialAction\":[{\"@type\":\"ReadAction\",\"target\":[\"https:\/\/www.stelvision.com\/astro\/conjonction-opposition-planete\/\"]}]},{\"@type\":\"ImageObject\",\"inLanguage\":\"fr-FR\",\"@id\":\"https:\/\/www.stelvision.com\/astro\/conjonction-opposition-planete\/#primaryimage\",\"url\":\"https:\/\/www.stelvision.com\/astro\/wp-content\/uploads\/2022\/12\/opposition.jpg\",\"contentUrl\":\"https:\/\/www.stelvision.com\/astro\/wp-content\/uploads\/2022\/12\/opposition.jpg\",\"width\":1024,\"height\":536},{\"@type\":\"BreadcrumbList\",\"@id\":\"https:\/\/www.stelvision.com\/astro\/conjonction-opposition-planete\/#breadcrumb\",\"itemListElement\":[{\"@type\":\"ListItem\",\"position\":1,\"name\":\"Accueil\",\"item\":\"https:\/\/www.stelvision.com\/astro\/\"},{\"@type\":\"ListItem\",\"position\":2,\"name\":\"Opposition et conjonction, des positions remarquables des plan\u00e8tes\"}]},{\"@type\":\"WebSite\",\"@id\":\"https:\/\/www.stelvision.com\/astro\/#website\",\"url\":\"https:\/\/www.stelvision.com\/astro\/\",\"name\":\"Stelvision\",\"description\":\"conseils, livres et mat\u00e9riel d&#039;observation du ciel\",\"publisher\":{\"@id\":\"https:\/\/www.stelvision.com\/astro\/#organization\"},\"potentialAction\":[{\"@type\":\"SearchAction\",\"target\":{\"@type\":\"EntryPoint\",\"urlTemplate\":\"https:\/\/www.stelvision.com\/astro\/?s={search_term_string}\"},\"query-input\":{\"@type\":\"PropertyValueSpecification\",\"valueRequired\":true,\"valueName\":\"search_term_string\"}}],\"inLanguage\":\"fr-FR\"},{\"@type\":\"Organization\",\"@id\":\"https:\/\/www.stelvision.com\/astro\/#organization\",\"name\":\"Stelvision\",\"url\":\"https:\/\/www.stelvision.com\/astro\/\",\"logo\":{\"@type\":\"ImageObject\",\"inLanguage\":\"fr-FR\",\"@id\":\"https:\/\/www.stelvision.com\/astro\/#\/schema\/logo\/image\/\",\"url\":\"https:\/\/www.stelvision.com\/astro\/wp-content\/uploads\/2019\/03\/logo_lisse_bleu_Stelvision_600.png\",\"contentUrl\":\"https:\/\/www.stelvision.com\/astro\/wp-content\/uploads\/2019\/03\/logo_lisse_bleu_Stelvision_600.png\",\"width\":600,\"height\":277,\"caption\":\"Stelvision\"},\"image\":{\"@id\":\"https:\/\/www.stelvision.com\/astro\/#\/schema\/logo\/image\/\"},\"sameAs\":[\"https:\/\/www.facebook.com\/people\/Stelvision\/100063368192331\/\"]}]}<\/script>\n<!-- \/ Yoast SEO plugin. -->","yoast_head_json":{"title":"Opposition et conjonction, des positions remarquables des plan\u00e8tes","description":"Les conjonctions et les oppositions sont des positions particuli\u00e8res des plan\u00e8tes dans le ciel. Quand se produisent-elles ?","robots":{"index":"index","follow":"follow","max-snippet":"max-snippet:-1","max-image-preview":"max-image-preview:large","max-video-preview":"max-video-preview:-1"},"canonical":"https:\/\/www.stelvision.com\/astro\/conjonction-opposition-planete\/","og_locale":"fr_FR","og_type":"article","og_title":"Opposition et conjonction, des positions remarquables des plan\u00e8tes dans le ciel","og_description":"Les conjonctions et les oppositions sont des positions particuli\u00e8res des plan\u00e8tes dans le ciel. Quand se produisent-elles ?","og_url":"https:\/\/www.stelvision.com\/astro\/conjonction-opposition-planete\/","og_site_name":"Stelvision","article_publisher":"https:\/\/www.facebook.com\/people\/Stelvision\/100063368192331\/","article_modified_time":"2023-09-08T16:44:57+00:00","og_image":[{"width":1024,"height":536,"url":"https:\/\/www.stelvision.com\/astro\/wp-content\/uploads\/2022\/12\/opposition.jpg","type":"image\/jpeg"}],"twitter_card":"summary_large_image","twitter_title":"Opposition et conjonction, des positions remarquables des plan\u00e8tes dans le ciel","twitter_description":"Les conjonctions et les oppositions sont des positions particuli\u00e8res des plan\u00e8tes dans le ciel. Quand se produisent-elles ?","twitter_image":"https:\/\/www.stelvision.com\/astro\/wp-content\/uploads\/2022\/12\/opposition.jpg","twitter_misc":{"Dur\u00e9e de lecture estim\u00e9e":"3 minutes"},"schema":{"@context":"https:\/\/schema.org","@graph":[{"@type":"WebPage","@id":"https:\/\/www.stelvision.com\/astro\/conjonction-opposition-planete\/","url":"https:\/\/www.stelvision.com\/astro\/conjonction-opposition-planete\/","name":"Opposition et conjonction, des positions remarquables des plan\u00e8tes","isPartOf":{"@id":"https:\/\/www.stelvision.com\/astro\/#website"},"primaryImageOfPage":{"@id":"https:\/\/www.stelvision.com\/astro\/conjonction-opposition-planete\/#primaryimage"},"image":{"@id":"https:\/\/www.stelvision.com\/astro\/conjonction-opposition-planete\/#primaryimage"},"thumbnailUrl":"https:\/\/www.stelvision.com\/astro\/wp-content\/uploads\/2022\/12\/opposition.jpg","datePublished":"2023-01-03T15:14:57+00:00","dateModified":"2023-09-08T16:44:57+00:00","description":"Les conjonctions et les oppositions sont des positions particuli\u00e8res des plan\u00e8tes dans le ciel. Quand se produisent-elles ?","breadcrumb":{"@id":"https:\/\/www.stelvision.com\/astro\/conjonction-opposition-planete\/#breadcrumb"},"inLanguage":"fr-FR","potentialAction":[{"@type":"ReadAction","target":["https:\/\/www.stelvision.com\/astro\/conjonction-opposition-planete\/"]}]},{"@type":"ImageObject","inLanguage":"fr-FR","@id":"https:\/\/www.stelvision.com\/astro\/conjonction-opposition-planete\/#primaryimage","url":"https:\/\/www.stelvision.com\/astro\/wp-content\/uploads\/2022\/12\/opposition.jpg","contentUrl":"https:\/\/www.stelvision.com\/astro\/wp-content\/uploads\/2022\/12\/opposition.jpg","width":1024,"height":536},{"@type":"BreadcrumbList","@id":"https:\/\/www.stelvision.com\/astro\/conjonction-opposition-planete\/#breadcrumb","itemListElement":[{"@type":"ListItem","position":1,"name":"Accueil","item":"https:\/\/www.stelvision.com\/astro\/"},{"@type":"ListItem","position":2,"name":"Opposition et conjonction, des positions remarquables des plan\u00e8tes"}]},{"@type":"WebSite","@id":"https:\/\/www.stelvision.com\/astro\/#website","url":"https:\/\/www.stelvision.com\/astro\/","name":"Stelvision","description":"conseils, livres et mat\u00e9riel d&#039;observation du ciel","publisher":{"@id":"https:\/\/www.stelvision.com\/astro\/#organization"},"potentialAction":[{"@type":"SearchAction","target":{"@type":"EntryPoint","urlTemplate":"https:\/\/www.stelvision.com\/astro\/?s={search_term_string}"},"query-input":{"@type":"PropertyValueSpecification","valueRequired":true,"valueName":"search_term_string"}}],"inLanguage":"fr-FR"},{"@type":"Organization","@id":"https:\/\/www.stelvision.com\/astro\/#organization","name":"Stelvision","url":"https:\/\/www.stelvision.com\/astro\/","logo":{"@type":"ImageObject","inLanguage":"fr-FR","@id":"https:\/\/www.stelvision.com\/astro\/#\/schema\/logo\/image\/","url":"https:\/\/www.stelvision.com\/astro\/wp-content\/uploads\/2019\/03\/logo_lisse_bleu_Stelvision_600.png","contentUrl":"https:\/\/www.stelvision.com\/astro\/wp-content\/uploads\/2019\/03\/logo_lisse_bleu_Stelvision_600.png","width":600,"height":277,"caption":"Stelvision"},"image":{"@id":"https:\/\/www.stelvision.com\/astro\/#\/schema\/logo\/image\/"},"sameAs":["https:\/\/www.facebook.com\/people\/Stelvision\/100063368192331\/"]}]}},"_links":{"self":[{"href":"https:\/\/www.stelvision.com\/astro\/wp-json\/wp\/v2\/pages\/49114","targetHints":{"allow":["GET"]}}],"collection":[{"href":"https:\/\/www.stelvision.com\/astro\/wp-json\/wp\/v2\/pages"}],"about":[{"href":"https:\/\/www.stelvision.com\/astro\/wp-json\/wp\/v2\/types\/page"}],"author":[{"embeddable":true,"href":"https:\/\/www.stelvision.com\/astro\/wp-json\/wp\/v2\/users\/5"}],"replies":[{"embeddable":true,"href":"https:\/\/www.stelvision.com\/astro\/wp-json\/wp\/v2\/comments?post=49114"}],"version-history":[{"count":21,"href":"https:\/\/www.stelvision.com\/astro\/wp-json\/wp\/v2\/pages\/49114\/revisions"}],"predecessor-version":[{"id":57342,"href":"https:\/\/www.stelvision.com\/astro\/wp-json\/wp\/v2\/pages\/49114\/revisions\/57342"}],"wp:featuredmedia":[{"embeddable":true,"href":"https:\/\/www.stelvision.com\/astro\/wp-json\/wp\/v2\/media\/49125"}],"wp:attachment":[{"href":"https:\/\/www.stelvision.com\/astro\/wp-json\/wp\/v2\/media?parent=49114"}],"curies":[{"name":"wp","href":"https:\/\/api.w.org\/{rel}","templated":true}]}}