{"id":7198,"date":"2019-08-03T13:55:53","date_gmt":"2019-08-03T11:55:53","guid":{"rendered":"https:\/\/www.stelvision.com\/astro\/?page_id=7198"},"modified":"2025-02-04T12:21:54","modified_gmt":"2025-02-04T11:21:54","slug":"support-materiel","status":"publish","type":"page","link":"https:\/\/www.stelvision.com\/astro\/support-materiel\/","title":{"rendered":"Support mat\u00e9riel Stelvision"},"content":{"rendered":"\n<p class=\"chapo\">Retrouvez ici tous les documents n\u00e9cessaires  \u00e0 l&rsquo;utilisation des produits Stelvision.<\/p>\n\n\n\n<h2 class=\"wp-block-heading\">STELESCOPE 200<\/h2>\n\n\n\n<p><a href=\"https:\/\/www.stelvision.com\/astro\/wp-content\/uploads\/2022\/03\/stelescope200_BD.pdf\" target=\"_blank\" rel=\"noreferrer noopener\">Notice<\/a><\/p>\n\n\n\n<p><a href=\"https:\/\/www.stelvision.com\/astro\/collimation-telescope-newton\/\">Proc\u00e9dure de collimation<\/a><\/p>\n\n\n\n<p><a href=\"https:\/\/www.stelvision.com\/astro\/wp-content\/uploads\/2019\/09\/nettoyage_miroir_V2.pdf\">Proc\u00e9dure de nettoyage des miroirs<\/a><\/p>\n\n\n\n<h2 class=\"wp-block-heading\">STELESCOPE 130<\/h2>\n\n\n\n<p><a href=\"https:\/\/www.stelvision.com\/astro\/wp-content\/uploads\/2021\/06\/stelescope130_notice_V3_basse_def.pdf\">Notice<\/a><\/p>\n\n\n\n<p><a href=\"https:\/\/www.stelvision.com\/astro\/wp-content\/uploads\/2019\/09\/collimation_ST130_V3.pdf\">Proc\u00e9dure de collimation<\/a><\/p>\n\n\n\n<p><a href=\"https:\/\/www.stelvision.com\/astro\/wp-content\/uploads\/2019\/09\/nettoyage_miroir_V2.pdf\">Proc\u00e9dure de nettoyage des miroirs<\/a><\/p>\n\n\n\n<h2 class=\"wp-block-heading\">STELESCOPE 70<\/h2>\n\n\n\n<p><a href=\"https:\/\/www.stelvision.com\/astro\/wp-content\/uploads\/2021\/06\/stelescope70_notice_V3_BasseDef.pdf\">Notice<\/a><\/p>\n\n\n\n<h2 class=\"wp-block-heading\">easyScope<\/h2>\n\n\n\n<p><a href=\"https:\/\/www.stelvision.com\/telechargements\/notice_easyScope_FR_EN_V1b_BD.pdf\">Notice<\/a><\/p>\n\n\n\n<p><a href=\"https:\/\/www.stelvision.com\/astro\/wp-content\/uploads\/2019\/10\/fiches-observation-offertes-Ciel-aux-jumelles-copyright-Stelvision-bd.pdf\">T\u00e9l\u00e9chargement du guide d&rsquo;observation<\/a><\/p>\n\n\n\n<p><a href=\"https:\/\/www.stelvision.com\/astro\/easyscope\/\">Astuce : \u00e9viter le tremblement des mains avec un pied photo ou un manche \u00e0 balai<\/a><\/p>\n\n\n\n<h2 class=\"wp-block-heading\">Jumelles 10&#215;50 ST2<\/h2>\n\n\n\n<p><a href=\"https:\/\/www.stelvision.com\/telechargements\/notice_jumelles_10x50_ST2_FR_EN_V2.pdf\">Notice<\/a><\/p>\n\n\n\n<p><a href=\"https:\/\/www.stelvision.com\/astro\/wp-content\/uploads\/2019\/10\/fiches-observation-offertes-Ciel-aux-jumelles-copyright-Stelvision-bd.pdf\">T\u00e9l\u00e9chargement du guide d&rsquo;observation<\/a><\/p>\n\n\n\n<h2 class=\"wp-block-heading\">QuikFinder<\/h2>\n\n\n\n<p><a href=\"https:\/\/www.stelvision.com\/astro\/wp-content\/uploads\/2022\/03\/notice_quikFinder_v2_BD.pdf\" target=\"_blank\" rel=\"noreferrer noopener\">Notice<\/a><\/p>\n\n\n\n<h2 class=\"wp-block-heading\">Fiche plan\u00e8tes Stelvision 365<\/h2>\n\n\n\n<p><a href=\"https:\/\/www.stelvision.com\/astro\/fiche-planetes-mise-a-jour\/\">Fiche de la position des plan\u00e8tes actualis\u00e9e<\/a>, \u00e0 ins\u00e9rer dans la carte Stelvision 365.<\/p>\n","protected":false},"excerpt":{"rendered":"<p>Retrouvez ici tous les documents n\u00e9cessaires \u00e0 l&rsquo;utilisation des produits Stelvision. STELESCOPE 200 Notice Proc\u00e9dure de collimation Proc\u00e9dure de nettoyage des miroirs STELESCOPE 130 Notice <a href=\"https:\/\/www.stelvision.com\/astro\/support-materiel\/\" class=\"more-link\">&#8230;<span class=\"screen-reader-text\">  Support mat\u00e9riel Stelvision<\/span><\/a><\/p>\n","protected":false},"author":1,"featured_media":0,"parent":0,"menu_order":0,"comment_status":"closed","ping_status":"closed","template":"","meta":{"_acf_changed":false,"footnotes":""},"class_list":["post-7198","page","type-page","status-publish","hentry"],"acf":[],"yoast_head":"<!-- This site is optimized with the Yoast SEO plugin v27.1.1 - https:\/\/yoast.com\/product\/yoast-seo-wordpress\/ -->\n<title>Support mat\u00e9riel Stelvision<\/title>\n<meta name=\"description\" content=\"Retrouvez ici tous les documents utiles \u00e0 la bonne utilisation des produits Stelvision.\" \/>\n<meta name=\"robots\" content=\"index, follow, max-snippet:-1, max-image-preview:large, max-video-preview:-1\" \/>\n<link rel=\"canonical\" href=\"https:\/\/www.stelvision.com\/astro\/support-materiel\/\" \/>\n<meta property=\"og:locale\" content=\"fr_FR\" \/>\n<meta property=\"og:type\" content=\"article\" \/>\n<meta property=\"og:title\" content=\"Support mat\u00e9riel Stelvision\" \/>\n<meta property=\"og:description\" content=\"Retrouvez ici tous les documents utiles \u00e0 la bonne utilisation des produits Stelvision.\" \/>\n<meta property=\"og:url\" content=\"https:\/\/www.stelvision.com\/astro\/support-materiel\/\" \/>\n<meta property=\"og:site_name\" content=\"Stelvision\" \/>\n<meta property=\"article:publisher\" content=\"https:\/\/www.facebook.com\/people\/Stelvision\/100063368192331\/\" \/>\n<meta property=\"article:modified_time\" content=\"2025-02-04T11:21:54+00:00\" \/>\n<meta name=\"twitter:card\" content=\"summary_large_image\" \/>\n<meta name=\"twitter:label1\" content=\"Dur\u00e9e de lecture estim\u00e9e\" \/>\n\t<meta name=\"twitter:data1\" content=\"1 minute\" \/>\n<script type=\"application\/ld+json\" class=\"yoast-schema-graph\">{\"@context\":\"https:\/\/schema.org\",\"@graph\":[{\"@type\":\"WebPage\",\"@id\":\"https:\/\/www.stelvision.com\/astro\/support-materiel\/\",\"url\":\"https:\/\/www.stelvision.com\/astro\/support-materiel\/\",\"name\":\"Support mat\u00e9riel Stelvision\",\"isPartOf\":{\"@id\":\"https:\/\/www.stelvision.com\/astro\/#website\"},\"datePublished\":\"2019-08-03T11:55:53+00:00\",\"dateModified\":\"2025-02-04T11:21:54+00:00\",\"description\":\"Retrouvez ici tous les documents utiles \u00e0 la bonne utilisation des produits Stelvision.\",\"breadcrumb\":{\"@id\":\"https:\/\/www.stelvision.com\/astro\/support-materiel\/#breadcrumb\"},\"inLanguage\":\"fr-FR\",\"potentialAction\":[{\"@type\":\"ReadAction\",\"target\":[\"https:\/\/www.stelvision.com\/astro\/support-materiel\/\"]}]},{\"@type\":\"BreadcrumbList\",\"@id\":\"https:\/\/www.stelvision.com\/astro\/support-materiel\/#breadcrumb\",\"itemListElement\":[{\"@type\":\"ListItem\",\"position\":1,\"name\":\"Accueil\",\"item\":\"https:\/\/www.stelvision.com\/astro\/\"},{\"@type\":\"ListItem\",\"position\":2,\"name\":\"Support mat\u00e9riel Stelvision\"}]},{\"@type\":\"WebSite\",\"@id\":\"https:\/\/www.stelvision.com\/astro\/#website\",\"url\":\"https:\/\/www.stelvision.com\/astro\/\",\"name\":\"Stelvision\",\"description\":\"conseils, livres et mat\u00e9riel d&#039;observation du ciel\",\"publisher\":{\"@id\":\"https:\/\/www.stelvision.com\/astro\/#organization\"},\"potentialAction\":[{\"@type\":\"SearchAction\",\"target\":{\"@type\":\"EntryPoint\",\"urlTemplate\":\"https:\/\/www.stelvision.com\/astro\/?s={search_term_string}\"},\"query-input\":{\"@type\":\"PropertyValueSpecification\",\"valueRequired\":true,\"valueName\":\"search_term_string\"}}],\"inLanguage\":\"fr-FR\"},{\"@type\":\"Organization\",\"@id\":\"https:\/\/www.stelvision.com\/astro\/#organization\",\"name\":\"Stelvision\",\"url\":\"https:\/\/www.stelvision.com\/astro\/\",\"logo\":{\"@type\":\"ImageObject\",\"inLanguage\":\"fr-FR\",\"@id\":\"https:\/\/www.stelvision.com\/astro\/#\/schema\/logo\/image\/\",\"url\":\"https:\/\/www.stelvision.com\/astro\/wp-content\/uploads\/2019\/03\/logo_lisse_bleu_Stelvision_600.png\",\"contentUrl\":\"https:\/\/www.stelvision.com\/astro\/wp-content\/uploads\/2019\/03\/logo_lisse_bleu_Stelvision_600.png\",\"width\":600,\"height\":277,\"caption\":\"Stelvision\"},\"image\":{\"@id\":\"https:\/\/www.stelvision.com\/astro\/#\/schema\/logo\/image\/\"},\"sameAs\":[\"https:\/\/www.facebook.com\/people\/Stelvision\/100063368192331\/\"]}]}<\/script>\n<!-- \/ Yoast SEO plugin. -->","yoast_head_json":{"title":"Support mat\u00e9riel Stelvision","description":"Retrouvez ici tous les documents utiles \u00e0 la bonne utilisation des produits Stelvision.","robots":{"index":"index","follow":"follow","max-snippet":"max-snippet:-1","max-image-preview":"max-image-preview:large","max-video-preview":"max-video-preview:-1"},"canonical":"https:\/\/www.stelvision.com\/astro\/support-materiel\/","og_locale":"fr_FR","og_type":"article","og_title":"Support mat\u00e9riel Stelvision","og_description":"Retrouvez ici tous les documents utiles \u00e0 la bonne utilisation des produits Stelvision.","og_url":"https:\/\/www.stelvision.com\/astro\/support-materiel\/","og_site_name":"Stelvision","article_publisher":"https:\/\/www.facebook.com\/people\/Stelvision\/100063368192331\/","article_modified_time":"2025-02-04T11:21:54+00:00","twitter_card":"summary_large_image","twitter_misc":{"Dur\u00e9e de lecture estim\u00e9e":"1 minute"},"schema":{"@context":"https:\/\/schema.org","@graph":[{"@type":"WebPage","@id":"https:\/\/www.stelvision.com\/astro\/support-materiel\/","url":"https:\/\/www.stelvision.com\/astro\/support-materiel\/","name":"Support mat\u00e9riel Stelvision","isPartOf":{"@id":"https:\/\/www.stelvision.com\/astro\/#website"},"datePublished":"2019-08-03T11:55:53+00:00","dateModified":"2025-02-04T11:21:54+00:00","description":"Retrouvez ici tous les documents utiles \u00e0 la bonne utilisation des produits Stelvision.","breadcrumb":{"@id":"https:\/\/www.stelvision.com\/astro\/support-materiel\/#breadcrumb"},"inLanguage":"fr-FR","potentialAction":[{"@type":"ReadAction","target":["https:\/\/www.stelvision.com\/astro\/support-materiel\/"]}]},{"@type":"BreadcrumbList","@id":"https:\/\/www.stelvision.com\/astro\/support-materiel\/#breadcrumb","itemListElement":[{"@type":"ListItem","position":1,"name":"Accueil","item":"https:\/\/www.stelvision.com\/astro\/"},{"@type":"ListItem","position":2,"name":"Support mat\u00e9riel Stelvision"}]},{"@type":"WebSite","@id":"https:\/\/www.stelvision.com\/astro\/#website","url":"https:\/\/www.stelvision.com\/astro\/","name":"Stelvision","description":"conseils, livres et mat\u00e9riel d&#039;observation du ciel","publisher":{"@id":"https:\/\/www.stelvision.com\/astro\/#organization"},"potentialAction":[{"@type":"SearchAction","target":{"@type":"EntryPoint","urlTemplate":"https:\/\/www.stelvision.com\/astro\/?s={search_term_string}"},"query-input":{"@type":"PropertyValueSpecification","valueRequired":true,"valueName":"search_term_string"}}],"inLanguage":"fr-FR"},{"@type":"Organization","@id":"https:\/\/www.stelvision.com\/astro\/#organization","name":"Stelvision","url":"https:\/\/www.stelvision.com\/astro\/","logo":{"@type":"ImageObject","inLanguage":"fr-FR","@id":"https:\/\/www.stelvision.com\/astro\/#\/schema\/logo\/image\/","url":"https:\/\/www.stelvision.com\/astro\/wp-content\/uploads\/2019\/03\/logo_lisse_bleu_Stelvision_600.png","contentUrl":"https:\/\/www.stelvision.com\/astro\/wp-content\/uploads\/2019\/03\/logo_lisse_bleu_Stelvision_600.png","width":600,"height":277,"caption":"Stelvision"},"image":{"@id":"https:\/\/www.stelvision.com\/astro\/#\/schema\/logo\/image\/"},"sameAs":["https:\/\/www.facebook.com\/people\/Stelvision\/100063368192331\/"]}]}},"_links":{"self":[{"href":"https:\/\/www.stelvision.com\/astro\/wp-json\/wp\/v2\/pages\/7198","targetHints":{"allow":["GET"]}}],"collection":[{"href":"https:\/\/www.stelvision.com\/astro\/wp-json\/wp\/v2\/pages"}],"about":[{"href":"https:\/\/www.stelvision.com\/astro\/wp-json\/wp\/v2\/types\/page"}],"author":[{"embeddable":true,"href":"https:\/\/www.stelvision.com\/astro\/wp-json\/wp\/v2\/users\/1"}],"replies":[{"embeddable":true,"href":"https:\/\/www.stelvision.com\/astro\/wp-json\/wp\/v2\/comments?post=7198"}],"version-history":[{"count":16,"href":"https:\/\/www.stelvision.com\/astro\/wp-json\/wp\/v2\/pages\/7198\/revisions"}],"predecessor-version":[{"id":67735,"href":"https:\/\/www.stelvision.com\/astro\/wp-json\/wp\/v2\/pages\/7198\/revisions\/67735"}],"wp:attachment":[{"href":"https:\/\/www.stelvision.com\/astro\/wp-json\/wp\/v2\/media?parent=7198"}],"curies":[{"name":"wp","href":"https:\/\/api.w.org\/{rel}","templated":true}]}}