{"id":1416,"date":"2018-06-22T15:24:13","date_gmt":"2018-06-22T13:24:13","guid":{"rendered":"https:\/\/www.stelvision.com\/astro\/?post_type=product&#038;p=1416"},"modified":"2026-05-07T16:17:47","modified_gmt":"2026-05-07T14:17:47","slug":"adaptateur-trepied-pour-jumelles-en-metal","status":"publish","type":"product","link":"https:\/\/www.stelvision.com\/astro\/boutique\/adaptateur-trepied-pour-jumelles-en-metal\/","title":{"rendered":"Adaptateur tr\u00e9pied pour jumelles, en m\u00e9tal"},"content":{"rendered":"<p>Cet adaptateur permet de <strong>fixer des jumelles sur un tr\u00e9pied photo standard<\/strong>. Les jumelles doivent \u00eatre munies d&rsquo;un pas de vis standard \u00ab\u00a0Kodak\u00a0\u00bb entre les deux f\u00fbts (souvent situ\u00e9 sous un capuchon plastique).\u00a0Contrairement \u00e0 d&rsquo;autres mod\u00e8les en plastique, cet adaptateur est m\u00e9tallique, ce qui assure une <strong>grande rigidit\u00e9<\/strong> pour des images stables m\u00eame avec des jumelles lourdes.<\/p>\n<p>Attention, cet adaptateur n&rsquo;est <strong>PAS n\u00e9cessaire<\/strong> pour le <a href=\"https:\/\/www.stelvision.com\/astro\/boutique\/easyscope\/\">monoculaire easyScope<\/a> (qui peut se visser directement sur tr\u00e9pied), ni pour les jumelles <a href=\"https:\/\/www.stelvision.com\/astro\/boutique\/jumelles-10x50-st2\/\">Stelvision 10&#215;50 ST2<\/a> (livr\u00e9es d&rsquo;origine avec cet accessoire). Il ne convient pas aux <a href=\"https:\/\/www.stelvision.com\/astro\/boutique\/jumelles-noctua-2x40\/\">jumelles Noctua<\/a> qui s&rsquo;utilisent sans tr\u00e9pied.<\/p>\n","protected":false},"excerpt":{"rendered":"<p>Permet de fixer solidement des jumelles sur un tr\u00e9pied photo standard.<\/p>\n","protected":false},"featured_media":30101,"template":"","meta":{"_acf_changed":false},"product_brand":[],"product_cat":[331],"product_tag":[],"class_list":{"0":"post-1416","1":"product","2":"type-product","3":"status-publish","4":"has-post-thumbnail","6":"product_cat-jumelles","7":"product_shipping_class-easyscope-oculaires-accessoires","9":"first","10":"instock","11":"taxable","12":"shipping-taxable","13":"purchasable","14":"product-type-simple"},"acf":[],"yoast_head":"<!-- This site is optimized with the Yoast SEO plugin v27.5 - https:\/\/yoast.com\/product\/yoast-seo-wordpress\/ -->\n<title>Adaptateur tr\u00e9pied pour jumelles, en m\u00e9tal<\/title>\n<meta name=\"description\" content=\"Cet adaptateur m\u00e9tallique permet de fixer solidement des jumelles sur un tr\u00e9pied photo standard.\" \/>\n<meta name=\"robots\" content=\"index, follow, max-snippet:-1, max-image-preview:large, max-video-preview:-1\" \/>\n<link rel=\"canonical\" href=\"https:\/\/www.stelvision.com\/astro\/boutique\/adaptateur-trepied-pour-jumelles-en-metal\/\" \/>\n<meta property=\"og:locale\" content=\"fr_FR\" \/>\n<meta property=\"og:type\" content=\"article\" \/>\n<meta property=\"og:title\" content=\"Adaptateur tr\u00e9pied pour jumelles, en m\u00e9tal\" \/>\n<meta property=\"og:description\" content=\"Cet adaptateur m\u00e9tallique permet de fixer solidement des jumelles sur un tr\u00e9pied photo standard.\" \/>\n<meta property=\"og:url\" content=\"https:\/\/www.stelvision.com\/astro\/boutique\/adaptateur-trepied-pour-jumelles-en-metal\/\" \/>\n<meta property=\"og:site_name\" content=\"Stelvision\" \/>\n<meta property=\"article:publisher\" content=\"https:\/\/www.facebook.com\/people\/Stelvision\/100063368192331\/\" \/>\n<meta property=\"article:modified_time\" content=\"2026-05-07T14:17:47+00:00\" \/>\n<meta property=\"og:image\" content=\"https:\/\/www.stelvision.com\/astro\/wp-content\/uploads\/2018\/06\/01_adaptateur_jumelles.jpg\" \/>\n\t<meta property=\"og:image:width\" content=\"1024\" \/>\n\t<meta property=\"og:image:height\" content=\"768\" \/>\n\t<meta property=\"og:image:type\" content=\"image\/jpeg\" \/>\n<meta name=\"twitter:card\" content=\"summary_large_image\" \/>\n<meta name=\"twitter:label1\" content=\"Dur\u00e9e de lecture estim\u00e9e\" \/>\n\t<meta name=\"twitter:data1\" content=\"1 minute\" \/>\n<script type=\"application\/ld+json\" class=\"yoast-schema-graph\">{\"@context\":\"https:\\\/\\\/schema.org\",\"@graph\":[{\"@type\":\"WebPage\",\"@id\":\"https:\\\/\\\/www.stelvision.com\\\/astro\\\/boutique\\\/adaptateur-trepied-pour-jumelles-en-metal\\\/\",\"url\":\"https:\\\/\\\/www.stelvision.com\\\/astro\\\/boutique\\\/adaptateur-trepied-pour-jumelles-en-metal\\\/\",\"name\":\"Adaptateur tr\u00e9pied pour jumelles, en m\u00e9tal\",\"isPartOf\":{\"@id\":\"https:\\\/\\\/www.stelvision.com\\\/astro\\\/#website\"},\"primaryImageOfPage\":{\"@id\":\"https:\\\/\\\/www.stelvision.com\\\/astro\\\/boutique\\\/adaptateur-trepied-pour-jumelles-en-metal\\\/#primaryimage\"},\"image\":{\"@id\":\"https:\\\/\\\/www.stelvision.com\\\/astro\\\/boutique\\\/adaptateur-trepied-pour-jumelles-en-metal\\\/#primaryimage\"},\"thumbnailUrl\":\"https:\\\/\\\/www.stelvision.com\\\/astro\\\/wp-content\\\/uploads\\\/2018\\\/06\\\/01_adaptateur_jumelles.jpg\",\"datePublished\":\"2018-06-22T13:24:13+00:00\",\"dateModified\":\"2026-05-07T14:17:47+00:00\",\"description\":\"Cet adaptateur m\u00e9tallique permet de fixer solidement des jumelles sur un tr\u00e9pied photo standard.\",\"breadcrumb\":{\"@id\":\"https:\\\/\\\/www.stelvision.com\\\/astro\\\/boutique\\\/adaptateur-trepied-pour-jumelles-en-metal\\\/#breadcrumb\"},\"inLanguage\":\"fr-FR\",\"potentialAction\":[{\"@type\":\"ReadAction\",\"target\":[\"https:\\\/\\\/www.stelvision.com\\\/astro\\\/boutique\\\/adaptateur-trepied-pour-jumelles-en-metal\\\/\"]}]},{\"@type\":\"ImageObject\",\"inLanguage\":\"fr-FR\",\"@id\":\"https:\\\/\\\/www.stelvision.com\\\/astro\\\/boutique\\\/adaptateur-trepied-pour-jumelles-en-metal\\\/#primaryimage\",\"url\":\"https:\\\/\\\/www.stelvision.com\\\/astro\\\/wp-content\\\/uploads\\\/2018\\\/06\\\/01_adaptateur_jumelles.jpg\",\"contentUrl\":\"https:\\\/\\\/www.stelvision.com\\\/astro\\\/wp-content\\\/uploads\\\/2018\\\/06\\\/01_adaptateur_jumelles.jpg\",\"width\":1024,\"height\":768},{\"@type\":\"BreadcrumbList\",\"@id\":\"https:\\\/\\\/www.stelvision.com\\\/astro\\\/boutique\\\/adaptateur-trepied-pour-jumelles-en-metal\\\/#breadcrumb\",\"itemListElement\":[{\"@type\":\"ListItem\",\"position\":1,\"name\":\"Accueil\",\"item\":\"https:\\\/\\\/www.stelvision.com\\\/astro\\\/\"},{\"@type\":\"ListItem\",\"position\":2,\"name\":\"La Boutique Stelvision\",\"item\":\"https:\\\/\\\/www.stelvision.com\\\/astro\\\/boutique\\\/\"},{\"@type\":\"ListItem\",\"position\":3,\"name\":\"Adaptateur tr\u00e9pied pour jumelles, en m\u00e9tal\"}]},{\"@type\":\"WebSite\",\"@id\":\"https:\\\/\\\/www.stelvision.com\\\/astro\\\/#website\",\"url\":\"https:\\\/\\\/www.stelvision.com\\\/astro\\\/\",\"name\":\"Stelvision\",\"description\":\"conseils, livres et mat\u00e9riel d&#039;observation du ciel\",\"publisher\":{\"@id\":\"https:\\\/\\\/www.stelvision.com\\\/astro\\\/#organization\"},\"potentialAction\":[{\"@type\":\"SearchAction\",\"target\":{\"@type\":\"EntryPoint\",\"urlTemplate\":\"https:\\\/\\\/www.stelvision.com\\\/astro\\\/?s={search_term_string}\"},\"query-input\":{\"@type\":\"PropertyValueSpecification\",\"valueRequired\":true,\"valueName\":\"search_term_string\"}}],\"inLanguage\":\"fr-FR\"},{\"@type\":\"Organization\",\"@id\":\"https:\\\/\\\/www.stelvision.com\\\/astro\\\/#organization\",\"name\":\"Stelvision\",\"url\":\"https:\\\/\\\/www.stelvision.com\\\/astro\\\/\",\"logo\":{\"@type\":\"ImageObject\",\"inLanguage\":\"fr-FR\",\"@id\":\"https:\\\/\\\/www.stelvision.com\\\/astro\\\/#\\\/schema\\\/logo\\\/image\\\/\",\"url\":\"https:\\\/\\\/www.stelvision.com\\\/astro\\\/wp-content\\\/uploads\\\/2019\\\/03\\\/logo_lisse_bleu_Stelvision_600.png\",\"contentUrl\":\"https:\\\/\\\/www.stelvision.com\\\/astro\\\/wp-content\\\/uploads\\\/2019\\\/03\\\/logo_lisse_bleu_Stelvision_600.png\",\"width\":600,\"height\":277,\"caption\":\"Stelvision\"},\"image\":{\"@id\":\"https:\\\/\\\/www.stelvision.com\\\/astro\\\/#\\\/schema\\\/logo\\\/image\\\/\"},\"sameAs\":[\"https:\\\/\\\/www.facebook.com\\\/people\\\/Stelvision\\\/100063368192331\\\/\"]}]}<\/script>\n<!-- \/ Yoast SEO plugin. -->","yoast_head_json":{"title":"Adaptateur tr\u00e9pied pour jumelles, en m\u00e9tal","description":"Cet adaptateur m\u00e9tallique permet de fixer solidement des jumelles sur un tr\u00e9pied photo standard.","robots":{"index":"index","follow":"follow","max-snippet":"max-snippet:-1","max-image-preview":"max-image-preview:large","max-video-preview":"max-video-preview:-1"},"canonical":"https:\/\/www.stelvision.com\/astro\/boutique\/adaptateur-trepied-pour-jumelles-en-metal\/","og_locale":"fr_FR","og_type":"article","og_title":"Adaptateur tr\u00e9pied pour jumelles, en m\u00e9tal","og_description":"Cet adaptateur m\u00e9tallique permet de fixer solidement des jumelles sur un tr\u00e9pied photo standard.","og_url":"https:\/\/www.stelvision.com\/astro\/boutique\/adaptateur-trepied-pour-jumelles-en-metal\/","og_site_name":"Stelvision","article_publisher":"https:\/\/www.facebook.com\/people\/Stelvision\/100063368192331\/","article_modified_time":"2026-05-07T14:17:47+00:00","og_image":[{"width":1024,"height":768,"url":"https:\/\/www.stelvision.com\/astro\/wp-content\/uploads\/2018\/06\/01_adaptateur_jumelles.jpg","type":"image\/jpeg"}],"twitter_card":"summary_large_image","twitter_misc":{"Dur\u00e9e de lecture estim\u00e9e":"1 minute"},"schema":{"@context":"https:\/\/schema.org","@graph":[{"@type":"WebPage","@id":"https:\/\/www.stelvision.com\/astro\/boutique\/adaptateur-trepied-pour-jumelles-en-metal\/","url":"https:\/\/www.stelvision.com\/astro\/boutique\/adaptateur-trepied-pour-jumelles-en-metal\/","name":"Adaptateur tr\u00e9pied pour jumelles, en m\u00e9tal","isPartOf":{"@id":"https:\/\/www.stelvision.com\/astro\/#website"},"primaryImageOfPage":{"@id":"https:\/\/www.stelvision.com\/astro\/boutique\/adaptateur-trepied-pour-jumelles-en-metal\/#primaryimage"},"image":{"@id":"https:\/\/www.stelvision.com\/astro\/boutique\/adaptateur-trepied-pour-jumelles-en-metal\/#primaryimage"},"thumbnailUrl":"https:\/\/www.stelvision.com\/astro\/wp-content\/uploads\/2018\/06\/01_adaptateur_jumelles.jpg","datePublished":"2018-06-22T13:24:13+00:00","dateModified":"2026-05-07T14:17:47+00:00","description":"Cet adaptateur m\u00e9tallique permet de fixer solidement des jumelles sur un tr\u00e9pied photo standard.","breadcrumb":{"@id":"https:\/\/www.stelvision.com\/astro\/boutique\/adaptateur-trepied-pour-jumelles-en-metal\/#breadcrumb"},"inLanguage":"fr-FR","potentialAction":[{"@type":"ReadAction","target":["https:\/\/www.stelvision.com\/astro\/boutique\/adaptateur-trepied-pour-jumelles-en-metal\/"]}]},{"@type":"ImageObject","inLanguage":"fr-FR","@id":"https:\/\/www.stelvision.com\/astro\/boutique\/adaptateur-trepied-pour-jumelles-en-metal\/#primaryimage","url":"https:\/\/www.stelvision.com\/astro\/wp-content\/uploads\/2018\/06\/01_adaptateur_jumelles.jpg","contentUrl":"https:\/\/www.stelvision.com\/astro\/wp-content\/uploads\/2018\/06\/01_adaptateur_jumelles.jpg","width":1024,"height":768},{"@type":"BreadcrumbList","@id":"https:\/\/www.stelvision.com\/astro\/boutique\/adaptateur-trepied-pour-jumelles-en-metal\/#breadcrumb","itemListElement":[{"@type":"ListItem","position":1,"name":"Accueil","item":"https:\/\/www.stelvision.com\/astro\/"},{"@type":"ListItem","position":2,"name":"La Boutique Stelvision","item":"https:\/\/www.stelvision.com\/astro\/boutique\/"},{"@type":"ListItem","position":3,"name":"Adaptateur tr\u00e9pied pour jumelles, en m\u00e9tal"}]},{"@type":"WebSite","@id":"https:\/\/www.stelvision.com\/astro\/#website","url":"https:\/\/www.stelvision.com\/astro\/","name":"Stelvision","description":"conseils, livres et mat\u00e9riel d&#039;observation du ciel","publisher":{"@id":"https:\/\/www.stelvision.com\/astro\/#organization"},"potentialAction":[{"@type":"SearchAction","target":{"@type":"EntryPoint","urlTemplate":"https:\/\/www.stelvision.com\/astro\/?s={search_term_string}"},"query-input":{"@type":"PropertyValueSpecification","valueRequired":true,"valueName":"search_term_string"}}],"inLanguage":"fr-FR"},{"@type":"Organization","@id":"https:\/\/www.stelvision.com\/astro\/#organization","name":"Stelvision","url":"https:\/\/www.stelvision.com\/astro\/","logo":{"@type":"ImageObject","inLanguage":"fr-FR","@id":"https:\/\/www.stelvision.com\/astro\/#\/schema\/logo\/image\/","url":"https:\/\/www.stelvision.com\/astro\/wp-content\/uploads\/2019\/03\/logo_lisse_bleu_Stelvision_600.png","contentUrl":"https:\/\/www.stelvision.com\/astro\/wp-content\/uploads\/2019\/03\/logo_lisse_bleu_Stelvision_600.png","width":600,"height":277,"caption":"Stelvision"},"image":{"@id":"https:\/\/www.stelvision.com\/astro\/#\/schema\/logo\/image\/"},"sameAs":["https:\/\/www.facebook.com\/people\/Stelvision\/100063368192331\/"]}]}},"_links":{"self":[{"href":"https:\/\/www.stelvision.com\/astro\/wp-json\/wp\/v2\/product\/1416","targetHints":{"allow":["GET"]}}],"collection":[{"href":"https:\/\/www.stelvision.com\/astro\/wp-json\/wp\/v2\/product"}],"about":[{"href":"https:\/\/www.stelvision.com\/astro\/wp-json\/wp\/v2\/types\/product"}],"wp:featuredmedia":[{"embeddable":true,"href":"https:\/\/www.stelvision.com\/astro\/wp-json\/wp\/v2\/media\/30101"}],"wp:attachment":[{"href":"https:\/\/www.stelvision.com\/astro\/wp-json\/wp\/v2\/media?parent=1416"}],"wp:term":[{"taxonomy":"product_brand","embeddable":true,"href":"https:\/\/www.stelvision.com\/astro\/wp-json\/wp\/v2\/product_brand?post=1416"},{"taxonomy":"product_cat","embeddable":true,"href":"https:\/\/www.stelvision.com\/astro\/wp-json\/wp\/v2\/product_cat?post=1416"},{"taxonomy":"product_tag","embeddable":true,"href":"https:\/\/www.stelvision.com\/astro\/wp-json\/wp\/v2\/product_tag?post=1416"}],"curies":[{"name":"wp","href":"https:\/\/api.w.org\/{rel}","templated":true}]}}