{"id":1421,"date":"2018-06-22T15:12:20","date_gmt":"2018-06-22T13:12:20","guid":{"rendered":"https:\/\/www.stelvision.com\/astro\/?post_type=product&#038;p=1421"},"modified":"2024-06-13T12:23:53","modified_gmt":"2024-06-13T10:23:53","slug":"petit-guide-dobservation-de-la-lune","status":"publish","type":"product","link":"https:\/\/www.stelvision.com\/astro\/boutique\/petit-guide-dobservation-de-la-lune\/","title":{"rendered":"Petit guide d&rsquo;observation de la Lune"},"content":{"rendered":"<h2>Pratique pour explorer la Lune au t\u00e9lescope !<\/h2>\n<p>Ce petit livre contient <strong>trente-huit cartes d\u00e9taillant les phases de la Lune<\/strong> avec le nom des principaux crat\u00e8res, des mers lunaires et des grandes cha\u00eenes de montagnes. Les cartes sont adapt\u00e9es \u00e0 la vision \u00e0 travers une lunette astronomique ou un t\u00e9lescope, de mani\u00e8re \u00e0 pouvoir \u00eatre consult\u00e9es durant les observations.<\/p>\n<p>C\u2019est le compl\u00e9ment id\u00e9al de votre instrument pour reconna\u00eetre les formations lunaires.<\/p>\n<p><small>Auteur : Jean-Marc Lecleire | 17 cm x 24 cm, 48 pages, reliure broch\u00e9e | \u00e9ditions Lecleire | d\u00e9cembre 2017<\/small><\/p>\n<p><strong>Sommaire :<\/strong><\/p>\n<ul>\n<li>Notre satellite, la Lune<\/li>\n<li>Les phases de la Lune &#8211; Comment identifier un quartier de Lune ?<\/li>\n<li>Cartes des phases de la Lune<\/li>\n<li>Quelques formations remarquables<\/li>\n<li>Petit lexique sp\u00e9cifique \u00e0 la Lune<\/li>\n<\/ul>\n<div class=\"boxFocus color1\"><strong>Avis Stelvision :<\/strong>\u00a0La Lune fait partie des astres favoris des astronomes amateurs en raison de la richesse des observations que l&rsquo;on peut facilement r\u00e9aliser avec un t\u00e9lescope ou une lunette. Mais souvent on se sent frustr\u00e9 de ne pas savoir nommer ces mers, montagnes ou crat\u00e8res qui nous fascinent. De plus, l&rsquo;inversion des images produites par l&rsquo;instrument (inversion haut-bas et\/ou inversion droite-gauche) peut rendre d\u00e9licate la consultation de certaines cartes lunaires. Gr\u00e2ce \u00e0 Jean-Marc Lecleire, un astronome amateur rompu \u00e0 l&rsquo;observation de la Lune, voici un petit guide tout simple qui vous rendra de grands services pour identifier ce que vous voyez !<\/div>\n","protected":false},"excerpt":{"rendered":"<p>Destin\u00e9 aussi bien aux d\u00e9butants qu\u2019aux observateurs confirm\u00e9s, ce guide simple, pratique et richement illustr\u00e9 accompagnera vos soir\u00e9es d\u2019observation de la Lune en vous montrant les principales formations visibles nuit apr\u00e8s nuit, \u00e0 travers une lunette ou un t\u00e9lescope.<\/p>\n","protected":false},"featured_media":1798,"template":"","meta":{"_acf_changed":false},"product_brand":[],"product_cat":[126],"product_tag":[],"class_list":{"0":"post-1421","1":"product","2":"type-product","3":"status-publish","4":"has-post-thumbnail","6":"product_cat-edition","7":"product_shipping_class-livre","9":"first","10":"outofstock","11":"taxable","12":"shipping-taxable","13":"purchasable","14":"product-type-simple"},"acf":[],"yoast_head":"<!-- This site is optimized with the Yoast SEO plugin v27.1.1 - https:\/\/yoast.com\/product\/yoast-seo-wordpress\/ -->\n<title>Petit guide d&#039;observation de la Lune : Stelvision<\/title>\n<meta name=\"description\" content=\"Destin\u00e9 aux d\u00e9butants et aux observateurs confirm\u00e9s, ce guide simple, pratique et richement illustr\u00e9 accompagnera vos soir\u00e9es d\u2019observation de la Lune.\" \/>\n<meta name=\"robots\" content=\"noindex, nofollow\" \/>\n<meta property=\"og:locale\" content=\"fr_FR\" \/>\n<meta property=\"og:type\" content=\"article\" \/>\n<meta property=\"og:title\" content=\"Petit guide d&#039;observation de la Lune : Stelvision\" \/>\n<meta property=\"og:description\" content=\"Destin\u00e9 aux d\u00e9butants et aux observateurs confirm\u00e9s, ce guide simple, pratique et richement illustr\u00e9 accompagnera vos soir\u00e9es d\u2019observation de la Lune.\" \/>\n<meta property=\"og:url\" content=\"https:\/\/www.stelvision.com\/astro\/boutique\/petit-guide-dobservation-de-la-lune\/\" \/>\n<meta property=\"og:site_name\" content=\"Stelvision\" \/>\n<meta property=\"article:publisher\" content=\"https:\/\/www.facebook.com\/people\/Stelvision\/100063368192331\/\" \/>\n<meta property=\"article:modified_time\" content=\"2024-06-13T10:23:53+00:00\" \/>\n<meta property=\"og:image\" content=\"https:\/\/www.stelvision.com\/astro\/wp-content\/uploads\/2018\/06\/Couverture_lune-1.jpg\" \/>\n\t<meta property=\"og:image:width\" content=\"1000\" \/>\n\t<meta property=\"og:image:height\" content=\"1024\" \/>\n\t<meta property=\"og:image:type\" content=\"image\/jpeg\" \/>\n<meta name=\"twitter:card\" content=\"summary_large_image\" \/>\n<meta name=\"twitter:label1\" content=\"Dur\u00e9e de lecture estim\u00e9e\" \/>\n\t<meta name=\"twitter:data1\" content=\"2 minutes\" \/>\n<script type=\"application\/ld+json\" class=\"yoast-schema-graph\">{\"@context\":\"https:\/\/schema.org\",\"@graph\":[{\"@type\":\"WebPage\",\"@id\":\"https:\/\/www.stelvision.com\/astro\/boutique\/petit-guide-dobservation-de-la-lune\/\",\"url\":\"https:\/\/www.stelvision.com\/astro\/boutique\/petit-guide-dobservation-de-la-lune\/\",\"name\":\"Petit guide d'observation de la Lune : Stelvision\",\"isPartOf\":{\"@id\":\"https:\/\/www.stelvision.com\/astro\/#website\"},\"primaryImageOfPage\":{\"@id\":\"https:\/\/www.stelvision.com\/astro\/boutique\/petit-guide-dobservation-de-la-lune\/#primaryimage\"},\"image\":{\"@id\":\"https:\/\/www.stelvision.com\/astro\/boutique\/petit-guide-dobservation-de-la-lune\/#primaryimage\"},\"thumbnailUrl\":\"https:\/\/www.stelvision.com\/astro\/wp-content\/uploads\/2018\/06\/Couverture_lune-1.jpg\",\"datePublished\":\"2018-06-22T13:12:20+00:00\",\"dateModified\":\"2024-06-13T10:23:53+00:00\",\"description\":\"Destin\u00e9 aux d\u00e9butants et aux observateurs confirm\u00e9s, ce guide simple, pratique et richement illustr\u00e9 accompagnera vos soir\u00e9es d\u2019observation de la Lune.\",\"breadcrumb\":{\"@id\":\"https:\/\/www.stelvision.com\/astro\/boutique\/petit-guide-dobservation-de-la-lune\/#breadcrumb\"},\"inLanguage\":\"fr-FR\",\"potentialAction\":[{\"@type\":\"ReadAction\",\"target\":[\"https:\/\/www.stelvision.com\/astro\/boutique\/petit-guide-dobservation-de-la-lune\/\"]}]},{\"@type\":\"ImageObject\",\"inLanguage\":\"fr-FR\",\"@id\":\"https:\/\/www.stelvision.com\/astro\/boutique\/petit-guide-dobservation-de-la-lune\/#primaryimage\",\"url\":\"https:\/\/www.stelvision.com\/astro\/wp-content\/uploads\/2018\/06\/Couverture_lune-1.jpg\",\"contentUrl\":\"https:\/\/www.stelvision.com\/astro\/wp-content\/uploads\/2018\/06\/Couverture_lune-1.jpg\",\"width\":1000,\"height\":1024,\"caption\":\"petit guide d'observation de la lune\"},{\"@type\":\"BreadcrumbList\",\"@id\":\"https:\/\/www.stelvision.com\/astro\/boutique\/petit-guide-dobservation-de-la-lune\/#breadcrumb\",\"itemListElement\":[{\"@type\":\"ListItem\",\"position\":1,\"name\":\"Accueil\",\"item\":\"https:\/\/www.stelvision.com\/astro\/\"},{\"@type\":\"ListItem\",\"position\":2,\"name\":\"La Boutique Stelvision\",\"item\":\"https:\/\/www.stelvision.com\/astro\/boutique\/\"},{\"@type\":\"ListItem\",\"position\":3,\"name\":\"Petit guide d&rsquo;observation de la Lune\"}]},{\"@type\":\"WebSite\",\"@id\":\"https:\/\/www.stelvision.com\/astro\/#website\",\"url\":\"https:\/\/www.stelvision.com\/astro\/\",\"name\":\"Stelvision\",\"description\":\"conseils, livres et mat\u00e9riel d&#039;observation du ciel\",\"publisher\":{\"@id\":\"https:\/\/www.stelvision.com\/astro\/#organization\"},\"potentialAction\":[{\"@type\":\"SearchAction\",\"target\":{\"@type\":\"EntryPoint\",\"urlTemplate\":\"https:\/\/www.stelvision.com\/astro\/?s={search_term_string}\"},\"query-input\":{\"@type\":\"PropertyValueSpecification\",\"valueRequired\":true,\"valueName\":\"search_term_string\"}}],\"inLanguage\":\"fr-FR\"},{\"@type\":\"Organization\",\"@id\":\"https:\/\/www.stelvision.com\/astro\/#organization\",\"name\":\"Stelvision\",\"url\":\"https:\/\/www.stelvision.com\/astro\/\",\"logo\":{\"@type\":\"ImageObject\",\"inLanguage\":\"fr-FR\",\"@id\":\"https:\/\/www.stelvision.com\/astro\/#\/schema\/logo\/image\/\",\"url\":\"https:\/\/www.stelvision.com\/astro\/wp-content\/uploads\/2019\/03\/logo_lisse_bleu_Stelvision_600.png\",\"contentUrl\":\"https:\/\/www.stelvision.com\/astro\/wp-content\/uploads\/2019\/03\/logo_lisse_bleu_Stelvision_600.png\",\"width\":600,\"height\":277,\"caption\":\"Stelvision\"},\"image\":{\"@id\":\"https:\/\/www.stelvision.com\/astro\/#\/schema\/logo\/image\/\"},\"sameAs\":[\"https:\/\/www.facebook.com\/people\/Stelvision\/100063368192331\/\"]}]}<\/script>\n<!-- \/ Yoast SEO plugin. -->","yoast_head_json":{"title":"Petit guide d'observation de la Lune : Stelvision","description":"Destin\u00e9 aux d\u00e9butants et aux observateurs confirm\u00e9s, ce guide simple, pratique et richement illustr\u00e9 accompagnera vos soir\u00e9es d\u2019observation de la Lune.","robots":{"index":"noindex","follow":"nofollow"},"og_locale":"fr_FR","og_type":"article","og_title":"Petit guide d'observation de la Lune : Stelvision","og_description":"Destin\u00e9 aux d\u00e9butants et aux observateurs confirm\u00e9s, ce guide simple, pratique et richement illustr\u00e9 accompagnera vos soir\u00e9es d\u2019observation de la Lune.","og_url":"https:\/\/www.stelvision.com\/astro\/boutique\/petit-guide-dobservation-de-la-lune\/","og_site_name":"Stelvision","article_publisher":"https:\/\/www.facebook.com\/people\/Stelvision\/100063368192331\/","article_modified_time":"2024-06-13T10:23:53+00:00","og_image":[{"width":1000,"height":1024,"url":"https:\/\/www.stelvision.com\/astro\/wp-content\/uploads\/2018\/06\/Couverture_lune-1.jpg","type":"image\/jpeg"}],"twitter_card":"summary_large_image","twitter_misc":{"Dur\u00e9e de lecture estim\u00e9e":"2 minutes"},"schema":{"@context":"https:\/\/schema.org","@graph":[{"@type":"WebPage","@id":"https:\/\/www.stelvision.com\/astro\/boutique\/petit-guide-dobservation-de-la-lune\/","url":"https:\/\/www.stelvision.com\/astro\/boutique\/petit-guide-dobservation-de-la-lune\/","name":"Petit guide d'observation de la Lune : Stelvision","isPartOf":{"@id":"https:\/\/www.stelvision.com\/astro\/#website"},"primaryImageOfPage":{"@id":"https:\/\/www.stelvision.com\/astro\/boutique\/petit-guide-dobservation-de-la-lune\/#primaryimage"},"image":{"@id":"https:\/\/www.stelvision.com\/astro\/boutique\/petit-guide-dobservation-de-la-lune\/#primaryimage"},"thumbnailUrl":"https:\/\/www.stelvision.com\/astro\/wp-content\/uploads\/2018\/06\/Couverture_lune-1.jpg","datePublished":"2018-06-22T13:12:20+00:00","dateModified":"2024-06-13T10:23:53+00:00","description":"Destin\u00e9 aux d\u00e9butants et aux observateurs confirm\u00e9s, ce guide simple, pratique et richement illustr\u00e9 accompagnera vos soir\u00e9es d\u2019observation de la Lune.","breadcrumb":{"@id":"https:\/\/www.stelvision.com\/astro\/boutique\/petit-guide-dobservation-de-la-lune\/#breadcrumb"},"inLanguage":"fr-FR","potentialAction":[{"@type":"ReadAction","target":["https:\/\/www.stelvision.com\/astro\/boutique\/petit-guide-dobservation-de-la-lune\/"]}]},{"@type":"ImageObject","inLanguage":"fr-FR","@id":"https:\/\/www.stelvision.com\/astro\/boutique\/petit-guide-dobservation-de-la-lune\/#primaryimage","url":"https:\/\/www.stelvision.com\/astro\/wp-content\/uploads\/2018\/06\/Couverture_lune-1.jpg","contentUrl":"https:\/\/www.stelvision.com\/astro\/wp-content\/uploads\/2018\/06\/Couverture_lune-1.jpg","width":1000,"height":1024,"caption":"petit guide d'observation de la lune"},{"@type":"BreadcrumbList","@id":"https:\/\/www.stelvision.com\/astro\/boutique\/petit-guide-dobservation-de-la-lune\/#breadcrumb","itemListElement":[{"@type":"ListItem","position":1,"name":"Accueil","item":"https:\/\/www.stelvision.com\/astro\/"},{"@type":"ListItem","position":2,"name":"La Boutique Stelvision","item":"https:\/\/www.stelvision.com\/astro\/boutique\/"},{"@type":"ListItem","position":3,"name":"Petit guide d&rsquo;observation de la Lune"}]},{"@type":"WebSite","@id":"https:\/\/www.stelvision.com\/astro\/#website","url":"https:\/\/www.stelvision.com\/astro\/","name":"Stelvision","description":"conseils, livres et mat\u00e9riel d&#039;observation du ciel","publisher":{"@id":"https:\/\/www.stelvision.com\/astro\/#organization"},"potentialAction":[{"@type":"SearchAction","target":{"@type":"EntryPoint","urlTemplate":"https:\/\/www.stelvision.com\/astro\/?s={search_term_string}"},"query-input":{"@type":"PropertyValueSpecification","valueRequired":true,"valueName":"search_term_string"}}],"inLanguage":"fr-FR"},{"@type":"Organization","@id":"https:\/\/www.stelvision.com\/astro\/#organization","name":"Stelvision","url":"https:\/\/www.stelvision.com\/astro\/","logo":{"@type":"ImageObject","inLanguage":"fr-FR","@id":"https:\/\/www.stelvision.com\/astro\/#\/schema\/logo\/image\/","url":"https:\/\/www.stelvision.com\/astro\/wp-content\/uploads\/2019\/03\/logo_lisse_bleu_Stelvision_600.png","contentUrl":"https:\/\/www.stelvision.com\/astro\/wp-content\/uploads\/2019\/03\/logo_lisse_bleu_Stelvision_600.png","width":600,"height":277,"caption":"Stelvision"},"image":{"@id":"https:\/\/www.stelvision.com\/astro\/#\/schema\/logo\/image\/"},"sameAs":["https:\/\/www.facebook.com\/people\/Stelvision\/100063368192331\/"]}]}},"_links":{"self":[{"href":"https:\/\/www.stelvision.com\/astro\/wp-json\/wp\/v2\/product\/1421","targetHints":{"allow":["GET"]}}],"collection":[{"href":"https:\/\/www.stelvision.com\/astro\/wp-json\/wp\/v2\/product"}],"about":[{"href":"https:\/\/www.stelvision.com\/astro\/wp-json\/wp\/v2\/types\/product"}],"wp:featuredmedia":[{"embeddable":true,"href":"https:\/\/www.stelvision.com\/astro\/wp-json\/wp\/v2\/media\/1798"}],"wp:attachment":[{"href":"https:\/\/www.stelvision.com\/astro\/wp-json\/wp\/v2\/media?parent=1421"}],"wp:term":[{"taxonomy":"product_brand","embeddable":true,"href":"https:\/\/www.stelvision.com\/astro\/wp-json\/wp\/v2\/product_brand?post=1421"},{"taxonomy":"product_cat","embeddable":true,"href":"https:\/\/www.stelvision.com\/astro\/wp-json\/wp\/v2\/product_cat?post=1421"},{"taxonomy":"product_tag","embeddable":true,"href":"https:\/\/www.stelvision.com\/astro\/wp-json\/wp\/v2\/product_tag?post=1421"}],"curies":[{"name":"wp","href":"https:\/\/api.w.org\/{rel}","templated":true}]}}