{"id":1449,"date":"2019-03-23T01:19:26","date_gmt":"2019-03-23T00:19:26","guid":{"rendered":"https:\/\/www.stelvision.com\/astro\/?post_type=product&#038;p=1449"},"modified":"2026-05-16T02:54:42","modified_gmt":"2026-05-16T00:54:42","slug":"carte-guide-du-ciel-stelvision-365","status":"publish","type":"product","link":"https:\/\/www.stelvision.com\/astro\/boutique\/carte-guide-du-ciel-stelvision-365\/","title":{"rendered":"Carte du ciel Stelvision 365 (16\u00e8me \u00e9dition)"},"content":{"rendered":"<p><span class=\"color2\">\u00a016<sup>\u00e8me<\/sup> \u00e9dition &#8211; 201 000 exemplaires vendus depuis 2011\u00a0<\/span><\/p>\n<p><strong>Explorez facilement le ciel avec ce v\u00e9ritable guide de base !<\/strong> Sous la forme pratique d\u2019un d\u00e9pliant cartonn\u00e9 et plastifi\u00e9, il comprend <strong>une carte du ciel tournante<\/strong> pour situer les \u00e9toiles et constellations, et<strong> trois volets th\u00e9matiques<\/strong> qui vous emm\u00e8nent vers les plan\u00e8tes et autres curiosit\u00e9s c\u00e9lestes.<\/p>\n<p>Le disque rotatif donne <strong>l\u2019aspect g\u00e9n\u00e9ral du ciel chaque jour de l\u2019ann\u00e9e<\/strong> et \u00e0 toute heure de la nuit, en France m\u00e9tropolitaine, Belgique, Suisse, Canada et lieux de latitude comparable (entre 40\u00b0 \u00e0 55\u00b0 de latitude nord environ).<\/p>\n<p>\u00c0 l\u2019int\u00e9rieur du d\u00e9pliant, des cartes sp\u00e9cifiques donnent la <strong>position des plan\u00e8tes<\/strong> facilement identifiables \u00e0 l\u2019\u0153il nu. Ainsi Jupiter, Saturne, Mars et V\u00e9nus peuvent \u00eatre suivies dans leurs d\u00e9placements <strong>jusqu\u2019en 2031<\/strong>, et des <strong>mises \u00e0 jour sont t\u00e9l\u00e9chargeables<\/strong> sur le site Stelvision pour les ann\u00e9es ult\u00e9rieures.<\/p>\n<p><strong>Des curiosit\u00e9s du ciel profond<\/strong> sont \u00e9galement pr\u00e9sent\u00e9es, choisies parmi les plus remarquables amas d\u2019\u00e9toiles, n\u00e9buleuses et galaxies. Des cartes de rep\u00e9rage aident \u00e0 d\u00e9couvrir ces objets immens\u00e9ment lointains, avec un t\u00e9lescope ou de simples jumelles.<\/p>\n<p>Cette 16\u00e8me \u00e9dition enti\u00e8rement revue comprend une <strong>cartographie encore plus claire et pr\u00e9cise<\/strong>, et de <strong>nouvelles illustrations<\/strong> pour comprendre le ciel.<\/p>\n<p>Produit <strong>con\u00e7u et r\u00e9alis\u00e9 en France<\/strong>, \u00e0 Toulouse et dans le Tarn.<\/p>\n<p><small>22,5 cm x 30,4 cm, 4 pages et une fiche amovible, pochette plastique | ISBN : 978-2-9586619-7-7 | \u00e9ditions Stelvision | mai 2026<\/small><\/p>\n","protected":false},"excerpt":{"rendered":"<p>C&rsquo;est l&rsquo;outil de base pour explorer le ciel : cette carte tournante donne l&rsquo;aspect du ciel \u00e9toil\u00e9 pour n&rsquo;importe quelle date en France m\u00e9tropolitaine, Belgique, Suisse, Canada et pays de latitude comparable.<\/p>\n","protected":false},"featured_media":75331,"template":"","meta":{"_acf_changed":false},"product_brand":[],"product_cat":[126],"product_tag":[],"class_list":{"0":"post-1449","1":"product","2":"type-product","3":"status-publish","4":"has-post-thumbnail","6":"product_cat-edition","7":"product_shipping_class-carte","9":"first","10":"instock","11":"taxable","12":"shipping-taxable","13":"purchasable","14":"product-type-simple"},"acf":[],"yoast_head":"<!-- This site is optimized with the Yoast SEO plugin v27.5 - https:\/\/yoast.com\/product\/yoast-seo-wordpress\/ -->\n<title>Carte du ciel Stelvision 365 (16\u00e8me \u00e9dition)<\/title>\n<meta name=\"description\" content=\"La carte tournante Stelvision 365 donne l&#039;aspect du ciel \u00e0 n&#039;importe quelle date de l&#039;ann\u00e9e en France et pays de latitude comparable.\" \/>\n<meta name=\"robots\" content=\"index, follow, max-snippet:-1, max-image-preview:large, max-video-preview:-1\" \/>\n<link rel=\"canonical\" href=\"https:\/\/www.stelvision.com\/astro\/boutique\/carte-guide-du-ciel-stelvision-365\/\" \/>\n<meta property=\"og:locale\" content=\"fr_FR\" \/>\n<meta property=\"og:type\" content=\"article\" \/>\n<meta property=\"og:title\" content=\"Carte du ciel Stelvision 365 (16\u00e8me \u00e9dition)\" \/>\n<meta property=\"og:description\" content=\"La carte tournante Stelvision 365 donne l&#039;aspect du ciel \u00e0 n&#039;importe quelle date de l&#039;ann\u00e9e en France et pays de latitude comparable.\" \/>\n<meta property=\"og:url\" content=\"https:\/\/www.stelvision.com\/astro\/boutique\/carte-guide-du-ciel-stelvision-365\/\" \/>\n<meta property=\"og:site_name\" content=\"Stelvision\" \/>\n<meta property=\"article:publisher\" content=\"https:\/\/www.facebook.com\/people\/Stelvision\/100063368192331\/\" \/>\n<meta property=\"article:modified_time\" content=\"2026-05-16T00:54:42+00:00\" \/>\n<meta property=\"og:image\" content=\"https:\/\/www.stelvision.com\/astro\/wp-content\/uploads\/2026\/04\/carte-Stelvision-365-edition-16-apercu-lien-1200x630-1.webp\" \/>\n\t<meta property=\"og:image:width\" content=\"1200\" \/>\n\t<meta property=\"og:image:height\" content=\"630\" \/>\n\t<meta property=\"og:image:type\" content=\"image\/webp\" \/>\n<meta name=\"twitter:card\" content=\"summary_large_image\" \/>\n<meta name=\"twitter:label1\" content=\"Dur\u00e9e de lecture estim\u00e9e\" \/>\n\t<meta name=\"twitter:data1\" content=\"2 minutes\" \/>\n<script type=\"application\/ld+json\" class=\"yoast-schema-graph\">{\"@context\":\"https:\\\/\\\/schema.org\",\"@graph\":[{\"@type\":\"WebPage\",\"@id\":\"https:\\\/\\\/www.stelvision.com\\\/astro\\\/boutique\\\/carte-guide-du-ciel-stelvision-365\\\/\",\"url\":\"https:\\\/\\\/www.stelvision.com\\\/astro\\\/boutique\\\/carte-guide-du-ciel-stelvision-365\\\/\",\"name\":\"Carte du ciel Stelvision 365 (16\u00e8me \u00e9dition)\",\"isPartOf\":{\"@id\":\"https:\\\/\\\/www.stelvision.com\\\/astro\\\/#website\"},\"primaryImageOfPage\":{\"@id\":\"https:\\\/\\\/www.stelvision.com\\\/astro\\\/boutique\\\/carte-guide-du-ciel-stelvision-365\\\/#primaryimage\"},\"image\":{\"@id\":\"https:\\\/\\\/www.stelvision.com\\\/astro\\\/boutique\\\/carte-guide-du-ciel-stelvision-365\\\/#primaryimage\"},\"thumbnailUrl\":\"https:\\\/\\\/www.stelvision.com\\\/astro\\\/wp-content\\\/uploads\\\/2026\\\/04\\\/stelvision-365-ed16-1-couverture-1200-carre.webp\",\"datePublished\":\"2019-03-23T00:19:26+00:00\",\"dateModified\":\"2026-05-16T00:54:42+00:00\",\"description\":\"La carte tournante Stelvision 365 donne l'aspect du ciel \u00e0 n'importe quelle date de l'ann\u00e9e en France et pays de latitude comparable.\",\"breadcrumb\":{\"@id\":\"https:\\\/\\\/www.stelvision.com\\\/astro\\\/boutique\\\/carte-guide-du-ciel-stelvision-365\\\/#breadcrumb\"},\"inLanguage\":\"fr-FR\",\"potentialAction\":[{\"@type\":\"ReadAction\",\"target\":[\"https:\\\/\\\/www.stelvision.com\\\/astro\\\/boutique\\\/carte-guide-du-ciel-stelvision-365\\\/\"]}]},{\"@type\":\"ImageObject\",\"inLanguage\":\"fr-FR\",\"@id\":\"https:\\\/\\\/www.stelvision.com\\\/astro\\\/boutique\\\/carte-guide-du-ciel-stelvision-365\\\/#primaryimage\",\"url\":\"https:\\\/\\\/www.stelvision.com\\\/astro\\\/wp-content\\\/uploads\\\/2026\\\/04\\\/stelvision-365-ed16-1-couverture-1200-carre.webp\",\"contentUrl\":\"https:\\\/\\\/www.stelvision.com\\\/astro\\\/wp-content\\\/uploads\\\/2026\\\/04\\\/stelvision-365-ed16-1-couverture-1200-carre.webp\",\"width\":1200,\"height\":1200,\"caption\":\"Visuel de couverture de la Carte du ciel Stelvision 365 \u00e9dition 16 de Bertrand d'Armagnac. Copyright Stelvision.\"},{\"@type\":\"BreadcrumbList\",\"@id\":\"https:\\\/\\\/www.stelvision.com\\\/astro\\\/boutique\\\/carte-guide-du-ciel-stelvision-365\\\/#breadcrumb\",\"itemListElement\":[{\"@type\":\"ListItem\",\"position\":1,\"name\":\"Accueil\",\"item\":\"https:\\\/\\\/www.stelvision.com\\\/astro\\\/\"},{\"@type\":\"ListItem\",\"position\":2,\"name\":\"La Boutique Stelvision\",\"item\":\"https:\\\/\\\/www.stelvision.com\\\/astro\\\/boutique\\\/\"},{\"@type\":\"ListItem\",\"position\":3,\"name\":\"Carte du ciel Stelvision 365 (16\u00e8me \u00e9dition)\"}]},{\"@type\":\"WebSite\",\"@id\":\"https:\\\/\\\/www.stelvision.com\\\/astro\\\/#website\",\"url\":\"https:\\\/\\\/www.stelvision.com\\\/astro\\\/\",\"name\":\"Stelvision\",\"description\":\"conseils, livres et mat\u00e9riel d&#039;observation du ciel\",\"publisher\":{\"@id\":\"https:\\\/\\\/www.stelvision.com\\\/astro\\\/#organization\"},\"potentialAction\":[{\"@type\":\"SearchAction\",\"target\":{\"@type\":\"EntryPoint\",\"urlTemplate\":\"https:\\\/\\\/www.stelvision.com\\\/astro\\\/?s={search_term_string}\"},\"query-input\":{\"@type\":\"PropertyValueSpecification\",\"valueRequired\":true,\"valueName\":\"search_term_string\"}}],\"inLanguage\":\"fr-FR\"},{\"@type\":\"Organization\",\"@id\":\"https:\\\/\\\/www.stelvision.com\\\/astro\\\/#organization\",\"name\":\"Stelvision\",\"url\":\"https:\\\/\\\/www.stelvision.com\\\/astro\\\/\",\"logo\":{\"@type\":\"ImageObject\",\"inLanguage\":\"fr-FR\",\"@id\":\"https:\\\/\\\/www.stelvision.com\\\/astro\\\/#\\\/schema\\\/logo\\\/image\\\/\",\"url\":\"https:\\\/\\\/www.stelvision.com\\\/astro\\\/wp-content\\\/uploads\\\/2019\\\/03\\\/logo_lisse_bleu_Stelvision_600.png\",\"contentUrl\":\"https:\\\/\\\/www.stelvision.com\\\/astro\\\/wp-content\\\/uploads\\\/2019\\\/03\\\/logo_lisse_bleu_Stelvision_600.png\",\"width\":600,\"height\":277,\"caption\":\"Stelvision\"},\"image\":{\"@id\":\"https:\\\/\\\/www.stelvision.com\\\/astro\\\/#\\\/schema\\\/logo\\\/image\\\/\"},\"sameAs\":[\"https:\\\/\\\/www.facebook.com\\\/people\\\/Stelvision\\\/100063368192331\\\/\"]}]}<\/script>\n<!-- \/ Yoast SEO plugin. -->","yoast_head_json":{"title":"Carte du ciel Stelvision 365 (16\u00e8me \u00e9dition)","description":"La carte tournante Stelvision 365 donne l'aspect du ciel \u00e0 n'importe quelle date de l'ann\u00e9e en France et pays de latitude comparable.","robots":{"index":"index","follow":"follow","max-snippet":"max-snippet:-1","max-image-preview":"max-image-preview:large","max-video-preview":"max-video-preview:-1"},"canonical":"https:\/\/www.stelvision.com\/astro\/boutique\/carte-guide-du-ciel-stelvision-365\/","og_locale":"fr_FR","og_type":"article","og_title":"Carte du ciel Stelvision 365 (16\u00e8me \u00e9dition)","og_description":"La carte tournante Stelvision 365 donne l'aspect du ciel \u00e0 n'importe quelle date de l'ann\u00e9e en France et pays de latitude comparable.","og_url":"https:\/\/www.stelvision.com\/astro\/boutique\/carte-guide-du-ciel-stelvision-365\/","og_site_name":"Stelvision","article_publisher":"https:\/\/www.facebook.com\/people\/Stelvision\/100063368192331\/","article_modified_time":"2026-05-16T00:54:42+00:00","og_image":[{"width":1200,"height":630,"url":"https:\/\/www.stelvision.com\/astro\/wp-content\/uploads\/2026\/04\/carte-Stelvision-365-edition-16-apercu-lien-1200x630-1.webp","type":"image\/webp"}],"twitter_card":"summary_large_image","twitter_misc":{"Dur\u00e9e de lecture estim\u00e9e":"2 minutes"},"schema":{"@context":"https:\/\/schema.org","@graph":[{"@type":"WebPage","@id":"https:\/\/www.stelvision.com\/astro\/boutique\/carte-guide-du-ciel-stelvision-365\/","url":"https:\/\/www.stelvision.com\/astro\/boutique\/carte-guide-du-ciel-stelvision-365\/","name":"Carte du ciel Stelvision 365 (16\u00e8me \u00e9dition)","isPartOf":{"@id":"https:\/\/www.stelvision.com\/astro\/#website"},"primaryImageOfPage":{"@id":"https:\/\/www.stelvision.com\/astro\/boutique\/carte-guide-du-ciel-stelvision-365\/#primaryimage"},"image":{"@id":"https:\/\/www.stelvision.com\/astro\/boutique\/carte-guide-du-ciel-stelvision-365\/#primaryimage"},"thumbnailUrl":"https:\/\/www.stelvision.com\/astro\/wp-content\/uploads\/2026\/04\/stelvision-365-ed16-1-couverture-1200-carre.webp","datePublished":"2019-03-23T00:19:26+00:00","dateModified":"2026-05-16T00:54:42+00:00","description":"La carte tournante Stelvision 365 donne l'aspect du ciel \u00e0 n'importe quelle date de l'ann\u00e9e en France et pays de latitude comparable.","breadcrumb":{"@id":"https:\/\/www.stelvision.com\/astro\/boutique\/carte-guide-du-ciel-stelvision-365\/#breadcrumb"},"inLanguage":"fr-FR","potentialAction":[{"@type":"ReadAction","target":["https:\/\/www.stelvision.com\/astro\/boutique\/carte-guide-du-ciel-stelvision-365\/"]}]},{"@type":"ImageObject","inLanguage":"fr-FR","@id":"https:\/\/www.stelvision.com\/astro\/boutique\/carte-guide-du-ciel-stelvision-365\/#primaryimage","url":"https:\/\/www.stelvision.com\/astro\/wp-content\/uploads\/2026\/04\/stelvision-365-ed16-1-couverture-1200-carre.webp","contentUrl":"https:\/\/www.stelvision.com\/astro\/wp-content\/uploads\/2026\/04\/stelvision-365-ed16-1-couverture-1200-carre.webp","width":1200,"height":1200,"caption":"Visuel de couverture de la Carte du ciel Stelvision 365 \u00e9dition 16 de Bertrand d'Armagnac. Copyright Stelvision."},{"@type":"BreadcrumbList","@id":"https:\/\/www.stelvision.com\/astro\/boutique\/carte-guide-du-ciel-stelvision-365\/#breadcrumb","itemListElement":[{"@type":"ListItem","position":1,"name":"Accueil","item":"https:\/\/www.stelvision.com\/astro\/"},{"@type":"ListItem","position":2,"name":"La Boutique Stelvision","item":"https:\/\/www.stelvision.com\/astro\/boutique\/"},{"@type":"ListItem","position":3,"name":"Carte du ciel Stelvision 365 (16\u00e8me \u00e9dition)"}]},{"@type":"WebSite","@id":"https:\/\/www.stelvision.com\/astro\/#website","url":"https:\/\/www.stelvision.com\/astro\/","name":"Stelvision","description":"conseils, livres et mat\u00e9riel d&#039;observation du ciel","publisher":{"@id":"https:\/\/www.stelvision.com\/astro\/#organization"},"potentialAction":[{"@type":"SearchAction","target":{"@type":"EntryPoint","urlTemplate":"https:\/\/www.stelvision.com\/astro\/?s={search_term_string}"},"query-input":{"@type":"PropertyValueSpecification","valueRequired":true,"valueName":"search_term_string"}}],"inLanguage":"fr-FR"},{"@type":"Organization","@id":"https:\/\/www.stelvision.com\/astro\/#organization","name":"Stelvision","url":"https:\/\/www.stelvision.com\/astro\/","logo":{"@type":"ImageObject","inLanguage":"fr-FR","@id":"https:\/\/www.stelvision.com\/astro\/#\/schema\/logo\/image\/","url":"https:\/\/www.stelvision.com\/astro\/wp-content\/uploads\/2019\/03\/logo_lisse_bleu_Stelvision_600.png","contentUrl":"https:\/\/www.stelvision.com\/astro\/wp-content\/uploads\/2019\/03\/logo_lisse_bleu_Stelvision_600.png","width":600,"height":277,"caption":"Stelvision"},"image":{"@id":"https:\/\/www.stelvision.com\/astro\/#\/schema\/logo\/image\/"},"sameAs":["https:\/\/www.facebook.com\/people\/Stelvision\/100063368192331\/"]}]}},"_links":{"self":[{"href":"https:\/\/www.stelvision.com\/astro\/wp-json\/wp\/v2\/product\/1449","targetHints":{"allow":["GET"]}}],"collection":[{"href":"https:\/\/www.stelvision.com\/astro\/wp-json\/wp\/v2\/product"}],"about":[{"href":"https:\/\/www.stelvision.com\/astro\/wp-json\/wp\/v2\/types\/product"}],"wp:featuredmedia":[{"embeddable":true,"href":"https:\/\/www.stelvision.com\/astro\/wp-json\/wp\/v2\/media\/75331"}],"wp:attachment":[{"href":"https:\/\/www.stelvision.com\/astro\/wp-json\/wp\/v2\/media?parent=1449"}],"wp:term":[{"taxonomy":"product_brand","embeddable":true,"href":"https:\/\/www.stelvision.com\/astro\/wp-json\/wp\/v2\/product_brand?post=1449"},{"taxonomy":"product_cat","embeddable":true,"href":"https:\/\/www.stelvision.com\/astro\/wp-json\/wp\/v2\/product_cat?post=1449"},{"taxonomy":"product_tag","embeddable":true,"href":"https:\/\/www.stelvision.com\/astro\/wp-json\/wp\/v2\/product_tag?post=1449"}],"curies":[{"name":"wp","href":"https:\/\/api.w.org\/{rel}","templated":true}]}}