{"id":1454,"date":"2018-06-22T14:47:00","date_gmt":"2018-06-22T12:47:00","guid":{"rendered":"https:\/\/www.stelvision.com\/astro\/?post_type=product&#038;p=1454"},"modified":"2026-04-30T02:05:59","modified_gmt":"2026-04-30T00:05:59","slug":"lampe-extra-plate-stelflash-a-eclairage-rouge","status":"publish","type":"product","link":"https:\/\/www.stelvision.com\/astro\/boutique\/lampe-extra-plate-stelflash-a-eclairage-rouge\/","title":{"rendered":"Lampe extra-plate \u00e0 \u00e9clairage rouge StelFlash"},"content":{"rendered":"<h2>Un \u00e9clairage id\u00e9al pour lire votre carte du ciel<\/h2>\n<p>L&rsquo;\u00e9clairage rouge est utilis\u00e9 en astronomie car il \u00e9vite l&rsquo;\u00e9blouissement de l&rsquo;\u0153il. Ainsi, <strong>vous pr\u00e9servez votre vision nocturne<\/strong>, celle que l&rsquo;on acquiert au bout de plusieurs minutes pass\u00e9es dans le noir et qui permet de voir un maximum d&rsquo;\u00e9toiles dans le ciel.<\/p>\n<p>Au format \u00ab\u00a0carte de cr\u00e9dit\u00a0\u00bb, <strong>la StelFlash se glisse partout<\/strong>&#8230; que ce soit dans votre portefeuille ou dans la pochette de protection de votre carte du ciel Stelvision 365.<\/p>\n<p>C&rsquo;est une lampe id\u00e9ale pour \u00e9clairer votre carte du ciel <a href=\"https:\/\/www.stelvision.com\/astro\/boutique\/carte-guide-du-ciel-stelvision-365\/\">Stelvision 365<\/a> ou tout autre document pendant vos balades c\u00e9lestes.<\/p>\n<div class=\"boxFocus color1\"><strong>Info environnement :<\/strong> la lumi\u00e8re est \u00e9mise par des LEDs aliment\u00e9es par deux piles boutons scell\u00e9es dans le bo\u00eetier. Les piles ne peuvent pas \u00eatre chang\u00e9es, toutefois la tr\u00e8s faible consommation des LEDs vous assure de pouvoir utiliser votre produit pendant plusieurs ann\u00e9es, \u00e0 raison de quelques minutes d&rsquo;allumage par soir\u00e9e d&rsquo;observation astronomique (autonomie constat\u00e9e : environ 20 heures). Ensuite, le produit pourra \u00eatre recycl\u00e9 : d\u00e9posez-le dans un point de collecte pour petits appareils \u00e9lectriques (par exemple dans un supermarch\u00e9 ou un grand magasin de bricolage) ou renvoyez-le \u00e0 Stelvision.<\/div>\n","protected":false},"excerpt":{"rendered":"<p>\u00c9clairage rouge anti-\u00e9blouissement pour lire votre carte du ciel sous les \u00e9toiles en pr\u00e9servant la sensibilit\u00e9 de vos yeux en vision nocturne. Format extra-plat \u00e0 glisser dans votre portefeuille ou dans la pochette de votre Stelvision 365.<\/p>\n","protected":false},"featured_media":1789,"template":"","meta":{"_acf_changed":false},"product_brand":[],"product_cat":[126,127],"product_tag":[],"class_list":{"0":"post-1454","1":"product","2":"type-product","3":"status-publish","4":"has-post-thumbnail","6":"product_cat-edition","7":"product_cat-telescopes-lunettes","8":"product_shipping_class-lampe-stelflash","10":"first","11":"outofstock","12":"taxable","13":"shipping-taxable","14":"purchasable","15":"product-type-simple"},"acf":[],"yoast_head":"<!-- This site is optimized with the Yoast SEO plugin v27.1.1 - https:\/\/yoast.com\/product\/yoast-seo-wordpress\/ -->\n<title>Lampe extra-plate \u00e0 \u00e9clairage rouge StelFlash : Stelvision<\/title>\n<meta name=\"description\" content=\"StelFlash, un \u00e9clairage rouge anti-\u00e9blouissement pour lire votre carte du ciel sous les \u00e9toiles en pr\u00e9servant la sensibilit\u00e9 de vos yeux en vision nocturne. Extra-plat.\" \/>\n<meta name=\"robots\" content=\"index, follow, max-snippet:-1, max-image-preview:large, max-video-preview:-1\" \/>\n<link rel=\"canonical\" href=\"https:\/\/www.stelvision.com\/astro\/boutique\/lampe-extra-plate-stelflash-a-eclairage-rouge\/\" \/>\n<meta property=\"og:locale\" content=\"fr_FR\" \/>\n<meta property=\"og:type\" content=\"article\" \/>\n<meta property=\"og:title\" content=\"Lampe extra-plate \u00e0 \u00e9clairage rouge StelFlash : Stelvision\" \/>\n<meta property=\"og:description\" content=\"StelFlash, un \u00e9clairage rouge anti-\u00e9blouissement pour lire votre carte du ciel sous les \u00e9toiles en pr\u00e9servant la sensibilit\u00e9 de vos yeux en vision nocturne. Extra-plat.\" \/>\n<meta property=\"og:url\" content=\"https:\/\/www.stelvision.com\/astro\/boutique\/lampe-extra-plate-stelflash-a-eclairage-rouge\/\" \/>\n<meta property=\"og:site_name\" content=\"Stelvision\" \/>\n<meta property=\"article:publisher\" content=\"https:\/\/www.facebook.com\/people\/Stelvision\/100063368192331\/\" \/>\n<meta property=\"article:modified_time\" content=\"2026-04-30T00:05:59+00:00\" \/>\n<meta property=\"og:image\" content=\"https:\/\/www.stelvision.com\/astro\/wp-content\/uploads\/2018\/06\/P1278087.jpg\" \/>\n\t<meta property=\"og:image:width\" content=\"1024\" \/>\n\t<meta property=\"og:image:height\" content=\"1024\" \/>\n\t<meta property=\"og:image:type\" content=\"image\/jpeg\" \/>\n<meta name=\"twitter:card\" content=\"summary_large_image\" \/>\n<meta name=\"twitter:label1\" content=\"Dur\u00e9e de lecture estim\u00e9e\" \/>\n\t<meta name=\"twitter:data1\" content=\"2 minutes\" \/>\n<script type=\"application\/ld+json\" class=\"yoast-schema-graph\">{\"@context\":\"https:\/\/schema.org\",\"@graph\":[{\"@type\":\"WebPage\",\"@id\":\"https:\/\/www.stelvision.com\/astro\/boutique\/lampe-extra-plate-stelflash-a-eclairage-rouge\/\",\"url\":\"https:\/\/www.stelvision.com\/astro\/boutique\/lampe-extra-plate-stelflash-a-eclairage-rouge\/\",\"name\":\"Lampe extra-plate \u00e0 \u00e9clairage rouge StelFlash : Stelvision\",\"isPartOf\":{\"@id\":\"https:\/\/www.stelvision.com\/astro\/#website\"},\"primaryImageOfPage\":{\"@id\":\"https:\/\/www.stelvision.com\/astro\/boutique\/lampe-extra-plate-stelflash-a-eclairage-rouge\/#primaryimage\"},\"image\":{\"@id\":\"https:\/\/www.stelvision.com\/astro\/boutique\/lampe-extra-plate-stelflash-a-eclairage-rouge\/#primaryimage\"},\"thumbnailUrl\":\"https:\/\/www.stelvision.com\/astro\/wp-content\/uploads\/2018\/06\/P1278087.jpg\",\"datePublished\":\"2018-06-22T12:47:00+00:00\",\"dateModified\":\"2026-04-30T00:05:59+00:00\",\"description\":\"StelFlash, un \u00e9clairage rouge anti-\u00e9blouissement pour lire votre carte du ciel sous les \u00e9toiles en pr\u00e9servant la sensibilit\u00e9 de vos yeux en vision nocturne. Extra-plat.\",\"breadcrumb\":{\"@id\":\"https:\/\/www.stelvision.com\/astro\/boutique\/lampe-extra-plate-stelflash-a-eclairage-rouge\/#breadcrumb\"},\"inLanguage\":\"fr-FR\",\"potentialAction\":[{\"@type\":\"ReadAction\",\"target\":[\"https:\/\/www.stelvision.com\/astro\/boutique\/lampe-extra-plate-stelflash-a-eclairage-rouge\/\"]}]},{\"@type\":\"ImageObject\",\"inLanguage\":\"fr-FR\",\"@id\":\"https:\/\/www.stelvision.com\/astro\/boutique\/lampe-extra-plate-stelflash-a-eclairage-rouge\/#primaryimage\",\"url\":\"https:\/\/www.stelvision.com\/astro\/wp-content\/uploads\/2018\/06\/P1278087.jpg\",\"contentUrl\":\"https:\/\/www.stelvision.com\/astro\/wp-content\/uploads\/2018\/06\/P1278087.jpg\",\"width\":1024,\"height\":1024,\"caption\":\"photo stelvision StelFlash\"},{\"@type\":\"BreadcrumbList\",\"@id\":\"https:\/\/www.stelvision.com\/astro\/boutique\/lampe-extra-plate-stelflash-a-eclairage-rouge\/#breadcrumb\",\"itemListElement\":[{\"@type\":\"ListItem\",\"position\":1,\"name\":\"Accueil\",\"item\":\"https:\/\/www.stelvision.com\/astro\/\"},{\"@type\":\"ListItem\",\"position\":2,\"name\":\"La Boutique Stelvision\",\"item\":\"https:\/\/www.stelvision.com\/astro\/boutique\/\"},{\"@type\":\"ListItem\",\"position\":3,\"name\":\"Lampe extra-plate \u00e0 \u00e9clairage rouge StelFlash\"}]},{\"@type\":\"WebSite\",\"@id\":\"https:\/\/www.stelvision.com\/astro\/#website\",\"url\":\"https:\/\/www.stelvision.com\/astro\/\",\"name\":\"Stelvision\",\"description\":\"conseils, livres et mat\u00e9riel d&#039;observation du ciel\",\"publisher\":{\"@id\":\"https:\/\/www.stelvision.com\/astro\/#organization\"},\"potentialAction\":[{\"@type\":\"SearchAction\",\"target\":{\"@type\":\"EntryPoint\",\"urlTemplate\":\"https:\/\/www.stelvision.com\/astro\/?s={search_term_string}\"},\"query-input\":{\"@type\":\"PropertyValueSpecification\",\"valueRequired\":true,\"valueName\":\"search_term_string\"}}],\"inLanguage\":\"fr-FR\"},{\"@type\":\"Organization\",\"@id\":\"https:\/\/www.stelvision.com\/astro\/#organization\",\"name\":\"Stelvision\",\"url\":\"https:\/\/www.stelvision.com\/astro\/\",\"logo\":{\"@type\":\"ImageObject\",\"inLanguage\":\"fr-FR\",\"@id\":\"https:\/\/www.stelvision.com\/astro\/#\/schema\/logo\/image\/\",\"url\":\"https:\/\/www.stelvision.com\/astro\/wp-content\/uploads\/2019\/03\/logo_lisse_bleu_Stelvision_600.png\",\"contentUrl\":\"https:\/\/www.stelvision.com\/astro\/wp-content\/uploads\/2019\/03\/logo_lisse_bleu_Stelvision_600.png\",\"width\":600,\"height\":277,\"caption\":\"Stelvision\"},\"image\":{\"@id\":\"https:\/\/www.stelvision.com\/astro\/#\/schema\/logo\/image\/\"},\"sameAs\":[\"https:\/\/www.facebook.com\/people\/Stelvision\/100063368192331\/\"]}]}<\/script>\n<!-- \/ Yoast SEO plugin. -->","yoast_head_json":{"title":"Lampe extra-plate \u00e0 \u00e9clairage rouge StelFlash : Stelvision","description":"StelFlash, un \u00e9clairage rouge anti-\u00e9blouissement pour lire votre carte du ciel sous les \u00e9toiles en pr\u00e9servant la sensibilit\u00e9 de vos yeux en vision nocturne. Extra-plat.","robots":{"index":"index","follow":"follow","max-snippet":"max-snippet:-1","max-image-preview":"max-image-preview:large","max-video-preview":"max-video-preview:-1"},"canonical":"https:\/\/www.stelvision.com\/astro\/boutique\/lampe-extra-plate-stelflash-a-eclairage-rouge\/","og_locale":"fr_FR","og_type":"article","og_title":"Lampe extra-plate \u00e0 \u00e9clairage rouge StelFlash : Stelvision","og_description":"StelFlash, un \u00e9clairage rouge anti-\u00e9blouissement pour lire votre carte du ciel sous les \u00e9toiles en pr\u00e9servant la sensibilit\u00e9 de vos yeux en vision nocturne. Extra-plat.","og_url":"https:\/\/www.stelvision.com\/astro\/boutique\/lampe-extra-plate-stelflash-a-eclairage-rouge\/","og_site_name":"Stelvision","article_publisher":"https:\/\/www.facebook.com\/people\/Stelvision\/100063368192331\/","article_modified_time":"2026-04-30T00:05:59+00:00","og_image":[{"width":1024,"height":1024,"url":"https:\/\/www.stelvision.com\/astro\/wp-content\/uploads\/2018\/06\/P1278087.jpg","type":"image\/jpeg"}],"twitter_card":"summary_large_image","twitter_misc":{"Dur\u00e9e de lecture estim\u00e9e":"2 minutes"},"schema":{"@context":"https:\/\/schema.org","@graph":[{"@type":"WebPage","@id":"https:\/\/www.stelvision.com\/astro\/boutique\/lampe-extra-plate-stelflash-a-eclairage-rouge\/","url":"https:\/\/www.stelvision.com\/astro\/boutique\/lampe-extra-plate-stelflash-a-eclairage-rouge\/","name":"Lampe extra-plate \u00e0 \u00e9clairage rouge StelFlash : Stelvision","isPartOf":{"@id":"https:\/\/www.stelvision.com\/astro\/#website"},"primaryImageOfPage":{"@id":"https:\/\/www.stelvision.com\/astro\/boutique\/lampe-extra-plate-stelflash-a-eclairage-rouge\/#primaryimage"},"image":{"@id":"https:\/\/www.stelvision.com\/astro\/boutique\/lampe-extra-plate-stelflash-a-eclairage-rouge\/#primaryimage"},"thumbnailUrl":"https:\/\/www.stelvision.com\/astro\/wp-content\/uploads\/2018\/06\/P1278087.jpg","datePublished":"2018-06-22T12:47:00+00:00","dateModified":"2026-04-30T00:05:59+00:00","description":"StelFlash, un \u00e9clairage rouge anti-\u00e9blouissement pour lire votre carte du ciel sous les \u00e9toiles en pr\u00e9servant la sensibilit\u00e9 de vos yeux en vision nocturne. Extra-plat.","breadcrumb":{"@id":"https:\/\/www.stelvision.com\/astro\/boutique\/lampe-extra-plate-stelflash-a-eclairage-rouge\/#breadcrumb"},"inLanguage":"fr-FR","potentialAction":[{"@type":"ReadAction","target":["https:\/\/www.stelvision.com\/astro\/boutique\/lampe-extra-plate-stelflash-a-eclairage-rouge\/"]}]},{"@type":"ImageObject","inLanguage":"fr-FR","@id":"https:\/\/www.stelvision.com\/astro\/boutique\/lampe-extra-plate-stelflash-a-eclairage-rouge\/#primaryimage","url":"https:\/\/www.stelvision.com\/astro\/wp-content\/uploads\/2018\/06\/P1278087.jpg","contentUrl":"https:\/\/www.stelvision.com\/astro\/wp-content\/uploads\/2018\/06\/P1278087.jpg","width":1024,"height":1024,"caption":"photo stelvision StelFlash"},{"@type":"BreadcrumbList","@id":"https:\/\/www.stelvision.com\/astro\/boutique\/lampe-extra-plate-stelflash-a-eclairage-rouge\/#breadcrumb","itemListElement":[{"@type":"ListItem","position":1,"name":"Accueil","item":"https:\/\/www.stelvision.com\/astro\/"},{"@type":"ListItem","position":2,"name":"La Boutique Stelvision","item":"https:\/\/www.stelvision.com\/astro\/boutique\/"},{"@type":"ListItem","position":3,"name":"Lampe extra-plate \u00e0 \u00e9clairage rouge StelFlash"}]},{"@type":"WebSite","@id":"https:\/\/www.stelvision.com\/astro\/#website","url":"https:\/\/www.stelvision.com\/astro\/","name":"Stelvision","description":"conseils, livres et mat\u00e9riel d&#039;observation du ciel","publisher":{"@id":"https:\/\/www.stelvision.com\/astro\/#organization"},"potentialAction":[{"@type":"SearchAction","target":{"@type":"EntryPoint","urlTemplate":"https:\/\/www.stelvision.com\/astro\/?s={search_term_string}"},"query-input":{"@type":"PropertyValueSpecification","valueRequired":true,"valueName":"search_term_string"}}],"inLanguage":"fr-FR"},{"@type":"Organization","@id":"https:\/\/www.stelvision.com\/astro\/#organization","name":"Stelvision","url":"https:\/\/www.stelvision.com\/astro\/","logo":{"@type":"ImageObject","inLanguage":"fr-FR","@id":"https:\/\/www.stelvision.com\/astro\/#\/schema\/logo\/image\/","url":"https:\/\/www.stelvision.com\/astro\/wp-content\/uploads\/2019\/03\/logo_lisse_bleu_Stelvision_600.png","contentUrl":"https:\/\/www.stelvision.com\/astro\/wp-content\/uploads\/2019\/03\/logo_lisse_bleu_Stelvision_600.png","width":600,"height":277,"caption":"Stelvision"},"image":{"@id":"https:\/\/www.stelvision.com\/astro\/#\/schema\/logo\/image\/"},"sameAs":["https:\/\/www.facebook.com\/people\/Stelvision\/100063368192331\/"]}]}},"_links":{"self":[{"href":"https:\/\/www.stelvision.com\/astro\/wp-json\/wp\/v2\/product\/1454","targetHints":{"allow":["GET"]}}],"collection":[{"href":"https:\/\/www.stelvision.com\/astro\/wp-json\/wp\/v2\/product"}],"about":[{"href":"https:\/\/www.stelvision.com\/astro\/wp-json\/wp\/v2\/types\/product"}],"wp:featuredmedia":[{"embeddable":true,"href":"https:\/\/www.stelvision.com\/astro\/wp-json\/wp\/v2\/media\/1789"}],"wp:attachment":[{"href":"https:\/\/www.stelvision.com\/astro\/wp-json\/wp\/v2\/media?parent=1454"}],"wp:term":[{"taxonomy":"product_brand","embeddable":true,"href":"https:\/\/www.stelvision.com\/astro\/wp-json\/wp\/v2\/product_brand?post=1454"},{"taxonomy":"product_cat","embeddable":true,"href":"https:\/\/www.stelvision.com\/astro\/wp-json\/wp\/v2\/product_cat?post=1454"},{"taxonomy":"product_tag","embeddable":true,"href":"https:\/\/www.stelvision.com\/astro\/wp-json\/wp\/v2\/product_tag?post=1454"}],"curies":[{"name":"wp","href":"https:\/\/api.w.org\/{rel}","templated":true}]}}