{"id":1459,"date":"2018-06-19T13:51:32","date_gmt":"2018-06-19T11:51:32","guid":{"rendered":"https:\/\/www.stelvision.com\/astro\/?post_type=product&#038;p=1459"},"modified":"2026-05-05T20:05:43","modified_gmt":"2026-05-05T18:05:43","slug":"guide-le-ciel-aux-jumelles","status":"publish","type":"product","link":"https:\/\/www.stelvision.com\/astro\/boutique\/guide-le-ciel-aux-jumelles\/","title":{"rendered":"Le Ciel aux jumelles &#8211; Explorer simplement les \u00e9toiles et les curiosit\u00e9s du ciel (2\u00e8me \u00e9dition)"},"content":{"rendered":"<h2>Le guide essentiel pour d\u00e9couvrir l\u2019astronomie aux jumelles<\/h2>\n<p><span class=\"color2\">\u00a0Deuxi\u00e8me \u00e9dition revue et augment\u00e9e.<\/span><\/p>\n<p>Explorez le ciel avec de simples jumelles gr\u00e2ce \u00e0 ce guide qui vous emm\u00e8ne dans les \u00e9toiles\u2009! Faciles \u00e0 utiliser et toujours \u00e0 port\u00e9e de main, les jumelles r\u00e9v\u00e8lent des myriades d\u2019\u00e9toiles et de nombreuses curiosit\u00e9s c\u00e9lestes invisibles \u00e0 l\u2019\u0153il nu : amas d\u2019\u00e9toiles, n\u00e9buleuses, galaxies, com\u00e8tes, principaux crat\u00e8res de la Lune\u2026<\/p>\n<p>Apr\u00e8s une br\u00e8ve pr\u00e9sentation des notions de base de l\u2019astronomie aux jumelles, les 40 fiches pratiques de ce livre vous guident vers les beaut\u00e9s du ciel \u00e0 d\u00e9couvrir absolument. Class\u00e9es par saison et niveau de difficult\u00e9, les observations propos\u00e9es sont pour la plupart faciles et parfois possibles en pleine ville. Quelques-unes plus difficiles vous invitent \u00e0 relever le d\u00e9fi de voyages cosmiques \u00e0 des millions d\u2019ann\u00e9es-lumi\u00e8re.<\/p>\n<p>Observations r\u00e9alisables depuis l\u2019h\u00e9misph\u00e8re nord.<\/p>\n<ul>\n<li><strong>Accessible<\/strong> : des explications simples et des observations r\u00e9alisables par des d\u00e9butants avec la plupart des jumelles.<\/li>\n<li><strong>Pratique<\/strong> : 40 fiches avec toutes les cartes et indications pour r\u00e9ussir ses observations.<\/li>\n<li><strong>Inspirant<\/strong> : un beau guide qui invite \u00e0 s&rsquo;\u00e9vader dans les \u00e9toiles.<\/li>\n<\/ul>\n<div style=\"border-top: solid 1px; border-bottom: solid 1px; padding: 3px; margin-bottom: 1em;\"><small>de Bertrand d&rsquo;Armagnac | 2e \u00e9dition | 16 cm x 21 cm, 128 pages, reliure spirale<br \/>\n\u00e9ditions Stelvision | mai 2025 | ISBN : 978-2-9586619-3-9<\/small><\/div>\n<p><small><strong>Bertrand d\u2019Armagnac<\/strong> observe le ciel depuis l&rsquo;enfance. Associant sa passion pour l&rsquo;astronomie \u00e0 son go\u00fbt pour la p\u00e9dagogie, il a cr\u00e9\u00e9 Stelvision, un site web et une maison d\u2019\u00e9dition d\u00e9di\u00e9s \u00e0 la d\u00e9couverte du ciel \u00e9toil\u00e9. Il est auteur et co-auteur de plusieurs guides pratiques d&rsquo;observation et de la carte du ciel tournante Stelvision 365. Cette derni\u00e8re, diffus\u00e9e \u00e0 pr\u00e8s de 200 000 exemplaires, a permis \u00e0 de nombreux d\u00e9butants de faire leurs premiers pas dans le ciel.<\/small><\/p>\n<blockquote><p><strong>Excellent\u00a0\u00a0 <cite>Ciel &amp; Espace,\u00a0 janvier 2018 (\u00e0 propos de la 1\u00e8re \u00e9dition)<\/cite><\/strong><\/p><\/blockquote>\n<blockquote><p><strong>Si vous devez offrir une paire de jumelles, ajoutez sans risques cet ouvrage.\u00a0\u00a0 <cite>Astrosurf Magazine, novembre 2017 (\u00e0 propos de la 1\u00e8re \u00e9dition)<\/cite><\/strong><\/p><\/blockquote>\n","protected":false},"excerpt":{"rendered":"<p>Le guide pratique de r\u00e9f\u00e9rence pour observer le ciel avec une simple paire de jumelles. Les notions de base sont expliqu\u00e9es clairement pour profiter des 40 fiches d&rsquo;observations propos\u00e9es, class\u00e9es par saison et niveau de difficult\u00e9.<\/p>\n","protected":false},"featured_media":68934,"template":"","meta":{"_acf_changed":false},"product_brand":[],"product_cat":[126],"product_tag":[],"class_list":{"0":"post-1459","1":"product","2":"type-product","3":"status-publish","4":"has-post-thumbnail","6":"product_cat-edition","7":"product_shipping_class-livre","9":"first","10":"instock","11":"taxable","12":"shipping-taxable","13":"purchasable","14":"product-type-simple"},"acf":[],"yoast_head":"<!-- This site is optimized with the Yoast SEO plugin v27.1.1 - https:\/\/yoast.com\/product\/yoast-seo-wordpress\/ -->\n<title>Le Ciel aux jumelles - Explorer simplement les \u00e9toiles et les curiosit\u00e9s du ciel (2\u00e8me \u00e9dition)<\/title>\n<meta name=\"description\" content=\"Un beau guide pratique pour apprendre \u00e0 observer le ciel facilement. Des notions de base expliqu\u00e9es clairement, 35 observations class\u00e9es par saison et difficult\u00e9.\" \/>\n<meta name=\"robots\" content=\"index, follow, max-snippet:-1, max-image-preview:large, max-video-preview:-1\" \/>\n<link rel=\"canonical\" href=\"https:\/\/www.stelvision.com\/astro\/boutique\/guide-le-ciel-aux-jumelles\/\" \/>\n<meta property=\"og:locale\" content=\"fr_FR\" \/>\n<meta property=\"og:type\" content=\"article\" \/>\n<meta property=\"og:title\" content=\"Le Ciel aux jumelles - Explorer simplement les \u00e9toiles et les curiosit\u00e9s du ciel (2\u00e8me \u00e9dition)\" \/>\n<meta property=\"og:description\" content=\"Un beau guide pratique pour apprendre \u00e0 observer le ciel facilement. Des notions de base expliqu\u00e9es clairement, 35 observations class\u00e9es par saison et difficult\u00e9.\" \/>\n<meta property=\"og:url\" content=\"https:\/\/www.stelvision.com\/astro\/boutique\/guide-le-ciel-aux-jumelles\/\" \/>\n<meta property=\"og:site_name\" content=\"Stelvision\" \/>\n<meta property=\"article:publisher\" content=\"https:\/\/www.facebook.com\/people\/Stelvision\/100063368192331\/\" \/>\n<meta property=\"article:modified_time\" content=\"2026-05-05T18:05:43+00:00\" \/>\n<meta property=\"og:image\" content=\"https:\/\/www.stelvision.com\/astro\/wp-content\/uploads\/2025\/04\/Couverture_Cielauxjumelles_h1200_carre.webp\" \/>\n\t<meta property=\"og:image:width\" content=\"1200\" \/>\n\t<meta property=\"og:image:height\" content=\"1200\" \/>\n\t<meta property=\"og:image:type\" content=\"image\/webp\" \/>\n<meta name=\"twitter:card\" content=\"summary_large_image\" \/>\n<meta name=\"twitter:label1\" content=\"Dur\u00e9e de lecture estim\u00e9e\" \/>\n\t<meta name=\"twitter:data1\" content=\"2 minutes\" \/>\n<script type=\"application\/ld+json\" class=\"yoast-schema-graph\">{\"@context\":\"https:\/\/schema.org\",\"@graph\":[{\"@type\":\"WebPage\",\"@id\":\"https:\/\/www.stelvision.com\/astro\/boutique\/guide-le-ciel-aux-jumelles\/\",\"url\":\"https:\/\/www.stelvision.com\/astro\/boutique\/guide-le-ciel-aux-jumelles\/\",\"name\":\"Le Ciel aux jumelles - Explorer simplement les \u00e9toiles et les curiosit\u00e9s du ciel (2\u00e8me \u00e9dition)\",\"isPartOf\":{\"@id\":\"https:\/\/www.stelvision.com\/astro\/#website\"},\"primaryImageOfPage\":{\"@id\":\"https:\/\/www.stelvision.com\/astro\/boutique\/guide-le-ciel-aux-jumelles\/#primaryimage\"},\"image\":{\"@id\":\"https:\/\/www.stelvision.com\/astro\/boutique\/guide-le-ciel-aux-jumelles\/#primaryimage\"},\"thumbnailUrl\":\"https:\/\/www.stelvision.com\/astro\/wp-content\/uploads\/2025\/04\/Couverture_Cielauxjumelles_h1200_carre.webp\",\"datePublished\":\"2018-06-19T11:51:32+00:00\",\"dateModified\":\"2026-05-05T18:05:43+00:00\",\"description\":\"Un beau guide pratique pour apprendre \u00e0 observer le ciel facilement. Des notions de base expliqu\u00e9es clairement, 35 observations class\u00e9es par saison et difficult\u00e9.\",\"breadcrumb\":{\"@id\":\"https:\/\/www.stelvision.com\/astro\/boutique\/guide-le-ciel-aux-jumelles\/#breadcrumb\"},\"inLanguage\":\"fr-FR\",\"potentialAction\":[{\"@type\":\"ReadAction\",\"target\":[\"https:\/\/www.stelvision.com\/astro\/boutique\/guide-le-ciel-aux-jumelles\/\"]}]},{\"@type\":\"ImageObject\",\"inLanguage\":\"fr-FR\",\"@id\":\"https:\/\/www.stelvision.com\/astro\/boutique\/guide-le-ciel-aux-jumelles\/#primaryimage\",\"url\":\"https:\/\/www.stelvision.com\/astro\/wp-content\/uploads\/2025\/04\/Couverture_Cielauxjumelles_h1200_carre.webp\",\"contentUrl\":\"https:\/\/www.stelvision.com\/astro\/wp-content\/uploads\/2025\/04\/Couverture_Cielauxjumelles_h1200_carre.webp\",\"width\":1200,\"height\":1200,\"caption\":\"Couverture du livre Le Ciel aux jumelles 2e \u00e9dition\"},{\"@type\":\"BreadcrumbList\",\"@id\":\"https:\/\/www.stelvision.com\/astro\/boutique\/guide-le-ciel-aux-jumelles\/#breadcrumb\",\"itemListElement\":[{\"@type\":\"ListItem\",\"position\":1,\"name\":\"Accueil\",\"item\":\"https:\/\/www.stelvision.com\/astro\/\"},{\"@type\":\"ListItem\",\"position\":2,\"name\":\"La Boutique Stelvision\",\"item\":\"https:\/\/www.stelvision.com\/astro\/boutique\/\"},{\"@type\":\"ListItem\",\"position\":3,\"name\":\"Le Ciel aux jumelles &#8211; Explorer simplement les \u00e9toiles et les curiosit\u00e9s du ciel (2\u00e8me \u00e9dition)\"}]},{\"@type\":\"WebSite\",\"@id\":\"https:\/\/www.stelvision.com\/astro\/#website\",\"url\":\"https:\/\/www.stelvision.com\/astro\/\",\"name\":\"Stelvision\",\"description\":\"conseils, livres et mat\u00e9riel d&#039;observation du ciel\",\"publisher\":{\"@id\":\"https:\/\/www.stelvision.com\/astro\/#organization\"},\"potentialAction\":[{\"@type\":\"SearchAction\",\"target\":{\"@type\":\"EntryPoint\",\"urlTemplate\":\"https:\/\/www.stelvision.com\/astro\/?s={search_term_string}\"},\"query-input\":{\"@type\":\"PropertyValueSpecification\",\"valueRequired\":true,\"valueName\":\"search_term_string\"}}],\"inLanguage\":\"fr-FR\"},{\"@type\":\"Organization\",\"@id\":\"https:\/\/www.stelvision.com\/astro\/#organization\",\"name\":\"Stelvision\",\"url\":\"https:\/\/www.stelvision.com\/astro\/\",\"logo\":{\"@type\":\"ImageObject\",\"inLanguage\":\"fr-FR\",\"@id\":\"https:\/\/www.stelvision.com\/astro\/#\/schema\/logo\/image\/\",\"url\":\"https:\/\/www.stelvision.com\/astro\/wp-content\/uploads\/2019\/03\/logo_lisse_bleu_Stelvision_600.png\",\"contentUrl\":\"https:\/\/www.stelvision.com\/astro\/wp-content\/uploads\/2019\/03\/logo_lisse_bleu_Stelvision_600.png\",\"width\":600,\"height\":277,\"caption\":\"Stelvision\"},\"image\":{\"@id\":\"https:\/\/www.stelvision.com\/astro\/#\/schema\/logo\/image\/\"},\"sameAs\":[\"https:\/\/www.facebook.com\/people\/Stelvision\/100063368192331\/\"]}]}<\/script>\n<!-- \/ Yoast SEO plugin. -->","yoast_head_json":{"title":"Le Ciel aux jumelles - Explorer simplement les \u00e9toiles et les curiosit\u00e9s du ciel (2\u00e8me \u00e9dition)","description":"Un beau guide pratique pour apprendre \u00e0 observer le ciel facilement. Des notions de base expliqu\u00e9es clairement, 35 observations class\u00e9es par saison et difficult\u00e9.","robots":{"index":"index","follow":"follow","max-snippet":"max-snippet:-1","max-image-preview":"max-image-preview:large","max-video-preview":"max-video-preview:-1"},"canonical":"https:\/\/www.stelvision.com\/astro\/boutique\/guide-le-ciel-aux-jumelles\/","og_locale":"fr_FR","og_type":"article","og_title":"Le Ciel aux jumelles - Explorer simplement les \u00e9toiles et les curiosit\u00e9s du ciel (2\u00e8me \u00e9dition)","og_description":"Un beau guide pratique pour apprendre \u00e0 observer le ciel facilement. Des notions de base expliqu\u00e9es clairement, 35 observations class\u00e9es par saison et difficult\u00e9.","og_url":"https:\/\/www.stelvision.com\/astro\/boutique\/guide-le-ciel-aux-jumelles\/","og_site_name":"Stelvision","article_publisher":"https:\/\/www.facebook.com\/people\/Stelvision\/100063368192331\/","article_modified_time":"2026-05-05T18:05:43+00:00","og_image":[{"width":1200,"height":1200,"url":"https:\/\/www.stelvision.com\/astro\/wp-content\/uploads\/2025\/04\/Couverture_Cielauxjumelles_h1200_carre.webp","type":"image\/webp"}],"twitter_card":"summary_large_image","twitter_misc":{"Dur\u00e9e de lecture estim\u00e9e":"2 minutes"},"schema":{"@context":"https:\/\/schema.org","@graph":[{"@type":"WebPage","@id":"https:\/\/www.stelvision.com\/astro\/boutique\/guide-le-ciel-aux-jumelles\/","url":"https:\/\/www.stelvision.com\/astro\/boutique\/guide-le-ciel-aux-jumelles\/","name":"Le Ciel aux jumelles - Explorer simplement les \u00e9toiles et les curiosit\u00e9s du ciel (2\u00e8me \u00e9dition)","isPartOf":{"@id":"https:\/\/www.stelvision.com\/astro\/#website"},"primaryImageOfPage":{"@id":"https:\/\/www.stelvision.com\/astro\/boutique\/guide-le-ciel-aux-jumelles\/#primaryimage"},"image":{"@id":"https:\/\/www.stelvision.com\/astro\/boutique\/guide-le-ciel-aux-jumelles\/#primaryimage"},"thumbnailUrl":"https:\/\/www.stelvision.com\/astro\/wp-content\/uploads\/2025\/04\/Couverture_Cielauxjumelles_h1200_carre.webp","datePublished":"2018-06-19T11:51:32+00:00","dateModified":"2026-05-05T18:05:43+00:00","description":"Un beau guide pratique pour apprendre \u00e0 observer le ciel facilement. Des notions de base expliqu\u00e9es clairement, 35 observations class\u00e9es par saison et difficult\u00e9.","breadcrumb":{"@id":"https:\/\/www.stelvision.com\/astro\/boutique\/guide-le-ciel-aux-jumelles\/#breadcrumb"},"inLanguage":"fr-FR","potentialAction":[{"@type":"ReadAction","target":["https:\/\/www.stelvision.com\/astro\/boutique\/guide-le-ciel-aux-jumelles\/"]}]},{"@type":"ImageObject","inLanguage":"fr-FR","@id":"https:\/\/www.stelvision.com\/astro\/boutique\/guide-le-ciel-aux-jumelles\/#primaryimage","url":"https:\/\/www.stelvision.com\/astro\/wp-content\/uploads\/2025\/04\/Couverture_Cielauxjumelles_h1200_carre.webp","contentUrl":"https:\/\/www.stelvision.com\/astro\/wp-content\/uploads\/2025\/04\/Couverture_Cielauxjumelles_h1200_carre.webp","width":1200,"height":1200,"caption":"Couverture du livre Le Ciel aux jumelles 2e \u00e9dition"},{"@type":"BreadcrumbList","@id":"https:\/\/www.stelvision.com\/astro\/boutique\/guide-le-ciel-aux-jumelles\/#breadcrumb","itemListElement":[{"@type":"ListItem","position":1,"name":"Accueil","item":"https:\/\/www.stelvision.com\/astro\/"},{"@type":"ListItem","position":2,"name":"La Boutique Stelvision","item":"https:\/\/www.stelvision.com\/astro\/boutique\/"},{"@type":"ListItem","position":3,"name":"Le Ciel aux jumelles &#8211; Explorer simplement les \u00e9toiles et les curiosit\u00e9s du ciel (2\u00e8me \u00e9dition)"}]},{"@type":"WebSite","@id":"https:\/\/www.stelvision.com\/astro\/#website","url":"https:\/\/www.stelvision.com\/astro\/","name":"Stelvision","description":"conseils, livres et mat\u00e9riel d&#039;observation du ciel","publisher":{"@id":"https:\/\/www.stelvision.com\/astro\/#organization"},"potentialAction":[{"@type":"SearchAction","target":{"@type":"EntryPoint","urlTemplate":"https:\/\/www.stelvision.com\/astro\/?s={search_term_string}"},"query-input":{"@type":"PropertyValueSpecification","valueRequired":true,"valueName":"search_term_string"}}],"inLanguage":"fr-FR"},{"@type":"Organization","@id":"https:\/\/www.stelvision.com\/astro\/#organization","name":"Stelvision","url":"https:\/\/www.stelvision.com\/astro\/","logo":{"@type":"ImageObject","inLanguage":"fr-FR","@id":"https:\/\/www.stelvision.com\/astro\/#\/schema\/logo\/image\/","url":"https:\/\/www.stelvision.com\/astro\/wp-content\/uploads\/2019\/03\/logo_lisse_bleu_Stelvision_600.png","contentUrl":"https:\/\/www.stelvision.com\/astro\/wp-content\/uploads\/2019\/03\/logo_lisse_bleu_Stelvision_600.png","width":600,"height":277,"caption":"Stelvision"},"image":{"@id":"https:\/\/www.stelvision.com\/astro\/#\/schema\/logo\/image\/"},"sameAs":["https:\/\/www.facebook.com\/people\/Stelvision\/100063368192331\/"]}]}},"_links":{"self":[{"href":"https:\/\/www.stelvision.com\/astro\/wp-json\/wp\/v2\/product\/1459","targetHints":{"allow":["GET"]}}],"collection":[{"href":"https:\/\/www.stelvision.com\/astro\/wp-json\/wp\/v2\/product"}],"about":[{"href":"https:\/\/www.stelvision.com\/astro\/wp-json\/wp\/v2\/types\/product"}],"wp:featuredmedia":[{"embeddable":true,"href":"https:\/\/www.stelvision.com\/astro\/wp-json\/wp\/v2\/media\/68934"}],"wp:attachment":[{"href":"https:\/\/www.stelvision.com\/astro\/wp-json\/wp\/v2\/media?parent=1459"}],"wp:term":[{"taxonomy":"product_brand","embeddable":true,"href":"https:\/\/www.stelvision.com\/astro\/wp-json\/wp\/v2\/product_brand?post=1459"},{"taxonomy":"product_cat","embeddable":true,"href":"https:\/\/www.stelvision.com\/astro\/wp-json\/wp\/v2\/product_cat?post=1459"},{"taxonomy":"product_tag","embeddable":true,"href":"https:\/\/www.stelvision.com\/astro\/wp-json\/wp\/v2\/product_tag?post=1459"}],"curies":[{"name":"wp","href":"https:\/\/api.w.org\/{rel}","templated":true}]}}