{"id":1465,"date":"2019-03-25T17:15:09","date_gmt":"2019-03-25T16:15:09","guid":{"rendered":"https:\/\/www.stelvision.com\/astro\/?post_type=product&#038;p=1465"},"modified":"2026-04-27T02:06:25","modified_gmt":"2026-04-27T00:06:25","slug":"coffret-ciel-aux-jumelles","status":"publish","type":"product","link":"https:\/\/www.stelvision.com\/astro\/boutique\/coffret-ciel-aux-jumelles\/","title":{"rendered":"Coffret Le Ciel aux jumelles, \u00e9dition 2 originale Stelvision"},"content":{"rendered":"<h2>Notre guide de r\u00e9f\u00e9rence avec de bonnes jumelles dans un magnifique coffret<\/h2>\n<p><span class=\"color2\">\u00a0Nouveau &#8211; Avec livre en nouvelle \u00e9dition revue et augment\u00e9e <\/span><br \/>\n<strong>L&rsquo;observation du ciel \u00e9toil\u00e9 aux jumelles est une source d&rsquo;\u00e9merveillement<\/strong>, pour le d\u00e9butant comme pour l&rsquo;astronome amateur confirm\u00e9. <strong>Pour le d\u00e9butant :<\/strong> plut\u00f4t que d&rsquo;acheter d&#8217;embl\u00e9e un t\u00e9lescope qui pourra \u00eatre un peu d\u00e9licat \u00e0 mettre en \u0153uvre et \u00e0 transporter, les jumelles permettent de se familiariser facilement avec le ciel et permettent d\u00e9j\u00e0 des observations passionnantes ! <strong>Pour l&rsquo;amateur confirm\u00e9 :<\/strong>\u00a0les jumelles sont un instrument d&rsquo;appoint tr\u00e8s utilis\u00e9, en compl\u00e9ment d&rsquo;un t\u00e9lescope. Stelvision vous propose ce beau coffret contenant :<\/p>\n<ul>\n<li>Le guide <a href=\"https:\/\/www.stelvision.com\/astro\/boutique\/guide-le-ciel-aux-jumelles\/\">Le Ciel aux jumelles<\/a> de Bertrand d&rsquo;Armagnac, la r\u00e9f\u00e9rence pour pratiquer l&rsquo;astronomie aux jumelles (2e \u00e9dition, parue en mai 2025).<\/li>\n<li>Une paire de <a href=\"https:\/\/www.stelvision.com\/astro\/boutique\/jumelles-10x50-st2\/\">jumelles 10&#215;50 ST2<\/a>. Ces jumelles de qualit\u00e9 portent notre marque Stelvision, elles sont id\u00e9ales pour r\u00e9aliser les observations du guide.<\/li>\n<\/ul>\n<p class=\"product woocommerce add_to_cart_inline \" style=\"border:4px solid #ccc; padding: 12px;\"><span class=\"woocommerce-Price-amount amount\"><bdi>135.00<span class=\"woocommerce-Price-currencySymbol\">&euro;<\/span><\/bdi><span class=\"rwwc-vat-price-hint\" onclick=\"rwStelvisionWooTaxesInfos.showTaxHintModal(event)\">TVA incluse (FR) <i class=\"neko-icon-info-circled\"><\/i><\/span><\/span><span class=\" rw_stelvision_product_not_in_stock \"><span class=\" rw_stelvision_product_stock_msg \">En r\u00e9approvisionnement. Exp\u00e9di\u00e9 le 18 mai.<\/span><\/span><a href=\"\/astro\/wp-json\/wp\/v2\/product\/1465?add-to-cart=1465\" aria-describedby=\"woocommerce_loop_add_to_cart_link_describedby_14650\" data-quantity=\"1\" data-product_id=\"1465\" data-product-title=\"Coffret Le Ciel aux jumelles, \u00e9dition 2 originale Stelvision&lt;div class=&quot;stel-product-item-review-wrapper&quot;&gt;&lt;div class=&quot;skeepers_product__stars&quot; data-product-id=&quot;1465&quot;&gt;&lt;\/div&gt;&lt;script type=&quot;text\/javascript&quot;&gt;\/*!rw_stel_js*\/window.$ = jQuery;&lt;\/script&gt;&lt;script async charset=&quot;utf-8&quot; src=&quot;https:\/\/widgets.rr.skeepers.io\/product\/29f32d37-16d4-4b94-e954-a24712bd5a0f\/49f1f3bb-3583-4096-a330-61b13d46555d.js&quot;&gt;&lt;\/script&gt;&lt;\/div&gt;\" class=\"button product_type_simple add_to_cart_button ajax_add_to_cart\" data-product_id=\"1465\" data-product_sku=\"9782958661953\" aria-label=\"Ajouter au panier\u00a0: &ldquo;Coffret Le Ciel aux jumelles, \u00e9dition 2 originale Stelvision&rdquo;\" rel=\"nofollow\" data-success_message=\"\u00ab\u00a0Coffret Le Ciel aux jumelles, \u00e9dition 2 originale Stelvision\u00a0\u00bb a \u00e9t\u00e9 ajout\u00e9 \u00e0 votre panier\" role=\"button\">Ajouter au panier<\/a><span id=\"woocommerce_loop_add_to_cart_link_describedby_14650\" class=\"screen-reader-text\"><\/span><\/p>\n<div class=\"boxFocus\">\n<h3>Le guide<\/h3>\n<ul>\n<li>Clair et adapt\u00e9 aux d\u00e9butants<\/li>\n<li>40 fiches pratiques d\u2019observation<\/li>\n<li>Cartes de rep\u00e9rage<\/li>\n<li>Observations class\u00e9es par saison<\/li>\n<li>\u00c9toiles, n\u00e9buleuses, galaxies, Lune&#8230;<\/li>\n<li>Pour tous pays de l&rsquo;h\u00e9misph\u00e8re nord<\/li>\n<li>Ciel rural ou urbain (selon le sujet)<\/li>\n<li>16 cm x 21 cm, 128 pages, reliure spirale<\/li>\n<\/ul>\n<\/div>\n<p>&nbsp;<\/p>\n<div class=\"boxFocus\" style=\"margin-bottom: 1.5em;\">\n<h3>Les jumelles<\/h3>\n<ul>\n<li>Jumelles haute luminosit\u00e9 10&#215;50 ST2 (marque Stelvision, en partenariat avec Bosma)<\/li>\n<li>Diam\u00e8tre des objectifs : 50 mm<\/li>\n<li>Grossissement : 10 fois<\/li>\n<li>Champ de vision: 6,6\u00b0 (115 m \/ 1000 m)<\/li>\n<li>Prismes de type Porro (verre BAK4)<\/li>\n<li>Traitement antireflet multicouche (FMC)<\/li>\n<li>Structure m\u00e9tal, rev\u00eatement caoutchouc<\/li>\n<li>Fixation possible sur tr\u00e9pied photo (adaptateur fourni)<\/li>\n<li>Poids : 915 g<\/li>\n<\/ul>\n<\/div>\n<p>Remarque : une variante de ce coffret est disponible dans les magasins Nature &amp; D\u00e9couvertes avec des jumelles de marque Fr\u00e9hel. Le coffret propos\u00e9 ici est l\u2019\u00e9dition originale avec des jumelles de marque Stelvision au prix un peu plus \u00e9lev\u00e9 en raison de leurs caract\u00e9ristiques optiques (luminosit\u00e9, restitution des couleurs, niveau de distorsion en bord de champ).<\/p>\n","protected":false},"excerpt":{"rendered":"<p>Ce coffret comprend notre guide\u00a0de r\u00e9f\u00e9rence Le Ciel aux jumelles et nos jumelles 10&#215;50 ST2. Un tr\u00e8s beau coffret dans son \u00e9dition originale 100% Stelvision avec des jumelles de qualit\u00e9, parfaites pour r\u00e9ussir toutes les observations du livre !<\/p>\n","protected":false},"featured_media":74610,"template":"","meta":{"_acf_changed":false},"product_brand":[],"product_cat":[331,126],"product_tag":[],"class_list":{"0":"post-1465","1":"product","2":"type-product","3":"status-publish","4":"has-post-thumbnail","6":"product_cat-jumelles","7":"product_cat-edition","8":"product_shipping_class-jumelles-coffret","10":"first","11":"onbackorder","12":"taxable","13":"shipping-taxable","14":"purchasable","15":"product-type-simple"},"acf":[],"yoast_head":"<!-- This site is optimized with the Yoast SEO plugin v27.1.1 - https:\/\/yoast.com\/product\/yoast-seo-wordpress\/ -->\n<title>Coffret Le Ciel aux jumelles, \u00e9dition 2 originale Stelvision<\/title>\n<meta name=\"description\" content=\"Un beau coffret contenant le guide\u00a0Le Ciel aux jumelles de Bertrand d&#039;Armagnac, et les jumelles 10x50 ST2 id\u00e9ales pour r\u00e9aliser les observations du guide. Le tout \u00e0 un prix optimis\u00e9 !\" \/>\n<meta name=\"robots\" content=\"index, follow, max-snippet:-1, max-image-preview:large, max-video-preview:-1\" \/>\n<link rel=\"canonical\" href=\"https:\/\/www.stelvision.com\/astro\/boutique\/coffret-ciel-aux-jumelles\/\" \/>\n<meta property=\"og:locale\" content=\"fr_FR\" \/>\n<meta property=\"og:type\" content=\"article\" \/>\n<meta property=\"og:title\" content=\"Coffret Le Ciel aux jumelles, \u00e9dition originale\" \/>\n<meta property=\"og:description\" content=\"Le guide de r\u00e9f\u00e9rence avec des jumelles 10x50 ST2 dans un superbe coffret\" \/>\n<meta property=\"og:url\" content=\"https:\/\/www.stelvision.com\/astro\/boutique\/coffret-ciel-aux-jumelles\/\" \/>\n<meta property=\"og:site_name\" content=\"Stelvision\" \/>\n<meta property=\"article:publisher\" content=\"https:\/\/www.facebook.com\/people\/Stelvision\/100063368192331\/\" \/>\n<meta property=\"article:modified_time\" content=\"2026-04-27T00:06:25+00:00\" \/>\n<meta property=\"og:image\" content=\"https:\/\/www.stelvision.com\/astro\/wp-content\/uploads\/2019\/03\/visuel-coffret-cadeau-offre-speciale-FB.jpg\" \/>\n\t<meta property=\"og:image:width\" content=\"1200\" \/>\n\t<meta property=\"og:image:height\" content=\"630\" \/>\n\t<meta property=\"og:image:type\" content=\"image\/jpeg\" \/>\n<meta name=\"twitter:card\" content=\"summary_large_image\" \/>\n<meta name=\"twitter:label1\" content=\"Dur\u00e9e de lecture estim\u00e9e\" \/>\n\t<meta name=\"twitter:data1\" content=\"2 minutes\" \/>\n<script type=\"application\/ld+json\" class=\"yoast-schema-graph\">{\"@context\":\"https:\/\/schema.org\",\"@graph\":[{\"@type\":\"WebPage\",\"@id\":\"https:\/\/www.stelvision.com\/astro\/boutique\/coffret-ciel-aux-jumelles\/\",\"url\":\"https:\/\/www.stelvision.com\/astro\/boutique\/coffret-ciel-aux-jumelles\/\",\"name\":\"Coffret Le Ciel aux jumelles, \u00e9dition 2 originale Stelvision\",\"isPartOf\":{\"@id\":\"https:\/\/www.stelvision.com\/astro\/#website\"},\"primaryImageOfPage\":{\"@id\":\"https:\/\/www.stelvision.com\/astro\/boutique\/coffret-ciel-aux-jumelles\/#primaryimage\"},\"image\":{\"@id\":\"https:\/\/www.stelvision.com\/astro\/boutique\/coffret-ciel-aux-jumelles\/#primaryimage\"},\"thumbnailUrl\":\"https:\/\/www.stelvision.com\/astro\/wp-content\/uploads\/2026\/03\/IMG_8608-coffret-composition_HD.webp\",\"datePublished\":\"2019-03-25T16:15:09+00:00\",\"dateModified\":\"2026-04-27T00:06:25+00:00\",\"description\":\"Un beau coffret contenant le guide\u00a0Le Ciel aux jumelles de Bertrand d'Armagnac, et les jumelles 10x50 ST2 id\u00e9ales pour r\u00e9aliser les observations du guide. Le tout \u00e0 un prix optimis\u00e9 !\",\"breadcrumb\":{\"@id\":\"https:\/\/www.stelvision.com\/astro\/boutique\/coffret-ciel-aux-jumelles\/#breadcrumb\"},\"inLanguage\":\"fr-FR\",\"potentialAction\":[{\"@type\":\"ReadAction\",\"target\":[\"https:\/\/www.stelvision.com\/astro\/boutique\/coffret-ciel-aux-jumelles\/\"]}]},{\"@type\":\"ImageObject\",\"inLanguage\":\"fr-FR\",\"@id\":\"https:\/\/www.stelvision.com\/astro\/boutique\/coffret-ciel-aux-jumelles\/#primaryimage\",\"url\":\"https:\/\/www.stelvision.com\/astro\/wp-content\/uploads\/2026\/03\/IMG_8608-coffret-composition_HD.webp\",\"contentUrl\":\"https:\/\/www.stelvision.com\/astro\/wp-content\/uploads\/2026\/03\/IMG_8608-coffret-composition_HD.webp\",\"width\":1200,\"height\":1200,\"caption\":\"visuel produit Coffret Le Ciel aux jumelles, de Stelvision\"},{\"@type\":\"BreadcrumbList\",\"@id\":\"https:\/\/www.stelvision.com\/astro\/boutique\/coffret-ciel-aux-jumelles\/#breadcrumb\",\"itemListElement\":[{\"@type\":\"ListItem\",\"position\":1,\"name\":\"Accueil\",\"item\":\"https:\/\/www.stelvision.com\/astro\/\"},{\"@type\":\"ListItem\",\"position\":2,\"name\":\"La Boutique Stelvision\",\"item\":\"https:\/\/www.stelvision.com\/astro\/boutique\/\"},{\"@type\":\"ListItem\",\"position\":3,\"name\":\"Coffret Le Ciel aux jumelles, \u00e9dition 2 originale Stelvision\"}]},{\"@type\":\"WebSite\",\"@id\":\"https:\/\/www.stelvision.com\/astro\/#website\",\"url\":\"https:\/\/www.stelvision.com\/astro\/\",\"name\":\"Stelvision\",\"description\":\"conseils, livres et mat\u00e9riel d&#039;observation du ciel\",\"publisher\":{\"@id\":\"https:\/\/www.stelvision.com\/astro\/#organization\"},\"potentialAction\":[{\"@type\":\"SearchAction\",\"target\":{\"@type\":\"EntryPoint\",\"urlTemplate\":\"https:\/\/www.stelvision.com\/astro\/?s={search_term_string}\"},\"query-input\":{\"@type\":\"PropertyValueSpecification\",\"valueRequired\":true,\"valueName\":\"search_term_string\"}}],\"inLanguage\":\"fr-FR\"},{\"@type\":\"Organization\",\"@id\":\"https:\/\/www.stelvision.com\/astro\/#organization\",\"name\":\"Stelvision\",\"url\":\"https:\/\/www.stelvision.com\/astro\/\",\"logo\":{\"@type\":\"ImageObject\",\"inLanguage\":\"fr-FR\",\"@id\":\"https:\/\/www.stelvision.com\/astro\/#\/schema\/logo\/image\/\",\"url\":\"https:\/\/www.stelvision.com\/astro\/wp-content\/uploads\/2019\/03\/logo_lisse_bleu_Stelvision_600.png\",\"contentUrl\":\"https:\/\/www.stelvision.com\/astro\/wp-content\/uploads\/2019\/03\/logo_lisse_bleu_Stelvision_600.png\",\"width\":600,\"height\":277,\"caption\":\"Stelvision\"},\"image\":{\"@id\":\"https:\/\/www.stelvision.com\/astro\/#\/schema\/logo\/image\/\"},\"sameAs\":[\"https:\/\/www.facebook.com\/people\/Stelvision\/100063368192331\/\"]}]}<\/script>\n<!-- \/ Yoast SEO plugin. -->","yoast_head_json":{"title":"Coffret Le Ciel aux jumelles, \u00e9dition 2 originale Stelvision","description":"Un beau coffret contenant le guide\u00a0Le Ciel aux jumelles de Bertrand d'Armagnac, et les jumelles 10x50 ST2 id\u00e9ales pour r\u00e9aliser les observations du guide. Le tout \u00e0 un prix optimis\u00e9 !","robots":{"index":"index","follow":"follow","max-snippet":"max-snippet:-1","max-image-preview":"max-image-preview:large","max-video-preview":"max-video-preview:-1"},"canonical":"https:\/\/www.stelvision.com\/astro\/boutique\/coffret-ciel-aux-jumelles\/","og_locale":"fr_FR","og_type":"article","og_title":"Coffret Le Ciel aux jumelles, \u00e9dition originale","og_description":"Le guide de r\u00e9f\u00e9rence avec des jumelles 10x50 ST2 dans un superbe coffret","og_url":"https:\/\/www.stelvision.com\/astro\/boutique\/coffret-ciel-aux-jumelles\/","og_site_name":"Stelvision","article_publisher":"https:\/\/www.facebook.com\/people\/Stelvision\/100063368192331\/","article_modified_time":"2026-04-27T00:06:25+00:00","og_image":[{"width":1200,"height":630,"url":"https:\/\/www.stelvision.com\/astro\/wp-content\/uploads\/2019\/03\/visuel-coffret-cadeau-offre-speciale-FB.jpg","type":"image\/jpeg"}],"twitter_card":"summary_large_image","twitter_misc":{"Dur\u00e9e de lecture estim\u00e9e":"2 minutes"},"schema":{"@context":"https:\/\/schema.org","@graph":[{"@type":"WebPage","@id":"https:\/\/www.stelvision.com\/astro\/boutique\/coffret-ciel-aux-jumelles\/","url":"https:\/\/www.stelvision.com\/astro\/boutique\/coffret-ciel-aux-jumelles\/","name":"Coffret Le Ciel aux jumelles, \u00e9dition 2 originale Stelvision","isPartOf":{"@id":"https:\/\/www.stelvision.com\/astro\/#website"},"primaryImageOfPage":{"@id":"https:\/\/www.stelvision.com\/astro\/boutique\/coffret-ciel-aux-jumelles\/#primaryimage"},"image":{"@id":"https:\/\/www.stelvision.com\/astro\/boutique\/coffret-ciel-aux-jumelles\/#primaryimage"},"thumbnailUrl":"https:\/\/www.stelvision.com\/astro\/wp-content\/uploads\/2026\/03\/IMG_8608-coffret-composition_HD.webp","datePublished":"2019-03-25T16:15:09+00:00","dateModified":"2026-04-27T00:06:25+00:00","description":"Un beau coffret contenant le guide\u00a0Le Ciel aux jumelles de Bertrand d'Armagnac, et les jumelles 10x50 ST2 id\u00e9ales pour r\u00e9aliser les observations du guide. Le tout \u00e0 un prix optimis\u00e9 !","breadcrumb":{"@id":"https:\/\/www.stelvision.com\/astro\/boutique\/coffret-ciel-aux-jumelles\/#breadcrumb"},"inLanguage":"fr-FR","potentialAction":[{"@type":"ReadAction","target":["https:\/\/www.stelvision.com\/astro\/boutique\/coffret-ciel-aux-jumelles\/"]}]},{"@type":"ImageObject","inLanguage":"fr-FR","@id":"https:\/\/www.stelvision.com\/astro\/boutique\/coffret-ciel-aux-jumelles\/#primaryimage","url":"https:\/\/www.stelvision.com\/astro\/wp-content\/uploads\/2026\/03\/IMG_8608-coffret-composition_HD.webp","contentUrl":"https:\/\/www.stelvision.com\/astro\/wp-content\/uploads\/2026\/03\/IMG_8608-coffret-composition_HD.webp","width":1200,"height":1200,"caption":"visuel produit Coffret Le Ciel aux jumelles, de Stelvision"},{"@type":"BreadcrumbList","@id":"https:\/\/www.stelvision.com\/astro\/boutique\/coffret-ciel-aux-jumelles\/#breadcrumb","itemListElement":[{"@type":"ListItem","position":1,"name":"Accueil","item":"https:\/\/www.stelvision.com\/astro\/"},{"@type":"ListItem","position":2,"name":"La Boutique Stelvision","item":"https:\/\/www.stelvision.com\/astro\/boutique\/"},{"@type":"ListItem","position":3,"name":"Coffret Le Ciel aux jumelles, \u00e9dition 2 originale Stelvision"}]},{"@type":"WebSite","@id":"https:\/\/www.stelvision.com\/astro\/#website","url":"https:\/\/www.stelvision.com\/astro\/","name":"Stelvision","description":"conseils, livres et mat\u00e9riel d&#039;observation du ciel","publisher":{"@id":"https:\/\/www.stelvision.com\/astro\/#organization"},"potentialAction":[{"@type":"SearchAction","target":{"@type":"EntryPoint","urlTemplate":"https:\/\/www.stelvision.com\/astro\/?s={search_term_string}"},"query-input":{"@type":"PropertyValueSpecification","valueRequired":true,"valueName":"search_term_string"}}],"inLanguage":"fr-FR"},{"@type":"Organization","@id":"https:\/\/www.stelvision.com\/astro\/#organization","name":"Stelvision","url":"https:\/\/www.stelvision.com\/astro\/","logo":{"@type":"ImageObject","inLanguage":"fr-FR","@id":"https:\/\/www.stelvision.com\/astro\/#\/schema\/logo\/image\/","url":"https:\/\/www.stelvision.com\/astro\/wp-content\/uploads\/2019\/03\/logo_lisse_bleu_Stelvision_600.png","contentUrl":"https:\/\/www.stelvision.com\/astro\/wp-content\/uploads\/2019\/03\/logo_lisse_bleu_Stelvision_600.png","width":600,"height":277,"caption":"Stelvision"},"image":{"@id":"https:\/\/www.stelvision.com\/astro\/#\/schema\/logo\/image\/"},"sameAs":["https:\/\/www.facebook.com\/people\/Stelvision\/100063368192331\/"]}]}},"_links":{"self":[{"href":"https:\/\/www.stelvision.com\/astro\/wp-json\/wp\/v2\/product\/1465","targetHints":{"allow":["GET"]}}],"collection":[{"href":"https:\/\/www.stelvision.com\/astro\/wp-json\/wp\/v2\/product"}],"about":[{"href":"https:\/\/www.stelvision.com\/astro\/wp-json\/wp\/v2\/types\/product"}],"wp:featuredmedia":[{"embeddable":true,"href":"https:\/\/www.stelvision.com\/astro\/wp-json\/wp\/v2\/media\/74610"}],"wp:attachment":[{"href":"https:\/\/www.stelvision.com\/astro\/wp-json\/wp\/v2\/media?parent=1465"}],"wp:term":[{"taxonomy":"product_brand","embeddable":true,"href":"https:\/\/www.stelvision.com\/astro\/wp-json\/wp\/v2\/product_brand?post=1465"},{"taxonomy":"product_cat","embeddable":true,"href":"https:\/\/www.stelvision.com\/astro\/wp-json\/wp\/v2\/product_cat?post=1465"},{"taxonomy":"product_tag","embeddable":true,"href":"https:\/\/www.stelvision.com\/astro\/wp-json\/wp\/v2\/product_tag?post=1465"}],"curies":[{"name":"wp","href":"https:\/\/api.w.org\/{rel}","templated":true}]}}