{"id":3186,"date":"2019-03-14T18:13:10","date_gmt":"2019-03-14T17:13:10","guid":{"rendered":"https:\/\/www.stelvision.com\/astro\/?post_type=product&#038;p=3186"},"modified":"2026-04-19T08:12:49","modified_gmt":"2026-04-19T06:12:49","slug":"jumelles-10x50-st2","status":"publish","type":"product","link":"https:\/\/www.stelvision.com\/astro\/boutique\/jumelles-10x50-st2\/","title":{"rendered":"Jumelles 10&#215;50 ST2"},"content":{"rendered":"<h2>Des jumelles id\u00e9ales pour l&rsquo;astronomie<\/h2>\n<p><strong>L&rsquo;observation du ciel \u00e9toil\u00e9 aux jumelles est une source d&rsquo;\u00e9merveillement<\/strong>, pour le d\u00e9butant comme pour l&rsquo;astronome amateur confirm\u00e9. <strong>Pour le d\u00e9butant :<\/strong> plut\u00f4t que d&rsquo;acheter d&#8217;embl\u00e9e un t\u00e9lescope qui pourra \u00eatre un peu d\u00e9licat \u00e0 mettre en \u0153uvre et \u00e0 transporter, les jumelles permettent de se familiariser facilement avec le ciel et permettent d\u00e9j\u00e0 des observations passionnantes ! <strong>Pour l&rsquo;amateur confirm\u00e9 :<\/strong>\u00a0les jumelles sont un instrument d&rsquo;appoint tr\u00e8s utilis\u00e9, en compl\u00e9ment d&rsquo;un t\u00e9lescope.<br \/>\nStelvision vous propose ce mod\u00e8le 10&#215;50, un classique de l&rsquo;astronomie. Ces jumelles vous permettront de r\u00e9aliser les observations d\u00e9crites dans le guide Stelvision \u00e0 t\u00e9l\u00e9charger gratuitement (20 fiches d&rsquo;observation), ou dans le livre <a href=\"https:\/\/www.stelvision.com\/astro\/boutique\/guide-le-ciel-aux-jumelles\/\">Le Ciel aux jumelles<\/a> (40 fiches d&rsquo;observation) que vous pouvez acheter s\u00e9par\u00e9ment ou avec ces jumelles dans <a href=\"https:\/\/www.stelvision.com\/astro\/boutique\/coffret-ciel-aux-jumelles\/\">un superbe coffret<\/a>.<\/p>\n<ul>\n<li><strong>Les images sont larges et lumineuses<\/strong> pour une vis\u00e9e facile et des visions c\u00e9lestes spectaculaires (grossissement 10x, diam\u00e8tre objectif 50 mm, champ 6,5\u00b0, prismes \u00ab BAK4 \u00bb).<\/li>\n<li><strong>S\u2019utilise \u00e0 main lev\u00e9e ou sur tr\u00e9pied photo standard<\/strong> gr\u00e2ce \u00e0 <strong>l&rsquo;adaptateur fourni<\/strong> (\u00e9querre m\u00e9tallique).<\/li>\n<li><strong>La garantie de 2 ans<\/strong> est assur\u00e9e par Stelvision.<\/li>\n<\/ul>\n<p><div class=\"stel-collapsible-wrapper\">\t<input id=\"stel-collapsible__uid__1\" class=\"stel-collapsible-toggle\" type=\"checkbox\">\t<label for=\"stel-collapsible__uid__1\" class=\"stel-collapsible-label-toggle\" tabindex=\"0\">Que puis-je observer avec ces jumelles ?\t<\/label>\t<div class=\"stel-collapsible-content\">\t\t<div class=\"stel-collapsible-content-body\"><br \/>\nDes amas d&rsquo;\u00e9toiles, des n\u00e9buleuses, la Lune, des galaxies, et m\u00eame des satellites de Jupiter : vous n&rsquo;imaginez pas tout ce que l&rsquo;on peut voir avec des jumelles 10&#215;50 ! Encore faut-il savoir quoi regarder : c&rsquo;est pourquoi nous fournissons un guide d&rsquo;observation t\u00e9l\u00e9chargeable pour vous accompagner.<\/p>\n<p>Parmi les observations propos\u00e9es :<\/p>\n<ul>\n<li><strong>De grands champs stellaires <\/strong>: ces jumelles donnent acc\u00e8s \u00e0 plus de 600 000 \u00e9toiles, soit 100 fois plus qu&rsquo;\u00e0 l&rsquo;\u0153il nu ! Certaines r\u00e9gions du ciel comme la constellation du Cygne sont particuli\u00e8rement riches en \u00e9toiles et s\u2019y promener par une belle nuit d\u2019\u00e9t\u00e9 est un vrai r\u00e9gal\u2026<\/li>\n<li><strong>Des amas d\u2019\u00e9toiles<\/strong>\u00a0: les Pl\u00e9iades, l\u2019amas d\u2019Hercule, le double-amas de Pers\u00e9e, l\u2019amas de la Cr\u00e8che\u2026<\/li>\n<li><strong>Des n\u00e9buleuses <\/strong>: la n\u00e9buleuse d\u2019Orion en hiver, les n\u00e9buleuses du Sagittaire en \u00e9t\u00e9\u2026<\/li>\n<li><strong>La Lune <\/strong>: en l\u2019observant r\u00e9guli\u00e8rement et attentivement, vous serez surpris de tous les d\u00e9tails que l\u2019on y per\u00e7oit en fonction de ses phases (mers, reliefs, principaux crat\u00e8res).<\/li>\n<li><strong>Les quatre principaux satellites de Jupiter : <\/strong>ils entourent la plan\u00e8te sous la forme de quatre petits points blancs dont la position varie d\u2019un jour \u00e0 l\u2019autre !<\/li>\n<li><strong>Des galaxies <\/strong>: immens\u00e9ment lointaines, \u00e0 des millions d\u2019ann\u00e9es-lumi\u00e8re, certaines sont visibles avec des jumelles (M31, M51\u2026).<\/li>\n<li><strong>Des com\u00e8tes <\/strong>: il arrive r\u00e9guli\u00e8rement (2 \u00e0 3 fois par an) que des com\u00e8tes deviennent visibles aux jumelles lors de leur passage au plus pr\u00e8s de la Terre et du Soleil. Amusez-vous \u00e0 suivre leurs d\u00e9placements parmi les \u00e9toiles !<\/li>\n<\/ul>\n<p>Ces jumelles sont \u00e9galement tr\u00e8s int\u00e9ressantes pour l\u2019observation terrestre en journ\u00e9e (randonn\u00e9e, mer, montagne&#8230;) ou au cr\u00e9puscule.<br \/>\n\t\t<\/div>\t<\/div><\/div><br \/>\n<div class=\"stel-collapsible-wrapper\">\t<input id=\"stel-collapsible__uid__2\" class=\"stel-collapsible-toggle\" type=\"checkbox\">\t<label for=\"stel-collapsible__uid__2\" class=\"stel-collapsible-label-toggle\" tabindex=\"0\">Un grossissement de 10 fois, est-ce suffisant ? Pourquoi ne pas acheter directement un t\u00e9lescope ou une lunette grossissant 200 fois ?\t<\/label>\t<div class=\"stel-collapsible-content\">\t\t<div class=\"stel-collapsible-content-body\"><br \/>\nUn grossissement de 10 fois (10x) permet :<\/p>\n<ul>\n<li>Un <strong>champ de vision large<\/strong> de 6,5\u00b0 (13 fois la taille de la pleine lune) ; un tel champ <strong>facilite beaucoup la vis\u00e9e<\/strong> et donne de magnifiques vues de grandes \u00e9tendues de ciel \u00e9toil\u00e9.<\/li>\n<li>Une <strong>observation \u00e0 main lev\u00e9e<\/strong> ou bien sur un pied photo standard \u00e0 l&rsquo;aide de l&rsquo;adaptateur fourni, selon votre pr\u00e9f\u00e9rence (un montage sur pied photo est utile pour stabiliser parfaitement les jumelles et ainsi acc\u00e9der aux plus fins d\u00e9tails comme des crat\u00e8res sur la Lune).<\/li>\n<\/ul>\n<p><strong>L\u2019astronomie peut \u00eatre pratiqu\u00e9e avec tout type de grossissement<\/strong> : \u00e0 l\u2019\u0153il nu (grossissement 1x), aux jumelles (typiquement entre 7x et 10x), au t\u00e9lescope (entre 50x et 200x le plus souvent). Les jumelles et le t\u00e9lescope sont des instruments compl\u00e9mentaires, il est int\u00e9ressant de poss\u00e9der les deux !<br \/>\n\t\t<\/div>\t<\/div><\/div><br \/>\n<div class=\"stel-collapsible-wrapper\">\t<input id=\"stel-collapsible__uid__3\" class=\"stel-collapsible-toggle\" type=\"checkbox\">\t<label for=\"stel-collapsible__uid__3\" class=\"stel-collapsible-label-toggle\" tabindex=\"0\">Peut-on voir les anneaux de Saturne aux jumelles ?\t<\/label>\t<div class=\"stel-collapsible-content\">\t\t<div class=\"stel-collapsible-content-body\"><br \/>\nPour Saturne, comptez au minimum un grossissement de 40x pour voir les anneaux. Il faut donc un t\u00e9lescope ou une lunette astronomique (voir notre gamme <a href=\"https:\/\/www.stelvision.com\/astro\/produits\/telescopes-lunettes\/\">Stelescope<\/a>).<br \/>\n\t\t<\/div>\t<\/div><\/div><br \/>\n<div class=\"stel-collapsible-wrapper\">\t<input id=\"stel-collapsible__uid__4\" class=\"stel-collapsible-toggle\" type=\"checkbox\">\t<label for=\"stel-collapsible__uid__4\" class=\"stel-collapsible-label-toggle\" tabindex=\"0\">Quel est le niveau de performance et de qualit\u00e9 de ce produit ?\t<\/label>\t<div class=\"stel-collapsible-content\">\t\t<div class=\"stel-collapsible-content-body\"><br \/>\nLa combinaison 10&#215;50 constitue un excellent \u00e9quilibre puissance\/encombrement\/prix. Le diam\u00e8tre de 50 mm procure une <strong>bien meilleure luminosit\u00e9<\/strong> que les 25 mm ou 35 mm des jumelles compactes faites pour \u00eatre utilis\u00e9es en plein jour. De plus, le traitement antireflet multicouches et l&#8217;emploi de prismes en verre BAK4 donnent d&rsquo;excellentes performances en transmission de lumi\u00e8re. Les couleurs sont tr\u00e8s bien restitu\u00e9es. Compar\u00e9 \u00e0 des mod\u00e8les bon march\u00e9 aux performances moindre, ou \u00e0 des mod\u00e8les tr\u00e8s haut de gamme inabordables, celui-ci offre un rapport qualit\u00e9\/prix excellent.<br \/>\n\t\t<\/div>\t<\/div><\/div><br \/>\n<div class=\"stel-collapsible-wrapper\">\t<input id=\"stel-collapsible__uid__5\" class=\"stel-collapsible-toggle\" type=\"checkbox\">\t<label for=\"stel-collapsible__uid__5\" class=\"stel-collapsible-label-toggle\" tabindex=\"0\">Caract\u00e9ristiques techniques\t<\/label>\t<div class=\"stel-collapsible-content\">\t\t<div class=\"stel-collapsible-content-body\"><\/p>\n<table class=\"table table-striped\">\n<tbody>\n<tr>\n<td>Type<\/td>\n<td>Jumelles \u00e0 prismes de Porro (verre BAK4)<\/td>\n<\/tr>\n<tr>\n<td>Grossissement<\/td>\n<td>10x<\/td>\n<\/tr>\n<tr>\n<td>Diam\u00e8tre de l\u2019objectif<\/td>\n<td>50 mm<\/td>\n<\/tr>\n<tr>\n<td>Champ de vision r\u00e9el<\/td>\n<td>6,6\u00b0<\/td>\n<\/tr>\n<tr>\n<td>Champ de vision apparent<\/td>\n<td>66\u00b0<\/td>\n<\/tr>\n<tr>\n<td>Champ de vision \u00e0 1000 m<\/td>\n<td>115 m<\/td>\n<\/tr>\n<tr>\n<td>Pupille de sortie<\/td>\n<td>5 mm<\/td>\n<\/tr>\n<tr>\n<td>Traitement des optiques<\/td>\n<td>Antireflet multicouche, objectif &amp; oculaires<\/td>\n<\/tr>\n<tr>\n<td>Poids<\/td>\n<td>915 g<\/td>\n<\/tr>\n<tr>\n<td colspan=\"2\">Livr\u00e9 avec sacoche, adaptateur pour pied photo standard, chiffonnette, notice en fran\u00e7ais<\/td>\n<\/tr>\n<tr>\n<td colspan=\"2\">Ce mod\u00e8le n&rsquo;est pas \u00e9tanche \u00e0 l&rsquo;eau<\/td>\n<\/tr>\n<\/tbody>\n<\/table>\n<p>\t\t<\/div>\t<\/div><\/div><\/p>\n","protected":false},"excerpt":{"rendered":"<div id=\"jumelles\">Puissantes et offrant une excellente luminosit\u00e9, ces jumelles conviennent parfaitement \u00e0 l&rsquo;observation astronomique et terrestre. \u00c0 utiliser avec notre guide d&rsquo;observation gratuit \u00e0 t\u00e9l\u00e9charger ou avec le livre\u00a0Le Ciel aux jumelles.<\/div>\n","protected":false},"featured_media":65117,"template":"","meta":{"_acf_changed":false},"product_brand":[],"product_cat":[331],"product_tag":[],"class_list":{"0":"post-3186","1":"product","2":"type-product","3":"status-publish","4":"has-post-thumbnail","6":"product_cat-jumelles","7":"product_shipping_class-jumelles-coffret","9":"first","10":"onbackorder","11":"taxable","12":"shipping-taxable","13":"purchasable","14":"product-type-simple"},"acf":[],"yoast_head":"<!-- This site is optimized with the Yoast SEO plugin v27.1.1 - https:\/\/yoast.com\/product\/yoast-seo-wordpress\/ -->\n<title>Jumelles 10x50 ST2<\/title>\n<meta name=\"description\" content=\"Un excellent rapport qualit\u00e9\/prix pour ces\u00a0jumelles 10x50 ST2 Stelvision, lumineuses et parfaitement indiqu\u00e9es pour l&#039;astronomie.\" \/>\n<meta name=\"robots\" content=\"index, follow, max-snippet:-1, max-image-preview:large, max-video-preview:-1\" \/>\n<link rel=\"canonical\" href=\"https:\/\/www.stelvision.com\/astro\/boutique\/jumelles-10x50-st2\/\" \/>\n<meta property=\"og:locale\" content=\"fr_FR\" \/>\n<meta property=\"og:type\" content=\"article\" \/>\n<meta property=\"og:title\" content=\"Jumelles 10x50 ST2\" \/>\n<meta property=\"og:description\" content=\"Un excellent rapport qualit\u00e9\/prix pour ces\u00a0jumelles 10x50 ST2 Stelvision, lumineuses et parfaitement indiqu\u00e9es pour l&#039;astronomie.\" \/>\n<meta property=\"og:url\" content=\"https:\/\/www.stelvision.com\/astro\/boutique\/jumelles-10x50-st2\/\" \/>\n<meta property=\"og:site_name\" content=\"Stelvision\" \/>\n<meta property=\"article:publisher\" content=\"https:\/\/www.facebook.com\/people\/Stelvision\/100063368192331\/\" \/>\n<meta property=\"article:modified_time\" content=\"2026-04-19T06:12:49+00:00\" \/>\n<meta property=\"og:image\" content=\"https:\/\/www.stelvision.com\/astro\/wp-content\/uploads\/2024\/10\/jumelles-Stelvision-ST2-trois-quart-arriere-1024.jpg\" \/>\n\t<meta property=\"og:image:width\" content=\"1024\" \/>\n\t<meta property=\"og:image:height\" content=\"1024\" \/>\n\t<meta property=\"og:image:type\" content=\"image\/jpeg\" \/>\n<meta name=\"twitter:card\" content=\"summary_large_image\" \/>\n<meta name=\"twitter:label1\" content=\"Dur\u00e9e de lecture estim\u00e9e\" \/>\n\t<meta name=\"twitter:data1\" content=\"5 minutes\" \/>\n<script type=\"application\/ld+json\" class=\"yoast-schema-graph\">{\"@context\":\"https:\/\/schema.org\",\"@graph\":[{\"@type\":\"WebPage\",\"@id\":\"https:\/\/www.stelvision.com\/astro\/boutique\/jumelles-10x50-st2\/\",\"url\":\"https:\/\/www.stelvision.com\/astro\/boutique\/jumelles-10x50-st2\/\",\"name\":\"Jumelles 10x50 ST2\",\"isPartOf\":{\"@id\":\"https:\/\/www.stelvision.com\/astro\/#website\"},\"primaryImageOfPage\":{\"@id\":\"https:\/\/www.stelvision.com\/astro\/boutique\/jumelles-10x50-st2\/#primaryimage\"},\"image\":{\"@id\":\"https:\/\/www.stelvision.com\/astro\/boutique\/jumelles-10x50-st2\/#primaryimage\"},\"thumbnailUrl\":\"https:\/\/www.stelvision.com\/astro\/wp-content\/uploads\/2024\/10\/jumelles-Stelvision-ST2-trois-quart-arriere-1024.jpg\",\"datePublished\":\"2019-03-14T17:13:10+00:00\",\"dateModified\":\"2026-04-19T06:12:49+00:00\",\"description\":\"Un excellent rapport qualit\u00e9\/prix pour ces\u00a0jumelles 10x50 ST2 Stelvision, lumineuses et parfaitement indiqu\u00e9es pour l'astronomie.\",\"breadcrumb\":{\"@id\":\"https:\/\/www.stelvision.com\/astro\/boutique\/jumelles-10x50-st2\/#breadcrumb\"},\"inLanguage\":\"fr-FR\",\"potentialAction\":[{\"@type\":\"ReadAction\",\"target\":[\"https:\/\/www.stelvision.com\/astro\/boutique\/jumelles-10x50-st2\/\"]}]},{\"@type\":\"ImageObject\",\"inLanguage\":\"fr-FR\",\"@id\":\"https:\/\/www.stelvision.com\/astro\/boutique\/jumelles-10x50-st2\/#primaryimage\",\"url\":\"https:\/\/www.stelvision.com\/astro\/wp-content\/uploads\/2024\/10\/jumelles-Stelvision-ST2-trois-quart-arriere-1024.jpg\",\"contentUrl\":\"https:\/\/www.stelvision.com\/astro\/wp-content\/uploads\/2024\/10\/jumelles-Stelvision-ST2-trois-quart-arriere-1024.jpg\",\"width\":1024,\"height\":1024,\"caption\":\"visuel jumelles Stelvision 10x50 ST2 vues de trois-quarts arriere\"},{\"@type\":\"BreadcrumbList\",\"@id\":\"https:\/\/www.stelvision.com\/astro\/boutique\/jumelles-10x50-st2\/#breadcrumb\",\"itemListElement\":[{\"@type\":\"ListItem\",\"position\":1,\"name\":\"Accueil\",\"item\":\"https:\/\/www.stelvision.com\/astro\/\"},{\"@type\":\"ListItem\",\"position\":2,\"name\":\"La Boutique Stelvision\",\"item\":\"https:\/\/www.stelvision.com\/astro\/boutique\/\"},{\"@type\":\"ListItem\",\"position\":3,\"name\":\"Jumelles 10&#215;50 ST2\"}]},{\"@type\":\"WebSite\",\"@id\":\"https:\/\/www.stelvision.com\/astro\/#website\",\"url\":\"https:\/\/www.stelvision.com\/astro\/\",\"name\":\"Stelvision\",\"description\":\"conseils, livres et mat\u00e9riel d&#039;observation du ciel\",\"publisher\":{\"@id\":\"https:\/\/www.stelvision.com\/astro\/#organization\"},\"potentialAction\":[{\"@type\":\"SearchAction\",\"target\":{\"@type\":\"EntryPoint\",\"urlTemplate\":\"https:\/\/www.stelvision.com\/astro\/?s={search_term_string}\"},\"query-input\":{\"@type\":\"PropertyValueSpecification\",\"valueRequired\":true,\"valueName\":\"search_term_string\"}}],\"inLanguage\":\"fr-FR\"},{\"@type\":\"Organization\",\"@id\":\"https:\/\/www.stelvision.com\/astro\/#organization\",\"name\":\"Stelvision\",\"url\":\"https:\/\/www.stelvision.com\/astro\/\",\"logo\":{\"@type\":\"ImageObject\",\"inLanguage\":\"fr-FR\",\"@id\":\"https:\/\/www.stelvision.com\/astro\/#\/schema\/logo\/image\/\",\"url\":\"https:\/\/www.stelvision.com\/astro\/wp-content\/uploads\/2019\/03\/logo_lisse_bleu_Stelvision_600.png\",\"contentUrl\":\"https:\/\/www.stelvision.com\/astro\/wp-content\/uploads\/2019\/03\/logo_lisse_bleu_Stelvision_600.png\",\"width\":600,\"height\":277,\"caption\":\"Stelvision\"},\"image\":{\"@id\":\"https:\/\/www.stelvision.com\/astro\/#\/schema\/logo\/image\/\"},\"sameAs\":[\"https:\/\/www.facebook.com\/people\/Stelvision\/100063368192331\/\"]}]}<\/script>\n<!-- \/ Yoast SEO plugin. -->","yoast_head_json":{"title":"Jumelles 10x50 ST2","description":"Un excellent rapport qualit\u00e9\/prix pour ces\u00a0jumelles 10x50 ST2 Stelvision, lumineuses et parfaitement indiqu\u00e9es pour l'astronomie.","robots":{"index":"index","follow":"follow","max-snippet":"max-snippet:-1","max-image-preview":"max-image-preview:large","max-video-preview":"max-video-preview:-1"},"canonical":"https:\/\/www.stelvision.com\/astro\/boutique\/jumelles-10x50-st2\/","og_locale":"fr_FR","og_type":"article","og_title":"Jumelles 10x50 ST2","og_description":"Un excellent rapport qualit\u00e9\/prix pour ces\u00a0jumelles 10x50 ST2 Stelvision, lumineuses et parfaitement indiqu\u00e9es pour l'astronomie.","og_url":"https:\/\/www.stelvision.com\/astro\/boutique\/jumelles-10x50-st2\/","og_site_name":"Stelvision","article_publisher":"https:\/\/www.facebook.com\/people\/Stelvision\/100063368192331\/","article_modified_time":"2026-04-19T06:12:49+00:00","og_image":[{"width":1024,"height":1024,"url":"https:\/\/www.stelvision.com\/astro\/wp-content\/uploads\/2024\/10\/jumelles-Stelvision-ST2-trois-quart-arriere-1024.jpg","type":"image\/jpeg"}],"twitter_card":"summary_large_image","twitter_misc":{"Dur\u00e9e de lecture estim\u00e9e":"5 minutes"},"schema":{"@context":"https:\/\/schema.org","@graph":[{"@type":"WebPage","@id":"https:\/\/www.stelvision.com\/astro\/boutique\/jumelles-10x50-st2\/","url":"https:\/\/www.stelvision.com\/astro\/boutique\/jumelles-10x50-st2\/","name":"Jumelles 10x50 ST2","isPartOf":{"@id":"https:\/\/www.stelvision.com\/astro\/#website"},"primaryImageOfPage":{"@id":"https:\/\/www.stelvision.com\/astro\/boutique\/jumelles-10x50-st2\/#primaryimage"},"image":{"@id":"https:\/\/www.stelvision.com\/astro\/boutique\/jumelles-10x50-st2\/#primaryimage"},"thumbnailUrl":"https:\/\/www.stelvision.com\/astro\/wp-content\/uploads\/2024\/10\/jumelles-Stelvision-ST2-trois-quart-arriere-1024.jpg","datePublished":"2019-03-14T17:13:10+00:00","dateModified":"2026-04-19T06:12:49+00:00","description":"Un excellent rapport qualit\u00e9\/prix pour ces\u00a0jumelles 10x50 ST2 Stelvision, lumineuses et parfaitement indiqu\u00e9es pour l'astronomie.","breadcrumb":{"@id":"https:\/\/www.stelvision.com\/astro\/boutique\/jumelles-10x50-st2\/#breadcrumb"},"inLanguage":"fr-FR","potentialAction":[{"@type":"ReadAction","target":["https:\/\/www.stelvision.com\/astro\/boutique\/jumelles-10x50-st2\/"]}]},{"@type":"ImageObject","inLanguage":"fr-FR","@id":"https:\/\/www.stelvision.com\/astro\/boutique\/jumelles-10x50-st2\/#primaryimage","url":"https:\/\/www.stelvision.com\/astro\/wp-content\/uploads\/2024\/10\/jumelles-Stelvision-ST2-trois-quart-arriere-1024.jpg","contentUrl":"https:\/\/www.stelvision.com\/astro\/wp-content\/uploads\/2024\/10\/jumelles-Stelvision-ST2-trois-quart-arriere-1024.jpg","width":1024,"height":1024,"caption":"visuel jumelles Stelvision 10x50 ST2 vues de trois-quarts arriere"},{"@type":"BreadcrumbList","@id":"https:\/\/www.stelvision.com\/astro\/boutique\/jumelles-10x50-st2\/#breadcrumb","itemListElement":[{"@type":"ListItem","position":1,"name":"Accueil","item":"https:\/\/www.stelvision.com\/astro\/"},{"@type":"ListItem","position":2,"name":"La Boutique Stelvision","item":"https:\/\/www.stelvision.com\/astro\/boutique\/"},{"@type":"ListItem","position":3,"name":"Jumelles 10&#215;50 ST2"}]},{"@type":"WebSite","@id":"https:\/\/www.stelvision.com\/astro\/#website","url":"https:\/\/www.stelvision.com\/astro\/","name":"Stelvision","description":"conseils, livres et mat\u00e9riel d&#039;observation du ciel","publisher":{"@id":"https:\/\/www.stelvision.com\/astro\/#organization"},"potentialAction":[{"@type":"SearchAction","target":{"@type":"EntryPoint","urlTemplate":"https:\/\/www.stelvision.com\/astro\/?s={search_term_string}"},"query-input":{"@type":"PropertyValueSpecification","valueRequired":true,"valueName":"search_term_string"}}],"inLanguage":"fr-FR"},{"@type":"Organization","@id":"https:\/\/www.stelvision.com\/astro\/#organization","name":"Stelvision","url":"https:\/\/www.stelvision.com\/astro\/","logo":{"@type":"ImageObject","inLanguage":"fr-FR","@id":"https:\/\/www.stelvision.com\/astro\/#\/schema\/logo\/image\/","url":"https:\/\/www.stelvision.com\/astro\/wp-content\/uploads\/2019\/03\/logo_lisse_bleu_Stelvision_600.png","contentUrl":"https:\/\/www.stelvision.com\/astro\/wp-content\/uploads\/2019\/03\/logo_lisse_bleu_Stelvision_600.png","width":600,"height":277,"caption":"Stelvision"},"image":{"@id":"https:\/\/www.stelvision.com\/astro\/#\/schema\/logo\/image\/"},"sameAs":["https:\/\/www.facebook.com\/people\/Stelvision\/100063368192331\/"]}]}},"_links":{"self":[{"href":"https:\/\/www.stelvision.com\/astro\/wp-json\/wp\/v2\/product\/3186","targetHints":{"allow":["GET"]}}],"collection":[{"href":"https:\/\/www.stelvision.com\/astro\/wp-json\/wp\/v2\/product"}],"about":[{"href":"https:\/\/www.stelvision.com\/astro\/wp-json\/wp\/v2\/types\/product"}],"wp:featuredmedia":[{"embeddable":true,"href":"https:\/\/www.stelvision.com\/astro\/wp-json\/wp\/v2\/media\/65117"}],"wp:attachment":[{"href":"https:\/\/www.stelvision.com\/astro\/wp-json\/wp\/v2\/media?parent=3186"}],"wp:term":[{"taxonomy":"product_brand","embeddable":true,"href":"https:\/\/www.stelvision.com\/astro\/wp-json\/wp\/v2\/product_brand?post=3186"},{"taxonomy":"product_cat","embeddable":true,"href":"https:\/\/www.stelvision.com\/astro\/wp-json\/wp\/v2\/product_cat?post=3186"},{"taxonomy":"product_tag","embeddable":true,"href":"https:\/\/www.stelvision.com\/astro\/wp-json\/wp\/v2\/product_tag?post=3186"}],"curies":[{"name":"wp","href":"https:\/\/api.w.org\/{rel}","templated":true}]}}