{"id":32416,"date":"2021-03-10T17:21:07","date_gmt":"2021-03-10T16:21:07","guid":{"rendered":"https:\/\/www.stelvision.com\/astro\/?post_type=product&#038;p=32416"},"modified":"2026-04-10T16:32:02","modified_gmt":"2026-04-10T14:32:02","slug":"sac-de-transport-pour-lunette-ou-petit-telescope","status":"publish","type":"product","link":"https:\/\/www.stelvision.com\/astro\/boutique\/sac-de-transport-pour-lunette-ou-petit-telescope\/","title":{"rendered":"[-30%] Sac de transport pour petit t\u00e9lescope (STELESCOPE 70 ou autre)"},"content":{"rendered":"<div id=\"end-telescopes\"><\/div>\n<p>Ce sac est parfait pour transporter votre Stelescope 70 (ou autre lunette ou petit t\u00e9lescope) en toute s\u00e9curit\u00e9. Et pour qu&rsquo;il soit encore plus pratique, nous avons int\u00e9gr\u00e9 des bords r\u00e9fl\u00e9chissants pour vous aider \u00e0 le retrouver dans l&rsquo;obscurit\u00e9 !<\/p>\n<p>Compartimentage rembourr\u00e9 avec mousse 5 mm pour monture, tr\u00e9pied et tube.<br \/>\nDimensions ext\u00e9rieures : 100 x 34 x 25 cm.<br \/>\nTextile ext\u00e9rieur : polyester imperm\u00e9able. Textile int\u00e9rieur : microfibre.<\/p>\n<p>Convient pour :<br \/>\n&#8211; lunette Stelescope 70<br \/>\n&#8211; autres lunettes jusqu&rsquo;\u00e0 90\/900 EQ2<br \/>\n&#8211; petits t\u00e9lescopes Newton jusqu&rsquo;\u00e0 130\/900 EQ2 (cependant pour le Stelescope 130 nous recommandons un transport en 2 sacs pour plus de protection et de confort : voyez nos sacs sp\u00e9ciaux pour <a href=\"https:\/\/www.stelvision.com\/astro\/boutique\/sac-de-transport-pour-tube-optique-de-telescope-130-650-stelescope-130-ou-equivalent\/\">tube optique<\/a> et pour <a href=\"https:\/\/www.stelvision.com\/astro\/boutique\/sac-de-transport-pour-trepied-et-monture-de-telescope-stelescope-130-ou-equivalent\/\">monture\/tr\u00e9pied<\/a>).<\/p>\n<p>Produit fabriqu\u00e9 en Europe pour Stelvision.<\/p>\n","protected":false},"excerpt":{"rendered":"<p>Ce sac rembourr\u00e9 est parfait pour transporter votre Stelescope 70 ou un autre instrument de dimensions similaires en toute s\u00e9curit\u00e9.<\/p>\n","protected":false},"featured_media":32705,"template":"","meta":{"_acf_changed":false},"product_brand":[],"product_cat":[127,367,377],"product_tag":[369],"class_list":{"0":"post-32416","1":"product","2":"type-product","3":"status-publish","4":"has-post-thumbnail","6":"product_cat-telescopes-lunettes","7":"product_cat-sacs-de-transport","8":"product_cat-soldes","9":"product_tag--notre-selection-pour-lete","10":"product_shipping_class-sac","12":"first","13":"instock","14":"sale","15":"taxable","16":"shipping-taxable","17":"purchasable","18":"product-type-simple"},"acf":[],"yoast_head":"<!-- This site is optimized with the Yoast SEO plugin v27.1.1 - https:\/\/yoast.com\/product\/yoast-seo-wordpress\/ -->\n<title>[-30%] Sac de transport pour petit t\u00e9lescope (STELESCOPE 70 ou autre)<\/title>\n<meta name=\"description\" content=\"Ce sac rembourr\u00e9 est parfait pour transporter votre Stelescope 70 ou un autre instrument de dimensions similaires en toute s\u00e9curit\u00e9.\" \/>\n<meta name=\"robots\" content=\"index, follow, max-snippet:-1, max-image-preview:large, max-video-preview:-1\" \/>\n<link rel=\"canonical\" href=\"https:\/\/www.stelvision.com\/astro\/boutique\/sac-de-transport-pour-lunette-ou-petit-telescope\/\" \/>\n<meta property=\"og:locale\" content=\"fr_FR\" \/>\n<meta property=\"og:type\" content=\"article\" \/>\n<meta property=\"og:title\" content=\"[-30%] Sac de transport pour petit t\u00e9lescope (STELESCOPE 70 ou autre)\" \/>\n<meta property=\"og:description\" content=\"Ce sac rembourr\u00e9 est parfait pour transporter votre Stelescope 70 ou un autre instrument de dimensions similaires en toute s\u00e9curit\u00e9.\" \/>\n<meta property=\"og:url\" content=\"https:\/\/www.stelvision.com\/astro\/boutique\/sac-de-transport-pour-lunette-ou-petit-telescope\/\" \/>\n<meta property=\"og:site_name\" content=\"Stelvision\" \/>\n<meta property=\"article:publisher\" content=\"https:\/\/www.facebook.com\/people\/Stelvision\/100063368192331\/\" \/>\n<meta property=\"article:modified_time\" content=\"2026-04-10T14:32:02+00:00\" \/>\n<meta property=\"og:image\" content=\"https:\/\/www.stelvision.com\/astro\/wp-content\/uploads\/2021\/03\/01_ST70_0156_carre.jpg\" \/>\n\t<meta property=\"og:image:width\" content=\"1024\" \/>\n\t<meta property=\"og:image:height\" content=\"1024\" \/>\n\t<meta property=\"og:image:type\" content=\"image\/jpeg\" \/>\n<meta name=\"twitter:card\" content=\"summary_large_image\" \/>\n<meta name=\"twitter:label1\" content=\"Dur\u00e9e de lecture estim\u00e9e\" \/>\n\t<meta name=\"twitter:data1\" content=\"1 minute\" \/>\n<script type=\"application\/ld+json\" class=\"yoast-schema-graph\">{\"@context\":\"https:\/\/schema.org\",\"@graph\":[{\"@type\":\"WebPage\",\"@id\":\"https:\/\/www.stelvision.com\/astro\/boutique\/sac-de-transport-pour-lunette-ou-petit-telescope\/\",\"url\":\"https:\/\/www.stelvision.com\/astro\/boutique\/sac-de-transport-pour-lunette-ou-petit-telescope\/\",\"name\":\"[-30%] Sac de transport pour petit t\u00e9lescope (STELESCOPE 70 ou autre)\",\"isPartOf\":{\"@id\":\"https:\/\/www.stelvision.com\/astro\/#website\"},\"primaryImageOfPage\":{\"@id\":\"https:\/\/www.stelvision.com\/astro\/boutique\/sac-de-transport-pour-lunette-ou-petit-telescope\/#primaryimage\"},\"image\":{\"@id\":\"https:\/\/www.stelvision.com\/astro\/boutique\/sac-de-transport-pour-lunette-ou-petit-telescope\/#primaryimage\"},\"thumbnailUrl\":\"https:\/\/www.stelvision.com\/astro\/wp-content\/uploads\/2021\/03\/01_ST70_0156_carre.jpg\",\"datePublished\":\"2021-03-10T16:21:07+00:00\",\"dateModified\":\"2026-04-10T14:32:02+00:00\",\"description\":\"Ce sac rembourr\u00e9 est parfait pour transporter votre Stelescope 70 ou un autre instrument de dimensions similaires en toute s\u00e9curit\u00e9.\",\"breadcrumb\":{\"@id\":\"https:\/\/www.stelvision.com\/astro\/boutique\/sac-de-transport-pour-lunette-ou-petit-telescope\/#breadcrumb\"},\"inLanguage\":\"fr-FR\",\"potentialAction\":[{\"@type\":\"ReadAction\",\"target\":[\"https:\/\/www.stelvision.com\/astro\/boutique\/sac-de-transport-pour-lunette-ou-petit-telescope\/\"]}]},{\"@type\":\"ImageObject\",\"inLanguage\":\"fr-FR\",\"@id\":\"https:\/\/www.stelvision.com\/astro\/boutique\/sac-de-transport-pour-lunette-ou-petit-telescope\/#primaryimage\",\"url\":\"https:\/\/www.stelvision.com\/astro\/wp-content\/uploads\/2021\/03\/01_ST70_0156_carre.jpg\",\"contentUrl\":\"https:\/\/www.stelvision.com\/astro\/wp-content\/uploads\/2021\/03\/01_ST70_0156_carre.jpg\",\"width\":1024,\"height\":1024},{\"@type\":\"BreadcrumbList\",\"@id\":\"https:\/\/www.stelvision.com\/astro\/boutique\/sac-de-transport-pour-lunette-ou-petit-telescope\/#breadcrumb\",\"itemListElement\":[{\"@type\":\"ListItem\",\"position\":1,\"name\":\"Accueil\",\"item\":\"https:\/\/www.stelvision.com\/astro\/\"},{\"@type\":\"ListItem\",\"position\":2,\"name\":\"La Boutique Stelvision\",\"item\":\"https:\/\/www.stelvision.com\/astro\/boutique\/\"},{\"@type\":\"ListItem\",\"position\":3,\"name\":\"[-30%] Sac de transport pour petit t\u00e9lescope (STELESCOPE 70 ou autre)\"}]},{\"@type\":\"WebSite\",\"@id\":\"https:\/\/www.stelvision.com\/astro\/#website\",\"url\":\"https:\/\/www.stelvision.com\/astro\/\",\"name\":\"Stelvision\",\"description\":\"conseils, livres et mat\u00e9riel d&#039;observation du ciel\",\"publisher\":{\"@id\":\"https:\/\/www.stelvision.com\/astro\/#organization\"},\"potentialAction\":[{\"@type\":\"SearchAction\",\"target\":{\"@type\":\"EntryPoint\",\"urlTemplate\":\"https:\/\/www.stelvision.com\/astro\/?s={search_term_string}\"},\"query-input\":{\"@type\":\"PropertyValueSpecification\",\"valueRequired\":true,\"valueName\":\"search_term_string\"}}],\"inLanguage\":\"fr-FR\"},{\"@type\":\"Organization\",\"@id\":\"https:\/\/www.stelvision.com\/astro\/#organization\",\"name\":\"Stelvision\",\"url\":\"https:\/\/www.stelvision.com\/astro\/\",\"logo\":{\"@type\":\"ImageObject\",\"inLanguage\":\"fr-FR\",\"@id\":\"https:\/\/www.stelvision.com\/astro\/#\/schema\/logo\/image\/\",\"url\":\"https:\/\/www.stelvision.com\/astro\/wp-content\/uploads\/2019\/03\/logo_lisse_bleu_Stelvision_600.png\",\"contentUrl\":\"https:\/\/www.stelvision.com\/astro\/wp-content\/uploads\/2019\/03\/logo_lisse_bleu_Stelvision_600.png\",\"width\":600,\"height\":277,\"caption\":\"Stelvision\"},\"image\":{\"@id\":\"https:\/\/www.stelvision.com\/astro\/#\/schema\/logo\/image\/\"},\"sameAs\":[\"https:\/\/www.facebook.com\/people\/Stelvision\/100063368192331\/\"]}]}<\/script>\n<!-- \/ Yoast SEO plugin. -->","yoast_head_json":{"title":"[-30%] Sac de transport pour petit t\u00e9lescope (STELESCOPE 70 ou autre)","description":"Ce sac rembourr\u00e9 est parfait pour transporter votre Stelescope 70 ou un autre instrument de dimensions similaires en toute s\u00e9curit\u00e9.","robots":{"index":"index","follow":"follow","max-snippet":"max-snippet:-1","max-image-preview":"max-image-preview:large","max-video-preview":"max-video-preview:-1"},"canonical":"https:\/\/www.stelvision.com\/astro\/boutique\/sac-de-transport-pour-lunette-ou-petit-telescope\/","og_locale":"fr_FR","og_type":"article","og_title":"[-30%] Sac de transport pour petit t\u00e9lescope (STELESCOPE 70 ou autre)","og_description":"Ce sac rembourr\u00e9 est parfait pour transporter votre Stelescope 70 ou un autre instrument de dimensions similaires en toute s\u00e9curit\u00e9.","og_url":"https:\/\/www.stelvision.com\/astro\/boutique\/sac-de-transport-pour-lunette-ou-petit-telescope\/","og_site_name":"Stelvision","article_publisher":"https:\/\/www.facebook.com\/people\/Stelvision\/100063368192331\/","article_modified_time":"2026-04-10T14:32:02+00:00","og_image":[{"width":1024,"height":1024,"url":"https:\/\/www.stelvision.com\/astro\/wp-content\/uploads\/2021\/03\/01_ST70_0156_carre.jpg","type":"image\/jpeg"}],"twitter_card":"summary_large_image","twitter_misc":{"Dur\u00e9e de lecture estim\u00e9e":"1 minute"},"schema":{"@context":"https:\/\/schema.org","@graph":[{"@type":"WebPage","@id":"https:\/\/www.stelvision.com\/astro\/boutique\/sac-de-transport-pour-lunette-ou-petit-telescope\/","url":"https:\/\/www.stelvision.com\/astro\/boutique\/sac-de-transport-pour-lunette-ou-petit-telescope\/","name":"[-30%] Sac de transport pour petit t\u00e9lescope (STELESCOPE 70 ou autre)","isPartOf":{"@id":"https:\/\/www.stelvision.com\/astro\/#website"},"primaryImageOfPage":{"@id":"https:\/\/www.stelvision.com\/astro\/boutique\/sac-de-transport-pour-lunette-ou-petit-telescope\/#primaryimage"},"image":{"@id":"https:\/\/www.stelvision.com\/astro\/boutique\/sac-de-transport-pour-lunette-ou-petit-telescope\/#primaryimage"},"thumbnailUrl":"https:\/\/www.stelvision.com\/astro\/wp-content\/uploads\/2021\/03\/01_ST70_0156_carre.jpg","datePublished":"2021-03-10T16:21:07+00:00","dateModified":"2026-04-10T14:32:02+00:00","description":"Ce sac rembourr\u00e9 est parfait pour transporter votre Stelescope 70 ou un autre instrument de dimensions similaires en toute s\u00e9curit\u00e9.","breadcrumb":{"@id":"https:\/\/www.stelvision.com\/astro\/boutique\/sac-de-transport-pour-lunette-ou-petit-telescope\/#breadcrumb"},"inLanguage":"fr-FR","potentialAction":[{"@type":"ReadAction","target":["https:\/\/www.stelvision.com\/astro\/boutique\/sac-de-transport-pour-lunette-ou-petit-telescope\/"]}]},{"@type":"ImageObject","inLanguage":"fr-FR","@id":"https:\/\/www.stelvision.com\/astro\/boutique\/sac-de-transport-pour-lunette-ou-petit-telescope\/#primaryimage","url":"https:\/\/www.stelvision.com\/astro\/wp-content\/uploads\/2021\/03\/01_ST70_0156_carre.jpg","contentUrl":"https:\/\/www.stelvision.com\/astro\/wp-content\/uploads\/2021\/03\/01_ST70_0156_carre.jpg","width":1024,"height":1024},{"@type":"BreadcrumbList","@id":"https:\/\/www.stelvision.com\/astro\/boutique\/sac-de-transport-pour-lunette-ou-petit-telescope\/#breadcrumb","itemListElement":[{"@type":"ListItem","position":1,"name":"Accueil","item":"https:\/\/www.stelvision.com\/astro\/"},{"@type":"ListItem","position":2,"name":"La Boutique Stelvision","item":"https:\/\/www.stelvision.com\/astro\/boutique\/"},{"@type":"ListItem","position":3,"name":"[-30%] Sac de transport pour petit t\u00e9lescope (STELESCOPE 70 ou autre)"}]},{"@type":"WebSite","@id":"https:\/\/www.stelvision.com\/astro\/#website","url":"https:\/\/www.stelvision.com\/astro\/","name":"Stelvision","description":"conseils, livres et mat\u00e9riel d&#039;observation du ciel","publisher":{"@id":"https:\/\/www.stelvision.com\/astro\/#organization"},"potentialAction":[{"@type":"SearchAction","target":{"@type":"EntryPoint","urlTemplate":"https:\/\/www.stelvision.com\/astro\/?s={search_term_string}"},"query-input":{"@type":"PropertyValueSpecification","valueRequired":true,"valueName":"search_term_string"}}],"inLanguage":"fr-FR"},{"@type":"Organization","@id":"https:\/\/www.stelvision.com\/astro\/#organization","name":"Stelvision","url":"https:\/\/www.stelvision.com\/astro\/","logo":{"@type":"ImageObject","inLanguage":"fr-FR","@id":"https:\/\/www.stelvision.com\/astro\/#\/schema\/logo\/image\/","url":"https:\/\/www.stelvision.com\/astro\/wp-content\/uploads\/2019\/03\/logo_lisse_bleu_Stelvision_600.png","contentUrl":"https:\/\/www.stelvision.com\/astro\/wp-content\/uploads\/2019\/03\/logo_lisse_bleu_Stelvision_600.png","width":600,"height":277,"caption":"Stelvision"},"image":{"@id":"https:\/\/www.stelvision.com\/astro\/#\/schema\/logo\/image\/"},"sameAs":["https:\/\/www.facebook.com\/people\/Stelvision\/100063368192331\/"]}]}},"_links":{"self":[{"href":"https:\/\/www.stelvision.com\/astro\/wp-json\/wp\/v2\/product\/32416","targetHints":{"allow":["GET"]}}],"collection":[{"href":"https:\/\/www.stelvision.com\/astro\/wp-json\/wp\/v2\/product"}],"about":[{"href":"https:\/\/www.stelvision.com\/astro\/wp-json\/wp\/v2\/types\/product"}],"wp:featuredmedia":[{"embeddable":true,"href":"https:\/\/www.stelvision.com\/astro\/wp-json\/wp\/v2\/media\/32705"}],"wp:attachment":[{"href":"https:\/\/www.stelvision.com\/astro\/wp-json\/wp\/v2\/media?parent=32416"}],"wp:term":[{"taxonomy":"product_brand","embeddable":true,"href":"https:\/\/www.stelvision.com\/astro\/wp-json\/wp\/v2\/product_brand?post=32416"},{"taxonomy":"product_cat","embeddable":true,"href":"https:\/\/www.stelvision.com\/astro\/wp-json\/wp\/v2\/product_cat?post=32416"},{"taxonomy":"product_tag","embeddable":true,"href":"https:\/\/www.stelvision.com\/astro\/wp-json\/wp\/v2\/product_tag?post=32416"}],"curies":[{"name":"wp","href":"https:\/\/api.w.org\/{rel}","templated":true}]}}