{"id":35532,"date":"2021-07-06T17:46:40","date_gmt":"2021-07-06T15:46:40","guid":{"rendered":"https:\/\/www.stelvision.com\/astro\/?post_type=product&#038;p=35532"},"modified":"2026-05-05T09:49:31","modified_gmt":"2026-05-05T07:49:31","slug":"le-ciel-au-telescope","status":"publish","type":"product","link":"https:\/\/www.stelvision.com\/astro\/boutique\/le-ciel-au-telescope\/","title":{"rendered":"Le Ciel au t\u00e9lescope &#8211; 110 observations essentielles \u00e0 faire avec votre instrument"},"content":{"rendered":"<p><span class=\"color2\">\u00a0D\u00e9j\u00e0 20 000 exemplaires vendus !\u00a0<\/span><br \/>\nVous disposez d&rsquo;un t\u00e9lescope ou d&rsquo;une lunette astronomique ? Voil\u00e0 qui est parfait pour d\u00e9couvrir les merveilles du ciel \u00e9toil\u00e9, notamment celles insoup\u00e7onnables \u00e0 l\u2019\u0153il nu&#8230; \u00e0 condition de savoir o\u00f9 chercher !<\/p>\n<p><strong>Comment r\u00e9ussir ses observations ?<\/strong><br \/>\n<strong>Quels sont les \u00ab classiques cosmiques \u00bb \u00e0 ne pas manquer ?<\/strong><br \/>\n<strong>Comment les trouver en cheminant parmi les \u00e9toiles ?<\/strong><\/p>\n<p>\u00c9crit par deux passionn\u00e9s d\u2019astronomie, ce guide pratique donne toutes les cl\u00e9s pour r\u00e9ussir vos observations avec votre t\u00e9lescope ou votre lunette, que vous soyez d\u00e9butant ou de niveau interm\u00e9diaire. Ses <strong>75 fiches d\u2019observation<\/strong> r\u00e9unissent plus d\u2019une centaine d\u2019objets c\u00e9lestes \u00e0 d\u00e9couvrir pas \u00e0 pas, aussi bien dans le <strong>Syst\u00e8me solaire<\/strong> que dans le <strong>ciel profond<\/strong>. Un soin particulier a \u00e9t\u00e9 apport\u00e9 aux <strong>cartes<\/strong>, claires et pr\u00e9cises, pour permettre \u00e0 chacun de trouver facilement son chemin vers les cibles propos\u00e9es. <strong>Ce guide de r\u00e9f\u00e9rence est le compl\u00e9ment indispensable de votre t\u00e9lescope !<\/strong><\/p>\n<ul>\n<li><strong>Toutes les notions essentielles pour d\u00e9buter<\/strong><\/li>\n<li><strong>Des pictos pour choisir son niveau de difficult\u00e9 d\u2019un seul coup d\u2019oeil<\/strong><\/li>\n<li><strong>Des cartes pr\u00e9cises et faciles \u00e0 comprendre<\/strong><\/li>\n<li><strong>Un format pratique pour une utilisation sur le terrain<\/strong><\/li>\n<\/ul>\n<p>Observations r\u00e9alisables depuis l\u2019<strong>h\u00e9misph\u00e8re nord<\/strong> avec <strong>tout t\u00e9lescope ou lunette<\/strong>, d\u00e8s 60 mm de diam\u00e8tre.<\/p>\n<div style=\"border-top: solid 1px; border-bottom: solid 1px; padding: 3px; margin-bottom: 1em;\"><small>de Carine Souplet et Bertrand d&rsquo;Armagnac | 17,5 x 23 cm, 208 pages, reliure spirale<br \/>\n\u00e9ditions Stelvision | parution 9 septembre 2021 | ISBN : 978-2-9563417-4-1<\/small><\/div>\n<p><small><strong>Carine Souplet<\/strong> observe le ciel depuis l\u2019enfance, avec une pr\u00e9dilection pour le ciel profond et le dessin astronomique. Habitu\u00e9e \u00e0 animer des ateliers pratiques d\u2019observation, elle sait transmettre ses connaissances en la mati\u00e8re aux petits et grands. Elle a d\u2019ailleurs travaill\u00e9 10 ans pour le mensuel <em>Astronomie Magazine<\/em>. Elle poursuit aujourd\u2019hui sa passion chez Stelvision, dont elle r\u00e9dige la plupart des articles d\u2019astronomie pratique. <a href=\"https:\/\/www.stelvision.com\/astro\/jai-voulu-donner-envie-au-lecteur-de-se-lancer-grace-a-ce-guide\/\">Lisez l&rsquo;interview publi\u00e9e \u00e0 l&rsquo;occasion de la sortie du livre<\/a>.<br \/>\n<strong>Bertrand d\u2019Armagnac<\/strong> est un passionn\u00e9 d\u2019astronomie depuis toujours. Apr\u00e8s une premi\u00e8re carri\u00e8re comme ing\u00e9nieur spatial, il a cr\u00e9\u00e9 le site d\u2019information stelvision.com et publi\u00e9 les premiers ouvrages Stelvision en s\u2019appuyant sur son exp\u00e9rience d\u2019observateur et son go\u00fbt pour la p\u00e9dagogie. Il est l\u2019auteur de la carte du ciel <em>Stelvision 365<\/em> et du guide <em>Le Ciel aux jumelles<\/em>, qui ont permis \u00e0 de nombreux d\u00e9butants de faire leurs premiers pas dans le ciel.<\/small><\/p>\n","protected":false},"excerpt":{"rendered":"<p>Ce guide de terrain vous donne toutes les cl\u00e9s pour r\u00e9ussir vos observations avec votre t\u00e9lescope ou votre lunette ! Indispensable \u00e0 tout observateur, d\u00e9butant ou en progression.<\/p>\n","protected":false},"featured_media":35727,"template":"","meta":{"_acf_changed":false},"product_brand":[],"product_cat":[126],"product_tag":[],"class_list":{"0":"post-35532","1":"product","2":"type-product","3":"status-publish","4":"has-post-thumbnail","6":"product_cat-edition","7":"product_shipping_class-easyscope-oculaires-accessoires","9":"first","10":"instock","11":"taxable","12":"shipping-taxable","13":"purchasable","14":"product-type-simple"},"acf":[],"yoast_head":"<!-- This site is optimized with the Yoast SEO plugin v27.1.1 - https:\/\/yoast.com\/product\/yoast-seo-wordpress\/ -->\n<title>Le Ciel au t\u00e9lescope - 110 observations essentielles \u00e0 faire avec votre instrument<\/title>\n<meta name=\"description\" content=\"Un guide pratique pour d\u00e9couvrir le ciel avec un t\u00e9lescope ou une lunette astronomique. Explorez la Lune, les plan\u00e8tes et les merveilles du ciel profond.\" \/>\n<meta name=\"robots\" content=\"index, follow, max-snippet:-1, max-image-preview:large, max-video-preview:-1\" \/>\n<link rel=\"canonical\" href=\"https:\/\/www.stelvision.com\/astro\/boutique\/le-ciel-au-telescope\/\" \/>\n<meta property=\"og:locale\" content=\"fr_FR\" \/>\n<meta property=\"og:type\" content=\"article\" \/>\n<meta property=\"og:title\" content=\"Le Ciel au t\u00e9lescope\" \/>\n<meta property=\"og:description\" content=\"D\u00e9couvrez notre guide d&#039;observation vendu \u00e0 plus de 10 000 exemplaires.\" \/>\n<meta property=\"og:url\" content=\"https:\/\/www.stelvision.com\/astro\/boutique\/le-ciel-au-telescope\/\" \/>\n<meta property=\"og:site_name\" content=\"Stelvision\" \/>\n<meta property=\"article:publisher\" content=\"https:\/\/www.facebook.com\/people\/Stelvision\/100063368192331\/\" \/>\n<meta property=\"article:modified_time\" content=\"2026-05-05T07:49:31+00:00\" \/>\n<meta property=\"og:image\" content=\"https:\/\/www.stelvision.com\/astro\/wp-content\/uploads\/2021\/07\/ciel-au-telescope-10000-FB.jpg\" \/>\n\t<meta property=\"og:image:width\" content=\"1200\" \/>\n\t<meta property=\"og:image:height\" content=\"628\" \/>\n\t<meta property=\"og:image:type\" content=\"image\/jpeg\" \/>\n<meta name=\"twitter:card\" content=\"summary_large_image\" \/>\n<meta name=\"twitter:title\" content=\"Le Ciel au t\u00e9lescope\" \/>\n<meta name=\"twitter:description\" content=\"D\u00e9couvrez notre guide d&#039;observation vendu \u00e0 plus de 10 000 exemplaires.\" \/>\n<meta name=\"twitter:image\" content=\"https:\/\/www.stelvision.com\/astro\/wp-content\/uploads\/2021\/07\/ciel-au-telescope-10000-FB.jpg\" \/>\n<meta name=\"twitter:label1\" content=\"Dur\u00e9e de lecture estim\u00e9e\" \/>\n\t<meta name=\"twitter:data1\" content=\"3 minutes\" \/>\n<script type=\"application\/ld+json\" class=\"yoast-schema-graph\">{\"@context\":\"https:\/\/schema.org\",\"@graph\":[{\"@type\":\"WebPage\",\"@id\":\"https:\/\/www.stelvision.com\/astro\/boutique\/le-ciel-au-telescope\/\",\"url\":\"https:\/\/www.stelvision.com\/astro\/boutique\/le-ciel-au-telescope\/\",\"name\":\"Le Ciel au t\u00e9lescope - 110 observations essentielles \u00e0 faire avec votre instrument\",\"isPartOf\":{\"@id\":\"https:\/\/www.stelvision.com\/astro\/#website\"},\"primaryImageOfPage\":{\"@id\":\"https:\/\/www.stelvision.com\/astro\/boutique\/le-ciel-au-telescope\/#primaryimage\"},\"image\":{\"@id\":\"https:\/\/www.stelvision.com\/astro\/boutique\/le-ciel-au-telescope\/#primaryimage\"},\"thumbnailUrl\":\"https:\/\/www.stelvision.com\/astro\/wp-content\/uploads\/2021\/07\/Ciel-au-telescope-couv-1024_carre.jpg\",\"datePublished\":\"2021-07-06T15:46:40+00:00\",\"dateModified\":\"2026-05-05T07:49:31+00:00\",\"description\":\"Un guide pratique pour d\u00e9couvrir le ciel avec un t\u00e9lescope ou une lunette astronomique. Explorez la Lune, les plan\u00e8tes et les merveilles du ciel profond.\",\"breadcrumb\":{\"@id\":\"https:\/\/www.stelvision.com\/astro\/boutique\/le-ciel-au-telescope\/#breadcrumb\"},\"inLanguage\":\"fr-FR\",\"potentialAction\":[{\"@type\":\"ReadAction\",\"target\":[\"https:\/\/www.stelvision.com\/astro\/boutique\/le-ciel-au-telescope\/\"]}]},{\"@type\":\"ImageObject\",\"inLanguage\":\"fr-FR\",\"@id\":\"https:\/\/www.stelvision.com\/astro\/boutique\/le-ciel-au-telescope\/#primaryimage\",\"url\":\"https:\/\/www.stelvision.com\/astro\/wp-content\/uploads\/2021\/07\/Ciel-au-telescope-couv-1024_carre.jpg\",\"contentUrl\":\"https:\/\/www.stelvision.com\/astro\/wp-content\/uploads\/2021\/07\/Ciel-au-telescope-couv-1024_carre.jpg\",\"width\":1024,\"height\":1024},{\"@type\":\"BreadcrumbList\",\"@id\":\"https:\/\/www.stelvision.com\/astro\/boutique\/le-ciel-au-telescope\/#breadcrumb\",\"itemListElement\":[{\"@type\":\"ListItem\",\"position\":1,\"name\":\"Accueil\",\"item\":\"https:\/\/www.stelvision.com\/astro\/\"},{\"@type\":\"ListItem\",\"position\":2,\"name\":\"La Boutique Stelvision\",\"item\":\"https:\/\/www.stelvision.com\/astro\/boutique\/\"},{\"@type\":\"ListItem\",\"position\":3,\"name\":\"Le Ciel au t\u00e9lescope &#8211; 110 observations essentielles \u00e0 faire avec votre instrument\"}]},{\"@type\":\"WebSite\",\"@id\":\"https:\/\/www.stelvision.com\/astro\/#website\",\"url\":\"https:\/\/www.stelvision.com\/astro\/\",\"name\":\"Stelvision\",\"description\":\"conseils, livres et mat\u00e9riel d&#039;observation du ciel\",\"publisher\":{\"@id\":\"https:\/\/www.stelvision.com\/astro\/#organization\"},\"potentialAction\":[{\"@type\":\"SearchAction\",\"target\":{\"@type\":\"EntryPoint\",\"urlTemplate\":\"https:\/\/www.stelvision.com\/astro\/?s={search_term_string}\"},\"query-input\":{\"@type\":\"PropertyValueSpecification\",\"valueRequired\":true,\"valueName\":\"search_term_string\"}}],\"inLanguage\":\"fr-FR\"},{\"@type\":\"Organization\",\"@id\":\"https:\/\/www.stelvision.com\/astro\/#organization\",\"name\":\"Stelvision\",\"url\":\"https:\/\/www.stelvision.com\/astro\/\",\"logo\":{\"@type\":\"ImageObject\",\"inLanguage\":\"fr-FR\",\"@id\":\"https:\/\/www.stelvision.com\/astro\/#\/schema\/logo\/image\/\",\"url\":\"https:\/\/www.stelvision.com\/astro\/wp-content\/uploads\/2019\/03\/logo_lisse_bleu_Stelvision_600.png\",\"contentUrl\":\"https:\/\/www.stelvision.com\/astro\/wp-content\/uploads\/2019\/03\/logo_lisse_bleu_Stelvision_600.png\",\"width\":600,\"height\":277,\"caption\":\"Stelvision\"},\"image\":{\"@id\":\"https:\/\/www.stelvision.com\/astro\/#\/schema\/logo\/image\/\"},\"sameAs\":[\"https:\/\/www.facebook.com\/people\/Stelvision\/100063368192331\/\"]}]}<\/script>\n<!-- \/ Yoast SEO plugin. -->","yoast_head_json":{"title":"Le Ciel au t\u00e9lescope - 110 observations essentielles \u00e0 faire avec votre instrument","description":"Un guide pratique pour d\u00e9couvrir le ciel avec un t\u00e9lescope ou une lunette astronomique. Explorez la Lune, les plan\u00e8tes et les merveilles du ciel profond.","robots":{"index":"index","follow":"follow","max-snippet":"max-snippet:-1","max-image-preview":"max-image-preview:large","max-video-preview":"max-video-preview:-1"},"canonical":"https:\/\/www.stelvision.com\/astro\/boutique\/le-ciel-au-telescope\/","og_locale":"fr_FR","og_type":"article","og_title":"Le Ciel au t\u00e9lescope","og_description":"D\u00e9couvrez notre guide d'observation vendu \u00e0 plus de 10 000 exemplaires.","og_url":"https:\/\/www.stelvision.com\/astro\/boutique\/le-ciel-au-telescope\/","og_site_name":"Stelvision","article_publisher":"https:\/\/www.facebook.com\/people\/Stelvision\/100063368192331\/","article_modified_time":"2026-05-05T07:49:31+00:00","og_image":[{"width":1200,"height":628,"url":"https:\/\/www.stelvision.com\/astro\/wp-content\/uploads\/2021\/07\/ciel-au-telescope-10000-FB.jpg","type":"image\/jpeg"}],"twitter_card":"summary_large_image","twitter_title":"Le Ciel au t\u00e9lescope","twitter_description":"D\u00e9couvrez notre guide d'observation vendu \u00e0 plus de 10 000 exemplaires.","twitter_image":"https:\/\/www.stelvision.com\/astro\/wp-content\/uploads\/2021\/07\/ciel-au-telescope-10000-FB.jpg","twitter_misc":{"Dur\u00e9e de lecture estim\u00e9e":"3 minutes"},"schema":{"@context":"https:\/\/schema.org","@graph":[{"@type":"WebPage","@id":"https:\/\/www.stelvision.com\/astro\/boutique\/le-ciel-au-telescope\/","url":"https:\/\/www.stelvision.com\/astro\/boutique\/le-ciel-au-telescope\/","name":"Le Ciel au t\u00e9lescope - 110 observations essentielles \u00e0 faire avec votre instrument","isPartOf":{"@id":"https:\/\/www.stelvision.com\/astro\/#website"},"primaryImageOfPage":{"@id":"https:\/\/www.stelvision.com\/astro\/boutique\/le-ciel-au-telescope\/#primaryimage"},"image":{"@id":"https:\/\/www.stelvision.com\/astro\/boutique\/le-ciel-au-telescope\/#primaryimage"},"thumbnailUrl":"https:\/\/www.stelvision.com\/astro\/wp-content\/uploads\/2021\/07\/Ciel-au-telescope-couv-1024_carre.jpg","datePublished":"2021-07-06T15:46:40+00:00","dateModified":"2026-05-05T07:49:31+00:00","description":"Un guide pratique pour d\u00e9couvrir le ciel avec un t\u00e9lescope ou une lunette astronomique. Explorez la Lune, les plan\u00e8tes et les merveilles du ciel profond.","breadcrumb":{"@id":"https:\/\/www.stelvision.com\/astro\/boutique\/le-ciel-au-telescope\/#breadcrumb"},"inLanguage":"fr-FR","potentialAction":[{"@type":"ReadAction","target":["https:\/\/www.stelvision.com\/astro\/boutique\/le-ciel-au-telescope\/"]}]},{"@type":"ImageObject","inLanguage":"fr-FR","@id":"https:\/\/www.stelvision.com\/astro\/boutique\/le-ciel-au-telescope\/#primaryimage","url":"https:\/\/www.stelvision.com\/astro\/wp-content\/uploads\/2021\/07\/Ciel-au-telescope-couv-1024_carre.jpg","contentUrl":"https:\/\/www.stelvision.com\/astro\/wp-content\/uploads\/2021\/07\/Ciel-au-telescope-couv-1024_carre.jpg","width":1024,"height":1024},{"@type":"BreadcrumbList","@id":"https:\/\/www.stelvision.com\/astro\/boutique\/le-ciel-au-telescope\/#breadcrumb","itemListElement":[{"@type":"ListItem","position":1,"name":"Accueil","item":"https:\/\/www.stelvision.com\/astro\/"},{"@type":"ListItem","position":2,"name":"La Boutique Stelvision","item":"https:\/\/www.stelvision.com\/astro\/boutique\/"},{"@type":"ListItem","position":3,"name":"Le Ciel au t\u00e9lescope &#8211; 110 observations essentielles \u00e0 faire avec votre instrument"}]},{"@type":"WebSite","@id":"https:\/\/www.stelvision.com\/astro\/#website","url":"https:\/\/www.stelvision.com\/astro\/","name":"Stelvision","description":"conseils, livres et mat\u00e9riel d&#039;observation du ciel","publisher":{"@id":"https:\/\/www.stelvision.com\/astro\/#organization"},"potentialAction":[{"@type":"SearchAction","target":{"@type":"EntryPoint","urlTemplate":"https:\/\/www.stelvision.com\/astro\/?s={search_term_string}"},"query-input":{"@type":"PropertyValueSpecification","valueRequired":true,"valueName":"search_term_string"}}],"inLanguage":"fr-FR"},{"@type":"Organization","@id":"https:\/\/www.stelvision.com\/astro\/#organization","name":"Stelvision","url":"https:\/\/www.stelvision.com\/astro\/","logo":{"@type":"ImageObject","inLanguage":"fr-FR","@id":"https:\/\/www.stelvision.com\/astro\/#\/schema\/logo\/image\/","url":"https:\/\/www.stelvision.com\/astro\/wp-content\/uploads\/2019\/03\/logo_lisse_bleu_Stelvision_600.png","contentUrl":"https:\/\/www.stelvision.com\/astro\/wp-content\/uploads\/2019\/03\/logo_lisse_bleu_Stelvision_600.png","width":600,"height":277,"caption":"Stelvision"},"image":{"@id":"https:\/\/www.stelvision.com\/astro\/#\/schema\/logo\/image\/"},"sameAs":["https:\/\/www.facebook.com\/people\/Stelvision\/100063368192331\/"]}]}},"_links":{"self":[{"href":"https:\/\/www.stelvision.com\/astro\/wp-json\/wp\/v2\/product\/35532","targetHints":{"allow":["GET"]}}],"collection":[{"href":"https:\/\/www.stelvision.com\/astro\/wp-json\/wp\/v2\/product"}],"about":[{"href":"https:\/\/www.stelvision.com\/astro\/wp-json\/wp\/v2\/types\/product"}],"wp:featuredmedia":[{"embeddable":true,"href":"https:\/\/www.stelvision.com\/astro\/wp-json\/wp\/v2\/media\/35727"}],"wp:attachment":[{"href":"https:\/\/www.stelvision.com\/astro\/wp-json\/wp\/v2\/media?parent=35532"}],"wp:term":[{"taxonomy":"product_brand","embeddable":true,"href":"https:\/\/www.stelvision.com\/astro\/wp-json\/wp\/v2\/product_brand?post=35532"},{"taxonomy":"product_cat","embeddable":true,"href":"https:\/\/www.stelvision.com\/astro\/wp-json\/wp\/v2\/product_cat?post=35532"},{"taxonomy":"product_tag","embeddable":true,"href":"https:\/\/www.stelvision.com\/astro\/wp-json\/wp\/v2\/product_tag?post=35532"}],"curies":[{"name":"wp","href":"https:\/\/api.w.org\/{rel}","templated":true}]}}