{"id":4355,"date":"2019-05-23T08:18:43","date_gmt":"2019-05-23T06:18:43","guid":{"rendered":"https:\/\/www.stelvision.com\/astro\/?post_type=product&#038;p=4355"},"modified":"2026-05-09T08:20:26","modified_gmt":"2026-05-09T06:20:26","slug":"carte-de-la-lune","status":"publish","type":"product","link":"https:\/\/www.stelvision.com\/astro\/boutique\/carte-de-la-lune\/","title":{"rendered":"Carte de la Lune"},"content":{"rendered":"<h2>Un format in\u00e9dit pour explorer la Lune \u00e0 l\u2019\u0153il nu, aux jumelles ou avec un t\u00e9lescope<\/h2>\n<p>Sous la forme d\u2019un d\u00e9pliant pratique et robuste, la Carte de la Lune indique les mers, les principaux crat\u00e8res, les reliefs et les sites d&rsquo;alunissage des missions Apollo.<br \/>\nLa carte est d\u00e9clin\u00e9e en trois versions pour r\u00e9pondre \u00e0 toutes les situations d\u2019observation. En couverture, une premi\u00e8re carte correspond \u00e0 la vision \u00e0 l\u2019\u0153il nu et aux jumelles. \u00c0 l\u2019int\u00e9rieur du d\u00e9pliant, une fiche r\u00e9versible montre l\u2019aspect de la Lune quand elle est observ\u00e9e avec un instrument d\u2019astronomie : vision invers\u00e9e droite-gauche dans le cas d\u2019une lunette astronomique et vision invers\u00e9e droite-gauche\/haut-bas pour un t\u00e9lescope. Neuf paysages lunaires parmi les plus spectaculaires sont d\u00e9taill\u00e9s. Enfin, des explications sur les phases de la Lune sont donn\u00e9es pour aider l\u2019observateur \u00e0 planifier ses observations.<\/p>\n<p>Produit con\u00e7u et r\u00e9alis\u00e9 en France (\u00e0 Toulouse et dans le Tarn).<\/p>\n<p><small>30,3 x 22 x 0,2 cm, d\u00e9pliant 4 pages et une fiche amovible, pochette plastique | ISBN : 978-2-9563417-3-4 | \u00e9ditions Stelvision | mai 2019<\/small><\/p>\n","protected":false},"excerpt":{"rendered":"<p>Sous la forme d\u2019un d\u00e9pliant pratique et robuste, la Carte de la Lune indique les principales curiosit\u00e9s lunaires. Id\u00e9al pour explorer la Lune \u00e0 l\u2019\u0153il nu, aux jumelles ou avec un t\u00e9lescope.<\/p>\n","protected":false},"featured_media":4357,"template":"","meta":{"_acf_changed":false},"product_brand":[],"product_cat":[126],"product_tag":[],"class_list":{"0":"post-4355","1":"product","2":"type-product","3":"status-publish","4":"has-post-thumbnail","6":"product_cat-edition","7":"product_shipping_class-carte","9":"first","10":"instock","11":"taxable","12":"shipping-taxable","13":"purchasable","14":"product-type-simple"},"acf":[],"yoast_head":"<!-- This site is optimized with the Yoast SEO plugin v27.5 - https:\/\/yoast.com\/product\/yoast-seo-wordpress\/ -->\n<title>Carte de la Lune : Stelvision<\/title>\n<meta name=\"description\" content=\"La Carte de la Lune indique les mers, les principaux crat\u00e8res et reliefs, et les six sites d\u2019alunissage des missions Apollo.\" \/>\n<meta name=\"robots\" content=\"index, follow, max-snippet:-1, max-image-preview:large, max-video-preview:-1\" \/>\n<link rel=\"canonical\" href=\"https:\/\/www.stelvision.com\/astro\/boutique\/carte-de-la-lune\/\" \/>\n<meta property=\"og:locale\" content=\"fr_FR\" \/>\n<meta property=\"og:type\" content=\"article\" \/>\n<meta property=\"og:title\" content=\"Carte de la Lune : Stelvision\" \/>\n<meta property=\"og:description\" content=\"La Carte de la Lune indique les mers, les principaux crat\u00e8res et reliefs, et les six sites d\u2019alunissage des missions Apollo.\" \/>\n<meta property=\"og:url\" content=\"https:\/\/www.stelvision.com\/astro\/boutique\/carte-de-la-lune\/\" \/>\n<meta property=\"og:site_name\" content=\"Stelvision\" \/>\n<meta property=\"article:publisher\" content=\"https:\/\/www.facebook.com\/people\/Stelvision\/100063368192331\/\" \/>\n<meta property=\"article:modified_time\" content=\"2026-05-09T06:20:26+00:00\" \/>\n<meta property=\"og:image\" content=\"https:\/\/www.stelvision.com\/astro\/wp-content\/uploads\/2019\/05\/illustration-carte-de-la-lune-edition1-depliant-800.jpg\" \/>\n\t<meta property=\"og:image:width\" content=\"800\" \/>\n\t<meta property=\"og:image:height\" content=\"800\" \/>\n\t<meta property=\"og:image:type\" content=\"image\/jpeg\" \/>\n<meta name=\"twitter:card\" content=\"summary_large_image\" \/>\n<meta name=\"twitter:label1\" content=\"Dur\u00e9e de lecture estim\u00e9e\" \/>\n\t<meta name=\"twitter:data1\" content=\"2 minutes\" \/>\n<script type=\"application\/ld+json\" class=\"yoast-schema-graph\">{\"@context\":\"https:\\\/\\\/schema.org\",\"@graph\":[{\"@type\":\"WebPage\",\"@id\":\"https:\\\/\\\/www.stelvision.com\\\/astro\\\/boutique\\\/carte-de-la-lune\\\/\",\"url\":\"https:\\\/\\\/www.stelvision.com\\\/astro\\\/boutique\\\/carte-de-la-lune\\\/\",\"name\":\"Carte de la Lune : Stelvision\",\"isPartOf\":{\"@id\":\"https:\\\/\\\/www.stelvision.com\\\/astro\\\/#website\"},\"primaryImageOfPage\":{\"@id\":\"https:\\\/\\\/www.stelvision.com\\\/astro\\\/boutique\\\/carte-de-la-lune\\\/#primaryimage\"},\"image\":{\"@id\":\"https:\\\/\\\/www.stelvision.com\\\/astro\\\/boutique\\\/carte-de-la-lune\\\/#primaryimage\"},\"thumbnailUrl\":\"https:\\\/\\\/www.stelvision.com\\\/astro\\\/wp-content\\\/uploads\\\/2019\\\/05\\\/illustration-carte-de-la-lune-edition1-depliant-800.jpg\",\"datePublished\":\"2019-05-23T06:18:43+00:00\",\"dateModified\":\"2026-05-09T06:20:26+00:00\",\"description\":\"La Carte de la Lune indique les mers, les principaux crat\u00e8res et reliefs, et les six sites d\u2019alunissage des missions Apollo.\",\"breadcrumb\":{\"@id\":\"https:\\\/\\\/www.stelvision.com\\\/astro\\\/boutique\\\/carte-de-la-lune\\\/#breadcrumb\"},\"inLanguage\":\"fr-FR\",\"potentialAction\":[{\"@type\":\"ReadAction\",\"target\":[\"https:\\\/\\\/www.stelvision.com\\\/astro\\\/boutique\\\/carte-de-la-lune\\\/\"]}]},{\"@type\":\"ImageObject\",\"inLanguage\":\"fr-FR\",\"@id\":\"https:\\\/\\\/www.stelvision.com\\\/astro\\\/boutique\\\/carte-de-la-lune\\\/#primaryimage\",\"url\":\"https:\\\/\\\/www.stelvision.com\\\/astro\\\/wp-content\\\/uploads\\\/2019\\\/05\\\/illustration-carte-de-la-lune-edition1-depliant-800.jpg\",\"contentUrl\":\"https:\\\/\\\/www.stelvision.com\\\/astro\\\/wp-content\\\/uploads\\\/2019\\\/05\\\/illustration-carte-de-la-lune-edition1-depliant-800.jpg\",\"width\":800,\"height\":800,\"caption\":\"vue du d\u00e9pliant Carte de la Lune\"},{\"@type\":\"BreadcrumbList\",\"@id\":\"https:\\\/\\\/www.stelvision.com\\\/astro\\\/boutique\\\/carte-de-la-lune\\\/#breadcrumb\",\"itemListElement\":[{\"@type\":\"ListItem\",\"position\":1,\"name\":\"Accueil\",\"item\":\"https:\\\/\\\/www.stelvision.com\\\/astro\\\/\"},{\"@type\":\"ListItem\",\"position\":2,\"name\":\"La Boutique Stelvision\",\"item\":\"https:\\\/\\\/www.stelvision.com\\\/astro\\\/boutique\\\/\"},{\"@type\":\"ListItem\",\"position\":3,\"name\":\"Carte de la Lune\"}]},{\"@type\":\"WebSite\",\"@id\":\"https:\\\/\\\/www.stelvision.com\\\/astro\\\/#website\",\"url\":\"https:\\\/\\\/www.stelvision.com\\\/astro\\\/\",\"name\":\"Stelvision\",\"description\":\"conseils, livres et mat\u00e9riel d&#039;observation du ciel\",\"publisher\":{\"@id\":\"https:\\\/\\\/www.stelvision.com\\\/astro\\\/#organization\"},\"potentialAction\":[{\"@type\":\"SearchAction\",\"target\":{\"@type\":\"EntryPoint\",\"urlTemplate\":\"https:\\\/\\\/www.stelvision.com\\\/astro\\\/?s={search_term_string}\"},\"query-input\":{\"@type\":\"PropertyValueSpecification\",\"valueRequired\":true,\"valueName\":\"search_term_string\"}}],\"inLanguage\":\"fr-FR\"},{\"@type\":\"Organization\",\"@id\":\"https:\\\/\\\/www.stelvision.com\\\/astro\\\/#organization\",\"name\":\"Stelvision\",\"url\":\"https:\\\/\\\/www.stelvision.com\\\/astro\\\/\",\"logo\":{\"@type\":\"ImageObject\",\"inLanguage\":\"fr-FR\",\"@id\":\"https:\\\/\\\/www.stelvision.com\\\/astro\\\/#\\\/schema\\\/logo\\\/image\\\/\",\"url\":\"https:\\\/\\\/www.stelvision.com\\\/astro\\\/wp-content\\\/uploads\\\/2019\\\/03\\\/logo_lisse_bleu_Stelvision_600.png\",\"contentUrl\":\"https:\\\/\\\/www.stelvision.com\\\/astro\\\/wp-content\\\/uploads\\\/2019\\\/03\\\/logo_lisse_bleu_Stelvision_600.png\",\"width\":600,\"height\":277,\"caption\":\"Stelvision\"},\"image\":{\"@id\":\"https:\\\/\\\/www.stelvision.com\\\/astro\\\/#\\\/schema\\\/logo\\\/image\\\/\"},\"sameAs\":[\"https:\\\/\\\/www.facebook.com\\\/people\\\/Stelvision\\\/100063368192331\\\/\"]}]}<\/script>\n<!-- \/ Yoast SEO plugin. -->","yoast_head_json":{"title":"Carte de la Lune : Stelvision","description":"La Carte de la Lune indique les mers, les principaux crat\u00e8res et reliefs, et les six sites d\u2019alunissage des missions Apollo.","robots":{"index":"index","follow":"follow","max-snippet":"max-snippet:-1","max-image-preview":"max-image-preview:large","max-video-preview":"max-video-preview:-1"},"canonical":"https:\/\/www.stelvision.com\/astro\/boutique\/carte-de-la-lune\/","og_locale":"fr_FR","og_type":"article","og_title":"Carte de la Lune : Stelvision","og_description":"La Carte de la Lune indique les mers, les principaux crat\u00e8res et reliefs, et les six sites d\u2019alunissage des missions Apollo.","og_url":"https:\/\/www.stelvision.com\/astro\/boutique\/carte-de-la-lune\/","og_site_name":"Stelvision","article_publisher":"https:\/\/www.facebook.com\/people\/Stelvision\/100063368192331\/","article_modified_time":"2026-05-09T06:20:26+00:00","og_image":[{"width":800,"height":800,"url":"https:\/\/www.stelvision.com\/astro\/wp-content\/uploads\/2019\/05\/illustration-carte-de-la-lune-edition1-depliant-800.jpg","type":"image\/jpeg"}],"twitter_card":"summary_large_image","twitter_misc":{"Dur\u00e9e de lecture estim\u00e9e":"2 minutes"},"schema":{"@context":"https:\/\/schema.org","@graph":[{"@type":"WebPage","@id":"https:\/\/www.stelvision.com\/astro\/boutique\/carte-de-la-lune\/","url":"https:\/\/www.stelvision.com\/astro\/boutique\/carte-de-la-lune\/","name":"Carte de la Lune : Stelvision","isPartOf":{"@id":"https:\/\/www.stelvision.com\/astro\/#website"},"primaryImageOfPage":{"@id":"https:\/\/www.stelvision.com\/astro\/boutique\/carte-de-la-lune\/#primaryimage"},"image":{"@id":"https:\/\/www.stelvision.com\/astro\/boutique\/carte-de-la-lune\/#primaryimage"},"thumbnailUrl":"https:\/\/www.stelvision.com\/astro\/wp-content\/uploads\/2019\/05\/illustration-carte-de-la-lune-edition1-depliant-800.jpg","datePublished":"2019-05-23T06:18:43+00:00","dateModified":"2026-05-09T06:20:26+00:00","description":"La Carte de la Lune indique les mers, les principaux crat\u00e8res et reliefs, et les six sites d\u2019alunissage des missions Apollo.","breadcrumb":{"@id":"https:\/\/www.stelvision.com\/astro\/boutique\/carte-de-la-lune\/#breadcrumb"},"inLanguage":"fr-FR","potentialAction":[{"@type":"ReadAction","target":["https:\/\/www.stelvision.com\/astro\/boutique\/carte-de-la-lune\/"]}]},{"@type":"ImageObject","inLanguage":"fr-FR","@id":"https:\/\/www.stelvision.com\/astro\/boutique\/carte-de-la-lune\/#primaryimage","url":"https:\/\/www.stelvision.com\/astro\/wp-content\/uploads\/2019\/05\/illustration-carte-de-la-lune-edition1-depliant-800.jpg","contentUrl":"https:\/\/www.stelvision.com\/astro\/wp-content\/uploads\/2019\/05\/illustration-carte-de-la-lune-edition1-depliant-800.jpg","width":800,"height":800,"caption":"vue du d\u00e9pliant Carte de la Lune"},{"@type":"BreadcrumbList","@id":"https:\/\/www.stelvision.com\/astro\/boutique\/carte-de-la-lune\/#breadcrumb","itemListElement":[{"@type":"ListItem","position":1,"name":"Accueil","item":"https:\/\/www.stelvision.com\/astro\/"},{"@type":"ListItem","position":2,"name":"La Boutique Stelvision","item":"https:\/\/www.stelvision.com\/astro\/boutique\/"},{"@type":"ListItem","position":3,"name":"Carte de la Lune"}]},{"@type":"WebSite","@id":"https:\/\/www.stelvision.com\/astro\/#website","url":"https:\/\/www.stelvision.com\/astro\/","name":"Stelvision","description":"conseils, livres et mat\u00e9riel d&#039;observation du ciel","publisher":{"@id":"https:\/\/www.stelvision.com\/astro\/#organization"},"potentialAction":[{"@type":"SearchAction","target":{"@type":"EntryPoint","urlTemplate":"https:\/\/www.stelvision.com\/astro\/?s={search_term_string}"},"query-input":{"@type":"PropertyValueSpecification","valueRequired":true,"valueName":"search_term_string"}}],"inLanguage":"fr-FR"},{"@type":"Organization","@id":"https:\/\/www.stelvision.com\/astro\/#organization","name":"Stelvision","url":"https:\/\/www.stelvision.com\/astro\/","logo":{"@type":"ImageObject","inLanguage":"fr-FR","@id":"https:\/\/www.stelvision.com\/astro\/#\/schema\/logo\/image\/","url":"https:\/\/www.stelvision.com\/astro\/wp-content\/uploads\/2019\/03\/logo_lisse_bleu_Stelvision_600.png","contentUrl":"https:\/\/www.stelvision.com\/astro\/wp-content\/uploads\/2019\/03\/logo_lisse_bleu_Stelvision_600.png","width":600,"height":277,"caption":"Stelvision"},"image":{"@id":"https:\/\/www.stelvision.com\/astro\/#\/schema\/logo\/image\/"},"sameAs":["https:\/\/www.facebook.com\/people\/Stelvision\/100063368192331\/"]}]}},"_links":{"self":[{"href":"https:\/\/www.stelvision.com\/astro\/wp-json\/wp\/v2\/product\/4355","targetHints":{"allow":["GET"]}}],"collection":[{"href":"https:\/\/www.stelvision.com\/astro\/wp-json\/wp\/v2\/product"}],"about":[{"href":"https:\/\/www.stelvision.com\/astro\/wp-json\/wp\/v2\/types\/product"}],"wp:featuredmedia":[{"embeddable":true,"href":"https:\/\/www.stelvision.com\/astro\/wp-json\/wp\/v2\/media\/4357"}],"wp:attachment":[{"href":"https:\/\/www.stelvision.com\/astro\/wp-json\/wp\/v2\/media?parent=4355"}],"wp:term":[{"taxonomy":"product_brand","embeddable":true,"href":"https:\/\/www.stelvision.com\/astro\/wp-json\/wp\/v2\/product_brand?post=4355"},{"taxonomy":"product_cat","embeddable":true,"href":"https:\/\/www.stelvision.com\/astro\/wp-json\/wp\/v2\/product_cat?post=4355"},{"taxonomy":"product_tag","embeddable":true,"href":"https:\/\/www.stelvision.com\/astro\/wp-json\/wp\/v2\/product_tag?post=4355"}],"curies":[{"name":"wp","href":"https:\/\/api.w.org\/{rel}","templated":true}]}}