{"id":47568,"date":"2022-10-03T11:37:56","date_gmt":"2022-10-03T09:37:56","guid":{"rendered":"https:\/\/www.stelvision.com\/astro\/?post_type=product&#038;p=47568"},"modified":"2025-12-05T12:04:15","modified_gmt":"2025-12-05T11:04:15","slug":"produit-reconditionne-telescope-stelescope-130-avec-moteur-de-suivi-inclus","status":"publish","type":"product","link":"https:\/\/www.stelvision.com\/astro\/boutique\/produit-reconditionne-telescope-stelescope-130-avec-moteur-de-suivi-inclus\/","title":{"rendered":"Produit reconditionn\u00e9 : T\u00e9lescope STELESCOPE 130 avec moteur de suivi inclus"},"content":{"rendered":"<p>\u00c9tat neuf. Emballage ext\u00e9rieur (postal) l\u00e9g\u00e8rement ab\u00eem\u00e9. Collimation v\u00e9rifi\u00e9e.<br \/>\n<a href=\"https:\/\/www.stelvision.com\/astro\/boutique\/stelescope-130\/\">Cliquez ici pour voir la fiche produit d&rsquo;origine<\/a>.<br \/>\nPrix normal du produit neuf : 369 \u20ac TTC (prix incluant la TVA fran\u00e7aise)<br \/>\nR\u00e9duction : 60 \u20ac<br \/>\nD\u00e9lai de traitement de votre commande : 3 jours ouvr\u00e9s.<br \/>\nExp\u00e9dition : <strong>France m\u00e9tropolitaine uniquement<\/strong>, par Colissimo<\/p>\n","protected":false},"excerpt":{"rendered":"<p>\u00c9tat neuf. Le miroir secondaire a \u00e9t\u00e9 recoll\u00e9 suite \u00e0 tenue insuffisante constat\u00e9e au d\u00e9ballage. L\u2019optique a \u00e9t\u00e9 r\u00e9gl\u00e9e (collimation) suite \u00e0 cette op\u00e9ration.<\/p>\n","protected":false},"featured_media":3424,"template":"","meta":{"_acf_changed":false},"product_brand":[],"product_cat":[357],"product_tag":[],"class_list":{"0":"post-47568","1":"product","2":"type-product","3":"status-publish","4":"has-post-thumbnail","6":"product_cat-produits-reconditionnes","7":"product_shipping_class-reconditionne-hors-logisticien","9":"first","10":"outofstock","11":"sold-individually","12":"taxable","13":"shipping-taxable","14":"purchasable","15":"product-type-simple"},"acf":[],"yoast_head":"<!-- This site is optimized with the Yoast SEO plugin v27.5 - https:\/\/yoast.com\/product\/yoast-seo-wordpress\/ -->\n<title>Produit reconditionn\u00e9 : T\u00e9lescope STELESCOPE 130 avec moteur de suivi inclus : Stelvision<\/title>\n<meta name=\"robots\" content=\"index, follow, max-snippet:-1, max-image-preview:large, max-video-preview:-1\" \/>\n<link rel=\"canonical\" href=\"https:\/\/www.stelvision.com\/astro\/boutique\/produit-reconditionne-telescope-stelescope-130-avec-moteur-de-suivi-inclus\/\" \/>\n<meta property=\"og:locale\" content=\"fr_FR\" \/>\n<meta property=\"og:type\" content=\"article\" \/>\n<meta property=\"og:title\" content=\"Produit reconditionn\u00e9 : T\u00e9lescope STELESCOPE 130 avec moteur de suivi inclus : Stelvision\" \/>\n<meta property=\"og:description\" content=\"\u00c9tat neuf. Le miroir secondaire a \u00e9t\u00e9 recoll\u00e9 suite \u00e0 tenue insuffisante constat\u00e9e au d\u00e9ballage. L\u2019optique a \u00e9t\u00e9 r\u00e9gl\u00e9e (collimation) suite \u00e0 cette op\u00e9ration.\" \/>\n<meta property=\"og:url\" content=\"https:\/\/www.stelvision.com\/astro\/boutique\/produit-reconditionne-telescope-stelescope-130-avec-moteur-de-suivi-inclus\/\" \/>\n<meta property=\"og:site_name\" content=\"Stelvision\" \/>\n<meta property=\"article:publisher\" content=\"https:\/\/www.facebook.com\/people\/Stelvision\/100063368192331\/\" \/>\n<meta property=\"article:modified_time\" content=\"2025-12-05T11:04:15+00:00\" \/>\n<meta property=\"og:image\" content=\"https:\/\/www.stelvision.com\/astro\/wp-content\/uploads\/2019\/03\/1_car.jpg\" \/>\n\t<meta property=\"og:image:width\" content=\"1024\" \/>\n\t<meta property=\"og:image:height\" content=\"1024\" \/>\n\t<meta property=\"og:image:type\" content=\"image\/jpeg\" \/>\n<meta name=\"twitter:card\" content=\"summary_large_image\" \/>\n<meta name=\"twitter:label1\" content=\"Dur\u00e9e de lecture estim\u00e9e\" \/>\n\t<meta name=\"twitter:data1\" content=\"1 minute\" \/>\n<script type=\"application\/ld+json\" class=\"yoast-schema-graph\">{\"@context\":\"https:\\\/\\\/schema.org\",\"@graph\":[{\"@type\":\"WebPage\",\"@id\":\"https:\\\/\\\/www.stelvision.com\\\/astro\\\/boutique\\\/produit-reconditionne-telescope-stelescope-130-avec-moteur-de-suivi-inclus\\\/\",\"url\":\"https:\\\/\\\/www.stelvision.com\\\/astro\\\/boutique\\\/produit-reconditionne-telescope-stelescope-130-avec-moteur-de-suivi-inclus\\\/\",\"name\":\"Produit reconditionn\u00e9 : T\u00e9lescope STELESCOPE 130 avec moteur de suivi inclus : Stelvision\",\"isPartOf\":{\"@id\":\"https:\\\/\\\/www.stelvision.com\\\/astro\\\/#website\"},\"primaryImageOfPage\":{\"@id\":\"https:\\\/\\\/www.stelvision.com\\\/astro\\\/boutique\\\/produit-reconditionne-telescope-stelescope-130-avec-moteur-de-suivi-inclus\\\/#primaryimage\"},\"image\":{\"@id\":\"https:\\\/\\\/www.stelvision.com\\\/astro\\\/boutique\\\/produit-reconditionne-telescope-stelescope-130-avec-moteur-de-suivi-inclus\\\/#primaryimage\"},\"thumbnailUrl\":\"https:\\\/\\\/www.stelvision.com\\\/astro\\\/wp-content\\\/uploads\\\/2019\\\/03\\\/1_car.jpg\",\"datePublished\":\"2022-10-03T09:37:56+00:00\",\"dateModified\":\"2025-12-05T11:04:15+00:00\",\"breadcrumb\":{\"@id\":\"https:\\\/\\\/www.stelvision.com\\\/astro\\\/boutique\\\/produit-reconditionne-telescope-stelescope-130-avec-moteur-de-suivi-inclus\\\/#breadcrumb\"},\"inLanguage\":\"fr-FR\",\"potentialAction\":[{\"@type\":\"ReadAction\",\"target\":[\"https:\\\/\\\/www.stelvision.com\\\/astro\\\/boutique\\\/produit-reconditionne-telescope-stelescope-130-avec-moteur-de-suivi-inclus\\\/\"]}]},{\"@type\":\"ImageObject\",\"inLanguage\":\"fr-FR\",\"@id\":\"https:\\\/\\\/www.stelvision.com\\\/astro\\\/boutique\\\/produit-reconditionne-telescope-stelescope-130-avec-moteur-de-suivi-inclus\\\/#primaryimage\",\"url\":\"https:\\\/\\\/www.stelvision.com\\\/astro\\\/wp-content\\\/uploads\\\/2019\\\/03\\\/1_car.jpg\",\"contentUrl\":\"https:\\\/\\\/www.stelvision.com\\\/astro\\\/wp-content\\\/uploads\\\/2019\\\/03\\\/1_car.jpg\",\"width\":1024,\"height\":1024,\"caption\":\"STELESCOPE 130, t\u00e9lescope de 130 mm \u00e0 monture \u00e9quatoriale\"},{\"@type\":\"BreadcrumbList\",\"@id\":\"https:\\\/\\\/www.stelvision.com\\\/astro\\\/boutique\\\/produit-reconditionne-telescope-stelescope-130-avec-moteur-de-suivi-inclus\\\/#breadcrumb\",\"itemListElement\":[{\"@type\":\"ListItem\",\"position\":1,\"name\":\"Accueil\",\"item\":\"https:\\\/\\\/www.stelvision.com\\\/astro\\\/\"},{\"@type\":\"ListItem\",\"position\":2,\"name\":\"La Boutique Stelvision\",\"item\":\"https:\\\/\\\/www.stelvision.com\\\/astro\\\/boutique\\\/\"},{\"@type\":\"ListItem\",\"position\":3,\"name\":\"Produit reconditionn\u00e9 : T\u00e9lescope STELESCOPE 130 avec moteur de suivi inclus\"}]},{\"@type\":\"WebSite\",\"@id\":\"https:\\\/\\\/www.stelvision.com\\\/astro\\\/#website\",\"url\":\"https:\\\/\\\/www.stelvision.com\\\/astro\\\/\",\"name\":\"Stelvision\",\"description\":\"conseils, livres et mat\u00e9riel d&#039;observation du ciel\",\"publisher\":{\"@id\":\"https:\\\/\\\/www.stelvision.com\\\/astro\\\/#organization\"},\"potentialAction\":[{\"@type\":\"SearchAction\",\"target\":{\"@type\":\"EntryPoint\",\"urlTemplate\":\"https:\\\/\\\/www.stelvision.com\\\/astro\\\/?s={search_term_string}\"},\"query-input\":{\"@type\":\"PropertyValueSpecification\",\"valueRequired\":true,\"valueName\":\"search_term_string\"}}],\"inLanguage\":\"fr-FR\"},{\"@type\":\"Organization\",\"@id\":\"https:\\\/\\\/www.stelvision.com\\\/astro\\\/#organization\",\"name\":\"Stelvision\",\"url\":\"https:\\\/\\\/www.stelvision.com\\\/astro\\\/\",\"logo\":{\"@type\":\"ImageObject\",\"inLanguage\":\"fr-FR\",\"@id\":\"https:\\\/\\\/www.stelvision.com\\\/astro\\\/#\\\/schema\\\/logo\\\/image\\\/\",\"url\":\"https:\\\/\\\/www.stelvision.com\\\/astro\\\/wp-content\\\/uploads\\\/2019\\\/03\\\/logo_lisse_bleu_Stelvision_600.png\",\"contentUrl\":\"https:\\\/\\\/www.stelvision.com\\\/astro\\\/wp-content\\\/uploads\\\/2019\\\/03\\\/logo_lisse_bleu_Stelvision_600.png\",\"width\":600,\"height\":277,\"caption\":\"Stelvision\"},\"image\":{\"@id\":\"https:\\\/\\\/www.stelvision.com\\\/astro\\\/#\\\/schema\\\/logo\\\/image\\\/\"},\"sameAs\":[\"https:\\\/\\\/www.facebook.com\\\/people\\\/Stelvision\\\/100063368192331\\\/\"]}]}<\/script>\n<!-- \/ Yoast SEO plugin. -->","yoast_head_json":{"title":"Produit reconditionn\u00e9 : T\u00e9lescope STELESCOPE 130 avec moteur de suivi inclus : Stelvision","robots":{"index":"index","follow":"follow","max-snippet":"max-snippet:-1","max-image-preview":"max-image-preview:large","max-video-preview":"max-video-preview:-1"},"canonical":"https:\/\/www.stelvision.com\/astro\/boutique\/produit-reconditionne-telescope-stelescope-130-avec-moteur-de-suivi-inclus\/","og_locale":"fr_FR","og_type":"article","og_title":"Produit reconditionn\u00e9 : T\u00e9lescope STELESCOPE 130 avec moteur de suivi inclus : Stelvision","og_description":"\u00c9tat neuf. Le miroir secondaire a \u00e9t\u00e9 recoll\u00e9 suite \u00e0 tenue insuffisante constat\u00e9e au d\u00e9ballage. L\u2019optique a \u00e9t\u00e9 r\u00e9gl\u00e9e (collimation) suite \u00e0 cette op\u00e9ration.","og_url":"https:\/\/www.stelvision.com\/astro\/boutique\/produit-reconditionne-telescope-stelescope-130-avec-moteur-de-suivi-inclus\/","og_site_name":"Stelvision","article_publisher":"https:\/\/www.facebook.com\/people\/Stelvision\/100063368192331\/","article_modified_time":"2025-12-05T11:04:15+00:00","og_image":[{"width":1024,"height":1024,"url":"https:\/\/www.stelvision.com\/astro\/wp-content\/uploads\/2019\/03\/1_car.jpg","type":"image\/jpeg"}],"twitter_card":"summary_large_image","twitter_misc":{"Dur\u00e9e de lecture estim\u00e9e":"1 minute"},"schema":{"@context":"https:\/\/schema.org","@graph":[{"@type":"WebPage","@id":"https:\/\/www.stelvision.com\/astro\/boutique\/produit-reconditionne-telescope-stelescope-130-avec-moteur-de-suivi-inclus\/","url":"https:\/\/www.stelvision.com\/astro\/boutique\/produit-reconditionne-telescope-stelescope-130-avec-moteur-de-suivi-inclus\/","name":"Produit reconditionn\u00e9 : T\u00e9lescope STELESCOPE 130 avec moteur de suivi inclus : Stelvision","isPartOf":{"@id":"https:\/\/www.stelvision.com\/astro\/#website"},"primaryImageOfPage":{"@id":"https:\/\/www.stelvision.com\/astro\/boutique\/produit-reconditionne-telescope-stelescope-130-avec-moteur-de-suivi-inclus\/#primaryimage"},"image":{"@id":"https:\/\/www.stelvision.com\/astro\/boutique\/produit-reconditionne-telescope-stelescope-130-avec-moteur-de-suivi-inclus\/#primaryimage"},"thumbnailUrl":"https:\/\/www.stelvision.com\/astro\/wp-content\/uploads\/2019\/03\/1_car.jpg","datePublished":"2022-10-03T09:37:56+00:00","dateModified":"2025-12-05T11:04:15+00:00","breadcrumb":{"@id":"https:\/\/www.stelvision.com\/astro\/boutique\/produit-reconditionne-telescope-stelescope-130-avec-moteur-de-suivi-inclus\/#breadcrumb"},"inLanguage":"fr-FR","potentialAction":[{"@type":"ReadAction","target":["https:\/\/www.stelvision.com\/astro\/boutique\/produit-reconditionne-telescope-stelescope-130-avec-moteur-de-suivi-inclus\/"]}]},{"@type":"ImageObject","inLanguage":"fr-FR","@id":"https:\/\/www.stelvision.com\/astro\/boutique\/produit-reconditionne-telescope-stelescope-130-avec-moteur-de-suivi-inclus\/#primaryimage","url":"https:\/\/www.stelvision.com\/astro\/wp-content\/uploads\/2019\/03\/1_car.jpg","contentUrl":"https:\/\/www.stelvision.com\/astro\/wp-content\/uploads\/2019\/03\/1_car.jpg","width":1024,"height":1024,"caption":"STELESCOPE 130, t\u00e9lescope de 130 mm \u00e0 monture \u00e9quatoriale"},{"@type":"BreadcrumbList","@id":"https:\/\/www.stelvision.com\/astro\/boutique\/produit-reconditionne-telescope-stelescope-130-avec-moteur-de-suivi-inclus\/#breadcrumb","itemListElement":[{"@type":"ListItem","position":1,"name":"Accueil","item":"https:\/\/www.stelvision.com\/astro\/"},{"@type":"ListItem","position":2,"name":"La Boutique Stelvision","item":"https:\/\/www.stelvision.com\/astro\/boutique\/"},{"@type":"ListItem","position":3,"name":"Produit reconditionn\u00e9 : T\u00e9lescope STELESCOPE 130 avec moteur de suivi inclus"}]},{"@type":"WebSite","@id":"https:\/\/www.stelvision.com\/astro\/#website","url":"https:\/\/www.stelvision.com\/astro\/","name":"Stelvision","description":"conseils, livres et mat\u00e9riel d&#039;observation du ciel","publisher":{"@id":"https:\/\/www.stelvision.com\/astro\/#organization"},"potentialAction":[{"@type":"SearchAction","target":{"@type":"EntryPoint","urlTemplate":"https:\/\/www.stelvision.com\/astro\/?s={search_term_string}"},"query-input":{"@type":"PropertyValueSpecification","valueRequired":true,"valueName":"search_term_string"}}],"inLanguage":"fr-FR"},{"@type":"Organization","@id":"https:\/\/www.stelvision.com\/astro\/#organization","name":"Stelvision","url":"https:\/\/www.stelvision.com\/astro\/","logo":{"@type":"ImageObject","inLanguage":"fr-FR","@id":"https:\/\/www.stelvision.com\/astro\/#\/schema\/logo\/image\/","url":"https:\/\/www.stelvision.com\/astro\/wp-content\/uploads\/2019\/03\/logo_lisse_bleu_Stelvision_600.png","contentUrl":"https:\/\/www.stelvision.com\/astro\/wp-content\/uploads\/2019\/03\/logo_lisse_bleu_Stelvision_600.png","width":600,"height":277,"caption":"Stelvision"},"image":{"@id":"https:\/\/www.stelvision.com\/astro\/#\/schema\/logo\/image\/"},"sameAs":["https:\/\/www.facebook.com\/people\/Stelvision\/100063368192331\/"]}]}},"_links":{"self":[{"href":"https:\/\/www.stelvision.com\/astro\/wp-json\/wp\/v2\/product\/47568","targetHints":{"allow":["GET"]}}],"collection":[{"href":"https:\/\/www.stelvision.com\/astro\/wp-json\/wp\/v2\/product"}],"about":[{"href":"https:\/\/www.stelvision.com\/astro\/wp-json\/wp\/v2\/types\/product"}],"wp:featuredmedia":[{"embeddable":true,"href":"https:\/\/www.stelvision.com\/astro\/wp-json\/wp\/v2\/media\/3424"}],"wp:attachment":[{"href":"https:\/\/www.stelvision.com\/astro\/wp-json\/wp\/v2\/media?parent=47568"}],"wp:term":[{"taxonomy":"product_brand","embeddable":true,"href":"https:\/\/www.stelvision.com\/astro\/wp-json\/wp\/v2\/product_brand?post=47568"},{"taxonomy":"product_cat","embeddable":true,"href":"https:\/\/www.stelvision.com\/astro\/wp-json\/wp\/v2\/product_cat?post=47568"},{"taxonomy":"product_tag","embeddable":true,"href":"https:\/\/www.stelvision.com\/astro\/wp-json\/wp\/v2\/product_tag?post=47568"}],"curies":[{"name":"wp","href":"https:\/\/api.w.org\/{rel}","templated":true}]}}