{"id":47983,"date":"2022-10-19T16:40:59","date_gmt":"2022-10-19T14:40:59","guid":{"rendered":"https:\/\/www.stelvision.com\/astro\/?post_type=product&#038;p=47983"},"modified":"2024-06-13T12:18:20","modified_gmt":"2024-06-13T10:18:20","slug":"le-ciel-a-loeil-nu-en-2023","status":"publish","type":"product","link":"https:\/\/www.stelvision.com\/astro\/boutique\/le-ciel-a-loeil-nu-en-2023\/","title":{"rendered":"Le Ciel \u00e0 l\u2019\u0153il nu en 2023"},"content":{"rendered":"<h2>Le programme des spectacles c\u00e9lestes !<\/h2>\n<p>Le Ciel \u00e0 l\u2019\u0153il nu est l\u2019ouvrage de r\u00e9f\u00e9rence des observateurs du ciel. Il vous guide en ville et en pleine nature pour pratiquer le plus simplement du monde l\u2019une des plus vieilles activit\u00e9s humaines : l\u2019observation du ciel \u00e9toil\u00e9, des plan\u00e8tes et de la Lune.<\/p>\n<p>Cette vingt et uni\u00e8me \u00e9dition est truff\u00e9e de r\u00e9cits d\u2019observations et de conseils, saupoudr\u00e9e de rappels mythologiques sur les constellations, \u00e9pic\u00e9e d\u2019informations encyclop\u00e9diques sur les plan\u00e8tes et les \u00e9toiles et d\u2019id\u00e9es pour observer ou photographier facilement les plus beaux rendez-vous entre les plan\u00e8tes, le Soleil et la Lune visibles de janvier \u00e0 d\u00e9cembre 2023.<\/p>\n<p>Observez les Pleines Lunes, la lumi\u00e8re zodiacale, une \u00e9clipse partielle de Lune, une occultation de V\u00e9nus, les aurores bor\u00e9ales, la Voie lact\u00e9e, et zoomez sur le trou noir central de notre galaxie.<\/p>\n<p>Apprenez \u00e0 photographier le ciel \u00e9toil\u00e9 et d\u00e9couvrez les R\u00e9serves internationales de ciel \u00e9toil\u00e9 de France m\u00e9tropolitaine.<\/p>\n<p>Un cahier pratique r\u00e9unit en d\u00e9but d\u2019ouvrage toutes les informations dont vous avez besoin pour observer le ciel ou choisir votre premier instrument.<\/p>\n<p>150 illustrations, sch\u00e9mas photographiques, cartes du ciel, images in\u00e9dites.<\/p>\n<p><small>de Guillaume Cannat | Editions AMDS | 144 pages | format 17cm x 24cm<\/small><\/p>\n<div class=\"boxFocus color1\"><strong>Avis Stelvision<\/strong> : on ne pr\u00e9sente plus Guillaume Cannat, dont les activit\u00e9s de journaliste (Ciel et Espace, Sciences et Avenir, &#8230;), de conf\u00e9rencier et d&rsquo;auteur ont aid\u00e9 de tr\u00e8s nombreuses personnes \u00e0 d\u00e9couvrir le ciel \u00e9toil\u00e9. Ses ouvrages \u00ab\u00a0Le Ciel \u00e0 l&rsquo;oeil nu\u00a0\u00bb et \u00ab\u00a0Le Guide du ciel\u00a0\u00bb sortent chaque ann\u00e9e dans une nouvelle \u00e9dition pour renouveler le plaisir de l&rsquo;observation en fonction des spectacles c\u00e9lestes que le ciel nous offre \u00e0 admirer.<\/div>\n","protected":false},"excerpt":{"rendered":"<p>Dans cette nouvelle \u00e9dition de ce grand classique \u00e9dit\u00e9 chaque ann\u00e9e depuis 20 ans, Guillaume Cannat nous guide mois par mois vers les nombreux spectacles c\u00e9lestes facilement observables en 2023.<\/p>\n","protected":false},"featured_media":47990,"template":"","meta":{"_acf_changed":false},"product_brand":[],"product_cat":[126],"product_tag":[],"class_list":{"0":"post-47983","1":"product","2":"type-product","3":"status-publish","4":"has-post-thumbnail","6":"product_cat-edition","7":"product_shipping_class-livre","9":"first","10":"outofstock","11":"taxable","12":"shipping-taxable","13":"purchasable","14":"product-type-simple"},"acf":[],"yoast_head":"<!-- This site is optimized with the Yoast SEO plugin v27.1.1 - https:\/\/yoast.com\/product\/yoast-seo-wordpress\/ -->\n<title>Le Ciel \u00e0 l\u2019\u0153il nu en 2023<\/title>\n<meta name=\"robots\" content=\"noindex, nofollow\" \/>\n<meta property=\"og:locale\" content=\"fr_FR\" \/>\n<meta property=\"og:type\" content=\"article\" \/>\n<meta property=\"og:title\" content=\"Le Ciel \u00e0 l\u2019\u0153il nu en 2023\" \/>\n<meta property=\"og:description\" content=\"Dans cette nouvelle \u00e9dition de ce grand classique \u00e9dit\u00e9 chaque ann\u00e9e depuis 20 ans, Guillaume Cannat nous guide mois par mois vers les nombreux spectacles c\u00e9lestes facilement observables en 2023.\" \/>\n<meta property=\"og:url\" content=\"https:\/\/www.stelvision.com\/astro\/boutique\/le-ciel-a-loeil-nu-en-2023\/\" \/>\n<meta property=\"og:site_name\" content=\"Stelvision\" \/>\n<meta property=\"article:publisher\" content=\"https:\/\/www.facebook.com\/people\/Stelvision\/100063368192331\/\" \/>\n<meta property=\"article:modified_time\" content=\"2024-06-13T10:18:20+00:00\" \/>\n<meta property=\"og:image\" content=\"https:\/\/www.stelvision.com\/astro\/wp-content\/uploads\/2022\/10\/ON2023-couverture-3D-1024.jpg\" \/>\n\t<meta property=\"og:image:width\" content=\"1024\" \/>\n\t<meta property=\"og:image:height\" content=\"1024\" \/>\n\t<meta property=\"og:image:type\" content=\"image\/jpeg\" \/>\n<meta name=\"twitter:card\" content=\"summary_large_image\" \/>\n<meta name=\"twitter:label1\" content=\"Dur\u00e9e de lecture estim\u00e9e\" \/>\n\t<meta name=\"twitter:data1\" content=\"2 minutes\" \/>\n<script type=\"application\/ld+json\" class=\"yoast-schema-graph\">{\"@context\":\"https:\/\/schema.org\",\"@graph\":[{\"@type\":\"WebPage\",\"@id\":\"https:\/\/www.stelvision.com\/astro\/boutique\/le-ciel-a-loeil-nu-en-2023\/\",\"url\":\"https:\/\/www.stelvision.com\/astro\/boutique\/le-ciel-a-loeil-nu-en-2023\/\",\"name\":\"Le Ciel \u00e0 l\u2019\u0153il nu en 2023\",\"isPartOf\":{\"@id\":\"https:\/\/www.stelvision.com\/astro\/#website\"},\"primaryImageOfPage\":{\"@id\":\"https:\/\/www.stelvision.com\/astro\/boutique\/le-ciel-a-loeil-nu-en-2023\/#primaryimage\"},\"image\":{\"@id\":\"https:\/\/www.stelvision.com\/astro\/boutique\/le-ciel-a-loeil-nu-en-2023\/#primaryimage\"},\"thumbnailUrl\":\"https:\/\/www.stelvision.com\/astro\/wp-content\/uploads\/2022\/10\/ON2023-couverture-3D-1024.jpg\",\"datePublished\":\"2022-10-19T14:40:59+00:00\",\"dateModified\":\"2024-06-13T10:18:20+00:00\",\"breadcrumb\":{\"@id\":\"https:\/\/www.stelvision.com\/astro\/boutique\/le-ciel-a-loeil-nu-en-2023\/#breadcrumb\"},\"inLanguage\":\"fr-FR\",\"potentialAction\":[{\"@type\":\"ReadAction\",\"target\":[\"https:\/\/www.stelvision.com\/astro\/boutique\/le-ciel-a-loeil-nu-en-2023\/\"]}]},{\"@type\":\"ImageObject\",\"inLanguage\":\"fr-FR\",\"@id\":\"https:\/\/www.stelvision.com\/astro\/boutique\/le-ciel-a-loeil-nu-en-2023\/#primaryimage\",\"url\":\"https:\/\/www.stelvision.com\/astro\/wp-content\/uploads\/2022\/10\/ON2023-couverture-3D-1024.jpg\",\"contentUrl\":\"https:\/\/www.stelvision.com\/astro\/wp-content\/uploads\/2022\/10\/ON2023-couverture-3D-1024.jpg\",\"width\":1024,\"height\":1024,\"caption\":\"couverture Le Ciel \u00e0 l'oeil nu en 2023\"},{\"@type\":\"BreadcrumbList\",\"@id\":\"https:\/\/www.stelvision.com\/astro\/boutique\/le-ciel-a-loeil-nu-en-2023\/#breadcrumb\",\"itemListElement\":[{\"@type\":\"ListItem\",\"position\":1,\"name\":\"Accueil\",\"item\":\"https:\/\/www.stelvision.com\/astro\/\"},{\"@type\":\"ListItem\",\"position\":2,\"name\":\"La Boutique Stelvision\",\"item\":\"https:\/\/www.stelvision.com\/astro\/boutique\/\"},{\"@type\":\"ListItem\",\"position\":3,\"name\":\"Le Ciel \u00e0 l\u2019\u0153il nu en 2023\"}]},{\"@type\":\"WebSite\",\"@id\":\"https:\/\/www.stelvision.com\/astro\/#website\",\"url\":\"https:\/\/www.stelvision.com\/astro\/\",\"name\":\"Stelvision\",\"description\":\"conseils, livres et mat\u00e9riel d&#039;observation du ciel\",\"publisher\":{\"@id\":\"https:\/\/www.stelvision.com\/astro\/#organization\"},\"potentialAction\":[{\"@type\":\"SearchAction\",\"target\":{\"@type\":\"EntryPoint\",\"urlTemplate\":\"https:\/\/www.stelvision.com\/astro\/?s={search_term_string}\"},\"query-input\":{\"@type\":\"PropertyValueSpecification\",\"valueRequired\":true,\"valueName\":\"search_term_string\"}}],\"inLanguage\":\"fr-FR\"},{\"@type\":\"Organization\",\"@id\":\"https:\/\/www.stelvision.com\/astro\/#organization\",\"name\":\"Stelvision\",\"url\":\"https:\/\/www.stelvision.com\/astro\/\",\"logo\":{\"@type\":\"ImageObject\",\"inLanguage\":\"fr-FR\",\"@id\":\"https:\/\/www.stelvision.com\/astro\/#\/schema\/logo\/image\/\",\"url\":\"https:\/\/www.stelvision.com\/astro\/wp-content\/uploads\/2019\/03\/logo_lisse_bleu_Stelvision_600.png\",\"contentUrl\":\"https:\/\/www.stelvision.com\/astro\/wp-content\/uploads\/2019\/03\/logo_lisse_bleu_Stelvision_600.png\",\"width\":600,\"height\":277,\"caption\":\"Stelvision\"},\"image\":{\"@id\":\"https:\/\/www.stelvision.com\/astro\/#\/schema\/logo\/image\/\"},\"sameAs\":[\"https:\/\/www.facebook.com\/people\/Stelvision\/100063368192331\/\"]}]}<\/script>\n<!-- \/ Yoast SEO plugin. -->","yoast_head_json":{"title":"Le Ciel \u00e0 l\u2019\u0153il nu en 2023","robots":{"index":"noindex","follow":"nofollow"},"og_locale":"fr_FR","og_type":"article","og_title":"Le Ciel \u00e0 l\u2019\u0153il nu en 2023","og_description":"Dans cette nouvelle \u00e9dition de ce grand classique \u00e9dit\u00e9 chaque ann\u00e9e depuis 20 ans, Guillaume Cannat nous guide mois par mois vers les nombreux spectacles c\u00e9lestes facilement observables en 2023.","og_url":"https:\/\/www.stelvision.com\/astro\/boutique\/le-ciel-a-loeil-nu-en-2023\/","og_site_name":"Stelvision","article_publisher":"https:\/\/www.facebook.com\/people\/Stelvision\/100063368192331\/","article_modified_time":"2024-06-13T10:18:20+00:00","og_image":[{"width":1024,"height":1024,"url":"https:\/\/www.stelvision.com\/astro\/wp-content\/uploads\/2022\/10\/ON2023-couverture-3D-1024.jpg","type":"image\/jpeg"}],"twitter_card":"summary_large_image","twitter_misc":{"Dur\u00e9e de lecture estim\u00e9e":"2 minutes"},"schema":{"@context":"https:\/\/schema.org","@graph":[{"@type":"WebPage","@id":"https:\/\/www.stelvision.com\/astro\/boutique\/le-ciel-a-loeil-nu-en-2023\/","url":"https:\/\/www.stelvision.com\/astro\/boutique\/le-ciel-a-loeil-nu-en-2023\/","name":"Le Ciel \u00e0 l\u2019\u0153il nu en 2023","isPartOf":{"@id":"https:\/\/www.stelvision.com\/astro\/#website"},"primaryImageOfPage":{"@id":"https:\/\/www.stelvision.com\/astro\/boutique\/le-ciel-a-loeil-nu-en-2023\/#primaryimage"},"image":{"@id":"https:\/\/www.stelvision.com\/astro\/boutique\/le-ciel-a-loeil-nu-en-2023\/#primaryimage"},"thumbnailUrl":"https:\/\/www.stelvision.com\/astro\/wp-content\/uploads\/2022\/10\/ON2023-couverture-3D-1024.jpg","datePublished":"2022-10-19T14:40:59+00:00","dateModified":"2024-06-13T10:18:20+00:00","breadcrumb":{"@id":"https:\/\/www.stelvision.com\/astro\/boutique\/le-ciel-a-loeil-nu-en-2023\/#breadcrumb"},"inLanguage":"fr-FR","potentialAction":[{"@type":"ReadAction","target":["https:\/\/www.stelvision.com\/astro\/boutique\/le-ciel-a-loeil-nu-en-2023\/"]}]},{"@type":"ImageObject","inLanguage":"fr-FR","@id":"https:\/\/www.stelvision.com\/astro\/boutique\/le-ciel-a-loeil-nu-en-2023\/#primaryimage","url":"https:\/\/www.stelvision.com\/astro\/wp-content\/uploads\/2022\/10\/ON2023-couverture-3D-1024.jpg","contentUrl":"https:\/\/www.stelvision.com\/astro\/wp-content\/uploads\/2022\/10\/ON2023-couverture-3D-1024.jpg","width":1024,"height":1024,"caption":"couverture Le Ciel \u00e0 l'oeil nu en 2023"},{"@type":"BreadcrumbList","@id":"https:\/\/www.stelvision.com\/astro\/boutique\/le-ciel-a-loeil-nu-en-2023\/#breadcrumb","itemListElement":[{"@type":"ListItem","position":1,"name":"Accueil","item":"https:\/\/www.stelvision.com\/astro\/"},{"@type":"ListItem","position":2,"name":"La Boutique Stelvision","item":"https:\/\/www.stelvision.com\/astro\/boutique\/"},{"@type":"ListItem","position":3,"name":"Le Ciel \u00e0 l\u2019\u0153il nu en 2023"}]},{"@type":"WebSite","@id":"https:\/\/www.stelvision.com\/astro\/#website","url":"https:\/\/www.stelvision.com\/astro\/","name":"Stelvision","description":"conseils, livres et mat\u00e9riel d&#039;observation du ciel","publisher":{"@id":"https:\/\/www.stelvision.com\/astro\/#organization"},"potentialAction":[{"@type":"SearchAction","target":{"@type":"EntryPoint","urlTemplate":"https:\/\/www.stelvision.com\/astro\/?s={search_term_string}"},"query-input":{"@type":"PropertyValueSpecification","valueRequired":true,"valueName":"search_term_string"}}],"inLanguage":"fr-FR"},{"@type":"Organization","@id":"https:\/\/www.stelvision.com\/astro\/#organization","name":"Stelvision","url":"https:\/\/www.stelvision.com\/astro\/","logo":{"@type":"ImageObject","inLanguage":"fr-FR","@id":"https:\/\/www.stelvision.com\/astro\/#\/schema\/logo\/image\/","url":"https:\/\/www.stelvision.com\/astro\/wp-content\/uploads\/2019\/03\/logo_lisse_bleu_Stelvision_600.png","contentUrl":"https:\/\/www.stelvision.com\/astro\/wp-content\/uploads\/2019\/03\/logo_lisse_bleu_Stelvision_600.png","width":600,"height":277,"caption":"Stelvision"},"image":{"@id":"https:\/\/www.stelvision.com\/astro\/#\/schema\/logo\/image\/"},"sameAs":["https:\/\/www.facebook.com\/people\/Stelvision\/100063368192331\/"]}]}},"_links":{"self":[{"href":"https:\/\/www.stelvision.com\/astro\/wp-json\/wp\/v2\/product\/47983","targetHints":{"allow":["GET"]}}],"collection":[{"href":"https:\/\/www.stelvision.com\/astro\/wp-json\/wp\/v2\/product"}],"about":[{"href":"https:\/\/www.stelvision.com\/astro\/wp-json\/wp\/v2\/types\/product"}],"wp:featuredmedia":[{"embeddable":true,"href":"https:\/\/www.stelvision.com\/astro\/wp-json\/wp\/v2\/media\/47990"}],"wp:attachment":[{"href":"https:\/\/www.stelvision.com\/astro\/wp-json\/wp\/v2\/media?parent=47983"}],"wp:term":[{"taxonomy":"product_brand","embeddable":true,"href":"https:\/\/www.stelvision.com\/astro\/wp-json\/wp\/v2\/product_brand?post=47983"},{"taxonomy":"product_cat","embeddable":true,"href":"https:\/\/www.stelvision.com\/astro\/wp-json\/wp\/v2\/product_cat?post=47983"},{"taxonomy":"product_tag","embeddable":true,"href":"https:\/\/www.stelvision.com\/astro\/wp-json\/wp\/v2\/product_tag?post=47983"}],"curies":[{"name":"wp","href":"https:\/\/api.w.org\/{rel}","templated":true}]}}