{"id":52211,"date":"2023-02-06T14:39:16","date_gmt":"2023-02-06T13:39:16","guid":{"rendered":"https:\/\/www.stelvision.com\/astro\/?post_type=product&#038;p=52211"},"modified":"2026-04-14T02:39:22","modified_gmt":"2026-04-14T00:39:22","slug":"lampe-frontale-a-eclairage-rouge-et-blanc-rechargeable-ultra-compacte","status":"publish","type":"product","link":"https:\/\/www.stelvision.com\/astro\/boutique\/lampe-frontale-a-eclairage-rouge-et-blanc-rechargeable-ultra-compacte\/","title":{"rendered":"Lampe frontale \u00e0 \u00e9clairage rouge et blanc, rechargeable ultra-compacte"},"content":{"rendered":"<p>Pour vous \u00e9clairer sous les \u00e9toiles pendant vos s\u00e9ances d&rsquo;observation du ciel, un <strong>\u00e9clairage rouge<\/strong> est indispensable. Il vous permet de r\u00e9gler votre mat\u00e9riel ou de consulter vos cartes et guides du ciel tout en pr\u00e9servant la <strong>sensibilit\u00e9 de vos yeux en vision nocturne<\/strong>.<br \/>\nStelvision a s\u00e9lectionn\u00e9 pour vous le mod\u00e8le Bindi de la marque Petzl, marque fran\u00e7aise de renomm\u00e9e mondiale. Il r\u00e9unit en effet plusieurs caract\u00e9ristiques int\u00e9ressantes pour l&rsquo;<strong>astronomie<\/strong> :<\/p>\n<ul>\n<li><strong>deux couleurs d&rsquo;\u00e9clairage<\/strong> : rouge pour pr\u00e9server votre vision, blanc pour ranger le mat\u00e9riel \u00e0 la fin de vos observations<\/li>\n<li><strong>un \u00e9clairage doux<\/strong>, contrairement \u00e0 beaucoup de lampes qui rivalisent de puissance et qui tendent \u00e0 \u00e9blouir l&rsquo;utilisateur et son entourage m\u00eame en mode rouge<\/li>\n<li>une <strong>compacit\u00e9<\/strong> et une <strong>l\u00e9g\u00e8ret\u00e9<\/strong> (35 grammes seulement) qui vous permettent de l&#8217;emmener partout et de la garder en permanence sur la t\u00eate ou autour du cou, sans aucune g\u00eane<\/li>\n<li>la lampe Bindi est \u00e9quip\u00e9e d&rsquo;une <strong>batterie Lithium-Ion rechargeable<\/strong> via une prise micro USB (c\u00e2ble fourni), avec t\u00e9moin de charge ; l&rsquo;autonomie en mode rouge est de 33 heures.<\/li>\n<\/ul>\n<p>Vous appr\u00e9cierez \u00e9galement cette lampe lors d&rsquo;activit\u00e9s de <strong>sport au quotidien<\/strong> :<\/p>\n<ul>\n<li>pour son bandeau fin et a\u00e9r\u00e9 muni d&rsquo;un\u00a0fil r\u00e9fl\u00e9chissant<\/li>\n<li>pour son \u00e9clairage blanc modulable en puissance et pour le mode clignotant de l&rsquo;\u00e9clairage rouge.<\/li>\n<\/ul>\n<p>Deux fonctions de verrouillage permettent d&rsquo;\u00e9viter les allumages intempestifs lors du transport\/stockage : verrouillage m\u00e9canique en faisant pivoter la lampe sur son support, verrouillage \u00e9lectronique en appuyant 4 secondes sur le bouton d&rsquo;allumage.<\/p>\n<p>Produit de marque fran\u00e7aise, fabriqu\u00e9 en Europe (Hongrie).<\/p>\n<p>Sp\u00e9cifications :<\/p>\n<ul>\n<li>Puissance : 200 lumens (ANSI\/PLATO FL 1)<\/li>\n<li>Poids : 35g<\/li>\n<li>Type de faisceaux : large<\/li>\n<li>Alimentation : batterie rechargeable 680 mAh<\/li>\n<li>Certification(s) : CE, UKCA<\/li>\n<li>\u00c9tanch\u00e9it\u00e9 : IPX4 (r\u00e9sistant aux intemp\u00e9ries)<\/li>\n<li>Autonomie : 33 h en mode rouge fixe, 200 h en mode rouge clignotant<\/li>\n<li>Autonomie : 3 h en mode blanc standard, 2 h en mode blanc maximal, 50 h en mode blanc \u00e9conomique<\/li>\n<li>Garantie : 3 ans ou 300 cycles de charge<\/li>\n<li>Couleur : noir<\/li>\n<\/ul>\n","protected":false},"excerpt":{"rendered":"<p><span class=\"color2\">\u00a0Nouveau\u00a0<\/span>\u00a0Ce mod\u00e8le rechargeable de marque Petzl est parfait pour un usage astronomique r\u00e9gulier.<\/p>\n","protected":false},"featured_media":52550,"template":"","meta":{"_acf_changed":false},"product_brand":[],"product_cat":[126,127],"product_tag":[],"class_list":{"0":"post-52211","1":"product","2":"type-product","3":"status-publish","4":"has-post-thumbnail","6":"product_cat-edition","7":"product_cat-telescopes-lunettes","8":"product_shipping_class-easyscope-oculaires-accessoires","10":"first","11":"instock","12":"taxable","13":"shipping-taxable","14":"purchasable","15":"product-type-simple"},"acf":[],"yoast_head":"<!-- This site is optimized with the Yoast SEO plugin v27.1.1 - https:\/\/yoast.com\/product\/yoast-seo-wordpress\/ -->\n<title>Lampe frontale \u00e0 \u00e9clairage rouge et blanc, rechargeable ultra-compacte<\/title>\n<meta name=\"description\" content=\"Ce mod\u00e8le rechargeable de marque Petzl est parfait pour un usage astronomique r\u00e9gulier.\" \/>\n<meta name=\"robots\" content=\"index, follow, max-snippet:-1, max-image-preview:large, max-video-preview:-1\" \/>\n<link rel=\"canonical\" href=\"https:\/\/www.stelvision.com\/astro\/boutique\/lampe-frontale-a-eclairage-rouge-et-blanc-rechargeable-ultra-compacte\/\" \/>\n<meta property=\"og:locale\" content=\"fr_FR\" \/>\n<meta property=\"og:type\" content=\"article\" \/>\n<meta property=\"og:title\" content=\"Lampe frontale \u00e0 \u00e9clairage rouge et blanc, rechargeable ultra-compacte\" \/>\n<meta property=\"og:description\" content=\"Ce mod\u00e8le rechargeable de marque Petzl est parfait pour un usage astronomique r\u00e9gulier.\" \/>\n<meta property=\"og:url\" content=\"https:\/\/www.stelvision.com\/astro\/boutique\/lampe-frontale-a-eclairage-rouge-et-blanc-rechargeable-ultra-compacte\/\" \/>\n<meta property=\"og:site_name\" content=\"Stelvision\" \/>\n<meta property=\"article:publisher\" content=\"https:\/\/www.facebook.com\/people\/Stelvision\/100063368192331\/\" \/>\n<meta property=\"article:modified_time\" content=\"2026-04-14T00:39:22+00:00\" \/>\n<meta property=\"og:image\" content=\"https:\/\/www.stelvision.com\/astro\/wp-content\/uploads\/2023\/02\/E102AA00-BINDI_LowRes.jpeg\" \/>\n\t<meta property=\"og:image:width\" content=\"1200\" \/>\n\t<meta property=\"og:image:height\" content=\"1199\" \/>\n\t<meta property=\"og:image:type\" content=\"image\/jpeg\" \/>\n<meta name=\"twitter:card\" content=\"summary_large_image\" \/>\n<meta name=\"twitter:label1\" content=\"Dur\u00e9e de lecture estim\u00e9e\" \/>\n\t<meta name=\"twitter:data1\" content=\"2 minutes\" \/>\n<script type=\"application\/ld+json\" class=\"yoast-schema-graph\">{\"@context\":\"https:\/\/schema.org\",\"@graph\":[{\"@type\":\"WebPage\",\"@id\":\"https:\/\/www.stelvision.com\/astro\/boutique\/lampe-frontale-a-eclairage-rouge-et-blanc-rechargeable-ultra-compacte\/\",\"url\":\"https:\/\/www.stelvision.com\/astro\/boutique\/lampe-frontale-a-eclairage-rouge-et-blanc-rechargeable-ultra-compacte\/\",\"name\":\"Lampe frontale \u00e0 \u00e9clairage rouge et blanc, rechargeable ultra-compacte\",\"isPartOf\":{\"@id\":\"https:\/\/www.stelvision.com\/astro\/#website\"},\"primaryImageOfPage\":{\"@id\":\"https:\/\/www.stelvision.com\/astro\/boutique\/lampe-frontale-a-eclairage-rouge-et-blanc-rechargeable-ultra-compacte\/#primaryimage\"},\"image\":{\"@id\":\"https:\/\/www.stelvision.com\/astro\/boutique\/lampe-frontale-a-eclairage-rouge-et-blanc-rechargeable-ultra-compacte\/#primaryimage\"},\"thumbnailUrl\":\"https:\/\/www.stelvision.com\/astro\/wp-content\/uploads\/2023\/02\/E102AA00-BINDI_LowRes.jpeg\",\"datePublished\":\"2023-02-06T13:39:16+00:00\",\"dateModified\":\"2026-04-14T00:39:22+00:00\",\"description\":\"Ce mod\u00e8le rechargeable de marque Petzl est parfait pour un usage astronomique r\u00e9gulier.\",\"breadcrumb\":{\"@id\":\"https:\/\/www.stelvision.com\/astro\/boutique\/lampe-frontale-a-eclairage-rouge-et-blanc-rechargeable-ultra-compacte\/#breadcrumb\"},\"inLanguage\":\"fr-FR\",\"potentialAction\":[{\"@type\":\"ReadAction\",\"target\":[\"https:\/\/www.stelvision.com\/astro\/boutique\/lampe-frontale-a-eclairage-rouge-et-blanc-rechargeable-ultra-compacte\/\"]}]},{\"@type\":\"ImageObject\",\"inLanguage\":\"fr-FR\",\"@id\":\"https:\/\/www.stelvision.com\/astro\/boutique\/lampe-frontale-a-eclairage-rouge-et-blanc-rechargeable-ultra-compacte\/#primaryimage\",\"url\":\"https:\/\/www.stelvision.com\/astro\/wp-content\/uploads\/2023\/02\/E102AA00-BINDI_LowRes.jpeg\",\"contentUrl\":\"https:\/\/www.stelvision.com\/astro\/wp-content\/uploads\/2023\/02\/E102AA00-BINDI_LowRes.jpeg\",\"width\":1200,\"height\":1199,\"caption\":\"photo lampe frontale ultra-compacte rechargeable \u00e0 \u00e9clairage rouge Petzl Bindi, vue g\u00e9n\u00e9rale\"},{\"@type\":\"BreadcrumbList\",\"@id\":\"https:\/\/www.stelvision.com\/astro\/boutique\/lampe-frontale-a-eclairage-rouge-et-blanc-rechargeable-ultra-compacte\/#breadcrumb\",\"itemListElement\":[{\"@type\":\"ListItem\",\"position\":1,\"name\":\"Accueil\",\"item\":\"https:\/\/www.stelvision.com\/astro\/\"},{\"@type\":\"ListItem\",\"position\":2,\"name\":\"La Boutique Stelvision\",\"item\":\"https:\/\/www.stelvision.com\/astro\/boutique\/\"},{\"@type\":\"ListItem\",\"position\":3,\"name\":\"Lampe frontale \u00e0 \u00e9clairage rouge et blanc, rechargeable ultra-compacte\"}]},{\"@type\":\"WebSite\",\"@id\":\"https:\/\/www.stelvision.com\/astro\/#website\",\"url\":\"https:\/\/www.stelvision.com\/astro\/\",\"name\":\"Stelvision\",\"description\":\"conseils, livres et mat\u00e9riel d&#039;observation du ciel\",\"publisher\":{\"@id\":\"https:\/\/www.stelvision.com\/astro\/#organization\"},\"potentialAction\":[{\"@type\":\"SearchAction\",\"target\":{\"@type\":\"EntryPoint\",\"urlTemplate\":\"https:\/\/www.stelvision.com\/astro\/?s={search_term_string}\"},\"query-input\":{\"@type\":\"PropertyValueSpecification\",\"valueRequired\":true,\"valueName\":\"search_term_string\"}}],\"inLanguage\":\"fr-FR\"},{\"@type\":\"Organization\",\"@id\":\"https:\/\/www.stelvision.com\/astro\/#organization\",\"name\":\"Stelvision\",\"url\":\"https:\/\/www.stelvision.com\/astro\/\",\"logo\":{\"@type\":\"ImageObject\",\"inLanguage\":\"fr-FR\",\"@id\":\"https:\/\/www.stelvision.com\/astro\/#\/schema\/logo\/image\/\",\"url\":\"https:\/\/www.stelvision.com\/astro\/wp-content\/uploads\/2019\/03\/logo_lisse_bleu_Stelvision_600.png\",\"contentUrl\":\"https:\/\/www.stelvision.com\/astro\/wp-content\/uploads\/2019\/03\/logo_lisse_bleu_Stelvision_600.png\",\"width\":600,\"height\":277,\"caption\":\"Stelvision\"},\"image\":{\"@id\":\"https:\/\/www.stelvision.com\/astro\/#\/schema\/logo\/image\/\"},\"sameAs\":[\"https:\/\/www.facebook.com\/people\/Stelvision\/100063368192331\/\"]}]}<\/script>\n<!-- \/ Yoast SEO plugin. -->","yoast_head_json":{"title":"Lampe frontale \u00e0 \u00e9clairage rouge et blanc, rechargeable ultra-compacte","description":"Ce mod\u00e8le rechargeable de marque Petzl est parfait pour un usage astronomique r\u00e9gulier.","robots":{"index":"index","follow":"follow","max-snippet":"max-snippet:-1","max-image-preview":"max-image-preview:large","max-video-preview":"max-video-preview:-1"},"canonical":"https:\/\/www.stelvision.com\/astro\/boutique\/lampe-frontale-a-eclairage-rouge-et-blanc-rechargeable-ultra-compacte\/","og_locale":"fr_FR","og_type":"article","og_title":"Lampe frontale \u00e0 \u00e9clairage rouge et blanc, rechargeable ultra-compacte","og_description":"Ce mod\u00e8le rechargeable de marque Petzl est parfait pour un usage astronomique r\u00e9gulier.","og_url":"https:\/\/www.stelvision.com\/astro\/boutique\/lampe-frontale-a-eclairage-rouge-et-blanc-rechargeable-ultra-compacte\/","og_site_name":"Stelvision","article_publisher":"https:\/\/www.facebook.com\/people\/Stelvision\/100063368192331\/","article_modified_time":"2026-04-14T00:39:22+00:00","og_image":[{"width":1200,"height":1199,"url":"https:\/\/www.stelvision.com\/astro\/wp-content\/uploads\/2023\/02\/E102AA00-BINDI_LowRes.jpeg","type":"image\/jpeg"}],"twitter_card":"summary_large_image","twitter_misc":{"Dur\u00e9e de lecture estim\u00e9e":"2 minutes"},"schema":{"@context":"https:\/\/schema.org","@graph":[{"@type":"WebPage","@id":"https:\/\/www.stelvision.com\/astro\/boutique\/lampe-frontale-a-eclairage-rouge-et-blanc-rechargeable-ultra-compacte\/","url":"https:\/\/www.stelvision.com\/astro\/boutique\/lampe-frontale-a-eclairage-rouge-et-blanc-rechargeable-ultra-compacte\/","name":"Lampe frontale \u00e0 \u00e9clairage rouge et blanc, rechargeable ultra-compacte","isPartOf":{"@id":"https:\/\/www.stelvision.com\/astro\/#website"},"primaryImageOfPage":{"@id":"https:\/\/www.stelvision.com\/astro\/boutique\/lampe-frontale-a-eclairage-rouge-et-blanc-rechargeable-ultra-compacte\/#primaryimage"},"image":{"@id":"https:\/\/www.stelvision.com\/astro\/boutique\/lampe-frontale-a-eclairage-rouge-et-blanc-rechargeable-ultra-compacte\/#primaryimage"},"thumbnailUrl":"https:\/\/www.stelvision.com\/astro\/wp-content\/uploads\/2023\/02\/E102AA00-BINDI_LowRes.jpeg","datePublished":"2023-02-06T13:39:16+00:00","dateModified":"2026-04-14T00:39:22+00:00","description":"Ce mod\u00e8le rechargeable de marque Petzl est parfait pour un usage astronomique r\u00e9gulier.","breadcrumb":{"@id":"https:\/\/www.stelvision.com\/astro\/boutique\/lampe-frontale-a-eclairage-rouge-et-blanc-rechargeable-ultra-compacte\/#breadcrumb"},"inLanguage":"fr-FR","potentialAction":[{"@type":"ReadAction","target":["https:\/\/www.stelvision.com\/astro\/boutique\/lampe-frontale-a-eclairage-rouge-et-blanc-rechargeable-ultra-compacte\/"]}]},{"@type":"ImageObject","inLanguage":"fr-FR","@id":"https:\/\/www.stelvision.com\/astro\/boutique\/lampe-frontale-a-eclairage-rouge-et-blanc-rechargeable-ultra-compacte\/#primaryimage","url":"https:\/\/www.stelvision.com\/astro\/wp-content\/uploads\/2023\/02\/E102AA00-BINDI_LowRes.jpeg","contentUrl":"https:\/\/www.stelvision.com\/astro\/wp-content\/uploads\/2023\/02\/E102AA00-BINDI_LowRes.jpeg","width":1200,"height":1199,"caption":"photo lampe frontale ultra-compacte rechargeable \u00e0 \u00e9clairage rouge Petzl Bindi, vue g\u00e9n\u00e9rale"},{"@type":"BreadcrumbList","@id":"https:\/\/www.stelvision.com\/astro\/boutique\/lampe-frontale-a-eclairage-rouge-et-blanc-rechargeable-ultra-compacte\/#breadcrumb","itemListElement":[{"@type":"ListItem","position":1,"name":"Accueil","item":"https:\/\/www.stelvision.com\/astro\/"},{"@type":"ListItem","position":2,"name":"La Boutique Stelvision","item":"https:\/\/www.stelvision.com\/astro\/boutique\/"},{"@type":"ListItem","position":3,"name":"Lampe frontale \u00e0 \u00e9clairage rouge et blanc, rechargeable ultra-compacte"}]},{"@type":"WebSite","@id":"https:\/\/www.stelvision.com\/astro\/#website","url":"https:\/\/www.stelvision.com\/astro\/","name":"Stelvision","description":"conseils, livres et mat\u00e9riel d&#039;observation du ciel","publisher":{"@id":"https:\/\/www.stelvision.com\/astro\/#organization"},"potentialAction":[{"@type":"SearchAction","target":{"@type":"EntryPoint","urlTemplate":"https:\/\/www.stelvision.com\/astro\/?s={search_term_string}"},"query-input":{"@type":"PropertyValueSpecification","valueRequired":true,"valueName":"search_term_string"}}],"inLanguage":"fr-FR"},{"@type":"Organization","@id":"https:\/\/www.stelvision.com\/astro\/#organization","name":"Stelvision","url":"https:\/\/www.stelvision.com\/astro\/","logo":{"@type":"ImageObject","inLanguage":"fr-FR","@id":"https:\/\/www.stelvision.com\/astro\/#\/schema\/logo\/image\/","url":"https:\/\/www.stelvision.com\/astro\/wp-content\/uploads\/2019\/03\/logo_lisse_bleu_Stelvision_600.png","contentUrl":"https:\/\/www.stelvision.com\/astro\/wp-content\/uploads\/2019\/03\/logo_lisse_bleu_Stelvision_600.png","width":600,"height":277,"caption":"Stelvision"},"image":{"@id":"https:\/\/www.stelvision.com\/astro\/#\/schema\/logo\/image\/"},"sameAs":["https:\/\/www.facebook.com\/people\/Stelvision\/100063368192331\/"]}]}},"_links":{"self":[{"href":"https:\/\/www.stelvision.com\/astro\/wp-json\/wp\/v2\/product\/52211","targetHints":{"allow":["GET"]}}],"collection":[{"href":"https:\/\/www.stelvision.com\/astro\/wp-json\/wp\/v2\/product"}],"about":[{"href":"https:\/\/www.stelvision.com\/astro\/wp-json\/wp\/v2\/types\/product"}],"wp:featuredmedia":[{"embeddable":true,"href":"https:\/\/www.stelvision.com\/astro\/wp-json\/wp\/v2\/media\/52550"}],"wp:attachment":[{"href":"https:\/\/www.stelvision.com\/astro\/wp-json\/wp\/v2\/media?parent=52211"}],"wp:term":[{"taxonomy":"product_brand","embeddable":true,"href":"https:\/\/www.stelvision.com\/astro\/wp-json\/wp\/v2\/product_brand?post=52211"},{"taxonomy":"product_cat","embeddable":true,"href":"https:\/\/www.stelvision.com\/astro\/wp-json\/wp\/v2\/product_cat?post=52211"},{"taxonomy":"product_tag","embeddable":true,"href":"https:\/\/www.stelvision.com\/astro\/wp-json\/wp\/v2\/product_tag?post=52211"}],"curies":[{"name":"wp","href":"https:\/\/api.w.org\/{rel}","templated":true}]}}