{"id":53937,"date":"2023-05-02T17:13:38","date_gmt":"2023-05-02T15:13:38","guid":{"rendered":"https:\/\/www.stelvision.com\/astro\/?post_type=product&#038;p=53937"},"modified":"2026-05-07T16:17:46","modified_gmt":"2026-05-07T14:17:46","slug":"trepied-photo-jumelles-star-64","status":"publish","type":"product","link":"https:\/\/www.stelvision.com\/astro\/boutique\/trepied-photo-jumelles-star-64\/","title":{"rendered":"Tr\u00e9pied pour jumelles et appareils photo"},"content":{"rendered":"<p>Ce tr\u00e9pied Star 64 de la marque Hama est pratique, facile \u00e0 transporter et abordable. Il permet de fixer des jumelles compatibles(*) pour des observations sans tremblement. L&rsquo;image appara\u00eet ainsi plus d\u00e9taill\u00e9e, en particulier lorsqu&rsquo;on observe les crat\u00e8res de la Lune ou des objets du ciel profond difficiles \u00e0 d\u00e9celer. Bien entendu, ce tr\u00e9pied permet \u00e9galement de fixer tout appareil photo muni du pas de vis \u00ab\u00a0Kodak\u00a0\u00bb standard (1\/4&Prime;).<\/p>\n<p>(*) Compatibilit\u00e9 avec vos jumelles :<\/p>\n<ul>\n<li>Compatible avec les <a href=\"https:\/\/www.stelvision.com\/astro\/boutique\/jumelles-10x50-st2\/\">jumelles 10&#215;50 ST2<\/a> munies d&rsquo;un <a href=\"https:\/\/www.stelvision.com\/astro\/boutique\/adaptateur-trepied-pour-jumelles-en-metal\/\">adaptateur<\/a> (fourni avec les jumelles)<\/li>\n<li>Compatible avec toutes autres jumelles munies du pas de vis \u00ab\u00a0Kodak\u00a0\u00bb standard (1\/4&Prime;) et d&rsquo;un <a href=\"https:\/\/www.stelvision.com\/astro\/boutique\/adaptateur-trepied-pour-jumelles-en-metal\/\">adaptateur<\/a><\/li>\n<li>Compatible avec le <a href=\"https:\/\/www.stelvision.com\/astro\/boutique\/easyscope\/\">monoculaire easyScope<\/a> ainsi que tous les monoculaires ou longues-vues munis du pas de vis \u00ab\u00a0Kodak\u00a0\u00bb standard (1\/4&Prime;) sans besoin d&rsquo;adaptateur<\/li>\n<li>Non compatible avec les jumelles Noctua \u00ab\u00a0Yeux de hibou\u00a0\u00bb (qui n&rsquo;ont pas besoin de tr\u00e9pied)<\/li>\n<\/ul>\n<div class=\"stel-collapsible-wrapper\">\t<input id=\"stel-collapsible__uid__1\" class=\"stel-collapsible-toggle\" type=\"checkbox\">\t<label for=\"stel-collapsible__uid__1\" class=\"stel-collapsible-label-toggle\" tabindex=\"0\">Plus de d\u00e9tails produit\t<\/label>\t<div class=\"stel-collapsible-content\">\t\t<div class=\"stel-collapsible-content-body\"><\/p>\n<ul>\n<li>Tr\u00e9pied pour cam\u00e9ras et appareils photographiques pour des images sans secousses et une bonne stabilit\u00e9 sur les sols in\u00e9gaux<\/li>\n<li>Niveau \u00e0 bulle d\u2019air int\u00e9gr\u00e9 dans la t\u00eate du tr\u00e9pied et indicateur de niveau \u00e0 la base<\/li>\n<li>Avec manivelle pour un r\u00e9glage continu en hauteur du montant central<\/li>\n<li>Entretoises blocables et pieds en caoutchouc flexibles pour une tenue stable sur des surfaces in\u00e9gales<\/li>\n<li>Serrages rapides fonctionnels pour un blocage rapide et simple de la longueur des pieds dans chaque position<\/li>\n<li>Poign\u00e9e<\/li>\n<li>Avec crochet de lest pour une meilleure adh\u00e9rence au sol en cas de vent ou dans les terrains impraticables<\/li>\n<li>Avec sac de transport<\/li>\n<\/ul>\n<p>\t\t<\/div>\t<\/div><\/div>\n<div class=\"stel-collapsible-wrapper\">\t<input id=\"stel-collapsible__uid__2\" class=\"stel-collapsible-toggle\" type=\"checkbox\">\t<label for=\"stel-collapsible__uid__2\" class=\"stel-collapsible-label-toggle\" tabindex=\"0\">Caract\u00e9ristiques\t<\/label>\t<div class=\"stel-collapsible-content\">\t\t<div class=\"stel-collapsible-content-body\"><\/p>\n<table class=\"table table-striped\">\n<tbody>\n<tr>\n<td>Charge maximale<\/td>\n<td>4000 g<\/td>\n<\/tr>\n<tr>\n<td>Jambes<\/td>\n<td>3 \u00e9l\u00e9ments (2 t\u00e9l\u00e9scopiques)<\/td>\n<\/tr>\n<tr>\n<td>Livr\u00e9 avec t\u00eate<\/td>\n<td>3D: 3-Way Head<\/td>\n<\/tr>\n<tr>\n<td>Pas de vis<\/td>\n<td>1\/4&Prime; (6,4 mm)<\/td>\n<\/tr>\n<tr>\n<td>Mati\u00e8re<\/td>\n<td>Aluminium<\/td>\n<\/tr>\n<tr>\n<td>Rev\u00eatement des surfaces de pr\u00e9hension<\/td>\n<td>Plastique<\/td>\n<\/tr>\n<tr>\n<td>Epaisseur du profil\u00e9<\/td>\n<td>26,7 mm<\/td>\n<\/tr>\n<tr>\n<td>Hauteur min. &#8211; hauteur max.<\/td>\n<td>69 -185 cm<\/td>\n<\/tr>\n<tr>\n<td>Poids<\/td>\n<td>1660 g<\/td>\n<\/tr>\n<tr>\n<td>R\u00e9glage en hauteur de la colonne centrale<\/td>\n<td>A cr\u00e9maill\u00e8re<\/td>\n<\/tr>\n<tr>\n<td>Garantie<\/td>\n<td>2 ans de garantie l\u00e9gale<\/td>\n<\/tr>\n<\/tbody>\n<\/table>\n<p>\t\t<\/div>\t<\/div><\/div>\n","protected":false},"excerpt":{"rendered":"<p>Ce tr\u00e9pied Star 64 de la marque Hama est pratique, facile \u00e0 transporter et abordable. Il permet de fixer des jumelles pour des observations sans tremblement, ou bien un appareil photo muni du pas de vis standard (1\/4&Prime;).<\/p>\n","protected":false},"featured_media":53931,"template":"","meta":{"_acf_changed":false},"product_brand":[],"product_cat":[331],"product_tag":[],"class_list":{"0":"post-53937","1":"product","2":"type-product","3":"status-publish","4":"has-post-thumbnail","6":"product_cat-jumelles","7":"product_shipping_class-sac","9":"first","10":"instock","11":"taxable","12":"shipping-taxable","13":"purchasable","14":"product-type-simple"},"acf":[],"yoast_head":"<!-- This site is optimized with the Yoast SEO plugin v27.1.1 - https:\/\/yoast.com\/product\/yoast-seo-wordpress\/ -->\n<title>Tr\u00e9pied pour jumelles et appareils photo<\/title>\n<meta name=\"description\" content=\"Ce tr\u00e9pied Star 64 est pratique, facile \u00e0 transporter et abordable. Il permet de fixer des jumelles pour des observations sans tremblement, ou bien un appareil photo muni du pas de vis standard.\" \/>\n<meta name=\"robots\" content=\"index, follow, max-snippet:-1, max-image-preview:large, max-video-preview:-1\" \/>\n<link rel=\"canonical\" href=\"https:\/\/www.stelvision.com\/astro\/boutique\/trepied-photo-jumelles-star-64\/\" \/>\n<meta property=\"og:locale\" content=\"fr_FR\" \/>\n<meta property=\"og:type\" content=\"article\" \/>\n<meta property=\"og:title\" content=\"Tr\u00e9pied pour jumelles et appareils photo\" \/>\n<meta property=\"og:description\" content=\"Ce tr\u00e9pied Star 64 est pratique, facile \u00e0 transporter et abordable. Il permet de fixer des jumelles pour des observations sans tremblement, ou bien un appareil photo muni du pas de vis standard.\" \/>\n<meta property=\"og:url\" content=\"https:\/\/www.stelvision.com\/astro\/boutique\/trepied-photo-jumelles-star-64\/\" \/>\n<meta property=\"og:site_name\" content=\"Stelvision\" \/>\n<meta property=\"article:publisher\" content=\"https:\/\/www.facebook.com\/people\/Stelvision\/100063368192331\/\" \/>\n<meta property=\"article:modified_time\" content=\"2026-05-07T14:17:46+00:00\" \/>\n<meta property=\"og:image\" content=\"https:\/\/www.stelvision.com\/astro\/wp-content\/uploads\/2023\/05\/trepied-star64-FB.webp\" \/>\n\t<meta property=\"og:image:width\" content=\"1200\" \/>\n\t<meta property=\"og:image:height\" content=\"630\" \/>\n\t<meta property=\"og:image:type\" content=\"image\/webp\" \/>\n<meta name=\"twitter:card\" content=\"summary_large_image\" \/>\n<meta name=\"twitter:label1\" content=\"Dur\u00e9e de lecture estim\u00e9e\" \/>\n\t<meta name=\"twitter:data1\" content=\"2 minutes\" \/>\n<script type=\"application\/ld+json\" class=\"yoast-schema-graph\">{\"@context\":\"https:\/\/schema.org\",\"@graph\":[{\"@type\":\"WebPage\",\"@id\":\"https:\/\/www.stelvision.com\/astro\/boutique\/trepied-photo-jumelles-star-64\/\",\"url\":\"https:\/\/www.stelvision.com\/astro\/boutique\/trepied-photo-jumelles-star-64\/\",\"name\":\"Tr\u00e9pied pour jumelles et appareils photo\",\"isPartOf\":{\"@id\":\"https:\/\/www.stelvision.com\/astro\/#website\"},\"primaryImageOfPage\":{\"@id\":\"https:\/\/www.stelvision.com\/astro\/boutique\/trepied-photo-jumelles-star-64\/#primaryimage\"},\"image\":{\"@id\":\"https:\/\/www.stelvision.com\/astro\/boutique\/trepied-photo-jumelles-star-64\/#primaryimage\"},\"thumbnailUrl\":\"https:\/\/www.stelvision.com\/astro\/wp-content\/uploads\/2023\/05\/00004464abx.webp\",\"datePublished\":\"2023-05-02T15:13:38+00:00\",\"dateModified\":\"2026-05-07T14:17:46+00:00\",\"description\":\"Ce tr\u00e9pied Star 64 est pratique, facile \u00e0 transporter et abordable. Il permet de fixer des jumelles pour des observations sans tremblement, ou bien un appareil photo muni du pas de vis standard.\",\"breadcrumb\":{\"@id\":\"https:\/\/www.stelvision.com\/astro\/boutique\/trepied-photo-jumelles-star-64\/#breadcrumb\"},\"inLanguage\":\"fr-FR\",\"potentialAction\":[{\"@type\":\"ReadAction\",\"target\":[\"https:\/\/www.stelvision.com\/astro\/boutique\/trepied-photo-jumelles-star-64\/\"]}]},{\"@type\":\"ImageObject\",\"inLanguage\":\"fr-FR\",\"@id\":\"https:\/\/www.stelvision.com\/astro\/boutique\/trepied-photo-jumelles-star-64\/#primaryimage\",\"url\":\"https:\/\/www.stelvision.com\/astro\/wp-content\/uploads\/2023\/05\/00004464abx.webp\",\"contentUrl\":\"https:\/\/www.stelvision.com\/astro\/wp-content\/uploads\/2023\/05\/00004464abx.webp\",\"width\":1100,\"height\":1100,\"caption\":\"photo Tr\u00e9pied photo\/jumelles Star 64\"},{\"@type\":\"BreadcrumbList\",\"@id\":\"https:\/\/www.stelvision.com\/astro\/boutique\/trepied-photo-jumelles-star-64\/#breadcrumb\",\"itemListElement\":[{\"@type\":\"ListItem\",\"position\":1,\"name\":\"Accueil\",\"item\":\"https:\/\/www.stelvision.com\/astro\/\"},{\"@type\":\"ListItem\",\"position\":2,\"name\":\"La Boutique Stelvision\",\"item\":\"https:\/\/www.stelvision.com\/astro\/boutique\/\"},{\"@type\":\"ListItem\",\"position\":3,\"name\":\"Tr\u00e9pied pour jumelles et appareils photo\"}]},{\"@type\":\"WebSite\",\"@id\":\"https:\/\/www.stelvision.com\/astro\/#website\",\"url\":\"https:\/\/www.stelvision.com\/astro\/\",\"name\":\"Stelvision\",\"description\":\"conseils, livres et mat\u00e9riel d&#039;observation du ciel\",\"publisher\":{\"@id\":\"https:\/\/www.stelvision.com\/astro\/#organization\"},\"potentialAction\":[{\"@type\":\"SearchAction\",\"target\":{\"@type\":\"EntryPoint\",\"urlTemplate\":\"https:\/\/www.stelvision.com\/astro\/?s={search_term_string}\"},\"query-input\":{\"@type\":\"PropertyValueSpecification\",\"valueRequired\":true,\"valueName\":\"search_term_string\"}}],\"inLanguage\":\"fr-FR\"},{\"@type\":\"Organization\",\"@id\":\"https:\/\/www.stelvision.com\/astro\/#organization\",\"name\":\"Stelvision\",\"url\":\"https:\/\/www.stelvision.com\/astro\/\",\"logo\":{\"@type\":\"ImageObject\",\"inLanguage\":\"fr-FR\",\"@id\":\"https:\/\/www.stelvision.com\/astro\/#\/schema\/logo\/image\/\",\"url\":\"https:\/\/www.stelvision.com\/astro\/wp-content\/uploads\/2019\/03\/logo_lisse_bleu_Stelvision_600.png\",\"contentUrl\":\"https:\/\/www.stelvision.com\/astro\/wp-content\/uploads\/2019\/03\/logo_lisse_bleu_Stelvision_600.png\",\"width\":600,\"height\":277,\"caption\":\"Stelvision\"},\"image\":{\"@id\":\"https:\/\/www.stelvision.com\/astro\/#\/schema\/logo\/image\/\"},\"sameAs\":[\"https:\/\/www.facebook.com\/people\/Stelvision\/100063368192331\/\"]}]}<\/script>\n<!-- \/ Yoast SEO plugin. -->","yoast_head_json":{"title":"Tr\u00e9pied pour jumelles et appareils photo","description":"Ce tr\u00e9pied Star 64 est pratique, facile \u00e0 transporter et abordable. Il permet de fixer des jumelles pour des observations sans tremblement, ou bien un appareil photo muni du pas de vis standard.","robots":{"index":"index","follow":"follow","max-snippet":"max-snippet:-1","max-image-preview":"max-image-preview:large","max-video-preview":"max-video-preview:-1"},"canonical":"https:\/\/www.stelvision.com\/astro\/boutique\/trepied-photo-jumelles-star-64\/","og_locale":"fr_FR","og_type":"article","og_title":"Tr\u00e9pied pour jumelles et appareils photo","og_description":"Ce tr\u00e9pied Star 64 est pratique, facile \u00e0 transporter et abordable. Il permet de fixer des jumelles pour des observations sans tremblement, ou bien un appareil photo muni du pas de vis standard.","og_url":"https:\/\/www.stelvision.com\/astro\/boutique\/trepied-photo-jumelles-star-64\/","og_site_name":"Stelvision","article_publisher":"https:\/\/www.facebook.com\/people\/Stelvision\/100063368192331\/","article_modified_time":"2026-05-07T14:17:46+00:00","og_image":[{"width":1200,"height":630,"url":"https:\/\/www.stelvision.com\/astro\/wp-content\/uploads\/2023\/05\/trepied-star64-FB.webp","type":"image\/webp"}],"twitter_card":"summary_large_image","twitter_misc":{"Dur\u00e9e de lecture estim\u00e9e":"2 minutes"},"schema":{"@context":"https:\/\/schema.org","@graph":[{"@type":"WebPage","@id":"https:\/\/www.stelvision.com\/astro\/boutique\/trepied-photo-jumelles-star-64\/","url":"https:\/\/www.stelvision.com\/astro\/boutique\/trepied-photo-jumelles-star-64\/","name":"Tr\u00e9pied pour jumelles et appareils photo","isPartOf":{"@id":"https:\/\/www.stelvision.com\/astro\/#website"},"primaryImageOfPage":{"@id":"https:\/\/www.stelvision.com\/astro\/boutique\/trepied-photo-jumelles-star-64\/#primaryimage"},"image":{"@id":"https:\/\/www.stelvision.com\/astro\/boutique\/trepied-photo-jumelles-star-64\/#primaryimage"},"thumbnailUrl":"https:\/\/www.stelvision.com\/astro\/wp-content\/uploads\/2023\/05\/00004464abx.webp","datePublished":"2023-05-02T15:13:38+00:00","dateModified":"2026-05-07T14:17:46+00:00","description":"Ce tr\u00e9pied Star 64 est pratique, facile \u00e0 transporter et abordable. Il permet de fixer des jumelles pour des observations sans tremblement, ou bien un appareil photo muni du pas de vis standard.","breadcrumb":{"@id":"https:\/\/www.stelvision.com\/astro\/boutique\/trepied-photo-jumelles-star-64\/#breadcrumb"},"inLanguage":"fr-FR","potentialAction":[{"@type":"ReadAction","target":["https:\/\/www.stelvision.com\/astro\/boutique\/trepied-photo-jumelles-star-64\/"]}]},{"@type":"ImageObject","inLanguage":"fr-FR","@id":"https:\/\/www.stelvision.com\/astro\/boutique\/trepied-photo-jumelles-star-64\/#primaryimage","url":"https:\/\/www.stelvision.com\/astro\/wp-content\/uploads\/2023\/05\/00004464abx.webp","contentUrl":"https:\/\/www.stelvision.com\/astro\/wp-content\/uploads\/2023\/05\/00004464abx.webp","width":1100,"height":1100,"caption":"photo Tr\u00e9pied photo\/jumelles Star 64"},{"@type":"BreadcrumbList","@id":"https:\/\/www.stelvision.com\/astro\/boutique\/trepied-photo-jumelles-star-64\/#breadcrumb","itemListElement":[{"@type":"ListItem","position":1,"name":"Accueil","item":"https:\/\/www.stelvision.com\/astro\/"},{"@type":"ListItem","position":2,"name":"La Boutique Stelvision","item":"https:\/\/www.stelvision.com\/astro\/boutique\/"},{"@type":"ListItem","position":3,"name":"Tr\u00e9pied pour jumelles et appareils photo"}]},{"@type":"WebSite","@id":"https:\/\/www.stelvision.com\/astro\/#website","url":"https:\/\/www.stelvision.com\/astro\/","name":"Stelvision","description":"conseils, livres et mat\u00e9riel d&#039;observation du ciel","publisher":{"@id":"https:\/\/www.stelvision.com\/astro\/#organization"},"potentialAction":[{"@type":"SearchAction","target":{"@type":"EntryPoint","urlTemplate":"https:\/\/www.stelvision.com\/astro\/?s={search_term_string}"},"query-input":{"@type":"PropertyValueSpecification","valueRequired":true,"valueName":"search_term_string"}}],"inLanguage":"fr-FR"},{"@type":"Organization","@id":"https:\/\/www.stelvision.com\/astro\/#organization","name":"Stelvision","url":"https:\/\/www.stelvision.com\/astro\/","logo":{"@type":"ImageObject","inLanguage":"fr-FR","@id":"https:\/\/www.stelvision.com\/astro\/#\/schema\/logo\/image\/","url":"https:\/\/www.stelvision.com\/astro\/wp-content\/uploads\/2019\/03\/logo_lisse_bleu_Stelvision_600.png","contentUrl":"https:\/\/www.stelvision.com\/astro\/wp-content\/uploads\/2019\/03\/logo_lisse_bleu_Stelvision_600.png","width":600,"height":277,"caption":"Stelvision"},"image":{"@id":"https:\/\/www.stelvision.com\/astro\/#\/schema\/logo\/image\/"},"sameAs":["https:\/\/www.facebook.com\/people\/Stelvision\/100063368192331\/"]}]}},"_links":{"self":[{"href":"https:\/\/www.stelvision.com\/astro\/wp-json\/wp\/v2\/product\/53937","targetHints":{"allow":["GET"]}}],"collection":[{"href":"https:\/\/www.stelvision.com\/astro\/wp-json\/wp\/v2\/product"}],"about":[{"href":"https:\/\/www.stelvision.com\/astro\/wp-json\/wp\/v2\/types\/product"}],"wp:featuredmedia":[{"embeddable":true,"href":"https:\/\/www.stelvision.com\/astro\/wp-json\/wp\/v2\/media\/53931"}],"wp:attachment":[{"href":"https:\/\/www.stelvision.com\/astro\/wp-json\/wp\/v2\/media?parent=53937"}],"wp:term":[{"taxonomy":"product_brand","embeddable":true,"href":"https:\/\/www.stelvision.com\/astro\/wp-json\/wp\/v2\/product_brand?post=53937"},{"taxonomy":"product_cat","embeddable":true,"href":"https:\/\/www.stelvision.com\/astro\/wp-json\/wp\/v2\/product_cat?post=53937"},{"taxonomy":"product_tag","embeddable":true,"href":"https:\/\/www.stelvision.com\/astro\/wp-json\/wp\/v2\/product_tag?post=53937"}],"curies":[{"name":"wp","href":"https:\/\/api.w.org\/{rel}","templated":true}]}}