{"id":54136,"date":"2023-05-10T18:38:45","date_gmt":"2023-05-10T16:38:45","guid":{"rendered":"https:\/\/www.stelvision.com\/astro\/?post_type=product&#038;p=54136"},"modified":"2026-04-10T16:14:06","modified_gmt":"2026-04-10T14:14:06","slug":"jumelles-noctua-2x40","status":"publish","type":"product","link":"https:\/\/www.stelvision.com\/astro\/boutique\/jumelles-noctua-2x40\/","title":{"rendered":"Jumelles Noctua \u00ab&nbsp;yeux de hibou&nbsp;\u00bb"},"content":{"rendered":"<p>Les jumelles Noctua <strong>enrichissent l&rsquo;observation \u00e0 l&rsquo;\u0153il nu<\/strong> lors de balades dans les \u00e9toiles.<\/p>\n<p>Le principe est simple : en grossissant tr\u00e8s peu (2 fois), ces jumelles offrent un <strong>grand champ de vision<\/strong> qui permet de voir des <strong>constellations en entier<\/strong>. Par comparaison, des jumelles classiques grossissent plut\u00f4t entre 7 et 10 fois et ne montrent qu&rsquo;une zone restreinte du ciel.<\/p>\n<p>La vision obtenue avec les jumelles Noctua est donc assez proche de la vision naturelle \u00e0 l&rsquo;\u0153il nu, mais en plus lumineux gr\u00e2ce aux objectifs de 40\u00a0mm qui collectent la lumi\u00e8re. C&rsquo;est comme si vous aviez <strong>des yeux plus sensibles<\/strong> pour <strong>mieux voir la nuit<\/strong>\u00a0! C&rsquo;est pourquoi ce type de jumelles est appel\u00e9 \u00ab\u00a0yeux de hibou\u00a0\u00bb en astronomie. D&rsquo;ailleurs <em>Noctua<\/em> signifie hibou en latin.<\/p>\n<p>Enfin, ces jumelles facilitent les rep\u00e9rages pour les observations avec des jumelles plus puissantes ou avec un t\u00e9lescope. Nous les conseillons donc autant aux <strong>d\u00e9butants<\/strong> qui veulent apprendre \u00e0 observer le ciel qu&rsquo;aux <strong>astronomes amateurs<\/strong> d\u00e9j\u00e0 \u00e9quip\u00e9s de mat\u00e9riel classique.<\/p>\n<p>Peu encombrantes et prot\u00e9g\u00e9es par un \u00e9tui rigide, vous pourrez emmener partout ces jumelles pratiques et amusantes\u00a0!<br \/>\n<div class=\"stel-collapsible-wrapper\">\t<input id=\"stel-collapsible__uid__1\" class=\"stel-collapsible-toggle\" type=\"checkbox\">\t<label for=\"stel-collapsible__uid__1\" class=\"stel-collapsible-label-toggle\" tabindex=\"0\">Que puis-je observer avec ces jumelles ?\t<\/label>\t<div class=\"stel-collapsible-content\">\t\t<div class=\"stel-collapsible-content-body\"><\/p>\n<ul>\n<li><strong>Les constellations apparaissent plus clairement<\/strong>, notamment celles compos\u00e9es d&rsquo;\u00e9toiles peu brillantes, ce qui facilite leur identification et l&rsquo;apprentissage g\u00e9n\u00e9ral du ciel.<\/li>\n<li><strong>Sous un ciel alt\u00e9r\u00e9 par la pollution lumineuse<\/strong>, en banlieue ou m\u00eame en pleine ville, <strong>les principales constellations se r\u00e9v\u00e8lent<\/strong> alors qu&rsquo;elles semblent invisibles \u00e0 l&rsquo;\u0153il nu, noy\u00e9es dans la lumi\u00e8re parasite ; certains objets du ciel profond (amas d&rsquo;\u00e9toiles&#8230;) peuvent \u00eatre d\u00e9cel\u00e9s sous une pollution lumineuse mod\u00e9r\u00e9e.<\/li>\n<li><strong>Sous un beau ciel de campagne<\/strong>, <strong>les constellations sont magnifi\u00e9es<\/strong> : les \u00e9toiles brillantes le sont encore plus, et de nombreuses \u00e9toiles suppl\u00e9mentaires deviennent visibles ; la Voie lact\u00e9e se d\u00e9ploie magnifiquement par une nuit sans lune. Certains objets du ciel profond faiblement visibles \u00e0 l&rsquo;\u0153il nu, ou en limite de visibilit\u00e9, deviennent plus \u00e9vidents et r\u00e9v\u00e8lent leur nature : par exemple l&rsquo;amas des Pl\u00e9iades, le double-amas de Pers\u00e9e, l&rsquo;amas de la Cr\u00e8che, la galaxie d&rsquo;Androm\u00e8de M31, le c\u0153ur de la n\u00e9buleuse d&rsquo;Orion M42&#8230;<\/li>\n<\/ul>\n<p>\t\t<\/div>\t<\/div><\/div><\/p>\n<div class=\"stel-collapsible-wrapper\">\t<input id=\"stel-collapsible__uid__2\" class=\"stel-collapsible-toggle\" type=\"checkbox\">\t<label for=\"stel-collapsible__uid__2\" class=\"stel-collapsible-label-toggle\" tabindex=\"0\">Ces jumelles s'utilisent-elles avec un tr\u00e9pied ?\t<\/label>\t<div class=\"stel-collapsible-content\">\t\t<div class=\"stel-collapsible-content-body\"><br \/>\nGrossissant tr\u00e8s peu, les jumelles Noctua sont pr\u00e9vues pour \u00eatre utilis\u00e9es uniquement \u00e0 main lev\u00e9e. Elles ne disposent donc pas du pas de vis \u00ab\u00a0Kodak\u00a0\u00bb qui permettrait de les monter sur pied photo comme des jumelles classiques.<br \/>\n\t\t<\/div>\t<\/div><\/div>\n<p><div class=\"stel-collapsible-wrapper\">\t<input id=\"stel-collapsible__uid__3\" class=\"stel-collapsible-toggle\" type=\"checkbox\">\t<label for=\"stel-collapsible__uid__3\" class=\"stel-collapsible-label-toggle\" tabindex=\"0\">Qui fabrique et quel est le rapport qualit\u00e9\/prix de cet instrument ?\t<\/label>\t<div class=\"stel-collapsible-content\">\t\t<div class=\"stel-collapsible-content-body\"><br \/>\nD\u00e9sireux de proposer des jumelles \u00ab\u00a0yeux de hibou\u00a0\u00bb \u00e0 prix abordable pour le grand public, nous avons s\u00e9lectionn\u00e9 pour vous ce mod\u00e8le que nous importons et commercialisons sous notre propre marque Stelvision. Le fabricant est situ\u00e9 en Chine, o\u00f9 se trouvent la quasi-totalit\u00e9 des fili\u00e8res de fabrication d&rsquo;instruments d&rsquo;optique grand public d&rsquo;entr\u00e9e de gamme\/milieu de gamme. La qualit\u00e9 de ce produit est tr\u00e8s bonne pour son prix et permet une d\u00e9couverte amusante et instructive du ciel. Nous le proposons \u00e0 prix serr\u00e9 pour permettre au plus grand nombre de personnes de se l&rsquo;offrir, notamment celles qui souhaiteraient compl\u00e9ter ce produit avec d&rsquo;autres instruments d&rsquo;observation comme des jumelles classiques ou un t\u00e9lescope.<br \/>\n\t\t<\/div>\t<\/div><\/div><br \/>\n<div class=\"stel-collapsible-wrapper\">\t<input id=\"stel-collapsible__uid__4\" class=\"stel-collapsible-toggle\" type=\"checkbox\">\t<label for=\"stel-collapsible__uid__4\" class=\"stel-collapsible-label-toggle\" tabindex=\"0\">Caract\u00e9ristiques techniques\t<\/label>\t<div class=\"stel-collapsible-content\">\t\t<div class=\"stel-collapsible-content-body\"><\/p>\n<table class=\"table table-striped\">\n<tbody>\n<tr>\n<td>Type<\/td>\n<td>Jumelles de type Galil\u00e9e (sans prismes)<\/td>\n<\/tr>\n<tr>\n<td>Grossissement<\/td>\n<td>2x<\/td>\n<\/tr>\n<tr>\n<td>Diam\u00e8tre de l\u2019objectif<\/td>\n<td>40 mm<\/td>\n<\/tr>\n<tr>\n<td>Champ de vision r\u00e9el<\/td>\n<td>24\u00b0<\/td>\n<\/tr>\n<tr>\n<td>Champ de vision apparent<\/td>\n<td>48\u00b0<\/td>\n<\/tr>\n<tr>\n<td>Champ de vision \u00e0 1000 m<\/td>\n<td>425 m<\/td>\n<\/tr>\n<tr>\n<td>Distance minimale de mise au point<\/td>\n<td>3 m<\/td>\n<\/tr>\n<tr>\n<td>Distance interpupillaire<\/td>\n<td>56-72 mm<\/td>\n<\/tr>\n<tr>\n<td>Traitement des optiques<\/td>\n<td>Antireflet FC<\/td>\n<\/tr>\n<tr>\n<td>Poids<\/td>\n<td>170 g<\/td>\n<\/tr>\n<tr>\n<td>Dimensions<\/td>\n<td>122x49x48 mm<\/td>\n<\/tr>\n<tr>\n<td colspan=\"2\">Livr\u00e9 avec \u00e9tui, cordon tour de cou, chiffonnette, notice en fran\u00e7ais. Ce mod\u00e8le n&rsquo;inclut pas de bouchons d&rsquo;objectifs.<\/td>\n<\/tr>\n<tr>\n<td colspan=\"2\">Ce mod\u00e8le n\u2019est pas \u00e9tanche \u00e0 l\u2019eau<\/td>\n<\/tr>\n<\/tbody>\n<\/table>\n<p>\t\t<\/div>\t<\/div><\/div><\/p>\n","protected":false},"excerpt":{"rendered":"<p>Ces jumelles \u00e0 faible grossissement offrent un tr\u00e8s grand champ de vision et donnent l\u2019impression d\u2019avoir des yeux plus sensibles pour mieux voir les constellations. C&rsquo;est ce qu&rsquo;on appelle des \u00ab\u00a0yeux de hibou\u00a0\u00bb en astronomie.<\/p>\n","protected":false},"featured_media":54157,"template":"","meta":{"_acf_changed":false},"product_brand":[],"product_cat":[331],"product_tag":[369],"class_list":{"0":"post-54136","1":"product","2":"type-product","3":"status-publish","4":"has-post-thumbnail","6":"product_cat-jumelles","7":"product_tag--notre-selection-pour-lete","8":"product_shipping_class-easyscope-oculaires-accessoires","10":"first","11":"instock","12":"taxable","13":"shipping-taxable","14":"purchasable","15":"product-type-simple"},"acf":[],"yoast_head":"<!-- This site is optimized with the Yoast SEO plugin v27.1.1 - https:\/\/yoast.com\/product\/yoast-seo-wordpress\/ -->\n<title>Jumelles Noctua \u00ab&nbsp;yeux de hibou&nbsp;\u00bb<\/title>\n<meta name=\"description\" content=\"Ces jumelles &quot;yeux de hibou&quot; offrent un grand champ de vision et donnent l\u2019impression d\u2019avoir des yeux plus sensibles pour mieux voir les constellations.\" \/>\n<meta name=\"robots\" content=\"index, follow, max-snippet:-1, max-image-preview:large, max-video-preview:-1\" \/>\n<link rel=\"canonical\" href=\"https:\/\/www.stelvision.com\/astro\/boutique\/jumelles-noctua-2x40\/\" \/>\n<meta property=\"og:locale\" content=\"fr_FR\" \/>\n<meta property=\"og:type\" content=\"article\" \/>\n<meta property=\"og:title\" content=\"Jumelles Noctua \u00ab&nbsp;yeux de hibou&nbsp;\u00bb\" \/>\n<meta property=\"og:description\" content=\"Voici des jumelles qui enrichiront vos observations \u00e0 l\u2019\u0153il nu et vous aideront \u00e0 voir les constellations noy\u00e9es dans la pollution lumineuse des villes.\" \/>\n<meta property=\"og:url\" content=\"https:\/\/www.stelvision.com\/astro\/boutique\/jumelles-noctua-2x40\/\" \/>\n<meta property=\"og:site_name\" content=\"Stelvision\" \/>\n<meta property=\"article:publisher\" content=\"https:\/\/www.facebook.com\/people\/Stelvision\/100063368192331\/\" \/>\n<meta property=\"article:modified_time\" content=\"2026-04-10T14:14:06+00:00\" \/>\n<meta property=\"og:image\" content=\"https:\/\/www.stelvision.com\/astro\/wp-content\/uploads\/2023\/05\/MG_3218bis_FBTW.jpg\" \/>\n\t<meta property=\"og:image:width\" content=\"1024\" \/>\n\t<meta property=\"og:image:height\" content=\"536\" \/>\n\t<meta property=\"og:image:type\" content=\"image\/jpeg\" \/>\n<meta name=\"twitter:card\" content=\"summary_large_image\" \/>\n<meta name=\"twitter:label1\" content=\"Dur\u00e9e de lecture estim\u00e9e\" \/>\n\t<meta name=\"twitter:data1\" content=\"4 minutes\" \/>\n<script type=\"application\/ld+json\" class=\"yoast-schema-graph\">{\"@context\":\"https:\/\/schema.org\",\"@graph\":[{\"@type\":\"WebPage\",\"@id\":\"https:\/\/www.stelvision.com\/astro\/boutique\/jumelles-noctua-2x40\/\",\"url\":\"https:\/\/www.stelvision.com\/astro\/boutique\/jumelles-noctua-2x40\/\",\"name\":\"Jumelles Noctua \u00ab&nbsp;yeux de hibou&nbsp;\u00bb\",\"isPartOf\":{\"@id\":\"https:\/\/www.stelvision.com\/astro\/#website\"},\"primaryImageOfPage\":{\"@id\":\"https:\/\/www.stelvision.com\/astro\/boutique\/jumelles-noctua-2x40\/#primaryimage\"},\"image\":{\"@id\":\"https:\/\/www.stelvision.com\/astro\/boutique\/jumelles-noctua-2x40\/#primaryimage\"},\"thumbnailUrl\":\"https:\/\/www.stelvision.com\/astro\/wp-content\/uploads\/2023\/05\/noctua_03.jpg\",\"datePublished\":\"2023-05-10T16:38:45+00:00\",\"dateModified\":\"2026-04-10T14:14:06+00:00\",\"description\":\"Ces jumelles \\\"yeux de hibou\\\" offrent un grand champ de vision et donnent l\u2019impression d\u2019avoir des yeux plus sensibles pour mieux voir les constellations.\",\"breadcrumb\":{\"@id\":\"https:\/\/www.stelvision.com\/astro\/boutique\/jumelles-noctua-2x40\/#breadcrumb\"},\"inLanguage\":\"fr-FR\",\"potentialAction\":[{\"@type\":\"ReadAction\",\"target\":[\"https:\/\/www.stelvision.com\/astro\/boutique\/jumelles-noctua-2x40\/\"]}]},{\"@type\":\"ImageObject\",\"inLanguage\":\"fr-FR\",\"@id\":\"https:\/\/www.stelvision.com\/astro\/boutique\/jumelles-noctua-2x40\/#primaryimage\",\"url\":\"https:\/\/www.stelvision.com\/astro\/wp-content\/uploads\/2023\/05\/noctua_03.jpg\",\"contentUrl\":\"https:\/\/www.stelvision.com\/astro\/wp-content\/uploads\/2023\/05\/noctua_03.jpg\",\"width\":1000,\"height\":1000,\"caption\":\"photo Jumelles Noctua 2x40\"},{\"@type\":\"BreadcrumbList\",\"@id\":\"https:\/\/www.stelvision.com\/astro\/boutique\/jumelles-noctua-2x40\/#breadcrumb\",\"itemListElement\":[{\"@type\":\"ListItem\",\"position\":1,\"name\":\"Accueil\",\"item\":\"https:\/\/www.stelvision.com\/astro\/\"},{\"@type\":\"ListItem\",\"position\":2,\"name\":\"La Boutique Stelvision\",\"item\":\"https:\/\/www.stelvision.com\/astro\/boutique\/\"},{\"@type\":\"ListItem\",\"position\":3,\"name\":\"Jumelles Noctua \u00ab&nbsp;yeux de hibou&nbsp;\u00bb\"}]},{\"@type\":\"WebSite\",\"@id\":\"https:\/\/www.stelvision.com\/astro\/#website\",\"url\":\"https:\/\/www.stelvision.com\/astro\/\",\"name\":\"Stelvision\",\"description\":\"conseils, livres et mat\u00e9riel d&#039;observation du ciel\",\"publisher\":{\"@id\":\"https:\/\/www.stelvision.com\/astro\/#organization\"},\"potentialAction\":[{\"@type\":\"SearchAction\",\"target\":{\"@type\":\"EntryPoint\",\"urlTemplate\":\"https:\/\/www.stelvision.com\/astro\/?s={search_term_string}\"},\"query-input\":{\"@type\":\"PropertyValueSpecification\",\"valueRequired\":true,\"valueName\":\"search_term_string\"}}],\"inLanguage\":\"fr-FR\"},{\"@type\":\"Organization\",\"@id\":\"https:\/\/www.stelvision.com\/astro\/#organization\",\"name\":\"Stelvision\",\"url\":\"https:\/\/www.stelvision.com\/astro\/\",\"logo\":{\"@type\":\"ImageObject\",\"inLanguage\":\"fr-FR\",\"@id\":\"https:\/\/www.stelvision.com\/astro\/#\/schema\/logo\/image\/\",\"url\":\"https:\/\/www.stelvision.com\/astro\/wp-content\/uploads\/2019\/03\/logo_lisse_bleu_Stelvision_600.png\",\"contentUrl\":\"https:\/\/www.stelvision.com\/astro\/wp-content\/uploads\/2019\/03\/logo_lisse_bleu_Stelvision_600.png\",\"width\":600,\"height\":277,\"caption\":\"Stelvision\"},\"image\":{\"@id\":\"https:\/\/www.stelvision.com\/astro\/#\/schema\/logo\/image\/\"},\"sameAs\":[\"https:\/\/www.facebook.com\/people\/Stelvision\/100063368192331\/\"]}]}<\/script>\n<!-- \/ Yoast SEO plugin. -->","yoast_head_json":{"title":"Jumelles Noctua \u00ab&nbsp;yeux de hibou&nbsp;\u00bb","description":"Ces jumelles \"yeux de hibou\" offrent un grand champ de vision et donnent l\u2019impression d\u2019avoir des yeux plus sensibles pour mieux voir les constellations.","robots":{"index":"index","follow":"follow","max-snippet":"max-snippet:-1","max-image-preview":"max-image-preview:large","max-video-preview":"max-video-preview:-1"},"canonical":"https:\/\/www.stelvision.com\/astro\/boutique\/jumelles-noctua-2x40\/","og_locale":"fr_FR","og_type":"article","og_title":"Jumelles Noctua \u00ab&nbsp;yeux de hibou&nbsp;\u00bb","og_description":"Voici des jumelles qui enrichiront vos observations \u00e0 l\u2019\u0153il nu et vous aideront \u00e0 voir les constellations noy\u00e9es dans la pollution lumineuse des villes.","og_url":"https:\/\/www.stelvision.com\/astro\/boutique\/jumelles-noctua-2x40\/","og_site_name":"Stelvision","article_publisher":"https:\/\/www.facebook.com\/people\/Stelvision\/100063368192331\/","article_modified_time":"2026-04-10T14:14:06+00:00","og_image":[{"width":1024,"height":536,"url":"https:\/\/www.stelvision.com\/astro\/wp-content\/uploads\/2023\/05\/MG_3218bis_FBTW.jpg","type":"image\/jpeg"}],"twitter_card":"summary_large_image","twitter_misc":{"Dur\u00e9e de lecture estim\u00e9e":"4 minutes"},"schema":{"@context":"https:\/\/schema.org","@graph":[{"@type":"WebPage","@id":"https:\/\/www.stelvision.com\/astro\/boutique\/jumelles-noctua-2x40\/","url":"https:\/\/www.stelvision.com\/astro\/boutique\/jumelles-noctua-2x40\/","name":"Jumelles Noctua \u00ab&nbsp;yeux de hibou&nbsp;\u00bb","isPartOf":{"@id":"https:\/\/www.stelvision.com\/astro\/#website"},"primaryImageOfPage":{"@id":"https:\/\/www.stelvision.com\/astro\/boutique\/jumelles-noctua-2x40\/#primaryimage"},"image":{"@id":"https:\/\/www.stelvision.com\/astro\/boutique\/jumelles-noctua-2x40\/#primaryimage"},"thumbnailUrl":"https:\/\/www.stelvision.com\/astro\/wp-content\/uploads\/2023\/05\/noctua_03.jpg","datePublished":"2023-05-10T16:38:45+00:00","dateModified":"2026-04-10T14:14:06+00:00","description":"Ces jumelles \"yeux de hibou\" offrent un grand champ de vision et donnent l\u2019impression d\u2019avoir des yeux plus sensibles pour mieux voir les constellations.","breadcrumb":{"@id":"https:\/\/www.stelvision.com\/astro\/boutique\/jumelles-noctua-2x40\/#breadcrumb"},"inLanguage":"fr-FR","potentialAction":[{"@type":"ReadAction","target":["https:\/\/www.stelvision.com\/astro\/boutique\/jumelles-noctua-2x40\/"]}]},{"@type":"ImageObject","inLanguage":"fr-FR","@id":"https:\/\/www.stelvision.com\/astro\/boutique\/jumelles-noctua-2x40\/#primaryimage","url":"https:\/\/www.stelvision.com\/astro\/wp-content\/uploads\/2023\/05\/noctua_03.jpg","contentUrl":"https:\/\/www.stelvision.com\/astro\/wp-content\/uploads\/2023\/05\/noctua_03.jpg","width":1000,"height":1000,"caption":"photo Jumelles Noctua 2x40"},{"@type":"BreadcrumbList","@id":"https:\/\/www.stelvision.com\/astro\/boutique\/jumelles-noctua-2x40\/#breadcrumb","itemListElement":[{"@type":"ListItem","position":1,"name":"Accueil","item":"https:\/\/www.stelvision.com\/astro\/"},{"@type":"ListItem","position":2,"name":"La Boutique Stelvision","item":"https:\/\/www.stelvision.com\/astro\/boutique\/"},{"@type":"ListItem","position":3,"name":"Jumelles Noctua \u00ab&nbsp;yeux de hibou&nbsp;\u00bb"}]},{"@type":"WebSite","@id":"https:\/\/www.stelvision.com\/astro\/#website","url":"https:\/\/www.stelvision.com\/astro\/","name":"Stelvision","description":"conseils, livres et mat\u00e9riel d&#039;observation du ciel","publisher":{"@id":"https:\/\/www.stelvision.com\/astro\/#organization"},"potentialAction":[{"@type":"SearchAction","target":{"@type":"EntryPoint","urlTemplate":"https:\/\/www.stelvision.com\/astro\/?s={search_term_string}"},"query-input":{"@type":"PropertyValueSpecification","valueRequired":true,"valueName":"search_term_string"}}],"inLanguage":"fr-FR"},{"@type":"Organization","@id":"https:\/\/www.stelvision.com\/astro\/#organization","name":"Stelvision","url":"https:\/\/www.stelvision.com\/astro\/","logo":{"@type":"ImageObject","inLanguage":"fr-FR","@id":"https:\/\/www.stelvision.com\/astro\/#\/schema\/logo\/image\/","url":"https:\/\/www.stelvision.com\/astro\/wp-content\/uploads\/2019\/03\/logo_lisse_bleu_Stelvision_600.png","contentUrl":"https:\/\/www.stelvision.com\/astro\/wp-content\/uploads\/2019\/03\/logo_lisse_bleu_Stelvision_600.png","width":600,"height":277,"caption":"Stelvision"},"image":{"@id":"https:\/\/www.stelvision.com\/astro\/#\/schema\/logo\/image\/"},"sameAs":["https:\/\/www.facebook.com\/people\/Stelvision\/100063368192331\/"]}]}},"_links":{"self":[{"href":"https:\/\/www.stelvision.com\/astro\/wp-json\/wp\/v2\/product\/54136","targetHints":{"allow":["GET"]}}],"collection":[{"href":"https:\/\/www.stelvision.com\/astro\/wp-json\/wp\/v2\/product"}],"about":[{"href":"https:\/\/www.stelvision.com\/astro\/wp-json\/wp\/v2\/types\/product"}],"wp:featuredmedia":[{"embeddable":true,"href":"https:\/\/www.stelvision.com\/astro\/wp-json\/wp\/v2\/media\/54157"}],"wp:attachment":[{"href":"https:\/\/www.stelvision.com\/astro\/wp-json\/wp\/v2\/media?parent=54136"}],"wp:term":[{"taxonomy":"product_brand","embeddable":true,"href":"https:\/\/www.stelvision.com\/astro\/wp-json\/wp\/v2\/product_brand?post=54136"},{"taxonomy":"product_cat","embeddable":true,"href":"https:\/\/www.stelvision.com\/astro\/wp-json\/wp\/v2\/product_cat?post=54136"},{"taxonomy":"product_tag","embeddable":true,"href":"https:\/\/www.stelvision.com\/astro\/wp-json\/wp\/v2\/product_tag?post=54136"}],"curies":[{"name":"wp","href":"https:\/\/api.w.org\/{rel}","templated":true}]}}