{"id":58988,"date":"2023-11-21T09:53:30","date_gmt":"2023-11-21T08:53:30","guid":{"rendered":"https:\/\/www.stelvision.com\/astro\/?post_type=product&#038;p=58988"},"modified":"2023-11-26T22:05:05","modified_gmt":"2023-11-26T21:05:05","slug":"produit-reconditionne-lunette-astronomique-stelescope-70","status":"publish","type":"product","link":"https:\/\/www.stelvision.com\/astro\/boutique\/produit-reconditionne-lunette-astronomique-stelescope-70\/","title":{"rendered":"Produit reconditionn\u00e9 : Lunette astronomique STELESCOPE 70"},"content":{"rendered":"<p>\u00c9tat neuf, v\u00e9rifi\u00e9 par nos soins.<br \/>\nPrix normal du produit neuf : 179 \u20ac TTC (prix incluant la TVA fran\u00e7aise)<br \/>\nR\u00e9duction : XX<br \/>\nD\u00e9lai de traitement de votre commande : 3 jours ouvr\u00e9s.<br \/>\nExp\u00e9dition : <strong>France m\u00e9tropolitaine uniquement<\/strong>, par Colissimo<\/p>\n","protected":false},"excerpt":{"rendered":"<div id=\"ST70\">\n<div class=\"color1 boxPack\">Produit reconditionn\u00e9, \u00e9tat neuf, v\u00e9rifi\u00e9 par nos soins.<\/div>\n<\/div>\n","protected":false},"featured_media":3521,"template":"","meta":{"_acf_changed":false},"product_brand":[],"product_cat":[53],"product_tag":[],"class_list":{"0":"post-58988","1":"product","2":"type-product","3":"status-publish","4":"has-post-thumbnail","6":"product_cat-non-classe","7":"product_shipping_class-reconditionne-hors-logisticien","9":"first","10":"outofstock","11":"sold-individually","12":"taxable","13":"shipping-taxable","14":"purchasable","15":"product-type-simple"},"acf":[],"yoast_head":"<!-- This site is optimized with the Yoast SEO plugin v27.1.1 - https:\/\/yoast.com\/product\/yoast-seo-wordpress\/ -->\n<title>Produit reconditionn\u00e9 : Lunette astronomique STELESCOPE 70<\/title>\n<meta name=\"description\" content=\"La lunette STELESCOPE 70 est parfaite pour d\u00e9buter l&#039;exploration de la Lune, des plan\u00e8tes et les principales merveilles du ciel profond dans un budget serr\u00e9.\" \/>\n<meta name=\"robots\" content=\"index, follow, max-snippet:-1, max-image-preview:large, max-video-preview:-1\" \/>\n<link rel=\"canonical\" href=\"https:\/\/www.stelvision.com\/astro\/boutique\/produit-reconditionne-lunette-astronomique-stelescope-70\/\" \/>\n<meta property=\"og:locale\" content=\"fr_FR\" \/>\n<meta property=\"og:type\" content=\"article\" \/>\n<meta property=\"og:title\" content=\"Produit reconditionn\u00e9 : Lunette astronomique STELESCOPE 70\" \/>\n<meta property=\"og:description\" content=\"La lunette STELESCOPE 70 est parfaite pour d\u00e9buter l&#039;exploration de la Lune, des plan\u00e8tes et les principales merveilles du ciel profond dans un budget serr\u00e9.\" \/>\n<meta property=\"og:url\" content=\"https:\/\/www.stelvision.com\/astro\/boutique\/produit-reconditionne-lunette-astronomique-stelescope-70\/\" \/>\n<meta property=\"og:site_name\" content=\"Stelvision\" \/>\n<meta property=\"article:publisher\" content=\"https:\/\/www.facebook.com\/people\/Stelvision\/100063368192331\/\" \/>\n<meta property=\"article:modified_time\" content=\"2023-11-26T21:05:05+00:00\" \/>\n<meta property=\"og:image\" content=\"https:\/\/www.stelvision.com\/astro\/wp-content\/uploads\/2019\/03\/1b.jpg\" \/>\n\t<meta property=\"og:image:width\" content=\"1024\" \/>\n\t<meta property=\"og:image:height\" content=\"1024\" \/>\n\t<meta property=\"og:image:type\" content=\"image\/jpeg\" \/>\n<meta name=\"twitter:card\" content=\"summary_large_image\" \/>\n<meta name=\"twitter:label1\" content=\"Dur\u00e9e de lecture estim\u00e9e\" \/>\n\t<meta name=\"twitter:data1\" content=\"1 minute\" \/>\n<script type=\"application\/ld+json\" class=\"yoast-schema-graph\">{\"@context\":\"https:\/\/schema.org\",\"@graph\":[{\"@type\":\"WebPage\",\"@id\":\"https:\/\/www.stelvision.com\/astro\/boutique\/produit-reconditionne-lunette-astronomique-stelescope-70\/\",\"url\":\"https:\/\/www.stelvision.com\/astro\/boutique\/produit-reconditionne-lunette-astronomique-stelescope-70\/\",\"name\":\"Produit reconditionn\u00e9 : Lunette astronomique STELESCOPE 70\",\"isPartOf\":{\"@id\":\"https:\/\/www.stelvision.com\/astro\/#website\"},\"primaryImageOfPage\":{\"@id\":\"https:\/\/www.stelvision.com\/astro\/boutique\/produit-reconditionne-lunette-astronomique-stelescope-70\/#primaryimage\"},\"image\":{\"@id\":\"https:\/\/www.stelvision.com\/astro\/boutique\/produit-reconditionne-lunette-astronomique-stelescope-70\/#primaryimage\"},\"thumbnailUrl\":\"https:\/\/www.stelvision.com\/astro\/wp-content\/uploads\/2019\/03\/1b.jpg\",\"datePublished\":\"2023-11-21T08:53:30+00:00\",\"dateModified\":\"2023-11-26T21:05:05+00:00\",\"description\":\"La lunette STELESCOPE 70 est parfaite pour d\u00e9buter l'exploration de la Lune, des plan\u00e8tes et les principales merveilles du ciel profond dans un budget serr\u00e9.\",\"breadcrumb\":{\"@id\":\"https:\/\/www.stelvision.com\/astro\/boutique\/produit-reconditionne-lunette-astronomique-stelescope-70\/#breadcrumb\"},\"inLanguage\":\"fr-FR\",\"potentialAction\":[{\"@type\":\"ReadAction\",\"target\":[\"https:\/\/www.stelvision.com\/astro\/boutique\/produit-reconditionne-lunette-astronomique-stelescope-70\/\"]}]},{\"@type\":\"ImageObject\",\"inLanguage\":\"fr-FR\",\"@id\":\"https:\/\/www.stelvision.com\/astro\/boutique\/produit-reconditionne-lunette-astronomique-stelescope-70\/#primaryimage\",\"url\":\"https:\/\/www.stelvision.com\/astro\/wp-content\/uploads\/2019\/03\/1b.jpg\",\"contentUrl\":\"https:\/\/www.stelvision.com\/astro\/wp-content\/uploads\/2019\/03\/1b.jpg\",\"width\":1024,\"height\":1024,\"caption\":\"Stelescope 70\"},{\"@type\":\"BreadcrumbList\",\"@id\":\"https:\/\/www.stelvision.com\/astro\/boutique\/produit-reconditionne-lunette-astronomique-stelescope-70\/#breadcrumb\",\"itemListElement\":[{\"@type\":\"ListItem\",\"position\":1,\"name\":\"Accueil\",\"item\":\"https:\/\/www.stelvision.com\/astro\/\"},{\"@type\":\"ListItem\",\"position\":2,\"name\":\"La Boutique Stelvision\",\"item\":\"https:\/\/www.stelvision.com\/astro\/boutique\/\"},{\"@type\":\"ListItem\",\"position\":3,\"name\":\"Produit reconditionn\u00e9 : Lunette astronomique STELESCOPE 70\"}]},{\"@type\":\"WebSite\",\"@id\":\"https:\/\/www.stelvision.com\/astro\/#website\",\"url\":\"https:\/\/www.stelvision.com\/astro\/\",\"name\":\"Stelvision\",\"description\":\"conseils, livres et mat\u00e9riel d&#039;observation du ciel\",\"publisher\":{\"@id\":\"https:\/\/www.stelvision.com\/astro\/#organization\"},\"potentialAction\":[{\"@type\":\"SearchAction\",\"target\":{\"@type\":\"EntryPoint\",\"urlTemplate\":\"https:\/\/www.stelvision.com\/astro\/?s={search_term_string}\"},\"query-input\":{\"@type\":\"PropertyValueSpecification\",\"valueRequired\":true,\"valueName\":\"search_term_string\"}}],\"inLanguage\":\"fr-FR\"},{\"@type\":\"Organization\",\"@id\":\"https:\/\/www.stelvision.com\/astro\/#organization\",\"name\":\"Stelvision\",\"url\":\"https:\/\/www.stelvision.com\/astro\/\",\"logo\":{\"@type\":\"ImageObject\",\"inLanguage\":\"fr-FR\",\"@id\":\"https:\/\/www.stelvision.com\/astro\/#\/schema\/logo\/image\/\",\"url\":\"https:\/\/www.stelvision.com\/astro\/wp-content\/uploads\/2019\/03\/logo_lisse_bleu_Stelvision_600.png\",\"contentUrl\":\"https:\/\/www.stelvision.com\/astro\/wp-content\/uploads\/2019\/03\/logo_lisse_bleu_Stelvision_600.png\",\"width\":600,\"height\":277,\"caption\":\"Stelvision\"},\"image\":{\"@id\":\"https:\/\/www.stelvision.com\/astro\/#\/schema\/logo\/image\/\"},\"sameAs\":[\"https:\/\/www.facebook.com\/people\/Stelvision\/100063368192331\/\"]}]}<\/script>\n<!-- \/ Yoast SEO plugin. -->","yoast_head_json":{"title":"Produit reconditionn\u00e9 : Lunette astronomique STELESCOPE 70","description":"La lunette STELESCOPE 70 est parfaite pour d\u00e9buter l'exploration de la Lune, des plan\u00e8tes et les principales merveilles du ciel profond dans un budget serr\u00e9.","robots":{"index":"index","follow":"follow","max-snippet":"max-snippet:-1","max-image-preview":"max-image-preview:large","max-video-preview":"max-video-preview:-1"},"canonical":"https:\/\/www.stelvision.com\/astro\/boutique\/produit-reconditionne-lunette-astronomique-stelescope-70\/","og_locale":"fr_FR","og_type":"article","og_title":"Produit reconditionn\u00e9 : Lunette astronomique STELESCOPE 70","og_description":"La lunette STELESCOPE 70 est parfaite pour d\u00e9buter l'exploration de la Lune, des plan\u00e8tes et les principales merveilles du ciel profond dans un budget serr\u00e9.","og_url":"https:\/\/www.stelvision.com\/astro\/boutique\/produit-reconditionne-lunette-astronomique-stelescope-70\/","og_site_name":"Stelvision","article_publisher":"https:\/\/www.facebook.com\/people\/Stelvision\/100063368192331\/","article_modified_time":"2023-11-26T21:05:05+00:00","og_image":[{"width":1024,"height":1024,"url":"https:\/\/www.stelvision.com\/astro\/wp-content\/uploads\/2019\/03\/1b.jpg","type":"image\/jpeg"}],"twitter_card":"summary_large_image","twitter_misc":{"Dur\u00e9e de lecture estim\u00e9e":"1 minute"},"schema":{"@context":"https:\/\/schema.org","@graph":[{"@type":"WebPage","@id":"https:\/\/www.stelvision.com\/astro\/boutique\/produit-reconditionne-lunette-astronomique-stelescope-70\/","url":"https:\/\/www.stelvision.com\/astro\/boutique\/produit-reconditionne-lunette-astronomique-stelescope-70\/","name":"Produit reconditionn\u00e9 : Lunette astronomique STELESCOPE 70","isPartOf":{"@id":"https:\/\/www.stelvision.com\/astro\/#website"},"primaryImageOfPage":{"@id":"https:\/\/www.stelvision.com\/astro\/boutique\/produit-reconditionne-lunette-astronomique-stelescope-70\/#primaryimage"},"image":{"@id":"https:\/\/www.stelvision.com\/astro\/boutique\/produit-reconditionne-lunette-astronomique-stelescope-70\/#primaryimage"},"thumbnailUrl":"https:\/\/www.stelvision.com\/astro\/wp-content\/uploads\/2019\/03\/1b.jpg","datePublished":"2023-11-21T08:53:30+00:00","dateModified":"2023-11-26T21:05:05+00:00","description":"La lunette STELESCOPE 70 est parfaite pour d\u00e9buter l'exploration de la Lune, des plan\u00e8tes et les principales merveilles du ciel profond dans un budget serr\u00e9.","breadcrumb":{"@id":"https:\/\/www.stelvision.com\/astro\/boutique\/produit-reconditionne-lunette-astronomique-stelescope-70\/#breadcrumb"},"inLanguage":"fr-FR","potentialAction":[{"@type":"ReadAction","target":["https:\/\/www.stelvision.com\/astro\/boutique\/produit-reconditionne-lunette-astronomique-stelescope-70\/"]}]},{"@type":"ImageObject","inLanguage":"fr-FR","@id":"https:\/\/www.stelvision.com\/astro\/boutique\/produit-reconditionne-lunette-astronomique-stelescope-70\/#primaryimage","url":"https:\/\/www.stelvision.com\/astro\/wp-content\/uploads\/2019\/03\/1b.jpg","contentUrl":"https:\/\/www.stelvision.com\/astro\/wp-content\/uploads\/2019\/03\/1b.jpg","width":1024,"height":1024,"caption":"Stelescope 70"},{"@type":"BreadcrumbList","@id":"https:\/\/www.stelvision.com\/astro\/boutique\/produit-reconditionne-lunette-astronomique-stelescope-70\/#breadcrumb","itemListElement":[{"@type":"ListItem","position":1,"name":"Accueil","item":"https:\/\/www.stelvision.com\/astro\/"},{"@type":"ListItem","position":2,"name":"La Boutique Stelvision","item":"https:\/\/www.stelvision.com\/astro\/boutique\/"},{"@type":"ListItem","position":3,"name":"Produit reconditionn\u00e9 : Lunette astronomique STELESCOPE 70"}]},{"@type":"WebSite","@id":"https:\/\/www.stelvision.com\/astro\/#website","url":"https:\/\/www.stelvision.com\/astro\/","name":"Stelvision","description":"conseils, livres et mat\u00e9riel d&#039;observation du ciel","publisher":{"@id":"https:\/\/www.stelvision.com\/astro\/#organization"},"potentialAction":[{"@type":"SearchAction","target":{"@type":"EntryPoint","urlTemplate":"https:\/\/www.stelvision.com\/astro\/?s={search_term_string}"},"query-input":{"@type":"PropertyValueSpecification","valueRequired":true,"valueName":"search_term_string"}}],"inLanguage":"fr-FR"},{"@type":"Organization","@id":"https:\/\/www.stelvision.com\/astro\/#organization","name":"Stelvision","url":"https:\/\/www.stelvision.com\/astro\/","logo":{"@type":"ImageObject","inLanguage":"fr-FR","@id":"https:\/\/www.stelvision.com\/astro\/#\/schema\/logo\/image\/","url":"https:\/\/www.stelvision.com\/astro\/wp-content\/uploads\/2019\/03\/logo_lisse_bleu_Stelvision_600.png","contentUrl":"https:\/\/www.stelvision.com\/astro\/wp-content\/uploads\/2019\/03\/logo_lisse_bleu_Stelvision_600.png","width":600,"height":277,"caption":"Stelvision"},"image":{"@id":"https:\/\/www.stelvision.com\/astro\/#\/schema\/logo\/image\/"},"sameAs":["https:\/\/www.facebook.com\/people\/Stelvision\/100063368192331\/"]}]}},"_links":{"self":[{"href":"https:\/\/www.stelvision.com\/astro\/wp-json\/wp\/v2\/product\/58988","targetHints":{"allow":["GET"]}}],"collection":[{"href":"https:\/\/www.stelvision.com\/astro\/wp-json\/wp\/v2\/product"}],"about":[{"href":"https:\/\/www.stelvision.com\/astro\/wp-json\/wp\/v2\/types\/product"}],"wp:featuredmedia":[{"embeddable":true,"href":"https:\/\/www.stelvision.com\/astro\/wp-json\/wp\/v2\/media\/3521"}],"wp:attachment":[{"href":"https:\/\/www.stelvision.com\/astro\/wp-json\/wp\/v2\/media?parent=58988"}],"wp:term":[{"taxonomy":"product_brand","embeddable":true,"href":"https:\/\/www.stelvision.com\/astro\/wp-json\/wp\/v2\/product_brand?post=58988"},{"taxonomy":"product_cat","embeddable":true,"href":"https:\/\/www.stelvision.com\/astro\/wp-json\/wp\/v2\/product_cat?post=58988"},{"taxonomy":"product_tag","embeddable":true,"href":"https:\/\/www.stelvision.com\/astro\/wp-json\/wp\/v2\/product_tag?post=58988"}],"curies":[{"name":"wp","href":"https:\/\/api.w.org\/{rel}","templated":true}]}}