{"id":59184,"date":"2023-12-01T10:19:50","date_gmt":"2023-12-01T09:19:50","guid":{"rendered":"https:\/\/www.stelvision.com\/astro\/?post_type=product&#038;p=59184"},"modified":"2026-03-23T10:35:06","modified_gmt":"2026-03-23T09:35:06","slug":"pack-jumelles-10x50-st2-trepied","status":"publish","type":"product","link":"https:\/\/www.stelvision.com\/astro\/boutique\/pack-jumelles-10x50-st2-trepied\/","title":{"rendered":"Pack jumelles 10&#215;50 ST2 + tr\u00e9pied"},"content":{"rendered":"<p>Ce pack comprend :<\/p>\n<ul>\n<li>une <a href=\"https:\/\/www.stelvision.com\/astro\/boutique\/jumelles-10x50-st2\/\">paire de jumelles 10&#215;50 ST2<\/a><\/li>\n<li>un <a href=\"https:\/\/www.stelvision.com\/astro\/boutique\/trepied-photo-jumelles-star-64\/\">tr\u00e9pied Star 64<\/a> pour fixer vos jumelles et b\u00e9n\u00e9ficier d&rsquo;une image parfaitement stable.<\/li>\n<\/ul>\n<p>Le tr\u00e9pied \u00e9vite les tremblements de l&rsquo;image lors de l&rsquo;observation aux jumelles. Il permet de voir les plus fins d\u00e9tails. Il est notamment recommand\u00e9 pour l&rsquo;observation de la Lune et la mise en \u00e9vidence des satellites de Jupiter.<\/p>\n<p>L\u2019achat de ce pack vous permet de b\u00e9n\u00e9ficier d\u2019un prix pr\u00e9f\u00e9rentiel par rapport au prix des \u00e9l\u00e9ments achet\u00e9s s\u00e9par\u00e9ment.<\/p>\n","protected":false},"excerpt":{"rendered":"<p>Ce pack comprend : une paire de jumelles 10&#215;50 ST2 un tr\u00e9pied Star 64 pour fixer vos jumelles et b\u00e9n\u00e9ficier d&rsquo;une image parfaitement stable. Le <a href=\"https:\/\/www.stelvision.com\/astro\/boutique\/pack-jumelles-10x50-st2-trepied\/\" class=\"more-link\">&#8230;<span class=\"screen-reader-text\">  Pack jumelles 10&#215;50 ST2 + tr\u00e9pied<\/span><\/a><\/p>\n","protected":false},"featured_media":59186,"template":"","meta":{"_acf_changed":false},"product_brand":[],"product_cat":[331],"product_tag":[],"class_list":{"0":"post-59184","1":"product","2":"type-product","3":"status-publish","4":"has-post-thumbnail","6":"product_cat-jumelles","8":"first","9":"instock","10":"sale","11":"taxable","12":"shipping-taxable","13":"purchasable","14":"product-type-simple"},"acf":[],"yoast_head":"<!-- This site is optimized with the Yoast SEO plugin v27.1.1 - https:\/\/yoast.com\/product\/yoast-seo-wordpress\/ -->\n<title>Pack jumelles 10x50 ST2 + tr\u00e9pied : Stelvision<\/title>\n<meta name=\"robots\" content=\"noindex, nofollow\" \/>\n<meta property=\"og:locale\" content=\"fr_FR\" \/>\n<meta property=\"og:type\" content=\"article\" \/>\n<meta property=\"og:title\" content=\"Pack jumelles 10x50 ST2 + tr\u00e9pied : Stelvision\" \/>\n<meta property=\"og:description\" content=\"Ce pack comprend : une paire de jumelles 10&#215;50 ST2 un tr\u00e9pied Star 64 pour fixer vos jumelles et b\u00e9n\u00e9ficier d&rsquo;une image parfaitement stable. Le ... Pack jumelles 10&#215;50 ST2 + tr\u00e9pied\" \/>\n<meta property=\"og:url\" content=\"https:\/\/www.stelvision.com\/astro\/boutique\/pack-jumelles-10x50-st2-trepied\/\" \/>\n<meta property=\"og:site_name\" content=\"Stelvision\" \/>\n<meta property=\"article:publisher\" content=\"https:\/\/www.facebook.com\/people\/Stelvision\/100063368192331\/\" \/>\n<meta property=\"article:modified_time\" content=\"2026-03-23T09:35:06+00:00\" \/>\n<meta property=\"og:image\" content=\"https:\/\/www.stelvision.com\/astro\/wp-content\/uploads\/2023\/12\/pack-jumelles-trepied.webp\" \/>\n\t<meta property=\"og:image:width\" content=\"1024\" \/>\n\t<meta property=\"og:image:height\" content=\"1024\" \/>\n\t<meta property=\"og:image:type\" content=\"image\/webp\" \/>\n<meta name=\"twitter:card\" content=\"summary_large_image\" \/>\n<meta name=\"twitter:label1\" content=\"Dur\u00e9e de lecture estim\u00e9e\" \/>\n\t<meta name=\"twitter:data1\" content=\"1 minute\" \/>\n<script type=\"application\/ld+json\" class=\"yoast-schema-graph\">{\"@context\":\"https:\/\/schema.org\",\"@graph\":[{\"@type\":\"WebPage\",\"@id\":\"https:\/\/www.stelvision.com\/astro\/boutique\/pack-jumelles-10x50-st2-trepied\/\",\"url\":\"https:\/\/www.stelvision.com\/astro\/boutique\/pack-jumelles-10x50-st2-trepied\/\",\"name\":\"Pack jumelles 10x50 ST2 + tr\u00e9pied : Stelvision\",\"isPartOf\":{\"@id\":\"https:\/\/www.stelvision.com\/astro\/#website\"},\"primaryImageOfPage\":{\"@id\":\"https:\/\/www.stelvision.com\/astro\/boutique\/pack-jumelles-10x50-st2-trepied\/#primaryimage\"},\"image\":{\"@id\":\"https:\/\/www.stelvision.com\/astro\/boutique\/pack-jumelles-10x50-st2-trepied\/#primaryimage\"},\"thumbnailUrl\":\"https:\/\/www.stelvision.com\/astro\/wp-content\/uploads\/2023\/12\/pack-jumelles-trepied.webp\",\"datePublished\":\"2023-12-01T09:19:50+00:00\",\"dateModified\":\"2026-03-23T09:35:06+00:00\",\"breadcrumb\":{\"@id\":\"https:\/\/www.stelvision.com\/astro\/boutique\/pack-jumelles-10x50-st2-trepied\/#breadcrumb\"},\"inLanguage\":\"fr-FR\",\"potentialAction\":[{\"@type\":\"ReadAction\",\"target\":[\"https:\/\/www.stelvision.com\/astro\/boutique\/pack-jumelles-10x50-st2-trepied\/\"]}]},{\"@type\":\"ImageObject\",\"inLanguage\":\"fr-FR\",\"@id\":\"https:\/\/www.stelvision.com\/astro\/boutique\/pack-jumelles-10x50-st2-trepied\/#primaryimage\",\"url\":\"https:\/\/www.stelvision.com\/astro\/wp-content\/uploads\/2023\/12\/pack-jumelles-trepied.webp\",\"contentUrl\":\"https:\/\/www.stelvision.com\/astro\/wp-content\/uploads\/2023\/12\/pack-jumelles-trepied.webp\",\"width\":1024,\"height\":1024,\"caption\":\"visuel pack jumelles et tr\u00e9pied\"},{\"@type\":\"BreadcrumbList\",\"@id\":\"https:\/\/www.stelvision.com\/astro\/boutique\/pack-jumelles-10x50-st2-trepied\/#breadcrumb\",\"itemListElement\":[{\"@type\":\"ListItem\",\"position\":1,\"name\":\"Accueil\",\"item\":\"https:\/\/www.stelvision.com\/astro\/\"},{\"@type\":\"ListItem\",\"position\":2,\"name\":\"La Boutique Stelvision\",\"item\":\"https:\/\/www.stelvision.com\/astro\/boutique\/\"},{\"@type\":\"ListItem\",\"position\":3,\"name\":\"Pack jumelles 10&#215;50 ST2 + tr\u00e9pied\"}]},{\"@type\":\"WebSite\",\"@id\":\"https:\/\/www.stelvision.com\/astro\/#website\",\"url\":\"https:\/\/www.stelvision.com\/astro\/\",\"name\":\"Stelvision\",\"description\":\"conseils, livres et mat\u00e9riel d&#039;observation du ciel\",\"publisher\":{\"@id\":\"https:\/\/www.stelvision.com\/astro\/#organization\"},\"potentialAction\":[{\"@type\":\"SearchAction\",\"target\":{\"@type\":\"EntryPoint\",\"urlTemplate\":\"https:\/\/www.stelvision.com\/astro\/?s={search_term_string}\"},\"query-input\":{\"@type\":\"PropertyValueSpecification\",\"valueRequired\":true,\"valueName\":\"search_term_string\"}}],\"inLanguage\":\"fr-FR\"},{\"@type\":\"Organization\",\"@id\":\"https:\/\/www.stelvision.com\/astro\/#organization\",\"name\":\"Stelvision\",\"url\":\"https:\/\/www.stelvision.com\/astro\/\",\"logo\":{\"@type\":\"ImageObject\",\"inLanguage\":\"fr-FR\",\"@id\":\"https:\/\/www.stelvision.com\/astro\/#\/schema\/logo\/image\/\",\"url\":\"https:\/\/www.stelvision.com\/astro\/wp-content\/uploads\/2019\/03\/logo_lisse_bleu_Stelvision_600.png\",\"contentUrl\":\"https:\/\/www.stelvision.com\/astro\/wp-content\/uploads\/2019\/03\/logo_lisse_bleu_Stelvision_600.png\",\"width\":600,\"height\":277,\"caption\":\"Stelvision\"},\"image\":{\"@id\":\"https:\/\/www.stelvision.com\/astro\/#\/schema\/logo\/image\/\"},\"sameAs\":[\"https:\/\/www.facebook.com\/people\/Stelvision\/100063368192331\/\"]}]}<\/script>\n<!-- \/ Yoast SEO plugin. -->","yoast_head_json":{"title":"Pack jumelles 10x50 ST2 + tr\u00e9pied : Stelvision","robots":{"index":"noindex","follow":"nofollow"},"og_locale":"fr_FR","og_type":"article","og_title":"Pack jumelles 10x50 ST2 + tr\u00e9pied : Stelvision","og_description":"Ce pack comprend : une paire de jumelles 10&#215;50 ST2 un tr\u00e9pied Star 64 pour fixer vos jumelles et b\u00e9n\u00e9ficier d&rsquo;une image parfaitement stable. Le ... Pack jumelles 10&#215;50 ST2 + tr\u00e9pied","og_url":"https:\/\/www.stelvision.com\/astro\/boutique\/pack-jumelles-10x50-st2-trepied\/","og_site_name":"Stelvision","article_publisher":"https:\/\/www.facebook.com\/people\/Stelvision\/100063368192331\/","article_modified_time":"2026-03-23T09:35:06+00:00","og_image":[{"width":1024,"height":1024,"url":"https:\/\/www.stelvision.com\/astro\/wp-content\/uploads\/2023\/12\/pack-jumelles-trepied.webp","type":"image\/webp"}],"twitter_card":"summary_large_image","twitter_misc":{"Dur\u00e9e de lecture estim\u00e9e":"1 minute"},"schema":{"@context":"https:\/\/schema.org","@graph":[{"@type":"WebPage","@id":"https:\/\/www.stelvision.com\/astro\/boutique\/pack-jumelles-10x50-st2-trepied\/","url":"https:\/\/www.stelvision.com\/astro\/boutique\/pack-jumelles-10x50-st2-trepied\/","name":"Pack jumelles 10x50 ST2 + tr\u00e9pied : Stelvision","isPartOf":{"@id":"https:\/\/www.stelvision.com\/astro\/#website"},"primaryImageOfPage":{"@id":"https:\/\/www.stelvision.com\/astro\/boutique\/pack-jumelles-10x50-st2-trepied\/#primaryimage"},"image":{"@id":"https:\/\/www.stelvision.com\/astro\/boutique\/pack-jumelles-10x50-st2-trepied\/#primaryimage"},"thumbnailUrl":"https:\/\/www.stelvision.com\/astro\/wp-content\/uploads\/2023\/12\/pack-jumelles-trepied.webp","datePublished":"2023-12-01T09:19:50+00:00","dateModified":"2026-03-23T09:35:06+00:00","breadcrumb":{"@id":"https:\/\/www.stelvision.com\/astro\/boutique\/pack-jumelles-10x50-st2-trepied\/#breadcrumb"},"inLanguage":"fr-FR","potentialAction":[{"@type":"ReadAction","target":["https:\/\/www.stelvision.com\/astro\/boutique\/pack-jumelles-10x50-st2-trepied\/"]}]},{"@type":"ImageObject","inLanguage":"fr-FR","@id":"https:\/\/www.stelvision.com\/astro\/boutique\/pack-jumelles-10x50-st2-trepied\/#primaryimage","url":"https:\/\/www.stelvision.com\/astro\/wp-content\/uploads\/2023\/12\/pack-jumelles-trepied.webp","contentUrl":"https:\/\/www.stelvision.com\/astro\/wp-content\/uploads\/2023\/12\/pack-jumelles-trepied.webp","width":1024,"height":1024,"caption":"visuel pack jumelles et tr\u00e9pied"},{"@type":"BreadcrumbList","@id":"https:\/\/www.stelvision.com\/astro\/boutique\/pack-jumelles-10x50-st2-trepied\/#breadcrumb","itemListElement":[{"@type":"ListItem","position":1,"name":"Accueil","item":"https:\/\/www.stelvision.com\/astro\/"},{"@type":"ListItem","position":2,"name":"La Boutique Stelvision","item":"https:\/\/www.stelvision.com\/astro\/boutique\/"},{"@type":"ListItem","position":3,"name":"Pack jumelles 10&#215;50 ST2 + tr\u00e9pied"}]},{"@type":"WebSite","@id":"https:\/\/www.stelvision.com\/astro\/#website","url":"https:\/\/www.stelvision.com\/astro\/","name":"Stelvision","description":"conseils, livres et mat\u00e9riel d&#039;observation du ciel","publisher":{"@id":"https:\/\/www.stelvision.com\/astro\/#organization"},"potentialAction":[{"@type":"SearchAction","target":{"@type":"EntryPoint","urlTemplate":"https:\/\/www.stelvision.com\/astro\/?s={search_term_string}"},"query-input":{"@type":"PropertyValueSpecification","valueRequired":true,"valueName":"search_term_string"}}],"inLanguage":"fr-FR"},{"@type":"Organization","@id":"https:\/\/www.stelvision.com\/astro\/#organization","name":"Stelvision","url":"https:\/\/www.stelvision.com\/astro\/","logo":{"@type":"ImageObject","inLanguage":"fr-FR","@id":"https:\/\/www.stelvision.com\/astro\/#\/schema\/logo\/image\/","url":"https:\/\/www.stelvision.com\/astro\/wp-content\/uploads\/2019\/03\/logo_lisse_bleu_Stelvision_600.png","contentUrl":"https:\/\/www.stelvision.com\/astro\/wp-content\/uploads\/2019\/03\/logo_lisse_bleu_Stelvision_600.png","width":600,"height":277,"caption":"Stelvision"},"image":{"@id":"https:\/\/www.stelvision.com\/astro\/#\/schema\/logo\/image\/"},"sameAs":["https:\/\/www.facebook.com\/people\/Stelvision\/100063368192331\/"]}]}},"_links":{"self":[{"href":"https:\/\/www.stelvision.com\/astro\/wp-json\/wp\/v2\/product\/59184","targetHints":{"allow":["GET"]}}],"collection":[{"href":"https:\/\/www.stelvision.com\/astro\/wp-json\/wp\/v2\/product"}],"about":[{"href":"https:\/\/www.stelvision.com\/astro\/wp-json\/wp\/v2\/types\/product"}],"wp:featuredmedia":[{"embeddable":true,"href":"https:\/\/www.stelvision.com\/astro\/wp-json\/wp\/v2\/media\/59186"}],"wp:attachment":[{"href":"https:\/\/www.stelvision.com\/astro\/wp-json\/wp\/v2\/media?parent=59184"}],"wp:term":[{"taxonomy":"product_brand","embeddable":true,"href":"https:\/\/www.stelvision.com\/astro\/wp-json\/wp\/v2\/product_brand?post=59184"},{"taxonomy":"product_cat","embeddable":true,"href":"https:\/\/www.stelvision.com\/astro\/wp-json\/wp\/v2\/product_cat?post=59184"},{"taxonomy":"product_tag","embeddable":true,"href":"https:\/\/www.stelvision.com\/astro\/wp-json\/wp\/v2\/product_tag?post=59184"}],"curies":[{"name":"wp","href":"https:\/\/api.w.org\/{rel}","templated":true}]}}