{"id":60692,"date":"2024-02-27T09:21:35","date_gmt":"2024-02-27T08:21:35","guid":{"rendered":"https:\/\/www.stelvision.com\/astro\/?post_type=product&#038;p=60692"},"modified":"2026-05-14T02:54:42","modified_gmt":"2026-05-14T00:54:42","slug":"decouvrir-le-ciel-a-loeil-nu","status":"publish","type":"product","link":"https:\/\/www.stelvision.com\/astro\/boutique\/decouvrir-le-ciel-a-loeil-nu\/","title":{"rendered":"D\u00e9couvrir le ciel \u00e0 l\u2019\u0153il nu &#8211; Un guide pour observer les \u00e9toiles depuis chez soi"},"content":{"rendered":"<p><strong>Voulez-vous apprendre \u00e0 observer le ciel en toute simplicit\u00e9 ?<\/strong> Reconna\u00eetre les \u00e9toiles et les suivre au fil de l\u2019ann\u00e9e ? Comprendre les bases de l\u2019astronomie et les partager en famille ou entre amis ? Ce livre est fait pour vous.<\/p>\n<p>Apprenez \u00e0 identifier les constellations saison par saison, avec des parcours pour les rep\u00e9rer progressivement et d\u2019astucieux d\u00e9pliants pour vous amuser \u00e0 les reconna\u00eetre. Rep\u00e9rez les principales plan\u00e8tes, suivez les phases de la Lune. Guettez les \u00e9clipses, les \u00e9toiles filantes, les com\u00e8tes et autres curiosit\u00e9s c\u00e9lestes visibles \u00e0 l\u2019\u0153il nu. Chez vous ou en vacances, \u00e9t\u00e9 comme hiver, en ville comme \u00e0 la campagne, il y a toujours quelque chose \u00e0 voir ! Ce livre vous initiera au plaisir d\u2019observer et de comprendre le ciel.<\/p>\n<ul>\n<li><strong>Pratique<\/strong> : un guide de voyage dans les \u00e9toiles<\/li>\n<li><strong>Ludique<\/strong> : des d\u00e9pliants pour apprendre les constellations<\/li>\n<li><strong>P\u00e9dagogique<\/strong> : des rep\u00e8res scientifiques et culturels accessibles \u00e0 toutes et \u00e0 tous<\/li>\n<li><strong>P\u00e9renne<\/strong> : des liens Internet pour les derni\u00e8res infos de visibilit\u00e9<\/li>\n<\/ul>\n<p>Utilisable depuis tout l\u2019<strong>h\u00e9misph\u00e8re nord.<\/strong><\/p>\n<div style=\"border-top: solid 1px; border-bottom: solid 1px; padding: 3px; margin-bottom: 1em;\"><small>de Bertrand d&rsquo;Armagnac et Carine Souplet | 17 x 21 cm, 148 pages | \u00e9ditions Stelvision | ISBN : 978-2-9586619-1-5 | Parution 2 mai 2024<br \/>\n<!--Exp\u00e9dition <strong>30 avril<\/strong> (l'ensemble de votre commande sera exp\u00e9di\u00e9e \u00e0 cette date)--><\/small><\/div>\n<p><small><strong>Bertrand d\u2019Armagnac<\/strong> est un passionn\u00e9 d\u2019astronomie depuis toujours. En s\u2019appuyant sur son exp\u00e9rience d\u2019observateur et son go\u00fbt pour la p\u00e9dagogie, il a cr\u00e9\u00e9 Stelvision, un site d\u2019information et une maison d\u2019\u00e9dition d\u00e9di\u00e9s \u00e0 la d\u00e9couverte du ciel \u00e9toil\u00e9. Il est auteur et co-auteur de plusieurs guides d\u2019observation, dont la carte du ciel tournante Stelvision 365 diffus\u00e9e \u00e0 pr\u00e8s de 200 000 exemplaires.<\/small><\/p>\n<p><small><strong>Carine Souplet<\/strong> observe le ciel depuis l\u2019enfance, avec une pr\u00e9dilection pour le ciel profond et le dessin astronomique. Habitu\u00e9e \u00e0 animer des ateliers pratiques d\u2019observation, elle sait transmettre ses connaissances \u00e0 un large public. Pour le site Stelvision, elle r\u00e9dige des dossiers pratiques et des articles d\u2019actualit\u00e9 c\u00e9leste. Elle est co-autrice du guide d\u2019observation Le Ciel au t\u00e9lescope.<\/small><\/p>\n","protected":false},"excerpt":{"rendered":"<p>Voulez-vous apprendre \u00e0 observer le ciel en toute simplicit\u00e9 ? Reconna\u00eetre les \u00e9toiles et les suivre au fil de l\u2019ann\u00e9e ? Comprendre les bases de l\u2019astronomie et les partager en famille ou entre amis ? Ce livre est fait pour vous.<\/p>\n","protected":false},"featured_media":64499,"template":"","meta":{"_acf_changed":false},"product_brand":[],"product_cat":[126],"product_tag":[369],"class_list":{"0":"post-60692","1":"product","2":"type-product","3":"status-publish","4":"has-post-thumbnail","6":"product_cat-edition","7":"product_tag--notre-selection-pour-lete","8":"product_shipping_class-livre","10":"first","11":"instock","12":"taxable","13":"shipping-taxable","14":"purchasable","15":"product-type-simple"},"acf":[],"yoast_head":"<!-- This site is optimized with the Yoast SEO plugin v27.5 - https:\/\/yoast.com\/product\/yoast-seo-wordpress\/ -->\n<title>D\u00e9couvrir le ciel \u00e0 l\u2019\u0153il nu - Un guide pour observer les \u00e9toiles depuis chez soi<\/title>\n<meta name=\"description\" content=\"Apprenez \u00e0 reconna\u00eetre les \u00e9toiles, les constellations et les plan\u00e8tes en toute simplicit\u00e9. D\u00e9couvrez les bases de l\u2019astronomie.\" \/>\n<meta name=\"robots\" content=\"index, follow, max-snippet:-1, max-image-preview:large, max-video-preview:-1\" \/>\n<link rel=\"canonical\" href=\"https:\/\/www.stelvision.com\/astro\/boutique\/decouvrir-le-ciel-a-loeil-nu\/\" \/>\n<meta property=\"og:locale\" content=\"fr_FR\" \/>\n<meta property=\"og:type\" content=\"article\" \/>\n<meta property=\"og:title\" content=\"D\u00e9couvrir le ciel \u00e0 l\u2019\u0153il nu - Un guide pour observer les \u00e9toiles depuis chez soi\" \/>\n<meta property=\"og:description\" content=\"Apprenez \u00e0 reconna\u00eetre les \u00e9toiles, les constellations et les plan\u00e8tes en toute simplicit\u00e9. D\u00e9couvrez les bases de l\u2019astronomie.\" \/>\n<meta property=\"og:url\" content=\"https:\/\/www.stelvision.com\/astro\/boutique\/decouvrir-le-ciel-a-loeil-nu\/\" \/>\n<meta property=\"og:site_name\" content=\"Stelvision\" \/>\n<meta property=\"article:publisher\" content=\"https:\/\/www.facebook.com\/people\/Stelvision\/100063368192331\/\" \/>\n<meta property=\"article:modified_time\" content=\"2026-05-14T00:54:42+00:00\" \/>\n<meta property=\"og:image\" content=\"https:\/\/www.stelvision.com\/astro\/wp-content\/uploads\/2024\/04\/Pub-Livre-WEB-RS-1200x630-2.jpg\" \/>\n\t<meta property=\"og:image:width\" content=\"1200\" \/>\n\t<meta property=\"og:image:height\" content=\"630\" \/>\n\t<meta property=\"og:image:type\" content=\"image\/jpeg\" \/>\n<meta name=\"twitter:card\" content=\"summary_large_image\" \/>\n<meta name=\"twitter:image\" content=\"https:\/\/www.stelvision.com\/astro\/wp-content\/uploads\/2024\/04\/Pub-Livre-WEB-RS-1200x630-2.jpg\" \/>\n<meta name=\"twitter:label1\" content=\"Dur\u00e9e de lecture estim\u00e9e\" \/>\n\t<meta name=\"twitter:data1\" content=\"2 minutes\" \/>\n<script type=\"application\/ld+json\" class=\"yoast-schema-graph\">{\"@context\":\"https:\\\/\\\/schema.org\",\"@graph\":[{\"@type\":\"WebPage\",\"@id\":\"https:\\\/\\\/www.stelvision.com\\\/astro\\\/boutique\\\/decouvrir-le-ciel-a-loeil-nu\\\/\",\"url\":\"https:\\\/\\\/www.stelvision.com\\\/astro\\\/boutique\\\/decouvrir-le-ciel-a-loeil-nu\\\/\",\"name\":\"D\u00e9couvrir le ciel \u00e0 l\u2019\u0153il nu - Un guide pour observer les \u00e9toiles depuis chez soi\",\"isPartOf\":{\"@id\":\"https:\\\/\\\/www.stelvision.com\\\/astro\\\/#website\"},\"primaryImageOfPage\":{\"@id\":\"https:\\\/\\\/www.stelvision.com\\\/astro\\\/boutique\\\/decouvrir-le-ciel-a-loeil-nu\\\/#primaryimage\"},\"image\":{\"@id\":\"https:\\\/\\\/www.stelvision.com\\\/astro\\\/boutique\\\/decouvrir-le-ciel-a-loeil-nu\\\/#primaryimage\"},\"thumbnailUrl\":\"https:\\\/\\\/www.stelvision.com\\\/astro\\\/wp-content\\\/uploads\\\/2024\\\/09\\\/Decouvrir-le-ciel-a-loeil-nu-en-volume-fond-blanc_1024.jpg\",\"datePublished\":\"2024-02-27T08:21:35+00:00\",\"dateModified\":\"2026-05-14T00:54:42+00:00\",\"description\":\"Apprenez \u00e0 reconna\u00eetre les \u00e9toiles, les constellations et les plan\u00e8tes en toute simplicit\u00e9. D\u00e9couvrez les bases de l\u2019astronomie.\",\"breadcrumb\":{\"@id\":\"https:\\\/\\\/www.stelvision.com\\\/astro\\\/boutique\\\/decouvrir-le-ciel-a-loeil-nu\\\/#breadcrumb\"},\"inLanguage\":\"fr-FR\",\"potentialAction\":[{\"@type\":\"ReadAction\",\"target\":[\"https:\\\/\\\/www.stelvision.com\\\/astro\\\/boutique\\\/decouvrir-le-ciel-a-loeil-nu\\\/\"]}]},{\"@type\":\"ImageObject\",\"inLanguage\":\"fr-FR\",\"@id\":\"https:\\\/\\\/www.stelvision.com\\\/astro\\\/boutique\\\/decouvrir-le-ciel-a-loeil-nu\\\/#primaryimage\",\"url\":\"https:\\\/\\\/www.stelvision.com\\\/astro\\\/wp-content\\\/uploads\\\/2024\\\/09\\\/Decouvrir-le-ciel-a-loeil-nu-en-volume-fond-blanc_1024.jpg\",\"contentUrl\":\"https:\\\/\\\/www.stelvision.com\\\/astro\\\/wp-content\\\/uploads\\\/2024\\\/09\\\/Decouvrir-le-ciel-a-loeil-nu-en-volume-fond-blanc_1024.jpg\",\"width\":1024,\"height\":1024,\"caption\":\"Visuel livre D\u00e9couvrir le ciel \u00e0 l'\u0153il nu de Bertrand d'Armagnac et Carine Souplet aux \u00e9ditions Stelvision\"},{\"@type\":\"BreadcrumbList\",\"@id\":\"https:\\\/\\\/www.stelvision.com\\\/astro\\\/boutique\\\/decouvrir-le-ciel-a-loeil-nu\\\/#breadcrumb\",\"itemListElement\":[{\"@type\":\"ListItem\",\"position\":1,\"name\":\"Accueil\",\"item\":\"https:\\\/\\\/www.stelvision.com\\\/astro\\\/\"},{\"@type\":\"ListItem\",\"position\":2,\"name\":\"La Boutique Stelvision\",\"item\":\"https:\\\/\\\/www.stelvision.com\\\/astro\\\/boutique\\\/\"},{\"@type\":\"ListItem\",\"position\":3,\"name\":\"D\u00e9couvrir le ciel \u00e0 l\u2019\u0153il nu &#8211; Un guide pour observer les \u00e9toiles depuis chez soi\"}]},{\"@type\":\"WebSite\",\"@id\":\"https:\\\/\\\/www.stelvision.com\\\/astro\\\/#website\",\"url\":\"https:\\\/\\\/www.stelvision.com\\\/astro\\\/\",\"name\":\"Stelvision\",\"description\":\"conseils, livres et mat\u00e9riel d&#039;observation du ciel\",\"publisher\":{\"@id\":\"https:\\\/\\\/www.stelvision.com\\\/astro\\\/#organization\"},\"potentialAction\":[{\"@type\":\"SearchAction\",\"target\":{\"@type\":\"EntryPoint\",\"urlTemplate\":\"https:\\\/\\\/www.stelvision.com\\\/astro\\\/?s={search_term_string}\"},\"query-input\":{\"@type\":\"PropertyValueSpecification\",\"valueRequired\":true,\"valueName\":\"search_term_string\"}}],\"inLanguage\":\"fr-FR\"},{\"@type\":\"Organization\",\"@id\":\"https:\\\/\\\/www.stelvision.com\\\/astro\\\/#organization\",\"name\":\"Stelvision\",\"url\":\"https:\\\/\\\/www.stelvision.com\\\/astro\\\/\",\"logo\":{\"@type\":\"ImageObject\",\"inLanguage\":\"fr-FR\",\"@id\":\"https:\\\/\\\/www.stelvision.com\\\/astro\\\/#\\\/schema\\\/logo\\\/image\\\/\",\"url\":\"https:\\\/\\\/www.stelvision.com\\\/astro\\\/wp-content\\\/uploads\\\/2019\\\/03\\\/logo_lisse_bleu_Stelvision_600.png\",\"contentUrl\":\"https:\\\/\\\/www.stelvision.com\\\/astro\\\/wp-content\\\/uploads\\\/2019\\\/03\\\/logo_lisse_bleu_Stelvision_600.png\",\"width\":600,\"height\":277,\"caption\":\"Stelvision\"},\"image\":{\"@id\":\"https:\\\/\\\/www.stelvision.com\\\/astro\\\/#\\\/schema\\\/logo\\\/image\\\/\"},\"sameAs\":[\"https:\\\/\\\/www.facebook.com\\\/people\\\/Stelvision\\\/100063368192331\\\/\"]}]}<\/script>\n<!-- \/ Yoast SEO plugin. -->","yoast_head_json":{"title":"D\u00e9couvrir le ciel \u00e0 l\u2019\u0153il nu - Un guide pour observer les \u00e9toiles depuis chez soi","description":"Apprenez \u00e0 reconna\u00eetre les \u00e9toiles, les constellations et les plan\u00e8tes en toute simplicit\u00e9. D\u00e9couvrez les bases de l\u2019astronomie.","robots":{"index":"index","follow":"follow","max-snippet":"max-snippet:-1","max-image-preview":"max-image-preview:large","max-video-preview":"max-video-preview:-1"},"canonical":"https:\/\/www.stelvision.com\/astro\/boutique\/decouvrir-le-ciel-a-loeil-nu\/","og_locale":"fr_FR","og_type":"article","og_title":"D\u00e9couvrir le ciel \u00e0 l\u2019\u0153il nu - Un guide pour observer les \u00e9toiles depuis chez soi","og_description":"Apprenez \u00e0 reconna\u00eetre les \u00e9toiles, les constellations et les plan\u00e8tes en toute simplicit\u00e9. D\u00e9couvrez les bases de l\u2019astronomie.","og_url":"https:\/\/www.stelvision.com\/astro\/boutique\/decouvrir-le-ciel-a-loeil-nu\/","og_site_name":"Stelvision","article_publisher":"https:\/\/www.facebook.com\/people\/Stelvision\/100063368192331\/","article_modified_time":"2026-05-14T00:54:42+00:00","og_image":[{"width":1200,"height":630,"url":"https:\/\/www.stelvision.com\/astro\/wp-content\/uploads\/2024\/04\/Pub-Livre-WEB-RS-1200x630-2.jpg","type":"image\/jpeg"}],"twitter_card":"summary_large_image","twitter_image":"https:\/\/www.stelvision.com\/astro\/wp-content\/uploads\/2024\/04\/Pub-Livre-WEB-RS-1200x630-2.jpg","twitter_misc":{"Dur\u00e9e de lecture estim\u00e9e":"2 minutes"},"schema":{"@context":"https:\/\/schema.org","@graph":[{"@type":"WebPage","@id":"https:\/\/www.stelvision.com\/astro\/boutique\/decouvrir-le-ciel-a-loeil-nu\/","url":"https:\/\/www.stelvision.com\/astro\/boutique\/decouvrir-le-ciel-a-loeil-nu\/","name":"D\u00e9couvrir le ciel \u00e0 l\u2019\u0153il nu - Un guide pour observer les \u00e9toiles depuis chez soi","isPartOf":{"@id":"https:\/\/www.stelvision.com\/astro\/#website"},"primaryImageOfPage":{"@id":"https:\/\/www.stelvision.com\/astro\/boutique\/decouvrir-le-ciel-a-loeil-nu\/#primaryimage"},"image":{"@id":"https:\/\/www.stelvision.com\/astro\/boutique\/decouvrir-le-ciel-a-loeil-nu\/#primaryimage"},"thumbnailUrl":"https:\/\/www.stelvision.com\/astro\/wp-content\/uploads\/2024\/09\/Decouvrir-le-ciel-a-loeil-nu-en-volume-fond-blanc_1024.jpg","datePublished":"2024-02-27T08:21:35+00:00","dateModified":"2026-05-14T00:54:42+00:00","description":"Apprenez \u00e0 reconna\u00eetre les \u00e9toiles, les constellations et les plan\u00e8tes en toute simplicit\u00e9. D\u00e9couvrez les bases de l\u2019astronomie.","breadcrumb":{"@id":"https:\/\/www.stelvision.com\/astro\/boutique\/decouvrir-le-ciel-a-loeil-nu\/#breadcrumb"},"inLanguage":"fr-FR","potentialAction":[{"@type":"ReadAction","target":["https:\/\/www.stelvision.com\/astro\/boutique\/decouvrir-le-ciel-a-loeil-nu\/"]}]},{"@type":"ImageObject","inLanguage":"fr-FR","@id":"https:\/\/www.stelvision.com\/astro\/boutique\/decouvrir-le-ciel-a-loeil-nu\/#primaryimage","url":"https:\/\/www.stelvision.com\/astro\/wp-content\/uploads\/2024\/09\/Decouvrir-le-ciel-a-loeil-nu-en-volume-fond-blanc_1024.jpg","contentUrl":"https:\/\/www.stelvision.com\/astro\/wp-content\/uploads\/2024\/09\/Decouvrir-le-ciel-a-loeil-nu-en-volume-fond-blanc_1024.jpg","width":1024,"height":1024,"caption":"Visuel livre D\u00e9couvrir le ciel \u00e0 l'\u0153il nu de Bertrand d'Armagnac et Carine Souplet aux \u00e9ditions Stelvision"},{"@type":"BreadcrumbList","@id":"https:\/\/www.stelvision.com\/astro\/boutique\/decouvrir-le-ciel-a-loeil-nu\/#breadcrumb","itemListElement":[{"@type":"ListItem","position":1,"name":"Accueil","item":"https:\/\/www.stelvision.com\/astro\/"},{"@type":"ListItem","position":2,"name":"La Boutique Stelvision","item":"https:\/\/www.stelvision.com\/astro\/boutique\/"},{"@type":"ListItem","position":3,"name":"D\u00e9couvrir le ciel \u00e0 l\u2019\u0153il nu &#8211; Un guide pour observer les \u00e9toiles depuis chez soi"}]},{"@type":"WebSite","@id":"https:\/\/www.stelvision.com\/astro\/#website","url":"https:\/\/www.stelvision.com\/astro\/","name":"Stelvision","description":"conseils, livres et mat\u00e9riel d&#039;observation du ciel","publisher":{"@id":"https:\/\/www.stelvision.com\/astro\/#organization"},"potentialAction":[{"@type":"SearchAction","target":{"@type":"EntryPoint","urlTemplate":"https:\/\/www.stelvision.com\/astro\/?s={search_term_string}"},"query-input":{"@type":"PropertyValueSpecification","valueRequired":true,"valueName":"search_term_string"}}],"inLanguage":"fr-FR"},{"@type":"Organization","@id":"https:\/\/www.stelvision.com\/astro\/#organization","name":"Stelvision","url":"https:\/\/www.stelvision.com\/astro\/","logo":{"@type":"ImageObject","inLanguage":"fr-FR","@id":"https:\/\/www.stelvision.com\/astro\/#\/schema\/logo\/image\/","url":"https:\/\/www.stelvision.com\/astro\/wp-content\/uploads\/2019\/03\/logo_lisse_bleu_Stelvision_600.png","contentUrl":"https:\/\/www.stelvision.com\/astro\/wp-content\/uploads\/2019\/03\/logo_lisse_bleu_Stelvision_600.png","width":600,"height":277,"caption":"Stelvision"},"image":{"@id":"https:\/\/www.stelvision.com\/astro\/#\/schema\/logo\/image\/"},"sameAs":["https:\/\/www.facebook.com\/people\/Stelvision\/100063368192331\/"]}]}},"_links":{"self":[{"href":"https:\/\/www.stelvision.com\/astro\/wp-json\/wp\/v2\/product\/60692","targetHints":{"allow":["GET"]}}],"collection":[{"href":"https:\/\/www.stelvision.com\/astro\/wp-json\/wp\/v2\/product"}],"about":[{"href":"https:\/\/www.stelvision.com\/astro\/wp-json\/wp\/v2\/types\/product"}],"wp:featuredmedia":[{"embeddable":true,"href":"https:\/\/www.stelvision.com\/astro\/wp-json\/wp\/v2\/media\/64499"}],"wp:attachment":[{"href":"https:\/\/www.stelvision.com\/astro\/wp-json\/wp\/v2\/media?parent=60692"}],"wp:term":[{"taxonomy":"product_brand","embeddable":true,"href":"https:\/\/www.stelvision.com\/astro\/wp-json\/wp\/v2\/product_brand?post=60692"},{"taxonomy":"product_cat","embeddable":true,"href":"https:\/\/www.stelvision.com\/astro\/wp-json\/wp\/v2\/product_cat?post=60692"},{"taxonomy":"product_tag","embeddable":true,"href":"https:\/\/www.stelvision.com\/astro\/wp-json\/wp\/v2\/product_tag?post=60692"}],"curies":[{"name":"wp","href":"https:\/\/api.w.org\/{rel}","templated":true}]}}