{"id":70777,"date":"2025-08-25T16:43:49","date_gmt":"2025-08-25T14:43:49","guid":{"rendered":"https:\/\/www.stelvision.com\/astro\/?post_type=product&#038;p=70777"},"modified":"2026-05-15T14:30:51","modified_gmt":"2026-05-15T12:30:51","slug":"lunettes-eclipse","status":"publish","type":"product","link":"https:\/\/www.stelvision.com\/astro\/boutique\/lunettes-eclipse\/","title":{"rendered":"Lunettes d&rsquo;\u00e9clipse Soleils noirs"},"content":{"rendered":"<p>Ces lunettes permettent d&rsquo;observer le Soleil en toute s\u00e9curit\u00e9, pour suivre la progression du disque lunaire devant le Soleil au cours d&rsquo;une \u00e9clipse. Elles permettent aussi d&rsquo;observer le Soleil \u00e0 tout autre moment et de voir certaines taches sur le disque solaire lorsque celles-ci sont suffisamment grosses. Les filtres laissent passer une infime partie de la lumi\u00e8re solaire (environ 1\/100\u00a0000<sup>e<\/sup>), offrant une vision confortable et sans danger, avec une agr\u00e9able coloration jaune clair.<\/p>\r\n<p><strong>Certifi\u00e9es \u00ab\u00a0CE\u00a0\u00bb<\/strong>, ces lunettes sont conformes au r\u00e8glement europ\u00e9en 2016\/425 relatif aux \u00e9quipements de protection individuelle et conformes aux exigences de transmission de la <strong>norme ISO 12312-2<\/strong>. Les lunettes sont livr\u00e9es pli\u00e9es et emball\u00e9es individuellement en sachet, ce qui garantit qu&rsquo;elles ne sont pas ab\u00eem\u00e9es ni salies pendant le stockage, l&rsquo;exp\u00e9dition, etc.<\/p>\r\n<h2>\u00c0 propos de ce produit<\/h2>\r\n\r\n<div class=\"wp-block-columns is-layout-flex wp-container-core-columns-is-layout-9d6595d7 wp-block-columns-is-layout-flex\">\r\n<div class=\"wp-block-column is-layout-flow wp-block-column-is-layout-flow\" style=\"flex-basis: 66.66%;\">\r\n<p>Ce produit est fabriqu\u00e9 aux USA sp\u00e9cialement pour Stelvision par une entreprise sp\u00e9cialis\u00e9e. Le nom et l&rsquo;aspect graphique de ces lunettes sont une r\u00e9f\u00e9rence \u00e0 l&rsquo;ouvrage <em><a href=\"https:\/\/www.stelvision.com\/astro\/boutique\/les-soleils-noirs-de-2026-et-2027\/\">Les Soleils noirs de 2026 et 2027<\/a><\/em>, le guide pratique de <a id=\"71073\" href=\"https:\/\/www.stelvision.com\/astro\/les-soleils-noirs-de-jean-marc-lecleire\/\" type=\"post\">Jean-Marc Lecleire<\/a> que nous \u00e9ditons \u00e0 l&rsquo;occasion des \u00e9clipses des 12 ao\u00fbt 2026 et 2 ao\u00fbt 2027 (1 paire de lunettes est d&rsquo;ailleurs incluse dans chaque livre). N&rsquo;h\u00e9sitez pas \u00e0 ajouter ce livre \u00e0 votre commande, il vous dira tout sur ces \u00e9clipses et vous apprendrez une foule de choses \u00e0 partager en famille ou entre amis le jour J\u00a0!<\/p>\r\n\r\n\r\n<\/div>\r\n\r\n\r\n\r\n<div class=\"wp-block-column is-layout-flow wp-block-column-is-layout-flow\" style=\"flex-basis: 33.33%;\">\r\n<figure class=\"wp-block-image size-large\"><a href=\"https:\/\/www.stelvision.com\/astro\/boutique\/les-soleils-noirs-de-2026-et-2027\/\"><img decoding=\"async\" width=\"730\" height=\"1024\" class=\"wp-image-70939\" src=\"https:\/\/www.stelvision.com\/astro\/wp-content\/uploads\/2025\/09\/Soleils-noirs-couverture-w1200-730x1024.webp\" alt=\"Couverture du livre Les Soleils noirs de 2026 et 2027 de Jean-Marc Lecleire aux \u00e9ditions Stelvision\" srcset=\"https:\/\/www.stelvision.com\/astro\/wp-content\/uploads\/2025\/09\/Soleils-noirs-couverture-w1200-730x1024.webp 730w, https:\/\/www.stelvision.com\/astro\/wp-content\/uploads\/2025\/09\/Soleils-noirs-couverture-w1200-214x300.webp 214w, https:\/\/www.stelvision.com\/astro\/wp-content\/uploads\/2025\/09\/Soleils-noirs-couverture-w1200-428x600.webp 428w, https:\/\/www.stelvision.com\/astro\/wp-content\/uploads\/2025\/09\/Soleils-noirs-couverture-w1200-1140x1599.webp 1140w, https:\/\/www.stelvision.com\/astro\/wp-content\/uploads\/2025\/09\/Soleils-noirs-couverture-w1200-750x1052.webp 750w, https:\/\/www.stelvision.com\/astro\/wp-content\/uploads\/2025\/09\/Soleils-noirs-couverture-w1200-570x799.webp 570w, https:\/\/www.stelvision.com\/astro\/wp-content\/uploads\/2025\/09\/Soleils-noirs-couverture-w1200-368x516.webp 368w, https:\/\/www.stelvision.com\/astro\/wp-content\/uploads\/2025\/09\/Soleils-noirs-couverture-w1200-270x379.webp 270w, https:\/\/www.stelvision.com\/astro\/wp-content\/uploads\/2025\/09\/Soleils-noirs-couverture-w1200-1000x1403.webp 1000w, https:\/\/www.stelvision.com\/astro\/wp-content\/uploads\/2025\/09\/Soleils-noirs-couverture-w1200.webp 1200w\" sizes=\"(max-width: 730px) 100vw, 730px\" \/><\/a><\/figure>\r\n<\/div>\r\n<\/div>\r\n\r\n<h2>Tarifs d\u00e9gressifs<\/h2>\r\n<ul>\r\n<li><strong>Professionnels, associations et collectivit\u00e9s<\/strong> : nous vous proposons des tarifs sp\u00e9cifiques pour diverses quantit\u00e9s : &lt;100, 100, 300, 1000. N&rsquo;h\u00e9sitez pas \u00e0 nous contacter (voir en pied de page).<\/li>\r\n<\/ul>","protected":false},"excerpt":{"rendered":"<p>Ces lunettes permettent d&rsquo;observer le Soleil en toute s\u00e9curit\u00e9, pour suivre la progression du disque lunaire devant le Soleil au cours d&rsquo;une \u00e9clipse. Elles permettent <a href=\"https:\/\/www.stelvision.com\/astro\/boutique\/lunettes-eclipse\/\" class=\"more-link\">&#8230;<span class=\"screen-reader-text\">  Lunettes d&rsquo;\u00e9clipse Soleils noirs<\/span><\/a><\/p>\n","protected":false},"featured_media":71195,"template":"","meta":{"_acf_changed":false},"product_brand":[],"product_cat":[375,376],"product_tag":[],"class_list":{"0":"post-70777","1":"product","2":"type-product","3":"status-publish","4":"has-post-thumbnail","6":"product_cat-accessoires","7":"product_cat-special-soleil-eclipse","8":"product_shipping_class-carte","10":"first","11":"onbackorder","12":"taxable","13":"shipping-taxable","14":"purchasable","15":"product-type-simple"},"acf":[],"yoast_head":"<!-- This site is optimized with the Yoast SEO plugin v27.5 - https:\/\/yoast.com\/product\/yoast-seo-wordpress\/ -->\n<title>Lunettes d&#039;\u00e9clipse Soleils noirs<\/title>\n<meta name=\"description\" content=\"Ces lunettes permettent d&#039;observer le Soleil en toute s\u00e9curit\u00e9, pour suivre la progression du disque lunaire devant le Soleil au cours d&#039;une \u00e9clipse.\" \/>\n<meta name=\"robots\" content=\"index, follow, max-snippet:-1, max-image-preview:large, max-video-preview:-1\" \/>\n<link rel=\"canonical\" href=\"https:\/\/www.stelvision.com\/astro\/boutique\/lunettes-eclipse\/\" \/>\n<meta property=\"og:locale\" content=\"fr_FR\" \/>\n<meta property=\"og:type\" content=\"article\" \/>\n<meta property=\"og:title\" content=\"Lunettes d&#039;\u00e9clipse Soleils noirs\" \/>\n<meta property=\"og:description\" content=\"Ces lunettes permettent d&#039;observer le Soleil en toute s\u00e9curit\u00e9, pour suivre la progression du disque lunaire devant le Soleil au cours d&#039;une \u00e9clipse.\" \/>\n<meta property=\"og:url\" content=\"https:\/\/www.stelvision.com\/astro\/boutique\/lunettes-eclipse\/\" \/>\n<meta property=\"og:site_name\" content=\"Stelvision\" \/>\n<meta property=\"article:publisher\" content=\"https:\/\/www.facebook.com\/people\/Stelvision\/100063368192331\/\" \/>\n<meta property=\"article:modified_time\" content=\"2026-05-15T12:30:51+00:00\" \/>\n<meta property=\"og:image\" content=\"https:\/\/www.stelvision.com\/astro\/wp-content\/uploads\/2025\/09\/lunettes-trois-quarts-gauche-carre-1.webp\" \/>\n\t<meta property=\"og:image:width\" content=\"1400\" \/>\n\t<meta property=\"og:image:height\" content=\"1400\" \/>\n\t<meta property=\"og:image:type\" content=\"image\/webp\" \/>\n<meta name=\"twitter:card\" content=\"summary_large_image\" \/>\n<meta name=\"twitter:label1\" content=\"Dur\u00e9e de lecture estim\u00e9e\" \/>\n\t<meta name=\"twitter:data1\" content=\"2 minutes\" \/>\n<script type=\"application\/ld+json\" class=\"yoast-schema-graph\">{\"@context\":\"https:\\\/\\\/schema.org\",\"@graph\":[{\"@type\":\"WebPage\",\"@id\":\"https:\\\/\\\/www.stelvision.com\\\/astro\\\/boutique\\\/lunettes-eclipse\\\/\",\"url\":\"https:\\\/\\\/www.stelvision.com\\\/astro\\\/boutique\\\/lunettes-eclipse\\\/\",\"name\":\"Lunettes d'\u00e9clipse Soleils noirs\",\"isPartOf\":{\"@id\":\"https:\\\/\\\/www.stelvision.com\\\/astro\\\/#website\"},\"primaryImageOfPage\":{\"@id\":\"https:\\\/\\\/www.stelvision.com\\\/astro\\\/boutique\\\/lunettes-eclipse\\\/#primaryimage\"},\"image\":{\"@id\":\"https:\\\/\\\/www.stelvision.com\\\/astro\\\/boutique\\\/lunettes-eclipse\\\/#primaryimage\"},\"thumbnailUrl\":\"https:\\\/\\\/www.stelvision.com\\\/astro\\\/wp-content\\\/uploads\\\/2025\\\/09\\\/lunettes-trois-quarts-gauche-carre-1.webp\",\"datePublished\":\"2025-08-25T14:43:49+00:00\",\"dateModified\":\"2026-05-15T12:30:51+00:00\",\"description\":\"Ces lunettes permettent d'observer le Soleil en toute s\u00e9curit\u00e9, pour suivre la progression du disque lunaire devant le Soleil au cours d'une \u00e9clipse.\",\"breadcrumb\":{\"@id\":\"https:\\\/\\\/www.stelvision.com\\\/astro\\\/boutique\\\/lunettes-eclipse\\\/#breadcrumb\"},\"inLanguage\":\"fr-FR\",\"potentialAction\":[{\"@type\":\"ReadAction\",\"target\":[\"https:\\\/\\\/www.stelvision.com\\\/astro\\\/boutique\\\/lunettes-eclipse\\\/\"]}]},{\"@type\":\"ImageObject\",\"inLanguage\":\"fr-FR\",\"@id\":\"https:\\\/\\\/www.stelvision.com\\\/astro\\\/boutique\\\/lunettes-eclipse\\\/#primaryimage\",\"url\":\"https:\\\/\\\/www.stelvision.com\\\/astro\\\/wp-content\\\/uploads\\\/2025\\\/09\\\/lunettes-trois-quarts-gauche-carre-1.webp\",\"contentUrl\":\"https:\\\/\\\/www.stelvision.com\\\/astro\\\/wp-content\\\/uploads\\\/2025\\\/09\\\/lunettes-trois-quarts-gauche-carre-1.webp\",\"width\":1400,\"height\":1400,\"caption\":\"photo Lunettes d'\u00e9clipse Soleils noirs, vue 3\\\/4 gauche\"},{\"@type\":\"BreadcrumbList\",\"@id\":\"https:\\\/\\\/www.stelvision.com\\\/astro\\\/boutique\\\/lunettes-eclipse\\\/#breadcrumb\",\"itemListElement\":[{\"@type\":\"ListItem\",\"position\":1,\"name\":\"Accueil\",\"item\":\"https:\\\/\\\/www.stelvision.com\\\/astro\\\/\"},{\"@type\":\"ListItem\",\"position\":2,\"name\":\"La Boutique Stelvision\",\"item\":\"https:\\\/\\\/www.stelvision.com\\\/astro\\\/boutique\\\/\"},{\"@type\":\"ListItem\",\"position\":3,\"name\":\"Lunettes d&rsquo;\u00e9clipse Soleils noirs\"}]},{\"@type\":\"WebSite\",\"@id\":\"https:\\\/\\\/www.stelvision.com\\\/astro\\\/#website\",\"url\":\"https:\\\/\\\/www.stelvision.com\\\/astro\\\/\",\"name\":\"Stelvision\",\"description\":\"conseils, livres et mat\u00e9riel d&#039;observation du ciel\",\"publisher\":{\"@id\":\"https:\\\/\\\/www.stelvision.com\\\/astro\\\/#organization\"},\"potentialAction\":[{\"@type\":\"SearchAction\",\"target\":{\"@type\":\"EntryPoint\",\"urlTemplate\":\"https:\\\/\\\/www.stelvision.com\\\/astro\\\/?s={search_term_string}\"},\"query-input\":{\"@type\":\"PropertyValueSpecification\",\"valueRequired\":true,\"valueName\":\"search_term_string\"}}],\"inLanguage\":\"fr-FR\"},{\"@type\":\"Organization\",\"@id\":\"https:\\\/\\\/www.stelvision.com\\\/astro\\\/#organization\",\"name\":\"Stelvision\",\"url\":\"https:\\\/\\\/www.stelvision.com\\\/astro\\\/\",\"logo\":{\"@type\":\"ImageObject\",\"inLanguage\":\"fr-FR\",\"@id\":\"https:\\\/\\\/www.stelvision.com\\\/astro\\\/#\\\/schema\\\/logo\\\/image\\\/\",\"url\":\"https:\\\/\\\/www.stelvision.com\\\/astro\\\/wp-content\\\/uploads\\\/2019\\\/03\\\/logo_lisse_bleu_Stelvision_600.png\",\"contentUrl\":\"https:\\\/\\\/www.stelvision.com\\\/astro\\\/wp-content\\\/uploads\\\/2019\\\/03\\\/logo_lisse_bleu_Stelvision_600.png\",\"width\":600,\"height\":277,\"caption\":\"Stelvision\"},\"image\":{\"@id\":\"https:\\\/\\\/www.stelvision.com\\\/astro\\\/#\\\/schema\\\/logo\\\/image\\\/\"},\"sameAs\":[\"https:\\\/\\\/www.facebook.com\\\/people\\\/Stelvision\\\/100063368192331\\\/\"]}]}<\/script>\n<!-- \/ Yoast SEO plugin. -->","yoast_head_json":{"title":"Lunettes d'\u00e9clipse Soleils noirs","description":"Ces lunettes permettent d'observer le Soleil en toute s\u00e9curit\u00e9, pour suivre la progression du disque lunaire devant le Soleil au cours d'une \u00e9clipse.","robots":{"index":"index","follow":"follow","max-snippet":"max-snippet:-1","max-image-preview":"max-image-preview:large","max-video-preview":"max-video-preview:-1"},"canonical":"https:\/\/www.stelvision.com\/astro\/boutique\/lunettes-eclipse\/","og_locale":"fr_FR","og_type":"article","og_title":"Lunettes d'\u00e9clipse Soleils noirs","og_description":"Ces lunettes permettent d'observer le Soleil en toute s\u00e9curit\u00e9, pour suivre la progression du disque lunaire devant le Soleil au cours d'une \u00e9clipse.","og_url":"https:\/\/www.stelvision.com\/astro\/boutique\/lunettes-eclipse\/","og_site_name":"Stelvision","article_publisher":"https:\/\/www.facebook.com\/people\/Stelvision\/100063368192331\/","article_modified_time":"2026-05-15T12:30:51+00:00","og_image":[{"width":1400,"height":1400,"url":"https:\/\/www.stelvision.com\/astro\/wp-content\/uploads\/2025\/09\/lunettes-trois-quarts-gauche-carre-1.webp","type":"image\/webp"}],"twitter_card":"summary_large_image","twitter_misc":{"Dur\u00e9e de lecture estim\u00e9e":"2 minutes"},"schema":{"@context":"https:\/\/schema.org","@graph":[{"@type":"WebPage","@id":"https:\/\/www.stelvision.com\/astro\/boutique\/lunettes-eclipse\/","url":"https:\/\/www.stelvision.com\/astro\/boutique\/lunettes-eclipse\/","name":"Lunettes d'\u00e9clipse Soleils noirs","isPartOf":{"@id":"https:\/\/www.stelvision.com\/astro\/#website"},"primaryImageOfPage":{"@id":"https:\/\/www.stelvision.com\/astro\/boutique\/lunettes-eclipse\/#primaryimage"},"image":{"@id":"https:\/\/www.stelvision.com\/astro\/boutique\/lunettes-eclipse\/#primaryimage"},"thumbnailUrl":"https:\/\/www.stelvision.com\/astro\/wp-content\/uploads\/2025\/09\/lunettes-trois-quarts-gauche-carre-1.webp","datePublished":"2025-08-25T14:43:49+00:00","dateModified":"2026-05-15T12:30:51+00:00","description":"Ces lunettes permettent d'observer le Soleil en toute s\u00e9curit\u00e9, pour suivre la progression du disque lunaire devant le Soleil au cours d'une \u00e9clipse.","breadcrumb":{"@id":"https:\/\/www.stelvision.com\/astro\/boutique\/lunettes-eclipse\/#breadcrumb"},"inLanguage":"fr-FR","potentialAction":[{"@type":"ReadAction","target":["https:\/\/www.stelvision.com\/astro\/boutique\/lunettes-eclipse\/"]}]},{"@type":"ImageObject","inLanguage":"fr-FR","@id":"https:\/\/www.stelvision.com\/astro\/boutique\/lunettes-eclipse\/#primaryimage","url":"https:\/\/www.stelvision.com\/astro\/wp-content\/uploads\/2025\/09\/lunettes-trois-quarts-gauche-carre-1.webp","contentUrl":"https:\/\/www.stelvision.com\/astro\/wp-content\/uploads\/2025\/09\/lunettes-trois-quarts-gauche-carre-1.webp","width":1400,"height":1400,"caption":"photo Lunettes d'\u00e9clipse Soleils noirs, vue 3\/4 gauche"},{"@type":"BreadcrumbList","@id":"https:\/\/www.stelvision.com\/astro\/boutique\/lunettes-eclipse\/#breadcrumb","itemListElement":[{"@type":"ListItem","position":1,"name":"Accueil","item":"https:\/\/www.stelvision.com\/astro\/"},{"@type":"ListItem","position":2,"name":"La Boutique Stelvision","item":"https:\/\/www.stelvision.com\/astro\/boutique\/"},{"@type":"ListItem","position":3,"name":"Lunettes d&rsquo;\u00e9clipse Soleils noirs"}]},{"@type":"WebSite","@id":"https:\/\/www.stelvision.com\/astro\/#website","url":"https:\/\/www.stelvision.com\/astro\/","name":"Stelvision","description":"conseils, livres et mat\u00e9riel d&#039;observation du ciel","publisher":{"@id":"https:\/\/www.stelvision.com\/astro\/#organization"},"potentialAction":[{"@type":"SearchAction","target":{"@type":"EntryPoint","urlTemplate":"https:\/\/www.stelvision.com\/astro\/?s={search_term_string}"},"query-input":{"@type":"PropertyValueSpecification","valueRequired":true,"valueName":"search_term_string"}}],"inLanguage":"fr-FR"},{"@type":"Organization","@id":"https:\/\/www.stelvision.com\/astro\/#organization","name":"Stelvision","url":"https:\/\/www.stelvision.com\/astro\/","logo":{"@type":"ImageObject","inLanguage":"fr-FR","@id":"https:\/\/www.stelvision.com\/astro\/#\/schema\/logo\/image\/","url":"https:\/\/www.stelvision.com\/astro\/wp-content\/uploads\/2019\/03\/logo_lisse_bleu_Stelvision_600.png","contentUrl":"https:\/\/www.stelvision.com\/astro\/wp-content\/uploads\/2019\/03\/logo_lisse_bleu_Stelvision_600.png","width":600,"height":277,"caption":"Stelvision"},"image":{"@id":"https:\/\/www.stelvision.com\/astro\/#\/schema\/logo\/image\/"},"sameAs":["https:\/\/www.facebook.com\/people\/Stelvision\/100063368192331\/"]}]}},"_links":{"self":[{"href":"https:\/\/www.stelvision.com\/astro\/wp-json\/wp\/v2\/product\/70777","targetHints":{"allow":["GET"]}}],"collection":[{"href":"https:\/\/www.stelvision.com\/astro\/wp-json\/wp\/v2\/product"}],"about":[{"href":"https:\/\/www.stelvision.com\/astro\/wp-json\/wp\/v2\/types\/product"}],"wp:featuredmedia":[{"embeddable":true,"href":"https:\/\/www.stelvision.com\/astro\/wp-json\/wp\/v2\/media\/71195"}],"wp:attachment":[{"href":"https:\/\/www.stelvision.com\/astro\/wp-json\/wp\/v2\/media?parent=70777"}],"wp:term":[{"taxonomy":"product_brand","embeddable":true,"href":"https:\/\/www.stelvision.com\/astro\/wp-json\/wp\/v2\/product_brand?post=70777"},{"taxonomy":"product_cat","embeddable":true,"href":"https:\/\/www.stelvision.com\/astro\/wp-json\/wp\/v2\/product_cat?post=70777"},{"taxonomy":"product_tag","embeddable":true,"href":"https:\/\/www.stelvision.com\/astro\/wp-json\/wp\/v2\/product_tag?post=70777"}],"curies":[{"name":"wp","href":"https:\/\/api.w.org\/{rel}","templated":true}]}}