{"id":70853,"date":"2025-09-01T11:25:34","date_gmt":"2025-09-01T09:25:34","guid":{"rendered":"https:\/\/www.stelvision.com\/astro\/?post_type=product&#038;p=70853"},"modified":"2026-05-04T11:05:34","modified_gmt":"2026-05-04T09:05:34","slug":"les-soleils-noirs-de-2026-et-2027","status":"publish","type":"product","link":"https:\/\/www.stelvision.com\/astro\/boutique\/les-soleils-noirs-de-2026-et-2027\/","title":{"rendered":"Les Soleils noirs de 2026 et 2027 &#8211; Le guide complet des \u00e9clipses des 12 ao\u00fbt 2026 et 2 ao\u00fbt 2027"},"content":{"rendered":"<div style=\"background: #F4CA79; color: #000000; font-size: 16px; font-weight: 500; letter-spacing: 0px; padding: 10px; text-align: left;\">Le guide complet des \u00e9clipses \u00e0 venir<\/div>\n<blockquote><p><strong>Procurez-vous ce guide d&rsquo;urgence !<cite>magazine Ciel &amp; Espace,\u00a0 avril 2026<\/cite><\/strong><\/p><\/blockquote>\n<p>Le 12 ao\u00fbt 2026 et le 2 ao\u00fbt 2027 nous offrent <strong>deux belles occasions<\/strong> de profiter du spectacle rare et saisissant d\u2019une <strong>\u00e9clipse totale de Soleil<\/strong>. Les zones concern\u00e9es par ces \u00ab Soleils noirs \u00bb se situent en <strong>Europe<\/strong> (Espagne,Islande) et en <strong>Afrique du Nord<\/strong>. <strong>En France<\/strong> et dans les pays voisins, il sera passionnant de suivre la progression du disque lunaire devant un <strong>Soleil en grande partie occult\u00e9<\/strong>.<\/p>\n<p>Avec ce guide pratique, vous choisirez votre <strong>lieu d\u2019observation id\u00e9al<\/strong>. Vous apprendrez \u00e0 <strong>observer<\/strong> et \u00e0 <strong>photographier<\/strong> cet \u00e9v\u00e9nement \u00e0 chaque phase de son d\u00e9roulement, <strong>avec ou sans t\u00e9lescope<\/strong>. Vous mettrez toutes les chances de votre c\u00f4t\u00e9 pour r\u00e9ussir \u00abvotre\u00bb \u00e9clipse de Soleil !<\/p>\n<p><strong>Accessible<\/strong> : les ph\u00e9nom\u00e8nes clairement expliqu\u00e9s.<\/p>\n<p><strong>Indispensable<\/strong> : toutes les infos pour pr\u00e9parer deux \u00e9v\u00e9nements exceptionnels qui ne se reproduiront pas en Europe avant 2053.<\/p>\n<p><strong>Pratique<\/strong>\u00a0:<br \/>\n&#8211; les <strong>astuces<\/strong> \u00e0 conna\u00eetre<br \/>\n&#8211; des <strong>lunettes d\u2019\u00e9clipse offertes<\/strong>, pour observer en toute s\u00e9curit\u00e9<br \/>\n&#8211; <strong>format compact<\/strong>, \u00e0 emporter partout.<\/p>\n<div style=\"border-top: solid 1px; border-bottom: solid 1px; padding: 3px; margin-bottom: 1em;\"><small>Jean-Marc Lecleire | 14,8 cm x 21 cm, 144 pages<br \/>\n\u00c9ditions Stelvision | 6 novembre 2025 | ISBN : 978-2-9586619-6-0<\/small><\/div>\n<p><small><strong>Jean-Marc Lecleire<\/strong> est expert en optique astronomique et deux fois laur\u00e9at de la Soci\u00e9t\u00e9 astronomique de France (SAF). Passionn\u00e9 d\u2019observation et d\u2019astrophotographie, il scrute le ciel depuis son adolescence. Auteur et co-auteur d\u2019ouvrages et de nombreux articles d\u2019astronomie, il partage aussi sa passion en animant des soir\u00e9es d\u2019observation dans le sud de la France. Il compte neuf \u00e9clipses totales de Soleil \u00e0 son actif et se pr\u00e9pare activement \u00e0 profiter des deux prochaines.<\/small><\/p>\n","protected":false},"excerpt":{"rendered":"<p>Le guide complet des \u00e9clipses \u00e0 venir Procurez-vous ce guide d&rsquo;urgence !magazine Ciel &amp; Espace,\u00a0 avril 2026 Le 12 ao\u00fbt 2026 et le 2 ao\u00fbt <a href=\"https:\/\/www.stelvision.com\/astro\/boutique\/les-soleils-noirs-de-2026-et-2027\/\" class=\"more-link\">&#8230;<span class=\"screen-reader-text\">  Les Soleils noirs de 2026 et 2027 &#8211; Le guide complet des \u00e9clipses des 12 ao\u00fbt 2026 et 2 ao\u00fbt 2027<\/span><\/a><\/p>\n","protected":false},"featured_media":71161,"template":"","meta":{"_acf_changed":false},"product_brand":[],"product_cat":[126,376],"product_tag":[],"class_list":{"0":"post-70853","1":"product","2":"type-product","3":"status-publish","4":"has-post-thumbnail","6":"product_cat-edition","7":"product_cat-special-soleil-eclipse","8":"product_shipping_class-livre","10":"first","11":"instock","12":"taxable","13":"shipping-taxable","14":"purchasable","15":"product-type-simple"},"acf":[],"yoast_head":"<!-- This site is optimized with the Yoast SEO plugin v27.1.1 - https:\/\/yoast.com\/product\/yoast-seo-wordpress\/ -->\n<title>Les Soleils noirs de 2026 et 2027 - Le guide complet des \u00e9clipses des 12 ao\u00fbt 2026 et 2 ao\u00fbt 2027<\/title>\n<meta name=\"description\" content=\"Le guide complet pour vivre, observer et photographier les \u00e9clipses totales visibles en Europe et en Afrique du Nord les 12 ao\u00fbt 2026 et 2 ao\u00fbt 2027\" \/>\n<meta name=\"robots\" content=\"index, follow, max-snippet:-1, max-image-preview:large, max-video-preview:-1\" \/>\n<link rel=\"canonical\" href=\"https:\/\/www.stelvision.com\/astro\/boutique\/les-soleils-noirs-de-2026-et-2027\/\" \/>\n<meta property=\"og:locale\" content=\"fr_FR\" \/>\n<meta property=\"og:type\" content=\"article\" \/>\n<meta property=\"og:title\" content=\"Les Soleils noirs de 2026 et 2027 - Le guide complet des \u00e9clipses des 12 ao\u00fbt 2026 et 2 ao\u00fbt 2027\" \/>\n<meta property=\"og:description\" content=\"Le guide complet pour vivre, observer et photographier les \u00e9clipses totales visibles en Europe et en Afrique du Nord les 12 ao\u00fbt 2026 et 2 ao\u00fbt 2027\" \/>\n<meta property=\"og:url\" content=\"https:\/\/www.stelvision.com\/astro\/boutique\/les-soleils-noirs-de-2026-et-2027\/\" \/>\n<meta property=\"og:site_name\" content=\"Stelvision\" \/>\n<meta property=\"article:publisher\" content=\"https:\/\/www.facebook.com\/people\/Stelvision\/100063368192331\/\" \/>\n<meta property=\"article:modified_time\" content=\"2026-05-04T09:05:34+00:00\" \/>\n<meta property=\"og:image\" content=\"https:\/\/www.stelvision.com\/astro\/wp-content\/uploads\/2025\/09\/visuels-Soleils-noirs-pour-apercu-lien-1200.webp\" \/>\n\t<meta property=\"og:image:width\" content=\"1200\" \/>\n\t<meta property=\"og:image:height\" content=\"630\" \/>\n\t<meta property=\"og:image:type\" content=\"image\/webp\" \/>\n<meta name=\"twitter:card\" content=\"summary_large_image\" \/>\n<meta name=\"twitter:label1\" content=\"Dur\u00e9e de lecture estim\u00e9e\" \/>\n\t<meta name=\"twitter:data1\" content=\"2 minutes\" \/>\n<script type=\"application\/ld+json\" class=\"yoast-schema-graph\">{\"@context\":\"https:\/\/schema.org\",\"@graph\":[{\"@type\":\"WebPage\",\"@id\":\"https:\/\/www.stelvision.com\/astro\/boutique\/les-soleils-noirs-de-2026-et-2027\/\",\"url\":\"https:\/\/www.stelvision.com\/astro\/boutique\/les-soleils-noirs-de-2026-et-2027\/\",\"name\":\"Les Soleils noirs de 2026 et 2027 - Le guide complet des \u00e9clipses des 12 ao\u00fbt 2026 et 2 ao\u00fbt 2027\",\"isPartOf\":{\"@id\":\"https:\/\/www.stelvision.com\/astro\/#website\"},\"primaryImageOfPage\":{\"@id\":\"https:\/\/www.stelvision.com\/astro\/boutique\/les-soleils-noirs-de-2026-et-2027\/#primaryimage\"},\"image\":{\"@id\":\"https:\/\/www.stelvision.com\/astro\/boutique\/les-soleils-noirs-de-2026-et-2027\/#primaryimage\"},\"thumbnailUrl\":\"https:\/\/www.stelvision.com\/astro\/wp-content\/uploads\/2025\/09\/Soleils-noirs-couverture-1200x1200-1.webp\",\"datePublished\":\"2025-09-01T09:25:34+00:00\",\"dateModified\":\"2026-05-04T09:05:34+00:00\",\"description\":\"Le guide complet pour vivre, observer et photographier les \u00e9clipses totales visibles en Europe et en Afrique du Nord les 12 ao\u00fbt 2026 et 2 ao\u00fbt 2027\",\"breadcrumb\":{\"@id\":\"https:\/\/www.stelvision.com\/astro\/boutique\/les-soleils-noirs-de-2026-et-2027\/#breadcrumb\"},\"inLanguage\":\"fr-FR\",\"potentialAction\":[{\"@type\":\"ReadAction\",\"target\":[\"https:\/\/www.stelvision.com\/astro\/boutique\/les-soleils-noirs-de-2026-et-2027\/\"]}]},{\"@type\":\"ImageObject\",\"inLanguage\":\"fr-FR\",\"@id\":\"https:\/\/www.stelvision.com\/astro\/boutique\/les-soleils-noirs-de-2026-et-2027\/#primaryimage\",\"url\":\"https:\/\/www.stelvision.com\/astro\/wp-content\/uploads\/2025\/09\/Soleils-noirs-couverture-1200x1200-1.webp\",\"contentUrl\":\"https:\/\/www.stelvision.com\/astro\/wp-content\/uploads\/2025\/09\/Soleils-noirs-couverture-1200x1200-1.webp\",\"width\":1200,\"height\":1200,\"caption\":\"couverture Les Soleils noirs de 2026 et 2027, de Jean-Marc Lecleire, \u00e9ditions Stelvision\"},{\"@type\":\"BreadcrumbList\",\"@id\":\"https:\/\/www.stelvision.com\/astro\/boutique\/les-soleils-noirs-de-2026-et-2027\/#breadcrumb\",\"itemListElement\":[{\"@type\":\"ListItem\",\"position\":1,\"name\":\"Accueil\",\"item\":\"https:\/\/www.stelvision.com\/astro\/\"},{\"@type\":\"ListItem\",\"position\":2,\"name\":\"La Boutique Stelvision\",\"item\":\"https:\/\/www.stelvision.com\/astro\/boutique\/\"},{\"@type\":\"ListItem\",\"position\":3,\"name\":\"Les Soleils noirs de 2026 et 2027 &#8211; Le guide complet des \u00e9clipses des 12 ao\u00fbt 2026 et 2 ao\u00fbt 2027\"}]},{\"@type\":\"WebSite\",\"@id\":\"https:\/\/www.stelvision.com\/astro\/#website\",\"url\":\"https:\/\/www.stelvision.com\/astro\/\",\"name\":\"Stelvision\",\"description\":\"conseils, livres et mat\u00e9riel d&#039;observation du ciel\",\"publisher\":{\"@id\":\"https:\/\/www.stelvision.com\/astro\/#organization\"},\"potentialAction\":[{\"@type\":\"SearchAction\",\"target\":{\"@type\":\"EntryPoint\",\"urlTemplate\":\"https:\/\/www.stelvision.com\/astro\/?s={search_term_string}\"},\"query-input\":{\"@type\":\"PropertyValueSpecification\",\"valueRequired\":true,\"valueName\":\"search_term_string\"}}],\"inLanguage\":\"fr-FR\"},{\"@type\":\"Organization\",\"@id\":\"https:\/\/www.stelvision.com\/astro\/#organization\",\"name\":\"Stelvision\",\"url\":\"https:\/\/www.stelvision.com\/astro\/\",\"logo\":{\"@type\":\"ImageObject\",\"inLanguage\":\"fr-FR\",\"@id\":\"https:\/\/www.stelvision.com\/astro\/#\/schema\/logo\/image\/\",\"url\":\"https:\/\/www.stelvision.com\/astro\/wp-content\/uploads\/2019\/03\/logo_lisse_bleu_Stelvision_600.png\",\"contentUrl\":\"https:\/\/www.stelvision.com\/astro\/wp-content\/uploads\/2019\/03\/logo_lisse_bleu_Stelvision_600.png\",\"width\":600,\"height\":277,\"caption\":\"Stelvision\"},\"image\":{\"@id\":\"https:\/\/www.stelvision.com\/astro\/#\/schema\/logo\/image\/\"},\"sameAs\":[\"https:\/\/www.facebook.com\/people\/Stelvision\/100063368192331\/\"]}]}<\/script>\n<!-- \/ Yoast SEO plugin. -->","yoast_head_json":{"title":"Les Soleils noirs de 2026 et 2027 - Le guide complet des \u00e9clipses des 12 ao\u00fbt 2026 et 2 ao\u00fbt 2027","description":"Le guide complet pour vivre, observer et photographier les \u00e9clipses totales visibles en Europe et en Afrique du Nord les 12 ao\u00fbt 2026 et 2 ao\u00fbt 2027","robots":{"index":"index","follow":"follow","max-snippet":"max-snippet:-1","max-image-preview":"max-image-preview:large","max-video-preview":"max-video-preview:-1"},"canonical":"https:\/\/www.stelvision.com\/astro\/boutique\/les-soleils-noirs-de-2026-et-2027\/","og_locale":"fr_FR","og_type":"article","og_title":"Les Soleils noirs de 2026 et 2027 - Le guide complet des \u00e9clipses des 12 ao\u00fbt 2026 et 2 ao\u00fbt 2027","og_description":"Le guide complet pour vivre, observer et photographier les \u00e9clipses totales visibles en Europe et en Afrique du Nord les 12 ao\u00fbt 2026 et 2 ao\u00fbt 2027","og_url":"https:\/\/www.stelvision.com\/astro\/boutique\/les-soleils-noirs-de-2026-et-2027\/","og_site_name":"Stelvision","article_publisher":"https:\/\/www.facebook.com\/people\/Stelvision\/100063368192331\/","article_modified_time":"2026-05-04T09:05:34+00:00","og_image":[{"width":1200,"height":630,"url":"https:\/\/www.stelvision.com\/astro\/wp-content\/uploads\/2025\/09\/visuels-Soleils-noirs-pour-apercu-lien-1200.webp","type":"image\/webp"}],"twitter_card":"summary_large_image","twitter_misc":{"Dur\u00e9e de lecture estim\u00e9e":"2 minutes"},"schema":{"@context":"https:\/\/schema.org","@graph":[{"@type":"WebPage","@id":"https:\/\/www.stelvision.com\/astro\/boutique\/les-soleils-noirs-de-2026-et-2027\/","url":"https:\/\/www.stelvision.com\/astro\/boutique\/les-soleils-noirs-de-2026-et-2027\/","name":"Les Soleils noirs de 2026 et 2027 - Le guide complet des \u00e9clipses des 12 ao\u00fbt 2026 et 2 ao\u00fbt 2027","isPartOf":{"@id":"https:\/\/www.stelvision.com\/astro\/#website"},"primaryImageOfPage":{"@id":"https:\/\/www.stelvision.com\/astro\/boutique\/les-soleils-noirs-de-2026-et-2027\/#primaryimage"},"image":{"@id":"https:\/\/www.stelvision.com\/astro\/boutique\/les-soleils-noirs-de-2026-et-2027\/#primaryimage"},"thumbnailUrl":"https:\/\/www.stelvision.com\/astro\/wp-content\/uploads\/2025\/09\/Soleils-noirs-couverture-1200x1200-1.webp","datePublished":"2025-09-01T09:25:34+00:00","dateModified":"2026-05-04T09:05:34+00:00","description":"Le guide complet pour vivre, observer et photographier les \u00e9clipses totales visibles en Europe et en Afrique du Nord les 12 ao\u00fbt 2026 et 2 ao\u00fbt 2027","breadcrumb":{"@id":"https:\/\/www.stelvision.com\/astro\/boutique\/les-soleils-noirs-de-2026-et-2027\/#breadcrumb"},"inLanguage":"fr-FR","potentialAction":[{"@type":"ReadAction","target":["https:\/\/www.stelvision.com\/astro\/boutique\/les-soleils-noirs-de-2026-et-2027\/"]}]},{"@type":"ImageObject","inLanguage":"fr-FR","@id":"https:\/\/www.stelvision.com\/astro\/boutique\/les-soleils-noirs-de-2026-et-2027\/#primaryimage","url":"https:\/\/www.stelvision.com\/astro\/wp-content\/uploads\/2025\/09\/Soleils-noirs-couverture-1200x1200-1.webp","contentUrl":"https:\/\/www.stelvision.com\/astro\/wp-content\/uploads\/2025\/09\/Soleils-noirs-couverture-1200x1200-1.webp","width":1200,"height":1200,"caption":"couverture Les Soleils noirs de 2026 et 2027, de Jean-Marc Lecleire, \u00e9ditions Stelvision"},{"@type":"BreadcrumbList","@id":"https:\/\/www.stelvision.com\/astro\/boutique\/les-soleils-noirs-de-2026-et-2027\/#breadcrumb","itemListElement":[{"@type":"ListItem","position":1,"name":"Accueil","item":"https:\/\/www.stelvision.com\/astro\/"},{"@type":"ListItem","position":2,"name":"La Boutique Stelvision","item":"https:\/\/www.stelvision.com\/astro\/boutique\/"},{"@type":"ListItem","position":3,"name":"Les Soleils noirs de 2026 et 2027 &#8211; Le guide complet des \u00e9clipses des 12 ao\u00fbt 2026 et 2 ao\u00fbt 2027"}]},{"@type":"WebSite","@id":"https:\/\/www.stelvision.com\/astro\/#website","url":"https:\/\/www.stelvision.com\/astro\/","name":"Stelvision","description":"conseils, livres et mat\u00e9riel d&#039;observation du ciel","publisher":{"@id":"https:\/\/www.stelvision.com\/astro\/#organization"},"potentialAction":[{"@type":"SearchAction","target":{"@type":"EntryPoint","urlTemplate":"https:\/\/www.stelvision.com\/astro\/?s={search_term_string}"},"query-input":{"@type":"PropertyValueSpecification","valueRequired":true,"valueName":"search_term_string"}}],"inLanguage":"fr-FR"},{"@type":"Organization","@id":"https:\/\/www.stelvision.com\/astro\/#organization","name":"Stelvision","url":"https:\/\/www.stelvision.com\/astro\/","logo":{"@type":"ImageObject","inLanguage":"fr-FR","@id":"https:\/\/www.stelvision.com\/astro\/#\/schema\/logo\/image\/","url":"https:\/\/www.stelvision.com\/astro\/wp-content\/uploads\/2019\/03\/logo_lisse_bleu_Stelvision_600.png","contentUrl":"https:\/\/www.stelvision.com\/astro\/wp-content\/uploads\/2019\/03\/logo_lisse_bleu_Stelvision_600.png","width":600,"height":277,"caption":"Stelvision"},"image":{"@id":"https:\/\/www.stelvision.com\/astro\/#\/schema\/logo\/image\/"},"sameAs":["https:\/\/www.facebook.com\/people\/Stelvision\/100063368192331\/"]}]}},"_links":{"self":[{"href":"https:\/\/www.stelvision.com\/astro\/wp-json\/wp\/v2\/product\/70853","targetHints":{"allow":["GET"]}}],"collection":[{"href":"https:\/\/www.stelvision.com\/astro\/wp-json\/wp\/v2\/product"}],"about":[{"href":"https:\/\/www.stelvision.com\/astro\/wp-json\/wp\/v2\/types\/product"}],"wp:featuredmedia":[{"embeddable":true,"href":"https:\/\/www.stelvision.com\/astro\/wp-json\/wp\/v2\/media\/71161"}],"wp:attachment":[{"href":"https:\/\/www.stelvision.com\/astro\/wp-json\/wp\/v2\/media?parent=70853"}],"wp:term":[{"taxonomy":"product_brand","embeddable":true,"href":"https:\/\/www.stelvision.com\/astro\/wp-json\/wp\/v2\/product_brand?post=70853"},{"taxonomy":"product_cat","embeddable":true,"href":"https:\/\/www.stelvision.com\/astro\/wp-json\/wp\/v2\/product_cat?post=70853"},{"taxonomy":"product_tag","embeddable":true,"href":"https:\/\/www.stelvision.com\/astro\/wp-json\/wp\/v2\/product_tag?post=70853"}],"curies":[{"name":"wp","href":"https:\/\/api.w.org\/{rel}","templated":true}]}}