{"id":71763,"date":"2025-10-16T10:09:28","date_gmt":"2025-10-16T08:09:28","guid":{"rendered":"https:\/\/www.stelvision.com\/astro\/?post_type=product&#038;p=71763"},"modified":"2026-04-10T16:10:15","modified_gmt":"2026-04-10T14:10:15","slug":"voyages-planetaires","status":"publish","type":"product","link":"https:\/\/www.stelvision.com\/astro\/boutique\/voyages-planetaires\/","title":{"rendered":"Voyages plan\u00e9taires"},"content":{"rendered":"<p><span class=\"color2\"><strong>\u00a0Livre partenaire &#8211; Un superbe parcours artistique et p\u00e9dagogique !\u00a0<\/strong><\/span><\/p>\n<p>Voyager dans le Syst\u00e8me solaire\u2026 Des sondes automatiques l\u2019ont fait pour nous depuis 60 ans. Elles nous ont transmis, et continuent \u00e0 transmettre, des sommes consid\u00e9rables d\u2019informations permettant de mieux conna\u00eetre les autres mondes dans leur ronde autour du Soleil. Mais les conna\u00eetre, est-ce suffisant ? Ces mondes sont \u00e0 explorer, avec chacun leur environnement, leur personnalit\u00e9, une surface et un ciel \u00e0 admirer. Voyager c\u2019est avoir la sensation d\u2019\u00eatre ailleurs, se promener dans ces nouveaux paysages, visualiser et ressentir leur \u00e9trange beaut\u00e9. Seul l\u2019artiste peut nous y emmener.<br \/>\nC\u2019est \u00e0 cette aventure qu\u2019il nous convie, entre art et science. Utilisant les photos \u00ab vues d\u2019en haut \u00bb des sondes spatiales, l\u2019artiste repr\u00e9sente sa vision depuis le sol des plan\u00e8tes et satellites du Syst\u00e8me solaire, du bout de son pinceau, telle une carte postale g\u00e9ante de lieux que personne n\u2019a encore visit\u00e9s. 34 tableaux envoient ainsi poser le pied \u00e0 la surface des plan\u00e8tes et des lunes lointaines, voir par nous-m\u00eames et nous \u00e9merveiller.<br \/>\n<strong>R\u00e9compens\u00e9 par le prix Manley-Bendall 2024 de l\u2019Acad\u00e9mie nationale des sciences, belles-lettres et arts de Bordeaux.<\/strong><\/p>\n<div style=\"border-top: solid 1px; border-bottom: solid 1px; padding: 3px; margin-bottom: 1em;\"><small>de Marc Rieugni\u00e9 | Editions Axilone | 144 pages | format 30 cm x 30 cm | Novembre 2022 | ISBN : 979-10-92974-09-6<\/small><\/div>\n<div class=\"boxFocus color1\"><strong>Avis Stelvision<\/strong> : un superbe livre \u00e0 offrir pour faire r\u00eaver ! Marc Rieugn\u00e9 s&rsquo;inscrit dans la lign\u00e9e des artistes du \u00ab\u00a0Space Art\u00a0\u00bb. Ses dessins illustrent magnifiquement un parcours didactique et scientifiquement rigoureux des plan\u00e8tes du Syst\u00e8me solaire et de leurs satellites.<\/div>\n<p><strong>Vid\u00e9o de feuilletage<br \/>\n<\/strong><\/p>\n<p><iframe loading=\"lazy\" title=\"Voyages Planetaires\" width=\"1778\" height=\"1000\" src=\"https:\/\/www.youtube.com\/embed\/GYiLlhuQnJY?feature=oembed\" frameborder=\"0\" allow=\"accelerometer; autoplay; clipboard-write; encrypted-media; gyroscope; picture-in-picture; web-share\" referrerpolicy=\"strict-origin-when-cross-origin\" allowfullscreen><\/iframe><\/p>\n<p><small><strong>Marc Rieugni\u00e9<\/strong>, n\u00e9 en 1966, dipl\u00f4m\u00e9 de l\u2019\u00c9cole Centrale de Paris, est ing\u00e9nieur a\u00e9ronautique. Outre son implication dans les associations astronomiques locales, il a \u00e9t\u00e9 pr\u00e9sident de l\u2019Association des Utilisateurs de D\u00e9tecteurs \u00c9lectroniques (AUDE), coordinateur de la section Jupiter \u00e0 la commission des plan\u00e8tes de la Soci\u00e9t\u00e9 Astronomique de France (SAF) entre 2004 et 2010 et pr\u00e9sident de la commission Exploration et Observation Spatiale de l\u2019Association A\u00e9ronautique et Astronautique de France (3AF) entre 2011 et 2016. Apr\u00e8s s\u2019\u00eatre orient\u00e9 vers la peinture astronomique (\u00ab Space Art \u00bb), il est aujourd\u2019hui membre de l\u2019International Association of Astronomical Artists (IAAA), regroupant au niveau mondial les artistes professionnels et amateurs travaillant sur ce sujet.<\/small><\/p>\n","protected":false},"excerpt":{"rendered":"<p>\u00a0Livre partenaire &#8211; Un superbe parcours artistique et p\u00e9dagogique !\u00a0 Voyager dans le Syst\u00e8me solaire\u2026 Des sondes automatiques l\u2019ont fait pour nous depuis 60 ans. <a href=\"https:\/\/www.stelvision.com\/astro\/boutique\/voyages-planetaires\/\" class=\"more-link\">&#8230;<span class=\"screen-reader-text\">  Voyages plan\u00e9taires<\/span><\/a><\/p>\n","protected":false},"featured_media":71764,"template":"","meta":{"_acf_changed":false},"product_brand":[],"product_cat":[126],"product_tag":[],"class_list":{"0":"post-71763","1":"product","2":"type-product","3":"status-publish","4":"has-post-thumbnail","6":"product_cat-edition","7":"product_shipping_class-easyscope-oculaires-accessoires","9":"first","10":"instock","11":"taxable","12":"shipping-taxable","13":"purchasable","14":"product-type-simple"},"acf":[],"yoast_head":"<!-- This site is optimized with the Yoast SEO plugin v27.1.1 - https:\/\/yoast.com\/product\/yoast-seo-wordpress\/ -->\n<title>Voyages plan\u00e9taires : Stelvision<\/title>\n<meta name=\"robots\" content=\"index, follow, max-snippet:-1, max-image-preview:large, max-video-preview:-1\" \/>\n<link rel=\"canonical\" href=\"https:\/\/www.stelvision.com\/astro\/boutique\/voyages-planetaires\/\" \/>\n<meta property=\"og:locale\" content=\"fr_FR\" \/>\n<meta property=\"og:type\" content=\"article\" \/>\n<meta property=\"og:title\" content=\"Voyages plan\u00e9taires : Stelvision\" \/>\n<meta property=\"og:description\" content=\"\u00a0Livre partenaire &#8211; Un superbe parcours artistique et p\u00e9dagogique !\u00a0 Voyager dans le Syst\u00e8me solaire\u2026 Des sondes automatiques l\u2019ont fait pour nous depuis 60 ans. ... Voyages plan\u00e9taires\" \/>\n<meta property=\"og:url\" content=\"https:\/\/www.stelvision.com\/astro\/boutique\/voyages-planetaires\/\" \/>\n<meta property=\"og:site_name\" content=\"Stelvision\" \/>\n<meta property=\"article:publisher\" content=\"https:\/\/www.facebook.com\/people\/Stelvision\/100063368192331\/\" \/>\n<meta property=\"article:modified_time\" content=\"2026-04-10T14:10:15+00:00\" \/>\n<meta property=\"og:image\" content=\"https:\/\/www.stelvision.com\/astro\/wp-content\/uploads\/2025\/10\/Couverture1_Photo-scaled-1200x1200-1.webp\" \/>\n\t<meta property=\"og:image:width\" content=\"1200\" \/>\n\t<meta property=\"og:image:height\" content=\"1200\" \/>\n\t<meta property=\"og:image:type\" content=\"image\/webp\" \/>\n<meta name=\"twitter:card\" content=\"summary_large_image\" \/>\n<meta name=\"twitter:label1\" content=\"Dur\u00e9e de lecture estim\u00e9e\" \/>\n\t<meta name=\"twitter:data1\" content=\"3 minutes\" \/>\n<script type=\"application\/ld+json\" class=\"yoast-schema-graph\">{\"@context\":\"https:\/\/schema.org\",\"@graph\":[{\"@type\":\"WebPage\",\"@id\":\"https:\/\/www.stelvision.com\/astro\/boutique\/voyages-planetaires\/\",\"url\":\"https:\/\/www.stelvision.com\/astro\/boutique\/voyages-planetaires\/\",\"name\":\"Voyages plan\u00e9taires : Stelvision\",\"isPartOf\":{\"@id\":\"https:\/\/www.stelvision.com\/astro\/#website\"},\"primaryImageOfPage\":{\"@id\":\"https:\/\/www.stelvision.com\/astro\/boutique\/voyages-planetaires\/#primaryimage\"},\"image\":{\"@id\":\"https:\/\/www.stelvision.com\/astro\/boutique\/voyages-planetaires\/#primaryimage\"},\"thumbnailUrl\":\"https:\/\/www.stelvision.com\/astro\/wp-content\/uploads\/2025\/10\/Couverture1_Photo-scaled-1200x1200-1.webp\",\"datePublished\":\"2025-10-16T08:09:28+00:00\",\"dateModified\":\"2026-04-10T14:10:15+00:00\",\"breadcrumb\":{\"@id\":\"https:\/\/www.stelvision.com\/astro\/boutique\/voyages-planetaires\/#breadcrumb\"},\"inLanguage\":\"fr-FR\",\"potentialAction\":[{\"@type\":\"ReadAction\",\"target\":[\"https:\/\/www.stelvision.com\/astro\/boutique\/voyages-planetaires\/\"]}]},{\"@type\":\"ImageObject\",\"inLanguage\":\"fr-FR\",\"@id\":\"https:\/\/www.stelvision.com\/astro\/boutique\/voyages-planetaires\/#primaryimage\",\"url\":\"https:\/\/www.stelvision.com\/astro\/wp-content\/uploads\/2025\/10\/Couverture1_Photo-scaled-1200x1200-1.webp\",\"contentUrl\":\"https:\/\/www.stelvision.com\/astro\/wp-content\/uploads\/2025\/10\/Couverture1_Photo-scaled-1200x1200-1.webp\",\"width\":1200,\"height\":1200,\"caption\":\"couverture du livre Voyages plan\u00e9taires de Marc Rieugni\u00e9 (\u00e9ditions Axilone)\"},{\"@type\":\"BreadcrumbList\",\"@id\":\"https:\/\/www.stelvision.com\/astro\/boutique\/voyages-planetaires\/#breadcrumb\",\"itemListElement\":[{\"@type\":\"ListItem\",\"position\":1,\"name\":\"Accueil\",\"item\":\"https:\/\/www.stelvision.com\/astro\/\"},{\"@type\":\"ListItem\",\"position\":2,\"name\":\"La Boutique Stelvision\",\"item\":\"https:\/\/www.stelvision.com\/astro\/boutique\/\"},{\"@type\":\"ListItem\",\"position\":3,\"name\":\"Voyages plan\u00e9taires\"}]},{\"@type\":\"WebSite\",\"@id\":\"https:\/\/www.stelvision.com\/astro\/#website\",\"url\":\"https:\/\/www.stelvision.com\/astro\/\",\"name\":\"Stelvision\",\"description\":\"conseils, livres et mat\u00e9riel d&#039;observation du ciel\",\"publisher\":{\"@id\":\"https:\/\/www.stelvision.com\/astro\/#organization\"},\"potentialAction\":[{\"@type\":\"SearchAction\",\"target\":{\"@type\":\"EntryPoint\",\"urlTemplate\":\"https:\/\/www.stelvision.com\/astro\/?s={search_term_string}\"},\"query-input\":{\"@type\":\"PropertyValueSpecification\",\"valueRequired\":true,\"valueName\":\"search_term_string\"}}],\"inLanguage\":\"fr-FR\"},{\"@type\":\"Organization\",\"@id\":\"https:\/\/www.stelvision.com\/astro\/#organization\",\"name\":\"Stelvision\",\"url\":\"https:\/\/www.stelvision.com\/astro\/\",\"logo\":{\"@type\":\"ImageObject\",\"inLanguage\":\"fr-FR\",\"@id\":\"https:\/\/www.stelvision.com\/astro\/#\/schema\/logo\/image\/\",\"url\":\"https:\/\/www.stelvision.com\/astro\/wp-content\/uploads\/2019\/03\/logo_lisse_bleu_Stelvision_600.png\",\"contentUrl\":\"https:\/\/www.stelvision.com\/astro\/wp-content\/uploads\/2019\/03\/logo_lisse_bleu_Stelvision_600.png\",\"width\":600,\"height\":277,\"caption\":\"Stelvision\"},\"image\":{\"@id\":\"https:\/\/www.stelvision.com\/astro\/#\/schema\/logo\/image\/\"},\"sameAs\":[\"https:\/\/www.facebook.com\/people\/Stelvision\/100063368192331\/\"]}]}<\/script>\n<!-- \/ Yoast SEO plugin. -->","yoast_head_json":{"title":"Voyages plan\u00e9taires : Stelvision","robots":{"index":"index","follow":"follow","max-snippet":"max-snippet:-1","max-image-preview":"max-image-preview:large","max-video-preview":"max-video-preview:-1"},"canonical":"https:\/\/www.stelvision.com\/astro\/boutique\/voyages-planetaires\/","og_locale":"fr_FR","og_type":"article","og_title":"Voyages plan\u00e9taires : Stelvision","og_description":"\u00a0Livre partenaire &#8211; Un superbe parcours artistique et p\u00e9dagogique !\u00a0 Voyager dans le Syst\u00e8me solaire\u2026 Des sondes automatiques l\u2019ont fait pour nous depuis 60 ans. ... Voyages plan\u00e9taires","og_url":"https:\/\/www.stelvision.com\/astro\/boutique\/voyages-planetaires\/","og_site_name":"Stelvision","article_publisher":"https:\/\/www.facebook.com\/people\/Stelvision\/100063368192331\/","article_modified_time":"2026-04-10T14:10:15+00:00","og_image":[{"width":1200,"height":1200,"url":"https:\/\/www.stelvision.com\/astro\/wp-content\/uploads\/2025\/10\/Couverture1_Photo-scaled-1200x1200-1.webp","type":"image\/webp"}],"twitter_card":"summary_large_image","twitter_misc":{"Dur\u00e9e de lecture estim\u00e9e":"3 minutes"},"schema":{"@context":"https:\/\/schema.org","@graph":[{"@type":"WebPage","@id":"https:\/\/www.stelvision.com\/astro\/boutique\/voyages-planetaires\/","url":"https:\/\/www.stelvision.com\/astro\/boutique\/voyages-planetaires\/","name":"Voyages plan\u00e9taires : Stelvision","isPartOf":{"@id":"https:\/\/www.stelvision.com\/astro\/#website"},"primaryImageOfPage":{"@id":"https:\/\/www.stelvision.com\/astro\/boutique\/voyages-planetaires\/#primaryimage"},"image":{"@id":"https:\/\/www.stelvision.com\/astro\/boutique\/voyages-planetaires\/#primaryimage"},"thumbnailUrl":"https:\/\/www.stelvision.com\/astro\/wp-content\/uploads\/2025\/10\/Couverture1_Photo-scaled-1200x1200-1.webp","datePublished":"2025-10-16T08:09:28+00:00","dateModified":"2026-04-10T14:10:15+00:00","breadcrumb":{"@id":"https:\/\/www.stelvision.com\/astro\/boutique\/voyages-planetaires\/#breadcrumb"},"inLanguage":"fr-FR","potentialAction":[{"@type":"ReadAction","target":["https:\/\/www.stelvision.com\/astro\/boutique\/voyages-planetaires\/"]}]},{"@type":"ImageObject","inLanguage":"fr-FR","@id":"https:\/\/www.stelvision.com\/astro\/boutique\/voyages-planetaires\/#primaryimage","url":"https:\/\/www.stelvision.com\/astro\/wp-content\/uploads\/2025\/10\/Couverture1_Photo-scaled-1200x1200-1.webp","contentUrl":"https:\/\/www.stelvision.com\/astro\/wp-content\/uploads\/2025\/10\/Couverture1_Photo-scaled-1200x1200-1.webp","width":1200,"height":1200,"caption":"couverture du livre Voyages plan\u00e9taires de Marc Rieugni\u00e9 (\u00e9ditions Axilone)"},{"@type":"BreadcrumbList","@id":"https:\/\/www.stelvision.com\/astro\/boutique\/voyages-planetaires\/#breadcrumb","itemListElement":[{"@type":"ListItem","position":1,"name":"Accueil","item":"https:\/\/www.stelvision.com\/astro\/"},{"@type":"ListItem","position":2,"name":"La Boutique Stelvision","item":"https:\/\/www.stelvision.com\/astro\/boutique\/"},{"@type":"ListItem","position":3,"name":"Voyages plan\u00e9taires"}]},{"@type":"WebSite","@id":"https:\/\/www.stelvision.com\/astro\/#website","url":"https:\/\/www.stelvision.com\/astro\/","name":"Stelvision","description":"conseils, livres et mat\u00e9riel d&#039;observation du ciel","publisher":{"@id":"https:\/\/www.stelvision.com\/astro\/#organization"},"potentialAction":[{"@type":"SearchAction","target":{"@type":"EntryPoint","urlTemplate":"https:\/\/www.stelvision.com\/astro\/?s={search_term_string}"},"query-input":{"@type":"PropertyValueSpecification","valueRequired":true,"valueName":"search_term_string"}}],"inLanguage":"fr-FR"},{"@type":"Organization","@id":"https:\/\/www.stelvision.com\/astro\/#organization","name":"Stelvision","url":"https:\/\/www.stelvision.com\/astro\/","logo":{"@type":"ImageObject","inLanguage":"fr-FR","@id":"https:\/\/www.stelvision.com\/astro\/#\/schema\/logo\/image\/","url":"https:\/\/www.stelvision.com\/astro\/wp-content\/uploads\/2019\/03\/logo_lisse_bleu_Stelvision_600.png","contentUrl":"https:\/\/www.stelvision.com\/astro\/wp-content\/uploads\/2019\/03\/logo_lisse_bleu_Stelvision_600.png","width":600,"height":277,"caption":"Stelvision"},"image":{"@id":"https:\/\/www.stelvision.com\/astro\/#\/schema\/logo\/image\/"},"sameAs":["https:\/\/www.facebook.com\/people\/Stelvision\/100063368192331\/"]}]}},"_links":{"self":[{"href":"https:\/\/www.stelvision.com\/astro\/wp-json\/wp\/v2\/product\/71763","targetHints":{"allow":["GET"]}}],"collection":[{"href":"https:\/\/www.stelvision.com\/astro\/wp-json\/wp\/v2\/product"}],"about":[{"href":"https:\/\/www.stelvision.com\/astro\/wp-json\/wp\/v2\/types\/product"}],"wp:featuredmedia":[{"embeddable":true,"href":"https:\/\/www.stelvision.com\/astro\/wp-json\/wp\/v2\/media\/71764"}],"wp:attachment":[{"href":"https:\/\/www.stelvision.com\/astro\/wp-json\/wp\/v2\/media?parent=71763"}],"wp:term":[{"taxonomy":"product_brand","embeddable":true,"href":"https:\/\/www.stelvision.com\/astro\/wp-json\/wp\/v2\/product_brand?post=71763"},{"taxonomy":"product_cat","embeddable":true,"href":"https:\/\/www.stelvision.com\/astro\/wp-json\/wp\/v2\/product_cat?post=71763"},{"taxonomy":"product_tag","embeddable":true,"href":"https:\/\/www.stelvision.com\/astro\/wp-json\/wp\/v2\/product_tag?post=71763"}],"curies":[{"name":"wp","href":"https:\/\/api.w.org\/{rel}","templated":true}]}}