{"id":74955,"date":"2026-04-01T12:50:34","date_gmt":"2026-04-01T10:50:34","guid":{"rendered":"https:\/\/www.stelvision.com\/astro\/?post_type=product&#038;p=74955"},"modified":"2026-04-17T02:07:01","modified_gmt":"2026-04-17T00:07:01","slug":"t-shirt-soleils-noirs-serie-limitee","status":"publish","type":"product","link":"https:\/\/www.stelvision.com\/astro\/boutique\/t-shirt-soleils-noirs-serie-limitee\/","title":{"rendered":"T-shirt Soleils noirs (s\u00e9rie limit\u00e9e &#8211; actuellement \u00e9puis\u00e9e)"},"content":{"rendered":"<div style=\"background: #F4CA79; color: #000000; font-size: 16px; font-weight: 500; letter-spacing: 0px; padding: 10px; text-align: left;\">Actuellement les pr\u00e9commandes sont ferm\u00e9es.<\/div>\n<p>Ce T-shirt doit son nom et son graphisme \u00e0 l&rsquo;ouvrage de Jean-Marc Lecleire Les Soleils noirs de 2026 et 2027 \u00e9dit\u00e9 par Stelvision. Ce T-shirt imprim\u00e9 en France vous accompagnera longtemps :<\/p>\n<ul>\n<li>tissu qualitatif en <strong>coton bio<\/strong> bleu marine \u00e0 grammage de <strong>180 g<\/strong>,<\/li>\n<li>impression en <strong>s\u00e9rigraphie<\/strong>, assurant dur\u00e9e de vie et tenue au lavage.<\/li>\n<\/ul>\n<p>Vous serez fier(e) de porter ce T-shirt durant les beaux jours de 2026 et 2027, en toute occasion, et bien s\u00fbr tout particuli\u00e8rement lors de chacune des \u00e9clipses totales des 12 ao\u00fbt 2026 et 2 ao\u00fbt 2027 !<\/p>\n<h2>Pr\u00e9commandez \u00e0 votre taille<\/h2>\n<p>Nous proposons ce T-shirt en pr\u00e9commande pour ne fabriquer que la quantit\u00e9 n\u00e9cessaire compte tenu de la vari\u00e9t\u00e9 de tailles disponibles. Choisissez votre taille gr\u00e2ce au <strong>guide de tailles<\/strong> fourni (voir la galeries d&rsquo;images).<\/p>\n<p><strong>Actuellement les pr\u00e9commandes sont ferm\u00e9es. <\/strong>Il est possible que nous ouvrions une nouvelle s\u00e9rie limit\u00e9e en juin. Restez \u00e0 l&rsquo;\u00e9coute, cette s\u00e9rie serait alors annonc\u00e9e dans notre <a href=\"https:\/\/www.stelvision.com\/astro\/abonnement-a-la-newsletter-stelvision\/\">newsletter<\/a> de d\u00e9but juin !<\/p>\n<p>&nbsp;<\/p>\n<p>&nbsp;<\/p>\n","protected":false},"excerpt":{"rendered":"<p>Actuellement les pr\u00e9commandes sont ferm\u00e9es. Ce T-shirt doit son nom et son graphisme \u00e0 l&rsquo;ouvrage de Jean-Marc Lecleire Les Soleils noirs de 2026 et 2027 <a href=\"https:\/\/www.stelvision.com\/astro\/boutique\/t-shirt-soleils-noirs-serie-limitee\/\" class=\"more-link\">&#8230;<span class=\"screen-reader-text\">  T-shirt Soleils noirs (s\u00e9rie limit\u00e9e &#8211; actuellement \u00e9puis\u00e9e)<\/span><\/a><\/p>\n","protected":false},"featured_media":74966,"template":"","meta":{"_acf_changed":false},"product_brand":[],"product_cat":[375,376],"product_tag":[],"class_list":{"0":"post-74955","1":"product","2":"type-product","3":"status-publish","4":"has-post-thumbnail","6":"product_cat-accessoires","7":"product_cat-special-soleil-eclipse","8":"product_shipping_class-livre","10":"first","11":"instock","12":"taxable","13":"shipping-taxable","14":"purchasable","15":"product-type-variable"},"acf":[],"yoast_head":"<!-- This site is optimized with the Yoast SEO plugin v27.5 - https:\/\/yoast.com\/product\/yoast-seo-wordpress\/ -->\n<title>T-shirt Soleils noirs (s\u00e9rie limit\u00e9e - actuellement \u00e9puis\u00e9e)<\/title>\n<meta name=\"robots\" content=\"index, follow, max-snippet:-1, max-image-preview:large, max-video-preview:-1\" \/>\n<link rel=\"canonical\" href=\"https:\/\/www.stelvision.com\/astro\/boutique\/t-shirt-soleils-noirs-serie-limitee\/\" \/>\n<meta property=\"og:locale\" content=\"fr_FR\" \/>\n<meta property=\"og:type\" content=\"article\" \/>\n<meta property=\"og:title\" content=\"T-shirt Soleils noirs (s\u00e9rie limit\u00e9e - actuellement \u00e9puis\u00e9e)\" \/>\n<meta property=\"og:description\" content=\"Actuellement les pr\u00e9commandes sont ferm\u00e9es. Ce T-shirt doit son nom et son graphisme \u00e0 l&rsquo;ouvrage de Jean-Marc Lecleire Les Soleils noirs de 2026 et 2027 ... T-shirt Soleils noirs (s\u00e9rie limit\u00e9e &#8211; actuellement \u00e9puis\u00e9e)\" \/>\n<meta property=\"og:url\" content=\"https:\/\/www.stelvision.com\/astro\/boutique\/t-shirt-soleils-noirs-serie-limitee\/\" \/>\n<meta property=\"og:site_name\" content=\"Stelvision\" \/>\n<meta property=\"article:publisher\" content=\"https:\/\/www.facebook.com\/people\/Stelvision\/100063368192331\/\" \/>\n<meta property=\"article:modified_time\" content=\"2026-04-17T00:07:01+00:00\" \/>\n<meta property=\"og:image\" content=\"https:\/\/www.stelvision.com\/astro\/wp-content\/uploads\/2026\/04\/T-SHIRT-Soleils-noirs-mockup-1200.webp\" \/>\n\t<meta property=\"og:image:width\" content=\"1200\" \/>\n\t<meta property=\"og:image:height\" content=\"1200\" \/>\n\t<meta property=\"og:image:type\" content=\"image\/webp\" \/>\n<meta name=\"twitter:card\" content=\"summary_large_image\" \/>\n<meta name=\"twitter:label1\" content=\"Dur\u00e9e de lecture estim\u00e9e\" \/>\n\t<meta name=\"twitter:data1\" content=\"2 minutes\" \/>\n<script type=\"application\/ld+json\" class=\"yoast-schema-graph\">{\"@context\":\"https:\\\/\\\/schema.org\",\"@graph\":[{\"@type\":\"WebPage\",\"@id\":\"https:\\\/\\\/www.stelvision.com\\\/astro\\\/boutique\\\/t-shirt-soleils-noirs-serie-limitee\\\/\",\"url\":\"https:\\\/\\\/www.stelvision.com\\\/astro\\\/boutique\\\/t-shirt-soleils-noirs-serie-limitee\\\/\",\"name\":\"T-shirt Soleils noirs (s\u00e9rie limit\u00e9e - actuellement \u00e9puis\u00e9e)\",\"isPartOf\":{\"@id\":\"https:\\\/\\\/www.stelvision.com\\\/astro\\\/#website\"},\"primaryImageOfPage\":{\"@id\":\"https:\\\/\\\/www.stelvision.com\\\/astro\\\/boutique\\\/t-shirt-soleils-noirs-serie-limitee\\\/#primaryimage\"},\"image\":{\"@id\":\"https:\\\/\\\/www.stelvision.com\\\/astro\\\/boutique\\\/t-shirt-soleils-noirs-serie-limitee\\\/#primaryimage\"},\"thumbnailUrl\":\"https:\\\/\\\/www.stelvision.com\\\/astro\\\/wp-content\\\/uploads\\\/2026\\\/04\\\/T-SHIRT-Soleils-noirs-mockup-1200.webp\",\"datePublished\":\"2026-04-01T10:50:34+00:00\",\"dateModified\":\"2026-04-17T00:07:01+00:00\",\"breadcrumb\":{\"@id\":\"https:\\\/\\\/www.stelvision.com\\\/astro\\\/boutique\\\/t-shirt-soleils-noirs-serie-limitee\\\/#breadcrumb\"},\"inLanguage\":\"fr-FR\",\"potentialAction\":[{\"@type\":\"ReadAction\",\"target\":[\"https:\\\/\\\/www.stelvision.com\\\/astro\\\/boutique\\\/t-shirt-soleils-noirs-serie-limitee\\\/\"]}]},{\"@type\":\"ImageObject\",\"inLanguage\":\"fr-FR\",\"@id\":\"https:\\\/\\\/www.stelvision.com\\\/astro\\\/boutique\\\/t-shirt-soleils-noirs-serie-limitee\\\/#primaryimage\",\"url\":\"https:\\\/\\\/www.stelvision.com\\\/astro\\\/wp-content\\\/uploads\\\/2026\\\/04\\\/T-SHIRT-Soleils-noirs-mockup-1200.webp\",\"contentUrl\":\"https:\\\/\\\/www.stelvision.com\\\/astro\\\/wp-content\\\/uploads\\\/2026\\\/04\\\/T-SHIRT-Soleils-noirs-mockup-1200.webp\",\"width\":1200,\"height\":1200,\"caption\":\"visuel T-shirt Soleils noirs par Stelvision\"},{\"@type\":\"BreadcrumbList\",\"@id\":\"https:\\\/\\\/www.stelvision.com\\\/astro\\\/boutique\\\/t-shirt-soleils-noirs-serie-limitee\\\/#breadcrumb\",\"itemListElement\":[{\"@type\":\"ListItem\",\"position\":1,\"name\":\"Accueil\",\"item\":\"https:\\\/\\\/www.stelvision.com\\\/astro\\\/\"},{\"@type\":\"ListItem\",\"position\":2,\"name\":\"La Boutique Stelvision\",\"item\":\"https:\\\/\\\/www.stelvision.com\\\/astro\\\/boutique\\\/\"},{\"@type\":\"ListItem\",\"position\":3,\"name\":\"T-shirt Soleils noirs (s\u00e9rie limit\u00e9e &#8211; actuellement \u00e9puis\u00e9e)\"}]},{\"@type\":\"WebSite\",\"@id\":\"https:\\\/\\\/www.stelvision.com\\\/astro\\\/#website\",\"url\":\"https:\\\/\\\/www.stelvision.com\\\/astro\\\/\",\"name\":\"Stelvision\",\"description\":\"conseils, livres et mat\u00e9riel d&#039;observation du ciel\",\"publisher\":{\"@id\":\"https:\\\/\\\/www.stelvision.com\\\/astro\\\/#organization\"},\"potentialAction\":[{\"@type\":\"SearchAction\",\"target\":{\"@type\":\"EntryPoint\",\"urlTemplate\":\"https:\\\/\\\/www.stelvision.com\\\/astro\\\/?s={search_term_string}\"},\"query-input\":{\"@type\":\"PropertyValueSpecification\",\"valueRequired\":true,\"valueName\":\"search_term_string\"}}],\"inLanguage\":\"fr-FR\"},{\"@type\":\"Organization\",\"@id\":\"https:\\\/\\\/www.stelvision.com\\\/astro\\\/#organization\",\"name\":\"Stelvision\",\"url\":\"https:\\\/\\\/www.stelvision.com\\\/astro\\\/\",\"logo\":{\"@type\":\"ImageObject\",\"inLanguage\":\"fr-FR\",\"@id\":\"https:\\\/\\\/www.stelvision.com\\\/astro\\\/#\\\/schema\\\/logo\\\/image\\\/\",\"url\":\"https:\\\/\\\/www.stelvision.com\\\/astro\\\/wp-content\\\/uploads\\\/2019\\\/03\\\/logo_lisse_bleu_Stelvision_600.png\",\"contentUrl\":\"https:\\\/\\\/www.stelvision.com\\\/astro\\\/wp-content\\\/uploads\\\/2019\\\/03\\\/logo_lisse_bleu_Stelvision_600.png\",\"width\":600,\"height\":277,\"caption\":\"Stelvision\"},\"image\":{\"@id\":\"https:\\\/\\\/www.stelvision.com\\\/astro\\\/#\\\/schema\\\/logo\\\/image\\\/\"},\"sameAs\":[\"https:\\\/\\\/www.facebook.com\\\/people\\\/Stelvision\\\/100063368192331\\\/\"]}]}<\/script>\n<!-- \/ Yoast SEO plugin. -->","yoast_head_json":{"title":"T-shirt Soleils noirs (s\u00e9rie limit\u00e9e - actuellement \u00e9puis\u00e9e)","robots":{"index":"index","follow":"follow","max-snippet":"max-snippet:-1","max-image-preview":"max-image-preview:large","max-video-preview":"max-video-preview:-1"},"canonical":"https:\/\/www.stelvision.com\/astro\/boutique\/t-shirt-soleils-noirs-serie-limitee\/","og_locale":"fr_FR","og_type":"article","og_title":"T-shirt Soleils noirs (s\u00e9rie limit\u00e9e - actuellement \u00e9puis\u00e9e)","og_description":"Actuellement les pr\u00e9commandes sont ferm\u00e9es. Ce T-shirt doit son nom et son graphisme \u00e0 l&rsquo;ouvrage de Jean-Marc Lecleire Les Soleils noirs de 2026 et 2027 ... T-shirt Soleils noirs (s\u00e9rie limit\u00e9e &#8211; actuellement \u00e9puis\u00e9e)","og_url":"https:\/\/www.stelvision.com\/astro\/boutique\/t-shirt-soleils-noirs-serie-limitee\/","og_site_name":"Stelvision","article_publisher":"https:\/\/www.facebook.com\/people\/Stelvision\/100063368192331\/","article_modified_time":"2026-04-17T00:07:01+00:00","og_image":[{"width":1200,"height":1200,"url":"https:\/\/www.stelvision.com\/astro\/wp-content\/uploads\/2026\/04\/T-SHIRT-Soleils-noirs-mockup-1200.webp","type":"image\/webp"}],"twitter_card":"summary_large_image","twitter_misc":{"Dur\u00e9e de lecture estim\u00e9e":"2 minutes"},"schema":{"@context":"https:\/\/schema.org","@graph":[{"@type":"WebPage","@id":"https:\/\/www.stelvision.com\/astro\/boutique\/t-shirt-soleils-noirs-serie-limitee\/","url":"https:\/\/www.stelvision.com\/astro\/boutique\/t-shirt-soleils-noirs-serie-limitee\/","name":"T-shirt Soleils noirs (s\u00e9rie limit\u00e9e - actuellement \u00e9puis\u00e9e)","isPartOf":{"@id":"https:\/\/www.stelvision.com\/astro\/#website"},"primaryImageOfPage":{"@id":"https:\/\/www.stelvision.com\/astro\/boutique\/t-shirt-soleils-noirs-serie-limitee\/#primaryimage"},"image":{"@id":"https:\/\/www.stelvision.com\/astro\/boutique\/t-shirt-soleils-noirs-serie-limitee\/#primaryimage"},"thumbnailUrl":"https:\/\/www.stelvision.com\/astro\/wp-content\/uploads\/2026\/04\/T-SHIRT-Soleils-noirs-mockup-1200.webp","datePublished":"2026-04-01T10:50:34+00:00","dateModified":"2026-04-17T00:07:01+00:00","breadcrumb":{"@id":"https:\/\/www.stelvision.com\/astro\/boutique\/t-shirt-soleils-noirs-serie-limitee\/#breadcrumb"},"inLanguage":"fr-FR","potentialAction":[{"@type":"ReadAction","target":["https:\/\/www.stelvision.com\/astro\/boutique\/t-shirt-soleils-noirs-serie-limitee\/"]}]},{"@type":"ImageObject","inLanguage":"fr-FR","@id":"https:\/\/www.stelvision.com\/astro\/boutique\/t-shirt-soleils-noirs-serie-limitee\/#primaryimage","url":"https:\/\/www.stelvision.com\/astro\/wp-content\/uploads\/2026\/04\/T-SHIRT-Soleils-noirs-mockup-1200.webp","contentUrl":"https:\/\/www.stelvision.com\/astro\/wp-content\/uploads\/2026\/04\/T-SHIRT-Soleils-noirs-mockup-1200.webp","width":1200,"height":1200,"caption":"visuel T-shirt Soleils noirs par Stelvision"},{"@type":"BreadcrumbList","@id":"https:\/\/www.stelvision.com\/astro\/boutique\/t-shirt-soleils-noirs-serie-limitee\/#breadcrumb","itemListElement":[{"@type":"ListItem","position":1,"name":"Accueil","item":"https:\/\/www.stelvision.com\/astro\/"},{"@type":"ListItem","position":2,"name":"La Boutique Stelvision","item":"https:\/\/www.stelvision.com\/astro\/boutique\/"},{"@type":"ListItem","position":3,"name":"T-shirt Soleils noirs (s\u00e9rie limit\u00e9e &#8211; actuellement \u00e9puis\u00e9e)"}]},{"@type":"WebSite","@id":"https:\/\/www.stelvision.com\/astro\/#website","url":"https:\/\/www.stelvision.com\/astro\/","name":"Stelvision","description":"conseils, livres et mat\u00e9riel d&#039;observation du ciel","publisher":{"@id":"https:\/\/www.stelvision.com\/astro\/#organization"},"potentialAction":[{"@type":"SearchAction","target":{"@type":"EntryPoint","urlTemplate":"https:\/\/www.stelvision.com\/astro\/?s={search_term_string}"},"query-input":{"@type":"PropertyValueSpecification","valueRequired":true,"valueName":"search_term_string"}}],"inLanguage":"fr-FR"},{"@type":"Organization","@id":"https:\/\/www.stelvision.com\/astro\/#organization","name":"Stelvision","url":"https:\/\/www.stelvision.com\/astro\/","logo":{"@type":"ImageObject","inLanguage":"fr-FR","@id":"https:\/\/www.stelvision.com\/astro\/#\/schema\/logo\/image\/","url":"https:\/\/www.stelvision.com\/astro\/wp-content\/uploads\/2019\/03\/logo_lisse_bleu_Stelvision_600.png","contentUrl":"https:\/\/www.stelvision.com\/astro\/wp-content\/uploads\/2019\/03\/logo_lisse_bleu_Stelvision_600.png","width":600,"height":277,"caption":"Stelvision"},"image":{"@id":"https:\/\/www.stelvision.com\/astro\/#\/schema\/logo\/image\/"},"sameAs":["https:\/\/www.facebook.com\/people\/Stelvision\/100063368192331\/"]}]}},"_links":{"self":[{"href":"https:\/\/www.stelvision.com\/astro\/wp-json\/wp\/v2\/product\/74955","targetHints":{"allow":["GET"]}}],"collection":[{"href":"https:\/\/www.stelvision.com\/astro\/wp-json\/wp\/v2\/product"}],"about":[{"href":"https:\/\/www.stelvision.com\/astro\/wp-json\/wp\/v2\/types\/product"}],"wp:featuredmedia":[{"embeddable":true,"href":"https:\/\/www.stelvision.com\/astro\/wp-json\/wp\/v2\/media\/74966"}],"wp:attachment":[{"href":"https:\/\/www.stelvision.com\/astro\/wp-json\/wp\/v2\/media?parent=74955"}],"wp:term":[{"taxonomy":"product_brand","embeddable":true,"href":"https:\/\/www.stelvision.com\/astro\/wp-json\/wp\/v2\/product_brand?post=74955"},{"taxonomy":"product_cat","embeddable":true,"href":"https:\/\/www.stelvision.com\/astro\/wp-json\/wp\/v2\/product_cat?post=74955"},{"taxonomy":"product_tag","embeddable":true,"href":"https:\/\/www.stelvision.com\/astro\/wp-json\/wp\/v2\/product_tag?post=74955"}],"curies":[{"name":"wp","href":"https:\/\/api.w.org\/{rel}","templated":true}]}}