{"id":75078,"date":"2026-04-07T11:05:00","date_gmt":"2026-04-07T09:05:00","guid":{"rendered":"https:\/\/www.stelvision.com\/astro\/?post_type=product&#038;p=75078"},"modified":"2026-04-14T02:39:22","modified_gmt":"2026-04-14T00:39:22","slug":"lampe-frontale-swift","status":"publish","type":"product","link":"https:\/\/www.stelvision.com\/astro\/boutique\/lampe-frontale-swift\/","title":{"rendered":"Lampe frontale Swift LT \u00e0 \u00e9clairage rouge &amp; blanc, ultra compacte et rechargeable"},"content":{"rendered":"<p><strong>La lampe ultime<\/strong> pour vous \u00e9clairer sous les \u00e9toiles ! Elle vous permettra de r\u00e9gler votre mat\u00e9riel ou consulter vos cartes et guides du ciel tout en pr\u00e9servant la <strong>sensibilit\u00e9 de vos yeux en vision nocturne.<\/strong><br \/>\nStelvision a s\u00e9lectionn\u00e9 pour vous le mod\u00e8le Swift LT de <strong>Petzl<\/strong>, marque fran\u00e7aise de renomm\u00e9e mondiale. Il r\u00e9unit en effet plusieurs caract\u00e9ristiques int\u00e9ressantes pour l&rsquo;<strong>astronomie<\/strong> :<\/p>\n<ul>\n<li>deux couleurs d&rsquo;\u00e9clairage : <strong>rouge<\/strong> pour pr\u00e9server votre vision nocturne, <strong>blanc<\/strong> pour ranger le mat\u00e9riel \u00e0 la fin de vos observations<\/li>\n<li>un \u00e9clairage <strong>doux en mode rouge<\/strong>, contrairement \u00e0 beaucoup de lampes \u00e9blouissantes, et <strong>puissant en mode blanc<\/strong> (jusqu&rsquo;\u00e0 380 lumen)<\/li>\n<li>la lampe peut \u00eatre port\u00e9e sur la t\u00eate mais aussi <strong>autour du cou<\/strong> avec la possibilit\u00e9 de l&rsquo;incliner vers le haut pour voir devant soi (parfait pour \u00e9viter d&rsquo;\u00e9blouir son entourage !)<\/li>\n<li>une <strong>compacit\u00e9<\/strong> et une <strong>l\u00e9g\u00e8ret\u00e9<\/strong> (43 grammes seulement) qui vous permettent de l&#8217;emmener partout et de la garder en permanence sur la t\u00eate ou autour du cou, sans aucune g\u00eane<\/li>\n<li>la lampe est<strong>\u00a0rechargeable<\/strong> via une <strong>prise universelle USB-C* <\/strong>(le c\u00e2ble de charge n&rsquo;est pas fourni)<\/li>\n<\/ul>\n<p>(*) conform\u00e9ment au r\u00e8glement europ\u00e9en de 2025 qui pr\u00e9voit que le connecteur de type USB-C devient obligatoire sur presque tous les \u00e9quipements rechargeables.<\/p>\n<p>Vous appr\u00e9cierez \u00e9galement cette lampe lors d&rsquo;activit\u00e9s de <strong>sport et de plein air<\/strong>\u00a0:<\/p>\n<ul>\n<li>pour son bandeau tr\u00e8s fin et lavable, muni d&rsquo;un fil r\u00e9fl\u00e9chissant,<\/li>\n<li>pour sa r\u00e9sistance \u00e0 la pluie,<\/li>\n<li>pour son \u00e9clairage blanc modulable en puissance et pour le mode clignotant de l&rsquo;\u00e9clairage rouge.<\/li>\n<\/ul>\n<p>Produit de <strong>marque fran\u00e7aise, fabriqu\u00e9 en Europe<\/strong> (Hongrie), constitu\u00e9 \u00e0 50 % de mati\u00e8res biosourc\u00e9es ou recycl\u00e9es.<\/p>\n<p>Sp\u00e9cifications :<\/p>\n<ul>\n<li>Puissance : 380 lumens (ANSI\/PLATO FL 1)<\/li>\n<li>Poids : 43g<\/li>\n<li>Alimentation : batterie rechargeable 880 mAh<\/li>\n<li>\u00c9tanch\u00e9it\u00e9 : IPX4 (r\u00e9sistant aux intemp\u00e9ries)<\/li>\n<li>Autonomie : 25 h en mode rouge fixe ; 6 h en mode blanc standard, 2 h en mode blanc maximal, 60 h en mode blanc \u00e9conomique<\/li>\n<li>Garantie : 2 ans ou 300 cycles de charge<\/li>\n<li>Couleur : noir<\/li>\n<\/ul>\n","protected":false},"excerpt":{"rendered":"<p>La lampe ultime pour vous \u00e9clairer sous les \u00e9toiles ! Elle vous permettra de r\u00e9gler votre mat\u00e9riel ou consulter vos cartes et guides du ciel <a href=\"https:\/\/www.stelvision.com\/astro\/boutique\/lampe-frontale-swift\/\" class=\"more-link\">&#8230;<span class=\"screen-reader-text\">  Lampe frontale Swift LT \u00e0 \u00e9clairage rouge &amp; blanc, ultra compacte et rechargeable<\/span><\/a><\/p>\n","protected":false},"featured_media":75120,"template":"","meta":{"_acf_changed":false},"product_brand":[],"product_cat":[375,126],"product_tag":[],"class_list":{"0":"post-75078","1":"product","2":"type-product","3":"status-publish","4":"has-post-thumbnail","6":"product_cat-accessoires","7":"product_cat-edition","8":"product_shipping_class-easyscope-oculaires-accessoires","10":"first","11":"instock","12":"taxable","13":"shipping-taxable","14":"purchasable","15":"product-type-simple"},"acf":[],"yoast_head":"<!-- This site is optimized with the Yoast SEO plugin v27.1.1 - https:\/\/yoast.com\/product\/yoast-seo-wordpress\/ -->\n<title>Lampe frontale Swift LT \u00e0 \u00e9clairage rouge &amp; blanc, ultra compacte et rechargeable<\/title>\n<meta name=\"robots\" content=\"index, follow, max-snippet:-1, max-image-preview:large, max-video-preview:-1\" \/>\n<link rel=\"canonical\" href=\"https:\/\/www.stelvision.com\/astro\/boutique\/lampe-frontale-swift\/\" \/>\n<meta property=\"og:locale\" content=\"fr_FR\" \/>\n<meta property=\"og:type\" content=\"article\" \/>\n<meta property=\"og:title\" content=\"Lampe frontale Swift LT \u00e0 \u00e9clairage rouge &amp; blanc, ultra compacte et rechargeable\" \/>\n<meta property=\"og:description\" content=\"La lampe ultime pour vous \u00e9clairer sous les \u00e9toiles ! Elle vous permettra de r\u00e9gler votre mat\u00e9riel ou consulter vos cartes et guides du ciel ... Lampe frontale Swift LT \u00e0 \u00e9clairage rouge &amp; blanc, ultra compacte et rechargeable\" \/>\n<meta property=\"og:url\" content=\"https:\/\/www.stelvision.com\/astro\/boutique\/lampe-frontale-swift\/\" \/>\n<meta property=\"og:site_name\" content=\"Stelvision\" \/>\n<meta property=\"article:publisher\" content=\"https:\/\/www.facebook.com\/people\/Stelvision\/100063368192331\/\" \/>\n<meta property=\"article:modified_time\" content=\"2026-04-14T00:39:22+00:00\" \/>\n<meta property=\"og:image\" content=\"https:\/\/www.stelvision.com\/astro\/wp-content\/uploads\/2026\/04\/E102AB00-SWIFT-LT_1200.webp\" \/>\n\t<meta property=\"og:image:width\" content=\"1200\" \/>\n\t<meta property=\"og:image:height\" content=\"1200\" \/>\n\t<meta property=\"og:image:type\" content=\"image\/webp\" \/>\n<meta name=\"twitter:card\" content=\"summary_large_image\" \/>\n<meta name=\"twitter:label1\" content=\"Dur\u00e9e de lecture estim\u00e9e\" \/>\n\t<meta name=\"twitter:data1\" content=\"2 minutes\" \/>\n<script type=\"application\/ld+json\" class=\"yoast-schema-graph\">{\"@context\":\"https:\/\/schema.org\",\"@graph\":[{\"@type\":\"WebPage\",\"@id\":\"https:\/\/www.stelvision.com\/astro\/boutique\/lampe-frontale-swift\/\",\"url\":\"https:\/\/www.stelvision.com\/astro\/boutique\/lampe-frontale-swift\/\",\"name\":\"Lampe frontale Swift LT \u00e0 \u00e9clairage rouge &amp; blanc, ultra compacte et rechargeable\",\"isPartOf\":{\"@id\":\"https:\/\/www.stelvision.com\/astro\/#website\"},\"primaryImageOfPage\":{\"@id\":\"https:\/\/www.stelvision.com\/astro\/boutique\/lampe-frontale-swift\/#primaryimage\"},\"image\":{\"@id\":\"https:\/\/www.stelvision.com\/astro\/boutique\/lampe-frontale-swift\/#primaryimage\"},\"thumbnailUrl\":\"https:\/\/www.stelvision.com\/astro\/wp-content\/uploads\/2026\/04\/E102AB00-SWIFT-LT_1200.webp\",\"datePublished\":\"2026-04-07T09:05:00+00:00\",\"dateModified\":\"2026-04-14T00:39:22+00:00\",\"breadcrumb\":{\"@id\":\"https:\/\/www.stelvision.com\/astro\/boutique\/lampe-frontale-swift\/#breadcrumb\"},\"inLanguage\":\"fr-FR\",\"potentialAction\":[{\"@type\":\"ReadAction\",\"target\":[\"https:\/\/www.stelvision.com\/astro\/boutique\/lampe-frontale-swift\/\"]}]},{\"@type\":\"ImageObject\",\"inLanguage\":\"fr-FR\",\"@id\":\"https:\/\/www.stelvision.com\/astro\/boutique\/lampe-frontale-swift\/#primaryimage\",\"url\":\"https:\/\/www.stelvision.com\/astro\/wp-content\/uploads\/2026\/04\/E102AB00-SWIFT-LT_1200.webp\",\"contentUrl\":\"https:\/\/www.stelvision.com\/astro\/wp-content\/uploads\/2026\/04\/E102AB00-SWIFT-LT_1200.webp\",\"width\":1200,\"height\":1200,\"caption\":\"visuel lampe frontale Petzl Swift LT\"},{\"@type\":\"BreadcrumbList\",\"@id\":\"https:\/\/www.stelvision.com\/astro\/boutique\/lampe-frontale-swift\/#breadcrumb\",\"itemListElement\":[{\"@type\":\"ListItem\",\"position\":1,\"name\":\"Accueil\",\"item\":\"https:\/\/www.stelvision.com\/astro\/\"},{\"@type\":\"ListItem\",\"position\":2,\"name\":\"La Boutique Stelvision\",\"item\":\"https:\/\/www.stelvision.com\/astro\/boutique\/\"},{\"@type\":\"ListItem\",\"position\":3,\"name\":\"Lampe frontale Swift LT \u00e0 \u00e9clairage rouge &amp; blanc, ultra compacte et rechargeable\"}]},{\"@type\":\"WebSite\",\"@id\":\"https:\/\/www.stelvision.com\/astro\/#website\",\"url\":\"https:\/\/www.stelvision.com\/astro\/\",\"name\":\"Stelvision\",\"description\":\"conseils, livres et mat\u00e9riel d&#039;observation du ciel\",\"publisher\":{\"@id\":\"https:\/\/www.stelvision.com\/astro\/#organization\"},\"potentialAction\":[{\"@type\":\"SearchAction\",\"target\":{\"@type\":\"EntryPoint\",\"urlTemplate\":\"https:\/\/www.stelvision.com\/astro\/?s={search_term_string}\"},\"query-input\":{\"@type\":\"PropertyValueSpecification\",\"valueRequired\":true,\"valueName\":\"search_term_string\"}}],\"inLanguage\":\"fr-FR\"},{\"@type\":\"Organization\",\"@id\":\"https:\/\/www.stelvision.com\/astro\/#organization\",\"name\":\"Stelvision\",\"url\":\"https:\/\/www.stelvision.com\/astro\/\",\"logo\":{\"@type\":\"ImageObject\",\"inLanguage\":\"fr-FR\",\"@id\":\"https:\/\/www.stelvision.com\/astro\/#\/schema\/logo\/image\/\",\"url\":\"https:\/\/www.stelvision.com\/astro\/wp-content\/uploads\/2019\/03\/logo_lisse_bleu_Stelvision_600.png\",\"contentUrl\":\"https:\/\/www.stelvision.com\/astro\/wp-content\/uploads\/2019\/03\/logo_lisse_bleu_Stelvision_600.png\",\"width\":600,\"height\":277,\"caption\":\"Stelvision\"},\"image\":{\"@id\":\"https:\/\/www.stelvision.com\/astro\/#\/schema\/logo\/image\/\"},\"sameAs\":[\"https:\/\/www.facebook.com\/people\/Stelvision\/100063368192331\/\"]}]}<\/script>\n<!-- \/ Yoast SEO plugin. -->","yoast_head_json":{"title":"Lampe frontale Swift LT \u00e0 \u00e9clairage rouge &amp; blanc, ultra compacte et rechargeable","robots":{"index":"index","follow":"follow","max-snippet":"max-snippet:-1","max-image-preview":"max-image-preview:large","max-video-preview":"max-video-preview:-1"},"canonical":"https:\/\/www.stelvision.com\/astro\/boutique\/lampe-frontale-swift\/","og_locale":"fr_FR","og_type":"article","og_title":"Lampe frontale Swift LT \u00e0 \u00e9clairage rouge &amp; blanc, ultra compacte et rechargeable","og_description":"La lampe ultime pour vous \u00e9clairer sous les \u00e9toiles ! Elle vous permettra de r\u00e9gler votre mat\u00e9riel ou consulter vos cartes et guides du ciel ... Lampe frontale Swift LT \u00e0 \u00e9clairage rouge &amp; blanc, ultra compacte et rechargeable","og_url":"https:\/\/www.stelvision.com\/astro\/boutique\/lampe-frontale-swift\/","og_site_name":"Stelvision","article_publisher":"https:\/\/www.facebook.com\/people\/Stelvision\/100063368192331\/","article_modified_time":"2026-04-14T00:39:22+00:00","og_image":[{"width":1200,"height":1200,"url":"https:\/\/www.stelvision.com\/astro\/wp-content\/uploads\/2026\/04\/E102AB00-SWIFT-LT_1200.webp","type":"image\/webp"}],"twitter_card":"summary_large_image","twitter_misc":{"Dur\u00e9e de lecture estim\u00e9e":"2 minutes"},"schema":{"@context":"https:\/\/schema.org","@graph":[{"@type":"WebPage","@id":"https:\/\/www.stelvision.com\/astro\/boutique\/lampe-frontale-swift\/","url":"https:\/\/www.stelvision.com\/astro\/boutique\/lampe-frontale-swift\/","name":"Lampe frontale Swift LT \u00e0 \u00e9clairage rouge &amp; blanc, ultra compacte et rechargeable","isPartOf":{"@id":"https:\/\/www.stelvision.com\/astro\/#website"},"primaryImageOfPage":{"@id":"https:\/\/www.stelvision.com\/astro\/boutique\/lampe-frontale-swift\/#primaryimage"},"image":{"@id":"https:\/\/www.stelvision.com\/astro\/boutique\/lampe-frontale-swift\/#primaryimage"},"thumbnailUrl":"https:\/\/www.stelvision.com\/astro\/wp-content\/uploads\/2026\/04\/E102AB00-SWIFT-LT_1200.webp","datePublished":"2026-04-07T09:05:00+00:00","dateModified":"2026-04-14T00:39:22+00:00","breadcrumb":{"@id":"https:\/\/www.stelvision.com\/astro\/boutique\/lampe-frontale-swift\/#breadcrumb"},"inLanguage":"fr-FR","potentialAction":[{"@type":"ReadAction","target":["https:\/\/www.stelvision.com\/astro\/boutique\/lampe-frontale-swift\/"]}]},{"@type":"ImageObject","inLanguage":"fr-FR","@id":"https:\/\/www.stelvision.com\/astro\/boutique\/lampe-frontale-swift\/#primaryimage","url":"https:\/\/www.stelvision.com\/astro\/wp-content\/uploads\/2026\/04\/E102AB00-SWIFT-LT_1200.webp","contentUrl":"https:\/\/www.stelvision.com\/astro\/wp-content\/uploads\/2026\/04\/E102AB00-SWIFT-LT_1200.webp","width":1200,"height":1200,"caption":"visuel lampe frontale Petzl Swift LT"},{"@type":"BreadcrumbList","@id":"https:\/\/www.stelvision.com\/astro\/boutique\/lampe-frontale-swift\/#breadcrumb","itemListElement":[{"@type":"ListItem","position":1,"name":"Accueil","item":"https:\/\/www.stelvision.com\/astro\/"},{"@type":"ListItem","position":2,"name":"La Boutique Stelvision","item":"https:\/\/www.stelvision.com\/astro\/boutique\/"},{"@type":"ListItem","position":3,"name":"Lampe frontale Swift LT \u00e0 \u00e9clairage rouge &amp; blanc, ultra compacte et rechargeable"}]},{"@type":"WebSite","@id":"https:\/\/www.stelvision.com\/astro\/#website","url":"https:\/\/www.stelvision.com\/astro\/","name":"Stelvision","description":"conseils, livres et mat\u00e9riel d&#039;observation du ciel","publisher":{"@id":"https:\/\/www.stelvision.com\/astro\/#organization"},"potentialAction":[{"@type":"SearchAction","target":{"@type":"EntryPoint","urlTemplate":"https:\/\/www.stelvision.com\/astro\/?s={search_term_string}"},"query-input":{"@type":"PropertyValueSpecification","valueRequired":true,"valueName":"search_term_string"}}],"inLanguage":"fr-FR"},{"@type":"Organization","@id":"https:\/\/www.stelvision.com\/astro\/#organization","name":"Stelvision","url":"https:\/\/www.stelvision.com\/astro\/","logo":{"@type":"ImageObject","inLanguage":"fr-FR","@id":"https:\/\/www.stelvision.com\/astro\/#\/schema\/logo\/image\/","url":"https:\/\/www.stelvision.com\/astro\/wp-content\/uploads\/2019\/03\/logo_lisse_bleu_Stelvision_600.png","contentUrl":"https:\/\/www.stelvision.com\/astro\/wp-content\/uploads\/2019\/03\/logo_lisse_bleu_Stelvision_600.png","width":600,"height":277,"caption":"Stelvision"},"image":{"@id":"https:\/\/www.stelvision.com\/astro\/#\/schema\/logo\/image\/"},"sameAs":["https:\/\/www.facebook.com\/people\/Stelvision\/100063368192331\/"]}]}},"_links":{"self":[{"href":"https:\/\/www.stelvision.com\/astro\/wp-json\/wp\/v2\/product\/75078","targetHints":{"allow":["GET"]}}],"collection":[{"href":"https:\/\/www.stelvision.com\/astro\/wp-json\/wp\/v2\/product"}],"about":[{"href":"https:\/\/www.stelvision.com\/astro\/wp-json\/wp\/v2\/types\/product"}],"wp:featuredmedia":[{"embeddable":true,"href":"https:\/\/www.stelvision.com\/astro\/wp-json\/wp\/v2\/media\/75120"}],"wp:attachment":[{"href":"https:\/\/www.stelvision.com\/astro\/wp-json\/wp\/v2\/media?parent=75078"}],"wp:term":[{"taxonomy":"product_brand","embeddable":true,"href":"https:\/\/www.stelvision.com\/astro\/wp-json\/wp\/v2\/product_brand?post=75078"},{"taxonomy":"product_cat","embeddable":true,"href":"https:\/\/www.stelvision.com\/astro\/wp-json\/wp\/v2\/product_cat?post=75078"},{"taxonomy":"product_tag","embeddable":true,"href":"https:\/\/www.stelvision.com\/astro\/wp-json\/wp\/v2\/product_tag?post=75078"}],"curies":[{"name":"wp","href":"https:\/\/api.w.org\/{rel}","templated":true}]}}