{"id":75700,"date":"2026-04-22T11:02:21","date_gmt":"2026-04-22T09:02:21","guid":{"rendered":"https:\/\/www.stelvision.com\/astro\/?post_type=product&#038;p=75700"},"modified":"2026-04-25T02:06:15","modified_gmt":"2026-04-25T00:06:15","slug":"filtre-solaire-baader-astrosolar-assf-80-pour-telescope-mak70-ou-similaire","status":"publish","type":"product","link":"https:\/\/www.stelvision.com\/astro\/boutique\/filtre-solaire-baader-astrosolar-assf-80-pour-telescope-mak70-ou-similaire\/","title":{"rendered":"Filtre solaire Baader Astrosolar ASSF 80 pour t\u00e9lescope Mak70 ou similaire"},"content":{"rendered":"<p>Les filtres solaires ASSF ont \u00e9t\u00e9 con\u00e7us par Baader Planetarium, marque de r\u00e9f\u00e9rence, pour observer le Soleil en toute s\u00e9curit\u00e9 avec un petit t\u00e9lescope, une longue vue ou m\u00eame un t\u00e9l\u00e9objectif d&rsquo;appareil photo. Ils existent en diff\u00e9rents diam\u00e8tres. Le mod\u00e8le ASSF 80 a une ouverture utile de 80 mm et convient parfaitement au t\u00e9lescope Acuter Mak70 ou \u00e0 d&rsquo;autres petits t\u00e9lescopes ou longues-vues de dimensions voisines (diam\u00e8tre ext\u00e9rieur du tube : entre 85 et 100 mm).<\/p>\n<p>Plac\u00e9 \u00e0 l&rsquo;avant de l&rsquo;instrument, le filtre ASSF 80 permet d&rsquo;observer la surface du Soleil \u00e0 tous les grossissements.<\/p>\n<div class=\"boxFocus\">\n<p>La plupart du temps, il est possible d&rsquo;observer des taches solaires, des zones sombres li\u00e9es \u00e0 l&rsquo;activit\u00e9 magn\u00e9tique du Soleil. Il est aussi parfois possible d&rsquo;observer des facules, des zones particuli\u00e8rement claires et brillantes qui sont elles aussi d&rsquo;origine magn\u00e9tique (pour plus d&rsquo;information, consultez notre <a href=\"https:\/\/www.stelvision.com\/astro\/observer-le-soleil\/\">page sp\u00e9ciale Soleil<\/a>).<\/p>\n<\/div>\n<p>Le filtre ASSF 80 est compos\u00e9 de :<\/p>\n<ul>\n<li>un support rigide ajustable avec pr\u00e9cision au diam\u00e8tre de l&rsquo;instrument, gr\u00e2ce au jeu de boulons de centrage\u00a0 pr\u00e9vus pour s&rsquo;adapter \u00e0 tous les instruments dont le diam\u00e8tre ext\u00e9rieur est compris entre 85 et 100 mm ;<\/li>\n<li>une feuille filtrante AstroSolar de densit\u00e9 5.0 mont\u00e9e dans le support rigide ;<\/li>\n<li>trois sangles de s\u00e9curit\u00e9 avec tampons autocollants pour emp\u00eacher le filtre de tomber ;<\/li>\n<li>une notice de montage.<\/li>\n<\/ul>\n<p><strong>IMPORTANT<\/strong><\/p>\n<ul>\n<li>Ne regardez jamais le Soleil dans un instrument (jumelles, lunette, t\u00e9lescope, appareil photo) qui n&rsquo;est pas muni d&rsquo;un filtre solaire ad\u00e9quat plac\u00e9 \u00e0 l&rsquo;avant de l&rsquo;optique.<\/li>\n<li>Si l&rsquo;instrument est muni d&rsquo;un chercheur (lunette de vis\u00e9e), \u00e9quipez-le \u00e9galement d&rsquo;un filtre ou placez son bouchon protecteur \u00e0 l&rsquo;avant.<\/li>\n<li>Si l&rsquo;instrument est muni d&rsquo;un pointeur \u00e0 mire (QuikFinder, Telrad&#8230;), d\u00e9montez-le de son support pour ne pas risquer de l&rsquo;endommager.<\/li>\n<li>Si l&rsquo;instrument est muni d&rsquo;un pointeur \u00ab\u00a0point rouge\u00a0\u00bb, abstenez-vous de viser le Soleil avec.<\/li>\n<li>Avant chaque observation, v\u00e9rifiez que le filtre est en bon \u00e9tat (absence de rayures ou de trous) avant de placer votre \u0153il derri\u00e8re l&rsquo;oculaire.<\/li>\n<li>Interrompez l&rsquo;observation solaire toutes les trois minutes pour reposer vos yeux.<\/li>\n<li>Stockez toujours le filtre dans une bo\u00eete ferm\u00e9e pour emp\u00eacher le vieillissement, les accidents et le d\u00e9p\u00f4t de poussi\u00e8re.<\/li>\n<li>N&rsquo;essayez pas de nettoyer la feuille filtrante au risque de d\u00e9t\u00e9riorer ses qualit\u00e9s filtrantes.<\/li>\n<\/ul>\n","protected":false},"excerpt":{"rendered":"<p>Plac\u00e9 \u00e0 l&rsquo;avant du STELESCOPE 130 ou\u00a0 t\u00e9lescope de dimensions voisines, ce filtre permet d&rsquo;observer la surface du Soleil en toute s\u00e9curit\u00e9.<\/p>\n","protected":false},"featured_media":74945,"template":"","meta":{"_acf_changed":false},"product_brand":[],"product_cat":[127,376],"product_tag":[344],"class_list":{"0":"post-75700","1":"product","2":"type-product","3":"status-publish","4":"has-post-thumbnail","6":"product_cat-telescopes-lunettes","7":"product_cat-special-soleil-eclipse","8":"product_tag-filtres-solaires-baader-astrosolar","9":"product_shipping_class-easyscope-oculaires-accessoires","11":"first","12":"instock","13":"taxable","14":"shipping-taxable","15":"purchasable","16":"product-type-simple"},"acf":[],"yoast_head":"<!-- This site is optimized with the Yoast SEO plugin v27.1.1 - https:\/\/yoast.com\/product\/yoast-seo-wordpress\/ -->\n<title>Filtre solaire Baader Astrosolar ASSF 80 pour t\u00e9lescope Mak70 ou similaire<\/title>\n<meta name=\"description\" content=\"Plac\u00e9 \u00e0 l&#039;avant de votre t\u00e9lescope, le filtre Baader Astrosolar ASSF permet d&#039;observer le Soleil en toute s\u00e9curit\u00e9 pour voir sa surface et les taches solaires, \u00e0 tous les grossissements.\" \/>\n<meta name=\"robots\" content=\"index, follow, max-snippet:-1, max-image-preview:large, max-video-preview:-1\" \/>\n<link rel=\"canonical\" href=\"https:\/\/www.stelvision.com\/astro\/boutique\/filtre-solaire-baader-astrosolar-assf-80-pour-telescope-mak70-ou-similaire\/\" \/>\n<meta property=\"og:locale\" content=\"fr_FR\" \/>\n<meta property=\"og:type\" content=\"article\" \/>\n<meta property=\"og:title\" content=\"Filtre solaire Baader Astrosolar ASSF 80 pour t\u00e9lescope Mak70 ou similaire\" \/>\n<meta property=\"og:description\" content=\"Plac\u00e9 \u00e0 l&#039;avant de votre t\u00e9lescope, le filtre Baader Astrosolar ASSF permet d&#039;observer le Soleil en toute s\u00e9curit\u00e9 pour voir sa surface et les taches solaires, \u00e0 tous les grossissements.\" \/>\n<meta property=\"og:url\" content=\"https:\/\/www.stelvision.com\/astro\/boutique\/filtre-solaire-baader-astrosolar-assf-80-pour-telescope-mak70-ou-similaire\/\" \/>\n<meta property=\"og:site_name\" content=\"Stelvision\" \/>\n<meta property=\"article:publisher\" content=\"https:\/\/www.facebook.com\/people\/Stelvision\/100063368192331\/\" \/>\n<meta property=\"article:modified_time\" content=\"2026-04-25T00:06:15+00:00\" \/>\n<meta property=\"og:image\" content=\"https:\/\/www.stelvision.com\/astro\/wp-content\/uploads\/2019\/10\/filtre_solaire-sur-telescope.jpg\" \/>\n\t<meta property=\"og:image:width\" content=\"800\" \/>\n\t<meta property=\"og:image:height\" content=\"533\" \/>\n\t<meta property=\"og:image:type\" content=\"image\/jpeg\" \/>\n<meta name=\"twitter:card\" content=\"summary_large_image\" \/>\n<meta name=\"twitter:label1\" content=\"Dur\u00e9e de lecture estim\u00e9e\" \/>\n\t<meta name=\"twitter:data1\" content=\"3 minutes\" \/>\n<script type=\"application\/ld+json\" class=\"yoast-schema-graph\">{\"@context\":\"https:\/\/schema.org\",\"@graph\":[{\"@type\":\"WebPage\",\"@id\":\"https:\/\/www.stelvision.com\/astro\/boutique\/filtre-solaire-baader-astrosolar-assf-80-pour-telescope-mak70-ou-similaire\/\",\"url\":\"https:\/\/www.stelvision.com\/astro\/boutique\/filtre-solaire-baader-astrosolar-assf-80-pour-telescope-mak70-ou-similaire\/\",\"name\":\"Filtre solaire Baader Astrosolar ASSF 80 pour t\u00e9lescope Mak70 ou similaire\",\"isPartOf\":{\"@id\":\"https:\/\/www.stelvision.com\/astro\/#website\"},\"primaryImageOfPage\":{\"@id\":\"https:\/\/www.stelvision.com\/astro\/boutique\/filtre-solaire-baader-astrosolar-assf-80-pour-telescope-mak70-ou-similaire\/#primaryimage\"},\"image\":{\"@id\":\"https:\/\/www.stelvision.com\/astro\/boutique\/filtre-solaire-baader-astrosolar-assf-80-pour-telescope-mak70-ou-similaire\/#primaryimage\"},\"thumbnailUrl\":\"https:\/\/www.stelvision.com\/astro\/wp-content\/uploads\/2026\/03\/filtre-astrosolar-assf-principale.jpg\",\"datePublished\":\"2026-04-22T09:02:21+00:00\",\"dateModified\":\"2026-04-25T00:06:15+00:00\",\"description\":\"Plac\u00e9 \u00e0 l'avant de votre t\u00e9lescope, le filtre Baader Astrosolar ASSF permet d'observer le Soleil en toute s\u00e9curit\u00e9 pour voir sa surface et les taches solaires, \u00e0 tous les grossissements.\",\"breadcrumb\":{\"@id\":\"https:\/\/www.stelvision.com\/astro\/boutique\/filtre-solaire-baader-astrosolar-assf-80-pour-telescope-mak70-ou-similaire\/#breadcrumb\"},\"inLanguage\":\"fr-FR\",\"potentialAction\":[{\"@type\":\"ReadAction\",\"target\":[\"https:\/\/www.stelvision.com\/astro\/boutique\/filtre-solaire-baader-astrosolar-assf-80-pour-telescope-mak70-ou-similaire\/\"]}]},{\"@type\":\"ImageObject\",\"inLanguage\":\"fr-FR\",\"@id\":\"https:\/\/www.stelvision.com\/astro\/boutique\/filtre-solaire-baader-astrosolar-assf-80-pour-telescope-mak70-ou-similaire\/#primaryimage\",\"url\":\"https:\/\/www.stelvision.com\/astro\/wp-content\/uploads\/2026\/03\/filtre-astrosolar-assf-principale.jpg\",\"contentUrl\":\"https:\/\/www.stelvision.com\/astro\/wp-content\/uploads\/2026\/03\/filtre-astrosolar-assf-principale.jpg\",\"width\":1000,\"height\":1300},{\"@type\":\"BreadcrumbList\",\"@id\":\"https:\/\/www.stelvision.com\/astro\/boutique\/filtre-solaire-baader-astrosolar-assf-80-pour-telescope-mak70-ou-similaire\/#breadcrumb\",\"itemListElement\":[{\"@type\":\"ListItem\",\"position\":1,\"name\":\"Accueil\",\"item\":\"https:\/\/www.stelvision.com\/astro\/\"},{\"@type\":\"ListItem\",\"position\":2,\"name\":\"La Boutique Stelvision\",\"item\":\"https:\/\/www.stelvision.com\/astro\/boutique\/\"},{\"@type\":\"ListItem\",\"position\":3,\"name\":\"Filtre solaire Baader Astrosolar ASSF 80 pour t\u00e9lescope Mak70 ou similaire\"}]},{\"@type\":\"WebSite\",\"@id\":\"https:\/\/www.stelvision.com\/astro\/#website\",\"url\":\"https:\/\/www.stelvision.com\/astro\/\",\"name\":\"Stelvision\",\"description\":\"conseils, livres et mat\u00e9riel d&#039;observation du ciel\",\"publisher\":{\"@id\":\"https:\/\/www.stelvision.com\/astro\/#organization\"},\"potentialAction\":[{\"@type\":\"SearchAction\",\"target\":{\"@type\":\"EntryPoint\",\"urlTemplate\":\"https:\/\/www.stelvision.com\/astro\/?s={search_term_string}\"},\"query-input\":{\"@type\":\"PropertyValueSpecification\",\"valueRequired\":true,\"valueName\":\"search_term_string\"}}],\"inLanguage\":\"fr-FR\"},{\"@type\":\"Organization\",\"@id\":\"https:\/\/www.stelvision.com\/astro\/#organization\",\"name\":\"Stelvision\",\"url\":\"https:\/\/www.stelvision.com\/astro\/\",\"logo\":{\"@type\":\"ImageObject\",\"inLanguage\":\"fr-FR\",\"@id\":\"https:\/\/www.stelvision.com\/astro\/#\/schema\/logo\/image\/\",\"url\":\"https:\/\/www.stelvision.com\/astro\/wp-content\/uploads\/2019\/03\/logo_lisse_bleu_Stelvision_600.png\",\"contentUrl\":\"https:\/\/www.stelvision.com\/astro\/wp-content\/uploads\/2019\/03\/logo_lisse_bleu_Stelvision_600.png\",\"width\":600,\"height\":277,\"caption\":\"Stelvision\"},\"image\":{\"@id\":\"https:\/\/www.stelvision.com\/astro\/#\/schema\/logo\/image\/\"},\"sameAs\":[\"https:\/\/www.facebook.com\/people\/Stelvision\/100063368192331\/\"]}]}<\/script>\n<!-- \/ Yoast SEO plugin. -->","yoast_head_json":{"title":"Filtre solaire Baader Astrosolar ASSF 80 pour t\u00e9lescope Mak70 ou similaire","description":"Plac\u00e9 \u00e0 l'avant de votre t\u00e9lescope, le filtre Baader Astrosolar ASSF permet d'observer le Soleil en toute s\u00e9curit\u00e9 pour voir sa surface et les taches solaires, \u00e0 tous les grossissements.","robots":{"index":"index","follow":"follow","max-snippet":"max-snippet:-1","max-image-preview":"max-image-preview:large","max-video-preview":"max-video-preview:-1"},"canonical":"https:\/\/www.stelvision.com\/astro\/boutique\/filtre-solaire-baader-astrosolar-assf-80-pour-telescope-mak70-ou-similaire\/","og_locale":"fr_FR","og_type":"article","og_title":"Filtre solaire Baader Astrosolar ASSF 80 pour t\u00e9lescope Mak70 ou similaire","og_description":"Plac\u00e9 \u00e0 l'avant de votre t\u00e9lescope, le filtre Baader Astrosolar ASSF permet d'observer le Soleil en toute s\u00e9curit\u00e9 pour voir sa surface et les taches solaires, \u00e0 tous les grossissements.","og_url":"https:\/\/www.stelvision.com\/astro\/boutique\/filtre-solaire-baader-astrosolar-assf-80-pour-telescope-mak70-ou-similaire\/","og_site_name":"Stelvision","article_publisher":"https:\/\/www.facebook.com\/people\/Stelvision\/100063368192331\/","article_modified_time":"2026-04-25T00:06:15+00:00","og_image":[{"width":800,"height":533,"url":"https:\/\/www.stelvision.com\/astro\/wp-content\/uploads\/2019\/10\/filtre_solaire-sur-telescope.jpg","type":"image\/jpeg"}],"twitter_card":"summary_large_image","twitter_misc":{"Dur\u00e9e de lecture estim\u00e9e":"3 minutes"},"schema":{"@context":"https:\/\/schema.org","@graph":[{"@type":"WebPage","@id":"https:\/\/www.stelvision.com\/astro\/boutique\/filtre-solaire-baader-astrosolar-assf-80-pour-telescope-mak70-ou-similaire\/","url":"https:\/\/www.stelvision.com\/astro\/boutique\/filtre-solaire-baader-astrosolar-assf-80-pour-telescope-mak70-ou-similaire\/","name":"Filtre solaire Baader Astrosolar ASSF 80 pour t\u00e9lescope Mak70 ou similaire","isPartOf":{"@id":"https:\/\/www.stelvision.com\/astro\/#website"},"primaryImageOfPage":{"@id":"https:\/\/www.stelvision.com\/astro\/boutique\/filtre-solaire-baader-astrosolar-assf-80-pour-telescope-mak70-ou-similaire\/#primaryimage"},"image":{"@id":"https:\/\/www.stelvision.com\/astro\/boutique\/filtre-solaire-baader-astrosolar-assf-80-pour-telescope-mak70-ou-similaire\/#primaryimage"},"thumbnailUrl":"https:\/\/www.stelvision.com\/astro\/wp-content\/uploads\/2026\/03\/filtre-astrosolar-assf-principale.jpg","datePublished":"2026-04-22T09:02:21+00:00","dateModified":"2026-04-25T00:06:15+00:00","description":"Plac\u00e9 \u00e0 l'avant de votre t\u00e9lescope, le filtre Baader Astrosolar ASSF permet d'observer le Soleil en toute s\u00e9curit\u00e9 pour voir sa surface et les taches solaires, \u00e0 tous les grossissements.","breadcrumb":{"@id":"https:\/\/www.stelvision.com\/astro\/boutique\/filtre-solaire-baader-astrosolar-assf-80-pour-telescope-mak70-ou-similaire\/#breadcrumb"},"inLanguage":"fr-FR","potentialAction":[{"@type":"ReadAction","target":["https:\/\/www.stelvision.com\/astro\/boutique\/filtre-solaire-baader-astrosolar-assf-80-pour-telescope-mak70-ou-similaire\/"]}]},{"@type":"ImageObject","inLanguage":"fr-FR","@id":"https:\/\/www.stelvision.com\/astro\/boutique\/filtre-solaire-baader-astrosolar-assf-80-pour-telescope-mak70-ou-similaire\/#primaryimage","url":"https:\/\/www.stelvision.com\/astro\/wp-content\/uploads\/2026\/03\/filtre-astrosolar-assf-principale.jpg","contentUrl":"https:\/\/www.stelvision.com\/astro\/wp-content\/uploads\/2026\/03\/filtre-astrosolar-assf-principale.jpg","width":1000,"height":1300},{"@type":"BreadcrumbList","@id":"https:\/\/www.stelvision.com\/astro\/boutique\/filtre-solaire-baader-astrosolar-assf-80-pour-telescope-mak70-ou-similaire\/#breadcrumb","itemListElement":[{"@type":"ListItem","position":1,"name":"Accueil","item":"https:\/\/www.stelvision.com\/astro\/"},{"@type":"ListItem","position":2,"name":"La Boutique Stelvision","item":"https:\/\/www.stelvision.com\/astro\/boutique\/"},{"@type":"ListItem","position":3,"name":"Filtre solaire Baader Astrosolar ASSF 80 pour t\u00e9lescope Mak70 ou similaire"}]},{"@type":"WebSite","@id":"https:\/\/www.stelvision.com\/astro\/#website","url":"https:\/\/www.stelvision.com\/astro\/","name":"Stelvision","description":"conseils, livres et mat\u00e9riel d&#039;observation du ciel","publisher":{"@id":"https:\/\/www.stelvision.com\/astro\/#organization"},"potentialAction":[{"@type":"SearchAction","target":{"@type":"EntryPoint","urlTemplate":"https:\/\/www.stelvision.com\/astro\/?s={search_term_string}"},"query-input":{"@type":"PropertyValueSpecification","valueRequired":true,"valueName":"search_term_string"}}],"inLanguage":"fr-FR"},{"@type":"Organization","@id":"https:\/\/www.stelvision.com\/astro\/#organization","name":"Stelvision","url":"https:\/\/www.stelvision.com\/astro\/","logo":{"@type":"ImageObject","inLanguage":"fr-FR","@id":"https:\/\/www.stelvision.com\/astro\/#\/schema\/logo\/image\/","url":"https:\/\/www.stelvision.com\/astro\/wp-content\/uploads\/2019\/03\/logo_lisse_bleu_Stelvision_600.png","contentUrl":"https:\/\/www.stelvision.com\/astro\/wp-content\/uploads\/2019\/03\/logo_lisse_bleu_Stelvision_600.png","width":600,"height":277,"caption":"Stelvision"},"image":{"@id":"https:\/\/www.stelvision.com\/astro\/#\/schema\/logo\/image\/"},"sameAs":["https:\/\/www.facebook.com\/people\/Stelvision\/100063368192331\/"]}]}},"_links":{"self":[{"href":"https:\/\/www.stelvision.com\/astro\/wp-json\/wp\/v2\/product\/75700","targetHints":{"allow":["GET"]}}],"collection":[{"href":"https:\/\/www.stelvision.com\/astro\/wp-json\/wp\/v2\/product"}],"about":[{"href":"https:\/\/www.stelvision.com\/astro\/wp-json\/wp\/v2\/types\/product"}],"wp:featuredmedia":[{"embeddable":true,"href":"https:\/\/www.stelvision.com\/astro\/wp-json\/wp\/v2\/media\/74945"}],"wp:attachment":[{"href":"https:\/\/www.stelvision.com\/astro\/wp-json\/wp\/v2\/media?parent=75700"}],"wp:term":[{"taxonomy":"product_brand","embeddable":true,"href":"https:\/\/www.stelvision.com\/astro\/wp-json\/wp\/v2\/product_brand?post=75700"},{"taxonomy":"product_cat","embeddable":true,"href":"https:\/\/www.stelvision.com\/astro\/wp-json\/wp\/v2\/product_cat?post=75700"},{"taxonomy":"product_tag","embeddable":true,"href":"https:\/\/www.stelvision.com\/astro\/wp-json\/wp\/v2\/product_tag?post=75700"}],"curies":[{"name":"wp","href":"https:\/\/api.w.org\/{rel}","templated":true}]}}