{"id":3322,"date":"2019-03-25T17:21:44","date_gmt":"2019-03-25T16:21:44","guid":{"rendered":"https:\/\/www.stelvision.com\/astro\/?post_type=product&#038;p=3322"},"modified":"2026-04-10T16:26:46","modified_gmt":"2026-04-10T14:26:46","slug":"oculaire-sp-32-mm","status":"publish","type":"product","link":"https:\/\/www.stelvision.com\/astro\/boutique\/oculaire-sp-32-mm\/","title":{"rendered":"Oculaire Super Pl\u00f6ssl 32 mm"},"content":{"rendered":"<p>Cet oculaire a une focale 32 mm et un champ apparent de 52\u00b0. Sa longue focale procure un grossissement faible, donc un grand champ de vision r\u00e9el. Ce qui facilite le pointage et permet d&rsquo;observer des objets de grande taille en entier.<\/p>\n<p>Son coulant standard de 31,75 mm le rend compatible de tous les t\u00e9lescopes et lunettes.<\/p>\n<p>Ses lentilles sont trait\u00e9es anti-reflet multicouches.<\/p>\n","protected":false},"excerpt":{"rendered":"<p>Cet oculaire de longue focale fournit un grossissement faible. C&rsquo;est un compl\u00e9ment utile pour la lunette STELESCOPE 70 ou d&rsquo;autres instruments similaires.<\/p>\n","protected":false},"featured_media":74307,"template":"","meta":{"_acf_changed":false},"product_brand":[],"product_cat":[127],"product_tag":[],"class_list":{"0":"post-3322","1":"product","2":"type-product","3":"status-publish","4":"has-post-thumbnail","6":"product_cat-telescopes-lunettes","7":"product_shipping_class-easyscope-oculaires-accessoires","9":"first","10":"instock","11":"taxable","12":"shipping-taxable","13":"purchasable","14":"product-type-simple"},"acf":[],"yoast_head":"<!-- This site is optimized with the Yoast SEO plugin v27.1.1 - https:\/\/yoast.com\/product\/yoast-seo-wordpress\/ -->\n<title>Oculaire Super Pl\u00f6ssl 32 mm<\/title>\n<meta name=\"description\" content=\"Cet oculaire de longue focale est un compl\u00e9ment utile de la lunette STELESCOPE 70 qui est livr\u00e9e avec des oculaires de 20 mm et de 9 mm.\" \/>\n<meta name=\"robots\" content=\"index, follow, max-snippet:-1, max-image-preview:large, max-video-preview:-1\" \/>\n<link rel=\"canonical\" href=\"https:\/\/www.stelvision.com\/astro\/boutique\/oculaire-sp-32-mm\/\" \/>\n<meta property=\"og:locale\" content=\"fr_FR\" \/>\n<meta property=\"og:type\" content=\"article\" \/>\n<meta property=\"og:title\" content=\"Oculaire Super Pl\u00f6ssl 32 mm\" \/>\n<meta property=\"og:description\" content=\"Cet oculaire de longue focale est un compl\u00e9ment utile de la lunette STELESCOPE 70 qui est livr\u00e9e avec des oculaires de 20 mm et de 9 mm.\" \/>\n<meta property=\"og:url\" content=\"https:\/\/www.stelvision.com\/astro\/boutique\/oculaire-sp-32-mm\/\" \/>\n<meta property=\"og:site_name\" content=\"Stelvision\" \/>\n<meta property=\"article:publisher\" content=\"https:\/\/www.facebook.com\/people\/Stelvision\/100063368192331\/\" \/>\n<meta property=\"article:modified_time\" content=\"2026-04-10T14:26:46+00:00\" \/>\n<meta property=\"og:image\" content=\"https:\/\/www.stelvision.com\/astro\/wp-content\/uploads\/2026\/02\/oculaire-super-plossl-32.webp\" \/>\n\t<meta property=\"og:image:width\" content=\"800\" \/>\n\t<meta property=\"og:image:height\" content=\"800\" \/>\n\t<meta property=\"og:image:type\" content=\"image\/webp\" \/>\n<meta name=\"twitter:card\" content=\"summary_large_image\" \/>\n<meta name=\"twitter:label1\" content=\"Dur\u00e9e de lecture estim\u00e9e\" \/>\n\t<meta name=\"twitter:data1\" content=\"1 minute\" \/>\n<script type=\"application\/ld+json\" class=\"yoast-schema-graph\">{\"@context\":\"https:\/\/schema.org\",\"@graph\":[{\"@type\":\"WebPage\",\"@id\":\"https:\/\/www.stelvision.com\/astro\/boutique\/oculaire-sp-32-mm\/\",\"url\":\"https:\/\/www.stelvision.com\/astro\/boutique\/oculaire-sp-32-mm\/\",\"name\":\"Oculaire Super Pl\u00f6ssl 32 mm\",\"isPartOf\":{\"@id\":\"https:\/\/www.stelvision.com\/astro\/#website\"},\"primaryImageOfPage\":{\"@id\":\"https:\/\/www.stelvision.com\/astro\/boutique\/oculaire-sp-32-mm\/#primaryimage\"},\"image\":{\"@id\":\"https:\/\/www.stelvision.com\/astro\/boutique\/oculaire-sp-32-mm\/#primaryimage\"},\"thumbnailUrl\":\"https:\/\/www.stelvision.com\/astro\/wp-content\/uploads\/2026\/02\/oculaire-super-plossl-32.webp\",\"datePublished\":\"2019-03-25T16:21:44+00:00\",\"dateModified\":\"2026-04-10T14:26:46+00:00\",\"description\":\"Cet oculaire de longue focale est un compl\u00e9ment utile de la lunette STELESCOPE 70 qui est livr\u00e9e avec des oculaires de 20 mm et de 9 mm.\",\"breadcrumb\":{\"@id\":\"https:\/\/www.stelvision.com\/astro\/boutique\/oculaire-sp-32-mm\/#breadcrumb\"},\"inLanguage\":\"fr-FR\",\"potentialAction\":[{\"@type\":\"ReadAction\",\"target\":[\"https:\/\/www.stelvision.com\/astro\/boutique\/oculaire-sp-32-mm\/\"]}]},{\"@type\":\"ImageObject\",\"inLanguage\":\"fr-FR\",\"@id\":\"https:\/\/www.stelvision.com\/astro\/boutique\/oculaire-sp-32-mm\/#primaryimage\",\"url\":\"https:\/\/www.stelvision.com\/astro\/wp-content\/uploads\/2026\/02\/oculaire-super-plossl-32.webp\",\"contentUrl\":\"https:\/\/www.stelvision.com\/astro\/wp-content\/uploads\/2026\/02\/oculaire-super-plossl-32.webp\",\"width\":800,\"height\":800,\"caption\":\"photo oculaire super plossl 32mm\"},{\"@type\":\"BreadcrumbList\",\"@id\":\"https:\/\/www.stelvision.com\/astro\/boutique\/oculaire-sp-32-mm\/#breadcrumb\",\"itemListElement\":[{\"@type\":\"ListItem\",\"position\":1,\"name\":\"Accueil\",\"item\":\"https:\/\/www.stelvision.com\/astro\/\"},{\"@type\":\"ListItem\",\"position\":2,\"name\":\"La Boutique Stelvision\",\"item\":\"https:\/\/www.stelvision.com\/astro\/boutique\/\"},{\"@type\":\"ListItem\",\"position\":3,\"name\":\"Oculaire Super Pl\u00f6ssl 32 mm\"}]},{\"@type\":\"WebSite\",\"@id\":\"https:\/\/www.stelvision.com\/astro\/#website\",\"url\":\"https:\/\/www.stelvision.com\/astro\/\",\"name\":\"Stelvision\",\"description\":\"conseils, livres et mat\u00e9riel d&#039;observation du ciel\",\"publisher\":{\"@id\":\"https:\/\/www.stelvision.com\/astro\/#organization\"},\"potentialAction\":[{\"@type\":\"SearchAction\",\"target\":{\"@type\":\"EntryPoint\",\"urlTemplate\":\"https:\/\/www.stelvision.com\/astro\/?s={search_term_string}\"},\"query-input\":{\"@type\":\"PropertyValueSpecification\",\"valueRequired\":true,\"valueName\":\"search_term_string\"}}],\"inLanguage\":\"fr-FR\"},{\"@type\":\"Organization\",\"@id\":\"https:\/\/www.stelvision.com\/astro\/#organization\",\"name\":\"Stelvision\",\"url\":\"https:\/\/www.stelvision.com\/astro\/\",\"logo\":{\"@type\":\"ImageObject\",\"inLanguage\":\"fr-FR\",\"@id\":\"https:\/\/www.stelvision.com\/astro\/#\/schema\/logo\/image\/\",\"url\":\"https:\/\/www.stelvision.com\/astro\/wp-content\/uploads\/2019\/03\/logo_lisse_bleu_Stelvision_600.png\",\"contentUrl\":\"https:\/\/www.stelvision.com\/astro\/wp-content\/uploads\/2019\/03\/logo_lisse_bleu_Stelvision_600.png\",\"width\":600,\"height\":277,\"caption\":\"Stelvision\"},\"image\":{\"@id\":\"https:\/\/www.stelvision.com\/astro\/#\/schema\/logo\/image\/\"},\"sameAs\":[\"https:\/\/www.facebook.com\/people\/Stelvision\/100063368192331\/\"]}]}<\/script>\n<!-- \/ Yoast SEO plugin. -->","yoast_head_json":{"title":"Oculaire Super Pl\u00f6ssl 32 mm","description":"Cet oculaire de longue focale est un compl\u00e9ment utile de la lunette STELESCOPE 70 qui est livr\u00e9e avec des oculaires de 20 mm et de 9 mm.","robots":{"index":"index","follow":"follow","max-snippet":"max-snippet:-1","max-image-preview":"max-image-preview:large","max-video-preview":"max-video-preview:-1"},"canonical":"https:\/\/www.stelvision.com\/astro\/boutique\/oculaire-sp-32-mm\/","og_locale":"fr_FR","og_type":"article","og_title":"Oculaire Super Pl\u00f6ssl 32 mm","og_description":"Cet oculaire de longue focale est un compl\u00e9ment utile de la lunette STELESCOPE 70 qui est livr\u00e9e avec des oculaires de 20 mm et de 9 mm.","og_url":"https:\/\/www.stelvision.com\/astro\/boutique\/oculaire-sp-32-mm\/","og_site_name":"Stelvision","article_publisher":"https:\/\/www.facebook.com\/people\/Stelvision\/100063368192331\/","article_modified_time":"2026-04-10T14:26:46+00:00","og_image":[{"width":800,"height":800,"url":"https:\/\/www.stelvision.com\/astro\/wp-content\/uploads\/2026\/02\/oculaire-super-plossl-32.webp","type":"image\/webp"}],"twitter_card":"summary_large_image","twitter_misc":{"Dur\u00e9e de lecture estim\u00e9e":"1 minute"},"schema":{"@context":"https:\/\/schema.org","@graph":[{"@type":"WebPage","@id":"https:\/\/www.stelvision.com\/astro\/boutique\/oculaire-sp-32-mm\/","url":"https:\/\/www.stelvision.com\/astro\/boutique\/oculaire-sp-32-mm\/","name":"Oculaire Super Pl\u00f6ssl 32 mm","isPartOf":{"@id":"https:\/\/www.stelvision.com\/astro\/#website"},"primaryImageOfPage":{"@id":"https:\/\/www.stelvision.com\/astro\/boutique\/oculaire-sp-32-mm\/#primaryimage"},"image":{"@id":"https:\/\/www.stelvision.com\/astro\/boutique\/oculaire-sp-32-mm\/#primaryimage"},"thumbnailUrl":"https:\/\/www.stelvision.com\/astro\/wp-content\/uploads\/2026\/02\/oculaire-super-plossl-32.webp","datePublished":"2019-03-25T16:21:44+00:00","dateModified":"2026-04-10T14:26:46+00:00","description":"Cet oculaire de longue focale est un compl\u00e9ment utile de la lunette STELESCOPE 70 qui est livr\u00e9e avec des oculaires de 20 mm et de 9 mm.","breadcrumb":{"@id":"https:\/\/www.stelvision.com\/astro\/boutique\/oculaire-sp-32-mm\/#breadcrumb"},"inLanguage":"fr-FR","potentialAction":[{"@type":"ReadAction","target":["https:\/\/www.stelvision.com\/astro\/boutique\/oculaire-sp-32-mm\/"]}]},{"@type":"ImageObject","inLanguage":"fr-FR","@id":"https:\/\/www.stelvision.com\/astro\/boutique\/oculaire-sp-32-mm\/#primaryimage","url":"https:\/\/www.stelvision.com\/astro\/wp-content\/uploads\/2026\/02\/oculaire-super-plossl-32.webp","contentUrl":"https:\/\/www.stelvision.com\/astro\/wp-content\/uploads\/2026\/02\/oculaire-super-plossl-32.webp","width":800,"height":800,"caption":"photo oculaire super plossl 32mm"},{"@type":"BreadcrumbList","@id":"https:\/\/www.stelvision.com\/astro\/boutique\/oculaire-sp-32-mm\/#breadcrumb","itemListElement":[{"@type":"ListItem","position":1,"name":"Accueil","item":"https:\/\/www.stelvision.com\/astro\/"},{"@type":"ListItem","position":2,"name":"La Boutique Stelvision","item":"https:\/\/www.stelvision.com\/astro\/boutique\/"},{"@type":"ListItem","position":3,"name":"Oculaire Super Pl\u00f6ssl 32 mm"}]},{"@type":"WebSite","@id":"https:\/\/www.stelvision.com\/astro\/#website","url":"https:\/\/www.stelvision.com\/astro\/","name":"Stelvision","description":"conseils, livres et mat\u00e9riel d&#039;observation du ciel","publisher":{"@id":"https:\/\/www.stelvision.com\/astro\/#organization"},"potentialAction":[{"@type":"SearchAction","target":{"@type":"EntryPoint","urlTemplate":"https:\/\/www.stelvision.com\/astro\/?s={search_term_string}"},"query-input":{"@type":"PropertyValueSpecification","valueRequired":true,"valueName":"search_term_string"}}],"inLanguage":"fr-FR"},{"@type":"Organization","@id":"https:\/\/www.stelvision.com\/astro\/#organization","name":"Stelvision","url":"https:\/\/www.stelvision.com\/astro\/","logo":{"@type":"ImageObject","inLanguage":"fr-FR","@id":"https:\/\/www.stelvision.com\/astro\/#\/schema\/logo\/image\/","url":"https:\/\/www.stelvision.com\/astro\/wp-content\/uploads\/2019\/03\/logo_lisse_bleu_Stelvision_600.png","contentUrl":"https:\/\/www.stelvision.com\/astro\/wp-content\/uploads\/2019\/03\/logo_lisse_bleu_Stelvision_600.png","width":600,"height":277,"caption":"Stelvision"},"image":{"@id":"https:\/\/www.stelvision.com\/astro\/#\/schema\/logo\/image\/"},"sameAs":["https:\/\/www.facebook.com\/people\/Stelvision\/100063368192331\/"]}]}},"_links":{"self":[{"href":"https:\/\/www.stelvision.com\/astro\/wp-json\/wp\/v2\/product\/3322","targetHints":{"allow":["GET"]}}],"collection":[{"href":"https:\/\/www.stelvision.com\/astro\/wp-json\/wp\/v2\/product"}],"about":[{"href":"https:\/\/www.stelvision.com\/astro\/wp-json\/wp\/v2\/types\/product"}],"wp:featuredmedia":[{"embeddable":true,"href":"https:\/\/www.stelvision.com\/astro\/wp-json\/wp\/v2\/media\/74307"}],"wp:attachment":[{"href":"https:\/\/www.stelvision.com\/astro\/wp-json\/wp\/v2\/media?parent=3322"}],"wp:term":[{"taxonomy":"product_brand","embeddable":true,"href":"https:\/\/www.stelvision.com\/astro\/wp-json\/wp\/v2\/product_brand?post=3322"},{"taxonomy":"product_cat","embeddable":true,"href":"https:\/\/www.stelvision.com\/astro\/wp-json\/wp\/v2\/product_cat?post=3322"},{"taxonomy":"product_tag","embeddable":true,"href":"https:\/\/www.stelvision.com\/astro\/wp-json\/wp\/v2\/product_tag?post=3322"}],"curies":[{"name":"wp","href":"https:\/\/api.w.org\/{rel}","templated":true}]}}