{"id":17344,"date":"2022-01-21T10:12:00","date_gmt":"2022-01-21T09:12:00","guid":{"rendered":"https:\/\/www.stelvision.com\/astro\/?page_id=17344"},"modified":"2023-02-15T17:50:43","modified_gmt":"2023-02-15T16:50:43","slug":"fiche-planetes-mise-a-jour","status":"publish","type":"page","link":"https:\/\/www.stelvision.com\/astro\/fiche-planetes-mise-a-jour\/","title":{"rendered":"Fiche de rep\u00e9rage plan\u00e8tes : <br>mise \u00e0 jour"},"content":{"rendered":"\n<p class=\"chapo\">Si la fiche de rep\u00e9rage plan\u00e8tes de votre carte du ciel Stelvision 365 n&rsquo;est plus \u00e0 jour, vous trouverez ici la version actualis\u00e9e pour la p\u00e9riode 2023-2026.<\/p>\n\n\n<div class=\"wp-block-image\">\n<figure class=\"alignright size-full is-resized\"><a href=\"https:\/\/www.stelvision.com\/astro\/wp-content\/uploads\/2023\/02\/FICHEPLANETE2023-2026-A4-pour-fiche-a-decouper.pdf\"><img decoding=\"async\" src=\"https:\/\/www.stelvision.com\/astro\/wp-content\/uploads\/2023\/02\/image-fiche-planete-2023-2026.jpg\" alt=\"\" class=\"wp-image-52396\" width=\"123\" height=\"182\" srcset=\"https:\/\/www.stelvision.com\/astro\/wp-content\/uploads\/2023\/02\/image-fiche-planete-2023-2026.jpg 491w, https:\/\/www.stelvision.com\/astro\/wp-content\/uploads\/2023\/02\/image-fiche-planete-2023-2026-203x300.jpg 203w, https:\/\/www.stelvision.com\/astro\/wp-content\/uploads\/2023\/02\/image-fiche-planete-2023-2026-368x544.jpg 368w, https:\/\/www.stelvision.com\/astro\/wp-content\/uploads\/2023\/02\/image-fiche-planete-2023-2026-270x399.jpg 270w\" sizes=\"(max-width: 123px) 100vw, 123px\" \/><\/a><\/figure>\n<\/div>\n\n\n<ul class=\"wp-block-list\">\n<li><a href=\"https:\/\/www.stelvision.com\/astro\/wp-content\/uploads\/2023\/02\/FICHEPLANETE2023-2026-A4-pour-fiche-a-decouper.pdf\">T\u00e9l\u00e9chargez la fiche au format PDF en cliquant ici<\/a>.<\/li>\n\n\n\n<li>Imprimez-le au format <strong>A4<\/strong> (210 x 297 mm), si possible en recto-verso et de pr\u00e9f\u00e9rence sur du papier photo.<\/li>\n\n\n\n<li>D\u00e9coupez la fiche d\u00e9limit\u00e9e par le cadre rouge. Ins\u00e9rez-la dans les encoches de votre carte Stelvision 365, \u00e0 la place de l&rsquo;ancienne fiche.<\/li>\n<\/ul>\n\n\n\n<p>Bonnes observations !<\/p>\n","protected":false},"excerpt":{"rendered":"<p>Si la fiche de rep\u00e9rage plan\u00e8tes de votre carte du ciel Stelvision 365 n&rsquo;est plus \u00e0 jour, vous trouverez ici la version actualis\u00e9e pour la <a href=\"https:\/\/www.stelvision.com\/astro\/fiche-planetes-mise-a-jour\/\" class=\"more-link\">&#8230;<span class=\"screen-reader-text\">  Fiche de rep\u00e9rage plan\u00e8tes : &lt;br&gt;mise \u00e0 jour<\/span><\/a><\/p>\n","protected":false},"author":5,"featured_media":0,"parent":0,"menu_order":0,"comment_status":"closed","ping_status":"closed","template":"","meta":{"_acf_changed":false,"footnotes":""},"class_list":["post-17344","page","type-page","status-publish","hentry"],"acf":[],"yoast_head":"<!-- This site is optimized with the Yoast SEO plugin v27.1.1 - https:\/\/yoast.com\/product\/yoast-seo-wordpress\/ -->\n<title>Fiche de rep\u00e9rage plan\u00e8tes : mise \u00e0 jour<\/title>\n<meta name=\"description\" content=\"Si la fiche de rep\u00e9rage plan\u00e8tes de votre carte du ciel Stelvision 365 n&#039;est plus \u00e0 jour, voici la version actualis\u00e9e pour la p\u00e9riode 2022-2025.\" \/>\n<meta name=\"robots\" content=\"noindex, follow\" \/>\n<meta property=\"og:locale\" content=\"fr_FR\" \/>\n<meta property=\"og:type\" content=\"article\" \/>\n<meta property=\"og:title\" content=\"Fiche de rep\u00e9rage plan\u00e8tes : mise \u00e0 jour\" \/>\n<meta property=\"og:description\" content=\"Si la fiche de rep\u00e9rage plan\u00e8tes de votre carte du ciel Stelvision 365 n&#039;est plus \u00e0 jour, voici la version actualis\u00e9e pour la p\u00e9riode 2022-2025.\" \/>\n<meta property=\"og:url\" content=\"https:\/\/www.stelvision.com\/astro\/fiche-planetes-mise-a-jour\/\" \/>\n<meta property=\"og:site_name\" content=\"Stelvision\" \/>\n<meta property=\"article:publisher\" content=\"https:\/\/www.facebook.com\/people\/Stelvision\/100063368192331\/\" \/>\n<meta property=\"article:modified_time\" content=\"2023-02-15T16:50:43+00:00\" \/>\n<meta property=\"og:image\" content=\"https:\/\/www.stelvision.com\/astro\/wp-content\/uploads\/2023\/02\/image-fiche-planete-2023-2026.jpg\" \/>\n<meta name=\"twitter:card\" content=\"summary_large_image\" \/>\n<meta name=\"twitter:label1\" content=\"Dur\u00e9e de lecture estim\u00e9e\" \/>\n\t<meta name=\"twitter:data1\" content=\"1 minute\" \/>\n<script type=\"application\/ld+json\" class=\"yoast-schema-graph\">{\"@context\":\"https:\/\/schema.org\",\"@graph\":[{\"@type\":\"WebPage\",\"@id\":\"https:\/\/www.stelvision.com\/astro\/fiche-planetes-mise-a-jour\/\",\"url\":\"https:\/\/www.stelvision.com\/astro\/fiche-planetes-mise-a-jour\/\",\"name\":\"Fiche de rep\u00e9rage plan\u00e8tes : mise \u00e0 jour\",\"isPartOf\":{\"@id\":\"https:\/\/www.stelvision.com\/astro\/#website\"},\"primaryImageOfPage\":{\"@id\":\"https:\/\/www.stelvision.com\/astro\/fiche-planetes-mise-a-jour\/#primaryimage\"},\"image\":{\"@id\":\"https:\/\/www.stelvision.com\/astro\/fiche-planetes-mise-a-jour\/#primaryimage\"},\"thumbnailUrl\":\"https:\/\/www.stelvision.com\/astro\/wp-content\/uploads\/2023\/02\/image-fiche-planete-2023-2026.jpg\",\"datePublished\":\"2022-01-21T09:12:00+00:00\",\"dateModified\":\"2023-02-15T16:50:43+00:00\",\"description\":\"Si la fiche de rep\u00e9rage plan\u00e8tes de votre carte du ciel Stelvision 365 n'est plus \u00e0 jour, voici la version actualis\u00e9e pour la p\u00e9riode 2022-2025.\",\"breadcrumb\":{\"@id\":\"https:\/\/www.stelvision.com\/astro\/fiche-planetes-mise-a-jour\/#breadcrumb\"},\"inLanguage\":\"fr-FR\",\"potentialAction\":[{\"@type\":\"ReadAction\",\"target\":[\"https:\/\/www.stelvision.com\/astro\/fiche-planetes-mise-a-jour\/\"]}]},{\"@type\":\"ImageObject\",\"inLanguage\":\"fr-FR\",\"@id\":\"https:\/\/www.stelvision.com\/astro\/fiche-planetes-mise-a-jour\/#primaryimage\",\"url\":\"https:\/\/www.stelvision.com\/astro\/wp-content\/uploads\/2023\/02\/image-fiche-planete-2023-2026.jpg\",\"contentUrl\":\"https:\/\/www.stelvision.com\/astro\/wp-content\/uploads\/2023\/02\/image-fiche-planete-2023-2026.jpg\",\"width\":491,\"height\":726},{\"@type\":\"BreadcrumbList\",\"@id\":\"https:\/\/www.stelvision.com\/astro\/fiche-planetes-mise-a-jour\/#breadcrumb\",\"itemListElement\":[{\"@type\":\"ListItem\",\"position\":1,\"name\":\"Accueil\",\"item\":\"https:\/\/www.stelvision.com\/astro\/\"},{\"@type\":\"ListItem\",\"position\":2,\"name\":\"Fiche de rep\u00e9rage plan\u00e8tes : mise \u00e0 jour\"}]},{\"@type\":\"WebSite\",\"@id\":\"https:\/\/www.stelvision.com\/astro\/#website\",\"url\":\"https:\/\/www.stelvision.com\/astro\/\",\"name\":\"Stelvision\",\"description\":\"conseils, livres et mat\u00e9riel d&#039;observation du ciel\",\"publisher\":{\"@id\":\"https:\/\/www.stelvision.com\/astro\/#organization\"},\"potentialAction\":[{\"@type\":\"SearchAction\",\"target\":{\"@type\":\"EntryPoint\",\"urlTemplate\":\"https:\/\/www.stelvision.com\/astro\/?s={search_term_string}\"},\"query-input\":{\"@type\":\"PropertyValueSpecification\",\"valueRequired\":true,\"valueName\":\"search_term_string\"}}],\"inLanguage\":\"fr-FR\"},{\"@type\":\"Organization\",\"@id\":\"https:\/\/www.stelvision.com\/astro\/#organization\",\"name\":\"Stelvision\",\"url\":\"https:\/\/www.stelvision.com\/astro\/\",\"logo\":{\"@type\":\"ImageObject\",\"inLanguage\":\"fr-FR\",\"@id\":\"https:\/\/www.stelvision.com\/astro\/#\/schema\/logo\/image\/\",\"url\":\"https:\/\/www.stelvision.com\/astro\/wp-content\/uploads\/2019\/03\/logo_lisse_bleu_Stelvision_600.png\",\"contentUrl\":\"https:\/\/www.stelvision.com\/astro\/wp-content\/uploads\/2019\/03\/logo_lisse_bleu_Stelvision_600.png\",\"width\":600,\"height\":277,\"caption\":\"Stelvision\"},\"image\":{\"@id\":\"https:\/\/www.stelvision.com\/astro\/#\/schema\/logo\/image\/\"},\"sameAs\":[\"https:\/\/www.facebook.com\/people\/Stelvision\/100063368192331\/\"]}]}<\/script>\n<!-- \/ Yoast SEO plugin. -->","yoast_head_json":{"title":"Fiche de rep\u00e9rage plan\u00e8tes : mise \u00e0 jour","description":"Si la fiche de rep\u00e9rage plan\u00e8tes de votre carte du ciel Stelvision 365 n'est plus \u00e0 jour, voici la version actualis\u00e9e pour la p\u00e9riode 2022-2025.","robots":{"index":"noindex","follow":"follow"},"og_locale":"fr_FR","og_type":"article","og_title":"Fiche de rep\u00e9rage plan\u00e8tes : mise \u00e0 jour","og_description":"Si la fiche de rep\u00e9rage plan\u00e8tes de votre carte du ciel Stelvision 365 n'est plus \u00e0 jour, voici la version actualis\u00e9e pour la p\u00e9riode 2022-2025.","og_url":"https:\/\/www.stelvision.com\/astro\/fiche-planetes-mise-a-jour\/","og_site_name":"Stelvision","article_publisher":"https:\/\/www.facebook.com\/people\/Stelvision\/100063368192331\/","article_modified_time":"2023-02-15T16:50:43+00:00","og_image":[{"url":"https:\/\/www.stelvision.com\/astro\/wp-content\/uploads\/2023\/02\/image-fiche-planete-2023-2026.jpg","type":"","width":"","height":""}],"twitter_card":"summary_large_image","twitter_misc":{"Dur\u00e9e de lecture estim\u00e9e":"1 minute"},"schema":{"@context":"https:\/\/schema.org","@graph":[{"@type":"WebPage","@id":"https:\/\/www.stelvision.com\/astro\/fiche-planetes-mise-a-jour\/","url":"https:\/\/www.stelvision.com\/astro\/fiche-planetes-mise-a-jour\/","name":"Fiche de rep\u00e9rage plan\u00e8tes : mise \u00e0 jour","isPartOf":{"@id":"https:\/\/www.stelvision.com\/astro\/#website"},"primaryImageOfPage":{"@id":"https:\/\/www.stelvision.com\/astro\/fiche-planetes-mise-a-jour\/#primaryimage"},"image":{"@id":"https:\/\/www.stelvision.com\/astro\/fiche-planetes-mise-a-jour\/#primaryimage"},"thumbnailUrl":"https:\/\/www.stelvision.com\/astro\/wp-content\/uploads\/2023\/02\/image-fiche-planete-2023-2026.jpg","datePublished":"2022-01-21T09:12:00+00:00","dateModified":"2023-02-15T16:50:43+00:00","description":"Si la fiche de rep\u00e9rage plan\u00e8tes de votre carte du ciel Stelvision 365 n'est plus \u00e0 jour, voici la version actualis\u00e9e pour la p\u00e9riode 2022-2025.","breadcrumb":{"@id":"https:\/\/www.stelvision.com\/astro\/fiche-planetes-mise-a-jour\/#breadcrumb"},"inLanguage":"fr-FR","potentialAction":[{"@type":"ReadAction","target":["https:\/\/www.stelvision.com\/astro\/fiche-planetes-mise-a-jour\/"]}]},{"@type":"ImageObject","inLanguage":"fr-FR","@id":"https:\/\/www.stelvision.com\/astro\/fiche-planetes-mise-a-jour\/#primaryimage","url":"https:\/\/www.stelvision.com\/astro\/wp-content\/uploads\/2023\/02\/image-fiche-planete-2023-2026.jpg","contentUrl":"https:\/\/www.stelvision.com\/astro\/wp-content\/uploads\/2023\/02\/image-fiche-planete-2023-2026.jpg","width":491,"height":726},{"@type":"BreadcrumbList","@id":"https:\/\/www.stelvision.com\/astro\/fiche-planetes-mise-a-jour\/#breadcrumb","itemListElement":[{"@type":"ListItem","position":1,"name":"Accueil","item":"https:\/\/www.stelvision.com\/astro\/"},{"@type":"ListItem","position":2,"name":"Fiche de rep\u00e9rage plan\u00e8tes : mise \u00e0 jour"}]},{"@type":"WebSite","@id":"https:\/\/www.stelvision.com\/astro\/#website","url":"https:\/\/www.stelvision.com\/astro\/","name":"Stelvision","description":"conseils, livres et mat\u00e9riel d&#039;observation du ciel","publisher":{"@id":"https:\/\/www.stelvision.com\/astro\/#organization"},"potentialAction":[{"@type":"SearchAction","target":{"@type":"EntryPoint","urlTemplate":"https:\/\/www.stelvision.com\/astro\/?s={search_term_string}"},"query-input":{"@type":"PropertyValueSpecification","valueRequired":true,"valueName":"search_term_string"}}],"inLanguage":"fr-FR"},{"@type":"Organization","@id":"https:\/\/www.stelvision.com\/astro\/#organization","name":"Stelvision","url":"https:\/\/www.stelvision.com\/astro\/","logo":{"@type":"ImageObject","inLanguage":"fr-FR","@id":"https:\/\/www.stelvision.com\/astro\/#\/schema\/logo\/image\/","url":"https:\/\/www.stelvision.com\/astro\/wp-content\/uploads\/2019\/03\/logo_lisse_bleu_Stelvision_600.png","contentUrl":"https:\/\/www.stelvision.com\/astro\/wp-content\/uploads\/2019\/03\/logo_lisse_bleu_Stelvision_600.png","width":600,"height":277,"caption":"Stelvision"},"image":{"@id":"https:\/\/www.stelvision.com\/astro\/#\/schema\/logo\/image\/"},"sameAs":["https:\/\/www.facebook.com\/people\/Stelvision\/100063368192331\/"]}]}},"_links":{"self":[{"href":"https:\/\/www.stelvision.com\/astro\/wp-json\/wp\/v2\/pages\/17344","targetHints":{"allow":["GET"]}}],"collection":[{"href":"https:\/\/www.stelvision.com\/astro\/wp-json\/wp\/v2\/pages"}],"about":[{"href":"https:\/\/www.stelvision.com\/astro\/wp-json\/wp\/v2\/types\/page"}],"author":[{"embeddable":true,"href":"https:\/\/www.stelvision.com\/astro\/wp-json\/wp\/v2\/users\/5"}],"replies":[{"embeddable":true,"href":"https:\/\/www.stelvision.com\/astro\/wp-json\/wp\/v2\/comments?post=17344"}],"version-history":[{"count":21,"href":"https:\/\/www.stelvision.com\/astro\/wp-json\/wp\/v2\/pages\/17344\/revisions"}],"predecessor-version":[{"id":52405,"href":"https:\/\/www.stelvision.com\/astro\/wp-json\/wp\/v2\/pages\/17344\/revisions\/52405"}],"wp:attachment":[{"href":"https:\/\/www.stelvision.com\/astro\/wp-json\/wp\/v2\/media?parent=17344"}],"curies":[{"name":"wp","href":"https:\/\/api.w.org\/{rel}","templated":true}]}}