{"id":32421,"date":"2021-03-10T17:25:30","date_gmt":"2021-03-10T16:25:30","guid":{"rendered":"https:\/\/www.stelvision.com\/astro\/?post_type=product&#038;p=32421"},"modified":"2026-04-27T17:23:44","modified_gmt":"2026-04-27T15:23:44","slug":"sac-de-transport-pour-trepied-et-monture-de-telescope-stelescope-130-ou-equivalent","status":"publish","type":"product","link":"https:\/\/www.stelvision.com\/astro\/boutique\/sac-de-transport-pour-trepied-et-monture-de-telescope-stelescope-130-ou-equivalent\/","title":{"rendered":"[-30%] Sac de transport pour tr\u00e9pied et monture de STELESCOPE 130 (ou t\u00e9lescope similaire)"},"content":{"rendered":"<div id=\"end-telescopes\"><\/div>\n<p>Ce sac rembourr\u00e9 est parfait pour transporter le tr\u00e9pied et la monture de votre Stelescope 130 (ou t\u00e9lescope similaire) en toute s\u00e9curit\u00e9.<br \/>\nSelon votre pr\u00e9f\u00e9rence, vous pourrez le porter par sa poign\u00e9e comme un sac de voyage, ou comme un sac \u00e0 dos gr\u00e2ce \u00e0 ses bretelles. Et pour qu&rsquo;il soit encore plus pratique, nous avons int\u00e9gr\u00e9 des bords r\u00e9fl\u00e9chissants pour vous aider \u00e0 le retrouver dans l&rsquo;obscurit\u00e9 !<\/p>\n<p>Rembourrage mousse 10 mm. Poches internes rembourr\u00e9es (mousse 5 mm) pour la monture et le plateau porte-accessoires. Poches externes pour les accessoires.<br \/>\nDimensions ext\u00e9rieures : 82 \u00d7 32 \u00d7 28 cm.<br \/>\nTextile ext\u00e9rieur : polyester imperm\u00e9able. Textile int\u00e9rieur : microfibre.<\/p>\n<p>Convient pour :<br \/>\n&#8211; tr\u00e9pied + monture de Stelescope 130<br \/>\n&#8211; tr\u00e9pied + monture de t\u00e9lescope \u00e9quivalent (monture de type EQ2 ou EQ3, tr\u00e9pied jusqu&rsquo;\u00e0 80 cm)<\/p>\n<p>Remarque : pour transporter le tube optique de votre t\u00e9lescope, compl\u00e9tez ce produit avec notre <a href=\"https:\/\/www.stelvision.com\/astro\/boutique\/sac-de-transport-pour-tube-optique-de-telescope-130-650-stelescope-130-ou-equivalent\/\">sac de transport sp\u00e9cial tube optique<\/a>.<\/p>\n<p>Produit fabriqu\u00e9 en Europe pour Stelvision.<\/p>\n","protected":false},"excerpt":{"rendered":"<p>Ce sac rembourr\u00e9 est parfait pour transporter le tr\u00e9pied et la monture de votre Stelescope 130 (ou t\u00e9lescope similaire) en toute s\u00e9curit\u00e9.<\/p>\n","protected":false},"featured_media":32707,"template":"","meta":{"_acf_changed":false},"product_brand":[],"product_cat":[127,367,377],"product_tag":[369],"class_list":{"0":"post-32421","1":"product","2":"type-product","3":"status-publish","4":"has-post-thumbnail","6":"product_cat-telescopes-lunettes","7":"product_cat-sacs-de-transport","8":"product_cat-soldes","9":"product_tag--notre-selection-pour-lete","10":"product_shipping_class-sac","12":"first","13":"instock","14":"sale","15":"taxable","16":"shipping-taxable","17":"purchasable","18":"product-type-simple"},"acf":[],"yoast_head":"<!-- This site is optimized with the Yoast SEO plugin v27.1.1 - https:\/\/yoast.com\/product\/yoast-seo-wordpress\/ -->\n<title>[-30%] Sac de transport pour tr\u00e9pied et monture de STELESCOPE 130 (ou t\u00e9lescope similaire)<\/title>\n<meta name=\"description\" content=\"Ce sac rembourr\u00e9 est parfait pour transporter le tr\u00e9pied et la monture de votre Stelescope 130 (ou t\u00e9lescope similaire) en toute s\u00e9curit\u00e9.\" \/>\n<meta name=\"robots\" content=\"index, follow, max-snippet:-1, max-image-preview:large, max-video-preview:-1\" \/>\n<link rel=\"canonical\" href=\"https:\/\/www.stelvision.com\/astro\/boutique\/sac-de-transport-pour-trepied-et-monture-de-telescope-stelescope-130-ou-equivalent\/\" \/>\n<meta property=\"og:locale\" content=\"fr_FR\" \/>\n<meta property=\"og:type\" content=\"article\" \/>\n<meta property=\"og:title\" content=\"[-30%] Sac de transport pour tr\u00e9pied et monture de STELESCOPE 130 (ou t\u00e9lescope similaire)\" \/>\n<meta property=\"og:description\" content=\"Ce sac rembourr\u00e9 est parfait pour transporter le tr\u00e9pied et la monture de votre Stelescope 130 (ou t\u00e9lescope similaire) en toute s\u00e9curit\u00e9.\" \/>\n<meta property=\"og:url\" content=\"https:\/\/www.stelvision.com\/astro\/boutique\/sac-de-transport-pour-trepied-et-monture-de-telescope-stelescope-130-ou-equivalent\/\" \/>\n<meta property=\"og:site_name\" content=\"Stelvision\" \/>\n<meta property=\"article:publisher\" content=\"https:\/\/www.facebook.com\/people\/Stelvision\/100063368192331\/\" \/>\n<meta property=\"article:modified_time\" content=\"2026-04-27T15:23:44+00:00\" \/>\n<meta property=\"og:image\" content=\"https:\/\/www.stelvision.com\/astro\/wp-content\/uploads\/2021\/03\/01_ST130m_MG_0211_carre.jpg\" \/>\n\t<meta property=\"og:image:width\" content=\"1024\" \/>\n\t<meta property=\"og:image:height\" content=\"1024\" \/>\n\t<meta property=\"og:image:type\" content=\"image\/jpeg\" \/>\n<meta name=\"twitter:card\" content=\"summary_large_image\" \/>\n<meta name=\"twitter:label1\" content=\"Dur\u00e9e de lecture estim\u00e9e\" \/>\n\t<meta name=\"twitter:data1\" content=\"1 minute\" \/>\n<script type=\"application\/ld+json\" class=\"yoast-schema-graph\">{\"@context\":\"https:\/\/schema.org\",\"@graph\":[{\"@type\":\"WebPage\",\"@id\":\"https:\/\/www.stelvision.com\/astro\/boutique\/sac-de-transport-pour-trepied-et-monture-de-telescope-stelescope-130-ou-equivalent\/\",\"url\":\"https:\/\/www.stelvision.com\/astro\/boutique\/sac-de-transport-pour-trepied-et-monture-de-telescope-stelescope-130-ou-equivalent\/\",\"name\":\"[-30%] Sac de transport pour tr\u00e9pied et monture de STELESCOPE 130 (ou t\u00e9lescope similaire)\",\"isPartOf\":{\"@id\":\"https:\/\/www.stelvision.com\/astro\/#website\"},\"primaryImageOfPage\":{\"@id\":\"https:\/\/www.stelvision.com\/astro\/boutique\/sac-de-transport-pour-trepied-et-monture-de-telescope-stelescope-130-ou-equivalent\/#primaryimage\"},\"image\":{\"@id\":\"https:\/\/www.stelvision.com\/astro\/boutique\/sac-de-transport-pour-trepied-et-monture-de-telescope-stelescope-130-ou-equivalent\/#primaryimage\"},\"thumbnailUrl\":\"https:\/\/www.stelvision.com\/astro\/wp-content\/uploads\/2021\/03\/01_ST130m_MG_0211_carre.jpg\",\"datePublished\":\"2021-03-10T16:25:30+00:00\",\"dateModified\":\"2026-04-27T15:23:44+00:00\",\"description\":\"Ce sac rembourr\u00e9 est parfait pour transporter le tr\u00e9pied et la monture de votre Stelescope 130 (ou t\u00e9lescope similaire) en toute s\u00e9curit\u00e9.\",\"breadcrumb\":{\"@id\":\"https:\/\/www.stelvision.com\/astro\/boutique\/sac-de-transport-pour-trepied-et-monture-de-telescope-stelescope-130-ou-equivalent\/#breadcrumb\"},\"inLanguage\":\"fr-FR\",\"potentialAction\":[{\"@type\":\"ReadAction\",\"target\":[\"https:\/\/www.stelvision.com\/astro\/boutique\/sac-de-transport-pour-trepied-et-monture-de-telescope-stelescope-130-ou-equivalent\/\"]}]},{\"@type\":\"ImageObject\",\"inLanguage\":\"fr-FR\",\"@id\":\"https:\/\/www.stelvision.com\/astro\/boutique\/sac-de-transport-pour-trepied-et-monture-de-telescope-stelescope-130-ou-equivalent\/#primaryimage\",\"url\":\"https:\/\/www.stelvision.com\/astro\/wp-content\/uploads\/2021\/03\/01_ST130m_MG_0211_carre.jpg\",\"contentUrl\":\"https:\/\/www.stelvision.com\/astro\/wp-content\/uploads\/2021\/03\/01_ST130m_MG_0211_carre.jpg\",\"width\":1024,\"height\":1024},{\"@type\":\"BreadcrumbList\",\"@id\":\"https:\/\/www.stelvision.com\/astro\/boutique\/sac-de-transport-pour-trepied-et-monture-de-telescope-stelescope-130-ou-equivalent\/#breadcrumb\",\"itemListElement\":[{\"@type\":\"ListItem\",\"position\":1,\"name\":\"Accueil\",\"item\":\"https:\/\/www.stelvision.com\/astro\/\"},{\"@type\":\"ListItem\",\"position\":2,\"name\":\"La Boutique Stelvision\",\"item\":\"https:\/\/www.stelvision.com\/astro\/boutique\/\"},{\"@type\":\"ListItem\",\"position\":3,\"name\":\"[-30%] Sac de transport pour tr\u00e9pied et monture de STELESCOPE 130 (ou t\u00e9lescope similaire)\"}]},{\"@type\":\"WebSite\",\"@id\":\"https:\/\/www.stelvision.com\/astro\/#website\",\"url\":\"https:\/\/www.stelvision.com\/astro\/\",\"name\":\"Stelvision\",\"description\":\"conseils, livres et mat\u00e9riel d&#039;observation du ciel\",\"publisher\":{\"@id\":\"https:\/\/www.stelvision.com\/astro\/#organization\"},\"potentialAction\":[{\"@type\":\"SearchAction\",\"target\":{\"@type\":\"EntryPoint\",\"urlTemplate\":\"https:\/\/www.stelvision.com\/astro\/?s={search_term_string}\"},\"query-input\":{\"@type\":\"PropertyValueSpecification\",\"valueRequired\":true,\"valueName\":\"search_term_string\"}}],\"inLanguage\":\"fr-FR\"},{\"@type\":\"Organization\",\"@id\":\"https:\/\/www.stelvision.com\/astro\/#organization\",\"name\":\"Stelvision\",\"url\":\"https:\/\/www.stelvision.com\/astro\/\",\"logo\":{\"@type\":\"ImageObject\",\"inLanguage\":\"fr-FR\",\"@id\":\"https:\/\/www.stelvision.com\/astro\/#\/schema\/logo\/image\/\",\"url\":\"https:\/\/www.stelvision.com\/astro\/wp-content\/uploads\/2019\/03\/logo_lisse_bleu_Stelvision_600.png\",\"contentUrl\":\"https:\/\/www.stelvision.com\/astro\/wp-content\/uploads\/2019\/03\/logo_lisse_bleu_Stelvision_600.png\",\"width\":600,\"height\":277,\"caption\":\"Stelvision\"},\"image\":{\"@id\":\"https:\/\/www.stelvision.com\/astro\/#\/schema\/logo\/image\/\"},\"sameAs\":[\"https:\/\/www.facebook.com\/people\/Stelvision\/100063368192331\/\"]}]}<\/script>\n<!-- \/ Yoast SEO plugin. -->","yoast_head_json":{"title":"[-30%] Sac de transport pour tr\u00e9pied et monture de STELESCOPE 130 (ou t\u00e9lescope similaire)","description":"Ce sac rembourr\u00e9 est parfait pour transporter le tr\u00e9pied et la monture de votre Stelescope 130 (ou t\u00e9lescope similaire) en toute s\u00e9curit\u00e9.","robots":{"index":"index","follow":"follow","max-snippet":"max-snippet:-1","max-image-preview":"max-image-preview:large","max-video-preview":"max-video-preview:-1"},"canonical":"https:\/\/www.stelvision.com\/astro\/boutique\/sac-de-transport-pour-trepied-et-monture-de-telescope-stelescope-130-ou-equivalent\/","og_locale":"fr_FR","og_type":"article","og_title":"[-30%] Sac de transport pour tr\u00e9pied et monture de STELESCOPE 130 (ou t\u00e9lescope similaire)","og_description":"Ce sac rembourr\u00e9 est parfait pour transporter le tr\u00e9pied et la monture de votre Stelescope 130 (ou t\u00e9lescope similaire) en toute s\u00e9curit\u00e9.","og_url":"https:\/\/www.stelvision.com\/astro\/boutique\/sac-de-transport-pour-trepied-et-monture-de-telescope-stelescope-130-ou-equivalent\/","og_site_name":"Stelvision","article_publisher":"https:\/\/www.facebook.com\/people\/Stelvision\/100063368192331\/","article_modified_time":"2026-04-27T15:23:44+00:00","og_image":[{"width":1024,"height":1024,"url":"https:\/\/www.stelvision.com\/astro\/wp-content\/uploads\/2021\/03\/01_ST130m_MG_0211_carre.jpg","type":"image\/jpeg"}],"twitter_card":"summary_large_image","twitter_misc":{"Dur\u00e9e de lecture estim\u00e9e":"1 minute"},"schema":{"@context":"https:\/\/schema.org","@graph":[{"@type":"WebPage","@id":"https:\/\/www.stelvision.com\/astro\/boutique\/sac-de-transport-pour-trepied-et-monture-de-telescope-stelescope-130-ou-equivalent\/","url":"https:\/\/www.stelvision.com\/astro\/boutique\/sac-de-transport-pour-trepied-et-monture-de-telescope-stelescope-130-ou-equivalent\/","name":"[-30%] Sac de transport pour tr\u00e9pied et monture de STELESCOPE 130 (ou t\u00e9lescope similaire)","isPartOf":{"@id":"https:\/\/www.stelvision.com\/astro\/#website"},"primaryImageOfPage":{"@id":"https:\/\/www.stelvision.com\/astro\/boutique\/sac-de-transport-pour-trepied-et-monture-de-telescope-stelescope-130-ou-equivalent\/#primaryimage"},"image":{"@id":"https:\/\/www.stelvision.com\/astro\/boutique\/sac-de-transport-pour-trepied-et-monture-de-telescope-stelescope-130-ou-equivalent\/#primaryimage"},"thumbnailUrl":"https:\/\/www.stelvision.com\/astro\/wp-content\/uploads\/2021\/03\/01_ST130m_MG_0211_carre.jpg","datePublished":"2021-03-10T16:25:30+00:00","dateModified":"2026-04-27T15:23:44+00:00","description":"Ce sac rembourr\u00e9 est parfait pour transporter le tr\u00e9pied et la monture de votre Stelescope 130 (ou t\u00e9lescope similaire) en toute s\u00e9curit\u00e9.","breadcrumb":{"@id":"https:\/\/www.stelvision.com\/astro\/boutique\/sac-de-transport-pour-trepied-et-monture-de-telescope-stelescope-130-ou-equivalent\/#breadcrumb"},"inLanguage":"fr-FR","potentialAction":[{"@type":"ReadAction","target":["https:\/\/www.stelvision.com\/astro\/boutique\/sac-de-transport-pour-trepied-et-monture-de-telescope-stelescope-130-ou-equivalent\/"]}]},{"@type":"ImageObject","inLanguage":"fr-FR","@id":"https:\/\/www.stelvision.com\/astro\/boutique\/sac-de-transport-pour-trepied-et-monture-de-telescope-stelescope-130-ou-equivalent\/#primaryimage","url":"https:\/\/www.stelvision.com\/astro\/wp-content\/uploads\/2021\/03\/01_ST130m_MG_0211_carre.jpg","contentUrl":"https:\/\/www.stelvision.com\/astro\/wp-content\/uploads\/2021\/03\/01_ST130m_MG_0211_carre.jpg","width":1024,"height":1024},{"@type":"BreadcrumbList","@id":"https:\/\/www.stelvision.com\/astro\/boutique\/sac-de-transport-pour-trepied-et-monture-de-telescope-stelescope-130-ou-equivalent\/#breadcrumb","itemListElement":[{"@type":"ListItem","position":1,"name":"Accueil","item":"https:\/\/www.stelvision.com\/astro\/"},{"@type":"ListItem","position":2,"name":"La Boutique Stelvision","item":"https:\/\/www.stelvision.com\/astro\/boutique\/"},{"@type":"ListItem","position":3,"name":"[-30%] Sac de transport pour tr\u00e9pied et monture de STELESCOPE 130 (ou t\u00e9lescope similaire)"}]},{"@type":"WebSite","@id":"https:\/\/www.stelvision.com\/astro\/#website","url":"https:\/\/www.stelvision.com\/astro\/","name":"Stelvision","description":"conseils, livres et mat\u00e9riel d&#039;observation du ciel","publisher":{"@id":"https:\/\/www.stelvision.com\/astro\/#organization"},"potentialAction":[{"@type":"SearchAction","target":{"@type":"EntryPoint","urlTemplate":"https:\/\/www.stelvision.com\/astro\/?s={search_term_string}"},"query-input":{"@type":"PropertyValueSpecification","valueRequired":true,"valueName":"search_term_string"}}],"inLanguage":"fr-FR"},{"@type":"Organization","@id":"https:\/\/www.stelvision.com\/astro\/#organization","name":"Stelvision","url":"https:\/\/www.stelvision.com\/astro\/","logo":{"@type":"ImageObject","inLanguage":"fr-FR","@id":"https:\/\/www.stelvision.com\/astro\/#\/schema\/logo\/image\/","url":"https:\/\/www.stelvision.com\/astro\/wp-content\/uploads\/2019\/03\/logo_lisse_bleu_Stelvision_600.png","contentUrl":"https:\/\/www.stelvision.com\/astro\/wp-content\/uploads\/2019\/03\/logo_lisse_bleu_Stelvision_600.png","width":600,"height":277,"caption":"Stelvision"},"image":{"@id":"https:\/\/www.stelvision.com\/astro\/#\/schema\/logo\/image\/"},"sameAs":["https:\/\/www.facebook.com\/people\/Stelvision\/100063368192331\/"]}]}},"_links":{"self":[{"href":"https:\/\/www.stelvision.com\/astro\/wp-json\/wp\/v2\/product\/32421","targetHints":{"allow":["GET"]}}],"collection":[{"href":"https:\/\/www.stelvision.com\/astro\/wp-json\/wp\/v2\/product"}],"about":[{"href":"https:\/\/www.stelvision.com\/astro\/wp-json\/wp\/v2\/types\/product"}],"wp:featuredmedia":[{"embeddable":true,"href":"https:\/\/www.stelvision.com\/astro\/wp-json\/wp\/v2\/media\/32707"}],"wp:attachment":[{"href":"https:\/\/www.stelvision.com\/astro\/wp-json\/wp\/v2\/media?parent=32421"}],"wp:term":[{"taxonomy":"product_brand","embeddable":true,"href":"https:\/\/www.stelvision.com\/astro\/wp-json\/wp\/v2\/product_brand?post=32421"},{"taxonomy":"product_cat","embeddable":true,"href":"https:\/\/www.stelvision.com\/astro\/wp-json\/wp\/v2\/product_cat?post=32421"},{"taxonomy":"product_tag","embeddable":true,"href":"https:\/\/www.stelvision.com\/astro\/wp-json\/wp\/v2\/product_tag?post=32421"}],"curies":[{"name":"wp","href":"https:\/\/api.w.org\/{rel}","templated":true}]}}