{"id":45795,"date":"2022-07-08T12:05:32","date_gmt":"2022-07-08T10:05:32","guid":{"rendered":"https:\/\/www.stelvision.com\/astro\/?post_type=product&#038;p=45795"},"modified":"2025-10-06T09:37:13","modified_gmt":"2025-10-06T07:37:13","slug":"ensemble-stelescope-70-adaptateur-photo-smartphone-stelvision-365-le-ciel-au-telescope","status":"publish","type":"product","link":"https:\/\/www.stelvision.com\/astro\/boutique\/ensemble-stelescope-70-adaptateur-photo-smartphone-stelvision-365-le-ciel-au-telescope\/","title":{"rendered":"Pack STELESCOPE 70 + adaptateur smartphone + carte Stelvision 365 + guide Le Ciel au t\u00e9lescope + lampe StelFlash"},"content":{"rendered":"<p>Ce pack comprend :<\/p>\n<ul>\n<li>la lunette astronomique <a href=\"https:\/\/www.stelvision.com\/astro\/boutique\/stelescope-70\/\">STELESCOPE 70<\/a><\/li>\n<li>un <a href=\"https:\/\/www.stelvision.com\/astro\/boutique\/adaptateur-photo-smartphone\/\">adaptateur photo smartphone<\/a> qui permet de fixer votre t\u00e9l\u00e9phone sur la lunette pour prendre en photo ce que vous voyez dedans<\/li>\n<li>la carte du ciel <a href=\"https:\/\/www.stelvision.com\/astro\/boutique\/carte-guide-du-ciel-stelvision-365\/\">Stelvision 365<\/a> pour rep\u00e9rer les \u00e9toiles et plan\u00e8tes \u00e0 tout moment de l\u2019ann\u00e9e<\/li>\n<li>le livre <a href=\"https:\/\/www.stelvision.com\/astro\/boutique\/le-ciel-au-telescope\/\">Le Ciel au t\u00e9lescope<\/a> qui vous guide dans votre d\u00e9couverte du ciel<\/li>\n<li>une lampe de poche extra-plate <a href=\"https:\/\/www.stelvision.com\/astro\/boutique\/lampe-extra-plate-stelflash-a-eclairage-rouge\/\">StelFlash<\/a> \u00e0 \u00e9clairage rouge pour \u00e9clairer votre carte et votre livre sans vous \u00e9blouir la nuit<\/li>\n<\/ul>\n<p>Profitez au mieux de votre lunette astronomique ! L&rsquo;achat de ce pack vous permet de b\u00e9n\u00e9ficier d&rsquo;un prix pr\u00e9f\u00e9rentiel par rapport au prix des \u00e9l\u00e9ments achet\u00e9s s\u00e9par\u00e9ment.<\/p>\n","protected":false},"excerpt":{"rendered":"<div id=\"offre-nuits-ete\"><\/div>\n<p>Votre Stelescope 70 avec un <a href=\"https:\/\/www.stelvision.com\/astro\/boutique\/adaptateur-photo-smartphone\/\">adaptateur photo smartphone<\/a>, la carte du ciel <a href=\"https:\/\/www.stelvision.com\/astro\/boutique\/carte-guide-du-ciel-stelvision-365\/\">Stelvision 365<\/a>, le livre <a href=\"https:\/\/www.stelvision.com\/astro\/boutique\/le-ciel-au-telescope\/\">Le Ciel au t\u00e9lescope<\/a> pour rep\u00e9rer et appr\u00e9cier les merveilles du ciel, et une lampe de poche extra-plate <a href=\"https:\/\/www.stelvision.com\/astro\/boutique\/lampe-extra-plate-stelflash-a-eclairage-rouge\/\">StelFlash<\/a> \u00e0 \u00e9clairage rouge !<\/p>\n","protected":false},"featured_media":45872,"template":"","meta":{"_acf_changed":false},"product_brand":[],"product_cat":[127],"product_tag":[],"class_list":{"0":"post-45795","1":"product","2":"type-product","3":"status-publish","4":"has-post-thumbnail","6":"product_cat-telescopes-lunettes","8":"first","9":"outofstock","10":"sale","11":"taxable","12":"shipping-taxable","13":"purchasable","14":"product-type-simple"},"acf":[],"yoast_head":"<!-- This site is optimized with the Yoast SEO plugin v27.1.1 - https:\/\/yoast.com\/product\/yoast-seo-wordpress\/ -->\n<title>Pack STELESCOPE 70 + adaptateur smartphone + carte Stelvision 365 + guide Le Ciel au t\u00e9lescope + lampe StelFlash<\/title>\n<meta name=\"description\" content=\"Votre Stelescope 70 avec un adaptateur photo smartphone, la carte du ciel Stelvision 365, le livre Le Ciel au t\u00e9lescope pour rep\u00e9rer et appr\u00e9cier les merveilles du ciel, et une lampe de poche extra-plate StelFlash \u00e0 \u00e9clairage rouge !\" \/>\n<meta name=\"robots\" content=\"index, follow, max-snippet:-1, max-image-preview:large, max-video-preview:-1\" \/>\n<link rel=\"canonical\" href=\"https:\/\/www.stelvision.com\/astro\/boutique\/ensemble-stelescope-70-adaptateur-photo-smartphone-stelvision-365-le-ciel-au-telescope\/\" \/>\n<meta property=\"og:locale\" content=\"fr_FR\" \/>\n<meta property=\"og:type\" content=\"article\" \/>\n<meta property=\"og:title\" content=\"Offre sp\u00e9ciale Nuits d\u2019\u00e9t\u00e9 sur Pack Stelescope 70\" \/>\n<meta property=\"og:description\" content=\"Lunette astronomique + adaptateur smartphone + carte du ciel + guide d\u2019observation + lampe rouge \u00e0 prix sp\u00e9cial\" \/>\n<meta property=\"og:url\" content=\"https:\/\/www.stelvision.com\/astro\/boutique\/ensemble-stelescope-70-adaptateur-photo-smartphone-stelvision-365-le-ciel-au-telescope\/\" \/>\n<meta property=\"og:site_name\" content=\"Stelvision\" \/>\n<meta property=\"article:publisher\" content=\"https:\/\/www.facebook.com\/people\/Stelvision\/100063368192331\/\" \/>\n<meta property=\"article:modified_time\" content=\"2025-10-06T07:37:13+00:00\" \/>\n<meta property=\"og:image\" content=\"https:\/\/www.stelvision.com\/astro\/wp-content\/uploads\/2022\/07\/pack_nuits_ete_FB_TWv4.jpg\" \/>\n\t<meta property=\"og:image:width\" content=\"1024\" \/>\n\t<meta property=\"og:image:height\" content=\"536\" \/>\n\t<meta property=\"og:image:type\" content=\"image\/jpeg\" \/>\n<meta name=\"twitter:card\" content=\"summary_large_image\" \/>\n<meta name=\"twitter:label1\" content=\"Dur\u00e9e de lecture estim\u00e9e\" \/>\n\t<meta name=\"twitter:data1\" content=\"1 minute\" \/>\n<script type=\"application\/ld+json\" class=\"yoast-schema-graph\">{\"@context\":\"https:\/\/schema.org\",\"@graph\":[{\"@type\":\"WebPage\",\"@id\":\"https:\/\/www.stelvision.com\/astro\/boutique\/ensemble-stelescope-70-adaptateur-photo-smartphone-stelvision-365-le-ciel-au-telescope\/\",\"url\":\"https:\/\/www.stelvision.com\/astro\/boutique\/ensemble-stelescope-70-adaptateur-photo-smartphone-stelvision-365-le-ciel-au-telescope\/\",\"name\":\"Pack STELESCOPE 70 + adaptateur smartphone + carte Stelvision 365 + guide Le Ciel au t\u00e9lescope + lampe StelFlash\",\"isPartOf\":{\"@id\":\"https:\/\/www.stelvision.com\/astro\/#website\"},\"primaryImageOfPage\":{\"@id\":\"https:\/\/www.stelvision.com\/astro\/boutique\/ensemble-stelescope-70-adaptateur-photo-smartphone-stelvision-365-le-ciel-au-telescope\/#primaryimage\"},\"image\":{\"@id\":\"https:\/\/www.stelvision.com\/astro\/boutique\/ensemble-stelescope-70-adaptateur-photo-smartphone-stelvision-365-le-ciel-au-telescope\/#primaryimage\"},\"thumbnailUrl\":\"https:\/\/www.stelvision.com\/astro\/wp-content\/uploads\/2022\/07\/ensemble-ST70-adaptateur-smartphone-carte-du-ciel-livre-lampe.jpg\",\"datePublished\":\"2022-07-08T10:05:32+00:00\",\"dateModified\":\"2025-10-06T07:37:13+00:00\",\"description\":\"Votre Stelescope 70 avec un adaptateur photo smartphone, la carte du ciel Stelvision 365, le livre Le Ciel au t\u00e9lescope pour rep\u00e9rer et appr\u00e9cier les merveilles du ciel, et une lampe de poche extra-plate StelFlash \u00e0 \u00e9clairage rouge !\",\"breadcrumb\":{\"@id\":\"https:\/\/www.stelvision.com\/astro\/boutique\/ensemble-stelescope-70-adaptateur-photo-smartphone-stelvision-365-le-ciel-au-telescope\/#breadcrumb\"},\"inLanguage\":\"fr-FR\",\"potentialAction\":[{\"@type\":\"ReadAction\",\"target\":[\"https:\/\/www.stelvision.com\/astro\/boutique\/ensemble-stelescope-70-adaptateur-photo-smartphone-stelvision-365-le-ciel-au-telescope\/\"]}]},{\"@type\":\"ImageObject\",\"inLanguage\":\"fr-FR\",\"@id\":\"https:\/\/www.stelvision.com\/astro\/boutique\/ensemble-stelescope-70-adaptateur-photo-smartphone-stelvision-365-le-ciel-au-telescope\/#primaryimage\",\"url\":\"https:\/\/www.stelvision.com\/astro\/wp-content\/uploads\/2022\/07\/ensemble-ST70-adaptateur-smartphone-carte-du-ciel-livre-lampe.jpg\",\"contentUrl\":\"https:\/\/www.stelvision.com\/astro\/wp-content\/uploads\/2022\/07\/ensemble-ST70-adaptateur-smartphone-carte-du-ciel-livre-lampe.jpg\",\"width\":1024,\"height\":1024,\"caption\":\"photo ensemble Stelescope 70 avec adaptateur smartphone et carte du ciel Stelvision 365 et guide Le Ciel au t\u00e9lescope et lampe StelFlash\"},{\"@type\":\"BreadcrumbList\",\"@id\":\"https:\/\/www.stelvision.com\/astro\/boutique\/ensemble-stelescope-70-adaptateur-photo-smartphone-stelvision-365-le-ciel-au-telescope\/#breadcrumb\",\"itemListElement\":[{\"@type\":\"ListItem\",\"position\":1,\"name\":\"Accueil\",\"item\":\"https:\/\/www.stelvision.com\/astro\/\"},{\"@type\":\"ListItem\",\"position\":2,\"name\":\"La Boutique Stelvision\",\"item\":\"https:\/\/www.stelvision.com\/astro\/boutique\/\"},{\"@type\":\"ListItem\",\"position\":3,\"name\":\"Pack STELESCOPE 70 + adaptateur smartphone + carte Stelvision 365 + guide Le Ciel au t\u00e9lescope + lampe StelFlash\"}]},{\"@type\":\"WebSite\",\"@id\":\"https:\/\/www.stelvision.com\/astro\/#website\",\"url\":\"https:\/\/www.stelvision.com\/astro\/\",\"name\":\"Stelvision\",\"description\":\"conseils, livres et mat\u00e9riel d&#039;observation du ciel\",\"publisher\":{\"@id\":\"https:\/\/www.stelvision.com\/astro\/#organization\"},\"potentialAction\":[{\"@type\":\"SearchAction\",\"target\":{\"@type\":\"EntryPoint\",\"urlTemplate\":\"https:\/\/www.stelvision.com\/astro\/?s={search_term_string}\"},\"query-input\":{\"@type\":\"PropertyValueSpecification\",\"valueRequired\":true,\"valueName\":\"search_term_string\"}}],\"inLanguage\":\"fr-FR\"},{\"@type\":\"Organization\",\"@id\":\"https:\/\/www.stelvision.com\/astro\/#organization\",\"name\":\"Stelvision\",\"url\":\"https:\/\/www.stelvision.com\/astro\/\",\"logo\":{\"@type\":\"ImageObject\",\"inLanguage\":\"fr-FR\",\"@id\":\"https:\/\/www.stelvision.com\/astro\/#\/schema\/logo\/image\/\",\"url\":\"https:\/\/www.stelvision.com\/astro\/wp-content\/uploads\/2019\/03\/logo_lisse_bleu_Stelvision_600.png\",\"contentUrl\":\"https:\/\/www.stelvision.com\/astro\/wp-content\/uploads\/2019\/03\/logo_lisse_bleu_Stelvision_600.png\",\"width\":600,\"height\":277,\"caption\":\"Stelvision\"},\"image\":{\"@id\":\"https:\/\/www.stelvision.com\/astro\/#\/schema\/logo\/image\/\"},\"sameAs\":[\"https:\/\/www.facebook.com\/people\/Stelvision\/100063368192331\/\"]}]}<\/script>\n<!-- \/ Yoast SEO plugin. -->","yoast_head_json":{"title":"Pack STELESCOPE 70 + adaptateur smartphone + carte Stelvision 365 + guide Le Ciel au t\u00e9lescope + lampe StelFlash","description":"Votre Stelescope 70 avec un adaptateur photo smartphone, la carte du ciel Stelvision 365, le livre Le Ciel au t\u00e9lescope pour rep\u00e9rer et appr\u00e9cier les merveilles du ciel, et une lampe de poche extra-plate StelFlash \u00e0 \u00e9clairage rouge !","robots":{"index":"index","follow":"follow","max-snippet":"max-snippet:-1","max-image-preview":"max-image-preview:large","max-video-preview":"max-video-preview:-1"},"canonical":"https:\/\/www.stelvision.com\/astro\/boutique\/ensemble-stelescope-70-adaptateur-photo-smartphone-stelvision-365-le-ciel-au-telescope\/","og_locale":"fr_FR","og_type":"article","og_title":"Offre sp\u00e9ciale Nuits d\u2019\u00e9t\u00e9 sur Pack Stelescope 70","og_description":"Lunette astronomique + adaptateur smartphone + carte du ciel + guide d\u2019observation + lampe rouge \u00e0 prix sp\u00e9cial","og_url":"https:\/\/www.stelvision.com\/astro\/boutique\/ensemble-stelescope-70-adaptateur-photo-smartphone-stelvision-365-le-ciel-au-telescope\/","og_site_name":"Stelvision","article_publisher":"https:\/\/www.facebook.com\/people\/Stelvision\/100063368192331\/","article_modified_time":"2025-10-06T07:37:13+00:00","og_image":[{"width":1024,"height":536,"url":"https:\/\/www.stelvision.com\/astro\/wp-content\/uploads\/2022\/07\/pack_nuits_ete_FB_TWv4.jpg","type":"image\/jpeg"}],"twitter_card":"summary_large_image","twitter_misc":{"Dur\u00e9e de lecture estim\u00e9e":"1 minute"},"schema":{"@context":"https:\/\/schema.org","@graph":[{"@type":"WebPage","@id":"https:\/\/www.stelvision.com\/astro\/boutique\/ensemble-stelescope-70-adaptateur-photo-smartphone-stelvision-365-le-ciel-au-telescope\/","url":"https:\/\/www.stelvision.com\/astro\/boutique\/ensemble-stelescope-70-adaptateur-photo-smartphone-stelvision-365-le-ciel-au-telescope\/","name":"Pack STELESCOPE 70 + adaptateur smartphone + carte Stelvision 365 + guide Le Ciel au t\u00e9lescope + lampe StelFlash","isPartOf":{"@id":"https:\/\/www.stelvision.com\/astro\/#website"},"primaryImageOfPage":{"@id":"https:\/\/www.stelvision.com\/astro\/boutique\/ensemble-stelescope-70-adaptateur-photo-smartphone-stelvision-365-le-ciel-au-telescope\/#primaryimage"},"image":{"@id":"https:\/\/www.stelvision.com\/astro\/boutique\/ensemble-stelescope-70-adaptateur-photo-smartphone-stelvision-365-le-ciel-au-telescope\/#primaryimage"},"thumbnailUrl":"https:\/\/www.stelvision.com\/astro\/wp-content\/uploads\/2022\/07\/ensemble-ST70-adaptateur-smartphone-carte-du-ciel-livre-lampe.jpg","datePublished":"2022-07-08T10:05:32+00:00","dateModified":"2025-10-06T07:37:13+00:00","description":"Votre Stelescope 70 avec un adaptateur photo smartphone, la carte du ciel Stelvision 365, le livre Le Ciel au t\u00e9lescope pour rep\u00e9rer et appr\u00e9cier les merveilles du ciel, et une lampe de poche extra-plate StelFlash \u00e0 \u00e9clairage rouge !","breadcrumb":{"@id":"https:\/\/www.stelvision.com\/astro\/boutique\/ensemble-stelescope-70-adaptateur-photo-smartphone-stelvision-365-le-ciel-au-telescope\/#breadcrumb"},"inLanguage":"fr-FR","potentialAction":[{"@type":"ReadAction","target":["https:\/\/www.stelvision.com\/astro\/boutique\/ensemble-stelescope-70-adaptateur-photo-smartphone-stelvision-365-le-ciel-au-telescope\/"]}]},{"@type":"ImageObject","inLanguage":"fr-FR","@id":"https:\/\/www.stelvision.com\/astro\/boutique\/ensemble-stelescope-70-adaptateur-photo-smartphone-stelvision-365-le-ciel-au-telescope\/#primaryimage","url":"https:\/\/www.stelvision.com\/astro\/wp-content\/uploads\/2022\/07\/ensemble-ST70-adaptateur-smartphone-carte-du-ciel-livre-lampe.jpg","contentUrl":"https:\/\/www.stelvision.com\/astro\/wp-content\/uploads\/2022\/07\/ensemble-ST70-adaptateur-smartphone-carte-du-ciel-livre-lampe.jpg","width":1024,"height":1024,"caption":"photo ensemble Stelescope 70 avec adaptateur smartphone et carte du ciel Stelvision 365 et guide Le Ciel au t\u00e9lescope et lampe StelFlash"},{"@type":"BreadcrumbList","@id":"https:\/\/www.stelvision.com\/astro\/boutique\/ensemble-stelescope-70-adaptateur-photo-smartphone-stelvision-365-le-ciel-au-telescope\/#breadcrumb","itemListElement":[{"@type":"ListItem","position":1,"name":"Accueil","item":"https:\/\/www.stelvision.com\/astro\/"},{"@type":"ListItem","position":2,"name":"La Boutique Stelvision","item":"https:\/\/www.stelvision.com\/astro\/boutique\/"},{"@type":"ListItem","position":3,"name":"Pack STELESCOPE 70 + adaptateur smartphone + carte Stelvision 365 + guide Le Ciel au t\u00e9lescope + lampe StelFlash"}]},{"@type":"WebSite","@id":"https:\/\/www.stelvision.com\/astro\/#website","url":"https:\/\/www.stelvision.com\/astro\/","name":"Stelvision","description":"conseils, livres et mat\u00e9riel d&#039;observation du ciel","publisher":{"@id":"https:\/\/www.stelvision.com\/astro\/#organization"},"potentialAction":[{"@type":"SearchAction","target":{"@type":"EntryPoint","urlTemplate":"https:\/\/www.stelvision.com\/astro\/?s={search_term_string}"},"query-input":{"@type":"PropertyValueSpecification","valueRequired":true,"valueName":"search_term_string"}}],"inLanguage":"fr-FR"},{"@type":"Organization","@id":"https:\/\/www.stelvision.com\/astro\/#organization","name":"Stelvision","url":"https:\/\/www.stelvision.com\/astro\/","logo":{"@type":"ImageObject","inLanguage":"fr-FR","@id":"https:\/\/www.stelvision.com\/astro\/#\/schema\/logo\/image\/","url":"https:\/\/www.stelvision.com\/astro\/wp-content\/uploads\/2019\/03\/logo_lisse_bleu_Stelvision_600.png","contentUrl":"https:\/\/www.stelvision.com\/astro\/wp-content\/uploads\/2019\/03\/logo_lisse_bleu_Stelvision_600.png","width":600,"height":277,"caption":"Stelvision"},"image":{"@id":"https:\/\/www.stelvision.com\/astro\/#\/schema\/logo\/image\/"},"sameAs":["https:\/\/www.facebook.com\/people\/Stelvision\/100063368192331\/"]}]}},"_links":{"self":[{"href":"https:\/\/www.stelvision.com\/astro\/wp-json\/wp\/v2\/product\/45795","targetHints":{"allow":["GET"]}}],"collection":[{"href":"https:\/\/www.stelvision.com\/astro\/wp-json\/wp\/v2\/product"}],"about":[{"href":"https:\/\/www.stelvision.com\/astro\/wp-json\/wp\/v2\/types\/product"}],"wp:featuredmedia":[{"embeddable":true,"href":"https:\/\/www.stelvision.com\/astro\/wp-json\/wp\/v2\/media\/45872"}],"wp:attachment":[{"href":"https:\/\/www.stelvision.com\/astro\/wp-json\/wp\/v2\/media?parent=45795"}],"wp:term":[{"taxonomy":"product_brand","embeddable":true,"href":"https:\/\/www.stelvision.com\/astro\/wp-json\/wp\/v2\/product_brand?post=45795"},{"taxonomy":"product_cat","embeddable":true,"href":"https:\/\/www.stelvision.com\/astro\/wp-json\/wp\/v2\/product_cat?post=45795"},{"taxonomy":"product_tag","embeddable":true,"href":"https:\/\/www.stelvision.com\/astro\/wp-json\/wp\/v2\/product_tag?post=45795"}],"curies":[{"name":"wp","href":"https:\/\/api.w.org\/{rel}","templated":true}]}}