{"id":74484,"date":"2026-03-06T13:12:01","date_gmt":"2026-03-06T12:12:01","guid":{"rendered":"https:\/\/www.stelvision.com\/astro\/?post_type=product&#038;p=74484"},"modified":"2026-03-06T17:16:20","modified_gmt":"2026-03-06T16:16:20","slug":"pack-maksygo-60-carte-stelvision-365","status":"publish","type":"product","link":"https:\/\/www.stelvision.com\/astro\/boutique\/pack-maksygo-60-carte-stelvision-365\/","title":{"rendered":"Pack MaksyGo 60 + carte Stelvision 365"},"content":{"rendered":"<p>Ce pack comprend:<\/p>\n<ul>\n<li>le t\u00e9lescope mini-Dobson <a href=\"https:\/\/www.stelvision.com\/astro\/boutique\/telescope-maksygo-60\/\">MaksyGo 60,<\/a><\/li>\n<li>la carte du ciel tournante\u00a0<a href=\"https:\/\/www.stelvision.com\/astro\/boutique\/carte-guide-du-ciel-stelvision-365\/\">Stelvision 365<\/a> pour rep\u00e9rer les \u00e9toiles et plan\u00e8tes \u00e0 tout moment de l\u2019ann\u00e9e.<\/li>\n<\/ul>\n<p>Profitez au mieux de votre t\u00e9lescope ! L\u2019achat de ce pack vous permet de b\u00e9n\u00e9ficier d\u2019un prix pr\u00e9f\u00e9rentiel par rapport au prix des \u00e9l\u00e9ments achet\u00e9s s\u00e9par\u00e9ment.<\/p>\n","protected":false},"excerpt":{"rendered":"<p>Ce pack comprend: le t\u00e9lescope mini-Dobson MaksyGo 60, la carte du ciel tournante\u00a0Stelvision 365 pour rep\u00e9rer les \u00e9toiles et plan\u00e8tes \u00e0 tout moment de l\u2019ann\u00e9e. <a href=\"https:\/\/www.stelvision.com\/astro\/boutique\/pack-maksygo-60-carte-stelvision-365\/\" class=\"more-link\">&#8230;<span class=\"screen-reader-text\">  Pack MaksyGo 60 + carte Stelvision 365<\/span><\/a><\/p>\n","protected":false},"featured_media":74485,"template":"","meta":{"_acf_changed":false},"product_brand":[],"product_cat":[127],"product_tag":[],"class_list":{"0":"post-74484","1":"product","2":"type-product","3":"status-publish","4":"has-post-thumbnail","6":"product_cat-telescopes-lunettes","8":"first","9":"onbackorder","10":"sale","11":"taxable","12":"shipping-taxable","13":"purchasable","14":"product-type-simple"},"acf":[],"yoast_head":"<!-- This site is optimized with the Yoast SEO plugin v27.1.1 - https:\/\/yoast.com\/product\/yoast-seo-wordpress\/ -->\n<title>Pack MaksyGo 60 + carte Stelvision 365 : Stelvision<\/title>\n<meta name=\"robots\" content=\"index, follow, max-snippet:-1, max-image-preview:large, max-video-preview:-1\" \/>\n<link rel=\"canonical\" href=\"https:\/\/www.stelvision.com\/astro\/boutique\/pack-maksygo-60-carte-stelvision-365\/\" \/>\n<meta property=\"og:locale\" content=\"fr_FR\" \/>\n<meta property=\"og:type\" content=\"article\" \/>\n<meta property=\"og:title\" content=\"Pack MaksyGo 60 + carte Stelvision 365 : Stelvision\" \/>\n<meta property=\"og:description\" content=\"Ce pack comprend: le t\u00e9lescope mini-Dobson MaksyGo 60, la carte du ciel tournante\u00a0Stelvision 365 pour rep\u00e9rer les \u00e9toiles et plan\u00e8tes \u00e0 tout moment de l\u2019ann\u00e9e. ... Pack MaksyGo 60 + carte Stelvision 365\" \/>\n<meta property=\"og:url\" content=\"https:\/\/www.stelvision.com\/astro\/boutique\/pack-maksygo-60-carte-stelvision-365\/\" \/>\n<meta property=\"og:site_name\" content=\"Stelvision\" \/>\n<meta property=\"article:publisher\" content=\"https:\/\/www.facebook.com\/people\/Stelvision\/100063368192331\/\" \/>\n<meta property=\"article:modified_time\" content=\"2026-03-06T16:16:20+00:00\" \/>\n<meta property=\"og:image\" content=\"https:\/\/www.stelvision.com\/astro\/wp-content\/uploads\/2026\/03\/pack-Mak60-S365.webp\" \/>\n\t<meta property=\"og:image:width\" content=\"1200\" \/>\n\t<meta property=\"og:image:height\" content=\"1200\" \/>\n\t<meta property=\"og:image:type\" content=\"image\/webp\" \/>\n<meta name=\"twitter:card\" content=\"summary_large_image\" \/>\n<meta name=\"twitter:label1\" content=\"Dur\u00e9e de lecture estim\u00e9e\" \/>\n\t<meta name=\"twitter:data1\" content=\"1 minute\" \/>\n<script type=\"application\/ld+json\" class=\"yoast-schema-graph\">{\"@context\":\"https:\/\/schema.org\",\"@graph\":[{\"@type\":\"WebPage\",\"@id\":\"https:\/\/www.stelvision.com\/astro\/boutique\/pack-maksygo-60-carte-stelvision-365\/\",\"url\":\"https:\/\/www.stelvision.com\/astro\/boutique\/pack-maksygo-60-carte-stelvision-365\/\",\"name\":\"Pack MaksyGo 60 + carte Stelvision 365 : Stelvision\",\"isPartOf\":{\"@id\":\"https:\/\/www.stelvision.com\/astro\/#website\"},\"primaryImageOfPage\":{\"@id\":\"https:\/\/www.stelvision.com\/astro\/boutique\/pack-maksygo-60-carte-stelvision-365\/#primaryimage\"},\"image\":{\"@id\":\"https:\/\/www.stelvision.com\/astro\/boutique\/pack-maksygo-60-carte-stelvision-365\/#primaryimage\"},\"thumbnailUrl\":\"https:\/\/www.stelvision.com\/astro\/wp-content\/uploads\/2026\/03\/pack-Mak60-S365.webp\",\"datePublished\":\"2026-03-06T12:12:01+00:00\",\"dateModified\":\"2026-03-06T16:16:20+00:00\",\"breadcrumb\":{\"@id\":\"https:\/\/www.stelvision.com\/astro\/boutique\/pack-maksygo-60-carte-stelvision-365\/#breadcrumb\"},\"inLanguage\":\"fr-FR\",\"potentialAction\":[{\"@type\":\"ReadAction\",\"target\":[\"https:\/\/www.stelvision.com\/astro\/boutique\/pack-maksygo-60-carte-stelvision-365\/\"]}]},{\"@type\":\"ImageObject\",\"inLanguage\":\"fr-FR\",\"@id\":\"https:\/\/www.stelvision.com\/astro\/boutique\/pack-maksygo-60-carte-stelvision-365\/#primaryimage\",\"url\":\"https:\/\/www.stelvision.com\/astro\/wp-content\/uploads\/2026\/03\/pack-Mak60-S365.webp\",\"contentUrl\":\"https:\/\/www.stelvision.com\/astro\/wp-content\/uploads\/2026\/03\/pack-Mak60-S365.webp\",\"width\":1200,\"height\":1200,\"caption\":\"visuel Pack MaksyGo 60 + carte Stelvision 365\"},{\"@type\":\"BreadcrumbList\",\"@id\":\"https:\/\/www.stelvision.com\/astro\/boutique\/pack-maksygo-60-carte-stelvision-365\/#breadcrumb\",\"itemListElement\":[{\"@type\":\"ListItem\",\"position\":1,\"name\":\"Accueil\",\"item\":\"https:\/\/www.stelvision.com\/astro\/\"},{\"@type\":\"ListItem\",\"position\":2,\"name\":\"La Boutique Stelvision\",\"item\":\"https:\/\/www.stelvision.com\/astro\/boutique\/\"},{\"@type\":\"ListItem\",\"position\":3,\"name\":\"Pack MaksyGo 60 + carte Stelvision 365\"}]},{\"@type\":\"WebSite\",\"@id\":\"https:\/\/www.stelvision.com\/astro\/#website\",\"url\":\"https:\/\/www.stelvision.com\/astro\/\",\"name\":\"Stelvision\",\"description\":\"conseils, livres et mat\u00e9riel d&#039;observation du ciel\",\"publisher\":{\"@id\":\"https:\/\/www.stelvision.com\/astro\/#organization\"},\"potentialAction\":[{\"@type\":\"SearchAction\",\"target\":{\"@type\":\"EntryPoint\",\"urlTemplate\":\"https:\/\/www.stelvision.com\/astro\/?s={search_term_string}\"},\"query-input\":{\"@type\":\"PropertyValueSpecification\",\"valueRequired\":true,\"valueName\":\"search_term_string\"}}],\"inLanguage\":\"fr-FR\"},{\"@type\":\"Organization\",\"@id\":\"https:\/\/www.stelvision.com\/astro\/#organization\",\"name\":\"Stelvision\",\"url\":\"https:\/\/www.stelvision.com\/astro\/\",\"logo\":{\"@type\":\"ImageObject\",\"inLanguage\":\"fr-FR\",\"@id\":\"https:\/\/www.stelvision.com\/astro\/#\/schema\/logo\/image\/\",\"url\":\"https:\/\/www.stelvision.com\/astro\/wp-content\/uploads\/2019\/03\/logo_lisse_bleu_Stelvision_600.png\",\"contentUrl\":\"https:\/\/www.stelvision.com\/astro\/wp-content\/uploads\/2019\/03\/logo_lisse_bleu_Stelvision_600.png\",\"width\":600,\"height\":277,\"caption\":\"Stelvision\"},\"image\":{\"@id\":\"https:\/\/www.stelvision.com\/astro\/#\/schema\/logo\/image\/\"},\"sameAs\":[\"https:\/\/www.facebook.com\/people\/Stelvision\/100063368192331\/\"]}]}<\/script>\n<!-- \/ Yoast SEO plugin. -->","yoast_head_json":{"title":"Pack MaksyGo 60 + carte Stelvision 365 : Stelvision","robots":{"index":"index","follow":"follow","max-snippet":"max-snippet:-1","max-image-preview":"max-image-preview:large","max-video-preview":"max-video-preview:-1"},"canonical":"https:\/\/www.stelvision.com\/astro\/boutique\/pack-maksygo-60-carte-stelvision-365\/","og_locale":"fr_FR","og_type":"article","og_title":"Pack MaksyGo 60 + carte Stelvision 365 : Stelvision","og_description":"Ce pack comprend: le t\u00e9lescope mini-Dobson MaksyGo 60, la carte du ciel tournante\u00a0Stelvision 365 pour rep\u00e9rer les \u00e9toiles et plan\u00e8tes \u00e0 tout moment de l\u2019ann\u00e9e. ... Pack MaksyGo 60 + carte Stelvision 365","og_url":"https:\/\/www.stelvision.com\/astro\/boutique\/pack-maksygo-60-carte-stelvision-365\/","og_site_name":"Stelvision","article_publisher":"https:\/\/www.facebook.com\/people\/Stelvision\/100063368192331\/","article_modified_time":"2026-03-06T16:16:20+00:00","og_image":[{"width":1200,"height":1200,"url":"https:\/\/www.stelvision.com\/astro\/wp-content\/uploads\/2026\/03\/pack-Mak60-S365.webp","type":"image\/webp"}],"twitter_card":"summary_large_image","twitter_misc":{"Dur\u00e9e de lecture estim\u00e9e":"1 minute"},"schema":{"@context":"https:\/\/schema.org","@graph":[{"@type":"WebPage","@id":"https:\/\/www.stelvision.com\/astro\/boutique\/pack-maksygo-60-carte-stelvision-365\/","url":"https:\/\/www.stelvision.com\/astro\/boutique\/pack-maksygo-60-carte-stelvision-365\/","name":"Pack MaksyGo 60 + carte Stelvision 365 : Stelvision","isPartOf":{"@id":"https:\/\/www.stelvision.com\/astro\/#website"},"primaryImageOfPage":{"@id":"https:\/\/www.stelvision.com\/astro\/boutique\/pack-maksygo-60-carte-stelvision-365\/#primaryimage"},"image":{"@id":"https:\/\/www.stelvision.com\/astro\/boutique\/pack-maksygo-60-carte-stelvision-365\/#primaryimage"},"thumbnailUrl":"https:\/\/www.stelvision.com\/astro\/wp-content\/uploads\/2026\/03\/pack-Mak60-S365.webp","datePublished":"2026-03-06T12:12:01+00:00","dateModified":"2026-03-06T16:16:20+00:00","breadcrumb":{"@id":"https:\/\/www.stelvision.com\/astro\/boutique\/pack-maksygo-60-carte-stelvision-365\/#breadcrumb"},"inLanguage":"fr-FR","potentialAction":[{"@type":"ReadAction","target":["https:\/\/www.stelvision.com\/astro\/boutique\/pack-maksygo-60-carte-stelvision-365\/"]}]},{"@type":"ImageObject","inLanguage":"fr-FR","@id":"https:\/\/www.stelvision.com\/astro\/boutique\/pack-maksygo-60-carte-stelvision-365\/#primaryimage","url":"https:\/\/www.stelvision.com\/astro\/wp-content\/uploads\/2026\/03\/pack-Mak60-S365.webp","contentUrl":"https:\/\/www.stelvision.com\/astro\/wp-content\/uploads\/2026\/03\/pack-Mak60-S365.webp","width":1200,"height":1200,"caption":"visuel Pack MaksyGo 60 + carte Stelvision 365"},{"@type":"BreadcrumbList","@id":"https:\/\/www.stelvision.com\/astro\/boutique\/pack-maksygo-60-carte-stelvision-365\/#breadcrumb","itemListElement":[{"@type":"ListItem","position":1,"name":"Accueil","item":"https:\/\/www.stelvision.com\/astro\/"},{"@type":"ListItem","position":2,"name":"La Boutique Stelvision","item":"https:\/\/www.stelvision.com\/astro\/boutique\/"},{"@type":"ListItem","position":3,"name":"Pack MaksyGo 60 + carte Stelvision 365"}]},{"@type":"WebSite","@id":"https:\/\/www.stelvision.com\/astro\/#website","url":"https:\/\/www.stelvision.com\/astro\/","name":"Stelvision","description":"conseils, livres et mat\u00e9riel d&#039;observation du ciel","publisher":{"@id":"https:\/\/www.stelvision.com\/astro\/#organization"},"potentialAction":[{"@type":"SearchAction","target":{"@type":"EntryPoint","urlTemplate":"https:\/\/www.stelvision.com\/astro\/?s={search_term_string}"},"query-input":{"@type":"PropertyValueSpecification","valueRequired":true,"valueName":"search_term_string"}}],"inLanguage":"fr-FR"},{"@type":"Organization","@id":"https:\/\/www.stelvision.com\/astro\/#organization","name":"Stelvision","url":"https:\/\/www.stelvision.com\/astro\/","logo":{"@type":"ImageObject","inLanguage":"fr-FR","@id":"https:\/\/www.stelvision.com\/astro\/#\/schema\/logo\/image\/","url":"https:\/\/www.stelvision.com\/astro\/wp-content\/uploads\/2019\/03\/logo_lisse_bleu_Stelvision_600.png","contentUrl":"https:\/\/www.stelvision.com\/astro\/wp-content\/uploads\/2019\/03\/logo_lisse_bleu_Stelvision_600.png","width":600,"height":277,"caption":"Stelvision"},"image":{"@id":"https:\/\/www.stelvision.com\/astro\/#\/schema\/logo\/image\/"},"sameAs":["https:\/\/www.facebook.com\/people\/Stelvision\/100063368192331\/"]}]}},"_links":{"self":[{"href":"https:\/\/www.stelvision.com\/astro\/wp-json\/wp\/v2\/product\/74484","targetHints":{"allow":["GET"]}}],"collection":[{"href":"https:\/\/www.stelvision.com\/astro\/wp-json\/wp\/v2\/product"}],"about":[{"href":"https:\/\/www.stelvision.com\/astro\/wp-json\/wp\/v2\/types\/product"}],"wp:featuredmedia":[{"embeddable":true,"href":"https:\/\/www.stelvision.com\/astro\/wp-json\/wp\/v2\/media\/74485"}],"wp:attachment":[{"href":"https:\/\/www.stelvision.com\/astro\/wp-json\/wp\/v2\/media?parent=74484"}],"wp:term":[{"taxonomy":"product_brand","embeddable":true,"href":"https:\/\/www.stelvision.com\/astro\/wp-json\/wp\/v2\/product_brand?post=74484"},{"taxonomy":"product_cat","embeddable":true,"href":"https:\/\/www.stelvision.com\/astro\/wp-json\/wp\/v2\/product_cat?post=74484"},{"taxonomy":"product_tag","embeddable":true,"href":"https:\/\/www.stelvision.com\/astro\/wp-json\/wp\/v2\/product_tag?post=74484"}],"curies":[{"name":"wp","href":"https:\/\/api.w.org\/{rel}","templated":true}]}}